{"id":21304,"date":"2025-06-03T05:56:57","date_gmt":"2025-06-03T12:56:57","guid":{"rendered":"https:\/\/plg-pllc.com\/?page_id=21304"},"modified":"2025-06-05T07:09:53","modified_gmt":"2025-06-05T14:09:53","slug":"faqs-who-is-liable-in-a-truck-accident","status":"publish","type":"page","link":"https:\/\/plg-pllc.com\/es\/faqs\/who-is-liable-in-a-truck-accident\/","title":{"rendered":"\u00bfQui\u00e9n es responsable en un accidente de cami\u00f3n?"},"content":{"rendered":"<p><span style=\"font-weight: 400;\">El <\/span><b>Conductor de cami\u00f3n<\/b><span style=\"font-weight: 400;\"> A menudo es responsable en un accidente de cami\u00f3n; sin embargo, otras partes, como el <\/span><b>empresa de camiones<\/b>,<b> fabricantes de piezas<\/b>,<b> u otros conductores<\/b><span style=\"font-weight: 400;\">Puede tener responsabilidad parcial o total. Las circunstancias del accidente influyen decisivamente en la determinaci\u00f3n de la responsabilidad.\u00a0<\/span><\/p>\n<p><span style=\"font-weight: 400;\">Los grandes semirremolques comerciales y los camiones de 18 ruedas pueden causar da\u00f1os graves en accidentes con otros conductores. Determinar qui\u00e9n es responsable.<\/span> <span style=\"font-weight: 400;\">es un paso importante para presentar su reclamo y obtener la compensaci\u00f3n que necesita para recuperarse.\u00a0<\/span><\/p>\n<p><span style=\"font-weight: 400;\">A <\/span><a href=\"https:\/\/plg-pllc.com\/bellevue\/truck-accident-lawyer\/\"><span style=\"font-weight: 400;\">Abogado de accidentes de camiones en Bellevue<\/span><\/a><span style=\"font-weight: 400;\"> Podemos ayudarle a comprender qui\u00e9n es responsable en un accidente de cami\u00f3n. Nuestro equipo ha recuperado m\u00e1s de 100 millones de d\u00f3lares para v\u00edctimas de accidentes lesionadas. Cont\u00e1ctenos hoy mismo para programar una revisi\u00f3n gratuita de su caso y hablar sobre su accidente de cami\u00f3n.\u00a0<\/span><\/p>\n<h2><span style=\"font-weight: 400;\">Cuando el conductor del cami\u00f3n es responsable<\/span><\/h2>\n<p><span style=\"font-weight: 400;\">Es comprensible que el conductor del cami\u00f3n<\/span> <span style=\"font-weight: 400;\">A menudo es la primera persona a la que se atribuye la responsabilidad en un accidente de cami\u00f3n. La mayor\u00eda de los camioneros son profesionales responsables y saben que tienen el deber de operar sus veh\u00edculos con seguridad.<\/span><\/p>\n<p><span style=\"font-weight: 400;\">Si se incumple esta obligaci\u00f3n y le causan un da\u00f1o real, ya sea por lesiones o da\u00f1os econ\u00f3micos, podr\u00edan ser responsables. Basta con un solo conductor peligroso o inexperto para causar da\u00f1os graves. Esto puede incluir casos de:<\/span><\/p>\n<ul>\n<li style=\"font-weight: 400;\" aria-level=\"1\"><span style=\"font-weight: 400;\">Exceso de velocidad y conducci\u00f3n imprudente<\/span><\/li>\n<li style=\"font-weight: 400;\" aria-level=\"1\"><span style=\"font-weight: 400;\">Conducci\u00f3n distra\u00edda<\/span><\/li>\n<li style=\"font-weight: 400;\" aria-level=\"1\"><span style=\"font-weight: 400;\">Ignorar intencional o err\u00f3neamente las leyes de tr\u00e1nsito<\/span><\/li>\n<li style=\"font-weight: 400;\" aria-level=\"1\"><span style=\"font-weight: 400;\">Conducir bajo los efectos del alcohol o las drogas<\/span><\/li>\n<li style=\"font-weight: 400;\" aria-level=\"1\"><span style=\"font-weight: 400;\">Conducir estando excesivamente cansado<\/span><\/li>\n<li style=\"font-weight: 400;\" aria-level=\"1\"><span style=\"font-weight: 400;\">Falta de experiencia<\/span><\/li>\n<\/ul>\n<p><span style=\"font-weight: 400;\">Sin embargo, varias otras partes tambi\u00e9n pueden desempe\u00f1ar un papel en un accidente de cami\u00f3n, siendo la siguiente en importancia la empresa de camiones.\u00a0<\/span><\/p>\n<h2><span style=\"font-weight: 400;\">Cuando la empresa de transporte es responsable<\/span><\/h2>\n<p><span style=\"font-weight: 400;\">La relaci\u00f3n entre una empresa de transporte y un accidente en la carretera es compleja, pero en ciertos casos, la empresa puede ser responsable. Esto incluye <\/span><b>Cuando capacitan inadecuadamente a los conductores<\/b>,<b> no realizar verificaciones de antecedentes<\/b>,<b> o obligar a los conductores a trabajar largas horas sin descansar<\/b><span style=\"font-weight: 400;\">.\u00a0<\/span><\/p>\n<p><span style=\"font-weight: 400;\">La Administraci\u00f3n Federal de Seguridad de Autotransportes (FMCSA) establece y aplica las normas de seguridad para la industria del transporte comercial. El incumplimiento de estas normas puede resultar en sanciones y, en caso de accidente, puede aumentar la responsabilidad de la empresa.<\/span><\/p>\n<p><span style=\"font-weight: 400;\">Si el conductor es un empleado de la empresa de transporte (no un contratista), la empresa puede ser responsable a trav\u00e9s de <\/span><a href=\"https:\/\/legal-dictionary.tfd.com\/Vicarious+liability\" target=\"_blank\" rel=\"noopener\"><span style=\"font-weight: 400;\">responsabilidad indirecta<\/span><\/a><span style=\"font-weight: 400;\"> Cuando el conductor sufre un accidente. Esto puede aplicarse de diferentes maneras, seg\u00fan la jurisdicci\u00f3n.\u00a0<\/span><\/p>\n<h2><span style=\"font-weight: 400;\">Partes responsables adicionales<\/span><\/h2>\n<p><span style=\"font-weight: 400;\">Aunque es menos com\u00fan, su abogado podr\u00eda descubrir otras partes responsables en un accidente de cami\u00f3n. Estas podr\u00edan incluir las siguientes:<\/span><\/p>\n<h3><span style=\"font-weight: 400;\">Cargadores de mercanc\u00edas (transportistas o almacenes)<\/span><\/h3>\n<p><span style=\"font-weight: 400;\">Muchas empresas de transporte no cargan la mercanc\u00eda ellas mismas. Si la parte responsable de la carga, como un transportista, un almac\u00e9n o un proveedor log\u00edstico externo, comete un error, la carga puede quedar desnivelada o sin sujeci\u00f3n. Esto aumenta el riesgo de inestabilidad, vuelcos o tijerazos.<\/span><\/p>\n<h3><span style=\"font-weight: 400;\">Mec\u00e1nicos y proveedores de mantenimiento<\/span><\/h3>\n<p><span style=\"font-weight: 400;\">Si una empresa de transporte conf\u00eda en un mec\u00e1nico o contratista de mantenimiento externo para inspeccionar o reparar su flota, dicha empresa podr\u00eda ser responsable si su negligencia permite que camiones inseguros circulen por la carretera. Esto podr\u00eda provocar fallas como fallas en los frenos, reventones de neum\u00e1ticos o problemas de direcci\u00f3n.<\/span><\/p>\n<h3><span style=\"font-weight: 400;\">Fabricantes de camiones y piezas<\/span><\/h3>\n<p><span style=\"font-weight: 400;\">La empresa automotriz que fabrica el cami\u00f3n o un fabricante de piezas podr\u00eda ser responsable en un accidente de cami\u00f3n si su equipo falla y causa el choque. Esto puede deberse a un defecto de fabricaci\u00f3n, un dise\u00f1o deficiente o un control de calidad inadecuado.<\/span><\/p>\n<h3><span style=\"font-weight: 400;\">Otros conductores o peatones<\/span><\/h3>\n<p><span style=\"font-weight: 400;\">Los conductores de camiones no siempre son responsables en un accidente de cami\u00f3n. Otro conductor, o incluso un peat\u00f3n, puede contribuir o causar la colisi\u00f3n por comportamiento imprudente o negligente. A trav\u00e9s de su investigaci\u00f3n, su abogado descubrir\u00e1 cualquier otra parte implicada.<\/span><\/p>\n<h3><span style=\"font-weight: 400;\">Empresas de construcci\u00f3n<\/span><\/h3>\n<p><span style=\"font-weight: 400;\">La construcci\u00f3n de carreteras puede alterar los patrones de tr\u00e1fico y generar peligros. Si una empresa constructora crea condiciones inseguras, como se\u00f1alizaci\u00f3n inadecuada, demarcaci\u00f3n deficiente de carriles o conos o barreras mal colocados, podr\u00eda ser responsable de los accidentes derivados de dicha negligencia.<\/span><\/p>\n<h3><span style=\"font-weight: 400;\">Entidades gubernamentales<\/span><\/h3>\n<p><span style=\"font-weight: 400;\">En casos excepcionales, el gobierno local o estatal puede ser responsable en accidentes de camiones si permiti\u00f3 malas condiciones en la carretera, no hizo cumplir las leyes de tr\u00e1nsito o si un empleado del gobierno contribuy\u00f3 al accidente.\u00a0<\/span><\/p>\n<p><span style=\"font-weight: 400;\">Sin embargo, demandar a una entidad gubernamental implica procedimientos espec\u00edficos y plazos m\u00e1s cortos, lo que puede hacer que el proceso de reclamaci\u00f3n sea m\u00e1s complejo.<\/span><\/p>\n\n        <div class=\"rs-content-cta long\">\n            <p>Para una consulta legal GRATUITA, llame al <a href=\"tel:+12062851743\">(206) 285-1743 <\/a><\/p>\n            <a href=\"https:\/\/plg-pllc.com\/es\/contact-us\/\" title=\"OBTENGA UNA EVALUACI\u00d3N DE CASO GRATUITA\" class=\"btn-global\">OBTENGA UNA EVALUACI\u00d3N DE CASO GRATUITA<\/a>\n                    <picture>\n                            <source srcset=\"https:\/\/plg-pllc.com\/wp-content\/themes\/plg-pllc-redesign\/assets\/app\/img\/cta-thumb.webp\" type=\"image\/webp\"\/>\n                            <img src=\"https:\/\/plg-pllc.com\/wp-content\/themes\/plg-pllc-redesign\/assets\/app\/img\/cta-thumb.png\" alt=\"Grupo de abogados Premier\" title=\"Grupo de abogados Premier\" width=\"245\" height=\"220\" loading=\"auto\" fetchpriority=\"auto\" decoding=\"async\"\/>\n        <\/picture>\n        \n        <\/div><h2><span style=\"font-weight: 400;\">\u00bfC\u00f3mo se determina la responsabilidad en un accidente de cami\u00f3n?<\/span><\/h2>\n<p><span style=\"font-weight: 400;\">Dado que las partes mencionadas anteriormente son potencialmente responsables de un accidente de cami\u00f3n, establecer la responsabilidad requiere una <\/span><b>investigaci\u00f3n exhaustiva<\/b><span style=\"font-weight: 400;\"> De c\u00f3mo ocurri\u00f3 el accidente y qui\u00e9n contribuy\u00f3 a \u00e9l. Su abogado revisar\u00e1 pruebas como:<\/span><\/p>\n<ul>\n<li style=\"font-weight: 400;\" aria-level=\"1\"><span style=\"font-weight: 400;\">Informes policiales<\/span><\/li>\n<li style=\"font-weight: 400;\" aria-level=\"1\"><span style=\"font-weight: 400;\">Registros de mantenimiento<\/span><\/li>\n<li style=\"font-weight: 400;\" aria-level=\"1\"><span style=\"font-weight: 400;\">Relatos de testigos presenciales<\/span><\/li>\n<li style=\"font-weight: 400;\" aria-level=\"1\"><span style=\"font-weight: 400;\">Datos de caja negra<\/span><\/li>\n<\/ul>\n<p><span style=\"font-weight: 400;\">Los abogados pueden recurrir a profesionales, como expertos en reconstrucci\u00f3n de accidentes, para recrear el incidente. En definitiva, demostrar la responsabilidad significa demostrar que una parte actu\u00f3 con negligencia e incumpli\u00f3 su deber legal de cuidado, lo cual caus\u00f3 directamente el accidente y sus da\u00f1os.<\/span><\/p>\n<h2><span style=\"font-weight: 400;\">Obtenga ayuda con su accidente de cami\u00f3n<\/span><\/h2>\n<p><span style=\"font-weight: 400;\">Si ha tenido un accidente con un cami\u00f3n grande, quiz\u00e1s se pregunte qui\u00e9n es responsable. Si el accidente no fue su culpa, deber\u00e1 presentar una reclamaci\u00f3n a la compa\u00f1\u00eda de seguros de la parte culpable.\u00a0<\/span><\/p>\n<p><span style=\"font-weight: 400;\">Podr\u00eda tener problemas m\u00e9dicos graves que tardar\u00e1n semanas o meses en sanar. Su veh\u00edculo podr\u00eda quedar destruido y no podr\u00eda ir a trabajar para ganar el dinero necesario para llegar a fin de mes.\u00a0<\/span><\/p>\n<p><span style=\"font-weight: 400;\">En Premier Law Group, nuestro equipo cuenta con <\/span><b>M\u00e1s de 55 a\u00f1os de experiencia combinada<\/b><span style=\"font-weight: 400;\"> Defendiendo a las v\u00edctimas de accidentes en el estado de Washington. Cont\u00e1ctenos hoy para una evaluaci\u00f3n gratuita de su caso y descubra c\u00f3mo podemos ayudarle con su accidente de cami\u00f3n.<\/span><\/p>\n\n        <div class=\"rs-content-cta\">\n            <p>Llamar o enviar mensaje de texto <a href=\"tel:+12062851743\">(206) 285-1743<\/a> o complete un formulario de evaluaci\u00f3n de caso gratuito<\/p>\n            <a href=\"https:\/\/plg-pllc.com\/es\/contact-us\/\" title=\"OBTENGA UNA EVALUACI\u00d3N DE CASO GRATUITA\" class=\"btn-global\">OBTENGA UNA EVALUACI\u00d3N DE CASO GRATUITA<\/a>\n                    <picture>\n                            <source srcset=\"https:\/\/plg-pllc.com\/wp-content\/themes\/plg-pllc-redesign\/assets\/app\/img\/cta-thumb.webp\" type=\"image\/webp\"\/>\n                            <img src=\"https:\/\/plg-pllc.com\/wp-content\/themes\/plg-pllc-redesign\/assets\/app\/img\/cta-thumb.png\" alt=\"Grupo de abogados Premier\" title=\"Grupo de abogados Premier\" width=\"245\" height=\"220\" loading=\"auto\" fetchpriority=\"auto\" decoding=\"async\"\/>\n        <\/picture>\n        \n        <\/div>","protected":false},"excerpt":{"rendered":"<p>El conductor del cami\u00f3n suele ser responsable en un accidente de cami\u00f3n; sin embargo, otras partes, como la empresa transportista, los fabricantes de piezas u otros conductores, pueden tener responsabilidad parcial o total. Las circunstancias del accidente influyen significativamente en la determinaci\u00f3n de la responsabilidad. Los grandes semirremolques comerciales y los camiones de 18 ruedas pueden causar da\u00f1os considerables en accidentes con otros conductores.<\/p>","protected":false},"author":59,"featured_media":21305,"parent":20714,"menu_order":0,"comment_status":"closed","ping_status":"closed","template":"","meta":{"_acf_changed":false,"_genesis_hide_title":false,"_genesis_hide_breadcrumbs":false,"_genesis_hide_singular_image":false,"_genesis_hide_footer_widgets":false,"_genesis_custom_body_class":"","_genesis_custom_post_class":"","_genesis_layout":"","footnotes":""},"hc_faqs":[10407],"class_list":{"0":"post-21304","1":"page","2":"type-page","3":"status-publish","4":"has-post-thumbnail","6":"hc_faqs-truck-accident","7":"entry"},"acf":[],"yoast_head":"<!-- This site is optimized with the Yoast SEO plugin v27.2 - https:\/\/yoast.com\/product\/yoast-seo-wordpress\/ -->\n<title>Who Is Liable in a Truck Accident? | Premier Law Group<\/title>\n<meta name=\"description\" content=\"Find out who is liable in a truck accident and how liability is determined after a truck crash.\" \/>\n<meta name=\"robots\" content=\"index, follow, max-snippet:-1, max-image-preview:large, max-video-preview:-1\" \/>\n<link rel=\"canonical\" href=\"https:\/\/plg-pllc.com\/es\/faqs\/who-is-liable-in-a-truck-accident\/\" \/>\n<meta property=\"og:locale\" content=\"es_MX\" \/>\n<meta property=\"og:type\" content=\"article\" \/>\n<meta property=\"og:title\" content=\"Who Is Liable in a Truck Accident? | Premier Law Group\" \/>\n<meta property=\"og:description\" content=\"Find out who is liable in a truck accident and how liability is determined after a truck crash.\" \/>\n<meta property=\"og:url\" content=\"https:\/\/plg-pllc.com\/es\/faqs\/who-is-liable-in-a-truck-accident\/\" \/>\n<meta property=\"og:site_name\" content=\"Premier Law Group\" \/>\n<meta property=\"article:publisher\" content=\"https:\/\/www.facebook.com\/premierlawgroup\" \/>\n<meta property=\"article:modified_time\" content=\"2025-06-05T14:09:53+00:00\" \/>\n<meta property=\"og:image\" content=\"https:\/\/plg-pllc.com\/wp-content\/uploads\/2025\/06\/who-is-liable-in-a-truck-accident.jpg\" \/>\n\t<meta property=\"og:image:width\" content=\"1000\" \/>\n\t<meta property=\"og:image:height\" content=\"662\" \/>\n\t<meta property=\"og:image:type\" content=\"image\/jpeg\" \/>\n<meta name=\"twitter:card\" content=\"summary_large_image\" \/>\n<meta name=\"twitter:site\" content=\"@premierlawgroup\" \/>\n<meta name=\"twitter:label1\" content=\"Tiempo de lectura\" \/>\n\t<meta name=\"twitter:data1\" content=\"5 minutos\" \/>\n<script type=\"application\/ld+json\" class=\"yoast-schema-graph\">{\"@context\":\"https:\/\/schema.org\",\"@graph\":[{\"@type\":\"WebPage\",\"@id\":\"https:\/\/plg-pllc.com\/faqs\/who-is-liable-in-a-truck-accident\/\",\"url\":\"https:\/\/plg-pllc.com\/faqs\/who-is-liable-in-a-truck-accident\/\",\"name\":\"Who Is Liable in a Truck Accident? | Premier Law Group\",\"isPartOf\":{\"@id\":\"https:\/\/plg-pllc.com\/#website\"},\"primaryImageOfPage\":{\"@id\":\"https:\/\/plg-pllc.com\/faqs\/who-is-liable-in-a-truck-accident\/#primaryimage\"},\"image\":{\"@id\":\"https:\/\/plg-pllc.com\/faqs\/who-is-liable-in-a-truck-accident\/#primaryimage\"},\"thumbnailUrl\":\"https:\/\/plg-pllc.com\/wp-content\/uploads\/2025\/06\/who-is-liable-in-a-truck-accident.jpg\",\"datePublished\":\"2025-06-03T12:56:57+00:00\",\"dateModified\":\"2025-06-05T14:09:53+00:00\",\"description\":\"Find out who is liable in a truck accident and how liability is determined after a truck crash.\",\"breadcrumb\":{\"@id\":\"https:\/\/plg-pllc.com\/faqs\/who-is-liable-in-a-truck-accident\/#breadcrumb\"},\"inLanguage\":\"es\",\"potentialAction\":[{\"@type\":\"ReadAction\",\"target\":[\"https:\/\/plg-pllc.com\/faqs\/who-is-liable-in-a-truck-accident\/\"]}]},{\"@type\":\"ImageObject\",\"inLanguage\":\"es\",\"@id\":\"https:\/\/plg-pllc.com\/faqs\/who-is-liable-in-a-truck-accident\/#primaryimage\",\"url\":\"https:\/\/plg-pllc.com\/wp-content\/uploads\/2025\/06\/who-is-liable-in-a-truck-accident.jpg\",\"contentUrl\":\"https:\/\/plg-pllc.com\/wp-content\/uploads\/2025\/06\/who-is-liable-in-a-truck-accident.jpg\",\"width\":1000,\"height\":662,\"caption\":\"A blue passenger car is crushed under a truck, as somewhere the car driver wonders who is liable in a truck accident.\u00a0\"},{\"@type\":\"BreadcrumbList\",\"@id\":\"https:\/\/plg-pllc.com\/faqs\/who-is-liable-in-a-truck-accident\/#breadcrumb\",\"itemListElement\":[{\"@type\":\"ListItem\",\"position\":1,\"name\":\"Home\",\"item\":\"https:\/\/plg-pllc.com\/es\/\"},{\"@type\":\"ListItem\",\"position\":2,\"name\":\"FAQs\",\"item\":\"https:\/\/plg-pllc.com\/es\/faqs\/\"},{\"@type\":\"ListItem\",\"position\":3,\"name\":\"Who Is Liable in a Truck Accident?\"}]},{\"@type\":\"WebSite\",\"@id\":\"https:\/\/plg-pllc.com\/#website\",\"url\":\"https:\/\/plg-pllc.com\/\",\"name\":\"Premier Law Group\",\"description\":\"Washington Wrongful Death and Serious Injury Lawyer\",\"publisher\":{\"@id\":\"https:\/\/plg-pllc.com\/#organization\"},\"inLanguage\":\"es\"},{\"@type\":\"Organization\",\"@id\":\"https:\/\/plg-pllc.com\/#organization\",\"name\":\"Premier Law Group\",\"url\":\"https:\/\/plg-pllc.com\/\",\"logo\":{\"@type\":\"ImageObject\",\"inLanguage\":\"es\",\"@id\":\"https:\/\/plg-pllc.com\/#\/schema\/logo\/image\/\",\"url\":\"https:\/\/plg-pllc.com\/wp-content\/uploads\/2020\/10\/plg-logo-v2.gif\",\"contentUrl\":\"https:\/\/plg-pllc.com\/wp-content\/uploads\/2020\/10\/plg-logo-v2.gif\",\"width\":592,\"height\":191,\"caption\":\"Premier Law Group\"},\"image\":{\"@id\":\"https:\/\/plg-pllc.com\/#\/schema\/logo\/image\/\"},\"sameAs\":[\"https:\/\/www.facebook.com\/premierlawgroup\",\"https:\/\/x.com\/premierlawgroup\"]}]}<\/script>\n<!-- \/ Yoast SEO plugin. -->","yoast_head_json":{"title":"\u00bfQui\u00e9n es responsable en un accidente de cami\u00f3n? | Premier Law Group","description":"Descubra qui\u00e9n es responsable en un accidente de cami\u00f3n y c\u00f3mo se determina la responsabilidad despu\u00e9s de un accidente de cami\u00f3n.","robots":{"index":"index","follow":"follow","max-snippet":"max-snippet:-1","max-image-preview":"max-image-preview:large","max-video-preview":"max-video-preview:-1"},"canonical":"https:\/\/plg-pllc.com\/es\/faqs\/who-is-liable-in-a-truck-accident\/","og_locale":"es_MX","og_type":"article","og_title":"Who Is Liable in a Truck Accident? | Premier Law Group","og_description":"Find out who is liable in a truck accident and how liability is determined after a truck crash.","og_url":"https:\/\/plg-pllc.com\/es\/faqs\/who-is-liable-in-a-truck-accident\/","og_site_name":"Premier Law Group","article_publisher":"https:\/\/www.facebook.com\/premierlawgroup","article_modified_time":"2025-06-05T14:09:53+00:00","og_image":[{"width":1000,"height":662,"url":"https:\/\/plg-pllc.com\/wp-content\/uploads\/2025\/06\/who-is-liable-in-a-truck-accident.jpg","type":"image\/jpeg"}],"twitter_card":"summary_large_image","twitter_site":"@premierlawgroup","twitter_misc":{"Tiempo de lectura":"5 minutos"},"schema":{"@context":"https:\/\/schema.org","@graph":[{"@type":"WebPage","@id":"https:\/\/plg-pllc.com\/faqs\/who-is-liable-in-a-truck-accident\/","url":"https:\/\/plg-pllc.com\/faqs\/who-is-liable-in-a-truck-accident\/","name":"\u00bfQui\u00e9n es responsable en un accidente de cami\u00f3n? | Premier Law Group","isPartOf":{"@id":"https:\/\/plg-pllc.com\/#website"},"primaryImageOfPage":{"@id":"https:\/\/plg-pllc.com\/faqs\/who-is-liable-in-a-truck-accident\/#primaryimage"},"image":{"@id":"https:\/\/plg-pllc.com\/faqs\/who-is-liable-in-a-truck-accident\/#primaryimage"},"thumbnailUrl":"https:\/\/plg-pllc.com\/wp-content\/uploads\/2025\/06\/who-is-liable-in-a-truck-accident.jpg","datePublished":"2025-06-03T12:56:57+00:00","dateModified":"2025-06-05T14:09:53+00:00","description":"Descubra qui\u00e9n es responsable en un accidente de cami\u00f3n y c\u00f3mo se determina la responsabilidad despu\u00e9s de un accidente de cami\u00f3n.","breadcrumb":{"@id":"https:\/\/plg-pllc.com\/faqs\/who-is-liable-in-a-truck-accident\/#breadcrumb"},"inLanguage":"es","potentialAction":[{"@type":"ReadAction","target":["https:\/\/plg-pllc.com\/faqs\/who-is-liable-in-a-truck-accident\/"]}]},{"@type":"ImageObject","inLanguage":"es","@id":"https:\/\/plg-pllc.com\/faqs\/who-is-liable-in-a-truck-accident\/#primaryimage","url":"https:\/\/plg-pllc.com\/wp-content\/uploads\/2025\/06\/who-is-liable-in-a-truck-accident.jpg","contentUrl":"https:\/\/plg-pllc.com\/wp-content\/uploads\/2025\/06\/who-is-liable-in-a-truck-accident.jpg","width":1000,"height":662,"caption":"A blue passenger car is crushed under a truck, as somewhere the car driver wonders who is liable in a truck accident.\u00a0"},{"@type":"BreadcrumbList","@id":"https:\/\/plg-pllc.com\/faqs\/who-is-liable-in-a-truck-accident\/#breadcrumb","itemListElement":[{"@type":"ListItem","position":1,"name":"Home","item":"https:\/\/plg-pllc.com\/es\/"},{"@type":"ListItem","position":2,"name":"FAQs","item":"https:\/\/plg-pllc.com\/es\/faqs\/"},{"@type":"ListItem","position":3,"name":"Who Is Liable in a Truck Accident?"}]},{"@type":"WebSite","@id":"https:\/\/plg-pllc.com\/#website","url":"https:\/\/plg-pllc.com\/","name":"Grupo de abogados Premier","description":"Abogado de muerte por negligencia y lesiones graves en Washington","publisher":{"@id":"https:\/\/plg-pllc.com\/#organization"},"inLanguage":"es"},{"@type":"Organization","@id":"https:\/\/plg-pllc.com\/#organization","name":"Grupo de abogados Premier","url":"https:\/\/plg-pllc.com\/","logo":{"@type":"ImageObject","inLanguage":"es","@id":"https:\/\/plg-pllc.com\/#\/schema\/logo\/image\/","url":"https:\/\/plg-pllc.com\/wp-content\/uploads\/2020\/10\/plg-logo-v2.gif","contentUrl":"https:\/\/plg-pllc.com\/wp-content\/uploads\/2020\/10\/plg-logo-v2.gif","width":592,"height":191,"caption":"Premier Law Group"},"image":{"@id":"https:\/\/plg-pllc.com\/#\/schema\/logo\/image\/"},"sameAs":["https:\/\/www.facebook.com\/premierlawgroup","https:\/\/x.com\/premierlawgroup"]}]}},"_links":{"self":[{"href":"https:\/\/plg-pllc.com\/es\/wp-json\/wp\/v2\/pages\/21304","targetHints":{"allow":["GET"]}}],"collection":[{"href":"https:\/\/plg-pllc.com\/es\/wp-json\/wp\/v2\/pages"}],"about":[{"href":"https:\/\/plg-pllc.com\/es\/wp-json\/wp\/v2\/types\/page"}],"author":[{"embeddable":true,"href":"https:\/\/plg-pllc.com\/es\/wp-json\/wp\/v2\/users\/59"}],"replies":[{"embeddable":true,"href":"https:\/\/plg-pllc.com\/es\/wp-json\/wp\/v2\/comments?post=21304"}],"version-history":[{"count":0,"href":"https:\/\/plg-pllc.com\/es\/wp-json\/wp\/v2\/pages\/21304\/revisions"}],"up":[{"embeddable":true,"href":"https:\/\/plg-pllc.com\/es\/wp-json\/wp\/v2\/pages\/20714"}],"wp:featuredmedia":[{"embeddable":true,"href":"https:\/\/plg-pllc.com\/es\/wp-json\/wp\/v2\/media\/21305"}],"wp:attachment":[{"href":"https:\/\/plg-pllc.com\/es\/wp-json\/wp\/v2\/media?parent=21304"}],"wp:term":[{"taxonomy":"hc_faqs","embeddable":true,"href":"https:\/\/plg-pllc.com\/es\/wp-json\/wp\/v2\/hc_faqs?post=21304"}],"curies":[{"name":"gracias","href":"https:\/\/api.w.org\/{rel}","templated":true}]}}