{"id":21310,"date":"2025-06-03T06:05:32","date_gmt":"2025-06-03T13:05:32","guid":{"rendered":"https:\/\/plg-pllc.com\/?page_id=21310"},"modified":"2025-06-05T07:14:17","modified_gmt":"2025-06-05T14:14:17","slug":"faqs-what-to-do-after-a-truck-accident","status":"publish","type":"page","link":"https:\/\/plg-pllc.com\/es\/faqs\/what-to-do-after-a-truck-accident\/","title":{"rendered":"Qu\u00e9 hacer despu\u00e9s de un accidente de cami\u00f3n"},"content":{"rendered":"<p><span style=\"font-weight: 400;\">Cosas importantes que hacer despu\u00e9s de un accidente de cami\u00f3n incluyen: <\/span><b>buscar atenci\u00f3n m\u00e9dica, documentar la escena, mantener registros extensos y consultar con un abogado<\/b><span style=\"font-weight: 400;\">Las decisiones que tome en las horas y d\u00edas posteriores a su accidente de cami\u00f3n pueden afectar su salud y su situaci\u00f3n legal.\u00a0<\/span><\/p>\n<p><span style=\"font-weight: 400;\">Los camiones comerciales grandes desempe\u00f1an un papel importante en nuestra econom\u00eda, pero tambi\u00e9n representan un peligro cuando son operados por conductores negligentes o inexpertos. Si sufre un accidente con un cami\u00f3n semirremolque o un tr\u00e1iler, podr\u00eda tener derecho a una indemnizaci\u00f3n.\u00a0<\/span><\/p>\n<p><span style=\"font-weight: 400;\">A <\/span><a href=\"https:\/\/plg-pllc.com\/bellevue\/truck-accident-lawyer\/\"><span style=\"font-weight: 400;\">Abogado de accidentes de camiones en Bellevue<\/span><\/a><span style=\"font-weight: 400;\"> Podemos ayudarle a tomar las decisiones correctas para proteger su caso despu\u00e9s de un accidente. Nuestro equipo ha recuperado m\u00e1s de 100 millones de d\u00f3lares para v\u00edctimas de accidentes lesionadas. Llame hoy mismo para programar una revisi\u00f3n gratuita de su caso y cu\u00e9ntenos sobre su accidente de cami\u00f3n.<\/span><\/p>\n<h2><span style=\"font-weight: 400;\">Obtenga atenci\u00f3n m\u00e9dica<\/span><\/h2>\n<p><span style=\"font-weight: 400;\">Lo primero y m\u00e1s importante que debe hacer despu\u00e9s de un accidente de cami\u00f3n es <\/span><b>obtener atenci\u00f3n m\u00e9dica<\/b><span style=\"font-weight: 400;\">Si los param\u00e9dicos llegaron al lugar y quisieron llevarlo a la sala de emergencias, con suerte, usted cumpli\u00f3.\u00a0<\/span><\/p>\n<p><span style=\"font-weight: 400;\">Si no es as\u00ed, consulte a un m\u00e9dico lo antes posible, incluso si se siente bien. Algunas lesiones, como los traumatismos craneoencef\u00e1licos, pueden presentar s\u00edntomas retardados que no aparecen hasta d\u00edas o semanas despu\u00e9s. Consulte con un profesional m\u00e9dico para que aborde sus necesidades de salud.<\/span><\/p>\n<p><span style=\"font-weight: 400;\">Consultar a un m\u00e9dico y cumplir con sus indicaciones tambi\u00e9n crea un registro que refuerza su reclamo de seguro o sirve como evidencia en caso de que sea necesaria una acci\u00f3n legal.\u00a0<\/span><\/p>\n<h2><span style=\"font-weight: 400;\">Presentar una denuncia ante la polic\u00eda<\/span><\/h2>\n<p><span style=\"font-weight: 400;\">En el caso de un accidente grave con un cami\u00f3n comercial, es probable que la polic\u00eda haya llegado al lugar y se encargue del informe. Si no lo hicieron, es prudente... <\/span><b>Presentar un informe dentro de las 24 horas siguientes al incidente<\/b><span style=\"font-weight: 400;\">Un informe policial da credibilidad a su historia y ayuda a identificar a las partes responsables.\u00a0<\/span><\/p>\n<p><span style=\"font-weight: 400;\">De hecho, dependiendo de d\u00f3nde viva, la ley podr\u00eda exigir un informe policial. Por ejemplo, en el estado de Washington, debe informar los da\u00f1os causados por la colisi\u00f3n dentro de los cuatro d\u00edas posteriores al accidente si la polic\u00eda no lleg\u00f3 para documentarlo.\u00a0<\/span><\/p>\n<h2><span style=\"font-weight: 400;\">Hable con un abogado<\/span><\/h2>\n<p><span style=\"font-weight: 400;\">Es una buena idea <\/span><b>Consulte con un abogado de lesiones personales<\/b><span style=\"font-weight: 400;\"> Lo antes posible y antes de que las aseguradoras tengan la oportunidad de contactarlo. Un abogado puede asesorarlo sobre qu\u00e9 hacer despu\u00e9s de un accidente de cami\u00f3n y evitar posibles problemas que podr\u00edan comprometer su situaci\u00f3n legal.<\/span><\/p>\n<p><span style=\"font-weight: 400;\">Por ejemplo, algunas compa\u00f1\u00edas de seguros podr\u00edan contactarte con una oferta de indemnizaci\u00f3n poco despu\u00e9s del accidente de cami\u00f3n. Sin embargo, la oferta podr\u00eda ser mucho menor que el valor real de tu caso. Esperan que no lo sepas y que renuncie a tus derechos por un precio muy bajo.\u00a0<\/span><\/p>\n<p><span style=\"font-weight: 400;\">Un abogado con experiencia sabr\u00e1 el valor de su caso y podr\u00e1 representarlo ante las compa\u00f1\u00edas de seguros. Su abogado puede presentar su reclamaci\u00f3n, evaluar sus da\u00f1os y negociar un acuerdo justo despu\u00e9s de su accidente de cami\u00f3n.<\/span><\/p>\n\n        <div class=\"rs-content-cta long\">\n            <p>Para una consulta legal GRATUITA, llame al <a href=\"tel:+12062851743\">(206) 285-1743 <\/a><\/p>\n            <a href=\"https:\/\/plg-pllc.com\/es\/contact-us\/\" title=\"OBTENGA UNA EVALUACI\u00d3N DE CASO GRATUITA\" class=\"btn-global\">OBTENGA UNA EVALUACI\u00d3N DE CASO GRATUITA<\/a>\n                    <picture>\n                            <source srcset=\"https:\/\/plg-pllc.com\/wp-content\/themes\/plg-pllc-redesign\/assets\/app\/img\/cta-thumb.webp\" type=\"image\/webp\"\/>\n                            <img src=\"https:\/\/plg-pllc.com\/wp-content\/themes\/plg-pllc-redesign\/assets\/app\/img\/cta-thumb.png\" alt=\"Grupo de abogados Premier\" title=\"Grupo de abogados Premier\" width=\"245\" height=\"220\" loading=\"auto\" fetchpriority=\"auto\" decoding=\"async\"\/>\n        <\/picture>\n        \n        <\/div><h2><span style=\"font-weight: 400;\">Contacte a su compa\u00f1\u00eda de seguros<\/span><\/h2>\n<p><span style=\"font-weight: 400;\">No te olvides de <\/span><b>Informe el accidente a su compa\u00f1\u00eda de seguros<\/b><span style=\"font-weight: 400;\">Incluso si no tuviste la culpa. Tu p\u00f3liza suele exigirlo. En estados sin culpa, tu aseguradora puede cubrir los gastos independientemente de qui\u00e9n haya causado el accidente.\u00a0<\/span><\/p>\n<p><span style=\"font-weight: 400;\">Es importante ce\u00f1irse a los hechos al reportar el accidente y no admitir ninguna culpa. T\u00f3mese el tiempo para comprender qu\u00e9 cubre su p\u00f3liza y aseg\u00farese de obtener el n\u00famero de reclamo y la informaci\u00f3n de contacto del ajustador asignado.\u00a0<\/span><\/p>\n<h2><span style=\"font-weight: 400;\">Crear un informe personal<\/span><\/h2>\n<p><span style=\"font-weight: 400;\">Cuanta m\u00e1s informaci\u00f3n pueda proporcionar a su abogado, mejor podr\u00e1 defender sus intereses. Podr\u00eda considerar... <\/span><b>escribir una narrativa<\/b><span style=\"font-weight: 400;\"> de c\u00f3mo ocurri\u00f3 el accidente desde tu perspectiva.\u00a0<\/span><\/p>\n<p><span style=\"font-weight: 400;\">Incluya detalles como la hora del d\u00eda, las condiciones clim\u00e1ticas, las acciones de otros conductores y cualquier otra cosa que se le ocurra.\u00a0<\/span><\/p>\n<p><span style=\"font-weight: 400;\">Si es posible, <\/span><b>tomar una fotograf\u00eda de la escena del accidente<\/b><span style=\"font-weight: 400;\"> y su veh\u00edculo. Recopile los nombres y n\u00fameros de tel\u00e9fono de las personas que presenciaron el accidente. Si bien su abogado realizar\u00e1 una investigaci\u00f3n profesional, su informe podr\u00eda ayudarles a encontrar pruebas que respalden su caso.\u00a0<\/span><\/p>\n<h2><span style=\"font-weight: 400;\">Mantenga registros detallados<\/span><\/h2>\n<p><span style=\"font-weight: 400;\">La cantidad que reciba de su reclamo de seguro depender\u00e1 en gran medida de la gravedad de su accidente y su <\/span><a href=\"https:\/\/legal-dictionary.tfd.com\/Compensatory+Damages\" target=\"_blank\" rel=\"noopener\"><span style=\"font-weight: 400;\">da\u00f1os compensatorios<\/span><\/a><span style=\"font-weight: 400;\">Estos son los costos y gastos en los que ha incurrido debido al accidente de cami\u00f3n, como:<\/span><\/p>\n<ul>\n<li style=\"font-weight: 400;\" aria-level=\"1\"><span style=\"font-weight: 400;\">Tarifas de salas de emergencia y ambulancias<\/span><\/li>\n<li style=\"font-weight: 400;\" aria-level=\"1\"><span style=\"font-weight: 400;\">Atenci\u00f3n m\u00e9dica<\/span><\/li>\n<li style=\"font-weight: 400;\" aria-level=\"1\"><span style=\"font-weight: 400;\">Necesidades m\u00e9dicas futuras<\/span><\/li>\n<li style=\"font-weight: 400;\" aria-level=\"1\"><span style=\"font-weight: 400;\">Medicamentos recetados<\/span><\/li>\n<li style=\"font-weight: 400;\" aria-level=\"1\"><span style=\"font-weight: 400;\">Fisioterapia<\/span><\/li>\n<li style=\"font-weight: 400;\" aria-level=\"1\"><span style=\"font-weight: 400;\">Salarios perdidos<\/span><\/li>\n<li style=\"font-weight: 400;\" aria-level=\"1\"><span style=\"font-weight: 400;\">Rehabilitaci\u00f3n vocacional<\/span><\/li>\n<li style=\"font-weight: 400;\" aria-level=\"1\"><span style=\"font-weight: 400;\">Da\u00f1os a la propiedad<\/span><\/li>\n<\/ul>\n<p><span style=\"font-weight: 400;\">Al realizar un seguimiento de sus facturas y recibos, puede ayudar a su abogado a evaluar con precisi\u00f3n sus dificultades econ\u00f3micas al calcular su <\/span><b>compensaci\u00f3n m\u00e1xima <\/b><span style=\"font-weight: 400;\">Cantidad. Pueden usar esta cifra para su reclamaci\u00f3n y, posteriormente, para negociar un acuerdo justo que cubra sus costos.\u00a0<\/span><\/p>\n<h2><span style=\"font-weight: 400;\">Proteja su informaci\u00f3n<\/span><\/h2>\n<p><span style=\"font-weight: 400;\">Si bien querr\u00e1 mantener a su familia y amigos informados sobre su vida despu\u00e9s del accidente, es importante <\/span><b>evitar compartir demasiada informaci\u00f3n<\/b><span style=\"font-weight: 400;\">Esto es especialmente cierto en las redes sociales, donde otras personas pueden leer lo que publicas.\u00a0<\/span><\/p>\n<p><span style=\"font-weight: 400;\">Algunas compa\u00f1\u00edas de seguros pueden contratar investigadores para rastrearte en l\u00ednea y tomar nota de tus declaraciones. Esperan que digas o hagas algo que puedan usar en tu contra para denegar tu reclamaci\u00f3n. Tambi\u00e9n pueden llamarte fingiendo preocupaci\u00f3n, cuando en realidad buscan informaci\u00f3n.\u00a0<\/span><\/p>\n<p><span style=\"font-weight: 400;\">Evite compartir detalles importantes de su caso en l\u00ednea o minimizar su lesi\u00f3n, aunque solo sea para evitar que la gente se preocupe. Puede dejar la mayor parte de la comunicaci\u00f3n con la compa\u00f1\u00eda de seguros a su abogado.\u00a0<\/span><\/p>\n<h2><span style=\"font-weight: 400;\">Obtenga ayuda despu\u00e9s de un accidente de cami\u00f3n<\/span><\/h2>\n<p><span style=\"font-weight: 400;\">Los camiones enormes y potentes pueden causar da\u00f1os tremendos si se operan de forma irresponsable. \u00bfQu\u00e9 hacer despu\u00e9s de un accidente de cami\u00f3n?<\/span> <span style=\"font-weight: 400;\">Puede garantizar que reciba la atenci\u00f3n m\u00e9dica que necesita lo m\u00e1s r\u00e1pido posible.\u00a0<\/span><\/p>\n<p><span style=\"font-weight: 400;\">Tomar las decisiones correctas despu\u00e9s de su accidente tambi\u00e9n significa proteger su caso legal en caso de que la compa\u00f1\u00eda de seguros de la parte responsable se niegue a pagar su reclamaci\u00f3n. Necesitar\u00e1 hablar con un abogado, quien podr\u00e1 usar su informe m\u00e9dico y otras pruebas para respaldar su reclamaci\u00f3n.\u00a0<\/span><\/p>\n<p><span style=\"font-weight: 400;\">Nuestro equipo en Premier Law Group tiene <\/span><b>M\u00e1s de 55 a\u00f1os de experiencia combinada<\/b><span style=\"font-weight: 400;\"> Defendiendo los derechos de las v\u00edctimas de accidentes. Llame hoy para programar una consulta gratuita y descubrir c\u00f3mo podemos ayudarle.<\/span><\/p>\n\n        <div class=\"rs-content-cta\">\n            <p>Llamar o enviar mensaje de texto <a href=\"tel:+12062851743\">(206) 285-1743<\/a> o complete un formulario de evaluaci\u00f3n de caso gratuito<\/p>\n            <a href=\"https:\/\/plg-pllc.com\/es\/contact-us\/\" title=\"OBTENGA UNA EVALUACI\u00d3N DE CASO GRATUITA\" class=\"btn-global\">OBTENGA UNA EVALUACI\u00d3N DE CASO GRATUITA<\/a>\n                    <picture>\n                            <source srcset=\"https:\/\/plg-pllc.com\/wp-content\/themes\/plg-pllc-redesign\/assets\/app\/img\/cta-thumb.webp\" type=\"image\/webp\"\/>\n                            <img src=\"https:\/\/plg-pllc.com\/wp-content\/themes\/plg-pllc-redesign\/assets\/app\/img\/cta-thumb.png\" alt=\"Grupo de abogados Premier\" title=\"Grupo de abogados Premier\" width=\"245\" height=\"220\" loading=\"auto\" fetchpriority=\"auto\" decoding=\"async\"\/>\n        <\/picture>\n        \n        <\/div>","protected":false},"excerpt":{"rendered":"<p>Tras un accidente de cami\u00f3n, es importante buscar atenci\u00f3n m\u00e9dica, documentar la escena, mantener un registro completo y consultar con un abogado. Las decisiones que tome en las horas y d\u00edas posteriores al accidente pueden afectar su salud y su situaci\u00f3n legal. Los camiones comerciales grandes desempe\u00f1an un papel importante en nuestra econom\u00eda, pero\u2026<\/p>","protected":false},"author":59,"featured_media":21311,"parent":20714,"menu_order":0,"comment_status":"closed","ping_status":"closed","template":"","meta":{"_acf_changed":false,"_genesis_hide_title":false,"_genesis_hide_breadcrumbs":false,"_genesis_hide_singular_image":false,"_genesis_hide_footer_widgets":false,"_genesis_custom_body_class":"","_genesis_custom_post_class":"","_genesis_layout":"","footnotes":""},"hc_faqs":[10407],"class_list":{"0":"post-21310","1":"page","2":"type-page","3":"status-publish","4":"has-post-thumbnail","6":"hc_faqs-truck-accident","7":"entry"},"acf":[],"yoast_head":"<!-- This site is optimized with the Yoast SEO plugin v27.4 - https:\/\/yoast.com\/product\/yoast-seo-wordpress\/ -->\n<title>What to Do After a Truck Accident | Premier Law Group<\/title>\n<meta name=\"description\" content=\"Learn what to do after a truck accident to make sure you get the medical care you need and preserve your legal standing.\" \/>\n<meta name=\"robots\" content=\"index, follow, max-snippet:-1, max-image-preview:large, max-video-preview:-1\" \/>\n<link rel=\"canonical\" href=\"https:\/\/plg-pllc.com\/es\/faqs\/what-to-do-after-a-truck-accident\/\" \/>\n<meta property=\"og:locale\" content=\"es_MX\" \/>\n<meta property=\"og:type\" content=\"article\" \/>\n<meta property=\"og:title\" content=\"What to Do After a Truck Accident | Premier Law Group\" \/>\n<meta property=\"og:description\" content=\"Learn what to do after a truck accident to make sure you get the medical care you need and preserve your legal standing.\" \/>\n<meta property=\"og:url\" content=\"https:\/\/plg-pllc.com\/es\/faqs\/what-to-do-after-a-truck-accident\/\" \/>\n<meta property=\"og:site_name\" content=\"Premier Law Group\" \/>\n<meta property=\"article:publisher\" content=\"https:\/\/www.facebook.com\/premierlawgroup\" \/>\n<meta property=\"article:modified_time\" content=\"2025-06-05T14:14:17+00:00\" \/>\n<meta property=\"og:image\" content=\"https:\/\/plg-pllc.com\/wp-content\/uploads\/2025\/06\/what-to-do-after-a-truck-crash.jpg\" \/>\n\t<meta property=\"og:image:width\" content=\"1000\" \/>\n\t<meta property=\"og:image:height\" content=\"667\" \/>\n\t<meta property=\"og:image:type\" content=\"image\/jpeg\" \/>\n<meta name=\"twitter:card\" content=\"summary_large_image\" \/>\n<meta name=\"twitter:site\" content=\"@premierlawgroup\" \/>\n<meta name=\"twitter:label1\" content=\"Tiempo de lectura\" \/>\n\t<meta name=\"twitter:data1\" content=\"5 minutos\" \/>\n<script type=\"application\/ld+json\" class=\"yoast-schema-graph\">{\"@context\":\"https:\\\/\\\/schema.org\",\"@graph\":[{\"@type\":\"WebPage\",\"@id\":\"https:\\\/\\\/plg-pllc.com\\\/faqs\\\/what-to-do-after-a-truck-accident\\\/\",\"url\":\"https:\\\/\\\/plg-pllc.com\\\/faqs\\\/what-to-do-after-a-truck-accident\\\/\",\"name\":\"What to Do After a Truck Accident | Premier Law Group\",\"isPartOf\":{\"@id\":\"https:\\\/\\\/plg-pllc.com\\\/#website\"},\"primaryImageOfPage\":{\"@id\":\"https:\\\/\\\/plg-pllc.com\\\/faqs\\\/what-to-do-after-a-truck-accident\\\/#primaryimage\"},\"image\":{\"@id\":\"https:\\\/\\\/plg-pllc.com\\\/faqs\\\/what-to-do-after-a-truck-accident\\\/#primaryimage\"},\"thumbnailUrl\":\"https:\\\/\\\/plg-pllc.com\\\/wp-content\\\/uploads\\\/2025\\\/06\\\/what-to-do-after-a-truck-crash.jpg\",\"datePublished\":\"2025-06-03T13:05:32+00:00\",\"dateModified\":\"2025-06-05T14:14:17+00:00\",\"description\":\"Learn what to do after a truck accident to make sure you get the medical care you need and preserve your legal standing.\",\"breadcrumb\":{\"@id\":\"https:\\\/\\\/plg-pllc.com\\\/faqs\\\/what-to-do-after-a-truck-accident\\\/#breadcrumb\"},\"inLanguage\":\"es\",\"potentialAction\":[{\"@type\":\"ReadAction\",\"target\":[\"https:\\\/\\\/plg-pllc.com\\\/faqs\\\/what-to-do-after-a-truck-accident\\\/\"]}]},{\"@type\":\"ImageObject\",\"inLanguage\":\"es\",\"@id\":\"https:\\\/\\\/plg-pllc.com\\\/faqs\\\/what-to-do-after-a-truck-accident\\\/#primaryimage\",\"url\":\"https:\\\/\\\/plg-pllc.com\\\/wp-content\\\/uploads\\\/2025\\\/06\\\/what-to-do-after-a-truck-crash.jpg\",\"contentUrl\":\"https:\\\/\\\/plg-pllc.com\\\/wp-content\\\/uploads\\\/2025\\\/06\\\/what-to-do-after-a-truck-crash.jpg\",\"width\":1000,\"height\":667,\"caption\":\"The aftermath of a truck and car collision, as somewhere the driver of the car wonders what to do after a truck accident.\u00a0\"},{\"@type\":\"BreadcrumbList\",\"@id\":\"https:\\\/\\\/plg-pllc.com\\\/faqs\\\/what-to-do-after-a-truck-accident\\\/#breadcrumb\",\"itemListElement\":[{\"@type\":\"ListItem\",\"position\":1,\"name\":\"Home\",\"item\":\"https:\\\/\\\/plg-pllc.com\\\/es\\\/\"},{\"@type\":\"ListItem\",\"position\":2,\"name\":\"FAQs\",\"item\":\"https:\\\/\\\/plg-pllc.com\\\/es\\\/faqs\\\/\"},{\"@type\":\"ListItem\",\"position\":3,\"name\":\"What to Do After a Truck Accident\"}]},{\"@type\":\"WebSite\",\"@id\":\"https:\\\/\\\/plg-pllc.com\\\/#website\",\"url\":\"https:\\\/\\\/plg-pllc.com\\\/\",\"name\":\"Premier Law Group\",\"description\":\"Washington Wrongful Death and Serious Injury Lawyer\",\"publisher\":{\"@id\":\"https:\\\/\\\/plg-pllc.com\\\/#organization\"},\"inLanguage\":\"es\"},{\"@type\":\"Organization\",\"@id\":\"https:\\\/\\\/plg-pllc.com\\\/#organization\",\"name\":\"Premier Law Group\",\"url\":\"https:\\\/\\\/plg-pllc.com\\\/\",\"logo\":{\"@type\":\"ImageObject\",\"inLanguage\":\"es\",\"@id\":\"https:\\\/\\\/plg-pllc.com\\\/#\\\/schema\\\/logo\\\/image\\\/\",\"url\":\"https:\\\/\\\/plg-pllc.com\\\/wp-content\\\/uploads\\\/2020\\\/10\\\/plg-logo-v2.gif\",\"contentUrl\":\"https:\\\/\\\/plg-pllc.com\\\/wp-content\\\/uploads\\\/2020\\\/10\\\/plg-logo-v2.gif\",\"width\":592,\"height\":191,\"caption\":\"Premier Law Group\"},\"image\":{\"@id\":\"https:\\\/\\\/plg-pllc.com\\\/#\\\/schema\\\/logo\\\/image\\\/\"},\"sameAs\":[\"https:\\\/\\\/www.facebook.com\\\/premierlawgroup\",\"https:\\\/\\\/x.com\\\/premierlawgroup\"]}]}<\/script>\n<!-- \/ Yoast SEO plugin. -->","yoast_head_json":{"title":"Qu\u00e9 hacer despu\u00e9s de un accidente de cami\u00f3n | Premier Law Group","description":"Aprenda qu\u00e9 hacer despu\u00e9s de un accidente de cami\u00f3n para asegurarse de recibir la atenci\u00f3n m\u00e9dica que necesita y preservar su posici\u00f3n legal.","robots":{"index":"index","follow":"follow","max-snippet":"max-snippet:-1","max-image-preview":"max-image-preview:large","max-video-preview":"max-video-preview:-1"},"canonical":"https:\/\/plg-pllc.com\/es\/faqs\/what-to-do-after-a-truck-accident\/","og_locale":"es_MX","og_type":"article","og_title":"What to Do After a Truck Accident | Premier Law Group","og_description":"Learn what to do after a truck accident to make sure you get the medical care you need and preserve your legal standing.","og_url":"https:\/\/plg-pllc.com\/es\/faqs\/what-to-do-after-a-truck-accident\/","og_site_name":"Premier Law Group","article_publisher":"https:\/\/www.facebook.com\/premierlawgroup","article_modified_time":"2025-06-05T14:14:17+00:00","og_image":[{"width":1000,"height":667,"url":"https:\/\/plg-pllc.com\/wp-content\/uploads\/2025\/06\/what-to-do-after-a-truck-crash.jpg","type":"image\/jpeg"}],"twitter_card":"summary_large_image","twitter_site":"@premierlawgroup","twitter_misc":{"Tiempo de lectura":"5 minutos"},"schema":{"@context":"https:\/\/schema.org","@graph":[{"@type":"WebPage","@id":"https:\/\/plg-pllc.com\/faqs\/what-to-do-after-a-truck-accident\/","url":"https:\/\/plg-pllc.com\/faqs\/what-to-do-after-a-truck-accident\/","name":"Qu\u00e9 hacer despu\u00e9s de un accidente de cami\u00f3n | Premier Law Group","isPartOf":{"@id":"https:\/\/plg-pllc.com\/#website"},"primaryImageOfPage":{"@id":"https:\/\/plg-pllc.com\/faqs\/what-to-do-after-a-truck-accident\/#primaryimage"},"image":{"@id":"https:\/\/plg-pllc.com\/faqs\/what-to-do-after-a-truck-accident\/#primaryimage"},"thumbnailUrl":"https:\/\/plg-pllc.com\/wp-content\/uploads\/2025\/06\/what-to-do-after-a-truck-crash.jpg","datePublished":"2025-06-03T13:05:32+00:00","dateModified":"2025-06-05T14:14:17+00:00","description":"Aprenda qu\u00e9 hacer despu\u00e9s de un accidente de cami\u00f3n para asegurarse de recibir la atenci\u00f3n m\u00e9dica que necesita y preservar su posici\u00f3n legal.","breadcrumb":{"@id":"https:\/\/plg-pllc.com\/faqs\/what-to-do-after-a-truck-accident\/#breadcrumb"},"inLanguage":"es","potentialAction":[{"@type":"ReadAction","target":["https:\/\/plg-pllc.com\/faqs\/what-to-do-after-a-truck-accident\/"]}]},{"@type":"ImageObject","inLanguage":"es","@id":"https:\/\/plg-pllc.com\/faqs\/what-to-do-after-a-truck-accident\/#primaryimage","url":"https:\/\/plg-pllc.com\/wp-content\/uploads\/2025\/06\/what-to-do-after-a-truck-crash.jpg","contentUrl":"https:\/\/plg-pllc.com\/wp-content\/uploads\/2025\/06\/what-to-do-after-a-truck-crash.jpg","width":1000,"height":667,"caption":"The aftermath of a truck and car collision, as somewhere the driver of the car wonders what to do after a truck accident.\u00a0"},{"@type":"BreadcrumbList","@id":"https:\/\/plg-pllc.com\/faqs\/what-to-do-after-a-truck-accident\/#breadcrumb","itemListElement":[{"@type":"ListItem","position":1,"name":"Home","item":"https:\/\/plg-pllc.com\/es\/"},{"@type":"ListItem","position":2,"name":"FAQs","item":"https:\/\/plg-pllc.com\/es\/faqs\/"},{"@type":"ListItem","position":3,"name":"What to Do After a Truck Accident"}]},{"@type":"WebSite","@id":"https:\/\/plg-pllc.com\/#website","url":"https:\/\/plg-pllc.com\/","name":"Grupo de abogados Premier","description":"Abogado de muerte por negligencia y lesiones graves en Washington","publisher":{"@id":"https:\/\/plg-pllc.com\/#organization"},"inLanguage":"es"},{"@type":"Organization","@id":"https:\/\/plg-pllc.com\/#organization","name":"Grupo de abogados Premier","url":"https:\/\/plg-pllc.com\/","logo":{"@type":"ImageObject","inLanguage":"es","@id":"https:\/\/plg-pllc.com\/#\/schema\/logo\/image\/","url":"https:\/\/plg-pllc.com\/wp-content\/uploads\/2020\/10\/plg-logo-v2.gif","contentUrl":"https:\/\/plg-pllc.com\/wp-content\/uploads\/2020\/10\/plg-logo-v2.gif","width":592,"height":191,"caption":"Premier Law Group"},"image":{"@id":"https:\/\/plg-pllc.com\/#\/schema\/logo\/image\/"},"sameAs":["https:\/\/www.facebook.com\/premierlawgroup","https:\/\/x.com\/premierlawgroup"]}]}},"_links":{"self":[{"href":"https:\/\/plg-pllc.com\/es\/wp-json\/wp\/v2\/pages\/21310","targetHints":{"allow":["GET"]}}],"collection":[{"href":"https:\/\/plg-pllc.com\/es\/wp-json\/wp\/v2\/pages"}],"about":[{"href":"https:\/\/plg-pllc.com\/es\/wp-json\/wp\/v2\/types\/page"}],"author":[{"embeddable":true,"href":"https:\/\/plg-pllc.com\/es\/wp-json\/wp\/v2\/users\/59"}],"replies":[{"embeddable":true,"href":"https:\/\/plg-pllc.com\/es\/wp-json\/wp\/v2\/comments?post=21310"}],"version-history":[{"count":0,"href":"https:\/\/plg-pllc.com\/es\/wp-json\/wp\/v2\/pages\/21310\/revisions"}],"up":[{"embeddable":true,"href":"https:\/\/plg-pllc.com\/es\/wp-json\/wp\/v2\/pages\/20714"}],"wp:featuredmedia":[{"embeddable":true,"href":"https:\/\/plg-pllc.com\/es\/wp-json\/wp\/v2\/media\/21311"}],"wp:attachment":[{"href":"https:\/\/plg-pllc.com\/es\/wp-json\/wp\/v2\/media?parent=21310"}],"wp:term":[{"taxonomy":"hc_faqs","embeddable":true,"href":"https:\/\/plg-pllc.com\/es\/wp-json\/wp\/v2\/hc_faqs?post=21310"}],"curies":[{"name":"gracias","href":"https:\/\/api.w.org\/{rel}","templated":true}]}}