{"id":21355,"date":"2025-07-14T16:41:39","date_gmt":"2025-07-14T23:41:39","guid":{"rendered":"https:\/\/plg-pllc.com\/?page_id=21355"},"modified":"2025-07-14T16:41:39","modified_gmt":"2025-07-14T23:41:39","slug":"bellevue-sports-injury-lawyer","status":"publish","type":"page","link":"https:\/\/plg-pllc.com\/es\/bellevue\/sports-injury-lawyer\/","title":{"rendered":"Abogado de lesiones deportivas en Bellevue"},"content":{"rendered":"<p><span style=\"font-weight: 400;\">Las lesiones deportivas son comunes y es f\u00e1cil creer que son parte del juego. Si bien esto a veces es cierto, en muchos casos tambi\u00e9n se pueden prevenir. Si usted o su hijo han sufrido una lesi\u00f3n deportiva debido a la negligencia de un tercero, podr\u00edan tener derecho a solicitar una indemnizaci\u00f3n.\u00a0<\/span><\/p>\n<p><span style=\"font-weight: 400;\">Debido a los riesgos inherentes a muchos deportes, podr\u00eda tener dificultades para demostrar su caso y obtener una indemnizaci\u00f3n por da\u00f1os y perjuicios. Nuestros abogados especializados en lesiones deportivas en Bellevue pueden ayudarle a demostrar que su lesi\u00f3n fue causada por las acciones de otra persona, permiti\u00e9ndole recibir la asistencia necesaria.<\/span><\/p>\n<p><span style=\"font-weight: 400;\">En Premier Law Group, nuestro equipo de <\/span><a href=\"https:\/\/plg-pllc.com\/\"><span style=\"font-weight: 400;\">Abogados de lesiones personales en Bellevue<\/span><\/a><span style=\"font-weight: 400;\"> tiene <\/span><b>recuperado m\u00e1s de $100 millones<\/b><span style=\"font-weight: 400;\"> Para v\u00edctimas de lesiones en el estado de Washington. Llame hoy para programar una consulta gratuita y descubrir c\u00f3mo podemos ayudarle con su reclamaci\u00f3n por lesiones deportivas.\u00a0<\/span><\/p>\n<h2>C\u00f3mo pueden ayudarle nuestros abogados<\/h2>\n<p><span style=\"font-weight: 400;\">Siempre es una buena idea <\/span><b>hablar con un abogado<\/b><span style=\"font-weight: 400;\"> Siempre que se lesione y crea que la negligencia de otra persona es responsable. Las lesiones deportivas son dif\u00edciles de probar, y asumir su caso por su cuenta, adem\u00e1s de lidiar con su lesi\u00f3n, puede ser abrumador.\u00a0<\/span><\/p>\n<p><span style=\"font-weight: 400;\">Algunas de las formas en que nuestros abogados de lesiones deportivas de Bellevue pueden ayudarlo con su caso incluyen:<\/span><\/p>\n<h3>Explique su caso<\/h3>\n<p><span style=\"font-weight: 400;\">Bien <\/span><b>revisar su caso<\/b><span style=\"font-weight: 400;\"> y le informaremos sobre sus derechos y opciones para obtener una indemnizaci\u00f3n. En algunas circunstancias, puede presentar una reclamaci\u00f3n ante una compa\u00f1\u00eda de seguros, pero en otras, podr\u00eda tener que presentar una demanda civil.\u00a0\u00a0<\/span><\/p>\n<h3>Identificar a las partes responsables<\/h3>\n<p><span style=\"font-weight: 400;\">Lo haremos <\/span><b>investigar los hechos <\/b><span style=\"font-weight: 400;\">que provoc\u00f3 la lesi\u00f3n para que comprendamos c\u00f3mo ocurri\u00f3. Esto nos ayudar\u00e1 a determinar qui\u00e9n es responsable y c\u00f3mo reclamar una indemnizaci\u00f3n por da\u00f1os y perjuicios en su nombre. En algunos casos, varias partes pueden compartir la responsabilidad de su lesi\u00f3n.\u00a0<\/span><\/p>\n<h3>Determinar la compensaci\u00f3n m\u00e1xima<\/h3>\n<p><span style=\"font-weight: 400;\">Nosotros lo determinaremos <\/span><b>compensaci\u00f3n m\u00e1xima<\/b><span style=\"font-weight: 400;\"> Basado en sus da\u00f1os. Esto generalmente incluye sus gastos m\u00e9dicos, pero tambi\u00e9n puede cubrir aspectos como la p\u00e9rdida de salario si su lesi\u00f3n afect\u00f3 su empleo. En casos excepcionales, podr\u00edamos solicitar una indemnizaci\u00f3n por da\u00f1os no econ\u00f3micos.<\/span><\/p>\n<h3>Maneje su reclamo<\/h3>\n<p><span style=\"font-weight: 400;\">Bien <\/span><b>presentar reclamaciones de seguros<\/b><span style=\"font-weight: 400;\">Nos aseguraremos de que est\u00e9n completos y se env\u00eden a tiempo. Nos encargaremos de la documentaci\u00f3n y los formularios, y nos comunicaremos con la compa\u00f1\u00eda de seguros. Tambi\u00e9n podemos ayudarle a evitar errores comunes, como aceptar una indemnizaci\u00f3n muy baja.\u00a0<\/span><\/p>\n<h3>Negociar un acuerdo<\/h3>\n<p><span style=\"font-weight: 400;\">Bien <\/span><b>negociar con la compa\u00f1\u00eda de seguros <\/b><span style=\"font-weight: 400;\">En su nombre, para obtener un acuerdo que cubra sus da\u00f1os y tenga un impacto positivo en su vida. Idealmente, podemos resolver su reclamo en la mesa de negociaci\u00f3n y evitar un juicio estresante.\u00a0<\/span><\/p>\n<h3>Representarle en la corte<\/h3>\n<p><span style=\"font-weight: 400;\">A veces, la compa\u00f1\u00eda de seguros necesita un incentivo adicional para actuar correctamente. Por otro lado, es posible que la parte responsable no est\u00e9 cubierta por el seguro. En esta situaci\u00f3n, podemos... <\/span><b>presentar una demanda civil <\/b><span style=\"font-weight: 400;\">en su nombre y llevar su caso a los tribunales.\u00a0<\/span><\/p>\n<h2>Tipos comunes de lesiones deportivas<\/h2>\n<p><span style=\"font-weight: 400;\">Si bien es cierto que algunas lesiones son m\u00e1s graves que otras, cualquier lesi\u00f3n que requiera atenci\u00f3n puede resultar en costosas facturas m\u00e9dicas. Estas son algunas de las m\u00e1s... <\/span><b>lesiones deportivas comunes<\/b><span style=\"font-weight: 400;\"> Los atletas experimentan:<\/span><\/p>\n<ul>\n<li style=\"font-weight: 400;\" aria-level=\"1\"><b>Esguinces<\/b><span style=\"font-weight: 400;\"> que afecta los tobillos, las rodillas o las mu\u00f1ecas<\/span><\/li>\n<li style=\"font-weight: 400;\" aria-level=\"1\"><b>Distensiones y desgarros musculares<\/b><span style=\"font-weight: 400;\"> en zonas como los isquiotibiales, las pantorrillas o la ingle<\/span><\/li>\n<li style=\"font-weight: 400;\" aria-level=\"1\"><b>Fracturas \u00f3seas<\/b><span style=\"font-weight: 400;\">, que var\u00edan en gravedad e incluyen fracturas compuestas<\/span><\/li>\n<li style=\"font-weight: 400;\" aria-level=\"1\"><b>Luxaciones en las articulaciones<\/b><span style=\"font-weight: 400;\"> como los hombros, las rodillas y los dedos<\/span><\/li>\n<li style=\"font-weight: 400;\" aria-level=\"1\"><b>Tendinitis y lesiones por uso excesivo<\/b><span style=\"font-weight: 400;\"> a los codos, las rodillas y las mu\u00f1ecas<\/span><\/li>\n<li style=\"font-weight: 400;\" aria-level=\"1\"><b>Conmociones cerebrales <\/b><span style=\"font-weight: 400;\">y el potencial de lesi\u00f3n cerebral traum\u00e1tica<\/span><\/li>\n<li style=\"font-weight: 400;\" aria-level=\"1\"><b>Lesiones de espalda <\/b><span style=\"font-weight: 400;\">como distensiones, hernias discales y fracturas por estr\u00e9s<\/span><\/li>\n<\/ul>\n<p><span style=\"font-weight: 400;\">Si ha sufrido alguna de estas lesiones, no las ignore y trate de superar el dolor. Busque la atenci\u00f3n m\u00e9dica que necesita. Nuestros abogados especializados en lesiones deportivas en Bellevue pueden ayudarle si cree que su lesi\u00f3n se debi\u00f3 a la negligencia de otra persona.\u00a0<\/span><\/p>\n<h2>Causas comunes de lesiones deportivas<\/h2>\n<p><span style=\"font-weight: 400;\">Para establecer un reclamo por lesiones deportivas, su abogado debe demostrar que la parte responsable ten\u00eda un derecho <\/span><a href=\"https:\/\/legal-dictionary.thefreedictionary.com\/duty+of+care\" target=\"_blank\" rel=\"noopener\"><span style=\"font-weight: 400;\">deber de cuidado<\/span><\/a><span style=\"font-weight: 400;\"> y viol\u00f3 ese deber por negligencia.\u00a0<\/span><\/p>\n<p><span style=\"font-weight: 400;\">Tambi\u00e9n deben demostrar que la negligencia caus\u00f3 directamente la lesi\u00f3n y <\/span><b>provoc\u00f3 da\u00f1os<\/b><span style=\"font-weight: 400;\">Algunas causas comunes de lesiones deportivas que pueden calificar incluyen:<\/span><\/p>\n<ul>\n<li style=\"font-weight: 400;\" aria-level=\"1\"><span style=\"font-weight: 400;\">Supervisi\u00f3n inadecuada durante pr\u00e1cticas o eventos<\/span><\/li>\n<li style=\"font-weight: 400;\" aria-level=\"1\"><span style=\"font-weight: 400;\">Campos, canchas y \u00e1reas de juego inseguros<\/span><\/li>\n<li style=\"font-weight: 400;\" aria-level=\"1\"><span style=\"font-weight: 400;\">Equipo defectuoso o inadecuado<\/span><\/li>\n<li style=\"font-weight: 400;\" aria-level=\"1\"><span style=\"font-weight: 400;\">Falta de personal de emergencia capacitado para manejar lesiones<\/span><\/li>\n<li style=\"font-weight: 400;\" aria-level=\"1\"><span style=\"font-weight: 400;\">Entrenadores que obligan a los atletas a entrenar en condiciones inseguras, como calor extremo.<\/span><\/li>\n<li style=\"font-weight: 400;\" aria-level=\"1\"><span style=\"font-weight: 400;\">Entrenadores que ense\u00f1an una t\u00e9cnica deficiente, lo que puede provocar lesiones.<\/span><\/li>\n<li style=\"font-weight: 400;\" aria-level=\"1\"><span style=\"font-weight: 400;\">La contrataci\u00f3n de entrenadores o preparadores no cualificados<\/span><\/li>\n<\/ul>\n\n        <div class=\"rs-content-cta long\">\n            <p>Para una consulta legal GRATUITA con un abogado que atienda a Bellevue, llame al <a href=\"tel:+12062851743\">(206) 285-1743 <\/a><\/p>\n            <a href=\"https:\/\/plg-pllc.com\/es\/contact-us\/\" title=\"OBTENGA UNA EVALUACI\u00d3N DE CASO GRATUITA\" class=\"btn-global\">OBTENGA UNA EVALUACI\u00d3N DE CASO GRATUITA<\/a>\n                    <picture>\n                            <source srcset=\"https:\/\/plg-pllc.com\/wp-content\/themes\/plg-pllc-redesign\/assets\/app\/img\/cta-thumb.webp\" type=\"image\/webp\"\/>\n                            <img src=\"https:\/\/plg-pllc.com\/wp-content\/themes\/plg-pllc-redesign\/assets\/app\/img\/cta-thumb.png\" alt=\"Grupo de abogados Premier\" title=\"Grupo de abogados Premier\" width=\"245\" height=\"220\" loading=\"auto\" fetchpriority=\"auto\" decoding=\"async\"\/>\n        <\/picture>\n        \n        <\/div><h2>Obtenga ayuda de un abogado especializado en lesiones deportivas de Bellevue<\/h2>\n<p><span style=\"font-weight: 400;\">Pocas personas que practican deportes esperan evitar golpes, moretones y dolores musculares. Sin embargo, cuando se producen lesiones graves debido a la negligencia de un entrenador, preparador f\u00edsico, escuela u organizaci\u00f3n, la situaci\u00f3n es completamente distinta. Tienes derecho a tomar medidas.\u00a0<\/span><\/p>\n<p><span style=\"font-weight: 400;\">Su lesi\u00f3n puede requerir una larga recuperaci\u00f3n, requerir atenci\u00f3n m\u00e9dica costosa o afectar otros aspectos de su vida, como su trabajo o estudios. Nuestros abogados especializados en lesiones deportivas en Bellevue pueden ayudarle a obtener la compensaci\u00f3n que necesita para cubrir sus gastos y volver a la actividad deportiva.\u00a0<\/span><\/p>\n<p><span style=\"font-weight: 400;\">Nuestro equipo en Premier Law Group ha ayudado a miles de clientes con sus casos de accidentes y lesiones desde 2001. Cont\u00e1ctenos hoy para programar una revisi\u00f3n de caso GRATUITA y explorar sus opciones legales.<\/span><\/p>\n\n        <div class=\"rs-content-cta\">\n            <p>Llamar o enviar mensaje de texto <a href=\"tel:+12062851743\">(206) 285-1743<\/a> o complete un formulario de evaluaci\u00f3n de caso gratuito<\/p>\n            <a href=\"https:\/\/plg-pllc.com\/es\/contact-us\/\" title=\"OBTENGA UNA EVALUACI\u00d3N DE CASO GRATUITA\" class=\"btn-global\">OBTENGA UNA EVALUACI\u00d3N DE CASO GRATUITA<\/a>\n                    <picture>\n                            <source srcset=\"https:\/\/plg-pllc.com\/wp-content\/themes\/plg-pllc-redesign\/assets\/app\/img\/cta-thumb.webp\" type=\"image\/webp\"\/>\n                            <img src=\"https:\/\/plg-pllc.com\/wp-content\/themes\/plg-pllc-redesign\/assets\/app\/img\/cta-thumb.png\" alt=\"Grupo de abogados Premier\" title=\"Grupo de abogados Premier\" width=\"245\" height=\"220\" loading=\"auto\" fetchpriority=\"auto\" decoding=\"async\"\/>\n        <\/picture>\n        \n        <\/div>","protected":false},"excerpt":{"rendered":"<p>Las lesiones deportivas son comunes y es f\u00e1cil creer que son parte del juego. Si bien esto a veces es cierto, en muchos casos tambi\u00e9n se pueden prevenir. Si usted o su hijo han sufrido una lesi\u00f3n deportiva debido a la negligencia de un tercero, podr\u00edan tener derecho a solicitar una indemnizaci\u00f3n. Debido a\u2026<\/p>","protected":false},"author":60,"featured_media":0,"parent":18067,"menu_order":0,"comment_status":"closed","ping_status":"closed","template":"","meta":{"_acf_changed":false,"_genesis_hide_title":false,"_genesis_hide_breadcrumbs":false,"_genesis_hide_singular_image":false,"_genesis_hide_footer_widgets":false,"_genesis_custom_body_class":"","_genesis_custom_post_class":"","_genesis_layout":"","footnotes":""},"hc_faqs":[],"class_list":{"0":"post-21355","1":"page","2":"type-page","3":"status-publish","5":"hc_city_location-bellevue","6":"entry"},"acf":[],"yoast_head":"<!-- This site is optimized with the Yoast SEO plugin v27.4 - https:\/\/yoast.com\/product\/yoast-seo-wordpress\/ -->\n<title>Sports Injury Lawyer in Bellevue | Free Case Reviews<\/title>\n<meta name=\"description\" content=\"Find out how a Bellevue sports injury lawyer can help when you are hurt due to the negligence of a coach, trainer, or school.\" \/>\n<meta name=\"robots\" content=\"index, follow, max-snippet:-1, max-image-preview:large, max-video-preview:-1\" \/>\n<link rel=\"canonical\" href=\"https:\/\/plg-pllc.com\/es\/bellevue\/sports-injury-lawyer\/\" \/>\n<meta property=\"og:locale\" content=\"es_MX\" \/>\n<meta property=\"og:type\" content=\"article\" \/>\n<meta property=\"og:title\" content=\"Sports Injury Lawyer in Bellevue | Free Case Reviews\" \/>\n<meta property=\"og:description\" content=\"Find out how a Bellevue sports injury lawyer can help when you are hurt due to the negligence of a coach, trainer, or school.\" \/>\n<meta property=\"og:url\" content=\"https:\/\/plg-pllc.com\/es\/bellevue\/sports-injury-lawyer\/\" \/>\n<meta property=\"og:site_name\" content=\"Premier Law Group\" \/>\n<meta property=\"article:publisher\" content=\"https:\/\/www.facebook.com\/premierlawgroup\" \/>\n<meta name=\"twitter:card\" content=\"summary_large_image\" \/>\n<meta name=\"twitter:site\" content=\"@premierlawgroup\" \/>\n<meta name=\"twitter:label1\" content=\"Tiempo de lectura\" \/>\n\t<meta name=\"twitter:data1\" content=\"4 minutos\" \/>\n<script type=\"application\/ld+json\" class=\"yoast-schema-graph\">{\"@context\":\"https:\\\/\\\/schema.org\",\"@graph\":[{\"@type\":\"WebPage\",\"@id\":\"https:\\\/\\\/plg-pllc.com\\\/bellevue\\\/sports-injury-lawyer\\\/\",\"url\":\"https:\\\/\\\/plg-pllc.com\\\/bellevue\\\/sports-injury-lawyer\\\/\",\"name\":\"Sports Injury Lawyer in Bellevue | Free Case Reviews\",\"isPartOf\":{\"@id\":\"https:\\\/\\\/plg-pllc.com\\\/#website\"},\"datePublished\":\"2025-07-14T23:41:39+00:00\",\"description\":\"Find out how a Bellevue sports injury lawyer can help when you are hurt due to the negligence of a coach, trainer, or school.\",\"breadcrumb\":{\"@id\":\"https:\\\/\\\/plg-pllc.com\\\/bellevue\\\/sports-injury-lawyer\\\/#breadcrumb\"},\"inLanguage\":\"es\",\"potentialAction\":[{\"@type\":\"ReadAction\",\"target\":[\"https:\\\/\\\/plg-pllc.com\\\/bellevue\\\/sports-injury-lawyer\\\/\"]}]},{\"@type\":\"BreadcrumbList\",\"@id\":\"https:\\\/\\\/plg-pllc.com\\\/bellevue\\\/sports-injury-lawyer\\\/#breadcrumb\",\"itemListElement\":[{\"@type\":\"ListItem\",\"position\":1,\"name\":\"Home\",\"item\":\"https:\\\/\\\/plg-pllc.com\\\/es\\\/\"},{\"@type\":\"ListItem\",\"position\":2,\"name\":\"Bellevue Personal Injury Lawyer\",\"item\":\"https:\\\/\\\/plg-pllc.com\\\/es\\\/\"},{\"@type\":\"ListItem\",\"position\":3,\"name\":\"Bellevue Sports Injury Lawyer\"}]},{\"@type\":\"WebSite\",\"@id\":\"https:\\\/\\\/plg-pllc.com\\\/#website\",\"url\":\"https:\\\/\\\/plg-pllc.com\\\/\",\"name\":\"Premier Law Group\",\"description\":\"Washington Wrongful Death and Serious Injury Lawyer\",\"publisher\":{\"@id\":\"https:\\\/\\\/plg-pllc.com\\\/#organization\"},\"inLanguage\":\"es\"},{\"@type\":\"Organization\",\"@id\":\"https:\\\/\\\/plg-pllc.com\\\/#organization\",\"name\":\"Premier Law Group\",\"url\":\"https:\\\/\\\/plg-pllc.com\\\/\",\"logo\":{\"@type\":\"ImageObject\",\"inLanguage\":\"es\",\"@id\":\"https:\\\/\\\/plg-pllc.com\\\/#\\\/schema\\\/logo\\\/image\\\/\",\"url\":\"https:\\\/\\\/plg-pllc.com\\\/wp-content\\\/uploads\\\/2020\\\/10\\\/plg-logo-v2.gif\",\"contentUrl\":\"https:\\\/\\\/plg-pllc.com\\\/wp-content\\\/uploads\\\/2020\\\/10\\\/plg-logo-v2.gif\",\"width\":592,\"height\":191,\"caption\":\"Premier Law Group\"},\"image\":{\"@id\":\"https:\\\/\\\/plg-pllc.com\\\/#\\\/schema\\\/logo\\\/image\\\/\"},\"sameAs\":[\"https:\\\/\\\/www.facebook.com\\\/premierlawgroup\",\"https:\\\/\\\/x.com\\\/premierlawgroup\"]}]}<\/script>\n<!-- \/ Yoast SEO plugin. -->","yoast_head_json":{"title":"Abogado de lesiones deportivas en Bellevue | An\u00e1lisis de casos gratuitos","description":"Descubra c\u00f3mo un abogado especializado en lesiones deportivas de Bellevue puede ayudarlo cuando se lesiona debido a la negligencia de un entrenador, preparador f\u00edsico o escuela.","robots":{"index":"index","follow":"follow","max-snippet":"max-snippet:-1","max-image-preview":"max-image-preview:large","max-video-preview":"max-video-preview:-1"},"canonical":"https:\/\/plg-pllc.com\/es\/bellevue\/sports-injury-lawyer\/","og_locale":"es_MX","og_type":"article","og_title":"Sports Injury Lawyer in Bellevue | Free Case Reviews","og_description":"Find out how a Bellevue sports injury lawyer can help when you are hurt due to the negligence of a coach, trainer, or school.","og_url":"https:\/\/plg-pllc.com\/es\/bellevue\/sports-injury-lawyer\/","og_site_name":"Premier Law Group","article_publisher":"https:\/\/www.facebook.com\/premierlawgroup","twitter_card":"summary_large_image","twitter_site":"@premierlawgroup","twitter_misc":{"Tiempo de lectura":"4 minutos"},"schema":{"@context":"https:\/\/schema.org","@graph":[{"@type":"WebPage","@id":"https:\/\/plg-pllc.com\/bellevue\/sports-injury-lawyer\/","url":"https:\/\/plg-pllc.com\/bellevue\/sports-injury-lawyer\/","name":"Abogado de lesiones deportivas en Bellevue | An\u00e1lisis de casos gratuitos","isPartOf":{"@id":"https:\/\/plg-pllc.com\/#website"},"datePublished":"2025-07-14T23:41:39+00:00","description":"Descubra c\u00f3mo un abogado especializado en lesiones deportivas de Bellevue puede ayudarlo cuando se lesiona debido a la negligencia de un entrenador, preparador f\u00edsico o escuela.","breadcrumb":{"@id":"https:\/\/plg-pllc.com\/bellevue\/sports-injury-lawyer\/#breadcrumb"},"inLanguage":"es","potentialAction":[{"@type":"ReadAction","target":["https:\/\/plg-pllc.com\/bellevue\/sports-injury-lawyer\/"]}]},{"@type":"BreadcrumbList","@id":"https:\/\/plg-pllc.com\/bellevue\/sports-injury-lawyer\/#breadcrumb","itemListElement":[{"@type":"ListItem","position":1,"name":"Home","item":"https:\/\/plg-pllc.com\/es\/"},{"@type":"ListItem","position":2,"name":"Bellevue Personal Injury Lawyer","item":"https:\/\/plg-pllc.com\/es\/"},{"@type":"ListItem","position":3,"name":"Bellevue Sports Injury Lawyer"}]},{"@type":"WebSite","@id":"https:\/\/plg-pllc.com\/#website","url":"https:\/\/plg-pllc.com\/","name":"Grupo de abogados Premier","description":"Abogado de muerte por negligencia y lesiones graves en Washington","publisher":{"@id":"https:\/\/plg-pllc.com\/#organization"},"inLanguage":"es"},{"@type":"Organization","@id":"https:\/\/plg-pllc.com\/#organization","name":"Grupo de abogados Premier","url":"https:\/\/plg-pllc.com\/","logo":{"@type":"ImageObject","inLanguage":"es","@id":"https:\/\/plg-pllc.com\/#\/schema\/logo\/image\/","url":"https:\/\/plg-pllc.com\/wp-content\/uploads\/2020\/10\/plg-logo-v2.gif","contentUrl":"https:\/\/plg-pllc.com\/wp-content\/uploads\/2020\/10\/plg-logo-v2.gif","width":592,"height":191,"caption":"Premier Law Group"},"image":{"@id":"https:\/\/plg-pllc.com\/#\/schema\/logo\/image\/"},"sameAs":["https:\/\/www.facebook.com\/premierlawgroup","https:\/\/x.com\/premierlawgroup"]}]}},"_links":{"self":[{"href":"https:\/\/plg-pllc.com\/es\/wp-json\/wp\/v2\/pages\/21355","targetHints":{"allow":["GET"]}}],"collection":[{"href":"https:\/\/plg-pllc.com\/es\/wp-json\/wp\/v2\/pages"}],"about":[{"href":"https:\/\/plg-pllc.com\/es\/wp-json\/wp\/v2\/types\/page"}],"author":[{"embeddable":true,"href":"https:\/\/plg-pllc.com\/es\/wp-json\/wp\/v2\/users\/60"}],"replies":[{"embeddable":true,"href":"https:\/\/plg-pllc.com\/es\/wp-json\/wp\/v2\/comments?post=21355"}],"version-history":[{"count":0,"href":"https:\/\/plg-pllc.com\/es\/wp-json\/wp\/v2\/pages\/21355\/revisions"}],"up":[{"embeddable":true,"href":"https:\/\/plg-pllc.com\/es\/wp-json\/wp\/v2\/pages\/18067"}],"wp:attachment":[{"href":"https:\/\/plg-pllc.com\/es\/wp-json\/wp\/v2\/media?parent=21355"}],"wp:term":[{"taxonomy":"hc_faqs","embeddable":true,"href":"https:\/\/plg-pllc.com\/es\/wp-json\/wp\/v2\/hc_faqs?post=21355"}],"curies":[{"name":"gracias","href":"https:\/\/api.w.org\/{rel}","templated":true}]}}