{"id":21358,"date":"2025-07-17T15:31:19","date_gmt":"2025-07-17T22:31:19","guid":{"rendered":"https:\/\/plg-pllc.com\/?page_id=21358"},"modified":"2025-07-17T15:31:19","modified_gmt":"2025-07-17T22:31:19","slug":"renton-dog-bite-lawyer","status":"publish","type":"page","link":"https:\/\/plg-pllc.com\/es\/renton\/dog-bite-lawyer\/","title":{"rendered":"Abogado de mordeduras de perro en Renton"},"content":{"rendered":"<p><span style=\"font-weight: 400;\">Nuestra sociedad adora a los perros, pero si te ha mordido uno, puede que no seas uno de sus mayores fan\u00e1ticos en este momento. Las mordeduras de perro pueden causar dolor y costosa atenci\u00f3n m\u00e9dica. Sus lesiones podr\u00edan causar cicatrices permanentes o desfiguraci\u00f3n. En algunos casos, un ataque de perro puede resultar en la muerte.\u00a0\u00a0<\/span><\/p>\n<p><span style=\"font-weight: 400;\">Cuando un perro muerde a alguien, es probable que haya una persona presente que podr\u00eda haberlo evitado. Puede responsabilizar al due\u00f1o negligente de su mascota por los da\u00f1os causados por su perro, y nuestros abogados especializados en mordeduras de perro en Renton pueden ayudarle a obtener la compensaci\u00f3n que necesita para seguir adelante.\u00a0<\/span><\/p>\n<p><span style=\"font-weight: 400;\">Nuestro equipo de abogados expertos en Premier Law Group tiene <\/span><b>recuperado m\u00e1s de $100 millones <\/b><span style=\"font-weight: 400;\">en premios y acuerdos para clientes lesionados desde 2001. Cont\u00e1ctenos hoy para una revisi\u00f3n de caso GRATUITA para descubrir c\u00f3mo nuestro <\/span><a href=\"https:\/\/plg-pllc.com\/renton\/personal-injury-lawyer\/\"><span style=\"font-weight: 400;\">Abogados de lesiones personales en Renton<\/span><\/a><span style=\"font-weight: 400;\"> Puede ayudarle con su caso de mordedura de perro.<\/span><\/p>\n<h2>\u00bfQui\u00e9n es responsable cuando un perro muerde a alguien?<\/h2>\n<p><span style=\"font-weight: 400;\">En el estado de Washington, <\/span><b>Los due\u00f1os de perros generalmente son responsables<\/b><span style=\"font-weight: 400;\"> Si su perro muerde a alguien. Nuestros abogados especializados en mordeduras de perro en Renton investigar\u00e1n su accidente para determinar qu\u00e9 sucedi\u00f3 y qui\u00e9n es el responsable. En algunos casos, la responsabilidad puede extenderse a otras partes, como:<\/span><\/p>\n<ul>\n<li style=\"font-weight: 400;\" aria-level=\"1\"><span style=\"font-weight: 400;\">Un paseador de perros o cuidador de mascotas que no logr\u00f3 controlar al animal<\/span><\/li>\n<li style=\"font-weight: 400;\" aria-level=\"1\"><span style=\"font-weight: 400;\">Un propietario que a sabiendas permiti\u00f3 que un perro peligroso estuviera en la propiedad.<\/span><\/li>\n<li style=\"font-weight: 400;\" aria-level=\"1\"><span style=\"font-weight: 400;\">Una empresa, como una peluquer\u00eda canina cuya negligencia provoc\u00f3 un ataque<\/span><\/li>\n<li style=\"font-weight: 400;\" aria-level=\"1\"><span style=\"font-weight: 400;\">Padres, si el due\u00f1o del perro es menor de edad<\/span><\/li>\n<\/ul>\n<p><span style=\"font-weight: 400;\">Es importante reconocer que el comportamiento de la v\u00edctima tambi\u00e9n influye en la responsabilidad. Por ejemplo, burlarse o herir al perro podr\u00eda desencadenar el ataque. En tales situaciones, el due\u00f1o de la mascota podr\u00eda no ser considerado responsable de la mordedura.<\/span><\/p>\n<h2>\u00bfQu\u00e9 debes hacer despu\u00e9s de una mordedura de perro?<\/h2>\n<p><span style=\"font-weight: 400;\">Tras una mordedura de perro, puede tomar medidas importantes para proteger su salud y su situaci\u00f3n legal. Estas incluyen:<\/span><\/p>\n<h3>Obtenga atenci\u00f3n m\u00e9dica<\/h3>\n<p><span style=\"font-weight: 400;\">Ojal\u00e1 te hayas tomado el tiempo de cuidar adecuadamente tu herida despu\u00e9s de la mordedura del perro. Si a\u00fan no lo has hecho, ve y...<\/span><b> ver a un m\u00e9dico<\/b><span style=\"font-weight: 400;\"> Tambi\u00e9n. La mordedura podr\u00eda requerir puntos de sutura y antibi\u00f3ticos para evitar una infecci\u00f3n. Siga las indicaciones de su m\u00e9dico para asegurarse de que se recupera bien.<\/span><\/p>\n<p><span style=\"font-weight: 400;\">Cuando consulta con un m\u00e9dico, tambi\u00e9n crea un registro de sus lesiones. Esto puede ser importante si necesita presentar una demanda o si la compa\u00f1\u00eda de seguros cuestiona la gravedad de sus lesiones. Su historial m\u00e9dico puede ser una prueba esencial.\u00a0<\/span><\/p>\n<h3>Contacte a un abogado<\/h3>\n<p><span style=\"font-weight: 400;\">Contacte a nuestros abogados especializados en mordeduras de perro en Renton lo antes posible despu\u00e9s del incidente. Podemos ponernos manos a la obra para investigar el ataque, identificar a los responsables y presentar demandas. <\/span><b>recuperar la indemnizaci\u00f3n<\/b><span style=\"font-weight: 400;\"> por tus lesiones.\u00a0<\/span><\/p>\n<p><span style=\"font-weight: 400;\">Una compa\u00f1\u00eda de seguros podr\u00eda intentar convencerlo de aceptar un acuerdo anticipado muy por debajo del valor de su caso, o tomar otras medidas para denegar o retrasar su reclamaci\u00f3n. Conocemos sus estrategias y no vamos a permitir que se aprovechen de usted.\u00a0<\/span><\/p>\n<h3>Reportar el ataque<\/h3>\n<p><span style=\"font-weight: 400;\">Para mordeduras de perros dentro de los l\u00edmites de la ciudad de Renton, informe su incidente al Departamento de Renton. <\/span><a href=\"https:\/\/www.rentonwa.gov\/Government\/Departments-and-Offices\/Police\/Police-Services\/Animal-Control#:~:text=Investigate%20and%20enforce%20noise%20violations,deceased%20animal%20on%20the%20roadway\" target=\"_blank\" rel=\"noopener\"><span style=\"font-weight: 400;\">Control de animales<\/span><\/a><span style=\"font-weight: 400;\">De esta manera se garantiza que haya un registro del ataque y que se puedan tomar medidas si es necesario.\u00a0<\/span><\/p>\n<p><span style=\"font-weight: 400;\">Las circunstancias del ataque de su perro tambi\u00e9n pueden justificarlo. <\/span><b>intervenci\u00f3n policial<\/b><span style=\"font-weight: 400;\">Por ejemplo, si una persona entren\u00f3 a su perro para morder y le orden\u00f3 que lo atacara, podr\u00eda enfrentar cargos criminales por sus acciones.\u00a0<\/span><\/p>\n<h3>Mantenga notas detalladas<\/h3>\n<p><span style=\"font-weight: 400;\">Registrar detalles importantes de su caso puede ayudarle a recordarlos m\u00e1s adelante y a que su abogado comprenda mejor lo sucedido. Le recomendamos anotar aspectos como:<\/span><\/p>\n<ul>\n<li style=\"font-weight: 400;\" aria-level=\"1\"><span style=\"font-weight: 400;\">Cu\u00e1ndo y d\u00f3nde ocurri\u00f3 el ataque<\/span><\/li>\n<li style=\"font-weight: 400;\" aria-level=\"1\"><span style=\"font-weight: 400;\">\u00bfQui\u00e9n estuvo presente?<\/span><\/li>\n<li style=\"font-weight: 400;\" aria-level=\"1\"><span style=\"font-weight: 400;\">\u00bfQu\u00e9 estabas haciendo en el momento de la mordedura?<\/span><\/li>\n<li style=\"font-weight: 400;\" aria-level=\"1\"><span style=\"font-weight: 400;\">El nombre y la direcci\u00f3n de la persona que cree que es due\u00f1a del perro<\/span><\/li>\n<li style=\"font-weight: 400;\" aria-level=\"1\"><span style=\"font-weight: 400;\">Gastos y costes incurridos a causa del atentado<\/span><\/li>\n<\/ul>\n<h2>\u00bfEs necesario demandar al due\u00f1o por una mordedura de perro?<\/h2>\n<p><span style=\"font-weight: 400;\">No siempre es necesario demandar al due\u00f1o del perro tras una mordedura, pero seg\u00fan las circunstancias, podr\u00eda ser necesario demandarlo. En muchos casos, las reclamaciones por mordedura de perro se gestionan primero a trav\u00e9s del seguro de vivienda o de inquilinos del due\u00f1o.\u00a0<\/span><\/p>\n<p><span style=\"font-weight: 400;\">Si la compa\u00f1\u00eda de seguros acepta el reclamo y ofrece una <\/span><b>acuerdo justo<\/b><span style=\"font-weight: 400;\">Quiz\u00e1s no sea necesario acudir a los tribunales. Sin embargo, si el due\u00f1o del perro no est\u00e1 asegurado, se deniega la reclamaci\u00f3n o fracasan las negociaciones, podr\u00eda ser necesario presentar una demanda.\u00a0<\/span><\/p>\n<p><span style=\"font-weight: 400;\">Nuestros abogados especializados en mordeduras de perro pueden presentar su reclamaci\u00f3n, gestionar la comunicaci\u00f3n con la compa\u00f1\u00eda de seguros y negociar un acuerdo para obtener la m\u00e1xima indemnizaci\u00f3n. De ser necesario, podemos presentar una demanda en su nombre y llevar su caso a los tribunales.\u00a0<\/span><\/p>\n\n        <div class=\"rs-content-cta long\">\n            <p>Para una consulta legal GRATUITA con un abogado especializado en mordeduras de perro que atiende en Renton, llame al <a href=\"tel:+12062851743\">(206) 285-1743 <\/a><\/p>\n            <a href=\"https:\/\/plg-pllc.com\/es\/contact-us\/\" title=\"OBTENGA UNA EVALUACI\u00d3N DE CASO GRATUITA\" class=\"btn-global\">OBTENGA UNA EVALUACI\u00d3N DE CASO GRATUITA<\/a>\n                    <picture>\n                            <source srcset=\"https:\/\/plg-pllc.com\/wp-content\/themes\/plg-pllc-redesign\/assets\/app\/img\/cta-thumb.webp\" type=\"image\/webp\"\/>\n                            <img src=\"https:\/\/plg-pllc.com\/wp-content\/themes\/plg-pllc-redesign\/assets\/app\/img\/cta-thumb.png\" alt=\"Grupo de abogados Premier\" title=\"Grupo de abogados Premier\" width=\"245\" height=\"220\" loading=\"auto\" fetchpriority=\"auto\" decoding=\"async\"\/>\n        <\/picture>\n        \n        <\/div><h2>Obtenga ayuda de un abogado especializado en mordeduras de perro en Renton<\/h2>\n<p><span style=\"font-weight: 400;\">Puede que a\u00fan ames a los perros, incluso si te has topado con uno que no te correspondi\u00f3. Los perros pueden morder si est\u00e1n asustados, mal entrenados o desatendidos. Lamentablemente, algunas personas entrenan a sus perros para que se comporten agresivamente. Si un perro te ha mordido, probablemente haya un humano responsable.\u00a0<\/span><\/p>\n<p><span style=\"font-weight: 400;\">Los due\u00f1os de perros tienen el deber de garantizar que las personas est\u00e9n a salvo de sus mascotas. Nuestro <\/span><b>Abogados de mordeduras de perro en Renton<\/b><span style=\"font-weight: 400;\"> Puede ayudarle a buscar una compensaci\u00f3n de un due\u00f1o de mascota negligente que no control\u00f3 a su perro o que no lo mantuvo fuera de situaciones en las que podr\u00eda causarle da\u00f1o.\u00a0<\/span><\/p>\n<p><span style=\"font-weight: 400;\">En Premier Law Group, nuestros abogados tienen<\/span><b> M\u00e1s de 55 a\u00f1os de experiencia combinada<\/b><span style=\"font-weight: 400;\"> Defendiendo los derechos de las v\u00edctimas lesionadas en el estado de Washington. Llame hoy para programar una consulta gratuita y cu\u00e9ntenos su historia.\u00a0<\/span><\/p>\n\n        <div class=\"rs-content-cta\">\n            <p>Llamar o enviar mensaje de texto <a href=\"tel:+12062851743\">(206) 285-1743<\/a> o complete un formulario de evaluaci\u00f3n de caso gratuito<\/p>\n            <a href=\"https:\/\/plg-pllc.com\/es\/contact-us\/\" title=\"OBTENGA UNA EVALUACI\u00d3N DE CASO GRATUITA\" class=\"btn-global\">OBTENGA UNA EVALUACI\u00d3N DE CASO GRATUITA<\/a>\n                    <picture>\n                            <source srcset=\"https:\/\/plg-pllc.com\/wp-content\/themes\/plg-pllc-redesign\/assets\/app\/img\/cta-thumb.webp\" type=\"image\/webp\"\/>\n                            <img src=\"https:\/\/plg-pllc.com\/wp-content\/themes\/plg-pllc-redesign\/assets\/app\/img\/cta-thumb.png\" alt=\"Grupo de abogados Premier\" title=\"Grupo de abogados Premier\" width=\"245\" height=\"220\" loading=\"auto\" fetchpriority=\"auto\" decoding=\"async\"\/>\n        <\/picture>\n        \n        <\/div>","protected":false},"excerpt":{"rendered":"<p>Nuestra sociedad ama a los perros, pero si te ha mordido uno, puede que no seas uno de sus mayores fan\u00e1ticos en este momento. Las mordeduras de perro pueden causar dolor y costosa atenci\u00f3n m\u00e9dica. Sus lesiones podr\u00edan causar cicatrices permanentes o desfiguraci\u00f3n. En algunos casos, un ataque de perro puede resultar en la muerte. Cuando un perro muerde a alguien, las probabilidades...<\/p>","protected":false},"author":60,"featured_media":0,"parent":15618,"menu_order":0,"comment_status":"closed","ping_status":"closed","template":"","meta":{"_acf_changed":false,"_genesis_hide_title":false,"_genesis_hide_breadcrumbs":false,"_genesis_hide_singular_image":false,"_genesis_hide_footer_widgets":false,"_genesis_custom_body_class":"","_genesis_custom_post_class":"","_genesis_layout":"","footnotes":""},"hc_faqs":[],"class_list":{"0":"post-21358","1":"page","2":"type-page","3":"status-publish","5":"hc_city_location-renton","6":"entry"},"acf":[],"yoast_head":"<!-- This site is optimized with the Yoast SEO plugin v27.4 - https:\/\/yoast.com\/product\/yoast-seo-wordpress\/ -->\n<title>Dog Bite Lawyer in Renton | Free Consultations<\/title>\n<meta name=\"description\" content=\"Find out how a Renton dog bite lawyer can help you get the compensation you deserve when a negligent pet owner fails to control their dog.\" \/>\n<meta name=\"robots\" content=\"index, follow, max-snippet:-1, max-image-preview:large, max-video-preview:-1\" \/>\n<link rel=\"canonical\" href=\"https:\/\/plg-pllc.com\/es\/renton\/dog-bite-lawyer\/\" \/>\n<meta property=\"og:locale\" content=\"es_MX\" \/>\n<meta property=\"og:type\" content=\"article\" \/>\n<meta property=\"og:title\" content=\"Dog Bite Lawyer in Renton | Free Consultations\" \/>\n<meta property=\"og:description\" content=\"Find out how a Renton dog bite lawyer can help you get the compensation you deserve when a negligent pet owner fails to control their dog.\" \/>\n<meta property=\"og:url\" content=\"https:\/\/plg-pllc.com\/es\/renton\/dog-bite-lawyer\/\" \/>\n<meta property=\"og:site_name\" content=\"Premier Law Group\" \/>\n<meta property=\"article:publisher\" content=\"https:\/\/www.facebook.com\/premierlawgroup\" \/>\n<meta name=\"twitter:card\" content=\"summary_large_image\" \/>\n<meta name=\"twitter:site\" content=\"@premierlawgroup\" \/>\n<meta name=\"twitter:label1\" content=\"Tiempo de lectura\" \/>\n\t<meta name=\"twitter:data1\" content=\"4 minutos\" \/>\n<script type=\"application\/ld+json\" class=\"yoast-schema-graph\">{\"@context\":\"https:\\\/\\\/schema.org\",\"@graph\":[{\"@type\":\"WebPage\",\"@id\":\"https:\\\/\\\/plg-pllc.com\\\/renton\\\/dog-bite-lawyer\\\/\",\"url\":\"https:\\\/\\\/plg-pllc.com\\\/renton\\\/dog-bite-lawyer\\\/\",\"name\":\"Dog Bite Lawyer in Renton | Free Consultations\",\"isPartOf\":{\"@id\":\"https:\\\/\\\/plg-pllc.com\\\/#website\"},\"datePublished\":\"2025-07-17T22:31:19+00:00\",\"description\":\"Find out how a Renton dog bite lawyer can help you get the compensation you deserve when a negligent pet owner fails to control their dog.\",\"breadcrumb\":{\"@id\":\"https:\\\/\\\/plg-pllc.com\\\/renton\\\/dog-bite-lawyer\\\/#breadcrumb\"},\"inLanguage\":\"es\",\"potentialAction\":[{\"@type\":\"ReadAction\",\"target\":[\"https:\\\/\\\/plg-pllc.com\\\/renton\\\/dog-bite-lawyer\\\/\"]}]},{\"@type\":\"BreadcrumbList\",\"@id\":\"https:\\\/\\\/plg-pllc.com\\\/renton\\\/dog-bite-lawyer\\\/#breadcrumb\",\"itemListElement\":[{\"@type\":\"ListItem\",\"position\":1,\"name\":\"Home\",\"item\":\"https:\\\/\\\/plg-pllc.com\\\/es\\\/\"},{\"@type\":\"ListItem\",\"position\":2,\"name\":\"Renton Personal Injury Lawyer\",\"item\":\"https:\\\/\\\/plg-pllc.com\\\/es\\\/renton\\\/personal-injury-lawyer\\\/\"},{\"@type\":\"ListItem\",\"position\":3,\"name\":\"Renton Dog Bite Lawyer\"}]},{\"@type\":\"WebSite\",\"@id\":\"https:\\\/\\\/plg-pllc.com\\\/#website\",\"url\":\"https:\\\/\\\/plg-pllc.com\\\/\",\"name\":\"Premier Law Group\",\"description\":\"Washington Wrongful Death and Serious Injury Lawyer\",\"publisher\":{\"@id\":\"https:\\\/\\\/plg-pllc.com\\\/#organization\"},\"inLanguage\":\"es\"},{\"@type\":\"Organization\",\"@id\":\"https:\\\/\\\/plg-pllc.com\\\/#organization\",\"name\":\"Premier Law Group\",\"url\":\"https:\\\/\\\/plg-pllc.com\\\/\",\"logo\":{\"@type\":\"ImageObject\",\"inLanguage\":\"es\",\"@id\":\"https:\\\/\\\/plg-pllc.com\\\/#\\\/schema\\\/logo\\\/image\\\/\",\"url\":\"https:\\\/\\\/plg-pllc.com\\\/wp-content\\\/uploads\\\/2020\\\/10\\\/plg-logo-v2.gif\",\"contentUrl\":\"https:\\\/\\\/plg-pllc.com\\\/wp-content\\\/uploads\\\/2020\\\/10\\\/plg-logo-v2.gif\",\"width\":592,\"height\":191,\"caption\":\"Premier Law Group\"},\"image\":{\"@id\":\"https:\\\/\\\/plg-pllc.com\\\/#\\\/schema\\\/logo\\\/image\\\/\"},\"sameAs\":[\"https:\\\/\\\/www.facebook.com\\\/premierlawgroup\",\"https:\\\/\\\/x.com\\\/premierlawgroup\"]}]}<\/script>\n<!-- \/ Yoast SEO plugin. -->","yoast_head_json":{"title":"Abogado especializado en mordeduras de perro en Renton | Consultas gratuitas","description":"Descubra c\u00f3mo un abogado especializado en mordeduras de perro de Renton puede ayudarlo a obtener la compensaci\u00f3n que se merece cuando un due\u00f1o de mascota negligente no controla a su perro.","robots":{"index":"index","follow":"follow","max-snippet":"max-snippet:-1","max-image-preview":"max-image-preview:large","max-video-preview":"max-video-preview:-1"},"canonical":"https:\/\/plg-pllc.com\/es\/renton\/dog-bite-lawyer\/","og_locale":"es_MX","og_type":"article","og_title":"Dog Bite Lawyer in Renton | Free Consultations","og_description":"Find out how a Renton dog bite lawyer can help you get the compensation you deserve when a negligent pet owner fails to control their dog.","og_url":"https:\/\/plg-pllc.com\/es\/renton\/dog-bite-lawyer\/","og_site_name":"Premier Law Group","article_publisher":"https:\/\/www.facebook.com\/premierlawgroup","twitter_card":"summary_large_image","twitter_site":"@premierlawgroup","twitter_misc":{"Tiempo de lectura":"4 minutos"},"schema":{"@context":"https:\/\/schema.org","@graph":[{"@type":"WebPage","@id":"https:\/\/plg-pllc.com\/renton\/dog-bite-lawyer\/","url":"https:\/\/plg-pllc.com\/renton\/dog-bite-lawyer\/","name":"Abogado especializado en mordeduras de perro en Renton | Consultas gratuitas","isPartOf":{"@id":"https:\/\/plg-pllc.com\/#website"},"datePublished":"2025-07-17T22:31:19+00:00","description":"Descubra c\u00f3mo un abogado especializado en mordeduras de perro de Renton puede ayudarlo a obtener la compensaci\u00f3n que se merece cuando un due\u00f1o de mascota negligente no controla a su perro.","breadcrumb":{"@id":"https:\/\/plg-pllc.com\/renton\/dog-bite-lawyer\/#breadcrumb"},"inLanguage":"es","potentialAction":[{"@type":"ReadAction","target":["https:\/\/plg-pllc.com\/renton\/dog-bite-lawyer\/"]}]},{"@type":"BreadcrumbList","@id":"https:\/\/plg-pllc.com\/renton\/dog-bite-lawyer\/#breadcrumb","itemListElement":[{"@type":"ListItem","position":1,"name":"Home","item":"https:\/\/plg-pllc.com\/es\/"},{"@type":"ListItem","position":2,"name":"Renton Personal Injury Lawyer","item":"https:\/\/plg-pllc.com\/es\/renton\/personal-injury-lawyer\/"},{"@type":"ListItem","position":3,"name":"Renton Dog Bite Lawyer"}]},{"@type":"WebSite","@id":"https:\/\/plg-pllc.com\/#website","url":"https:\/\/plg-pllc.com\/","name":"Grupo de abogados Premier","description":"Abogado de muerte por negligencia y lesiones graves en Washington","publisher":{"@id":"https:\/\/plg-pllc.com\/#organization"},"inLanguage":"es"},{"@type":"Organization","@id":"https:\/\/plg-pllc.com\/#organization","name":"Grupo de abogados Premier","url":"https:\/\/plg-pllc.com\/","logo":{"@type":"ImageObject","inLanguage":"es","@id":"https:\/\/plg-pllc.com\/#\/schema\/logo\/image\/","url":"https:\/\/plg-pllc.com\/wp-content\/uploads\/2020\/10\/plg-logo-v2.gif","contentUrl":"https:\/\/plg-pllc.com\/wp-content\/uploads\/2020\/10\/plg-logo-v2.gif","width":592,"height":191,"caption":"Premier Law Group"},"image":{"@id":"https:\/\/plg-pllc.com\/#\/schema\/logo\/image\/"},"sameAs":["https:\/\/www.facebook.com\/premierlawgroup","https:\/\/x.com\/premierlawgroup"]}]}},"_links":{"self":[{"href":"https:\/\/plg-pllc.com\/es\/wp-json\/wp\/v2\/pages\/21358","targetHints":{"allow":["GET"]}}],"collection":[{"href":"https:\/\/plg-pllc.com\/es\/wp-json\/wp\/v2\/pages"}],"about":[{"href":"https:\/\/plg-pllc.com\/es\/wp-json\/wp\/v2\/types\/page"}],"author":[{"embeddable":true,"href":"https:\/\/plg-pllc.com\/es\/wp-json\/wp\/v2\/users\/60"}],"replies":[{"embeddable":true,"href":"https:\/\/plg-pllc.com\/es\/wp-json\/wp\/v2\/comments?post=21358"}],"version-history":[{"count":0,"href":"https:\/\/plg-pllc.com\/es\/wp-json\/wp\/v2\/pages\/21358\/revisions"}],"up":[{"embeddable":true,"href":"https:\/\/plg-pllc.com\/es\/wp-json\/wp\/v2\/pages\/15618"}],"wp:attachment":[{"href":"https:\/\/plg-pllc.com\/es\/wp-json\/wp\/v2\/media?parent=21358"}],"wp:term":[{"taxonomy":"hc_faqs","embeddable":true,"href":"https:\/\/plg-pllc.com\/es\/wp-json\/wp\/v2\/hc_faqs?post=21358"}],"curies":[{"name":"gracias","href":"https:\/\/api.w.org\/{rel}","templated":true}]}}