{"id":21359,"date":"2025-07-17T15:34:18","date_gmt":"2025-07-17T22:34:18","guid":{"rendered":"https:\/\/plg-pllc.com\/?page_id=21359"},"modified":"2025-07-17T15:34:18","modified_gmt":"2025-07-17T22:34:18","slug":"federal-way-dog-bite-lawyer","status":"publish","type":"page","link":"https:\/\/plg-pllc.com\/es\/federal-way\/dog-bite-lawyer\/","title":{"rendered":"Abogado de mordeduras de perro en Federal Way"},"content":{"rendered":"<p><span style=\"font-weight: 400;\">Mucha gente ama a los perros, y puede que t\u00fa seas uno de ellos. Son una parte importante de nuestra cultura y, en muchos hogares, son parte de la familia. Es f\u00e1cil olvidar que tienen las herramientas para causar graves da\u00f1os. Si te han mordido, sabes lo peligrosos que pueden ser en ciertas circunstancias.\u00a0<\/span><\/p>\n<p><span style=\"font-weight: 400;\">En el estado de Washington, los due\u00f1os de mascotas son responsables de las acciones de sus animales. Si ha sufrido un ataque de perro, tiene derecho a solicitar una indemnizaci\u00f3n por sus lesiones. Nuestros abogados especializados en mordeduras de perro en Federal Way pueden ayudarle a exigir responsabilidades al due\u00f1o de la mascota.\u00a0<\/span><\/p>\n<p><span style=\"font-weight: 400;\">Nuestro equipo de abogados en Premier Law Group tiene <\/span><b>recuperado m\u00e1s de $100 millones<\/b><span style=\"font-weight: 400;\"> Para residentes lesionados del estado de Washington. Llame hoy para programar una consulta gratuita y hablar sobre c\u00f3mo... <\/span><a href=\"https:\/\/plg-pllc.com\/federal-way\/personal-injury-lawyer\/\"><span style=\"font-weight: 400;\">Abogados de lesiones personales en Federal Way<\/span><\/a><span style=\"font-weight: 400;\"> Puede ayudarle con su caso de mordedura de perro.\u00a0\u00a0<\/span><\/p>\n<h2>\u00bfC\u00f3mo puede ayudar un abogado especializado en mordeduras de perro?<\/h2>\n<p><span style=\"font-weight: 400;\">En la mayor\u00eda de los casos, el due\u00f1o del perro <\/span><b>seguro de propietarios de vivienda<\/b><span style=\"font-weight: 400;\"> Cubrir\u00e1 sus da\u00f1os si sufre una mordedura. Esto significa que tendr\u00e1 que lidiar con una compa\u00f1\u00eda de seguros y sus abogados. No es f\u00e1cil hacerlo solo, especialmente si se est\u00e1 recuperando de una lesi\u00f3n.<\/span><\/p>\n<p><span style=\"font-weight: 400;\">La asistencia de un abogado experto puede hacer que su caso sea menos estresante y, en muchos casos, resulte en una indemnizaci\u00f3n mayor. Algunos de los servicios que nuestros abogados especializados en mordeduras de perro en Federal Way pueden ofrecerle incluyen:\u00a0<\/span><\/p>\n<h3>Ofrecer asesoramiento legal<\/h3>\n<p><span style=\"font-weight: 400;\">Lo guiaremos a trav\u00e9s del proceso legal y le explicaremos la ley y sus derechos para que pueda tomar una decisi\u00f3n informada en su caso. Le ayudaremos a evitar errores comunes que podr\u00edan perjudicar su caso, como <\/span><b>aceptando un acuerdo bajo<\/b><span style=\"font-weight: 400;\">.\u00a0<\/span><\/p>\n<h3>Investigar el incidente<\/h3>\n<p><span style=\"font-weight: 400;\">Realizaremos nuestra propia <\/span><b>investigaci\u00f3n <\/b><span style=\"font-weight: 400;\">Para determinar qu\u00e9 sucedi\u00f3 y qui\u00e9n es responsable. Si bien el due\u00f1o de la mascota suele ser responsable, podr\u00eda haber otras partes involucradas, como un paseador de perros que no controlaba al animal o un arrendador que sab\u00eda que el perro era peligroso, pero no tom\u00f3 medidas.\u00a0<\/span><\/p>\n<h3>Calcula tu compensaci\u00f3n<\/h3>\n<p><span style=\"font-weight: 400;\">Evaluaremos sus da\u00f1os con el objetivo de obtener la <\/span><b>la mayor compensaci\u00f3n posible<\/b><span style=\"font-weight: 400;\">Puede recuperar gastos como facturas m\u00e9dicas y salarios perdidos por tiempo de trabajo perdido. En algunos casos, puede incluir una compensaci\u00f3n por dolor y sufrimiento, o por cicatrices y desfiguraci\u00f3n.\u00a0\u00a0<\/span><\/p>\n<h3>Gestione su reclamaci\u00f3n<\/h3>\n<p><span style=\"font-weight: 400;\">Presentaremos su reclamaci\u00f3n y nos aseguraremos de que su documentaci\u00f3n est\u00e9 completa y se entregue a tiempo. Tambi\u00e9n nos encargaremos de las interacciones con la compa\u00f1\u00eda de seguros para que usted no tenga que hacerlo. Cuando llamen, refi\u00e9ralos a su abogado. Nos encargaremos de su caso mientras usted se concentra en su recuperaci\u00f3n.\u00a0<\/span><\/p>\n<h3>Negociar con compa\u00f1\u00edas de seguros<\/h3>\n<p><span style=\"font-weight: 400;\">En la mayor\u00eda de los casos de lesiones personales, las compa\u00f1\u00edas de seguros prefieren <\/span><b>llegar a un acuerdo extrajudicial<\/b><span style=\"font-weight: 400;\">Ahorrando tiempo, estr\u00e9s y gastos para todos los involucrados. Este enfoque puede ser beneficioso para usted. Nos encargaremos de las negociaciones para lograr un acuerdo justo que le compense plenamente por los da\u00f1os sufridos.<\/span><\/p>\n<h3>Representarle en la corte<\/h3>\n<p><span style=\"font-weight: 400;\">En algunos casos, el due\u00f1o de la mascota puede no tener seguro o su compa\u00f1\u00eda de seguros podr\u00eda negarse a ofrecer una indemnizaci\u00f3n justa. Cuando eso sucede, estamos preparados para... <\/span><b>presentar una demanda civil<\/b><span style=\"font-weight: 400;\"> y luchar por sus derechos en los tribunales.<\/span><\/p>\n<h2>\u00bfEs necesario denunciar una mordedura de perro en Federal Way, Washington?<\/h2>\n<p><span style=\"font-weight: 400;\">En Washington, no existen leyes estatales para reportar mordeduras de perro; sin embargo, algunas jurisdicciones locales lo exigen. En Federal Way, puede reportar mordeduras de perro o animales agresivos a... <\/span><a href=\"https:\/\/www.federalwaywa.gov\/page\/animal-services-unit\" target=\"_blank\" rel=\"noopener\"><span style=\"font-weight: 400;\">Unidad de Servicios para Animales<\/span><\/a><span style=\"font-weight: 400;\">Si usted u otra persona o animal est\u00e1 en peligro inmediato, llame al 911.\u00a0<\/span><\/p>\n<p><span style=\"font-weight: 400;\">Denunciar el ataque crea un registro oficial que sus abogados especializados en mordeduras de perro en Federal Way pueden usar como prueba en su caso. Como m\u00ednimo, pone al animal peligroso y a su due\u00f1o en conocimiento de las autoridades para que puedan tomar medidas adicionales si es necesario.\u00a0<\/span><\/p>\n<h2>\u00bfCu\u00e1nto cuesta un caso de mordedura de perro?<\/h2>\n<p><span style=\"font-weight: 400;\">Nuestra firma maneja casos de lesiones personales basados en<\/span><b> acuerdos de honorarios de contingencia<\/b><span style=\"font-weight: 400;\">Presentaremos su reclamo, investigaremos el incidente de la mordedura de perro, evaluaremos sus da\u00f1os y negociaremos un acuerdo sin exigirle dinero por adelantado.<\/span><\/p>\n<p><span style=\"font-weight: 400;\">Una vez que ganemos su caso, deduciremos nuestros honorarios previamente divulgados de su indemnizaci\u00f3n o acuerdo. Si no ganamos, usted no paga nada. Esto hace que nuestros servicios legales sean accesibles para casi cualquier persona. Las compa\u00f1\u00edas de seguros cuentan con abogados expertos trabajando para ellas. Usted tambi\u00e9n deber\u00eda hacerlo.\u00a0<\/span><\/p>\n\n        <div class=\"rs-content-cta long\">\n            <p>Para una consulta legal GRATUITA con un abogado especializado en mordeduras de perro que atienda en Federal Way, llame al <a href=\"tel:+12062851743\">(206) 285-1743 <\/a><\/p>\n            <a href=\"https:\/\/plg-pllc.com\/es\/contact-us\/\" title=\"OBTENGA UNA EVALUACI\u00d3N DE CASO GRATUITA\" class=\"btn-global\">OBTENGA UNA EVALUACI\u00d3N DE CASO GRATUITA<\/a>\n                    <picture>\n                            <source srcset=\"https:\/\/plg-pllc.com\/wp-content\/themes\/plg-pllc-redesign\/assets\/app\/img\/cta-thumb.webp\" type=\"image\/webp\"\/>\n                            <img src=\"https:\/\/plg-pllc.com\/wp-content\/themes\/plg-pllc-redesign\/assets\/app\/img\/cta-thumb.png\" alt=\"Grupo de abogados Premier\" title=\"Grupo de abogados Premier\" width=\"245\" height=\"220\" loading=\"auto\" fetchpriority=\"auto\" decoding=\"async\"\/>\n        <\/picture>\n        \n        <\/div><h2>Comun\u00edquese con un abogado especializado en mordeduras de perro en Federal Way<\/h2>\n<p><span style=\"font-weight: 400;\">Las mordeduras de perro pueden ser muy graves y requieren atenci\u00f3n m\u00e9dica especializada. Incluso un peque\u00f1o mordisco requerir\u00e1 una visita al m\u00e9dico para asegurar su bienestar. No deber\u00eda tener que asumir la carga financiera cuando un due\u00f1o irresponsable permite que su perro haga da\u00f1o a las personas.\u00a0<\/span><\/p>\n<p><span style=\"font-weight: 400;\">Nuestro <\/span><b>Abogados de mordeduras de perro en Federal Way<\/b><span style=\"font-weight: 400;\"> Puede ayudarle a exigirles responsabilidad por sus da\u00f1os. Podr\u00eda obtener una indemnizaci\u00f3n por su atenci\u00f3n m\u00e9dica, salarios perdidos si falt\u00f3 al trabajo y, posiblemente, por dolor y sufrimiento.\u00a0<\/span><\/p>\n<p><span style=\"font-weight: 400;\">En Premier Law Group, hemos ayudado a miles de v\u00edctimas de accidentes desde 2001 y podemos ayudarle a superar las consecuencias de su mordedura de perro. Cont\u00e1ctenos hoy mismo para una revisi\u00f3n gratuita de su caso y cu\u00e9ntenos qu\u00e9 sucedi\u00f3.\u00a0<\/span><\/p>\n        <div class=\"rs-content-cta\">\n            <p>Llamar o enviar mensaje de texto <a href=\"tel:+12062851743\">(206) 285-1743<\/a> o complete un formulario de evaluaci\u00f3n de caso gratuito<\/p>\n            <a href=\"https:\/\/plg-pllc.com\/es\/contact-us\/\" title=\"OBTENGA UNA EVALUACI\u00d3N DE CASO GRATUITA\" class=\"btn-global\">OBTENGA UNA EVALUACI\u00d3N DE CASO GRATUITA<\/a>\n                    <picture>\n                            <source srcset=\"https:\/\/plg-pllc.com\/wp-content\/themes\/plg-pllc-redesign\/assets\/app\/img\/cta-thumb.webp\" type=\"image\/webp\"\/>\n                            <img src=\"https:\/\/plg-pllc.com\/wp-content\/themes\/plg-pllc-redesign\/assets\/app\/img\/cta-thumb.png\" alt=\"Grupo de abogados Premier\" title=\"Grupo de abogados Premier\" width=\"245\" height=\"220\" loading=\"auto\" fetchpriority=\"auto\" decoding=\"async\"\/>\n        <\/picture>\n        \n        <\/div>","protected":false},"excerpt":{"rendered":"<p>Mucha gente ama a los perros, y puede que t\u00fa seas uno de ellos. Son una parte importante de nuestra cultura y, en muchos hogares, son parte de la familia. Es f\u00e1cil olvidar que tienen las herramientas para causar graves da\u00f1os. Si te han mordido, sabes lo peligrosos que pueden ser en ciertas circunstancias. En el estado de Washington, las mascotas\u2026<\/p>","protected":false},"author":60,"featured_media":0,"parent":20716,"menu_order":0,"comment_status":"closed","ping_status":"closed","template":"","meta":{"_acf_changed":false,"_genesis_hide_title":false,"_genesis_hide_breadcrumbs":false,"_genesis_hide_singular_image":false,"_genesis_hide_footer_widgets":false,"_genesis_custom_body_class":"","_genesis_custom_post_class":"","_genesis_layout":"","footnotes":""},"hc_faqs":[],"class_list":{"0":"post-21359","1":"page","2":"type-page","3":"status-publish","5":"hc_city_location-federal-way","6":"entry"},"acf":[],"yoast_head":"<!-- This site is optimized with the Yoast SEO plugin v27.2 - https:\/\/yoast.com\/product\/yoast-seo-wordpress\/ -->\n<title>Dog Bite Lawyer in Federal Way | Free Case Evaluations<\/title>\n<meta name=\"description\" content=\"Find out how a Federal Way dog bite lawyer can help you recover compensation from a negligent pet owner when their dog bites you.\" \/>\n<meta name=\"robots\" content=\"index, follow, max-snippet:-1, max-image-preview:large, max-video-preview:-1\" \/>\n<link rel=\"canonical\" href=\"https:\/\/plg-pllc.com\/es\/federal-way\/dog-bite-lawyer\/\" \/>\n<meta property=\"og:locale\" content=\"es_MX\" \/>\n<meta property=\"og:type\" content=\"article\" \/>\n<meta property=\"og:title\" content=\"Dog Bite Lawyer in Federal Way | Free Case Evaluations\" \/>\n<meta property=\"og:description\" content=\"Find out how a Federal Way dog bite lawyer can help you recover compensation from a negligent pet owner when their dog bites you.\" \/>\n<meta property=\"og:url\" content=\"https:\/\/plg-pllc.com\/es\/federal-way\/dog-bite-lawyer\/\" \/>\n<meta property=\"og:site_name\" content=\"Premier Law Group\" \/>\n<meta property=\"article:publisher\" content=\"https:\/\/www.facebook.com\/premierlawgroup\" \/>\n<meta name=\"twitter:card\" content=\"summary_large_image\" \/>\n<meta name=\"twitter:site\" content=\"@premierlawgroup\" \/>\n<meta name=\"twitter:label1\" content=\"Tiempo de lectura\" \/>\n\t<meta name=\"twitter:data1\" content=\"4 minutos\" \/>\n<script type=\"application\/ld+json\" class=\"yoast-schema-graph\">{\"@context\":\"https:\/\/schema.org\",\"@graph\":[{\"@type\":\"WebPage\",\"@id\":\"https:\/\/plg-pllc.com\/federal-way\/dog-bite-lawyer\/\",\"url\":\"https:\/\/plg-pllc.com\/federal-way\/dog-bite-lawyer\/\",\"name\":\"Dog Bite Lawyer in Federal Way | Free Case Evaluations\",\"isPartOf\":{\"@id\":\"https:\/\/plg-pllc.com\/#website\"},\"datePublished\":\"2025-07-17T22:34:18+00:00\",\"description\":\"Find out how a Federal Way dog bite lawyer can help you recover compensation from a negligent pet owner when their dog bites you.\",\"breadcrumb\":{\"@id\":\"https:\/\/plg-pllc.com\/federal-way\/dog-bite-lawyer\/#breadcrumb\"},\"inLanguage\":\"es\",\"potentialAction\":[{\"@type\":\"ReadAction\",\"target\":[\"https:\/\/plg-pllc.com\/federal-way\/dog-bite-lawyer\/\"]}]},{\"@type\":\"BreadcrumbList\",\"@id\":\"https:\/\/plg-pllc.com\/federal-way\/dog-bite-lawyer\/#breadcrumb\",\"itemListElement\":[{\"@type\":\"ListItem\",\"position\":1,\"name\":\"Home\",\"item\":\"https:\/\/plg-pllc.com\/es\/\"},{\"@type\":\"ListItem\",\"position\":2,\"name\":\"Federal Way Personal Injury Lawyer\",\"item\":\"https:\/\/plg-pllc.com\/es\/federal-way\/personal-injury-lawyer\/\"},{\"@type\":\"ListItem\",\"position\":3,\"name\":\"Federal Way Dog Bite Lawyer\"}]},{\"@type\":\"WebSite\",\"@id\":\"https:\/\/plg-pllc.com\/#website\",\"url\":\"https:\/\/plg-pllc.com\/\",\"name\":\"Premier Law Group\",\"description\":\"Washington Wrongful Death and Serious Injury Lawyer\",\"publisher\":{\"@id\":\"https:\/\/plg-pllc.com\/#organization\"},\"inLanguage\":\"es\"},{\"@type\":\"Organization\",\"@id\":\"https:\/\/plg-pllc.com\/#organization\",\"name\":\"Premier Law Group\",\"url\":\"https:\/\/plg-pllc.com\/\",\"logo\":{\"@type\":\"ImageObject\",\"inLanguage\":\"es\",\"@id\":\"https:\/\/plg-pllc.com\/#\/schema\/logo\/image\/\",\"url\":\"https:\/\/plg-pllc.com\/wp-content\/uploads\/2020\/10\/plg-logo-v2.gif\",\"contentUrl\":\"https:\/\/plg-pllc.com\/wp-content\/uploads\/2020\/10\/plg-logo-v2.gif\",\"width\":592,\"height\":191,\"caption\":\"Premier Law Group\"},\"image\":{\"@id\":\"https:\/\/plg-pllc.com\/#\/schema\/logo\/image\/\"},\"sameAs\":[\"https:\/\/www.facebook.com\/premierlawgroup\",\"https:\/\/x.com\/premierlawgroup\"]}]}<\/script>\n<!-- \/ Yoast SEO plugin. -->","yoast_head_json":{"title":"Abogado especializado en mordeduras de perro en Federal Way | Evaluaciones de casos gratuitas","description":"Descubra c\u00f3mo un abogado especializado en mordeduras de perros de Federal Way puede ayudarlo a recuperar una compensaci\u00f3n de un due\u00f1o de mascota negligente cuando su perro lo muerde.","robots":{"index":"index","follow":"follow","max-snippet":"max-snippet:-1","max-image-preview":"max-image-preview:large","max-video-preview":"max-video-preview:-1"},"canonical":"https:\/\/plg-pllc.com\/es\/federal-way\/dog-bite-lawyer\/","og_locale":"es_MX","og_type":"article","og_title":"Dog Bite Lawyer in Federal Way | Free Case Evaluations","og_description":"Find out how a Federal Way dog bite lawyer can help you recover compensation from a negligent pet owner when their dog bites you.","og_url":"https:\/\/plg-pllc.com\/es\/federal-way\/dog-bite-lawyer\/","og_site_name":"Premier Law Group","article_publisher":"https:\/\/www.facebook.com\/premierlawgroup","twitter_card":"summary_large_image","twitter_site":"@premierlawgroup","twitter_misc":{"Tiempo de lectura":"4 minutos"},"schema":{"@context":"https:\/\/schema.org","@graph":[{"@type":"WebPage","@id":"https:\/\/plg-pllc.com\/federal-way\/dog-bite-lawyer\/","url":"https:\/\/plg-pllc.com\/federal-way\/dog-bite-lawyer\/","name":"Abogado especializado en mordeduras de perro en Federal Way | Evaluaciones de casos gratuitas","isPartOf":{"@id":"https:\/\/plg-pllc.com\/#website"},"datePublished":"2025-07-17T22:34:18+00:00","description":"Descubra c\u00f3mo un abogado especializado en mordeduras de perros de Federal Way puede ayudarlo a recuperar una compensaci\u00f3n de un due\u00f1o de mascota negligente cuando su perro lo muerde.","breadcrumb":{"@id":"https:\/\/plg-pllc.com\/federal-way\/dog-bite-lawyer\/#breadcrumb"},"inLanguage":"es","potentialAction":[{"@type":"ReadAction","target":["https:\/\/plg-pllc.com\/federal-way\/dog-bite-lawyer\/"]}]},{"@type":"BreadcrumbList","@id":"https:\/\/plg-pllc.com\/federal-way\/dog-bite-lawyer\/#breadcrumb","itemListElement":[{"@type":"ListItem","position":1,"name":"Home","item":"https:\/\/plg-pllc.com\/es\/"},{"@type":"ListItem","position":2,"name":"Federal Way Personal Injury Lawyer","item":"https:\/\/plg-pllc.com\/es\/federal-way\/personal-injury-lawyer\/"},{"@type":"ListItem","position":3,"name":"Federal Way Dog Bite Lawyer"}]},{"@type":"WebSite","@id":"https:\/\/plg-pllc.com\/#website","url":"https:\/\/plg-pllc.com\/","name":"Grupo de abogados Premier","description":"Abogado de muerte por negligencia y lesiones graves en Washington","publisher":{"@id":"https:\/\/plg-pllc.com\/#organization"},"inLanguage":"es"},{"@type":"Organization","@id":"https:\/\/plg-pllc.com\/#organization","name":"Grupo de abogados Premier","url":"https:\/\/plg-pllc.com\/","logo":{"@type":"ImageObject","inLanguage":"es","@id":"https:\/\/plg-pllc.com\/#\/schema\/logo\/image\/","url":"https:\/\/plg-pllc.com\/wp-content\/uploads\/2020\/10\/plg-logo-v2.gif","contentUrl":"https:\/\/plg-pllc.com\/wp-content\/uploads\/2020\/10\/plg-logo-v2.gif","width":592,"height":191,"caption":"Premier Law Group"},"image":{"@id":"https:\/\/plg-pllc.com\/#\/schema\/logo\/image\/"},"sameAs":["https:\/\/www.facebook.com\/premierlawgroup","https:\/\/x.com\/premierlawgroup"]}]}},"_links":{"self":[{"href":"https:\/\/plg-pllc.com\/es\/wp-json\/wp\/v2\/pages\/21359","targetHints":{"allow":["GET"]}}],"collection":[{"href":"https:\/\/plg-pllc.com\/es\/wp-json\/wp\/v2\/pages"}],"about":[{"href":"https:\/\/plg-pllc.com\/es\/wp-json\/wp\/v2\/types\/page"}],"author":[{"embeddable":true,"href":"https:\/\/plg-pllc.com\/es\/wp-json\/wp\/v2\/users\/60"}],"replies":[{"embeddable":true,"href":"https:\/\/plg-pllc.com\/es\/wp-json\/wp\/v2\/comments?post=21359"}],"version-history":[{"count":0,"href":"https:\/\/plg-pllc.com\/es\/wp-json\/wp\/v2\/pages\/21359\/revisions"}],"up":[{"embeddable":true,"href":"https:\/\/plg-pllc.com\/es\/wp-json\/wp\/v2\/pages\/20716"}],"wp:attachment":[{"href":"https:\/\/plg-pllc.com\/es\/wp-json\/wp\/v2\/media?parent=21359"}],"wp:term":[{"taxonomy":"hc_faqs","embeddable":true,"href":"https:\/\/plg-pllc.com\/es\/wp-json\/wp\/v2\/hc_faqs?post=21359"}],"curies":[{"name":"gracias","href":"https:\/\/api.w.org\/{rel}","templated":true}]}}