{"id":21360,"date":"2025-07-17T15:37:14","date_gmt":"2025-07-17T22:37:14","guid":{"rendered":"https:\/\/plg-pllc.com\/?page_id=21360"},"modified":"2025-07-17T15:37:14","modified_gmt":"2025-07-17T22:37:14","slug":"kirkland-dog-bite-lawyer","status":"publish","type":"page","link":"https:\/\/plg-pllc.com\/es\/kirkland\/dog-bite-lawyer\/","title":{"rendered":"Abogado de mordeduras de perro en Kirkland"},"content":{"rendered":"<p><span style=\"font-weight: 400;\">Los perros pueden morder porque tienen miedo, est\u00e1n a la defensiva, est\u00e1n desatendidos o simplemente no han recibido un buen entrenamiento. Los due\u00f1os de mascotas tienen el deber de asegurarse de que sus perros no da\u00f1en a otros. Si no cumplen con su deber y usted ha sido mordido, puede obtener una indemnizaci\u00f3n por da\u00f1os y perjuicios.\u00a0<\/span><\/p>\n<p><span style=\"font-weight: 400;\">El estado de Washington tiene una norma de responsabilidad objetiva por mordeduras de perro, que responsabiliza a los due\u00f1os incluso si el perro no tiene antecedentes de agresi\u00f3n. Nuestros abogados especializados en mordeduras de perro en Kirkland pueden ayudarle a obtener una compensaci\u00f3n por sus gastos m\u00e9dicos y otros costos derivados del ataque del perro.\u00a0<\/span><\/p>\n<p><span style=\"font-weight: 400;\">En Premier Law Group, nuestro equipo cuenta con <\/span><b>ayud\u00f3 a miles <\/b><span style=\"font-weight: 400;\">de los residentes lesionados del estado de Washington reciben la compensaci\u00f3n que merecen. Llame hoy para programar su evaluaci\u00f3n gratuita de caso y descubra c\u00f3mo nuestros... <\/span><a href=\"https:\/\/plg-pllc.com\/kirkland\/personal-injury-lawyer\/\"><span style=\"font-weight: 400;\">Abogados de lesiones personales de Kirland<\/span><\/a><span style=\"font-weight: 400;\"> Puede ayudarle con su caso de mordedura de perro.\u00a0<\/span><\/p>\n<h2>\u00bfNecesita un abogado para un caso de mordedura de perro?<\/h2>\n<p><span style=\"font-weight: 400;\">Siempre es inteligente <\/span><b>Consulte con un abogado de lesiones personales<\/b><span style=\"font-weight: 400;\"> Si sufre una lesi\u00f3n sin culpa propia, lo m\u00e1s probable es que se enfrente a una compa\u00f1\u00eda de seguros que har\u00e1 todo lo posible para pagarle menos de lo debido o denegarle el pago por completo.\u00a0<\/span><\/p>\n<p><span style=\"font-weight: 400;\">Saben que su cliente es responsable y podr\u00edan intentar resolver el caso lo antes posible. Incluso podr\u00edan ofrecerle un acuerdo e intentar convencerle de no hablar con un abogado. Sin embargo, esas ofertas suelen ser mucho menores a lo que usted afirma que valen realmente.\u00a0<\/span><\/p>\n<p><span style=\"font-weight: 400;\">Nuestros abogados especializados en mordeduras de perro en Kirkland se asegurar\u00e1n de que sus intereses est\u00e9n representados en todo momento. Estamos de su lado cuando la compa\u00f1\u00eda de seguros no lo est\u00e1 y lucharemos por la compensaci\u00f3n que merece.\u00a0<\/span><\/p>\n<h2>\u00bfQui\u00e9n es responsable en un caso de mordedura de perro?<\/h2>\n<p><span style=\"font-weight: 400;\">En el estado de Washington, la persona responsable cuando un perro ataca a alguien es <\/span><b>Casi siempre el due\u00f1o de la mascota<\/b><span style=\"font-weight: 400;\">Incluso si el perro nunca ha mostrado signos de agresi\u00f3n. Sin embargo, en raras ocasiones, podr\u00eda haber otras partes responsables, como:<\/span><\/p>\n<ul>\n<li style=\"font-weight: 400;\" aria-level=\"1\"><span style=\"font-weight: 400;\">Un paseador de perros que no logr\u00f3 mantener al animal bajo control<\/span><\/li>\n<li style=\"font-weight: 400;\" aria-level=\"1\"><span style=\"font-weight: 400;\">Un propietario que conoc\u00eda al perro cre\u00f3 una situaci\u00f3n peligrosa y no hizo nada<\/span><\/li>\n<li style=\"font-weight: 400;\" aria-level=\"1\"><span style=\"font-weight: 400;\">Un negocio, como una peluquer\u00eda canina, que permiti\u00f3 que el perro da\u00f1ara a alguien.<\/span><\/li>\n<\/ul>\n<p><span style=\"font-weight: 400;\">Sus abogados investigar\u00e1n el incidente de mordedura de perro para obtener una imagen completa de c\u00f3mo sucedi\u00f3 y qui\u00e9n es el responsable.<\/span><\/p>\n<h2>\u00bfCu\u00e1nto vale un caso de mordedura de perro?<\/h2>\n<p><span style=\"font-weight: 400;\">La cantidad que puede recuperar en su caso de mordedura de perro depender\u00e1 de la <\/span><b>la gravedad de sus lesiones y el alcance de sus da\u00f1os<\/b><span style=\"font-weight: 400;\">Nuestros abogados evaluar\u00e1n sus da\u00f1os y buscar\u00e1n la m\u00e1xima compensaci\u00f3n por sus dificultades. Si bien cada caso es \u00fanico, esto suele incluir:<\/span><\/p>\n<ul>\n<li style=\"font-weight: 400;\" aria-level=\"1\"><span style=\"font-weight: 400;\">Su <\/span><b>gastos m\u00e9dicos<\/b><span style=\"font-weight: 400;\"> resultantes de la mordedura del perro, como visitas al m\u00e9dico, procedimientos, cirug\u00eda y medicamentos recetados.<\/span><\/li>\n<li style=\"font-weight: 400;\" aria-level=\"1\"><span style=\"font-weight: 400;\">Compensaci\u00f3n por <\/span><b>salarios perdidos<\/b><span style=\"font-weight: 400;\">, si tuvo que faltar al trabajo debido a su lesi\u00f3n.<\/span><\/li>\n<li style=\"font-weight: 400;\" aria-level=\"1\"><b>Costos m\u00e9dicos futuros<\/b><span style=\"font-weight: 400;\">, como procedimientos programados, terapia en curso o cirug\u00eda necesaria.<\/span><\/li>\n<\/ul>\n<p><span style=\"font-weight: 400;\">En casos de ataques graves de perros, es posible que pueda recuperar una compensaci\u00f3n por el trauma sufrido o por da\u00f1os de por vida. <\/span><b>cicatrices y desfiguraciones<\/b><span style=\"font-weight: 400;\">Su abogado le informar\u00e1 sobre los da\u00f1os no econ\u00f3micos que puede reclamar.\u00a0<\/span><\/p>\n\n        <div class=\"rs-content-cta long\">\n            <p>Para una consulta legal GRATUITA con un abogado especializado en mordeduras de perro que atienda en Kirkland, llame al <a href=\"tel:+12062851743\">(206) 285-1743 <\/a><\/p>\n            <a href=\"https:\/\/plg-pllc.com\/es\/contact-us\/\" title=\"OBTENGA UNA EVALUACI\u00d3N DE CASO GRATUITA\" class=\"btn-global\">OBTENGA UNA EVALUACI\u00d3N DE CASO GRATUITA<\/a>\n                    <picture>\n                            <source srcset=\"https:\/\/plg-pllc.com\/wp-content\/themes\/plg-pllc-redesign\/assets\/app\/img\/cta-thumb.webp\" type=\"image\/webp\"\/>\n                            <img src=\"https:\/\/plg-pllc.com\/wp-content\/themes\/plg-pllc-redesign\/assets\/app\/img\/cta-thumb.png\" alt=\"Grupo de abogados Premier\" title=\"Grupo de abogados Premier\" width=\"245\" height=\"220\" loading=\"auto\" fetchpriority=\"auto\" decoding=\"async\"\/>\n        <\/picture>\n        \n        <\/div><h2>\u00bfDebo demandar si un perro me muerde?<\/h2>\n<p><span style=\"font-weight: 400;\">En la mayor\u00eda de los casos de mordeduras de perro, no es necesario presentar una demanda de inmediato. Estos incidentes suelen estar cubiertos por el seguro de hogar de la parte culpable, lo que suele resultar en una resoluci\u00f3n m\u00e1s r\u00e1pida y menos estresante.<\/span><\/p>\n<p><span style=\"font-weight: 400;\">Puede ser necesaria una demanda si el due\u00f1o del perro no tiene seguro, si su p\u00f3liza no cubre completamente los da\u00f1os o si su compa\u00f1\u00eda de seguros se niega a cooperar y llegar a un acuerdo justo.<\/span><\/p>\n<h2>\u00bfCu\u00e1nto cuesta un abogado especializado en mordeduras de perro?<\/h2>\n<p><span style=\"font-weight: 400;\">Nuestros abogados especializados en mordeduras de perros en Kirkland trabajan en un <\/span><b>base de honorarios de contingencia<\/b><span style=\"font-weight: 400;\">, lo que significa que no paga nada por adelantado para que podamos comenzar a trabajar en su caso. Solo cobramos si ganamos su caso y obtenemos una compensaci\u00f3n en su nombre. Si no ganamos, no cobramos.\u00a0\u00a0<\/span><\/p>\n<h2>\u00bfC\u00f3mo reportar una mordedura de perro en Kirkland, Washington?<\/h2>\n<p><span style=\"font-weight: 400;\">Si una persona o un animal est\u00e1 en peligro inminente, llame al 911. En Kirkland, debe informar las mordeduras de perros y los animales peligrosos a <\/span><a href=\"https:\/\/www.kirklandwa.gov\/Government\/Departments\/Police-Department\/Animal-Services\/Animal-Control\" target=\"_blank\" rel=\"noopener\"><span style=\"font-weight: 400;\">Control de animales<\/span><\/a><span style=\"font-weight: 400;\">. El informe establece un registro oficial de la mordedura que puede servir como evidencia en su caso.\u00a0<\/span><\/p>\n<p><span style=\"font-weight: 400;\">Tambi\u00e9n informa a Control Animal sobre un perro potencialmente peligroso. Pueden investigar y tomar medidas para evitar que otra persona sea mordida.\u00a0<\/span><\/p>\n<h2>Hable con un abogado especializado en mordeduras de perro en Kirkland<\/h2>\n<p><span style=\"font-weight: 400;\">Una mordedura de perro puede acarrear costosas facturas m\u00e9dicas. Los accidentes graves pueden provocar bajas laborales o cicatrices y desfiguraci\u00f3n. No parece justo que tengas que soportar la carga financiera adem\u00e1s del dolor f\u00edsico.\u00a0<\/span><\/p>\n<p><span style=\"font-weight: 400;\">Los due\u00f1os de mascotas en el estado de Washington son responsables de las acciones de sus animales, y si su perro los muerde, pueden ser considerados responsables. <\/span><b>Abogados de mordeduras de perro en Kirkland<\/b><span style=\"font-weight: 400;\"> Lucharemos para obtener la compensaci\u00f3n que necesita para que pueda dejar atr\u00e1s este evento estresante.<\/span><\/p>\n<p><span style=\"font-weight: 400;\">Nuestros abogados de Premier Law Group han recuperado m\u00e1s de $100 millones en premios y acuerdos para v\u00edctimas de accidentes lesionadas desde 2001. Cont\u00e1ctenos hoy para una evaluaci\u00f3n gratuita de su caso para discutir su incidente de mordedura de perro. <\/span><\/p>\n\n        <div class=\"rs-content-cta\">\n            <p>Llamar o enviar mensaje de texto <a href=\"tel:+12062851743\">(206) 285-1743<\/a> o complete un formulario de evaluaci\u00f3n de caso gratuito<\/p>\n            <a href=\"https:\/\/plg-pllc.com\/es\/contact-us\/\" title=\"OBTENGA UNA EVALUACI\u00d3N DE CASO GRATUITA\" class=\"btn-global\">OBTENGA UNA EVALUACI\u00d3N DE CASO GRATUITA<\/a>\n                    <picture>\n                            <source srcset=\"https:\/\/plg-pllc.com\/wp-content\/themes\/plg-pllc-redesign\/assets\/app\/img\/cta-thumb.webp\" type=\"image\/webp\"\/>\n                            <img src=\"https:\/\/plg-pllc.com\/wp-content\/themes\/plg-pllc-redesign\/assets\/app\/img\/cta-thumb.png\" alt=\"Grupo de abogados Premier\" title=\"Grupo de abogados Premier\" width=\"245\" height=\"220\" loading=\"auto\" fetchpriority=\"auto\" decoding=\"async\"\/>\n        <\/picture>\n        \n        <\/div>","protected":false},"excerpt":{"rendered":"<p>Los perros pueden morder porque tienen miedo, est\u00e1n a la defensiva, son desatendidos o simplemente no han recibido un buen entrenamiento. Los due\u00f1os de mascotas tienen el deber de asegurarse de que sus perros no da\u00f1en a otros. Si no cumplen con su deber y usted ha sido mordido, puede obtener una indemnizaci\u00f3n por da\u00f1os y perjuicios. El estado de Washington tiene una norma de responsabilidad objetiva para las mordeduras de perro, lo que obliga a los due\u00f1os...<\/p>","protected":false},"author":60,"featured_media":0,"parent":20282,"menu_order":0,"comment_status":"closed","ping_status":"closed","template":"","meta":{"_acf_changed":false,"_genesis_hide_title":false,"_genesis_hide_breadcrumbs":false,"_genesis_hide_singular_image":false,"_genesis_hide_footer_widgets":false,"_genesis_custom_body_class":"","_genesis_custom_post_class":"","_genesis_layout":"","footnotes":""},"hc_faqs":[],"class_list":{"0":"post-21360","1":"page","2":"type-page","3":"status-publish","5":"hc_city_location-kirkland","6":"entry"},"acf":[],"yoast_head":"<!-- This site is optimized with the Yoast SEO plugin v27.4 - https:\/\/yoast.com\/product\/yoast-seo-wordpress\/ -->\n<title>Dog Bite Lawyer in Kirkland | Free Case Evaluations<\/title>\n<meta name=\"description\" content=\"Learn how a Kirkland dog bite lawyer can help you seek compensation when a negligent pet owner&#039;s dog injures you.\" \/>\n<meta name=\"robots\" content=\"index, follow, max-snippet:-1, max-image-preview:large, max-video-preview:-1\" \/>\n<link rel=\"canonical\" href=\"https:\/\/plg-pllc.com\/es\/kirkland\/dog-bite-lawyer\/\" \/>\n<meta property=\"og:locale\" content=\"es_MX\" \/>\n<meta property=\"og:type\" content=\"article\" \/>\n<meta property=\"og:title\" content=\"Dog Bite Lawyer in Kirkland | Free Case Evaluations\" \/>\n<meta property=\"og:description\" content=\"Learn how a Kirkland dog bite lawyer can help you seek compensation when a negligent pet owner&#039;s dog injures you.\" \/>\n<meta property=\"og:url\" content=\"https:\/\/plg-pllc.com\/es\/kirkland\/dog-bite-lawyer\/\" \/>\n<meta property=\"og:site_name\" content=\"Premier Law Group\" \/>\n<meta property=\"article:publisher\" content=\"https:\/\/www.facebook.com\/premierlawgroup\" \/>\n<meta name=\"twitter:card\" content=\"summary_large_image\" \/>\n<meta name=\"twitter:site\" content=\"@premierlawgroup\" \/>\n<meta name=\"twitter:label1\" content=\"Tiempo de lectura\" \/>\n\t<meta name=\"twitter:data1\" content=\"4 minutos\" \/>\n<script type=\"application\/ld+json\" class=\"yoast-schema-graph\">{\"@context\":\"https:\\\/\\\/schema.org\",\"@graph\":[{\"@type\":\"WebPage\",\"@id\":\"https:\\\/\\\/plg-pllc.com\\\/kirkland\\\/dog-bite-lawyer\\\/\",\"url\":\"https:\\\/\\\/plg-pllc.com\\\/kirkland\\\/dog-bite-lawyer\\\/\",\"name\":\"Dog Bite Lawyer in Kirkland | Free Case Evaluations\",\"isPartOf\":{\"@id\":\"https:\\\/\\\/plg-pllc.com\\\/#website\"},\"datePublished\":\"2025-07-17T22:37:14+00:00\",\"description\":\"Learn how a Kirkland dog bite lawyer can help you seek compensation when a negligent pet owner's dog injures you.\",\"breadcrumb\":{\"@id\":\"https:\\\/\\\/plg-pllc.com\\\/kirkland\\\/dog-bite-lawyer\\\/#breadcrumb\"},\"inLanguage\":\"es\",\"potentialAction\":[{\"@type\":\"ReadAction\",\"target\":[\"https:\\\/\\\/plg-pllc.com\\\/kirkland\\\/dog-bite-lawyer\\\/\"]}]},{\"@type\":\"BreadcrumbList\",\"@id\":\"https:\\\/\\\/plg-pllc.com\\\/kirkland\\\/dog-bite-lawyer\\\/#breadcrumb\",\"itemListElement\":[{\"@type\":\"ListItem\",\"position\":1,\"name\":\"Home\",\"item\":\"https:\\\/\\\/plg-pllc.com\\\/es\\\/\"},{\"@type\":\"ListItem\",\"position\":2,\"name\":\"Kirkland Personal Injury Lawyer\",\"item\":\"https:\\\/\\\/plg-pllc.com\\\/es\\\/kirkland\\\/personal-injury-lawyer\\\/\"},{\"@type\":\"ListItem\",\"position\":3,\"name\":\"Kirkland Dog Bite Lawyer\"}]},{\"@type\":\"WebSite\",\"@id\":\"https:\\\/\\\/plg-pllc.com\\\/#website\",\"url\":\"https:\\\/\\\/plg-pllc.com\\\/\",\"name\":\"Premier Law Group\",\"description\":\"Washington Wrongful Death and Serious Injury Lawyer\",\"publisher\":{\"@id\":\"https:\\\/\\\/plg-pllc.com\\\/#organization\"},\"inLanguage\":\"es\"},{\"@type\":\"Organization\",\"@id\":\"https:\\\/\\\/plg-pllc.com\\\/#organization\",\"name\":\"Premier Law Group\",\"url\":\"https:\\\/\\\/plg-pllc.com\\\/\",\"logo\":{\"@type\":\"ImageObject\",\"inLanguage\":\"es\",\"@id\":\"https:\\\/\\\/plg-pllc.com\\\/#\\\/schema\\\/logo\\\/image\\\/\",\"url\":\"https:\\\/\\\/plg-pllc.com\\\/wp-content\\\/uploads\\\/2020\\\/10\\\/plg-logo-v2.gif\",\"contentUrl\":\"https:\\\/\\\/plg-pllc.com\\\/wp-content\\\/uploads\\\/2020\\\/10\\\/plg-logo-v2.gif\",\"width\":592,\"height\":191,\"caption\":\"Premier Law Group\"},\"image\":{\"@id\":\"https:\\\/\\\/plg-pllc.com\\\/#\\\/schema\\\/logo\\\/image\\\/\"},\"sameAs\":[\"https:\\\/\\\/www.facebook.com\\\/premierlawgroup\",\"https:\\\/\\\/x.com\\\/premierlawgroup\"]}]}<\/script>\n<!-- \/ Yoast SEO plugin. -->","yoast_head_json":{"title":"Abogado especializado en mordeduras de perro en Kirkland | Evaluaciones de casos gratuitas","description":"Descubra c\u00f3mo un abogado especializado en mordeduras de perro de Kirkland puede ayudarle a buscar una compensaci\u00f3n cuando el perro de un due\u00f1o de mascota negligente lo lesiona.","robots":{"index":"index","follow":"follow","max-snippet":"max-snippet:-1","max-image-preview":"max-image-preview:large","max-video-preview":"max-video-preview:-1"},"canonical":"https:\/\/plg-pllc.com\/es\/kirkland\/dog-bite-lawyer\/","og_locale":"es_MX","og_type":"article","og_title":"Dog Bite Lawyer in Kirkland | Free Case Evaluations","og_description":"Learn how a Kirkland dog bite lawyer can help you seek compensation when a negligent pet owner's dog injures you.","og_url":"https:\/\/plg-pllc.com\/es\/kirkland\/dog-bite-lawyer\/","og_site_name":"Premier Law Group","article_publisher":"https:\/\/www.facebook.com\/premierlawgroup","twitter_card":"summary_large_image","twitter_site":"@premierlawgroup","twitter_misc":{"Tiempo de lectura":"4 minutos"},"schema":{"@context":"https:\/\/schema.org","@graph":[{"@type":"WebPage","@id":"https:\/\/plg-pllc.com\/kirkland\/dog-bite-lawyer\/","url":"https:\/\/plg-pllc.com\/kirkland\/dog-bite-lawyer\/","name":"Abogado especializado en mordeduras de perro en Kirkland | Evaluaciones de casos gratuitas","isPartOf":{"@id":"https:\/\/plg-pllc.com\/#website"},"datePublished":"2025-07-17T22:37:14+00:00","description":"Descubra c\u00f3mo un abogado especializado en mordeduras de perro de Kirkland puede ayudarle a buscar una compensaci\u00f3n cuando el perro de un due\u00f1o de mascota negligente lo lesiona.","breadcrumb":{"@id":"https:\/\/plg-pllc.com\/kirkland\/dog-bite-lawyer\/#breadcrumb"},"inLanguage":"es","potentialAction":[{"@type":"ReadAction","target":["https:\/\/plg-pllc.com\/kirkland\/dog-bite-lawyer\/"]}]},{"@type":"BreadcrumbList","@id":"https:\/\/plg-pllc.com\/kirkland\/dog-bite-lawyer\/#breadcrumb","itemListElement":[{"@type":"ListItem","position":1,"name":"Home","item":"https:\/\/plg-pllc.com\/es\/"},{"@type":"ListItem","position":2,"name":"Kirkland Personal Injury Lawyer","item":"https:\/\/plg-pllc.com\/es\/kirkland\/personal-injury-lawyer\/"},{"@type":"ListItem","position":3,"name":"Kirkland Dog Bite Lawyer"}]},{"@type":"WebSite","@id":"https:\/\/plg-pllc.com\/#website","url":"https:\/\/plg-pllc.com\/","name":"Grupo de abogados Premier","description":"Abogado de muerte por negligencia y lesiones graves en Washington","publisher":{"@id":"https:\/\/plg-pllc.com\/#organization"},"inLanguage":"es"},{"@type":"Organization","@id":"https:\/\/plg-pllc.com\/#organization","name":"Grupo de abogados Premier","url":"https:\/\/plg-pllc.com\/","logo":{"@type":"ImageObject","inLanguage":"es","@id":"https:\/\/plg-pllc.com\/#\/schema\/logo\/image\/","url":"https:\/\/plg-pllc.com\/wp-content\/uploads\/2020\/10\/plg-logo-v2.gif","contentUrl":"https:\/\/plg-pllc.com\/wp-content\/uploads\/2020\/10\/plg-logo-v2.gif","width":592,"height":191,"caption":"Premier Law Group"},"image":{"@id":"https:\/\/plg-pllc.com\/#\/schema\/logo\/image\/"},"sameAs":["https:\/\/www.facebook.com\/premierlawgroup","https:\/\/x.com\/premierlawgroup"]}]}},"_links":{"self":[{"href":"https:\/\/plg-pllc.com\/es\/wp-json\/wp\/v2\/pages\/21360","targetHints":{"allow":["GET"]}}],"collection":[{"href":"https:\/\/plg-pllc.com\/es\/wp-json\/wp\/v2\/pages"}],"about":[{"href":"https:\/\/plg-pllc.com\/es\/wp-json\/wp\/v2\/types\/page"}],"author":[{"embeddable":true,"href":"https:\/\/plg-pllc.com\/es\/wp-json\/wp\/v2\/users\/60"}],"replies":[{"embeddable":true,"href":"https:\/\/plg-pllc.com\/es\/wp-json\/wp\/v2\/comments?post=21360"}],"version-history":[{"count":0,"href":"https:\/\/plg-pllc.com\/es\/wp-json\/wp\/v2\/pages\/21360\/revisions"}],"up":[{"embeddable":true,"href":"https:\/\/plg-pllc.com\/es\/wp-json\/wp\/v2\/pages\/20282"}],"wp:attachment":[{"href":"https:\/\/plg-pllc.com\/es\/wp-json\/wp\/v2\/media?parent=21360"}],"wp:term":[{"taxonomy":"hc_faqs","embeddable":true,"href":"https:\/\/plg-pllc.com\/es\/wp-json\/wp\/v2\/hc_faqs?post=21360"}],"curies":[{"name":"gracias","href":"https:\/\/api.w.org\/{rel}","templated":true}]}}