{"id":21385,"date":"2025-08-15T16:41:34","date_gmt":"2025-08-15T23:41:34","guid":{"rendered":"https:\/\/plg-pllc.com\/?page_id=21385"},"modified":"2026-02-27T10:57:40","modified_gmt":"2026-02-27T18:57:40","slug":"redmond-car-accident-lawyer","status":"publish","type":"page","link":"https:\/\/plg-pllc.com\/es\/redmond\/car-accident-lawyer\/","title":{"rendered":"Abogado de accidentes automovil\u00edsticos en Redmond"},"content":{"rendered":"<p><span style=\"font-weight: 400;\">En un instante, vas por Redmond Way o te incorporas a la Washington 520, y al siguiente, todo se detiene. En ese momento, tu coche est\u00e1 destrozado y sufres. Y ahora, se supone que debes decidir qu\u00e9 hacer.<\/span><\/p>\n<p><span style=\"font-weight: 400;\">El equipo de Premier Law Group sabe lo dif\u00edcil que es responder a un accidente de auto. Nuestro abogado especializado en accidentes de auto en Redmond lo conocer\u00e1 a usted y a su caso. Si otra persona es responsable de su accidente, estamos aqu\u00ed para ayudarle a obtener una compensaci\u00f3n por las p\u00e9rdidas sufridas.\u00a0<\/span><\/p>\n<p><span style=\"font-weight: 400;\">Nos hemos recuperado <\/span><b>M\u00e1s de $100 millones para nuestros clientes en casos de accidentes automovil\u00edsticos y muchos otros<\/b><span style=\"font-weight: 400;\">. Dejemos que nuestro <\/span><a href=\"https:\/\/plg-pllc.com\/redmond\/personal-injury-lawyer\/\"><span style=\"font-weight: 400;\">Abogado de lesiones personales de Redmond<\/span><\/a><span style=\"font-weight: 400;\"> Lo representamos y defendemos en su caso de accidente automovil\u00edstico. Cont\u00e1ctenos hoy para comenzar.\u00a0<\/span><\/p>\n<h2>Tipos de casos de accidentes automovil\u00edsticos en Redmond que manejamos<\/h2>\n<p><span style=\"font-weight: 400;\">Nuestro abogado de accidentes de auto en Redmond no se limita a llenar formularios y enviar cartas. Analizamos lo que realmente sucedi\u00f3 durante su accidente, incluyendo cada foto, cada declaraci\u00f3n y cada detalle que nos indica c\u00f3mo se desarroll\u00f3 el incidente.<\/span><\/p>\n<p><span style=\"font-weight: 400;\">Adem\u00e1s, brindamos ayuda legal con todo tipo de accidentes automovil\u00edsticos, incluidos:<\/span><\/p>\n<ul>\n<li style=\"font-weight: 400;\" aria-level=\"1\"><span style=\"font-weight: 400;\">Colisiones traseras en Avondale Road y otras zonas concurridas de la ciudad\u00a0<\/span><\/li>\n<li style=\"font-weight: 400;\" aria-level=\"1\"><span style=\"font-weight: 400;\">Accidentes en T en estacionamientos e intersecciones\u00a0<\/span><\/li>\n<li style=\"font-weight: 400;\" aria-level=\"1\"><span style=\"font-weight: 400;\">Accidentes en giros a la izquierda\u00a0<\/span><\/li>\n<li style=\"font-weight: 400;\" aria-level=\"1\"><span style=\"font-weight: 400;\">Accidentes por conducir ebrio\u00a0<\/span><\/li>\n<li style=\"font-weight: 400;\" aria-level=\"1\"><span style=\"font-weight: 400;\">Accidentes por conducci\u00f3n distra\u00edda\u00a0<\/span><\/li>\n<li style=\"font-weight: 400;\" aria-level=\"1\"><span style=\"font-weight: 400;\">Accidentes por enviar mensajes de texto mientras se conduce<\/span><\/li>\n<li style=\"font-weight: 400;\" aria-level=\"1\"><span style=\"font-weight: 400;\">Accidentes que involucran a conductores sin seguro o con seguro insuficiente\u00a0<\/span><\/li>\n<li style=\"font-weight: 400;\" aria-level=\"1\"><span style=\"font-weight: 400;\">Accidentes que involucran a ciclistas, motociclistas o peatones<\/span><\/li>\n<\/ul>\n<p><span style=\"font-weight: 400;\">Te damos acceso a un equipo legal con <\/span><b>M\u00e1s de 55 a\u00f1os de experiencia combinada<\/b><span style=\"font-weight: 400;\">. Adem\u00e1s de eso, ofrecemos <\/span><a href=\"https:\/\/plg-pllc.com\/faqs\/\"><span style=\"font-weight: 400;\">Preguntas frecuentes<\/span><\/a><span style=\"font-weight: 400;\"> y otros recursos para quienes tienen dudas sobre si presentar una reclamaci\u00f3n o demanda por accidente de tr\u00e1fico. Para obtener m\u00e1s informaci\u00f3n, solicite una revisi\u00f3n gratuita de su caso.\u00a0<\/span><\/p>\n<h2>Lesiones comunes reportadas en accidentes automovil\u00edsticos<\/h2>\n<p><span style=\"font-weight: 400;\">Las lesiones que sufra en un accidente de auto variar\u00e1n seg\u00fan la gravedad del choque y otros factores. Nuestro abogado especializado en accidentes de auto en Redmond puede brindarle informaci\u00f3n sobre las lesiones que suelen reportar las v\u00edctimas de accidentes de auto y los costos de su tratamiento.<\/span><\/p>\n<p><span style=\"font-weight: 400;\">Estas lesiones pueden incluir:<\/span><\/p>\n<ul>\n<li style=\"font-weight: 400;\" aria-level=\"1\"><span style=\"font-weight: 400;\">Huesos rotos<\/span><\/li>\n<li style=\"font-weight: 400;\" aria-level=\"1\"><span style=\"font-weight: 400;\">Lesiones de la m\u00e9dula espinal (LME)<\/span><\/li>\n<li style=\"font-weight: 400;\" aria-level=\"1\"><span style=\"font-weight: 400;\">Lesiones cerebrales<\/span><\/li>\n<li style=\"font-weight: 400;\" aria-level=\"1\"><span style=\"font-weight: 400;\">Conmociones cerebrales<\/span><\/li>\n<li style=\"font-weight: 400;\" aria-level=\"1\"><span style=\"font-weight: 400;\">Latigazo<\/span><\/li>\n<\/ul>\n<p><span style=\"font-weight: 400;\">Por <\/span><a href=\"https:\/\/app.leg.wa.gov\/rcw\/default.aspx?cite=4.16.080\" target=\"_blank\" rel=\"noopener\"><span style=\"font-weight: 400;\">C\u00f3digo Revisado de Washington (RCW) 4.16.080<\/span><\/a><span style=\"font-weight: 400;\">, normalmente tienes <\/span><b>tres a\u00f1os a partir de la fecha de su accidente automovil\u00edstico<\/b><span style=\"font-weight: 400;\"> para presentar una reclamaci\u00f3n o demanda por lesiones personales.<\/span><\/p>\n<p><span style=\"font-weight: 400;\">Nuestro abogado especializado en lesiones personales presentar\u00e1 su solicitud de indemnizaci\u00f3n de acuerdo con la legislaci\u00f3n del estado de Washington. Buscaremos una indemnizaci\u00f3n por da\u00f1os y perjuicios, tanto econ\u00f3micos como no econ\u00f3micos, en su nombre.\u00a0<\/span><\/p>\n<h2>Causas comunes de accidentes automovil\u00edsticos<\/h2>\n<p><span style=\"font-weight: 400;\">Nuestro abogado de accidentes automovil\u00edsticos que presta servicios en Redmond entrevistar\u00e1 a los testigos que vieron su accidente automovil\u00edstico, examinar\u00e1 las im\u00e1genes de la c\u00e1mara de tr\u00e1fico del incidente y tomar\u00e1 otras medidas para investigar.<\/span><\/p>\n<p><span style=\"font-weight: 400;\">Estas y otras medidas ayudar\u00e1n a nuestro abogado a determinar la causa de su accidente. Estas son algunas de las razones por las que se reportan accidentes automovil\u00edsticos en Overlake y otras zonas de Redmond:<\/span><\/p>\n<ul>\n<li style=\"font-weight: 400;\" aria-level=\"1\"><span style=\"font-weight: 400;\">Conducci\u00f3n distra\u00edda<\/span><\/li>\n<li style=\"font-weight: 400;\" aria-level=\"1\"><span style=\"font-weight: 400;\">Exceso de velocidad<\/span><\/li>\n<li style=\"font-weight: 400;\" aria-level=\"1\"><span style=\"font-weight: 400;\">Conducci\u00f3n agresiva<\/span><\/li>\n<li style=\"font-weight: 400;\" aria-level=\"1\"><span style=\"font-weight: 400;\">Conducci\u00f3n bajo los efectos del alcohol<\/span><\/li>\n<li style=\"font-weight: 400;\" aria-level=\"1\"><span style=\"font-weight: 400;\">No ceder el derecho de paso<\/span><\/li>\n<li style=\"font-weight: 400;\" aria-level=\"1\"><span style=\"font-weight: 400;\">Conducir con sue\u00f1o<\/span><\/li>\n<li style=\"font-weight: 400;\" aria-level=\"1\"><span style=\"font-weight: 400;\">Peligros en la carretera<\/span><\/li>\n<li style=\"font-weight: 400;\" aria-level=\"1\"><span style=\"font-weight: 400;\">Lluvia, aguanieve, nieve u otras condiciones clim\u00e1ticas adversas<\/span><\/li>\n<\/ul>\n<p><span style=\"font-weight: 400;\">Los conductores culpables o sus compa\u00f1\u00edas de seguros podr\u00edan citar estas u otras razones para su colisi\u00f3n. En cualquier caso, puede solicitar una indemnizaci\u00f3n a cualquier responsable de su colisi\u00f3n.<\/span><\/p>\n<p><span style=\"font-weight: 400;\">Nuestro abogado quiere que usted reciba dinero por sus facturas m\u00e9dicas, salarios perdidos, dolor y sufrimiento, y otras p\u00e9rdidas. Trabajaremos arduamente para que... <\/span><a href=\"https:\/\/plg-pllc.com\/case-results\/\"><span style=\"font-weight: 400;\">resultados del caso<\/span><\/a><span style=\"font-weight: 400;\"> que coincidan con sus expectativas.\u00a0<\/span><\/p>\n\n        <div class=\"rs-content-cta long\">\n            <p>Para una consulta legal GRATUITA con un abogado de accidentes automovil\u00edsticos que atienda en Redmond, llame al <a href=\"tel:+12062851743\">(206) 285-1743 <\/a><\/p>\n            <a href=\"https:\/\/plg-pllc.com\/es\/contact-us\/\" title=\"OBTENGA UNA EVALUACI\u00d3N DE CASO GRATUITA\" class=\"btn-global\">OBTENGA UNA EVALUACI\u00d3N DE CASO GRATUITA<\/a>\n                    <picture>\n                            <source srcset=\"https:\/\/plg-pllc.com\/wp-content\/themes\/plg-pllc-redesign\/assets\/app\/img\/cta-thumb.webp\" type=\"image\/webp\"\/>\n                            <img src=\"https:\/\/plg-pllc.com\/wp-content\/themes\/plg-pllc-redesign\/assets\/app\/img\/cta-thumb.png\" alt=\"Grupo de abogados Premier\" title=\"Grupo de abogados Premier\" width=\"245\" height=\"220\" loading=\"auto\" fetchpriority=\"auto\" decoding=\"async\"\/>\n        <\/picture>\n        \n        <\/div><h2>\u00bfQui\u00e9n es responsable de un accidente automovil\u00edstico?<\/h2>\n<p><span style=\"font-weight: 400;\">Los conductores suelen ser responsables de colisiones automovil\u00edsticas en Education Hill, Grass Lawn y otros vecindarios de Redmond. Adem\u00e1s del conductor, otras partes pueden ser consideradas responsables de una colisi\u00f3n, como:<\/span><\/p>\n<ul>\n<li style=\"font-weight: 400;\" aria-level=\"1\"><span style=\"font-weight: 400;\">Fabricantes de autom\u00f3viles<\/span><\/li>\n<li style=\"font-weight: 400;\" aria-level=\"1\"><span style=\"font-weight: 400;\">Mec\u00e1nica<\/span><\/li>\n<li style=\"font-weight: 400;\" aria-level=\"1\"><span style=\"font-weight: 400;\">Entidades gubernamentales<\/span><\/li>\n<\/ul>\n<p><span style=\"font-weight: 400;\">Nuestro abogado puede utilizar informes policiales, <\/span><a href=\"https:\/\/plg-pllc.com\/faqs\/what-is-in-an-accident-report\/\"><span style=\"font-weight: 400;\">informes de accidentes<\/span><\/a><span style=\"font-weight: 400;\">, registros m\u00e9dicos, declaraciones de testigos, fotograf\u00edas y videos de la escena del accidente y otras pruebas para demostrar la responsabilidad.<\/span><\/p>\n<p><span style=\"font-weight: 400;\">Con una amplia gama de pruebas a nuestra disposici\u00f3n, podemos demostrar ante un juez o jurado que la parte responsable actu\u00f3 con negligencia. O bien, nuestras pruebas podr\u00edan ayudarle a obtener un acuerdo razonable antes de la fecha del juicio.\u00a0<\/span><\/p>\n<h2>El papel de la negligencia en un caso de accidente automovil\u00edstico<\/h2>\n<p><span style=\"font-weight: 400;\">Nosotros daremos cuenta de <\/span><a href=\"https:\/\/plg-pllc.com\/faqs\/what-is-negligence\/\"><span style=\"font-weight: 400;\">negligencia<\/span><\/a><span style=\"font-weight: 400;\"> Mientras preparamos su caso de accidente de auto para el juicio, nuestros abogados de lesiones personales quieren que un juez o jurado determine que la parte culpable viol\u00f3 su deber de cuidado al cometer un acto negligente o imprudente que ocasion\u00f3 su accidente de auto, lesiones y da\u00f1os.\u00a0<\/span><\/p>\n<p><span style=\"font-weight: 400;\">Nuestros abogados de accidentes de auto destacar\u00e1n sus gastos m\u00e9dicos, da\u00f1os a la propiedad y otras p\u00e9rdidas en su argumento. De esta manera, dificultaremos enormemente que la parte responsable pueda impugnar su caso.\u00a0<\/span><\/p>\n<p><span style=\"font-weight: 400;\">Mientras tanto, le daremos informaci\u00f3n sobre <\/span><b>negligencia comparativa pura en el estado de Washington<\/b><span style=\"font-weight: 400;\">. Con Washington <\/span><a href=\"https:\/\/plg-pllc.com\/faqs\/what-is-comparative-negligence\/\"><span style=\"font-weight: 400;\">negligencia comparativa<\/span><\/a><span style=\"font-weight: 400;\"> Por regla general, recibir\u00e1s da\u00f1os parciales si tienes alguna culpa por tu accidente automovil\u00edstico.<\/span><\/p>\n<p><span style=\"font-weight: 400;\">Por ejemplo, si el tribunal determina que usted tiene la culpa de su accidente automovil\u00edstico, recibir\u00e1 el 80% de los da\u00f1os que solicit\u00f3.\u00a0<\/span><\/p>\n<h2>Nuestros abogados de accidentes automovil\u00edsticos de Redmond lo escuchar\u00e1n y proteger\u00e1n sus derechos legales.<\/h2>\n<p><span style=\"font-weight: 400;\">Si afronta usted mismo las consecuencias de su accidente de auto, se arriesga a cometer errores que afectar\u00e1n sus posibilidades de obtener una indemnizaci\u00f3n justa de las partes responsables. Por otro lado, trabaje con nuestros abogados de accidentes de auto en Redmond y estar\u00e1 bien preparado para obtener una indemnizaci\u00f3n por da\u00f1os y perjuicios.\u00a0<\/span><\/p>\n<p><span style=\"font-weight: 400;\">Premier Law Group es un bufete de abogados especializado en lesiones personales del estado de Washington que... <\/span><b>Lo suficientemente grande para ganar y lo suficientemente peque\u00f1o para que te importe.<\/b><span style=\"font-weight: 400;\">. Haremos todo lo posible por usted en su caso de accidente automovil\u00edstico.<\/span><\/p>\n<p><span style=\"font-weight: 400;\">Perm\u00edtanos luchar por un acuerdo con la compa\u00f1\u00eda de seguros o llevar su caso a juicio. Para m\u00e1s informaci\u00f3n, programe una revisi\u00f3n gratuita de su caso. <\/span><\/p>\n\n        <div class=\"rs-content-cta\">\n            <p>Llamar o enviar mensaje de texto <a href=\"tel:+12062851743\">(206) 285-1743<\/a> o complete un formulario de evaluaci\u00f3n de caso gratuito<\/p>\n            <a href=\"https:\/\/plg-pllc.com\/es\/contact-us\/\" title=\"OBTENGA UNA EVALUACI\u00d3N DE CASO GRATUITA\" class=\"btn-global\">OBTENGA UNA EVALUACI\u00d3N DE CASO GRATUITA<\/a>\n                    <picture>\n                            <source srcset=\"https:\/\/plg-pllc.com\/wp-content\/themes\/plg-pllc-redesign\/assets\/app\/img\/cta-thumb.webp\" type=\"image\/webp\"\/>\n                            <img src=\"https:\/\/plg-pllc.com\/wp-content\/themes\/plg-pllc-redesign\/assets\/app\/img\/cta-thumb.png\" alt=\"Grupo de abogados Premier\" title=\"Grupo de abogados Premier\" width=\"245\" height=\"220\" loading=\"auto\" fetchpriority=\"auto\" decoding=\"async\"\/>\n        <\/picture>\n        \n        <\/div>","protected":false},"excerpt":{"rendered":"<p>En un instante, vas por Redmond Way o te incorporas a Washington 520, y al siguiente, todo se detiene. En ese momento, tu coche est\u00e1 destrozado y sufres. Y ahora, debes decidir qu\u00e9 hacer. El equipo de Premier Law Group sabe lo dif\u00edcil que es responder a un accidente automovil\u00edstico...<\/p>","protected":false},"author":60,"featured_media":0,"parent":20288,"menu_order":0,"comment_status":"closed","ping_status":"closed","template":"","meta":{"_acf_changed":false,"_genesis_hide_title":false,"_genesis_hide_breadcrumbs":false,"_genesis_hide_singular_image":false,"_genesis_hide_footer_widgets":false,"_genesis_custom_body_class":"","_genesis_custom_post_class":"","_genesis_layout":"","footnotes":""},"hc_faqs":[],"class_list":{"0":"post-21385","1":"page","2":"type-page","3":"status-publish","5":"hc_city_location-redmond","6":"entry"},"acf":[],"yoast_head":"<!-- This site is optimized with the Yoast SEO plugin v27.5 - https:\/\/yoast.com\/product\/yoast-seo-wordpress\/ -->\n<title>Car Accident Lawyer in Redmond | Get Legal Help Today<\/title>\n<meta name=\"description\" content=\"Partner with a Redmond car accident lawyer from Premier Law Group. We have served thousands of clients. Schedule a free case review.\" \/>\n<meta name=\"robots\" content=\"index, follow, max-snippet:-1, max-image-preview:large, max-video-preview:-1\" \/>\n<link rel=\"canonical\" href=\"https:\/\/plg-pllc.com\/es\/redmond\/car-accident-lawyer\/\" \/>\n<meta property=\"og:locale\" content=\"es_MX\" \/>\n<meta property=\"og:type\" content=\"article\" \/>\n<meta property=\"og:title\" content=\"Car Accident Lawyer in Redmond | Get Legal Help Today\" \/>\n<meta property=\"og:description\" content=\"Partner with a Redmond car accident lawyer from Premier Law Group. We have served thousands of clients. Schedule a free case review.\" \/>\n<meta property=\"og:url\" content=\"https:\/\/plg-pllc.com\/es\/redmond\/car-accident-lawyer\/\" \/>\n<meta property=\"og:site_name\" content=\"Premier Law Group\" \/>\n<meta property=\"article:publisher\" content=\"https:\/\/www.facebook.com\/premierlawgroup\" \/>\n<meta property=\"article:modified_time\" content=\"2026-02-27T18:57:40+00:00\" \/>\n<meta name=\"twitter:card\" content=\"summary_large_image\" \/>\n<meta name=\"twitter:site\" content=\"@premierlawgroup\" \/>\n<meta name=\"twitter:label1\" content=\"Tiempo de lectura\" \/>\n\t<meta name=\"twitter:data1\" content=\"5 minutos\" \/>\n<script type=\"application\/ld+json\" class=\"yoast-schema-graph\">{\"@context\":\"https:\\\/\\\/schema.org\",\"@graph\":[{\"@type\":\"WebPage\",\"@id\":\"https:\\\/\\\/plg-pllc.com\\\/redmond\\\/car-accident-lawyer\\\/\",\"url\":\"https:\\\/\\\/plg-pllc.com\\\/redmond\\\/car-accident-lawyer\\\/\",\"name\":\"Car Accident Lawyer in Redmond | Get Legal Help Today\",\"isPartOf\":{\"@id\":\"https:\\\/\\\/plg-pllc.com\\\/#website\"},\"datePublished\":\"2025-08-15T23:41:34+00:00\",\"dateModified\":\"2026-02-27T18:57:40+00:00\",\"description\":\"Partner with a Redmond car accident lawyer from Premier Law Group. We have served thousands of clients. Schedule a free case review.\",\"breadcrumb\":{\"@id\":\"https:\\\/\\\/plg-pllc.com\\\/redmond\\\/car-accident-lawyer\\\/#breadcrumb\"},\"inLanguage\":\"es\",\"potentialAction\":[{\"@type\":\"ReadAction\",\"target\":[\"https:\\\/\\\/plg-pllc.com\\\/redmond\\\/car-accident-lawyer\\\/\"]}]},{\"@type\":\"BreadcrumbList\",\"@id\":\"https:\\\/\\\/plg-pllc.com\\\/redmond\\\/car-accident-lawyer\\\/#breadcrumb\",\"itemListElement\":[{\"@type\":\"ListItem\",\"position\":1,\"name\":\"Home\",\"item\":\"https:\\\/\\\/plg-pllc.com\\\/es\\\/\"},{\"@type\":\"ListItem\",\"position\":2,\"name\":\"Redmond Personal Injury Lawyer\",\"item\":\"https:\\\/\\\/plg-pllc.com\\\/es\\\/redmond\\\/personal-injury-lawyer\\\/\"},{\"@type\":\"ListItem\",\"position\":3,\"name\":\"Redmond Car Accident Lawyer\"}]},{\"@type\":\"WebSite\",\"@id\":\"https:\\\/\\\/plg-pllc.com\\\/#website\",\"url\":\"https:\\\/\\\/plg-pllc.com\\\/\",\"name\":\"Premier Law Group\",\"description\":\"Washington Wrongful Death and Serious Injury Lawyer\",\"publisher\":{\"@id\":\"https:\\\/\\\/plg-pllc.com\\\/#organization\"},\"inLanguage\":\"es\"},{\"@type\":\"Organization\",\"@id\":\"https:\\\/\\\/plg-pllc.com\\\/#organization\",\"name\":\"Premier Law Group\",\"url\":\"https:\\\/\\\/plg-pllc.com\\\/\",\"logo\":{\"@type\":\"ImageObject\",\"inLanguage\":\"es\",\"@id\":\"https:\\\/\\\/plg-pllc.com\\\/#\\\/schema\\\/logo\\\/image\\\/\",\"url\":\"https:\\\/\\\/plg-pllc.com\\\/wp-content\\\/uploads\\\/2020\\\/10\\\/plg-logo-v2.gif\",\"contentUrl\":\"https:\\\/\\\/plg-pllc.com\\\/wp-content\\\/uploads\\\/2020\\\/10\\\/plg-logo-v2.gif\",\"width\":592,\"height\":191,\"caption\":\"Premier Law Group\"},\"image\":{\"@id\":\"https:\\\/\\\/plg-pllc.com\\\/#\\\/schema\\\/logo\\\/image\\\/\"},\"sameAs\":[\"https:\\\/\\\/www.facebook.com\\\/premierlawgroup\",\"https:\\\/\\\/x.com\\\/premierlawgroup\"]}]}<\/script>\n<!-- \/ Yoast SEO plugin. -->","yoast_head_json":{"title":"Abogado de accidentes de tr\u00e1fico en Redmond | Obtenga ayuda legal hoy mismo","description":"Colabore con un abogado especializado en accidentes de auto de Premier Law Group en Redmond. Hemos atendido a miles de clientes. Programe una consulta gratuita.","robots":{"index":"index","follow":"follow","max-snippet":"max-snippet:-1","max-image-preview":"max-image-preview:large","max-video-preview":"max-video-preview:-1"},"canonical":"https:\/\/plg-pllc.com\/es\/redmond\/car-accident-lawyer\/","og_locale":"es_MX","og_type":"article","og_title":"Car Accident Lawyer in Redmond | Get Legal Help Today","og_description":"Partner with a Redmond car accident lawyer from Premier Law Group. We have served thousands of clients. Schedule a free case review.","og_url":"https:\/\/plg-pllc.com\/es\/redmond\/car-accident-lawyer\/","og_site_name":"Premier Law Group","article_publisher":"https:\/\/www.facebook.com\/premierlawgroup","article_modified_time":"2026-02-27T18:57:40+00:00","twitter_card":"summary_large_image","twitter_site":"@premierlawgroup","twitter_misc":{"Tiempo de lectura":"5 minutos"},"schema":{"@context":"https:\/\/schema.org","@graph":[{"@type":"WebPage","@id":"https:\/\/plg-pllc.com\/redmond\/car-accident-lawyer\/","url":"https:\/\/plg-pllc.com\/redmond\/car-accident-lawyer\/","name":"Abogado de accidentes de tr\u00e1fico en Redmond | Obtenga ayuda legal hoy mismo","isPartOf":{"@id":"https:\/\/plg-pllc.com\/#website"},"datePublished":"2025-08-15T23:41:34+00:00","dateModified":"2026-02-27T18:57:40+00:00","description":"Colabore con un abogado especializado en accidentes de auto de Premier Law Group en Redmond. Hemos atendido a miles de clientes. Programe una consulta gratuita.","breadcrumb":{"@id":"https:\/\/plg-pllc.com\/redmond\/car-accident-lawyer\/#breadcrumb"},"inLanguage":"es","potentialAction":[{"@type":"ReadAction","target":["https:\/\/plg-pllc.com\/redmond\/car-accident-lawyer\/"]}]},{"@type":"BreadcrumbList","@id":"https:\/\/plg-pllc.com\/redmond\/car-accident-lawyer\/#breadcrumb","itemListElement":[{"@type":"ListItem","position":1,"name":"Home","item":"https:\/\/plg-pllc.com\/es\/"},{"@type":"ListItem","position":2,"name":"Redmond Personal Injury Lawyer","item":"https:\/\/plg-pllc.com\/es\/redmond\/personal-injury-lawyer\/"},{"@type":"ListItem","position":3,"name":"Redmond Car Accident Lawyer"}]},{"@type":"WebSite","@id":"https:\/\/plg-pllc.com\/#website","url":"https:\/\/plg-pllc.com\/","name":"Grupo de abogados Premier","description":"Abogado de muerte por negligencia y lesiones graves en Washington","publisher":{"@id":"https:\/\/plg-pllc.com\/#organization"},"inLanguage":"es"},{"@type":"Organization","@id":"https:\/\/plg-pllc.com\/#organization","name":"Grupo de abogados Premier","url":"https:\/\/plg-pllc.com\/","logo":{"@type":"ImageObject","inLanguage":"es","@id":"https:\/\/plg-pllc.com\/#\/schema\/logo\/image\/","url":"https:\/\/plg-pllc.com\/wp-content\/uploads\/2020\/10\/plg-logo-v2.gif","contentUrl":"https:\/\/plg-pllc.com\/wp-content\/uploads\/2020\/10\/plg-logo-v2.gif","width":592,"height":191,"caption":"Premier Law Group"},"image":{"@id":"https:\/\/plg-pllc.com\/#\/schema\/logo\/image\/"},"sameAs":["https:\/\/www.facebook.com\/premierlawgroup","https:\/\/x.com\/premierlawgroup"]}]}},"_links":{"self":[{"href":"https:\/\/plg-pllc.com\/es\/wp-json\/wp\/v2\/pages\/21385","targetHints":{"allow":["GET"]}}],"collection":[{"href":"https:\/\/plg-pllc.com\/es\/wp-json\/wp\/v2\/pages"}],"about":[{"href":"https:\/\/plg-pllc.com\/es\/wp-json\/wp\/v2\/types\/page"}],"author":[{"embeddable":true,"href":"https:\/\/plg-pllc.com\/es\/wp-json\/wp\/v2\/users\/60"}],"replies":[{"embeddable":true,"href":"https:\/\/plg-pllc.com\/es\/wp-json\/wp\/v2\/comments?post=21385"}],"version-history":[{"count":0,"href":"https:\/\/plg-pllc.com\/es\/wp-json\/wp\/v2\/pages\/21385\/revisions"}],"up":[{"embeddable":true,"href":"https:\/\/plg-pllc.com\/es\/wp-json\/wp\/v2\/pages\/20288"}],"wp:attachment":[{"href":"https:\/\/plg-pllc.com\/es\/wp-json\/wp\/v2\/media?parent=21385"}],"wp:term":[{"taxonomy":"hc_faqs","embeddable":true,"href":"https:\/\/plg-pllc.com\/es\/wp-json\/wp\/v2\/hc_faqs?post=21385"}],"curies":[{"name":"gracias","href":"https:\/\/api.w.org\/{rel}","templated":true}]}}