{"id":21386,"date":"2025-08-15T16:45:47","date_gmt":"2025-08-15T23:45:47","guid":{"rendered":"https:\/\/plg-pllc.com\/?page_id=21386"},"modified":"2025-09-08T11:23:03","modified_gmt":"2025-09-08T18:23:03","slug":"faqs-how-to-get-a-police-report-for-a-car-accident","status":"publish","type":"page","link":"https:\/\/plg-pllc.com\/es\/faqs\/how-to-get-a-police-report-for-a-car-accident\/","title":{"rendered":"C\u00f3mo obtener un informe policial por un accidente automovil\u00edstico"},"content":{"rendered":"<p><span style=\"font-weight: 400;\">Obtenga un informe policial por un accidente automovil\u00edstico <\/span><b>de la Patrulla Estatal de Washington <\/b>(<b>WSP<\/b>)<span style=\"font-weight: 400;\">, a <\/span><b>oficina del sheriff del condado<\/b><span style=\"font-weight: 400;\">, o <\/span><b>un departamento de polic\u00eda local<\/b><span style=\"font-weight: 400;\">Puede solicitar su informe en l\u00ednea, por correo postal o en persona. Este informe puede ser una prueba valiosa si presenta una reclamaci\u00f3n al seguro por accidente de tr\u00e1fico o una demanda por lesiones personales.\u00a0<\/span><\/p>\n<p><span style=\"font-weight: 400;\">Conf\u00eda en nuestro <\/span><a href=\"https:\/\/plg-pllc.com\/bellevue\/car-accident-lawyer\/\"><span style=\"font-weight: 400;\">Abogado de accidentes de tr\u00e1fico en Bellevue<\/span><\/a><span style=\"font-weight: 400;\"> Para ayudarle a obtener un informe policial tras un accidente de auto. Si es necesario, su abogado puede actuar como su representante legal y defensor mientras afronta las consecuencias de su accidente.<\/span><\/p>\n<p><span style=\"font-weight: 400;\">Pueden usar su informe policial y otras pruebas para demostrar que alguien debe ser considerado responsable de su accidente y todas las p\u00e9rdidas asociadas.\u00a0<\/span><\/p>\n<h2>C\u00f3mo obtener un informe policial por un accidente automovil\u00edstico en el estado de Washington<\/h2>\n<p><span style=\"font-weight: 400;\">Obtenga un informe policial de su accidente automovil\u00edstico en Washington en l\u00ednea a trav\u00e9s de <\/span><a href=\"https:\/\/wrecr.wsp.wa.gov\/\" target=\"_blank\" rel=\"noopener\"><span style=\"font-weight: 400;\">Solicitudes de informes electr\u00f3nicos de colisi\u00f3n de Washington (WRECR)<\/span><\/a><span style=\"font-weight: 400;\"> Sitio web. Puede buscar su informe gratis en este sitio. Hay un cargo de $10.60 si compra una copia de su informe a trav\u00e9s del sitio web.<\/span><\/p>\n<p><span style=\"font-weight: 400;\">Reciba un informe policial de accidente de tr\u00e1fico por correo completando el formulario de Solicitud de Copia del Informe de Colisi\u00f3n y envi\u00e1ndolo a WSP. O bien, si desea solicitar una copia de su informe en persona, visite la oficina del sheriff del condado donde reside o su departamento de polic\u00eda local.\u00a0<\/span><\/p>\n<p><span style=\"font-weight: 400;\">Tener un abogado especializado en accidentes automovil\u00edsticos que tenga experiencia <\/span><b>historial de \u00e9xito<\/b><span style=\"font-weight: 400;\"> En casos similares al suyo, le ayudamos a obtener su informe policial sobre el accidente de auto. Juntos, usted y su abogado pueden revisarlo. Luego, podr\u00e1n decidir si emprenden acciones legales contra los responsables de su accidente.\u00a0<\/span><\/p>\n<h2>\u00bfPor qu\u00e9 deber\u00eda obtener un informe policial por su accidente automovil\u00edstico?<\/h2>\n<p><span style=\"font-weight: 400;\">Obtener un informe de colisi\u00f3n despu\u00e9s de su accidente automovil\u00edstico ahora puede marcar la diferencia si decide solicitar una indemnizaci\u00f3n por da\u00f1os y perjuicios como parte de una reclamaci\u00f3n al seguro de auto o una demanda por lesiones personales. A continuaci\u00f3n, se presentan las razones para solicitar un informe policial despu\u00e9s de su accidente automovil\u00edstico.\u00a0<\/span><\/p>\n<h3>Su informe policial establece la responsabilidad<\/h3>\n<p><span style=\"font-weight: 400;\">Ponerse en contacto con la polic\u00eda es una de las <\/span><a href=\"https:\/\/plg-pllc.com\/faqs\/5-things-you-must-do-following-a-car-accident\/\"><span style=\"font-weight: 400;\">Cosas que debes hacer despu\u00e9s de un accidente automovil\u00edstico<\/span><\/a><span style=\"font-weight: 400;\">Una vez que notifique a la polic\u00eda sobre su accidente, podr\u00e1 recibir un informe con una visi\u00f3n objetiva de lo sucedido. Este informe puede determinar qui\u00e9n es el responsable del accidente y dejar claro que alguien m\u00e1s tiene la culpa.\u00a0<\/span><\/p>\n<h3>Su informe policial incluye detalles sobre las lesiones y los da\u00f1os a la propiedad causados por su accidente automovil\u00edstico.<\/h3>\n<p><span style=\"font-weight: 400;\">Finalmente, puedes enviar una <\/span><a href=\"https:\/\/plg-pllc.com\/faqs\/can-you-claim-car-accident-without-police-report\/\"><span style=\"font-weight: 400;\">Reclamaci\u00f3n por accidente de coche sin informe policial<\/span><\/a><span style=\"font-weight: 400;\">Sin embargo, si lo hace, puede ser dif\u00edcil recibir una compensaci\u00f3n justa por los costos del tratamiento de las lesiones sufridas en el accidente y los da\u00f1os materiales causados por el incidente.<\/span><\/p>\n<p><span style=\"font-weight: 400;\">Dado que su informe policial incluye informaci\u00f3n sobre sus lesiones y da\u00f1os a la propiedad, puede ayudarle a demostrar que su reclamo es v\u00e1lido.<\/span><\/p>\n<h3>Su informe policial demuestra que usted cumple con la ley<\/h3>\n<p><span style=\"font-weight: 400;\">En Washington, debe informar a la polic\u00eda sobre los da\u00f1os causados por una colisi\u00f3n si un accidente automovil\u00edstico provoca da\u00f1os a la propiedad superiores a $1,000, lesiones o muertes.<\/span><\/p>\n<p><span style=\"font-weight: 400;\">Debes hacerlo <\/span><b>dentro de los cuatro d\u00edas posteriores a un accidente automovil\u00edstico<\/b><span style=\"font-weight: 400;\"> Si un agente de polic\u00eda no acude al lugar del accidente, si no presenta una denuncia, podr\u00eda enfrentar sanciones y problemas si intenta responsabilizar a la parte responsable de su accidente.\u00a0<\/span><\/p>\n<p><span style=\"font-weight: 400;\">Cuando tenga dudas sobre si debe solicitar un informe policial por su colisi\u00f3n automovil\u00edstica, re\u00fanase con un abogado de accidentes automovil\u00edsticos que haya ayudado a clientes anteriores a lograr un resultado sobresaliente. <\/span><a href=\"https:\/\/plg-pllc.com\/case-results\/\"><span style=\"font-weight: 400;\">resultados del caso<\/span><\/a><span style=\"font-weight: 400;\">Su abogado le explicar\u00e1 por qu\u00e9 le conviene informar a la polic\u00eda sobre su accidente y obtener un informe de inmediato.<\/span><\/p>\n<h2>\u00bfCu\u00e1nto tiempo se tarda en obtener un informe policial por un accidente automovil\u00edstico?<\/h2>\n<p><span style=\"font-weight: 400;\">Por lo general, toma <\/span><b>de dos a cuatro semanas<\/b><span style=\"font-weight: 400;\"> Para recibir una copia de su informe policial de accidente de auto. La gravedad de su accidente, el tiempo y los recursos necesarios para investigar el incidente, la carga de trabajo del departamento de polic\u00eda y otros factores determinar\u00e1n el tiempo necesario para completar su informe.\u00a0<\/span><\/p>\n<p><span style=\"font-weight: 400;\">Un abogado de accidentes automovil\u00edsticos utilizar\u00e1 su informe policial junto con fotograf\u00edas de la escena del accidente, declaraciones de testigos y otras pruebas para construir su caso contra la parte responsable.<\/span><\/p>\n<p><span style=\"font-weight: 400;\">Si su abogado tiene una amplia gama de pruebas, la parte responsable de su accidente automovil\u00edstico o su aseguradora pueden tener dificultades para disputar su reclamo.\u00a0<\/span><\/p>\n<p><span style=\"font-weight: 400;\">Su abogado puede negociar un acuerdo por accidente de auto con la compa\u00f1\u00eda de seguros de la parte responsable. Puede citar su informe policial y otras pruebas para intentar obtener una indemnizaci\u00f3n que se ajuste a sus expectativas. Por supuesto, si no se llega a un acuerdo con la aseguradora, su abogado puede llevar su caso a juicio y compartir su informe policial y otras pruebas con un juez o jurado.<\/span><\/p>\n\n        <div class=\"rs-content-cta long\">\n            <p>Para una consulta legal GRATUITA, llame al <a href=\"tel:+12062851743\">(206) 285-1743 <\/a><\/p>\n            <a href=\"https:\/\/plg-pllc.com\/es\/contact-us\/\" title=\"OBTENGA UNA EVALUACI\u00d3N DE CASO GRATUITA\" class=\"btn-global\">OBTENGA UNA EVALUACI\u00d3N DE CASO GRATUITA<\/a>\n                    <picture>\n                            <source srcset=\"https:\/\/plg-pllc.com\/wp-content\/themes\/plg-pllc-redesign\/assets\/app\/img\/cta-thumb.webp\" type=\"image\/webp\"\/>\n                            <img src=\"https:\/\/plg-pllc.com\/wp-content\/themes\/plg-pllc-redesign\/assets\/app\/img\/cta-thumb.png\" alt=\"Grupo de abogados Premier\" title=\"Grupo de abogados Premier\" width=\"245\" height=\"220\" loading=\"auto\" fetchpriority=\"auto\" decoding=\"async\"\/>\n        <\/picture>\n        \n        <\/div><h2>Lo esencial sobre c\u00f3mo obtener un informe policial de accidente automovil\u00edstico<\/h2>\n<p><span style=\"font-weight: 400;\">Llame al 911 en el lugar de un accidente de tr\u00e1fico para denunciarlo a la polic\u00eda. Si no lo hace, puede denunciarlo a la polic\u00eda en cuesti\u00f3n de d\u00edas.<\/span><\/p>\n<p><span style=\"font-weight: 400;\">Despu\u00e9s de informar a la polic\u00eda sobre su accidente, podr\u00e1 acceder a un informe de colisi\u00f3n semanas despu\u00e9s. Este informe puede ayudarle a demostrar que no tiene ninguna responsabilidad por el accidente.\u00a0<\/span><\/p>\n<p><span style=\"font-weight: 400;\">Premier Law Group ofrece servicios legales integrales y apoyo a las v\u00edctimas de accidentes automovil\u00edsticos y sus familias. Nuestro equipo cuenta con... <\/span><b>M\u00e1s de 55 a\u00f1os de experiencia combinada<\/b><span style=\"font-weight: 400;\">.<\/span><\/p>\n<p><span style=\"font-weight: 400;\">Tras un accidente de auto, podemos ayudarle a obtener su informe policial y a asistirle con otros aspectos de su caso de colisi\u00f3n. Para m\u00e1s informaci\u00f3n, solicite una revisi\u00f3n gratuita de su caso.<\/span><\/p>\n\n        <div class=\"rs-content-cta\">\n            <p>Llamar o enviar mensaje de texto <a href=\"tel:+12062851743\">(206) 285-1743<\/a> o complete un formulario de evaluaci\u00f3n de caso gratuito<\/p>\n            <a href=\"https:\/\/plg-pllc.com\/es\/contact-us\/\" title=\"OBTENGA UNA EVALUACI\u00d3N DE CASO GRATUITA\" class=\"btn-global\">OBTENGA UNA EVALUACI\u00d3N DE CASO GRATUITA<\/a>\n                    <picture>\n                            <source srcset=\"https:\/\/plg-pllc.com\/wp-content\/themes\/plg-pllc-redesign\/assets\/app\/img\/cta-thumb.webp\" type=\"image\/webp\"\/>\n                            <img src=\"https:\/\/plg-pllc.com\/wp-content\/themes\/plg-pllc-redesign\/assets\/app\/img\/cta-thumb.png\" alt=\"Grupo de abogados Premier\" title=\"Grupo de abogados Premier\" width=\"245\" height=\"220\" loading=\"auto\" fetchpriority=\"auto\" decoding=\"async\"\/>\n        <\/picture>\n        \n        <\/div>","protected":false},"excerpt":{"rendered":"<p>Obtenga un informe policial de accidente de auto de la Patrulla Estatal de Washington (WSP), la oficina del sheriff del condado o el departamento de polic\u00eda local. Puede solicitarlo en l\u00ednea, por correo o en persona. El informe puede ser una prueba valiosa si presenta una reclamaci\u00f3n al seguro por accidente de auto o una demanda por lesiones personales.<\/p>","protected":false},"author":60,"featured_media":21387,"parent":20714,"menu_order":0,"comment_status":"closed","ping_status":"closed","template":"","meta":{"_acf_changed":false,"_genesis_hide_title":false,"_genesis_hide_breadcrumbs":false,"_genesis_hide_singular_image":false,"_genesis_hide_footer_widgets":false,"_genesis_custom_body_class":"","_genesis_custom_post_class":"","_genesis_layout":"","footnotes":""},"hc_faqs":[10344],"class_list":{"0":"post-21386","1":"page","2":"type-page","3":"status-publish","4":"has-post-thumbnail","6":"hc_faqs-car-accident","7":"entry"},"acf":[],"yoast_head":"<!-- This site is optimized with the Yoast SEO plugin v27.4 - https:\/\/yoast.com\/product\/yoast-seo-wordpress\/ -->\n<title>How to Obtain a Police Report for a Car Accident<\/title>\n<meta name=\"description\" content=\"Wondering how to get a police report for a car accident? Here is what you need to know about how to obtain a car accident police report.\" \/>\n<meta name=\"robots\" content=\"index, follow, max-snippet:-1, max-image-preview:large, max-video-preview:-1\" \/>\n<link rel=\"canonical\" href=\"https:\/\/plg-pllc.com\/es\/faqs\/how-to-get-a-police-report-for-a-car-accident\/\" \/>\n<meta property=\"og:locale\" content=\"es_MX\" \/>\n<meta property=\"og:type\" content=\"article\" \/>\n<meta property=\"og:title\" content=\"How to Obtain a Police Report for a Car Accident\" \/>\n<meta property=\"og:description\" content=\"Wondering how to get a police report for a car accident? Here is what you need to know about how to obtain a car accident police report.\" \/>\n<meta property=\"og:url\" content=\"https:\/\/plg-pllc.com\/es\/faqs\/how-to-get-a-police-report-for-a-car-accident\/\" \/>\n<meta property=\"og:site_name\" content=\"Premier Law Group\" \/>\n<meta property=\"article:publisher\" content=\"https:\/\/www.facebook.com\/premierlawgroup\" \/>\n<meta property=\"article:modified_time\" content=\"2025-09-08T18:23:03+00:00\" \/>\n<meta property=\"og:image\" content=\"https:\/\/plg-pllc.com\/wp-content\/uploads\/2025\/08\/how-to-get-a-police-report-for-a-car-accident.jpg\" \/>\n\t<meta property=\"og:image:width\" content=\"1000\" \/>\n\t<meta property=\"og:image:height\" content=\"563\" \/>\n\t<meta property=\"og:image:type\" content=\"image\/jpeg\" \/>\n<meta name=\"twitter:card\" content=\"summary_large_image\" \/>\n<meta name=\"twitter:site\" content=\"@premierlawgroup\" \/>\n<meta name=\"twitter:label1\" content=\"Tiempo de lectura\" \/>\n\t<meta name=\"twitter:data1\" content=\"5 minutos\" \/>\n<script type=\"application\/ld+json\" class=\"yoast-schema-graph\">{\"@context\":\"https:\\\/\\\/schema.org\",\"@graph\":[{\"@type\":\"WebPage\",\"@id\":\"https:\\\/\\\/plg-pllc.com\\\/faqs\\\/how-to-get-a-police-report-for-a-car-accident\\\/\",\"url\":\"https:\\\/\\\/plg-pllc.com\\\/faqs\\\/how-to-get-a-police-report-for-a-car-accident\\\/\",\"name\":\"How to Obtain a Police Report for a Car Accident\",\"isPartOf\":{\"@id\":\"https:\\\/\\\/plg-pllc.com\\\/#website\"},\"primaryImageOfPage\":{\"@id\":\"https:\\\/\\\/plg-pllc.com\\\/faqs\\\/how-to-get-a-police-report-for-a-car-accident\\\/#primaryimage\"},\"image\":{\"@id\":\"https:\\\/\\\/plg-pllc.com\\\/faqs\\\/how-to-get-a-police-report-for-a-car-accident\\\/#primaryimage\"},\"thumbnailUrl\":\"https:\\\/\\\/plg-pllc.com\\\/wp-content\\\/uploads\\\/2025\\\/08\\\/how-to-get-a-police-report-for-a-car-accident.jpg\",\"datePublished\":\"2025-08-15T23:45:47+00:00\",\"dateModified\":\"2025-09-08T18:23:03+00:00\",\"description\":\"Wondering how to get a police report for a car accident? Here is what you need to know about how to obtain a car accident police report.\",\"breadcrumb\":{\"@id\":\"https:\\\/\\\/plg-pllc.com\\\/faqs\\\/how-to-get-a-police-report-for-a-car-accident\\\/#breadcrumb\"},\"inLanguage\":\"es\",\"potentialAction\":[{\"@type\":\"ReadAction\",\"target\":[\"https:\\\/\\\/plg-pllc.com\\\/faqs\\\/how-to-get-a-police-report-for-a-car-accident\\\/\"]}]},{\"@type\":\"ImageObject\",\"inLanguage\":\"es\",\"@id\":\"https:\\\/\\\/plg-pllc.com\\\/faqs\\\/how-to-get-a-police-report-for-a-car-accident\\\/#primaryimage\",\"url\":\"https:\\\/\\\/plg-pllc.com\\\/wp-content\\\/uploads\\\/2025\\\/08\\\/how-to-get-a-police-report-for-a-car-accident.jpg\",\"contentUrl\":\"https:\\\/\\\/plg-pllc.com\\\/wp-content\\\/uploads\\\/2025\\\/08\\\/how-to-get-a-police-report-for-a-car-accident.jpg\",\"width\":1000,\"height\":563,\"caption\":\"Police officer jotting down notes as he puts together a police report for a car accident\"},{\"@type\":\"BreadcrumbList\",\"@id\":\"https:\\\/\\\/plg-pllc.com\\\/faqs\\\/how-to-get-a-police-report-for-a-car-accident\\\/#breadcrumb\",\"itemListElement\":[{\"@type\":\"ListItem\",\"position\":1,\"name\":\"Home\",\"item\":\"https:\\\/\\\/plg-pllc.com\\\/es\\\/\"},{\"@type\":\"ListItem\",\"position\":2,\"name\":\"FAQs\",\"item\":\"https:\\\/\\\/plg-pllc.com\\\/es\\\/faqs\\\/\"},{\"@type\":\"ListItem\",\"position\":3,\"name\":\"How to Get a Police Report for a Car Accident\"}]},{\"@type\":\"WebSite\",\"@id\":\"https:\\\/\\\/plg-pllc.com\\\/#website\",\"url\":\"https:\\\/\\\/plg-pllc.com\\\/\",\"name\":\"Premier Law Group\",\"description\":\"Washington Wrongful Death and Serious Injury Lawyer\",\"publisher\":{\"@id\":\"https:\\\/\\\/plg-pllc.com\\\/#organization\"},\"inLanguage\":\"es\"},{\"@type\":\"Organization\",\"@id\":\"https:\\\/\\\/plg-pllc.com\\\/#organization\",\"name\":\"Premier Law Group\",\"url\":\"https:\\\/\\\/plg-pllc.com\\\/\",\"logo\":{\"@type\":\"ImageObject\",\"inLanguage\":\"es\",\"@id\":\"https:\\\/\\\/plg-pllc.com\\\/#\\\/schema\\\/logo\\\/image\\\/\",\"url\":\"https:\\\/\\\/plg-pllc.com\\\/wp-content\\\/uploads\\\/2020\\\/10\\\/plg-logo-v2.gif\",\"contentUrl\":\"https:\\\/\\\/plg-pllc.com\\\/wp-content\\\/uploads\\\/2020\\\/10\\\/plg-logo-v2.gif\",\"width\":592,\"height\":191,\"caption\":\"Premier Law Group\"},\"image\":{\"@id\":\"https:\\\/\\\/plg-pllc.com\\\/#\\\/schema\\\/logo\\\/image\\\/\"},\"sameAs\":[\"https:\\\/\\\/www.facebook.com\\\/premierlawgroup\",\"https:\\\/\\\/x.com\\\/premierlawgroup\"]}]}<\/script>\n<!-- \/ Yoast SEO plugin. -->","yoast_head_json":{"title":"C\u00f3mo obtener un informe policial por un accidente automovil\u00edstico","description":"\u00bfTe preguntas c\u00f3mo obtener un informe policial de un accidente de tr\u00e1fico? Aqu\u00ed tienes lo que necesitas saber.","robots":{"index":"index","follow":"follow","max-snippet":"max-snippet:-1","max-image-preview":"max-image-preview:large","max-video-preview":"max-video-preview:-1"},"canonical":"https:\/\/plg-pllc.com\/es\/faqs\/how-to-get-a-police-report-for-a-car-accident\/","og_locale":"es_MX","og_type":"article","og_title":"How to Obtain a Police Report for a Car Accident","og_description":"Wondering how to get a police report for a car accident? Here is what you need to know about how to obtain a car accident police report.","og_url":"https:\/\/plg-pllc.com\/es\/faqs\/how-to-get-a-police-report-for-a-car-accident\/","og_site_name":"Premier Law Group","article_publisher":"https:\/\/www.facebook.com\/premierlawgroup","article_modified_time":"2025-09-08T18:23:03+00:00","og_image":[{"width":1000,"height":563,"url":"https:\/\/plg-pllc.com\/wp-content\/uploads\/2025\/08\/how-to-get-a-police-report-for-a-car-accident.jpg","type":"image\/jpeg"}],"twitter_card":"summary_large_image","twitter_site":"@premierlawgroup","twitter_misc":{"Tiempo de lectura":"5 minutos"},"schema":{"@context":"https:\/\/schema.org","@graph":[{"@type":"WebPage","@id":"https:\/\/plg-pllc.com\/faqs\/how-to-get-a-police-report-for-a-car-accident\/","url":"https:\/\/plg-pllc.com\/faqs\/how-to-get-a-police-report-for-a-car-accident\/","name":"C\u00f3mo obtener un informe policial por un accidente automovil\u00edstico","isPartOf":{"@id":"https:\/\/plg-pllc.com\/#website"},"primaryImageOfPage":{"@id":"https:\/\/plg-pllc.com\/faqs\/how-to-get-a-police-report-for-a-car-accident\/#primaryimage"},"image":{"@id":"https:\/\/plg-pllc.com\/faqs\/how-to-get-a-police-report-for-a-car-accident\/#primaryimage"},"thumbnailUrl":"https:\/\/plg-pllc.com\/wp-content\/uploads\/2025\/08\/how-to-get-a-police-report-for-a-car-accident.jpg","datePublished":"2025-08-15T23:45:47+00:00","dateModified":"2025-09-08T18:23:03+00:00","description":"\u00bfTe preguntas c\u00f3mo obtener un informe policial de un accidente de tr\u00e1fico? Aqu\u00ed tienes lo que necesitas saber.","breadcrumb":{"@id":"https:\/\/plg-pllc.com\/faqs\/how-to-get-a-police-report-for-a-car-accident\/#breadcrumb"},"inLanguage":"es","potentialAction":[{"@type":"ReadAction","target":["https:\/\/plg-pllc.com\/faqs\/how-to-get-a-police-report-for-a-car-accident\/"]}]},{"@type":"ImageObject","inLanguage":"es","@id":"https:\/\/plg-pllc.com\/faqs\/how-to-get-a-police-report-for-a-car-accident\/#primaryimage","url":"https:\/\/plg-pllc.com\/wp-content\/uploads\/2025\/08\/how-to-get-a-police-report-for-a-car-accident.jpg","contentUrl":"https:\/\/plg-pllc.com\/wp-content\/uploads\/2025\/08\/how-to-get-a-police-report-for-a-car-accident.jpg","width":1000,"height":563,"caption":"Police officer jotting down notes as he puts together a police report for a car accident"},{"@type":"BreadcrumbList","@id":"https:\/\/plg-pllc.com\/faqs\/how-to-get-a-police-report-for-a-car-accident\/#breadcrumb","itemListElement":[{"@type":"ListItem","position":1,"name":"Home","item":"https:\/\/plg-pllc.com\/es\/"},{"@type":"ListItem","position":2,"name":"FAQs","item":"https:\/\/plg-pllc.com\/es\/faqs\/"},{"@type":"ListItem","position":3,"name":"How to Get a Police Report for a Car Accident"}]},{"@type":"WebSite","@id":"https:\/\/plg-pllc.com\/#website","url":"https:\/\/plg-pllc.com\/","name":"Grupo de abogados Premier","description":"Abogado de muerte por negligencia y lesiones graves en Washington","publisher":{"@id":"https:\/\/plg-pllc.com\/#organization"},"inLanguage":"es"},{"@type":"Organization","@id":"https:\/\/plg-pllc.com\/#organization","name":"Grupo de abogados Premier","url":"https:\/\/plg-pllc.com\/","logo":{"@type":"ImageObject","inLanguage":"es","@id":"https:\/\/plg-pllc.com\/#\/schema\/logo\/image\/","url":"https:\/\/plg-pllc.com\/wp-content\/uploads\/2020\/10\/plg-logo-v2.gif","contentUrl":"https:\/\/plg-pllc.com\/wp-content\/uploads\/2020\/10\/plg-logo-v2.gif","width":592,"height":191,"caption":"Premier Law Group"},"image":{"@id":"https:\/\/plg-pllc.com\/#\/schema\/logo\/image\/"},"sameAs":["https:\/\/www.facebook.com\/premierlawgroup","https:\/\/x.com\/premierlawgroup"]}]}},"_links":{"self":[{"href":"https:\/\/plg-pllc.com\/es\/wp-json\/wp\/v2\/pages\/21386","targetHints":{"allow":["GET"]}}],"collection":[{"href":"https:\/\/plg-pllc.com\/es\/wp-json\/wp\/v2\/pages"}],"about":[{"href":"https:\/\/plg-pllc.com\/es\/wp-json\/wp\/v2\/types\/page"}],"author":[{"embeddable":true,"href":"https:\/\/plg-pllc.com\/es\/wp-json\/wp\/v2\/users\/60"}],"replies":[{"embeddable":true,"href":"https:\/\/plg-pllc.com\/es\/wp-json\/wp\/v2\/comments?post=21386"}],"version-history":[{"count":0,"href":"https:\/\/plg-pllc.com\/es\/wp-json\/wp\/v2\/pages\/21386\/revisions"}],"up":[{"embeddable":true,"href":"https:\/\/plg-pllc.com\/es\/wp-json\/wp\/v2\/pages\/20714"}],"wp:featuredmedia":[{"embeddable":true,"href":"https:\/\/plg-pllc.com\/es\/wp-json\/wp\/v2\/media\/21387"}],"wp:attachment":[{"href":"https:\/\/plg-pllc.com\/es\/wp-json\/wp\/v2\/media?parent=21386"}],"wp:term":[{"taxonomy":"hc_faqs","embeddable":true,"href":"https:\/\/plg-pllc.com\/es\/wp-json\/wp\/v2\/hc_faqs?post=21386"}],"curies":[{"name":"gracias","href":"https:\/\/api.w.org\/{rel}","templated":true}]}}