{"id":21392,"date":"2025-08-19T03:17:40","date_gmt":"2025-08-19T10:17:40","guid":{"rendered":"https:\/\/plg-pllc.com\/?page_id=21392"},"modified":"2025-08-27T07:25:36","modified_gmt":"2025-08-27T14:25:36","slug":"kirkland-rideshare-accident-lawyer","status":"publish","type":"page","link":"https:\/\/plg-pllc.com\/es\/kirkland\/car-accident-lawyer\/rideshare\/","title":{"rendered":"Abogado de accidentes de viajes compartidos en Kirkland"},"content":{"rendered":"<p><span style=\"font-weight: 400;\">Intentar obtener una indemnizaci\u00f3n tras un accidente de transporte compartido puede ser abrumador, ya que las leyes, complejas y cambiantes, pueden afectar su caso. Los da\u00f1os sufridos tras un accidente pueden ser considerables, y obtener una indemnizaci\u00f3n econ\u00f3mica puede ser crucial para su recuperaci\u00f3n. Afortunadamente, un abogado especializado en accidentes de transporte compartido en Kirkland puede ayudarle.<\/span><\/p>\n<p><span style=\"font-weight: 400;\">En Premier Law Group, nos mantenemos al d\u00eda con todos los cambios en las leyes sobre accidentes en viajes compartidos para brindar la mejor representaci\u00f3n posible a nuestros clientes. Nuestro experimentado equipo de... <\/span><a href=\"https:\/\/plg-pllc.com\/kirkland\/car-accident-lawyer\/\"><span style=\"font-weight: 400;\">Abogados de accidentes automovil\u00edsticos en Kirkland<\/span><\/a><span style=\"font-weight: 400;\"> Viene equipado con <\/span><b>M\u00e1s de 55 a\u00f1os de experiencia combinada<\/b><span style=\"font-weight: 400;\">.<\/span><\/p>\n<p><span style=\"font-weight: 400;\">Estamos listos para ayudarle a conseguir el dinero que necesita. Cont\u00e1ctenos hoy mismo por tel\u00e9fono o en l\u00ednea para programar una revisi\u00f3n gratuita de su caso con un miembro de nuestro equipo. No es una consulta; es una conversaci\u00f3n.<\/span><\/p>\n<h2><span style=\"font-weight: 400;\">Lo que un abogado especializado en accidentes de viajes compartidos que presta servicios en Kirkland puede hacer para ayudarle a establecer la responsabilidad<\/span><\/h2>\n<p><span style=\"font-weight: 400;\">La responsabilidad puede ser confusa tras un accidente de transporte compartido. Las compa\u00f1\u00edas de transporte compartido suelen hacer todo lo posible para limitar su responsabilidad en caso de accidente. Establecen varias barreras que les ayudan a evitar tener que pagar a las v\u00edctimas de lesiones el dinero que necesitan despu\u00e9s de un accidente.<\/span><\/p>\n<p><span style=\"font-weight: 400;\">Una de las principales formas en que estas empresas limitan su responsabilidad es <\/span><b>clasificar a sus conductores como contratistas independientes<\/b><span style=\"font-weight: 400;\"> En lugar de empleados. Etiquetar a sus conductores de esta manera ayuda a limitar su exposici\u00f3n en caso de accidente y tambi\u00e9n significa que no est\u00e1n obligados a brindarles todos los beneficios que reciben los empleados regulares.<\/span><\/p>\n<p><span style=\"font-weight: 400;\">A pesar de los esfuerzos de las compa\u00f1\u00edas de viajes compartidos por distanciarse de sus conductores y limitar su responsabilidad legal, a\u00fan existen muchas situaciones en las que estas compa\u00f1\u00edas deben indemnizar tras un accidente. Adem\u00e1s de los conductores de viajes compartidos y las compa\u00f1\u00edas para las que trabajan, otras partes tambi\u00e9n podr\u00edan tener cierto grado de responsabilidad por sus lesiones, incluyendo:<\/span><\/p>\n<ul>\n<li style=\"font-weight: 400;\" aria-level=\"1\"><b>El fabricante<\/b><span style=\"font-weight: 400;\"> de uno de los veh\u00edculos o partes de autom\u00f3viles involucrados<\/span><\/li>\n<li style=\"font-weight: 400;\" aria-level=\"1\"><b>Otro conductor <\/b><span style=\"font-weight: 400;\">\u00bfQui\u00e9n estuvo involucrado en el accidente?<\/span><\/li>\n<li style=\"font-weight: 400;\" aria-level=\"1\"><b>Un organismo gubernamental<\/b><span style=\"font-weight: 400;\"> Responsable del mantenimiento de la carretera donde ocurri\u00f3 el accidente<\/span><\/li>\n<li style=\"font-weight: 400;\" aria-level=\"1\"><b>Un tercero<\/b><span style=\"font-weight: 400;\"> cuyas acciones provocaron el accidente<\/span><\/li>\n<\/ul>\n<p><span style=\"font-weight: 400;\">Un experimentado <\/span><a href=\"https:\/\/plg-pllc.com\/kirkland\/personal-injury-lawyer\/\"><span style=\"font-weight: 400;\">Abogado de lesiones personales en Kirkland<\/span><\/a><span style=\"font-weight: 400;\"> Puede ayudarle a determinar qui\u00e9n tiene la culpa para que pueda recuperar la compensaci\u00f3n que necesita y merece.<\/span><\/p>\n<h2><span style=\"font-weight: 400;\">Cobertura del seguro de viajes compartidos despu\u00e9s de un accidente<\/span><\/h2>\n<p><span style=\"font-weight: 400;\">Una vez que haya determinado qui\u00e9n fue responsable del accidente, el siguiente paso es presentar una reclamaci\u00f3n contra la parte responsable o su aseguradora. Si un conductor de viajes compartidos caus\u00f3 su accidente, debe conocer sus opciones para presentar una reclamaci\u00f3n ante la aseguradora de la compa\u00f1\u00eda.\u00a0<\/span><\/p>\n<p><span style=\"font-weight: 400;\">La aplicaci\u00f3n de la cobertura del seguro de la compa\u00f1\u00eda depende de la situaci\u00f3n del conductor en el momento del accidente.<\/span><\/p>\n<h3><span style=\"font-weight: 400;\">El conductor de viajes compartidos no ha iniciado sesi\u00f3n en la aplicaci\u00f3n<\/span><\/h3>\n<p><span style=\"font-weight: 400;\">En caso de accidente entre un conductor de viajes compartidos y no estar conectado a la aplicaci\u00f3n, la compa\u00f1\u00eda no se responsabiliza de los da\u00f1os causados. En este caso, se considera que el conductor est\u00e1 fuera de servicio y en su tiempo libre, lo que significa que la responsabilidad del accidente recae exclusivamente sobre \u00e9l.<\/span><\/p>\n<p><span style=\"font-weight: 400;\">Para recuperar una compensaci\u00f3n, deber\u00e1 presentar un reclamo ante el proveedor de seguros del conductor o presentar una demanda contra el conductor si no tiene suficiente cobertura de seguro.<\/span><\/p>\n<h3><span style=\"font-weight: 400;\">El conductor de viajes compartidos ha iniciado sesi\u00f3n en la aplicaci\u00f3n, pero no ha aceptado un viaje.<\/span><\/h3>\n<p><span style=\"font-weight: 400;\">Cuando el conductor inicia sesi\u00f3n en la aplicaci\u00f3n de viajes compartidos, pero a\u00fan no acepta una solicitud de viaje, la cobertura del seguro de la compa\u00f1\u00eda de viajes compartidos se activa con una cobertura limitada. En este caso, la compa\u00f1\u00eda tiene responsabilidad limitada.\u00a0<\/span><\/p>\n<p><span style=\"font-weight: 400;\">Sin embargo, antes de presentar una reclamaci\u00f3n a su aseguradora, debe hacerlo con la aseguradora del conductor. Si los da\u00f1os superan los l\u00edmites de cobertura del conductor, podr\u00e1 presentar una reclamaci\u00f3n a la aseguradora de la compa\u00f1\u00eda, quien cubrir\u00e1 sus da\u00f1os de forma limitada.\u00a0<\/span><\/p>\n<p><span style=\"font-weight: 400;\">Si los da\u00f1os a\u00fan exceden los l\u00edmites de cobertura de la p\u00f3liza de la compa\u00f1\u00eda de viajes compartidos, puede buscar una compensaci\u00f3n adicional a trav\u00e9s de una demanda.<\/span><\/p>\n<h3><span style=\"font-weight: 400;\">El conductor de viajes compartidos ha iniciado sesi\u00f3n en la aplicaci\u00f3n y ha aceptado un viaje.<\/span><\/h3>\n<p><span style=\"font-weight: 400;\">En cuanto un conductor de viajes compartidos acepta un viaje, la p\u00f3liza de seguro de la compa\u00f1\u00eda entra en vigor. Esto aplica independientemente de si el conductor ya ha recogido al pasajero. Una vez activada, la p\u00f3liza de la compa\u00f1\u00eda... <\/span><b>cubre da\u00f1os hasta $1,000,000<\/b><span style=\"font-weight: 400;\">.<\/span><\/p>\n<p><span style=\"font-weight: 400;\">Sin embargo, al igual que en las otras situaciones, primero debe presentar un reclamo ante el proveedor de seguro del conductor y solo puede aprovechar la cobertura de la compa\u00f1\u00eda de viajes compartidos si los da\u00f1os exceden los l\u00edmites de la p\u00f3liza de seguro del conductor.<\/span><\/p>\n<h2><span style=\"font-weight: 400;\">Preste atenci\u00f3n al plazo de prescripci\u00f3n al solicitar una indemnizaci\u00f3n despu\u00e9s de un accidente<\/span><\/h2>\n<p><span style=\"font-weight: 400;\">Al intentar recuperar una compensaci\u00f3n por los da\u00f1os sufridos en un accidente de viaje compartido, es fundamental que preste atenci\u00f3n a todos los plazos de presentaci\u00f3n que correspondan. <\/span><a href=\"https:\/\/app.leg.wa.gov\/rcw\/default.aspx?cite=4.16.080\" target=\"_blank\" rel=\"noopener\"><span style=\"font-weight: 400;\">Ley de Armas Reconstructivas 4.16.080<\/span><\/a><span style=\"font-weight: 400;\">El plazo de prescripci\u00f3n de las lesiones personales en Washington es<\/span><b> tres a\u00f1os<\/b><span style=\"font-weight: 400;\">Si no presenta su solicitud antes de que transcurra el plazo de tres a\u00f1os, es posible que se quede sin opciones para recuperar la compensaci\u00f3n.<\/span><\/p>\n<p><span style=\"font-weight: 400;\">Contratar a un abogado experto en accidentes de viajes compartidos en Kirkland es fundamental para garantizar que cumpla con todos los plazos. Es importante tener en cuenta que pueden aplicarse excepciones que alteren el plazo para presentar la demanda. Su abogado puede identificar cualquier excepci\u00f3n en su caso y garantizar que toda la documentaci\u00f3n se presente de forma precisa y puntual.<\/span><\/p>\n<p><span style=\"font-weight: 400;\">Otra ventaja de contratar a un abogado poco despu\u00e9s de su accidente es que estar\u00e1 en una posici\u00f3n ideal para recopilar pruebas antes de que se pierdan o se corrompan. Tambi\u00e9n le permite hablar con los testigos mientras a\u00fan recuerdan con claridad los detalles del accidente.<\/span><\/p>\n\n        <div class=\"rs-content-cta long\">\n            <p>Para una consulta legal GRATUITA con un abogado de accidentes de viajes compartidos que atiende a Kirkland, llame al <a href=\"tel:+12062851743\">(206) 285-1743 <\/a><\/p>\n            <a href=\"https:\/\/plg-pllc.com\/es\/contact-us\/\" title=\"OBTENGA UNA EVALUACI\u00d3N DE CASO GRATUITA\" class=\"btn-global\">OBTENGA UNA EVALUACI\u00d3N DE CASO GRATUITA<\/a>\n                    <picture>\n                            <source srcset=\"https:\/\/plg-pllc.com\/wp-content\/themes\/plg-pllc-redesign\/assets\/app\/img\/cta-thumb.webp\" type=\"image\/webp\"\/>\n                            <img src=\"https:\/\/plg-pllc.com\/wp-content\/themes\/plg-pllc-redesign\/assets\/app\/img\/cta-thumb.png\" alt=\"Grupo de abogados Premier\" title=\"Grupo de abogados Premier\" width=\"245\" height=\"220\" loading=\"auto\" fetchpriority=\"auto\" decoding=\"async\"\/>\n        <\/picture>\n        \n        <\/div><h2><span style=\"font-weight: 400;\">Contrate hoy mismo los servicios de un abogado con experiencia en accidentes de viajes compartidos en Kirkland<\/span><\/h2>\n<p><span style=\"font-weight: 400;\">Tras sufrir da\u00f1os en un accidente de viaje compartido, es importante contratar a un abogado con experiencia en accidentes de viaje compartido que preste servicios en Kirkland. En Premier Law Group, contamos con... <\/span><b>recuperado m\u00e1s de $100 millones<\/b><span style=\"font-weight: 400;\"> en da\u00f1os desde que abrimos nuestras puertas en 2001.<\/span><\/p>\n<p><span style=\"font-weight: 400;\">Cont\u00e1ctenos por tel\u00e9fono o a trav\u00e9s de nuestro sitio web para programar una consulta gratuita con un miembro de nuestro equipo legal. Escucharemos su caso, responderemos a todas sus preguntas y le informaremos sobre sus opciones legales para obtener una indemnizaci\u00f3n.<\/span><\/p>\n\n        <div class=\"rs-content-cta\">\n            <p>Llamar o enviar mensaje de texto <a href=\"tel:+12062851743\">(206) 285-1743<\/a> o complete un formulario de evaluaci\u00f3n de caso gratuito<\/p>\n            <a href=\"https:\/\/plg-pllc.com\/es\/contact-us\/\" title=\"OBTENGA UNA EVALUACI\u00d3N DE CASO GRATUITA\" class=\"btn-global\">OBTENGA UNA EVALUACI\u00d3N DE CASO GRATUITA<\/a>\n                    <picture>\n                            <source srcset=\"https:\/\/plg-pllc.com\/wp-content\/themes\/plg-pllc-redesign\/assets\/app\/img\/cta-thumb.webp\" type=\"image\/webp\"\/>\n                            <img src=\"https:\/\/plg-pllc.com\/wp-content\/themes\/plg-pllc-redesign\/assets\/app\/img\/cta-thumb.png\" alt=\"Grupo de abogados Premier\" title=\"Grupo de abogados Premier\" width=\"245\" height=\"220\" loading=\"auto\" fetchpriority=\"auto\" decoding=\"async\"\/>\n        <\/picture>\n        \n        <\/div>","protected":false},"excerpt":{"rendered":"<p>Intentar obtener una indemnizaci\u00f3n tras un accidente de viaje compartido puede ser abrumador, ya que las leyes, complejas y cambiantes, pueden afectar su caso. Los da\u00f1os sufridos tras un accidente pueden ser considerables, y obtener una indemnizaci\u00f3n econ\u00f3mica puede ser crucial para su recuperaci\u00f3n. Afortunadamente, un abogado especializado en accidentes de viaje compartido en Kirkland puede ayudarle. En Premier Law Group, mantenemos...<\/p>","protected":false},"author":59,"featured_media":0,"parent":19734,"menu_order":0,"comment_status":"closed","ping_status":"closed","template":"","meta":{"_acf_changed":false,"_genesis_hide_title":false,"_genesis_hide_breadcrumbs":false,"_genesis_hide_singular_image":false,"_genesis_hide_footer_widgets":false,"_genesis_custom_body_class":"","_genesis_custom_post_class":"","_genesis_layout":"","footnotes":""},"hc_faqs":[],"class_list":{"0":"post-21392","1":"page","2":"type-page","3":"status-publish","5":"hc_city_location-kirkland","6":"entry"},"acf":[],"yoast_head":"<!-- This site is optimized with the Yoast SEO plugin v27.4 - https:\/\/yoast.com\/product\/yoast-seo-wordpress\/ -->\n<title>Rideshare Accident Lawyer in Kirkland | Free Case Evaluation<\/title>\n<meta name=\"description\" content=\"Recovering compensation after a rideshare accident can be challenging. Learn more about how a Kirkland rideshare accident lawyer can help.\" \/>\n<meta name=\"robots\" content=\"index, follow, max-snippet:-1, max-image-preview:large, max-video-preview:-1\" \/>\n<link rel=\"canonical\" href=\"https:\/\/plg-pllc.com\/es\/kirkland\/car-accident-lawyer\/rideshare\/\" \/>\n<meta property=\"og:locale\" content=\"es_MX\" \/>\n<meta property=\"og:type\" content=\"article\" \/>\n<meta property=\"og:title\" content=\"Rideshare Accident Lawyer in Kirkland | Free Case Evaluation\" \/>\n<meta property=\"og:description\" content=\"Recovering compensation after a rideshare accident can be challenging. Learn more about how a Kirkland rideshare accident lawyer can help.\" \/>\n<meta property=\"og:url\" content=\"https:\/\/plg-pllc.com\/es\/kirkland\/car-accident-lawyer\/rideshare\/\" \/>\n<meta property=\"og:site_name\" content=\"Premier Law Group\" \/>\n<meta property=\"article:publisher\" content=\"https:\/\/www.facebook.com\/premierlawgroup\" \/>\n<meta property=\"article:modified_time\" content=\"2025-08-27T14:25:36+00:00\" \/>\n<meta name=\"twitter:card\" content=\"summary_large_image\" \/>\n<meta name=\"twitter:site\" content=\"@premierlawgroup\" \/>\n<meta name=\"twitter:label1\" content=\"Tiempo de lectura\" \/>\n\t<meta name=\"twitter:data1\" content=\"5 minutos\" \/>\n<script type=\"application\/ld+json\" class=\"yoast-schema-graph\">{\"@context\":\"https:\\\/\\\/schema.org\",\"@graph\":[{\"@type\":\"WebPage\",\"@id\":\"https:\\\/\\\/plg-pllc.com\\\/kirkland\\\/car-accident-lawyer\\\/rideshare\\\/\",\"url\":\"https:\\\/\\\/plg-pllc.com\\\/kirkland\\\/car-accident-lawyer\\\/rideshare\\\/\",\"name\":\"Rideshare Accident Lawyer in Kirkland | Free Case Evaluation\",\"isPartOf\":{\"@id\":\"https:\\\/\\\/plg-pllc.com\\\/#website\"},\"datePublished\":\"2025-08-19T10:17:40+00:00\",\"dateModified\":\"2025-08-27T14:25:36+00:00\",\"description\":\"Recovering compensation after a rideshare accident can be challenging. Learn more about how a Kirkland rideshare accident lawyer can help.\",\"breadcrumb\":{\"@id\":\"https:\\\/\\\/plg-pllc.com\\\/kirkland\\\/car-accident-lawyer\\\/rideshare\\\/#breadcrumb\"},\"inLanguage\":\"es\",\"potentialAction\":[{\"@type\":\"ReadAction\",\"target\":[\"https:\\\/\\\/plg-pllc.com\\\/kirkland\\\/car-accident-lawyer\\\/rideshare\\\/\"]}]},{\"@type\":\"BreadcrumbList\",\"@id\":\"https:\\\/\\\/plg-pllc.com\\\/kirkland\\\/car-accident-lawyer\\\/rideshare\\\/#breadcrumb\",\"itemListElement\":[{\"@type\":\"ListItem\",\"position\":1,\"name\":\"Home\",\"item\":\"https:\\\/\\\/plg-pllc.com\\\/es\\\/\"},{\"@type\":\"ListItem\",\"position\":2,\"name\":\"Kirkland Personal Injury Lawyer\",\"item\":\"https:\\\/\\\/plg-pllc.com\\\/es\\\/kirkland\\\/personal-injury-lawyer\\\/\"},{\"@type\":\"ListItem\",\"position\":3,\"name\":\"Kirkland Car Accident Lawyer\",\"item\":\"https:\\\/\\\/plg-pllc.com\\\/es\\\/kirkland\\\/car-accident-lawyer\\\/\"},{\"@type\":\"ListItem\",\"position\":4,\"name\":\"Rideshare Accident\"}]},{\"@type\":\"WebSite\",\"@id\":\"https:\\\/\\\/plg-pllc.com\\\/#website\",\"url\":\"https:\\\/\\\/plg-pllc.com\\\/\",\"name\":\"Premier Law Group\",\"description\":\"Washington Wrongful Death and Serious Injury Lawyer\",\"publisher\":{\"@id\":\"https:\\\/\\\/plg-pllc.com\\\/#organization\"},\"inLanguage\":\"es\"},{\"@type\":\"Organization\",\"@id\":\"https:\\\/\\\/plg-pllc.com\\\/#organization\",\"name\":\"Premier Law Group\",\"url\":\"https:\\\/\\\/plg-pllc.com\\\/\",\"logo\":{\"@type\":\"ImageObject\",\"inLanguage\":\"es\",\"@id\":\"https:\\\/\\\/plg-pllc.com\\\/#\\\/schema\\\/logo\\\/image\\\/\",\"url\":\"https:\\\/\\\/plg-pllc.com\\\/wp-content\\\/uploads\\\/2020\\\/10\\\/plg-logo-v2.gif\",\"contentUrl\":\"https:\\\/\\\/plg-pllc.com\\\/wp-content\\\/uploads\\\/2020\\\/10\\\/plg-logo-v2.gif\",\"width\":592,\"height\":191,\"caption\":\"Premier Law Group\"},\"image\":{\"@id\":\"https:\\\/\\\/plg-pllc.com\\\/#\\\/schema\\\/logo\\\/image\\\/\"},\"sameAs\":[\"https:\\\/\\\/www.facebook.com\\\/premierlawgroup\",\"https:\\\/\\\/x.com\\\/premierlawgroup\"]}]}<\/script>\n<!-- \/ Yoast SEO plugin. -->","yoast_head_json":{"title":"Abogado de accidentes de viajes compartidos en Kirkland | Evaluaci\u00f3n gratuita del caso","description":"Obtener una indemnizaci\u00f3n tras un accidente de viaje compartido puede ser complicado. Inf\u00f3rmese sobre c\u00f3mo un abogado especializado en accidentes de viaje compartido en Kirkland puede ayudarle.","robots":{"index":"index","follow":"follow","max-snippet":"max-snippet:-1","max-image-preview":"max-image-preview:large","max-video-preview":"max-video-preview:-1"},"canonical":"https:\/\/plg-pllc.com\/es\/kirkland\/car-accident-lawyer\/rideshare\/","og_locale":"es_MX","og_type":"article","og_title":"Rideshare Accident Lawyer in Kirkland | Free Case Evaluation","og_description":"Recovering compensation after a rideshare accident can be challenging. Learn more about how a Kirkland rideshare accident lawyer can help.","og_url":"https:\/\/plg-pllc.com\/es\/kirkland\/car-accident-lawyer\/rideshare\/","og_site_name":"Premier Law Group","article_publisher":"https:\/\/www.facebook.com\/premierlawgroup","article_modified_time":"2025-08-27T14:25:36+00:00","twitter_card":"summary_large_image","twitter_site":"@premierlawgroup","twitter_misc":{"Tiempo de lectura":"5 minutos"},"schema":{"@context":"https:\/\/schema.org","@graph":[{"@type":"WebPage","@id":"https:\/\/plg-pllc.com\/kirkland\/car-accident-lawyer\/rideshare\/","url":"https:\/\/plg-pllc.com\/kirkland\/car-accident-lawyer\/rideshare\/","name":"Abogado de accidentes de viajes compartidos en Kirkland | Evaluaci\u00f3n gratuita del caso","isPartOf":{"@id":"https:\/\/plg-pllc.com\/#website"},"datePublished":"2025-08-19T10:17:40+00:00","dateModified":"2025-08-27T14:25:36+00:00","description":"Obtener una indemnizaci\u00f3n tras un accidente de viaje compartido puede ser complicado. Inf\u00f3rmese sobre c\u00f3mo un abogado especializado en accidentes de viaje compartido en Kirkland puede ayudarle.","breadcrumb":{"@id":"https:\/\/plg-pllc.com\/kirkland\/car-accident-lawyer\/rideshare\/#breadcrumb"},"inLanguage":"es","potentialAction":[{"@type":"ReadAction","target":["https:\/\/plg-pllc.com\/kirkland\/car-accident-lawyer\/rideshare\/"]}]},{"@type":"BreadcrumbList","@id":"https:\/\/plg-pllc.com\/kirkland\/car-accident-lawyer\/rideshare\/#breadcrumb","itemListElement":[{"@type":"ListItem","position":1,"name":"Home","item":"https:\/\/plg-pllc.com\/es\/"},{"@type":"ListItem","position":2,"name":"Kirkland Personal Injury Lawyer","item":"https:\/\/plg-pllc.com\/es\/kirkland\/personal-injury-lawyer\/"},{"@type":"ListItem","position":3,"name":"Kirkland Car Accident Lawyer","item":"https:\/\/plg-pllc.com\/es\/kirkland\/car-accident-lawyer\/"},{"@type":"ListItem","position":4,"name":"Rideshare Accident"}]},{"@type":"WebSite","@id":"https:\/\/plg-pllc.com\/#website","url":"https:\/\/plg-pllc.com\/","name":"Grupo de abogados Premier","description":"Abogado de muerte por negligencia y lesiones graves en Washington","publisher":{"@id":"https:\/\/plg-pllc.com\/#organization"},"inLanguage":"es"},{"@type":"Organization","@id":"https:\/\/plg-pllc.com\/#organization","name":"Grupo de abogados Premier","url":"https:\/\/plg-pllc.com\/","logo":{"@type":"ImageObject","inLanguage":"es","@id":"https:\/\/plg-pllc.com\/#\/schema\/logo\/image\/","url":"https:\/\/plg-pllc.com\/wp-content\/uploads\/2020\/10\/plg-logo-v2.gif","contentUrl":"https:\/\/plg-pllc.com\/wp-content\/uploads\/2020\/10\/plg-logo-v2.gif","width":592,"height":191,"caption":"Premier Law Group"},"image":{"@id":"https:\/\/plg-pllc.com\/#\/schema\/logo\/image\/"},"sameAs":["https:\/\/www.facebook.com\/premierlawgroup","https:\/\/x.com\/premierlawgroup"]}]}},"_links":{"self":[{"href":"https:\/\/plg-pllc.com\/es\/wp-json\/wp\/v2\/pages\/21392","targetHints":{"allow":["GET"]}}],"collection":[{"href":"https:\/\/plg-pllc.com\/es\/wp-json\/wp\/v2\/pages"}],"about":[{"href":"https:\/\/plg-pllc.com\/es\/wp-json\/wp\/v2\/types\/page"}],"author":[{"embeddable":true,"href":"https:\/\/plg-pllc.com\/es\/wp-json\/wp\/v2\/users\/59"}],"replies":[{"embeddable":true,"href":"https:\/\/plg-pllc.com\/es\/wp-json\/wp\/v2\/comments?post=21392"}],"version-history":[{"count":0,"href":"https:\/\/plg-pllc.com\/es\/wp-json\/wp\/v2\/pages\/21392\/revisions"}],"up":[{"embeddable":true,"href":"https:\/\/plg-pllc.com\/es\/wp-json\/wp\/v2\/pages\/19734"}],"wp:attachment":[{"href":"https:\/\/plg-pllc.com\/es\/wp-json\/wp\/v2\/media?parent=21392"}],"wp:term":[{"taxonomy":"hc_faqs","embeddable":true,"href":"https:\/\/plg-pllc.com\/es\/wp-json\/wp\/v2\/hc_faqs?post=21392"}],"curies":[{"name":"gracias","href":"https:\/\/api.w.org\/{rel}","templated":true}]}}