{"id":21393,"date":"2025-08-19T03:20:44","date_gmt":"2025-08-19T10:20:44","guid":{"rendered":"https:\/\/plg-pllc.com\/?page_id=21393"},"modified":"2025-11-14T09:07:38","modified_gmt":"2025-11-14T17:07:38","slug":"bellevue-drowning-accident-lawyer","status":"publish","type":"page","link":"https:\/\/plg-pllc.com\/es\/bellevue\/premises-liability-lawyer\/drowning-accident\/","title":{"rendered":"Abogado de accidentes por ahogamiento en Bellevue"},"content":{"rendered":"<p><span style=\"font-weight: 400;\">Un ahogamiento puede cambiar vidas en segundos, y despu\u00e9s, nada volver\u00e1 a ser igual. Ya sea en una piscina p\u00fablica, en un patio privado o en mar abierto, las consecuencias pueden ser devastadoras para quienes resultaron heridos y sus familias.\u00a0<\/span><\/p>\n<p><span style=\"font-weight: 400;\">Premier Law Group ha ayudado a miles de clientes a superar algunos de los momentos m\u00e1s dif\u00edciles de sus vidas, y nuestros abogados especializados en accidentes por ahogamiento en Bellevue quieren hacer lo mismo por usted. Con <\/span><b>m\u00e1s de $100 millones recuperados<\/b><span style=\"font-weight: 400;\"> y con m\u00e1s de 20 a\u00f1os de servicio a las familias de Washington, sabemos c\u00f3mo manejar estos casos con habilidad, estrategia y compasi\u00f3n.<\/span><\/p>\n<p><span style=\"font-weight: 400;\">Cuando nos llames hablar\u00e1s con uno de nuestros <\/span><a href=\"https:\/\/plg-pllc.com\/bellevue\/premises-liability-lawyer\/\"><span style=\"font-weight: 400;\">Abogados de responsabilidad civil de locales en Bellevue<\/span><\/a><span style=\"font-weight: 400;\">Nos encargamos de todos los asuntos legales para que usted y su familia puedan concentrarse en su recuperaci\u00f3n. Tratamos con las aseguradoras y luchamos por la indemnizaci\u00f3n que usted merece. Llame a nuestro equipo hoy mismo para una revisi\u00f3n gratuita de su caso.<\/span><\/p>\n<h2><span style=\"font-weight: 400;\">Nuestros abogados de lesiones por ahogamiento en Bellevue se encargar\u00e1n de su caso<\/span><\/h2>\n<p><span style=\"font-weight: 400;\">Cuando trabaja con nosotros, obtiene m\u00e1s que solo representaci\u00f3n legal: obtiene un socio en el proceso.\u00a0<\/span><\/p>\n<p><span style=\"font-weight: 400;\">Lo haremos:<\/span><\/p>\n<ul>\n<li style=\"font-weight: 400;\" aria-level=\"1\"><span style=\"font-weight: 400;\">Manejar todos los tr\u00e1mites legales y plazos para su caso de lesiones.<\/span><\/li>\n<li style=\"font-weight: 400;\" aria-level=\"1\"><span style=\"font-weight: 400;\">Tratar directamente con las compa\u00f1\u00edas de seguros<\/span><\/li>\n<li style=\"font-weight: 400;\" aria-level=\"1\"><span style=\"font-weight: 400;\">Solicitar y revisar registros m\u00e9dicos y facturas<\/span><\/li>\n<li style=\"font-weight: 400;\" aria-level=\"1\"><span style=\"font-weight: 400;\">Trabaje con expertos m\u00e9dicos para comprender sus lesiones.<\/span><\/li>\n<li style=\"font-weight: 400;\" aria-level=\"1\"><span style=\"font-weight: 400;\">Construya un caso s\u00f3lido para obtener los da\u00f1os que merece<\/span><\/li>\n<li style=\"font-weight: 400;\" aria-level=\"1\"><span style=\"font-weight: 400;\">Prep\u00e1rese para el juicio si no se le ofrece un acuerdo justo<\/span><\/li>\n<\/ul>\n<p><span style=\"font-weight: 400;\">En Premier Law Group, nuestros <\/span><a href=\"https:\/\/plg-pllc.com\/\"><span style=\"font-weight: 400;\">Abogados de lesiones personales en Bellevue<\/span><\/a><span style=\"font-weight: 400;\"> Creemos en la comunicaci\u00f3n clara, para que siempre sepa la situaci\u00f3n de su caso. Nuestra misi\u00f3n es guiarle a trav\u00e9s del sistema legal con confianza y atenci\u00f3n.<\/span><\/p>\n<h2><span style=\"font-weight: 400;\">Normas de seguridad h\u00eddrica de Washington y consideraciones locales<\/span><\/h2>\n<p><span style=\"font-weight: 400;\">Bellevue y sus alrededores albergan lagos, r\u00edos, piscinas p\u00fablicas y clubes de nataci\u00f3n privados. La ley de Washington establece normas dise\u00f1adas para proteger a las personas cerca del agua, entre ellas:<\/span><\/p>\n<ul>\n<li style=\"font-weight: 400;\" aria-level=\"1\"><b>Requisitos de cercado<\/b><span style=\"font-weight: 400;\"> Para muchas piscinas residenciales, para mantener a los ni\u00f1os fuera cuando nadie est\u00e1 mirando.<\/span><\/li>\n<li style=\"font-weight: 400;\" aria-level=\"1\"><b>Normas de seguridad para la navegaci\u00f3n<\/b><span style=\"font-weight: 400;\"> que requieren chalecos salvavidas para ciertas edades y tipos de embarcaciones<\/span><\/li>\n<li style=\"font-weight: 400;\" aria-level=\"1\"><b>Normas de supervisi\u00f3n<\/b><span style=\"font-weight: 400;\"> Para piscinas p\u00fablicas y escolares, incluidos socorristas capacitados.<\/span><\/li>\n<\/ul>\n<p><span style=\"font-weight: 400;\">Nuestros abogados de accidentes de ahogamiento en Bellevue conocen estas leyes y saben c\u00f3mo utilizarlas para proteger sus derechos.<\/span><\/p>\n<h2><span style=\"font-weight: 400;\">C\u00f3mo determinar qui\u00e9n es responsable de un accidente de seguridad acu\u00e1tica<\/span><\/h2>\n<p><span style=\"font-weight: 400;\">Determinar la responsabilidad es uno de los aspectos m\u00e1s importantes de un caso de ahogamiento. La ley de Washington permite a las v\u00edctimas o a sus familias reclamar una indemnizaci\u00f3n cuando la negligencia de otra persona caus\u00f3 o contribuy\u00f3 al accidente.<\/span><\/p>\n<p><span style=\"font-weight: 400;\">Entre los posibles responsables se incluyen:<\/span><\/p>\n<ul>\n<li style=\"font-weight: 400;\" aria-level=\"1\"><span style=\"font-weight: 400;\">Propietarios o administradores de propiedades que no mantuvieron la zona segura<\/span><\/li>\n<li style=\"font-weight: 400;\" aria-level=\"1\"><span style=\"font-weight: 400;\">Socorristas o personal supervisor que estaban distra\u00eddos o no estaban capacitados<\/span><\/li>\n<li style=\"font-weight: 400;\" aria-level=\"1\"><span style=\"font-weight: 400;\">Escuelas o campamentos que no siguieron los procedimientos de seguridad<\/span><\/li>\n<li style=\"font-weight: 400;\" aria-level=\"1\"><span style=\"font-weight: 400;\">Fabricantes de equipos de piscina defectuosos, como desag\u00fces o compuertas.<\/span><\/li>\n<li style=\"font-weight: 400;\" aria-level=\"1\"><span style=\"font-weight: 400;\">Operadores de embarcaciones que actuaron descuidadamente o violaron las leyes de navegaci\u00f3n<\/span><\/li>\n<\/ul>\n<p><b>Nuestros abogados investigan todos los \u00e1ngulos para descubrir qu\u00e9 sali\u00f3 mal.<\/b><span style=\"font-weight: 400;\">Recopilamos pruebas, hablamos con testigos y traemos expertos cuando los necesitamos.<\/span><\/p>\n<p><span style=\"font-weight: 400;\">Los a\u00f1os de experiencia de Premier Law Group nos permiten demostrar la responsabilidad y gestionar negociaciones dif\u00edciles con las aseguradoras. Trabajaremos para obtener la m\u00e1xima indemnizaci\u00f3n.\u00a0<\/span><\/p>\n\n        <div class=\"rs-content-cta long\">\n            <p>Para una consulta legal GRATUITA con un abogado especializado en accidentes por ahogamiento que atienda a Bellevue, llame al <a href=\"tel:+12062851743\">(206) 285-1743 <\/a><\/p>\n            <a href=\"https:\/\/plg-pllc.com\/es\/contact-us\/\" title=\"OBTENGA UNA EVALUACI\u00d3N DE CASO GRATUITA\" class=\"btn-global\">OBTENGA UNA EVALUACI\u00d3N DE CASO GRATUITA<\/a>\n                    <picture>\n                            <source srcset=\"https:\/\/plg-pllc.com\/wp-content\/themes\/plg-pllc-redesign\/assets\/app\/img\/cta-thumb.webp\" type=\"image\/webp\"\/>\n                            <img src=\"https:\/\/plg-pllc.com\/wp-content\/themes\/plg-pllc-redesign\/assets\/app\/img\/cta-thumb.png\" alt=\"Grupo de abogados Premier\" title=\"Grupo de abogados Premier\" width=\"245\" height=\"220\" loading=\"auto\" fetchpriority=\"auto\" decoding=\"async\"\/>\n        <\/picture>\n        \n        <\/div><h2><span style=\"font-weight: 400;\">Lesiones comunes en casos de casi ahogamiento y relacionados con el agua<\/span><\/h2>\n<p><span style=\"font-weight: 400;\">Si bien la muerte es el desenlace m\u00e1s tr\u00e1gico, muchos sobrevivientes enfrentan graves problemas de salud. Las lesiones comunes incluyen:<\/span><\/p>\n<ul>\n<li style=\"font-weight: 400;\" aria-level=\"1\"><b>Da\u00f1o cerebral<\/b><span style=\"font-weight: 400;\"> por falta de ox\u00edgeno<\/span><\/li>\n<li style=\"font-weight: 400;\" aria-level=\"1\"><b>lesiones pulmonares<\/b><span style=\"font-weight: 400;\"> por inhalar agua<\/span><\/li>\n<li style=\"font-weight: 400;\" aria-level=\"1\"><b>lesiones de la columna vertebral<\/b><span style=\"font-weight: 400;\"> de accidentes de buceo<\/span><\/li>\n<li style=\"font-weight: 400;\" aria-level=\"1\"><b>Paro cardiaco<\/b><span style=\"font-weight: 400;\"> causada por la falta de ox\u00edgeno<\/span><\/li>\n<li style=\"font-weight: 400;\" aria-level=\"1\"><b>Trastorno de estr\u00e9s postraum\u00e1tico (TEPT)<\/b><span style=\"font-weight: 400;\"> y otros traumas emocionales<\/span><\/li>\n<\/ul>\n<p><span style=\"font-weight: 400;\">Estas lesiones a menudo requieren atenci\u00f3n m\u00e9dica a largo plazo, terapia y apoyo continuo.<\/span><\/p>\n<h2><span style=\"font-weight: 400;\">Buscaremos da\u00f1os completos por sus lesiones y p\u00e9rdidas.<\/span><\/h2>\n<p><span style=\"font-weight: 400;\">Un accidente de ahogamiento puede ocasionar graves p\u00e9rdidas financieras y emocionales. En Washington, le reclamaremos diversas indemnizaciones, como:<\/span><\/p>\n<ul>\n<li style=\"font-weight: 400;\" aria-level=\"1\"><b>Costo de la atenci\u00f3n m\u00e9dica<\/b><span style=\"font-weight: 400;\">: Cubre estad\u00edas en el hospital, cirug\u00edas, programas de rehabilitaci\u00f3n y medicamentos recetados.<\/span><\/li>\n<li style=\"font-weight: 400;\" aria-level=\"1\"><b>Ingresos que no pudiste ganar<\/b><span style=\"font-weight: 400;\">:Salarios perdidos mientras se recuperaba y no pod\u00eda trabajar<\/span><\/li>\n<li style=\"font-weight: 400;\" aria-level=\"1\"><b>Necesidades de tratamiento continuo<\/b><span style=\"font-weight: 400;\">:Atenci\u00f3n m\u00e9dica a largo plazo, fisioterapia o cambios en su hogar para facilitar la accesibilidad.<\/span><\/li>\n<li style=\"font-weight: 400;\" aria-level=\"1\"><b>Da\u00f1o f\u00edsico y emocional<\/b><span style=\"font-weight: 400;\">:El dolor, la incomodidad y la angustia mental causada por el incidente.<\/span><\/li>\n<\/ul>\n<h3><span style=\"font-weight: 400;\">Ayudamos a las familias a recuperar los da\u00f1os por muerte por negligencia<\/span><\/h3>\n<p><span style=\"font-weight: 400;\">Si su ser querido perdi\u00f3 la vida ahogado, lamentamos profundamente su p\u00e9rdida. Queremos acompa\u00f1arlo en este momento dif\u00edcil. Si las acciones de otra persona causaron la muerte de su familiar, guiaremos su caso de indemnizaci\u00f3n por da\u00f1os y perjuicios.\u00a0<\/span><\/p>\n<p><span style=\"font-weight: 400;\">Es posible que puedas recuperarte:<\/span><\/p>\n<ul>\n<li style=\"font-weight: 400;\" aria-level=\"1\"><span style=\"font-weight: 400;\">Gastos funerarios y de entierro<\/span><\/li>\n<li style=\"font-weight: 400;\" aria-level=\"1\"><span style=\"font-weight: 400;\">P\u00e9rdida de ingresos de un ser querido<\/span><\/li>\n<li style=\"font-weight: 400;\" aria-level=\"1\"><span style=\"font-weight: 400;\">P\u00e9rdida de compa\u00f1\u00eda, amor y orientaci\u00f3n.<\/span><\/li>\n<\/ul>\n<p><span style=\"font-weight: 400;\">Nuestro <\/span><a href=\"https:\/\/plg-pllc.com\/bellevue\/wrongful-death-lawyer\/\"><span style=\"font-weight: 400;\">abogados de muerte por negligencia en Bellevue<\/span><\/a><span style=\"font-weight: 400;\"> Manejamos estos casos con compasi\u00f3n y respeto, sabiendo que ning\u00fan dinero puede reemplazar a la persona que amas. Cuando est\u00e9 listo, ll\u00e1menos para revisar sus opciones legales durante una consulta gratuita.<\/span><\/p>\n<h2><span style=\"font-weight: 400;\">Qu\u00e9 hacer despu\u00e9s de un incidente de casi ahogamiento en Bellevue, WA<\/span><\/h2>\n<p><span style=\"font-weight: 400;\">Los momentos posteriores a un ahogamiento o casi ahogamiento son ca\u00f3ticos, pero ciertos pasos pueden ayudar a proteger tanto la salud como los derechos legales:<\/span><\/p>\n<ul>\n<li style=\"font-weight: 400;\" aria-level=\"1\"><b>Llama al 911 inmediatamente<\/b><span style=\"font-weight: 400;\">Obtener ayuda m\u00e9dica de inmediato es la prioridad.<\/span><\/li>\n<li style=\"font-weight: 400;\" aria-level=\"1\"><b>Obtenga atenci\u00f3n m\u00e9dica incluso si la v\u00edctima parece estar bien<\/b><span style=\"font-weight: 400;\">El ahogamiento inminente puede causar complicaciones tard\u00edas, como lesiones cerebrales o dificultad respiratoria.<\/span><\/li>\n<li style=\"font-weight: 400;\" aria-level=\"1\"><b>Reportar el incidente<\/b><span style=\"font-weight: 400;\">:Notifique al personal de la piscina, a la administraci\u00f3n de la propiedad o a la polic\u00eda.<\/span><\/li>\n<li style=\"font-weight: 400;\" aria-level=\"1\"><b>Documentar todo<\/b><span style=\"font-weight: 400;\">:Tome fotograf\u00edas, escriba lo que sucedi\u00f3 y recopile informaci\u00f3n de contacto de testigos.<\/span><\/li>\n<li style=\"font-weight: 400;\" aria-level=\"1\"><b>Evite hablar con los ajustadores de seguros de inmediato<\/b><span style=\"font-weight: 400;\">:Pueden intentar limitar lo que pagan.<\/span><\/li>\n<\/ul>\n<p><span style=\"font-weight: 400;\">Al llamar a nuestros abogados especializados en accidentes por casi ahogamiento en Bellevue, nos encargamos de la comunicaci\u00f3n con las compa\u00f1\u00edas de seguros y nos aseguramos de preservar la evidencia importante. As\u00ed, usted puede concentrarse en su recuperaci\u00f3n en lugar de en papeleo y llamadas telef\u00f3nicas.<\/span><\/p>\n<h2><span style=\"font-weight: 400;\">Consejos para ayudar a prevenir tragedias relacionadas con el agua en Bellevue<\/span><\/h2>\n<p><span style=\"font-weight: 400;\">Aunque ninguna medida de seguridad puede eliminar todos los riesgos, muchos accidentes de ahogamiento pueden prevenirse. Medidas sencillas pueden salvar vidas:<\/span><\/p>\n<ul>\n<li style=\"font-weight: 400;\" aria-level=\"1\"><b>Supervise siempre a los ni\u00f1os cerca de cualquier cuerpo de agua.<\/b><span style=\"font-weight: 400;\">Incluso las aguas poco profundas pueden ser peligrosas.<\/span><\/li>\n<li style=\"font-weight: 400;\" aria-level=\"1\"><b>Utilice equipo de seguridad<\/b><span style=\"font-weight: 400;\"> Cuando est\u00e9s en el agua o cerca de ella. Esto incluye puertas de piscina, alarmas y chalecos salvavidas.<\/span><\/li>\n<li style=\"font-weight: 400;\" aria-level=\"1\"><b>Siga las reglas publicadas<\/b><span style=\"font-weight: 400;\"> en piscinas, playas y parques acu\u00e1ticos.<\/span><\/li>\n<li style=\"font-weight: 400;\" aria-level=\"1\"><b>Aprenda RCP y habilidades b\u00e1sicas de rescate acu\u00e1tico.<\/b><span style=\"font-weight: 400;\"> para que pueda responder r\u00e1pidamente en caso de emergencia.<\/span><\/li>\n<\/ul>\n<p><span style=\"font-weight: 400;\">El Departamento de Salud del Estado de Washington tambi\u00e9n ofrece <\/span><a href=\"https:\/\/doh.wa.gov\/community-and-environment\/water-recreation\/lake-river-and-beach-safety\" target=\"_blank\" rel=\"noopener\"><span style=\"font-weight: 400;\">Consejos de seguridad acu\u00e1tica para lagos, r\u00edos y playas<\/span><\/a><span style=\"font-weight: 400;\">.\u00a0<\/span><\/p>\n<p><span style=\"font-weight: 400;\">Si se ignoran estas normas, pueden ocurrir accidentes graves. Nuestro equipo cree en promover la seguridad y, al mismo tiempo, est\u00e1 listo para ayudar si la negligencia de otra persona causa alg\u00fan da\u00f1o.\u00a0<\/span><\/p>\n<h2><span style=\"font-weight: 400;\">Nuestro abogado de accidentes por ahogamiento en Bellevue luchar\u00e1 por usted<\/span><\/h2>\n<p><span style=\"font-weight: 400;\">Si usted o un ser querido ha resultado herido al ahogarse o casi ahogarse en Bellevue, Premier Law Group lo guiar\u00e1 en cada paso, desde comprender sus derechos hasta responsabilizar a las partes responsables.\u00a0<\/span><\/p>\n<p><span style=\"font-weight: 400;\">Escucharemos su historia, le explicaremos sus opciones con claridad y construiremos un caso para asegurar la recuperaci\u00f3n financiera que merece. Cuanto antes se comunique con nuestro equipo, antes podremos empezar a trabajar para usted.\u00a0<\/span><\/p>\n<p><span style=\"font-weight: 400;\">Ofrecemos una <\/span><b>revisi\u00f3n de caso gratuita<\/b><span style=\"font-weight: 400;\"> Para que obtenga respuestas claras sobre sus pr\u00f3ximos pasos. Cont\u00e1ctenos hoy mismo para obtener ayuda y apoyo. Perm\u00edtanos acompa\u00f1arle y ayudarle en este momento dif\u00edcil.<\/span><\/p>\n\n        <div class=\"rs-content-cta\">\n            <p>Llamar o enviar mensaje de texto <a href=\"tel:+12062851743\">(206) 285-1743<\/a> o complete un formulario de evaluaci\u00f3n de caso gratuito<\/p>\n            <a href=\"https:\/\/plg-pllc.com\/es\/contact-us\/\" title=\"OBTENGA UNA EVALUACI\u00d3N DE CASO GRATUITA\" class=\"btn-global\">OBTENGA UNA EVALUACI\u00d3N DE CASO GRATUITA<\/a>\n                    <picture>\n                            <source srcset=\"https:\/\/plg-pllc.com\/wp-content\/themes\/plg-pllc-redesign\/assets\/app\/img\/cta-thumb.webp\" type=\"image\/webp\"\/>\n                            <img src=\"https:\/\/plg-pllc.com\/wp-content\/themes\/plg-pllc-redesign\/assets\/app\/img\/cta-thumb.png\" alt=\"Grupo de abogados Premier\" title=\"Grupo de abogados Premier\" width=\"245\" height=\"220\" loading=\"auto\" fetchpriority=\"auto\" decoding=\"async\"\/>\n        <\/picture>\n        \n        <\/div>","protected":false},"excerpt":{"rendered":"<p>Un ahogamiento puede cambiar vidas en segundos, y despu\u00e9s, nada volver\u00e1 a ser igual. Ya sea en una piscina p\u00fablica, en un patio privado o en mar abierto, las consecuencias pueden ser devastadoras para quienes resultaron heridos y sus familias. Premier Law Group ha ayudado a miles de clientes a superar algunos de los momentos m\u00e1s dif\u00edciles...<\/p>","protected":false},"author":59,"featured_media":0,"parent":21354,"menu_order":0,"comment_status":"closed","ping_status":"closed","template":"","meta":{"_acf_changed":false,"_genesis_hide_title":false,"_genesis_hide_breadcrumbs":false,"_genesis_hide_singular_image":false,"_genesis_hide_footer_widgets":false,"_genesis_custom_body_class":"","_genesis_custom_post_class":"","_genesis_layout":"","footnotes":""},"hc_faqs":[],"class_list":{"0":"post-21393","1":"page","2":"type-page","3":"status-publish","5":"hc_city_location-bellevue","6":"entry"},"acf":[],"yoast_head":"<!-- This site is optimized with the Yoast SEO plugin v27.2 - https:\/\/yoast.com\/product\/yoast-seo-wordpress\/ -->\n<title>Drowning Accident Lawyer in Bellevue, WA | Free Consultation<\/title>\n<meta name=\"description\" content=\"Our Bellevue drowning accident lawyer explains your rights and possible parties at fault after a drowning or near-drowning in Washington.\" \/>\n<meta name=\"robots\" content=\"index, follow, max-snippet:-1, max-image-preview:large, max-video-preview:-1\" \/>\n<link rel=\"canonical\" href=\"https:\/\/plg-pllc.com\/es\/bellevue\/premises-liability-lawyer\/drowning-accident\/\" \/>\n<meta property=\"og:locale\" content=\"es_MX\" \/>\n<meta property=\"og:type\" content=\"article\" \/>\n<meta property=\"og:title\" content=\"Drowning Accident Lawyer in Bellevue, WA | Free Consultation\" \/>\n<meta property=\"og:description\" content=\"Our Bellevue drowning accident lawyer explains your rights and possible parties at fault after a drowning or near-drowning in Washington.\" \/>\n<meta property=\"og:url\" content=\"https:\/\/plg-pllc.com\/es\/bellevue\/premises-liability-lawyer\/drowning-accident\/\" \/>\n<meta property=\"og:site_name\" content=\"Premier Law Group\" \/>\n<meta property=\"article:publisher\" content=\"https:\/\/www.facebook.com\/premierlawgroup\" \/>\n<meta property=\"article:modified_time\" content=\"2025-11-14T17:07:38+00:00\" \/>\n<meta name=\"twitter:card\" content=\"summary_large_image\" \/>\n<meta name=\"twitter:site\" content=\"@premierlawgroup\" \/>\n<meta name=\"twitter:label1\" content=\"Tiempo de lectura\" \/>\n\t<meta name=\"twitter:data1\" content=\"6 minutos\" \/>\n<script type=\"application\/ld+json\" class=\"yoast-schema-graph\">{\"@context\":\"https:\/\/schema.org\",\"@graph\":[{\"@type\":\"WebPage\",\"@id\":\"https:\/\/plg-pllc.com\/bellevue\/premises-liability-lawyer\/drowning-accident\/\",\"url\":\"https:\/\/plg-pllc.com\/bellevue\/premises-liability-lawyer\/drowning-accident\/\",\"name\":\"Drowning Accident Lawyer in Bellevue, WA | Free Consultation\",\"isPartOf\":{\"@id\":\"https:\/\/plg-pllc.com\/#website\"},\"datePublished\":\"2025-08-19T10:20:44+00:00\",\"dateModified\":\"2025-11-14T17:07:38+00:00\",\"description\":\"Our Bellevue drowning accident lawyer explains your rights and possible parties at fault after a drowning or near-drowning in Washington.\",\"breadcrumb\":{\"@id\":\"https:\/\/plg-pllc.com\/bellevue\/premises-liability-lawyer\/drowning-accident\/#breadcrumb\"},\"inLanguage\":\"es\",\"potentialAction\":[{\"@type\":\"ReadAction\",\"target\":[\"https:\/\/plg-pllc.com\/bellevue\/premises-liability-lawyer\/drowning-accident\/\"]}]},{\"@type\":\"BreadcrumbList\",\"@id\":\"https:\/\/plg-pllc.com\/bellevue\/premises-liability-lawyer\/drowning-accident\/#breadcrumb\",\"itemListElement\":[{\"@type\":\"ListItem\",\"position\":1,\"name\":\"Home\",\"item\":\"https:\/\/plg-pllc.com\/es\/\"},{\"@type\":\"ListItem\",\"position\":2,\"name\":\"Bellevue Personal Injury Lawyer\",\"item\":\"https:\/\/plg-pllc.com\/es\/\"},{\"@type\":\"ListItem\",\"position\":3,\"name\":\"Bellevue Premises Liability Lawyer\",\"item\":\"https:\/\/plg-pllc.com\/es\/bellevue\/premises-liability-lawyer\/\"},{\"@type\":\"ListItem\",\"position\":4,\"name\":\"Drowning Accident\"}]},{\"@type\":\"WebSite\",\"@id\":\"https:\/\/plg-pllc.com\/#website\",\"url\":\"https:\/\/plg-pllc.com\/\",\"name\":\"Premier Law Group\",\"description\":\"Washington Wrongful Death and Serious Injury Lawyer\",\"publisher\":{\"@id\":\"https:\/\/plg-pllc.com\/#organization\"},\"inLanguage\":\"es\"},{\"@type\":\"Organization\",\"@id\":\"https:\/\/plg-pllc.com\/#organization\",\"name\":\"Premier Law Group\",\"url\":\"https:\/\/plg-pllc.com\/\",\"logo\":{\"@type\":\"ImageObject\",\"inLanguage\":\"es\",\"@id\":\"https:\/\/plg-pllc.com\/#\/schema\/logo\/image\/\",\"url\":\"https:\/\/plg-pllc.com\/wp-content\/uploads\/2020\/10\/plg-logo-v2.gif\",\"contentUrl\":\"https:\/\/plg-pllc.com\/wp-content\/uploads\/2020\/10\/plg-logo-v2.gif\",\"width\":592,\"height\":191,\"caption\":\"Premier Law Group\"},\"image\":{\"@id\":\"https:\/\/plg-pllc.com\/#\/schema\/logo\/image\/\"},\"sameAs\":[\"https:\/\/www.facebook.com\/premierlawgroup\",\"https:\/\/x.com\/premierlawgroup\"]}]}<\/script>\n<!-- \/ Yoast SEO plugin. -->","yoast_head_json":{"title":"Abogado de accidentes por ahogamiento en Bellevue, WA | Consulta gratuita","description":"Nuestro abogado de accidentes por ahogamiento en Bellevue explica sus derechos y las posibles partes culpables despu\u00e9s de un ahogamiento o casi ahogamiento en Washington.","robots":{"index":"index","follow":"follow","max-snippet":"max-snippet:-1","max-image-preview":"max-image-preview:large","max-video-preview":"max-video-preview:-1"},"canonical":"https:\/\/plg-pllc.com\/es\/bellevue\/premises-liability-lawyer\/drowning-accident\/","og_locale":"es_MX","og_type":"article","og_title":"Drowning Accident Lawyer in Bellevue, WA | Free Consultation","og_description":"Our Bellevue drowning accident lawyer explains your rights and possible parties at fault after a drowning or near-drowning in Washington.","og_url":"https:\/\/plg-pllc.com\/es\/bellevue\/premises-liability-lawyer\/drowning-accident\/","og_site_name":"Premier Law Group","article_publisher":"https:\/\/www.facebook.com\/premierlawgroup","article_modified_time":"2025-11-14T17:07:38+00:00","twitter_card":"summary_large_image","twitter_site":"@premierlawgroup","twitter_misc":{"Tiempo de lectura":"6 minutos"},"schema":{"@context":"https:\/\/schema.org","@graph":[{"@type":"WebPage","@id":"https:\/\/plg-pllc.com\/bellevue\/premises-liability-lawyer\/drowning-accident\/","url":"https:\/\/plg-pllc.com\/bellevue\/premises-liability-lawyer\/drowning-accident\/","name":"Abogado de accidentes por ahogamiento en Bellevue, WA | Consulta gratuita","isPartOf":{"@id":"https:\/\/plg-pllc.com\/#website"},"datePublished":"2025-08-19T10:20:44+00:00","dateModified":"2025-11-14T17:07:38+00:00","description":"Nuestro abogado de accidentes por ahogamiento en Bellevue explica sus derechos y las posibles partes culpables despu\u00e9s de un ahogamiento o casi ahogamiento en Washington.","breadcrumb":{"@id":"https:\/\/plg-pllc.com\/bellevue\/premises-liability-lawyer\/drowning-accident\/#breadcrumb"},"inLanguage":"es","potentialAction":[{"@type":"ReadAction","target":["https:\/\/plg-pllc.com\/bellevue\/premises-liability-lawyer\/drowning-accident\/"]}]},{"@type":"BreadcrumbList","@id":"https:\/\/plg-pllc.com\/bellevue\/premises-liability-lawyer\/drowning-accident\/#breadcrumb","itemListElement":[{"@type":"ListItem","position":1,"name":"Home","item":"https:\/\/plg-pllc.com\/es\/"},{"@type":"ListItem","position":2,"name":"Bellevue Personal Injury Lawyer","item":"https:\/\/plg-pllc.com\/es\/"},{"@type":"ListItem","position":3,"name":"Bellevue Premises Liability Lawyer","item":"https:\/\/plg-pllc.com\/es\/bellevue\/premises-liability-lawyer\/"},{"@type":"ListItem","position":4,"name":"Drowning Accident"}]},{"@type":"WebSite","@id":"https:\/\/plg-pllc.com\/#website","url":"https:\/\/plg-pllc.com\/","name":"Grupo de abogados Premier","description":"Abogado de muerte por negligencia y lesiones graves en Washington","publisher":{"@id":"https:\/\/plg-pllc.com\/#organization"},"inLanguage":"es"},{"@type":"Organization","@id":"https:\/\/plg-pllc.com\/#organization","name":"Grupo de abogados Premier","url":"https:\/\/plg-pllc.com\/","logo":{"@type":"ImageObject","inLanguage":"es","@id":"https:\/\/plg-pllc.com\/#\/schema\/logo\/image\/","url":"https:\/\/plg-pllc.com\/wp-content\/uploads\/2020\/10\/plg-logo-v2.gif","contentUrl":"https:\/\/plg-pllc.com\/wp-content\/uploads\/2020\/10\/plg-logo-v2.gif","width":592,"height":191,"caption":"Premier Law Group"},"image":{"@id":"https:\/\/plg-pllc.com\/#\/schema\/logo\/image\/"},"sameAs":["https:\/\/www.facebook.com\/premierlawgroup","https:\/\/x.com\/premierlawgroup"]}]}},"_links":{"self":[{"href":"https:\/\/plg-pllc.com\/es\/wp-json\/wp\/v2\/pages\/21393","targetHints":{"allow":["GET"]}}],"collection":[{"href":"https:\/\/plg-pllc.com\/es\/wp-json\/wp\/v2\/pages"}],"about":[{"href":"https:\/\/plg-pllc.com\/es\/wp-json\/wp\/v2\/types\/page"}],"author":[{"embeddable":true,"href":"https:\/\/plg-pllc.com\/es\/wp-json\/wp\/v2\/users\/59"}],"replies":[{"embeddable":true,"href":"https:\/\/plg-pllc.com\/es\/wp-json\/wp\/v2\/comments?post=21393"}],"version-history":[{"count":0,"href":"https:\/\/plg-pllc.com\/es\/wp-json\/wp\/v2\/pages\/21393\/revisions"}],"up":[{"embeddable":true,"href":"https:\/\/plg-pllc.com\/es\/wp-json\/wp\/v2\/pages\/21354"}],"wp:attachment":[{"href":"https:\/\/plg-pllc.com\/es\/wp-json\/wp\/v2\/media?parent=21393"}],"wp:term":[{"taxonomy":"hc_faqs","embeddable":true,"href":"https:\/\/plg-pllc.com\/es\/wp-json\/wp\/v2\/hc_faqs?post=21393"}],"curies":[{"name":"gracias","href":"https:\/\/api.w.org\/{rel}","templated":true}]}}