{"id":21531,"date":"2025-09-07T15:36:44","date_gmt":"2025-09-07T22:36:44","guid":{"rendered":"https:\/\/plg-pllc.com\/?page_id=21531"},"modified":"2025-09-10T08:41:13","modified_gmt":"2025-09-10T15:41:13","slug":"redmond-motorcycle-accident-lawyer","status":"publish","type":"page","link":"https:\/\/plg-pllc.com\/es\/redmond\/motorcycle-accident-lawyer\/","title":{"rendered":"Abogado de accidentes de motocicleta en Redmond"},"content":{"rendered":"<p><span style=\"font-weight: 400;\">Conducir una motocicleta es una de tus actividades favoritas. Desafortunadamente, un d\u00eda, un automovilista te embiste con su auto mientras viajabas en tu motocicleta.<\/span><\/p>\n<p><span style=\"font-weight: 400;\">Despu\u00e9s de esto, consulte con un abogado especializado en accidentes de motocicleta en Redmond. As\u00ed podr\u00e1 exigirle responsabilidades al conductor responsable por los da\u00f1os causados.\u00a0<\/span><\/p>\n<p><span style=\"font-weight: 400;\">Premier Law Group es lo suficientemente grande como para ganar y cuenta con los recursos para asumir casos dif\u00edciles. Nuestro equipo cuenta con... <\/span><b>M\u00e1s de 55 a\u00f1os de experiencia combinada<\/b><span style=\"font-weight: 400;\">.<\/span><\/p>\n<p><span style=\"font-weight: 400;\">Conf\u00eda en un <\/span><a href=\"https:\/\/plg-pllc.com\/redmond\/personal-injury-lawyer\/\"><span style=\"font-weight: 400;\">Abogado de lesiones personales de Redmond<\/span><\/a><span style=\"font-weight: 400;\"> Nuestro equipo se encargar\u00e1 de los asuntos legales de su caso de colisi\u00f3n de motocicleta. Para m\u00e1s informaci\u00f3n, cont\u00e1ctenos hoy mismo.\u00a0<\/span><\/p>\n<h2>\u00bfPor qu\u00e9 deber\u00eda asociarse con un abogado especializado en accidentes de motocicleta?<\/h2>\n<p><span style=\"font-weight: 400;\">No tienes idea de qu\u00e9 hacer despu\u00e9s de tu accidente de motocicleta. En este punto, te preguntas si tu... <\/span><a href=\"https:\/\/plg-pllc.com\/faqs\/does-health-insurance-cover-motorcycle-accident-injuries\/\"><span style=\"font-weight: 400;\">El seguro m\u00e9dico cubrir\u00e1 las lesiones por accidente de motocicleta.<\/span><\/a><span style=\"font-weight: 400;\"> Y c\u00f3mo se recuperar\u00e1 del incidente. Si cuenta con un abogado especializado en accidentes de motocicleta en Redmond, no tiene por qu\u00e9 preocuparse.\u00a0<\/span><\/p>\n<p><span style=\"font-weight: 400;\">Despu\u00e9s de su accidente de motocicleta, su abogado le facilitar\u00e1 el proceso legal. Est\u00e1n familiarizados con... <\/span><a href=\"https:\/\/plg-pllc.com\/faqs\/washington-motorcycle-laws-that-all-riders-should-know\/\"><span style=\"font-weight: 400;\">Leyes de accidentes de motocicleta de Washington<\/span><\/a><span style=\"font-weight: 400;\"> y c\u00f3mo se aplican a su caso.<\/span><\/p>\n<p><span style=\"font-weight: 400;\">Su abogado elaborar\u00e1 un argumento para demostrar que usted merece una indemnizaci\u00f3n. Negociar\u00e1 un acuerdo con el seguro en su nombre o defender\u00e1 su caso ante el tribunal.\u00a0<\/span><\/p>\n<p><span style=\"font-weight: 400;\">Premier Law Group ha obtenido <\/span><b>M\u00e1s de $100 millones<\/b><span style=\"font-weight: 400;\"> En compensaci\u00f3n para v\u00edctimas de accidentes de motocicleta y otros. En su caso de accidente de motocicleta, nuestros abogados de lesiones personales dedicar\u00e1n el tiempo y los recursos necesarios para ayudarle a lograr los resultados deseados. Descubra <\/span><a href=\"https:\/\/plg-pllc.com\/about-us\/why-are-we-different\/\"><span style=\"font-weight: 400;\">La diferencia de Premier Law Group<\/span><\/a><span style=\"font-weight: 400;\">Para obtener m\u00e1s informaci\u00f3n, programe una consulta gratuita con nosotros.\u00a0<\/span><\/p>\n<h2>\u00bfCu\u00e1nto dinero puede obtener en un caso de accidente de motocicleta en Redmond?<\/h2>\n<p><span style=\"font-weight: 400;\">La compensaci\u00f3n que reciba de cualquier responsable de su accidente de motocicleta depende de las p\u00e9rdidas sufridas por el accidente. Espere que su abogado de accidentes de motocicleta que atiende en Redmond... <\/span><b>econ\u00f3mica y no<\/b>\u2013<b>da\u00f1os econ\u00f3micos<\/b><span style=\"font-weight: 400;\">.<\/span><\/p>\n<p><span style=\"font-weight: 400;\">Las razones por las que las v\u00edctimas de colisiones de motocicletas reciben da\u00f1os incluyen:<\/span><\/p>\n<h3>Facturas m\u00e9dicas<\/h3>\n<p><span style=\"font-weight: 400;\">T\u00fa entiendes <\/span><a href=\"https:\/\/plg-pllc.com\/faqs\/do-motorcycle-helmets-save-lives\/\"><span style=\"font-weight: 400;\">Los cascos de motocicleta salvan vidas<\/span><\/a><span style=\"font-weight: 400;\"> Y, por lo tanto, respete atentamente las normas de tr\u00e1nsito siempre que conduzca. En cualquier caso, un conductor choca su coche contra usted y su motocicleta, y usted sufre raspaduras en la carretera y otros traumatismos.<\/span><\/p>\n<p><span style=\"font-weight: 400;\">Haga un seguimiento de los gastos m\u00e9dicos de su accidente de motocicleta y su abogado los incorporar\u00e1 a su solicitud de compensaci\u00f3n.\u00a0<\/span><\/p>\n<h3>P\u00e9rdida de ingresos<\/h3>\n<p><span style=\"font-weight: 400;\">A <\/span><a href=\"https:\/\/www.ninds.nih.gov\/health-information\/disorders\/spinal-cord-injury\" target=\"_blank\" rel=\"noopener\"><span style=\"font-weight: 400;\">lesi\u00f3n de la m\u00e9dula espinal (LME)<\/span><\/a><span style=\"font-weight: 400;\"> Las lesiones graves o catastr\u00f3ficas derivadas de su accidente de motocicleta lo mantendr\u00e1n sin trabajo por un largo tiempo. Su abogado le explicar\u00e1 la p\u00e9rdida de ingresos actuales y futuros mientras prepara su caso para el juicio.\u00a0<\/span><\/p>\n<h3>Dolor y sufrimiento<\/h3>\n<p><span style=\"font-weight: 400;\">El dolor f\u00edsico, la angustia mental y la angustia emocional que experimenta despu\u00e9s de su colisi\u00f3n de motocicleta hacen que sea dif\u00edcil vivir como lo hac\u00eda antes del incidente.<\/span><\/p>\n<p><span style=\"font-weight: 400;\">Su abogado se toma muy en serio su dolor y sufrimiento. Quiere que encuentre maneras seguras y saludables de manejar estas dificultades. Mientras tanto, solicitar\u00e1 una compensaci\u00f3n por su dolor y sufrimiento.<\/span><\/p>\n<p><span style=\"font-weight: 400;\">Al reclamar da\u00f1os y perjuicios, las declaraciones de testigos, los videos y fotograf\u00edas de la escena del accidente, un informe policial y otras pruebas marcan la diferencia en su caso.<\/span><\/p>\n<p><span style=\"font-weight: 400;\">Si su abogado cuenta con abundantes pruebas, la parte responsable de su accidente de motocicleta o su aseguradora podr\u00edan estar dispuestos a ofrecerle un acuerdo justo. O bien, las pruebas de su abogado podr\u00edan obligar a un juez o jurado a fallar a su favor.\u00a0<\/span><\/p>\n<h2>\u00bfCu\u00e1nto tiempo tienes para presentar una demanda por accidente de motocicleta?<\/h2>\n<p><span style=\"font-weight: 400;\">El <\/span><a href=\"https:\/\/plg-pllc.com\/faqs\/washington-statute-of-limitations\/\"><span style=\"font-weight: 400;\">Estatuto de limitaciones de Washington<\/span><\/a><span style=\"font-weight: 400;\"> Para una demanda por accidente de motocicleta, por lo general <\/span><b>tres a\u00f1os<\/b><span style=\"font-weight: 400;\">Hable con un abogado especializado en accidentes de motocicleta que preste servicios en Redmond si est\u00e1 sopesando los pros y los contras de demandar a una parte responsable.<\/span><\/p>\n<p><span style=\"font-weight: 400;\">Su abogado determinar\u00e1 su elegibilidad para una demanda y, si corresponde, actuar\u00e1 como su representante legal y defensor.\u00a0<\/span><\/p>\n<p><span style=\"font-weight: 400;\">Muchas v\u00edctimas de accidentes de motocicleta reciben una indemnizaci\u00f3n a trav\u00e9s de reclamaciones de seguros. Si la aseguradora de la parte culpable ofrece un acuerdo, eval\u00fae la propuesta con su abogado.<\/span><\/p>\n<p><span style=\"font-weight: 400;\">Recuerde que no est\u00e1 legalmente obligado a aceptar una oferta de conciliaci\u00f3n. Si una propuesta es inferior a lo que desea, su abogado puede rechazarla y seguir negociando.\u00a0<\/span><\/p>\n<p><span style=\"font-weight: 400;\">En \u00faltima instancia, las negociaciones de un acuerdo por accidente de motocicleta pueden ir y venir entre su abogado y la compa\u00f1\u00eda de seguros de la parte culpable sin llegar a una soluci\u00f3n. Si no se llega a un acuerdo con la aseguradora, su abogado presentar\u00e1 su caso ante un juez o un jurado.\u00a0<\/span><\/p>\n\n        <div class=\"rs-content-cta long\">\n            <p>Para una consulta legal GRATUITA con un abogado de accidentes de motocicleta que atienda en Redmond, llame al <a href=\"tel:+12062851743\">(206) 285-1743 <\/a><\/p>\n            <a href=\"https:\/\/plg-pllc.com\/es\/contact-us\/\" title=\"OBTENGA UNA EVALUACI\u00d3N DE CASO GRATUITA\" class=\"btn-global\">OBTENGA UNA EVALUACI\u00d3N DE CASO GRATUITA<\/a>\n                    <picture>\n                            <source srcset=\"https:\/\/plg-pllc.com\/wp-content\/themes\/plg-pllc-redesign\/assets\/app\/img\/cta-thumb.webp\" type=\"image\/webp\"\/>\n                            <img src=\"https:\/\/plg-pllc.com\/wp-content\/themes\/plg-pllc-redesign\/assets\/app\/img\/cta-thumb.png\" alt=\"Grupo de abogados Premier\" title=\"Grupo de abogados Premier\" width=\"245\" height=\"220\" loading=\"auto\" fetchpriority=\"auto\" decoding=\"async\"\/>\n        <\/picture>\n        \n        <\/div><h2>Nuestros abogados de accidentes de motocicleta en Redmond le brindar\u00e1n a su caso toda nuestra atenci\u00f3n.<\/h2>\n<p><span style=\"font-weight: 400;\">Si otra persona es responsable de su accidente de motocicleta y sus lesiones, puede exigirle una indemnizaci\u00f3n por sus p\u00e9rdidas. Los abogados especializados en accidentes de motocicleta de Redmond conocen los desaf\u00edos que enfrentar\u00e1 si pasa por el proceso legal solo.<\/span><\/p>\n<p><span style=\"font-weight: 400;\">Abordar\u00e1n estos desaf\u00edos mientras usted se concentra en recuperarse de su accidente.\u00a0<\/span><\/p>\n<p><span style=\"font-weight: 400;\">Premier Law Group ofrece un servicio al cliente excepcional. Nuestro equipo es intencional y busca... <\/span><b>Satisfacci\u00f3n del cliente 100% <\/b><span style=\"font-weight: 400;\">en todo lo que hacemos.<\/span><\/p>\n<p><span style=\"font-weight: 400;\">Perm\u00edtanos ayudarle con su caso de accidente de motocicleta. Solicite una revisi\u00f3n gratuita de su caso. <\/span><\/p>\n\n        <div class=\"rs-content-cta\">\n            <p>Llamar o enviar mensaje de texto <a href=\"tel:+12062851743\">(206) 285-1743<\/a> o complete un formulario de evaluaci\u00f3n de caso gratuito<\/p>\n            <a href=\"https:\/\/plg-pllc.com\/es\/contact-us\/\" title=\"OBTENGA UNA EVALUACI\u00d3N DE CASO GRATUITA\" class=\"btn-global\">OBTENGA UNA EVALUACI\u00d3N DE CASO GRATUITA<\/a>\n                    <picture>\n                            <source srcset=\"https:\/\/plg-pllc.com\/wp-content\/themes\/plg-pllc-redesign\/assets\/app\/img\/cta-thumb.webp\" type=\"image\/webp\"\/>\n                            <img src=\"https:\/\/plg-pllc.com\/wp-content\/themes\/plg-pllc-redesign\/assets\/app\/img\/cta-thumb.png\" alt=\"Grupo de abogados Premier\" title=\"Grupo de abogados Premier\" width=\"245\" height=\"220\" loading=\"auto\" fetchpriority=\"auto\" decoding=\"async\"\/>\n        <\/picture>\n        \n        <\/div>","protected":false},"excerpt":{"rendered":"<p>Conducir una motocicleta es una de tus actividades favoritas. Desafortunadamente, un d\u00eda, un automovilista te impacta mientras viajas en tu motocicleta. Despu\u00e9s de esto, consulta con un abogado especializado en accidentes de motocicleta en Redmond. As\u00ed podr\u00e1s exigirle responsabilidades al automovilista responsable por los da\u00f1os causados. Premier Law Group\u2026<\/p>","protected":false},"author":60,"featured_media":0,"parent":20288,"menu_order":0,"comment_status":"closed","ping_status":"closed","template":"","meta":{"_acf_changed":false,"_genesis_hide_title":false,"_genesis_hide_breadcrumbs":false,"_genesis_hide_singular_image":false,"_genesis_hide_footer_widgets":false,"_genesis_custom_body_class":"","_genesis_custom_post_class":"","_genesis_layout":"","footnotes":""},"hc_faqs":[],"class_list":{"0":"post-21531","1":"page","2":"type-page","3":"status-publish","5":"hc_city_location-redmond","6":"entry"},"acf":[],"yoast_head":"<!-- This site is optimized with the Yoast SEO plugin v27.4 - https:\/\/yoast.com\/product\/yoast-seo-wordpress\/ -->\n<title>Motorcycle Accident Lawyer in Redmond | Get Legal Help Today<\/title>\n<meta name=\"description\" content=\"Partner with a Redmond motorcycle accident lawyer from Premier Law Group. Our team has over 55 years of combined experience.\" \/>\n<meta name=\"robots\" content=\"index, follow, max-snippet:-1, max-image-preview:large, max-video-preview:-1\" \/>\n<link rel=\"canonical\" href=\"https:\/\/plg-pllc.com\/es\/redmond\/motorcycle-accident-lawyer\/\" \/>\n<meta property=\"og:locale\" content=\"es_MX\" \/>\n<meta property=\"og:type\" content=\"article\" \/>\n<meta property=\"og:title\" content=\"Motorcycle Accident Lawyer in Redmond | Get Legal Help Today\" \/>\n<meta property=\"og:description\" content=\"Partner with a Redmond motorcycle accident lawyer from Premier Law Group. Our team has over 55 years of combined experience.\" \/>\n<meta property=\"og:url\" content=\"https:\/\/plg-pllc.com\/es\/redmond\/motorcycle-accident-lawyer\/\" \/>\n<meta property=\"og:site_name\" content=\"Premier Law Group\" \/>\n<meta property=\"article:publisher\" content=\"https:\/\/www.facebook.com\/premierlawgroup\" \/>\n<meta property=\"article:modified_time\" content=\"2025-09-10T15:41:13+00:00\" \/>\n<meta name=\"twitter:card\" content=\"summary_large_image\" \/>\n<meta name=\"twitter:site\" content=\"@premierlawgroup\" \/>\n<meta name=\"twitter:label1\" content=\"Tiempo de lectura\" \/>\n\t<meta name=\"twitter:data1\" content=\"4 minutos\" \/>\n<script type=\"application\/ld+json\" class=\"yoast-schema-graph\">{\"@context\":\"https:\\\/\\\/schema.org\",\"@graph\":[{\"@type\":\"WebPage\",\"@id\":\"https:\\\/\\\/plg-pllc.com\\\/redmond\\\/motorcycle-accident-lawyer\\\/\",\"url\":\"https:\\\/\\\/plg-pllc.com\\\/redmond\\\/motorcycle-accident-lawyer\\\/\",\"name\":\"Motorcycle Accident Lawyer in Redmond | Get Legal Help Today\",\"isPartOf\":{\"@id\":\"https:\\\/\\\/plg-pllc.com\\\/#website\"},\"datePublished\":\"2025-09-07T22:36:44+00:00\",\"dateModified\":\"2025-09-10T15:41:13+00:00\",\"description\":\"Partner with a Redmond motorcycle accident lawyer from Premier Law Group. Our team has over 55 years of combined experience.\",\"breadcrumb\":{\"@id\":\"https:\\\/\\\/plg-pllc.com\\\/redmond\\\/motorcycle-accident-lawyer\\\/#breadcrumb\"},\"inLanguage\":\"es\",\"potentialAction\":[{\"@type\":\"ReadAction\",\"target\":[\"https:\\\/\\\/plg-pllc.com\\\/redmond\\\/motorcycle-accident-lawyer\\\/\"]}]},{\"@type\":\"BreadcrumbList\",\"@id\":\"https:\\\/\\\/plg-pllc.com\\\/redmond\\\/motorcycle-accident-lawyer\\\/#breadcrumb\",\"itemListElement\":[{\"@type\":\"ListItem\",\"position\":1,\"name\":\"Home\",\"item\":\"https:\\\/\\\/plg-pllc.com\\\/es\\\/\"},{\"@type\":\"ListItem\",\"position\":2,\"name\":\"Redmond Personal Injury Lawyer\",\"item\":\"https:\\\/\\\/plg-pllc.com\\\/es\\\/redmond\\\/personal-injury-lawyer\\\/\"},{\"@type\":\"ListItem\",\"position\":3,\"name\":\"Redmond Motorcycle Accident Lawyer\"}]},{\"@type\":\"WebSite\",\"@id\":\"https:\\\/\\\/plg-pllc.com\\\/#website\",\"url\":\"https:\\\/\\\/plg-pllc.com\\\/\",\"name\":\"Premier Law Group\",\"description\":\"Washington Wrongful Death and Serious Injury Lawyer\",\"publisher\":{\"@id\":\"https:\\\/\\\/plg-pllc.com\\\/#organization\"},\"inLanguage\":\"es\"},{\"@type\":\"Organization\",\"@id\":\"https:\\\/\\\/plg-pllc.com\\\/#organization\",\"name\":\"Premier Law Group\",\"url\":\"https:\\\/\\\/plg-pllc.com\\\/\",\"logo\":{\"@type\":\"ImageObject\",\"inLanguage\":\"es\",\"@id\":\"https:\\\/\\\/plg-pllc.com\\\/#\\\/schema\\\/logo\\\/image\\\/\",\"url\":\"https:\\\/\\\/plg-pllc.com\\\/wp-content\\\/uploads\\\/2020\\\/10\\\/plg-logo-v2.gif\",\"contentUrl\":\"https:\\\/\\\/plg-pllc.com\\\/wp-content\\\/uploads\\\/2020\\\/10\\\/plg-logo-v2.gif\",\"width\":592,\"height\":191,\"caption\":\"Premier Law Group\"},\"image\":{\"@id\":\"https:\\\/\\\/plg-pllc.com\\\/#\\\/schema\\\/logo\\\/image\\\/\"},\"sameAs\":[\"https:\\\/\\\/www.facebook.com\\\/premierlawgroup\",\"https:\\\/\\\/x.com\\\/premierlawgroup\"]}]}<\/script>\n<!-- \/ Yoast SEO plugin. -->","yoast_head_json":{"title":"Abogado de accidentes de motocicleta en Redmond | Obtenga ayuda legal hoy","description":"Colabore con un abogado especializado en accidentes de motocicleta de Premier Law Group en Redmond. Nuestro equipo cuenta con m\u00e1s de 55 a\u00f1os de experiencia combinada.","robots":{"index":"index","follow":"follow","max-snippet":"max-snippet:-1","max-image-preview":"max-image-preview:large","max-video-preview":"max-video-preview:-1"},"canonical":"https:\/\/plg-pllc.com\/es\/redmond\/motorcycle-accident-lawyer\/","og_locale":"es_MX","og_type":"article","og_title":"Motorcycle Accident Lawyer in Redmond | Get Legal Help Today","og_description":"Partner with a Redmond motorcycle accident lawyer from Premier Law Group. Our team has over 55 years of combined experience.","og_url":"https:\/\/plg-pllc.com\/es\/redmond\/motorcycle-accident-lawyer\/","og_site_name":"Premier Law Group","article_publisher":"https:\/\/www.facebook.com\/premierlawgroup","article_modified_time":"2025-09-10T15:41:13+00:00","twitter_card":"summary_large_image","twitter_site":"@premierlawgroup","twitter_misc":{"Tiempo de lectura":"4 minutos"},"schema":{"@context":"https:\/\/schema.org","@graph":[{"@type":"WebPage","@id":"https:\/\/plg-pllc.com\/redmond\/motorcycle-accident-lawyer\/","url":"https:\/\/plg-pllc.com\/redmond\/motorcycle-accident-lawyer\/","name":"Abogado de accidentes de motocicleta en Redmond | Obtenga ayuda legal hoy","isPartOf":{"@id":"https:\/\/plg-pllc.com\/#website"},"datePublished":"2025-09-07T22:36:44+00:00","dateModified":"2025-09-10T15:41:13+00:00","description":"Colabore con un abogado especializado en accidentes de motocicleta de Premier Law Group en Redmond. Nuestro equipo cuenta con m\u00e1s de 55 a\u00f1os de experiencia combinada.","breadcrumb":{"@id":"https:\/\/plg-pllc.com\/redmond\/motorcycle-accident-lawyer\/#breadcrumb"},"inLanguage":"es","potentialAction":[{"@type":"ReadAction","target":["https:\/\/plg-pllc.com\/redmond\/motorcycle-accident-lawyer\/"]}]},{"@type":"BreadcrumbList","@id":"https:\/\/plg-pllc.com\/redmond\/motorcycle-accident-lawyer\/#breadcrumb","itemListElement":[{"@type":"ListItem","position":1,"name":"Home","item":"https:\/\/plg-pllc.com\/es\/"},{"@type":"ListItem","position":2,"name":"Redmond Personal Injury Lawyer","item":"https:\/\/plg-pllc.com\/es\/redmond\/personal-injury-lawyer\/"},{"@type":"ListItem","position":3,"name":"Redmond Motorcycle Accident Lawyer"}]},{"@type":"WebSite","@id":"https:\/\/plg-pllc.com\/#website","url":"https:\/\/plg-pllc.com\/","name":"Grupo de abogados Premier","description":"Abogado de muerte por negligencia y lesiones graves en Washington","publisher":{"@id":"https:\/\/plg-pllc.com\/#organization"},"inLanguage":"es"},{"@type":"Organization","@id":"https:\/\/plg-pllc.com\/#organization","name":"Grupo de abogados Premier","url":"https:\/\/plg-pllc.com\/","logo":{"@type":"ImageObject","inLanguage":"es","@id":"https:\/\/plg-pllc.com\/#\/schema\/logo\/image\/","url":"https:\/\/plg-pllc.com\/wp-content\/uploads\/2020\/10\/plg-logo-v2.gif","contentUrl":"https:\/\/plg-pllc.com\/wp-content\/uploads\/2020\/10\/plg-logo-v2.gif","width":592,"height":191,"caption":"Premier Law Group"},"image":{"@id":"https:\/\/plg-pllc.com\/#\/schema\/logo\/image\/"},"sameAs":["https:\/\/www.facebook.com\/premierlawgroup","https:\/\/x.com\/premierlawgroup"]}]}},"_links":{"self":[{"href":"https:\/\/plg-pllc.com\/es\/wp-json\/wp\/v2\/pages\/21531","targetHints":{"allow":["GET"]}}],"collection":[{"href":"https:\/\/plg-pllc.com\/es\/wp-json\/wp\/v2\/pages"}],"about":[{"href":"https:\/\/plg-pllc.com\/es\/wp-json\/wp\/v2\/types\/page"}],"author":[{"embeddable":true,"href":"https:\/\/plg-pllc.com\/es\/wp-json\/wp\/v2\/users\/60"}],"replies":[{"embeddable":true,"href":"https:\/\/plg-pllc.com\/es\/wp-json\/wp\/v2\/comments?post=21531"}],"version-history":[{"count":0,"href":"https:\/\/plg-pllc.com\/es\/wp-json\/wp\/v2\/pages\/21531\/revisions"}],"up":[{"embeddable":true,"href":"https:\/\/plg-pllc.com\/es\/wp-json\/wp\/v2\/pages\/20288"}],"wp:attachment":[{"href":"https:\/\/plg-pllc.com\/es\/wp-json\/wp\/v2\/media?parent=21531"}],"wp:term":[{"taxonomy":"hc_faqs","embeddable":true,"href":"https:\/\/plg-pllc.com\/es\/wp-json\/wp\/v2\/hc_faqs?post=21531"}],"curies":[{"name":"gracias","href":"https:\/\/api.w.org\/{rel}","templated":true}]}}