{"id":21532,"date":"2025-09-07T15:40:47","date_gmt":"2025-09-07T22:40:47","guid":{"rendered":"https:\/\/plg-pllc.com\/?page_id=21532"},"modified":"2025-12-16T06:03:43","modified_gmt":"2025-12-16T14:03:43","slug":"bellevue-catastrophic-injury-lawyer-broken-bone-injury","status":"publish","type":"page","link":"https:\/\/plg-pllc.com\/es\/bellevue\/catastrophic-injury-lawyer\/broken-bone-injury\/","title":{"rendered":"Abogado de lesiones por fracturas \u00f3seas en Bellevue"},"content":{"rendered":"<p><span style=\"font-weight: 400;\">Alguien causa un accidente y usted sufre fracturas \u00f3seas debido a sus acciones. Hable con un abogado especializado en fracturas \u00f3seas en Bellevue a los pocos d\u00edas de lesionarse. Su abogado revisar\u00e1 su caso y le indicar\u00e1 c\u00f3mo reclamar una indemnizaci\u00f3n por da\u00f1os y perjuicios a la parte responsable.\u00a0<\/span><\/p>\n<p><span style=\"font-weight: 400;\">Premier Law Group tiene <\/span><b>recuperado m\u00e1s de $100 millones<\/b><span style=\"font-weight: 400;\"> en compensaci\u00f3n<\/span> <span style=\"font-weight: 400;\">para quienes han sufrido fracturas y otras lesiones. Conf\u00eda en un <\/span><a href=\"https:\/\/plg-pllc.com\/bellevue\/catastrophic-injury-lawyer\/\"><span style=\"font-weight: 400;\">Abogado de lesiones catastr\u00f3ficas en Bellevue<\/span><\/a> <span style=\"font-weight: 400;\">de nuestro equipo para ayudarle con sus asuntos legales.<\/span><\/p>\n<p><span style=\"font-weight: 400;\">Mientras tanto, puede cuidarse y recuperarse de su fractura. Cont\u00e1ctenos hoy mismo para programar una consulta gratuita.\u00a0<\/span><\/p>\n<h2>Qu\u00e9 esperar de nuestro abogado especializado en lesiones por fracturas \u00f3seas<\/h2>\n<p><span style=\"font-weight: 400;\">Su abogado especializado en fracturas \u00f3seas en Bellevue quiere que reciba atenci\u00f3n m\u00e9dica durante el tiempo que sea necesario. Mientras usted se cuida, su abogado se centrar\u00e1 en su caso.<\/span><\/p>\n<p><span style=\"font-weight: 400;\">Lo pondr\u00e1n en posici\u00f3n de recibir una compensaci\u00f3n justa por sus p\u00e9rdidas cuantificables y subjetivas de cualquier persona responsable de sus lesiones por fracturas de huesos.\u00a0<\/span><\/p>\n<p><span style=\"font-weight: 400;\">En su caso de lesi\u00f3n por fractura de hueso, su <\/span><a href=\"https:\/\/plg-pllc.com\/\"><span style=\"font-weight: 400;\">Abogado de lesiones personales en Bellevue<\/span><\/a><span style=\"font-weight: 400;\"> Pueden negociar un acuerdo de seguro en su nombre. Le explicar\u00e1n a la compa\u00f1\u00eda de seguros de la parte responsable por qu\u00e9 deber\u00eda recibir una compensaci\u00f3n por sus p\u00e9rdidas.<\/span><\/p>\n<p><span style=\"font-weight: 400;\">Lamentablemente, no hay garant\u00eda de que una aseguradora acepte su solicitud de indemnizaci\u00f3n. Por lo tanto, su abogado podr\u00eda llevar su caso a juicio.\u00a0<\/span><\/p>\n<p><span style=\"font-weight: 400;\">El equipo de Premier Law Group es lo suficientemente grande para ganar y lo suficientemente peque\u00f1o para preocuparse. Tenemos <\/span><b>M\u00e1s de 55 a\u00f1os de experiencia combinada<\/b><span style=\"font-weight: 400;\">.<\/span><\/p>\n<p><span style=\"font-weight: 400;\">Nuestros abogados usar\u00e1n nuestros conocimientos para ayudarle a obtener el resultado deseado. Para obtener m\u00e1s informaci\u00f3n, hable sobre su caso con un abogado especializado en fracturas \u00f3seas de Bellevue de nuestro equipo.<\/span><\/p>\n<h2>Representaci\u00f3n legal disponible para un caso de lesi\u00f3n \u00f3sea rota en Bellevue<\/h2>\n<p><span style=\"font-weight: 400;\">Trabaje con un abogado especializado en lesiones por fracturas de huesos en Bellevue que ha ayudado a clientes anteriores a lograr resultados sobresalientes. <\/span><a href=\"https:\/\/plg-pllc.com\/case-results\/\"><span style=\"font-weight: 400;\">resultados del caso<\/span><\/a><span style=\"font-weight: 400;\">Lo ideal es que su abogado tenga una vasta experiencia legal relevante y dedique tiempo, energ\u00eda y recursos sustanciales a su caso.<\/span><\/p>\n<p><span style=\"font-weight: 400;\">Los abogados que puede considerar para representarlo en su caso de huesos rotos incluyen:<\/span><b><\/b><\/p>\n<ul>\n<li><a href=\"https:\/\/plg-pllc.com\/bellevue\/car-accident-lawyer\/\"><b>Abogados de accidentes de tr\u00e1fico en Bellevue<\/b><\/a>: <span style=\"font-weight: 400;\">Haga que un abogado lo gu\u00ede a trav\u00e9s del proceso de presentar un reclamo de seguro de autom\u00f3vil y solicitar dinero por los costos en los que incurra debido a las lesiones por fracturas de huesos de su accidente automovil\u00edstico.\u00a0<\/span><\/li>\n<li><a href=\"https:\/\/plg-pllc.com\/bellevue\/truck-accident-lawyer\/\"><b>Abogados de accidentes de camiones en Bellevue<\/b><\/a>: <span style=\"font-weight: 400;\">Consiga un abogado de su lado que est\u00e9 familiarizado con <\/span><a href=\"https:\/\/www.fmcsa.dot.gov\/regulations\/hours-of-service\" target=\"_blank\" rel=\"noopener\"><span style=\"font-weight: 400;\">horas de servicio (HOS)<\/span><\/a><span style=\"font-weight: 400;\"> Normas y regulaciones de la industria camionera aplicables a su caso. Su abogado luchar\u00e1 para obtener una compensaci\u00f3n por los costos asociados con las fracturas \u00f3seas causadas por su accidente de cami\u00f3n.\u00a0<\/span><\/li>\n<li><a href=\"https:\/\/plg-pllc.com\/bellevue\/motorcycle-accident-lawyer\/\"><b>Abogados de accidentes de motocicleta en Bellevue<\/b><\/a>: <span style=\"font-weight: 400;\">Solicite la orientaci\u00f3n y el apoyo legal de un abogado que proteja los derechos e intereses de los motociclistas. Tras un accidente de motocicleta, su abogado puede ayudarle a obtener una indemnizaci\u00f3n por sus fracturas \u00f3seas mediante una reclamaci\u00f3n al seguro o una demanda por lesiones personales.\u00a0<\/span><\/li>\n<li><a href=\"https:\/\/plg-pllc.com\/bellevue\/pedestrian-accident-lawyer\/\"><b>Abogados de accidentes de peatones en Bellevue<\/b><\/a>:<span style=\"font-weight: 400;\"> Permita que un abogado lo defienda mientras busca una compensaci\u00f3n por los costos del tratamiento de sus lesiones por fracturas de huesos de cualquier persona que haya causado su accidente peatonal.\u00a0<\/span><\/li>\n<li><a href=\"https:\/\/plg-pllc.com\/bellevue\/bicycle-accident-lawyer\/\"><b>Abogados de accidentes de bicicleta en Bellevue<\/b><\/a>: <span style=\"font-weight: 400;\">No asuma la culpa si se fractura huesos en un accidente de bicicleta y otra persona es responsable del incidente. Colabore con un abogado especializado en fracturas \u00f3seas que le brindar\u00e1 a su caso de accidente de bicicleta la atenci\u00f3n que merece.\u00a0<\/span><\/li>\n<\/ul>\n<p><span style=\"font-weight: 400;\">Su abogado especializado en lesiones por fracturas de huesos en Bellevue le compartir\u00e1... <\/span><a href=\"https:\/\/plg-pllc.com\/faqs\/\"><span style=\"font-weight: 400;\">Preguntas frecuentes<\/span><\/a><span style=\"font-weight: 400;\"> Y otros recursos para que usted decida qu\u00e9 hacer tras la lesi\u00f3n. Si corresponde, presentar\u00e1n una reclamaci\u00f3n al seguro en su nombre o llevar\u00e1n su caso de fractura \u00f3sea a los tribunales.\u00a0<\/span><\/p>\n<h2>Cu\u00e1ndo presentar una demanda por lesi\u00f3n \u00f3sea rota<\/h2>\n<p><span style=\"font-weight: 400;\">El <\/span><a href=\"https:\/\/plg-pllc.com\/faqs\/washington-statute-of-limitations\/\"><span style=\"font-weight: 400;\">Estatuto de limitaciones de Washington<\/span><\/a><span style=\"font-weight: 400;\"> para una reclamaci\u00f3n o demanda es <\/span><b>tres a\u00f1os<\/b><span style=\"font-weight: 400;\">Consulte con un abogado especializado en fracturas lo antes posible despu\u00e9s de lesionarse. Su abogado determinar\u00e1 si cumple los requisitos para solicitar una indemnizaci\u00f3n por da\u00f1os y perjuicios.<\/span><\/p>\n<p><span style=\"font-weight: 400;\">Dependiendo de las circunstancias de su caso, le pueden aconsejar que busque da\u00f1os econ\u00f3micos y no econ\u00f3micos por diversas razones, tales como:<\/span><\/p>\n<ul>\n<li style=\"font-weight: 400;\" aria-level=\"1\"><span style=\"font-weight: 400;\">Dolor y sufrimiento<\/span><\/li>\n<li style=\"font-weight: 400;\" aria-level=\"1\"><span style=\"font-weight: 400;\">Salarios perdidos<\/span><\/li>\n<li style=\"font-weight: 400;\" aria-level=\"1\"><span style=\"font-weight: 400;\">Capacidad de ingresos disminuida<\/span><\/li>\n<li style=\"font-weight: 400;\" aria-level=\"1\"><span style=\"font-weight: 400;\">Facturas m\u00e9dicas<\/span><\/li>\n<li style=\"font-weight: 400;\" aria-level=\"1\"><span style=\"font-weight: 400;\">P\u00e9rdida del disfrute de la vida<\/span><\/li>\n<\/ul>\n<p><span style=\"font-weight: 400;\">Su abogado utilizar\u00e1 informes policiales y de accidentes, registros m\u00e9dicos, declaraciones de testigos y otras pruebas para fortalecer su caso.<\/span><\/p>\n<p><span style=\"font-weight: 400;\">La recopilaci\u00f3n de pruebas podr\u00eda incitar a la parte responsable o a su compa\u00f1\u00eda de seguros a ofrecer un acuerdo que se ajuste a sus expectativas. O bien, podr\u00eda llevar a un juez o jurado a conceder una indemnizaci\u00f3n por da\u00f1os y perjuicios.\u00a0<\/span><\/p>\n\n        <div class=\"rs-content-cta long\">\n            <p>Para una consulta legal GRATUITA con un abogado especializado en huesos rotos que atiende en Bellevue, llame al <a href=\"tel:+12062851743\">(206) 285-1743 <\/a><\/p>\n            <a href=\"https:\/\/plg-pllc.com\/es\/contact-us\/\" title=\"OBTENGA UNA EVALUACI\u00d3N DE CASO GRATUITA\" class=\"btn-global\">OBTENGA UNA EVALUACI\u00d3N DE CASO GRATUITA<\/a>\n                    <picture>\n                            <source srcset=\"https:\/\/plg-pllc.com\/wp-content\/themes\/plg-pllc-redesign\/assets\/app\/img\/cta-thumb.webp\" type=\"image\/webp\"\/>\n                            <img src=\"https:\/\/plg-pllc.com\/wp-content\/themes\/plg-pllc-redesign\/assets\/app\/img\/cta-thumb.png\" alt=\"Grupo de abogados Premier\" title=\"Grupo de abogados Premier\" width=\"245\" height=\"220\" loading=\"auto\" fetchpriority=\"auto\" decoding=\"async\"\/>\n        <\/picture>\n        \n        <\/div><h2>Nuestros abogados especializados en lesiones por fracturas \u00f3seas en Bellevue le brindar\u00e1n una experiencia de cliente de primer nivel.<\/h2>\n<p><span style=\"font-weight: 400;\">Lo que hagas despu\u00e9s de sufrir una fractura \u00f3sea tiene consecuencias a largo plazo. Si intentas aguantar, es probable que tus lesiones empeoren.<\/span><\/p>\n<p><span style=\"font-weight: 400;\">Por otro lado, si recibe atenci\u00f3n m\u00e9dica, estar\u00e1 m\u00e1s cerca de una recuperaci\u00f3n completa. Adem\u00e1s, con la ayuda legal de los abogados especializados en fracturas \u00f3seas de Bellevue, puede reclamar una indemnizaci\u00f3n a cualquier persona responsable de sus lesiones.<\/span><\/p>\n<p><span style=\"font-weight: 400;\">Premier Law Group es el \u00fanico bufete de abogados de lesiones personales en el estado de Washington que ofrece un <\/span><b>Triple garant\u00eda<\/b><span style=\"font-weight: 400;\">Le prometemos que podr\u00e1 hablar directamente con un abogado sobre su caso de lesi\u00f3n por fractura de hueso y lo que implica.<\/span><\/p>\n<p><span style=\"font-weight: 400;\">Adem\u00e1s, le ofrecemos un servicio personalizado y no nos paga nada a menos que ganemos su caso. Para m\u00e1s informaci\u00f3n, solicite una revisi\u00f3n gratuita de su caso. <\/span><\/p>\n\n        <div class=\"rs-content-cta\">\n            <p>Llamar o enviar mensaje de texto <a href=\"tel:+12062851743\">(206) 285-1743<\/a> o complete un formulario de evaluaci\u00f3n de caso gratuito<\/p>\n            <a href=\"https:\/\/plg-pllc.com\/es\/contact-us\/\" title=\"OBTENGA UNA EVALUACI\u00d3N DE CASO GRATUITA\" class=\"btn-global\">OBTENGA UNA EVALUACI\u00d3N DE CASO GRATUITA<\/a>\n                    <picture>\n                            <source srcset=\"https:\/\/plg-pllc.com\/wp-content\/themes\/plg-pllc-redesign\/assets\/app\/img\/cta-thumb.webp\" type=\"image\/webp\"\/>\n                            <img src=\"https:\/\/plg-pllc.com\/wp-content\/themes\/plg-pllc-redesign\/assets\/app\/img\/cta-thumb.png\" alt=\"Grupo de abogados Premier\" title=\"Grupo de abogados Premier\" width=\"245\" height=\"220\" loading=\"auto\" fetchpriority=\"auto\" decoding=\"async\"\/>\n        <\/picture>\n        \n        <\/div>","protected":false},"excerpt":{"rendered":"<p>Alguien causa un accidente y usted sufre fracturas \u00f3seas debido a sus acciones. Hable con un abogado especializado en fracturas \u00f3seas en Bellevue a los pocos d\u00edas de lesionarse. Su abogado revisar\u00e1 su caso y le informar\u00e1 c\u00f3mo reclamar una indemnizaci\u00f3n por da\u00f1os y perjuicios a la parte responsable. Premier Law Group ha recuperado...<\/p>","protected":false},"author":60,"featured_media":0,"parent":17909,"menu_order":0,"comment_status":"closed","ping_status":"closed","template":"","meta":{"_acf_changed":false,"_genesis_hide_title":false,"_genesis_hide_breadcrumbs":false,"_genesis_hide_singular_image":false,"_genesis_hide_footer_widgets":false,"_genesis_custom_body_class":"","_genesis_custom_post_class":"","_genesis_layout":"","footnotes":""},"hc_faqs":[],"class_list":{"0":"post-21532","1":"page","2":"type-page","3":"status-publish","5":"hc_city_location-bellevue","6":"entry"},"acf":[],"yoast_head":"<!-- This site is optimized with the Yoast SEO plugin v27.4 - https:\/\/yoast.com\/product\/yoast-seo-wordpress\/ -->\n<title>Broken Bone Injury Lawyer in Bellevue | Request Legal Help<\/title>\n<meta name=\"description\" content=\"Let a Bellevue broken bone injury lawyer from Premier Law Group serve as your legal representation. Contact us today for more information.\" \/>\n<meta name=\"robots\" content=\"index, follow, max-snippet:-1, max-image-preview:large, max-video-preview:-1\" \/>\n<link rel=\"canonical\" href=\"https:\/\/plg-pllc.com\/es\/bellevue\/catastrophic-injury-lawyer\/broken-bone-injury\/\" \/>\n<meta property=\"og:locale\" content=\"es_MX\" \/>\n<meta property=\"og:type\" content=\"article\" \/>\n<meta property=\"og:title\" content=\"Broken Bone Injury Lawyer in Bellevue | Request Legal Help\" \/>\n<meta property=\"og:description\" content=\"Let a Bellevue broken bone injury lawyer from Premier Law Group serve as your legal representation. Contact us today for more information.\" \/>\n<meta property=\"og:url\" content=\"https:\/\/plg-pllc.com\/es\/bellevue\/catastrophic-injury-lawyer\/broken-bone-injury\/\" \/>\n<meta property=\"og:site_name\" content=\"Premier Law Group\" \/>\n<meta property=\"article:publisher\" content=\"https:\/\/www.facebook.com\/premierlawgroup\" \/>\n<meta property=\"article:modified_time\" content=\"2025-12-16T14:03:43+00:00\" \/>\n<meta name=\"twitter:card\" content=\"summary_large_image\" \/>\n<meta name=\"twitter:site\" content=\"@premierlawgroup\" \/>\n<meta name=\"twitter:label1\" content=\"Tiempo de lectura\" \/>\n\t<meta name=\"twitter:data1\" content=\"4 minutos\" \/>\n<script type=\"application\/ld+json\" class=\"yoast-schema-graph\">{\"@context\":\"https:\\\/\\\/schema.org\",\"@graph\":[{\"@type\":\"WebPage\",\"@id\":\"https:\\\/\\\/plg-pllc.com\\\/bellevue\\\/catastrophic-injury-lawyer\\\/broken-bone-injury\\\/\",\"url\":\"https:\\\/\\\/plg-pllc.com\\\/bellevue\\\/catastrophic-injury-lawyer\\\/broken-bone-injury\\\/\",\"name\":\"Broken Bone Injury Lawyer in Bellevue | Request Legal Help\",\"isPartOf\":{\"@id\":\"https:\\\/\\\/plg-pllc.com\\\/#website\"},\"datePublished\":\"2025-09-07T22:40:47+00:00\",\"dateModified\":\"2025-12-16T14:03:43+00:00\",\"description\":\"Let a Bellevue broken bone injury lawyer from Premier Law Group serve as your legal representation. Contact us today for more information.\",\"breadcrumb\":{\"@id\":\"https:\\\/\\\/plg-pllc.com\\\/bellevue\\\/catastrophic-injury-lawyer\\\/broken-bone-injury\\\/#breadcrumb\"},\"inLanguage\":\"es\",\"potentialAction\":[{\"@type\":\"ReadAction\",\"target\":[\"https:\\\/\\\/plg-pllc.com\\\/bellevue\\\/catastrophic-injury-lawyer\\\/broken-bone-injury\\\/\"]}]},{\"@type\":\"BreadcrumbList\",\"@id\":\"https:\\\/\\\/plg-pllc.com\\\/bellevue\\\/catastrophic-injury-lawyer\\\/broken-bone-injury\\\/#breadcrumb\",\"itemListElement\":[{\"@type\":\"ListItem\",\"position\":1,\"name\":\"Home\",\"item\":\"https:\\\/\\\/plg-pllc.com\\\/es\\\/\"},{\"@type\":\"ListItem\",\"position\":2,\"name\":\"Bellevue Personal Injury Lawyer\",\"item\":\"https:\\\/\\\/plg-pllc.com\\\/es\\\/\"},{\"@type\":\"ListItem\",\"position\":3,\"name\":\"Bellevue Catastrophic Injury Lawyer\",\"item\":\"https:\\\/\\\/plg-pllc.com\\\/es\\\/bellevue\\\/catastrophic-injury-lawyer\\\/\"},{\"@type\":\"ListItem\",\"position\":4,\"name\":\"Broken Bones\"}]},{\"@type\":\"WebSite\",\"@id\":\"https:\\\/\\\/plg-pllc.com\\\/#website\",\"url\":\"https:\\\/\\\/plg-pllc.com\\\/\",\"name\":\"Premier Law Group\",\"description\":\"Washington Wrongful Death and Serious Injury Lawyer\",\"publisher\":{\"@id\":\"https:\\\/\\\/plg-pllc.com\\\/#organization\"},\"inLanguage\":\"es\"},{\"@type\":\"Organization\",\"@id\":\"https:\\\/\\\/plg-pllc.com\\\/#organization\",\"name\":\"Premier Law Group\",\"url\":\"https:\\\/\\\/plg-pllc.com\\\/\",\"logo\":{\"@type\":\"ImageObject\",\"inLanguage\":\"es\",\"@id\":\"https:\\\/\\\/plg-pllc.com\\\/#\\\/schema\\\/logo\\\/image\\\/\",\"url\":\"https:\\\/\\\/plg-pllc.com\\\/wp-content\\\/uploads\\\/2020\\\/10\\\/plg-logo-v2.gif\",\"contentUrl\":\"https:\\\/\\\/plg-pllc.com\\\/wp-content\\\/uploads\\\/2020\\\/10\\\/plg-logo-v2.gif\",\"width\":592,\"height\":191,\"caption\":\"Premier Law Group\"},\"image\":{\"@id\":\"https:\\\/\\\/plg-pllc.com\\\/#\\\/schema\\\/logo\\\/image\\\/\"},\"sameAs\":[\"https:\\\/\\\/www.facebook.com\\\/premierlawgroup\",\"https:\\\/\\\/x.com\\\/premierlawgroup\"]}]}<\/script>\n<!-- \/ Yoast SEO plugin. -->","yoast_head_json":{"title":"Abogado de fracturas \u00f3seas en Bellevue | Solicitar ayuda legal","description":"Permita que un abogado especializado en fracturas \u00f3seas de Premier Law Group en Bellevue lo represente legalmente. Cont\u00e1ctenos hoy mismo para obtener m\u00e1s informaci\u00f3n.","robots":{"index":"index","follow":"follow","max-snippet":"max-snippet:-1","max-image-preview":"max-image-preview:large","max-video-preview":"max-video-preview:-1"},"canonical":"https:\/\/plg-pllc.com\/es\/bellevue\/catastrophic-injury-lawyer\/broken-bone-injury\/","og_locale":"es_MX","og_type":"article","og_title":"Broken Bone Injury Lawyer in Bellevue | Request Legal Help","og_description":"Let a Bellevue broken bone injury lawyer from Premier Law Group serve as your legal representation. Contact us today for more information.","og_url":"https:\/\/plg-pllc.com\/es\/bellevue\/catastrophic-injury-lawyer\/broken-bone-injury\/","og_site_name":"Premier Law Group","article_publisher":"https:\/\/www.facebook.com\/premierlawgroup","article_modified_time":"2025-12-16T14:03:43+00:00","twitter_card":"summary_large_image","twitter_site":"@premierlawgroup","twitter_misc":{"Tiempo de lectura":"4 minutos"},"schema":{"@context":"https:\/\/schema.org","@graph":[{"@type":"WebPage","@id":"https:\/\/plg-pllc.com\/bellevue\/catastrophic-injury-lawyer\/broken-bone-injury\/","url":"https:\/\/plg-pllc.com\/bellevue\/catastrophic-injury-lawyer\/broken-bone-injury\/","name":"Abogado de fracturas \u00f3seas en Bellevue | Solicitar ayuda legal","isPartOf":{"@id":"https:\/\/plg-pllc.com\/#website"},"datePublished":"2025-09-07T22:40:47+00:00","dateModified":"2025-12-16T14:03:43+00:00","description":"Permita que un abogado especializado en fracturas \u00f3seas de Premier Law Group en Bellevue lo represente legalmente. Cont\u00e1ctenos hoy mismo para obtener m\u00e1s informaci\u00f3n.","breadcrumb":{"@id":"https:\/\/plg-pllc.com\/bellevue\/catastrophic-injury-lawyer\/broken-bone-injury\/#breadcrumb"},"inLanguage":"es","potentialAction":[{"@type":"ReadAction","target":["https:\/\/plg-pllc.com\/bellevue\/catastrophic-injury-lawyer\/broken-bone-injury\/"]}]},{"@type":"BreadcrumbList","@id":"https:\/\/plg-pllc.com\/bellevue\/catastrophic-injury-lawyer\/broken-bone-injury\/#breadcrumb","itemListElement":[{"@type":"ListItem","position":1,"name":"Home","item":"https:\/\/plg-pllc.com\/es\/"},{"@type":"ListItem","position":2,"name":"Bellevue Personal Injury Lawyer","item":"https:\/\/plg-pllc.com\/es\/"},{"@type":"ListItem","position":3,"name":"Bellevue Catastrophic Injury Lawyer","item":"https:\/\/plg-pllc.com\/es\/bellevue\/catastrophic-injury-lawyer\/"},{"@type":"ListItem","position":4,"name":"Broken Bones"}]},{"@type":"WebSite","@id":"https:\/\/plg-pllc.com\/#website","url":"https:\/\/plg-pllc.com\/","name":"Grupo de abogados Premier","description":"Abogado de muerte por negligencia y lesiones graves en Washington","publisher":{"@id":"https:\/\/plg-pllc.com\/#organization"},"inLanguage":"es"},{"@type":"Organization","@id":"https:\/\/plg-pllc.com\/#organization","name":"Grupo de abogados Premier","url":"https:\/\/plg-pllc.com\/","logo":{"@type":"ImageObject","inLanguage":"es","@id":"https:\/\/plg-pllc.com\/#\/schema\/logo\/image\/","url":"https:\/\/plg-pllc.com\/wp-content\/uploads\/2020\/10\/plg-logo-v2.gif","contentUrl":"https:\/\/plg-pllc.com\/wp-content\/uploads\/2020\/10\/plg-logo-v2.gif","width":592,"height":191,"caption":"Premier Law Group"},"image":{"@id":"https:\/\/plg-pllc.com\/#\/schema\/logo\/image\/"},"sameAs":["https:\/\/www.facebook.com\/premierlawgroup","https:\/\/x.com\/premierlawgroup"]}]}},"_links":{"self":[{"href":"https:\/\/plg-pllc.com\/es\/wp-json\/wp\/v2\/pages\/21532","targetHints":{"allow":["GET"]}}],"collection":[{"href":"https:\/\/plg-pllc.com\/es\/wp-json\/wp\/v2\/pages"}],"about":[{"href":"https:\/\/plg-pllc.com\/es\/wp-json\/wp\/v2\/types\/page"}],"author":[{"embeddable":true,"href":"https:\/\/plg-pllc.com\/es\/wp-json\/wp\/v2\/users\/60"}],"replies":[{"embeddable":true,"href":"https:\/\/plg-pllc.com\/es\/wp-json\/wp\/v2\/comments?post=21532"}],"version-history":[{"count":0,"href":"https:\/\/plg-pllc.com\/es\/wp-json\/wp\/v2\/pages\/21532\/revisions"}],"up":[{"embeddable":true,"href":"https:\/\/plg-pllc.com\/es\/wp-json\/wp\/v2\/pages\/17909"}],"wp:attachment":[{"href":"https:\/\/plg-pllc.com\/es\/wp-json\/wp\/v2\/media?parent=21532"}],"wp:term":[{"taxonomy":"hc_faqs","embeddable":true,"href":"https:\/\/plg-pllc.com\/es\/wp-json\/wp\/v2\/hc_faqs?post=21532"}],"curies":[{"name":"gracias","href":"https:\/\/api.w.org\/{rel}","templated":true}]}}