{"id":21557,"date":"2025-09-30T08:40:24","date_gmt":"2025-09-30T15:40:24","guid":{"rendered":"https:\/\/plg-pllc.com\/?page_id=21557"},"modified":"2025-10-09T11:32:31","modified_gmt":"2025-10-09T18:32:31","slug":"how-long-after-car-accident-can-you-claim-injury","status":"publish","type":"page","link":"https:\/\/plg-pllc.com\/es\/faqs\/how-long-after-car-accident-can-you-claim-injury\/","title":{"rendered":"\u00bfCu\u00e1nto tiempo despu\u00e9s de un accidente automovil\u00edstico puedes reclamar lesiones?"},"content":{"rendered":"<p><span style=\"font-weight: 400;\">Generalmente tienes <\/span><b>tres a\u00f1os<\/b><span style=\"font-weight: 400;\"> Desde el d\u00eda del accidente de auto para presentar una reclamaci\u00f3n por lesiones. Para obtener una indemnizaci\u00f3n por las p\u00e9rdidas sufridas en un accidente de auto, puede presentar una reclamaci\u00f3n a su compa\u00f1\u00eda de seguros o una demanda por lesiones personales.<\/span><\/p>\n<p><span style=\"font-weight: 400;\">Conf\u00eda en tu <\/span><a href=\"https:\/\/plg-pllc.com\/bellevue\/car-accident-lawyer\/\"><span style=\"font-weight: 400;\">Abogado de accidentes de tr\u00e1fico en Bellevue<\/span><\/a><span style=\"font-weight: 400;\"> Para ayudarle con su reclamaci\u00f3n o demanda por colisi\u00f3n de auto. Mientras lidia con las consecuencias de su accidente, su abogado buscar\u00e1 obtener una compensaci\u00f3n justa de quien caus\u00f3 el accidente y las lesiones.\u00a0<\/span><\/p>\n<h2><span style=\"font-weight: 400;\">No espere demasiado tiempo despu\u00e9s de un accidente automovil\u00edstico para presentar una reclamaci\u00f3n por una lesi\u00f3n<\/span><\/h2>\n<p><span style=\"font-weight: 400;\">El <\/span><a href=\"https:\/\/plg-pllc.com\/faqs\/washington-statute-of-limitations\/\"><span style=\"font-weight: 400;\">Estatuto de limitaciones de Washington<\/span><\/a><span style=\"font-weight: 400;\"> Es poco probable que se extienda el plazo para reclamaciones por lesiones. Si transcurren m\u00e1s de tres a\u00f1os desde la fecha de su accidente de auto, usted ser\u00e1 el \u00fanico responsable de las p\u00e9rdidas ocasionadas por el incidente. En ese momento, no podr\u00e1 presentar una reclamaci\u00f3n por las lesiones sufridas en su accidente de auto y deber\u00e1 cubrir los costos de su tratamiento.\u00a0<\/span><\/p>\n<p><span style=\"font-weight: 400;\">Su abogado de accidentes automovil\u00edsticos de Bellevue se enorgullece de servir como <\/span><b>Su defensor y representante legal<\/b><span style=\"font-weight: 400;\">Adem\u00e1s de responder cualquier pregunta que tenga sobre cu\u00e1nto tiempo despu\u00e9s de un accidente de auto debe presentar una reclamaci\u00f3n por lesiones, su abogado le explicar\u00e1 sus opciones legales. Dependiendo de sus circunstancias, podr\u00eda aconsejarle que presente una reclamaci\u00f3n o demanda.\u00a0<\/span><\/p>\n<p><span style=\"font-weight: 400;\">Independientemente de si presenta un reclamo o una demanda, su abogado quiere que logre un resultado sobresaliente. <\/span><a href=\"https:\/\/plg-pllc.com\/case-results\/\"><span style=\"font-weight: 400;\">resultados del caso<\/span><\/a><span style=\"font-weight: 400;\">Como parte de los esfuerzos de su abogado para obtener una compensaci\u00f3n, este contabilizar\u00e1 sus p\u00e9rdidas cuantificables y subjetivas por su accidente automovil\u00edstico y reunir\u00e1 una amplia gama de pruebas para respaldar su caso.\u00a0<\/span><\/p>\n<h2><span style=\"font-weight: 400;\">Qu\u00e9 esperar si presenta una reclamaci\u00f3n por lesiones sufridas en un accidente automovil\u00edstico<\/span><\/h2>\n<p><span style=\"font-weight: 400;\">Hay <\/span><a href=\"https:\/\/dol.wa.gov\/driver-licenses-and-permits\/mandatory-insurance\" target=\"_blank\" rel=\"noopener\"><span style=\"font-weight: 400;\">seguro obligatorio<\/span><\/a><span style=\"font-weight: 400;\"> Requisitos para conductores en el estado de Washington. Debe tener <\/span><b>en<\/b>\u2013<b>seguro de auto con culpa<\/b><span style=\"font-weight: 400;\"> Si vive en Washington y conduce un autom\u00f3vil, esta cobertura le brindar\u00e1 protecci\u00f3n financiera si es responsable de un accidente automovil\u00edstico. Por otro lado, si otra persona es responsable de su accidente y lesiones, podr\u00eda recibir una compensaci\u00f3n de su aseguradora.\u00a0<\/span><\/p>\n<p><span style=\"font-weight: 400;\">Desafortunadamente, usted puede presentar un reclamo por lesiones despu\u00e9s de un accidente automovil\u00edstico causado por otro conductor y luchar para recibir una compensaci\u00f3n por el da\u00f1o que ha sufrido.<\/span><\/p>\n<p><span style=\"font-weight: 400;\">La compa\u00f1\u00eda de seguros de un conductor responsable puede disputar su reclamaci\u00f3n u ofrecerle una indemnizaci\u00f3n muy baja. Si no tiene cuidado, podr\u00eda cometer errores durante el proceso de reclamaci\u00f3n que reduzcan sus posibilidades de obtener una indemnizaci\u00f3n.\u00a0<\/span><\/p>\n<p><span style=\"font-weight: 400;\">Deje que su abogado de accidentes de auto lo gu\u00ede a trav\u00e9s del proceso de reclamaci\u00f3n. Su abogado recopilar\u00e1 una <\/span><a href=\"https:\/\/plg-pllc.com\/faqs\/what-is-in-an-accident-report\/\"><span style=\"font-weight: 400;\">informe de accidente<\/span><\/a><span style=\"font-weight: 400;\">, declaraciones de testigos y otras pruebas para fortalecer su caso. Si corresponde, iniciar\u00e1n una demanda por lesiones personales y reclamar\u00e1n una indemnizaci\u00f3n por da\u00f1os y perjuicios, tanto econ\u00f3micos como no econ\u00f3micos, en su nombre.\u00a0<\/span><\/p>\n<h2><span style=\"font-weight: 400;\">\u00bfCu\u00e1nto tiempo despu\u00e9s de un accidente automovil\u00edstico puede reclamar una lesi\u00f3n si usted es parcialmente culpable?<\/span><\/h2>\n<p><span style=\"font-weight: 400;\">El plazo de prescripci\u00f3n de tres a\u00f1os aplica en casos en que una o m\u00e1s partes son responsables de un accidente automovil\u00edstico. Presente una reclamaci\u00f3n de inmediato si resulta lesionado en un accidente automovil\u00edstico, incluso si es parcialmente responsable.<\/span><\/p>\n<p><span style=\"font-weight: 400;\">Su abogado de accidentes automovil\u00edsticos puede examinar las im\u00e1genes de las c\u00e1maras de tr\u00e1fico de su accidente automovil\u00edstico, entrevistar a testigos y tomar otras medidas para determinar qui\u00e9n es responsable.\u00a0<\/span><\/p>\n<p><span style=\"font-weight: 400;\">Si usted es parcialmente responsable de su accidente automovil\u00edstico, puede recibir una compensaci\u00f3n de otras partes involucradas en el incidente. Washington tiene una <\/span><b>regla de negligencia comparativa pura<\/b><span style=\"font-weight: 400;\"> En relaci\u00f3n con casos de accidentes automovil\u00edsticos, seg\u00fan esta regla, puede obtener una indemnizaci\u00f3n parcial en una demanda por accidente automovil\u00edstico, dependiendo de su grado de culpa.\u00a0<\/span><\/p>\n<p><span style=\"font-weight: 400;\">Para entender c\u00f3mo <\/span><a href=\"https:\/\/plg-pllc.com\/faqs\/what-is-comparative-negligence\/\"><span style=\"font-weight: 400;\">negligencia comparativa<\/span><\/a><span style=\"font-weight: 400;\"> Obras, considere un ejemplo. Presenta una demanda por accidente automovil\u00edstico y el tribunal dictamina que usted tiene la culpa del incidente. Debido a la negligencia comparativa, recibir\u00e1 el 80% de los da\u00f1os que solicit\u00f3 inicialmente.\u00a0<\/span><\/p>\n\n        <div class=\"rs-content-cta long\">\n            <p>Para una consulta legal GRATUITA, llame al <a href=\"tel:+12062851743\">(206) 285-1743 <\/a><\/p>\n            <a href=\"https:\/\/plg-pllc.com\/es\/contact-us\/\" title=\"OBTENGA UNA EVALUACI\u00d3N DE CASO GRATUITA\" class=\"btn-global\">OBTENGA UNA EVALUACI\u00d3N DE CASO GRATUITA<\/a>\n                    <picture>\n                            <source srcset=\"https:\/\/plg-pllc.com\/wp-content\/themes\/plg-pllc-redesign\/assets\/app\/img\/cta-thumb.webp\" type=\"image\/webp\"\/>\n                            <img src=\"https:\/\/plg-pllc.com\/wp-content\/themes\/plg-pllc-redesign\/assets\/app\/img\/cta-thumb.png\" alt=\"Grupo de abogados Premier\" title=\"Grupo de abogados Premier\" width=\"245\" height=\"220\" loading=\"auto\" fetchpriority=\"auto\" decoding=\"async\"\/>\n        <\/picture>\n        \n        <\/div><h2><span style=\"font-weight: 400;\">\u00bfExisten excepciones sobre el tiempo que debe transcurrir despu\u00e9s de sufrir un accidente automovil\u00edstico para presentar un reclamo por una lesi\u00f3n?<\/span><\/h2>\n<p><span style=\"font-weight: 400;\">El plazo de prescripci\u00f3n en Washington para demandas y demandas por lesiones personales se suspende para menores de edad. Por lo tanto, si un menor de 18 a\u00f1os sufre un accidente automovil\u00edstico y sufre lesiones, tendr\u00e1 hasta los 21 a\u00f1os para presentar una demanda.<\/span><\/p>\n<p><span style=\"font-weight: 400;\">La incapacidad mental puede determinar el plazo que tiene despu\u00e9s de un accidente de tr\u00e1fico para presentar una reclamaci\u00f3n o demanda por lesiones. Si sufre lesiones en un accidente de tr\u00e1fico en Washington, el plazo de prescripci\u00f3n podr\u00eda suspenderse hasta que recupere la capacidad mental.<\/span><\/p>\n<p><span style=\"font-weight: 400;\">Hay casos en los que alguien resulta herido en un accidente automovil\u00edstico, pero no descubre sus lesiones hasta semanas o meses despu\u00e9s del incidente. En estos casos, el plazo de prescripci\u00f3n para presentar una reclamaci\u00f3n o demanda puede comenzar cuando la persona se entera de sus lesiones, en lugar de la fecha del accidente.\u00a0\u00a0<\/span><\/p>\n<h2><span style=\"font-weight: 400;\">Solicite ayuda legal si no est\u00e1 seguro de cu\u00e1nto tiempo despu\u00e9s de su accidente automovil\u00edstico debe presentar una reclamaci\u00f3n por sus lesiones<\/span><\/h2>\n<p><span style=\"font-weight: 400;\">Su abogado especializado en accidentes automovil\u00edsticos puede explicarle los t\u00e9rminos de una reclamaci\u00f3n o demanda por accidente de tr\u00e1fico. Le ayudar\u00e1 a obtener una indemnizaci\u00f3n por los gastos m\u00e9dicos derivados de las lesiones sufridas en el accidente, adem\u00e1s de la p\u00e9rdida de ingresos, el dolor y el sufrimiento, y otras p\u00e9rdidas derivadas del incidente.<\/span><\/p>\n<p><span style=\"font-weight: 400;\">Premier Law Group ofrece asesoramiento y apoyo legal integral a las v\u00edctimas de accidentes automovil\u00edsticos y sus familias. Nuestro equipo cuenta con... <\/span><b>M\u00e1s de 55 a\u00f1os de experiencia combinada<\/b><span style=\"font-weight: 400;\">Usaremos nuestros conocimientos para ayudarle a obtener resultados en su caso de accidente de auto que se ajusten a sus expectativas. Para obtener m\u00e1s informaci\u00f3n, solicite una revisi\u00f3n gratuita de su caso.\u00a0<\/span><\/p>\n\n        <div class=\"rs-content-cta\">\n            <p>Llamar o enviar mensaje de texto <a href=\"tel:+12062851743\">(206) 285-1743<\/a> o complete un formulario de evaluaci\u00f3n de caso gratuito<\/p>\n            <a href=\"https:\/\/plg-pllc.com\/es\/contact-us\/\" title=\"OBTENGA UNA EVALUACI\u00d3N DE CASO GRATUITA\" class=\"btn-global\">OBTENGA UNA EVALUACI\u00d3N DE CASO GRATUITA<\/a>\n                    <picture>\n                            <source srcset=\"https:\/\/plg-pllc.com\/wp-content\/themes\/plg-pllc-redesign\/assets\/app\/img\/cta-thumb.webp\" type=\"image\/webp\"\/>\n                            <img src=\"https:\/\/plg-pllc.com\/wp-content\/themes\/plg-pllc-redesign\/assets\/app\/img\/cta-thumb.png\" alt=\"Grupo de abogados Premier\" title=\"Grupo de abogados Premier\" width=\"245\" height=\"220\" loading=\"auto\" fetchpriority=\"auto\" decoding=\"async\"\/>\n        <\/picture>\n        \n        <\/div>","protected":false},"excerpt":{"rendered":"<p>Generalmente, tiene tres a\u00f1os a partir del d\u00eda del accidente de auto para presentar una reclamaci\u00f3n por lesiones. Para obtener una indemnizaci\u00f3n por las p\u00e9rdidas sufridas durante el accidente, puede presentar una reclamaci\u00f3n a su compa\u00f1\u00eda de seguros o una demanda por lesiones personales. Conf\u00ede en su abogado de accidentes de auto de Bellevue para que le ayude con...<\/p>","protected":false},"author":65,"featured_media":21558,"parent":20714,"menu_order":0,"comment_status":"closed","ping_status":"closed","template":"","meta":{"_acf_changed":false,"_genesis_hide_title":false,"_genesis_hide_breadcrumbs":false,"_genesis_hide_singular_image":false,"_genesis_hide_footer_widgets":false,"_genesis_custom_body_class":"","_genesis_custom_post_class":"","_genesis_layout":"","footnotes":""},"hc_faqs":[10344],"class_list":{"0":"post-21557","1":"page","2":"type-page","3":"status-publish","4":"has-post-thumbnail","6":"hc_faqs-car-accident","7":"entry"},"acf":[],"yoast_head":"<!-- This site is optimized with the Yoast SEO plugin v27.4 - https:\/\/yoast.com\/product\/yoast-seo-wordpress\/ -->\n<title>How Long After a Car Accident Can You File an Injury Claim? | Call Us<\/title>\n<meta name=\"description\" content=\"How long after a car accident can you claim an injury? Here is everything you need to know about filing a car accident injury claim.\" \/>\n<meta name=\"robots\" content=\"index, follow, max-snippet:-1, max-image-preview:large, max-video-preview:-1\" \/>\n<link rel=\"canonical\" href=\"https:\/\/plg-pllc.com\/es\/faqs\/how-long-after-car-accident-can-you-claim-injury\/\" \/>\n<meta property=\"og:locale\" content=\"es_MX\" \/>\n<meta property=\"og:type\" content=\"article\" \/>\n<meta property=\"og:title\" content=\"How Long After a Car Accident Can You File an Injury Claim? | Call Us\" \/>\n<meta property=\"og:description\" content=\"How long after a car accident can you claim an injury? Here is everything you need to know about filing a car accident injury claim.\" \/>\n<meta property=\"og:url\" content=\"https:\/\/plg-pllc.com\/es\/faqs\/how-long-after-car-accident-can-you-claim-injury\/\" \/>\n<meta property=\"og:site_name\" content=\"Premier Law Group\" \/>\n<meta property=\"article:publisher\" content=\"https:\/\/www.facebook.com\/premierlawgroup\" \/>\n<meta property=\"article:modified_time\" content=\"2025-10-09T18:32:31+00:00\" \/>\n<meta property=\"og:image\" content=\"https:\/\/plg-pllc.com\/wp-content\/uploads\/2025\/09\/how-long-after-car-accident-can-you-claim-injury.jpg\" \/>\n\t<meta property=\"og:image:width\" content=\"1000\" \/>\n\t<meta property=\"og:image:height\" content=\"667\" \/>\n\t<meta property=\"og:image:type\" content=\"image\/jpeg\" \/>\n<meta name=\"twitter:card\" content=\"summary_large_image\" \/>\n<meta name=\"twitter:site\" content=\"@premierlawgroup\" \/>\n<meta name=\"twitter:label1\" content=\"Tiempo de lectura\" \/>\n\t<meta name=\"twitter:data1\" content=\"5 minutos\" \/>\n<script type=\"application\/ld+json\" class=\"yoast-schema-graph\">{\"@context\":\"https:\\\/\\\/schema.org\",\"@graph\":[{\"@type\":\"WebPage\",\"@id\":\"https:\\\/\\\/plg-pllc.com\\\/faqs\\\/how-long-after-car-accident-can-you-claim-injury\\\/\",\"url\":\"https:\\\/\\\/plg-pllc.com\\\/faqs\\\/how-long-after-car-accident-can-you-claim-injury\\\/\",\"name\":\"How Long After a Car Accident Can You File an Injury Claim? | Call Us\",\"isPartOf\":{\"@id\":\"https:\\\/\\\/plg-pllc.com\\\/#website\"},\"primaryImageOfPage\":{\"@id\":\"https:\\\/\\\/plg-pllc.com\\\/faqs\\\/how-long-after-car-accident-can-you-claim-injury\\\/#primaryimage\"},\"image\":{\"@id\":\"https:\\\/\\\/plg-pllc.com\\\/faqs\\\/how-long-after-car-accident-can-you-claim-injury\\\/#primaryimage\"},\"thumbnailUrl\":\"https:\\\/\\\/plg-pllc.com\\\/wp-content\\\/uploads\\\/2025\\\/09\\\/how-long-after-car-accident-can-you-claim-injury.jpg\",\"datePublished\":\"2025-09-30T15:40:24+00:00\",\"dateModified\":\"2025-10-09T18:32:31+00:00\",\"description\":\"How long after a car accident can you claim an injury? Here is everything you need to know about filing a car accident injury claim.\",\"breadcrumb\":{\"@id\":\"https:\\\/\\\/plg-pllc.com\\\/faqs\\\/how-long-after-car-accident-can-you-claim-injury\\\/#breadcrumb\"},\"inLanguage\":\"es\",\"potentialAction\":[{\"@type\":\"ReadAction\",\"target\":[\"https:\\\/\\\/plg-pllc.com\\\/faqs\\\/how-long-after-car-accident-can-you-claim-injury\\\/\"]}]},{\"@type\":\"ImageObject\",\"inLanguage\":\"es\",\"@id\":\"https:\\\/\\\/plg-pllc.com\\\/faqs\\\/how-long-after-car-accident-can-you-claim-injury\\\/#primaryimage\",\"url\":\"https:\\\/\\\/plg-pllc.com\\\/wp-content\\\/uploads\\\/2025\\\/09\\\/how-long-after-car-accident-can-you-claim-injury.jpg\",\"contentUrl\":\"https:\\\/\\\/plg-pllc.com\\\/wp-content\\\/uploads\\\/2025\\\/09\\\/how-long-after-car-accident-can-you-claim-injury.jpg\",\"width\":1000,\"height\":667,\"caption\":\"Person dealing with neck pain after an auto crash and is uncertain about how long after a car accident they have to file a claim for an injury\"},{\"@type\":\"BreadcrumbList\",\"@id\":\"https:\\\/\\\/plg-pllc.com\\\/faqs\\\/how-long-after-car-accident-can-you-claim-injury\\\/#breadcrumb\",\"itemListElement\":[{\"@type\":\"ListItem\",\"position\":1,\"name\":\"Home\",\"item\":\"https:\\\/\\\/plg-pllc.com\\\/es\\\/\"},{\"@type\":\"ListItem\",\"position\":2,\"name\":\"FAQs\",\"item\":\"https:\\\/\\\/plg-pllc.com\\\/es\\\/faqs\\\/\"},{\"@type\":\"ListItem\",\"position\":3,\"name\":\"How Long After a Car Accident Can You Claim Injury?\"}]},{\"@type\":\"WebSite\",\"@id\":\"https:\\\/\\\/plg-pllc.com\\\/#website\",\"url\":\"https:\\\/\\\/plg-pllc.com\\\/\",\"name\":\"Premier Law Group\",\"description\":\"Washington Wrongful Death and Serious Injury Lawyer\",\"publisher\":{\"@id\":\"https:\\\/\\\/plg-pllc.com\\\/#organization\"},\"inLanguage\":\"es\"},{\"@type\":\"Organization\",\"@id\":\"https:\\\/\\\/plg-pllc.com\\\/#organization\",\"name\":\"Premier Law Group\",\"url\":\"https:\\\/\\\/plg-pllc.com\\\/\",\"logo\":{\"@type\":\"ImageObject\",\"inLanguage\":\"es\",\"@id\":\"https:\\\/\\\/plg-pllc.com\\\/#\\\/schema\\\/logo\\\/image\\\/\",\"url\":\"https:\\\/\\\/plg-pllc.com\\\/wp-content\\\/uploads\\\/2020\\\/10\\\/plg-logo-v2.gif\",\"contentUrl\":\"https:\\\/\\\/plg-pllc.com\\\/wp-content\\\/uploads\\\/2020\\\/10\\\/plg-logo-v2.gif\",\"width\":592,\"height\":191,\"caption\":\"Premier Law Group\"},\"image\":{\"@id\":\"https:\\\/\\\/plg-pllc.com\\\/#\\\/schema\\\/logo\\\/image\\\/\"},\"sameAs\":[\"https:\\\/\\\/www.facebook.com\\\/premierlawgroup\",\"https:\\\/\\\/x.com\\\/premierlawgroup\"]}]}<\/script>\n<!-- \/ Yoast SEO plugin. -->","yoast_head_json":{"title":"\u00bfCu\u00e1nto tiempo despu\u00e9s de un accidente de tr\u00e1fico se puede presentar una reclamaci\u00f3n por lesiones? | Ll\u00e1manos","description":"\u00bfCu\u00e1nto tiempo despu\u00e9s de un accidente de auto se puede reclamar una lesi\u00f3n? Aqu\u00ed encontrar\u00e1 todo lo que necesita saber sobre c\u00f3mo presentar una reclamaci\u00f3n por lesiones en un accidente de auto.","robots":{"index":"index","follow":"follow","max-snippet":"max-snippet:-1","max-image-preview":"max-image-preview:large","max-video-preview":"max-video-preview:-1"},"canonical":"https:\/\/plg-pllc.com\/es\/faqs\/how-long-after-car-accident-can-you-claim-injury\/","og_locale":"es_MX","og_type":"article","og_title":"How Long After a Car Accident Can You File an Injury Claim? | Call Us","og_description":"How long after a car accident can you claim an injury? Here is everything you need to know about filing a car accident injury claim.","og_url":"https:\/\/plg-pllc.com\/es\/faqs\/how-long-after-car-accident-can-you-claim-injury\/","og_site_name":"Premier Law Group","article_publisher":"https:\/\/www.facebook.com\/premierlawgroup","article_modified_time":"2025-10-09T18:32:31+00:00","og_image":[{"width":1000,"height":667,"url":"https:\/\/plg-pllc.com\/wp-content\/uploads\/2025\/09\/how-long-after-car-accident-can-you-claim-injury.jpg","type":"image\/jpeg"}],"twitter_card":"summary_large_image","twitter_site":"@premierlawgroup","twitter_misc":{"Tiempo de lectura":"5 minutos"},"schema":{"@context":"https:\/\/schema.org","@graph":[{"@type":"WebPage","@id":"https:\/\/plg-pllc.com\/faqs\/how-long-after-car-accident-can-you-claim-injury\/","url":"https:\/\/plg-pllc.com\/faqs\/how-long-after-car-accident-can-you-claim-injury\/","name":"\u00bfCu\u00e1nto tiempo despu\u00e9s de un accidente de tr\u00e1fico se puede presentar una reclamaci\u00f3n por lesiones? | Ll\u00e1manos","isPartOf":{"@id":"https:\/\/plg-pllc.com\/#website"},"primaryImageOfPage":{"@id":"https:\/\/plg-pllc.com\/faqs\/how-long-after-car-accident-can-you-claim-injury\/#primaryimage"},"image":{"@id":"https:\/\/plg-pllc.com\/faqs\/how-long-after-car-accident-can-you-claim-injury\/#primaryimage"},"thumbnailUrl":"https:\/\/plg-pllc.com\/wp-content\/uploads\/2025\/09\/how-long-after-car-accident-can-you-claim-injury.jpg","datePublished":"2025-09-30T15:40:24+00:00","dateModified":"2025-10-09T18:32:31+00:00","description":"\u00bfCu\u00e1nto tiempo despu\u00e9s de un accidente de auto se puede reclamar una lesi\u00f3n? Aqu\u00ed encontrar\u00e1 todo lo que necesita saber sobre c\u00f3mo presentar una reclamaci\u00f3n por lesiones en un accidente de auto.","breadcrumb":{"@id":"https:\/\/plg-pllc.com\/faqs\/how-long-after-car-accident-can-you-claim-injury\/#breadcrumb"},"inLanguage":"es","potentialAction":[{"@type":"ReadAction","target":["https:\/\/plg-pllc.com\/faqs\/how-long-after-car-accident-can-you-claim-injury\/"]}]},{"@type":"ImageObject","inLanguage":"es","@id":"https:\/\/plg-pllc.com\/faqs\/how-long-after-car-accident-can-you-claim-injury\/#primaryimage","url":"https:\/\/plg-pllc.com\/wp-content\/uploads\/2025\/09\/how-long-after-car-accident-can-you-claim-injury.jpg","contentUrl":"https:\/\/plg-pllc.com\/wp-content\/uploads\/2025\/09\/how-long-after-car-accident-can-you-claim-injury.jpg","width":1000,"height":667,"caption":"Person dealing with neck pain after an auto crash and is uncertain about how long after a car accident they have to file a claim for an injury"},{"@type":"BreadcrumbList","@id":"https:\/\/plg-pllc.com\/faqs\/how-long-after-car-accident-can-you-claim-injury\/#breadcrumb","itemListElement":[{"@type":"ListItem","position":1,"name":"Home","item":"https:\/\/plg-pllc.com\/es\/"},{"@type":"ListItem","position":2,"name":"FAQs","item":"https:\/\/plg-pllc.com\/es\/faqs\/"},{"@type":"ListItem","position":3,"name":"How Long After a Car Accident Can You Claim Injury?"}]},{"@type":"WebSite","@id":"https:\/\/plg-pllc.com\/#website","url":"https:\/\/plg-pllc.com\/","name":"Grupo de abogados Premier","description":"Abogado de muerte por negligencia y lesiones graves en Washington","publisher":{"@id":"https:\/\/plg-pllc.com\/#organization"},"inLanguage":"es"},{"@type":"Organization","@id":"https:\/\/plg-pllc.com\/#organization","name":"Grupo de abogados Premier","url":"https:\/\/plg-pllc.com\/","logo":{"@type":"ImageObject","inLanguage":"es","@id":"https:\/\/plg-pllc.com\/#\/schema\/logo\/image\/","url":"https:\/\/plg-pllc.com\/wp-content\/uploads\/2020\/10\/plg-logo-v2.gif","contentUrl":"https:\/\/plg-pllc.com\/wp-content\/uploads\/2020\/10\/plg-logo-v2.gif","width":592,"height":191,"caption":"Premier Law Group"},"image":{"@id":"https:\/\/plg-pllc.com\/#\/schema\/logo\/image\/"},"sameAs":["https:\/\/www.facebook.com\/premierlawgroup","https:\/\/x.com\/premierlawgroup"]}]}},"_links":{"self":[{"href":"https:\/\/plg-pllc.com\/es\/wp-json\/wp\/v2\/pages\/21557","targetHints":{"allow":["GET"]}}],"collection":[{"href":"https:\/\/plg-pllc.com\/es\/wp-json\/wp\/v2\/pages"}],"about":[{"href":"https:\/\/plg-pllc.com\/es\/wp-json\/wp\/v2\/types\/page"}],"author":[{"embeddable":true,"href":"https:\/\/plg-pllc.com\/es\/wp-json\/wp\/v2\/users\/65"}],"replies":[{"embeddable":true,"href":"https:\/\/plg-pllc.com\/es\/wp-json\/wp\/v2\/comments?post=21557"}],"version-history":[{"count":0,"href":"https:\/\/plg-pllc.com\/es\/wp-json\/wp\/v2\/pages\/21557\/revisions"}],"up":[{"embeddable":true,"href":"https:\/\/plg-pllc.com\/es\/wp-json\/wp\/v2\/pages\/20714"}],"wp:featuredmedia":[{"embeddable":true,"href":"https:\/\/plg-pllc.com\/es\/wp-json\/wp\/v2\/media\/21558"}],"wp:attachment":[{"href":"https:\/\/plg-pllc.com\/es\/wp-json\/wp\/v2\/media?parent=21557"}],"wp:term":[{"taxonomy":"hc_faqs","embeddable":true,"href":"https:\/\/plg-pllc.com\/es\/wp-json\/wp\/v2\/hc_faqs?post=21557"}],"curies":[{"name":"gracias","href":"https:\/\/api.w.org\/{rel}","templated":true}]}}