{"id":21570,"date":"2025-10-12T21:21:58","date_gmt":"2025-10-13T04:21:58","guid":{"rendered":"https:\/\/plg-pllc.com\/?page_id=21570"},"modified":"2025-10-16T07:14:22","modified_gmt":"2025-10-16T14:14:22","slug":"mercer-island-car-accident-lawyer","status":"publish","type":"page","link":"https:\/\/plg-pllc.com\/es\/mercer-island\/car-accident-lawyer\/","title":{"rendered":"Abogado de accidentes automovil\u00edsticos en Mercer Island"},"content":{"rendered":"<p><span style=\"font-weight: 400;\">Los accidentes de coche no solo destrozan tu veh\u00edculo, sino que te cambian la vida por completo. Est\u00e1s herido, tu coche queda destrozado y, de repente, recibes llamadas de peritos de seguros intentando apresurarte a llegar a un acuerdo. Es abrumador, sobre todo cuando solo intentas recuperarte y recuperar tu vida.<\/span><\/p>\n<p><span style=\"font-weight: 400;\">Ah\u00ed es donde entramos nosotros. Si necesita un abogado de accidentes automovil\u00edsticos en Mercer Island, nuestro equipo est\u00e1 listo para atravesar el caos y brindarle respuestas.<\/span><\/p>\n<p><span style=\"font-weight: 400;\">En Premier Law Group, no solo estamos aqu\u00ed para hablar de estrategia legal. Estamos aqu\u00ed para tener una conversaci\u00f3n real. Nuestros <\/span><a href=\"https:\/\/plg-pllc.com\/mercer-island\/personal-injury-lawyer\/\"><span style=\"font-weight: 400;\">Abogado de lesiones personales en Mercer Island<\/span><\/a><span style=\"font-weight: 400;\"> Nuestro equipo cuenta con m\u00e1s de 55 a\u00f1os de experiencia combinada y hemos <\/span><b>recuperado m\u00e1s de $100 millones<\/b><span style=\"font-weight: 400;\"> Para clientes en todo Washington. Nos encargamos de los problemas legales para que usted pueda concentrarse en lo m\u00e1s importante: su recuperaci\u00f3n.<\/span><\/p>\n<h2>Le facilitamos la obtenci\u00f3n de la ayuda que merece<\/h2>\n<p><span style=\"font-weight: 400;\">Seamos realistas: nadie planea contratar a un abogado especializado en accidentes de auto. Pero cuando sufres dolor, faltas al trabajo y la compa\u00f1\u00eda de seguros del otro conductor te presiona, necesitas apoyo.<\/span><\/p>\n<p><span style=\"font-weight: 400;\">Nuestro bufete de abogados ofrece revisiones de casos gratuitas y, cuando nos llame, es probable que hable directamente con Jason Epstein, uno de nuestros socios fundadores.<\/span><\/p>\n<p><span style=\"font-weight: 400;\">Escucharemos tu historia, te diremos la verdad (aunque no sea lo que quieres o\u00edr) y te explicaremos tus opciones sin usar jerga legal. As\u00ed lo hemos hecho siempre, y funciona.<\/span><\/p>\n<p><span style=\"font-weight: 400;\">Cuando nos contratas, aqu\u00ed tienes algunos de <\/span><a href=\"https:\/\/plg-pllc.com\/faqs\/what-does-a-car-accident-lawyer-do\/\"><span style=\"font-weight: 400;\">Lo que har\u00e1 su abogado de accidentes automovil\u00edsticos<\/span><\/a><span style=\"font-weight: 400;\">:<\/span><\/p>\n<ul>\n<li style=\"font-weight: 400;\" aria-level=\"1\"><b>Tratar con compa\u00f1\u00edas de seguros<\/b>:<span style=\"font-weight: 400;\"> Nosotros negociamos para que usted no tenga que hacerlo<\/span><span style=\"font-weight: 400;\"><br \/>\n<\/span><\/li>\n<li style=\"font-weight: 400;\" aria-level=\"1\"><b>Recopilaci\u00f3n de registros m\u00e9dicos y facturas<\/b>:<span style=\"font-weight: 400;\"> Nos encargamos de todo<\/span><span style=\"font-weight: 400;\"><br \/>\n<\/span><\/li>\n<li style=\"font-weight: 400;\" aria-level=\"1\"><b>Comunicarse consistentemente<\/b>:<span style=\"font-weight: 400;\"> Nuestra aplicaci\u00f3n dedicada al cliente lo mantiene informado<\/span><span style=\"font-weight: 400;\"><br \/>\n<\/span><\/li>\n<li style=\"font-weight: 400;\" aria-level=\"1\"><b>Represent\u00e1ndote con fuerza<\/b>:<span style=\"font-weight: 400;\"> Si te golpean, te golpeamos m\u00e1s fuerte<\/span><\/li>\n<\/ul>\n<p><span style=\"font-weight: 400;\">Y recuerda: no nos pagar\u00e1s ni un centavo a menos que ganemos.<\/span><\/p>\n<h2>\u00bfQu\u00e9 compensaci\u00f3n puede recuperar despu\u00e9s de un accidente automovil\u00edstico?<\/h2>\n<p><span style=\"font-weight: 400;\">Cada accidente automovil\u00edstico es diferente, pero la ley de Washington le permite solicitar una compensaci\u00f3n por una amplia gama de da\u00f1os, que incluyen:<\/span><\/p>\n<ul>\n<li style=\"font-weight: 400;\" aria-level=\"1\"><span style=\"font-weight: 400;\">Gastos m\u00e9dicos, incluidas facturas de hospital, fisioterapia y tratamientos futuros.<\/span><span style=\"font-weight: 400;\"><br \/>\n<\/span><\/li>\n<li style=\"font-weight: 400;\" aria-level=\"1\"><span style=\"font-weight: 400;\">P\u00e9rdida de salarios y p\u00e9rdida de capacidad de ingresos<\/span><span style=\"font-weight: 400;\"><br \/>\n<\/span><\/li>\n<li style=\"font-weight: 400;\" aria-level=\"1\"><span style=\"font-weight: 400;\">Dolor y sufrimiento<\/span><span style=\"font-weight: 400;\"><br \/>\n<\/span><\/li>\n<li style=\"font-weight: 400;\" aria-level=\"1\"><span style=\"font-weight: 400;\">Da\u00f1os a la propiedad<\/span><span style=\"font-weight: 400;\"><br \/>\n<\/span><\/li>\n<li style=\"font-weight: 400;\" aria-level=\"1\"><span style=\"font-weight: 400;\">Angustia emocional<\/span><span style=\"font-weight: 400;\"><br \/>\n<\/span><\/li>\n<li style=\"font-weight: 400;\" aria-level=\"1\"><span style=\"font-weight: 400;\">P\u00e9rdida del disfrute de la vida<\/span><\/li>\n<\/ul>\n<p><span style=\"font-weight: 400;\">En Washington, su reclamo est\u00e1 sujeto a la regla de culpa comparativa seg\u00fan <\/span><a href=\"https:\/\/app.leg.wa.gov\/rcw\/default.aspx?cite=4.22.070\" target=\"_blank\" rel=\"noopener\"><span style=\"font-weight: 400;\">RCW 4.22.070<\/span><\/a><span style=\"font-weight: 400;\">Esto significa que, incluso si usted tuvo parte de la culpa, a\u00fan podr\u00eda tener derecho a una indemnizaci\u00f3n, solo reducida en el porcentaje de su culpa. Aqu\u00ed es donde importa contar con un equipo experimentado. Sabemos c\u00f3mo presentar su caso de manera que minimice la culpa y maximice su indemnizaci\u00f3n.<\/span><\/p>\n<h2>Qu\u00e9 hacer despu\u00e9s de un accidente automovil\u00edstico en Mercer Island<\/h2>\n<p><span style=\"font-weight: 400;\">Si ha tenido un accidente en la I-90, Island Crest Way o una de las calles laterales alrededor del centro de Mercer Island, tome estas medidas para proteger su salud y su caso:<\/span><\/p>\n<ol>\n<li style=\"font-weight: 400;\" aria-level=\"1\"><b>Obtenga atenci\u00f3n m\u00e9dica<\/b><span style=\"font-weight: 400;\"> de inmediato, incluso si te sientes bien. Algunas lesiones aparecen d\u00edas despu\u00e9s.<\/span><span style=\"font-weight: 400;\"><br \/>\n<\/span><\/li>\n<li style=\"font-weight: 400;\" aria-level=\"1\"><b>Reportar el accidente<\/b><span style=\"font-weight: 400;\"> a la polic\u00eda y obtener una copia del informe.<\/span><span style=\"font-weight: 400;\"><br \/>\n<\/span><\/li>\n<li style=\"font-weight: 400;\" aria-level=\"1\"><b>Tomar fotograf\u00edas<\/b><span style=\"font-weight: 400;\"> de sus lesiones, los veh\u00edculos y la escena.<\/span><span style=\"font-weight: 400;\"><br \/>\n<\/span><\/li>\n<li style=\"font-weight: 400;\" aria-level=\"1\"><b>No hables con el ajustador de seguros<\/b><span style=\"font-weight: 400;\"> Sin asesoramiento legal. Su trabajo es llegar a un acuerdo r\u00e1pido y econ\u00f3mico.<\/span><span style=\"font-weight: 400;\"><br \/>\n<\/span><\/li>\n<li style=\"font-weight: 400;\" aria-level=\"1\"><b>Ll\u00e1manos<\/b><span style=\"font-weight: 400;\">Le explicaremos lo que suceder\u00e1 a continuaci\u00f3n.<\/span><\/li>\n<\/ol>\n<p><span style=\"font-weight: 400;\">Hemos ayudado a miles de clientes en todo Washington y estamos listos para ayudarlo a usted tambi\u00e9n.<\/span><\/p>\n\n        <div class=\"rs-content-cta long\">\n            <p>Para una consulta legal GRATUITA con un abogado de accidentes automovil\u00edsticos que atienda a Mercer Island, llame al <a href=\"tel:+12062851743\">(206) 285-1743 <\/a><\/p>\n            <a href=\"https:\/\/plg-pllc.com\/es\/contact-us\/\" title=\"OBTENGA UNA EVALUACI\u00d3N DE CASO GRATUITA\" class=\"btn-global\">OBTENGA UNA EVALUACI\u00d3N DE CASO GRATUITA<\/a>\n                    <picture>\n                            <source srcset=\"https:\/\/plg-pllc.com\/wp-content\/themes\/plg-pllc-redesign\/assets\/app\/img\/cta-thumb.webp\" type=\"image\/webp\"\/>\n                            <img src=\"https:\/\/plg-pllc.com\/wp-content\/themes\/plg-pllc-redesign\/assets\/app\/img\/cta-thumb.png\" alt=\"Grupo de abogados Premier\" title=\"Grupo de abogados Premier\" width=\"245\" height=\"220\" loading=\"auto\" fetchpriority=\"auto\" decoding=\"async\"\/>\n        <\/picture>\n        \n        <\/div><h2>Por qu\u00e9 los clientes eligen nuestro bufete de abogados especializado en accidentes automovil\u00edsticos en Mercer Island<\/h2>\n<p><span style=\"font-weight: 400;\">Nos diferenciamos de las grandes firmas de publicidad y los abogados de torre de marfil que no devuelven sus llamadas. Nuestros clientes hablan con personas reales; la mayor\u00eda de las veces, hablan con el propio Jason. Creemos en la franqueza, la acci\u00f3n r\u00e1pida y una representaci\u00f3n agresiva cuando es necesario.<\/span><\/p>\n<p><span style=\"font-weight: 400;\">Esta es la raz\u00f3n por la que tantas personas lesionadas conf\u00edan en nuestro equipo:<\/span><\/p>\n<ul>\n<li><span style=\"font-weight: 400;\">Nos especializamos en accidentes automovil\u00edsticos y lesiones personales.<\/span><span style=\"font-weight: 400;\"><br \/>\n<\/span><\/li>\n<li><span style=\"font-weight: 400;\">Somos conocidos por ser <\/span><i><span style=\"font-weight: 400;\">Buenos chicos con una mordida malvada<\/span><\/i><span style=\"font-weight: 400;\">\u2014amistoso contigo, feroz con las compa\u00f1\u00edas de seguros<\/span><span style=\"font-weight: 400;\"><br \/>\n<\/span><\/li>\n<li><span style=\"font-weight: 400;\">Devolvemos sus llamadas, lo mantenemos actualizado y nunca lo dejamos en la oscuridad.<\/span><span style=\"font-weight: 400;\"><br \/>\n<\/span><\/li>\n<li><span style=\"font-weight: 400;\">Hemos estado en el negocio desde 2001 y sabemos c\u00f3mo ganar casos dif\u00edciles.<\/span><span style=\"font-weight: 400;\"><br \/>\n<\/span><\/li>\n<li><span style=\"font-weight: 400;\">Nunca te haremos sentir como un caso m\u00e1s<\/span><\/li>\n<\/ul>\n<h2>\u00bfRealmente necesita un abogado de accidentes automovil\u00edsticos?<\/h2>\n<p><span style=\"font-weight: 400;\">\u00bfEn serio? No siempre. A veces, tu caso es peque\u00f1o y lo suficientemente sencillo como para manejarlo t\u00fa mismo, y te lo decimos. Pero cuando hay lesiones, faltas al trabajo o resistencia de la compa\u00f1\u00eda de seguros, necesitas a alguien que sepa luchar y ganar.<\/span><\/p>\n<p><span style=\"font-weight: 400;\">La mayor\u00eda de quienes nos contratan dicen lo mismo: &quot;Solo quiero que esto termine&quot;. Lo entendemos. Por eso actuamos con rapidez, nos desentendemos y nos encargamos del trabajo dif\u00edcil.<\/span><\/p>\n<p><span style=\"font-weight: 400;\">No lo vemos como una consulta, sino como una conversaci\u00f3n. T\u00fa traes las preguntas. Nosotros traemos las respuestas.<\/span><\/p>\n<h2>Llame hoy para una revisi\u00f3n de caso gratuita<\/h2>\n<p><span style=\"font-weight: 400;\">Si usted o un ser querido ha resultado herido en un accidente, no espere para buscar ayuda. Nuestro equipo de abogados especializados en accidentes automovil\u00edsticos en Mercer Island est\u00e1 aqu\u00ed para defender sus derechos y proteger su futuro. No tiene que pasar por esto solo.<\/span><\/p>\n<p><span style=\"font-weight: 400;\">Llame hoy mismo a Premier Law Group. Hablaremos con usted directamente, sin rodeos ni rodeos. Solo personas reales al servicio de personas reales.<\/span><\/p>\n<p><span style=\"font-weight: 400;\">Eran <\/span><b>lo suficientemente grande para ganar<\/b>,<b> lo suficientemente peque\u00f1o para cuidar<\/b><span style=\"font-weight: 400;\">.<\/span><\/p>\n\n        <div class=\"rs-content-cta\">\n            <p>Llamar o enviar mensaje de texto <a href=\"tel:+12062851743\">(206) 285-1743<\/a> o complete un formulario de evaluaci\u00f3n de caso gratuito<\/p>\n            <a href=\"https:\/\/plg-pllc.com\/es\/contact-us\/\" title=\"OBTENGA UNA EVALUACI\u00d3N DE CASO GRATUITA\" class=\"btn-global\">OBTENGA UNA EVALUACI\u00d3N DE CASO GRATUITA<\/a>\n                    <picture>\n                            <source srcset=\"https:\/\/plg-pllc.com\/wp-content\/themes\/plg-pllc-redesign\/assets\/app\/img\/cta-thumb.webp\" type=\"image\/webp\"\/>\n                            <img src=\"https:\/\/plg-pllc.com\/wp-content\/themes\/plg-pllc-redesign\/assets\/app\/img\/cta-thumb.png\" alt=\"Grupo de abogados Premier\" title=\"Grupo de abogados Premier\" width=\"245\" height=\"220\" loading=\"auto\" fetchpriority=\"auto\" decoding=\"async\"\/>\n        <\/picture>\n        \n        <\/div>","protected":false},"excerpt":{"rendered":"<p>Los accidentes de auto no solo trastocan tu veh\u00edculo, sino que te cambian la vida por completo. Est\u00e1s herido, tu auto queda destrozado y, de repente, recibes llamadas de peritos de seguros que intentan apresurarte a llegar a un acuerdo. Es abrumador, especialmente cuando solo intentas recuperarte y recuperar tu vida. Ah\u00ed es donde entramos nosotros. Si\u2026<\/p>","protected":false},"author":60,"featured_media":0,"parent":20281,"menu_order":0,"comment_status":"closed","ping_status":"closed","template":"","meta":{"_acf_changed":false,"_genesis_hide_title":false,"_genesis_hide_breadcrumbs":false,"_genesis_hide_singular_image":false,"_genesis_hide_footer_widgets":false,"_genesis_custom_body_class":"","_genesis_custom_post_class":"","_genesis_layout":"","footnotes":""},"hc_faqs":[],"class_list":{"0":"post-21570","1":"page","2":"type-page","3":"status-publish","5":"hc_city_location-mercer-island","6":"entry"},"acf":[],"yoast_head":"<!-- This site is optimized with the Yoast SEO plugin v27.4 - https:\/\/yoast.com\/product\/yoast-seo-wordpress\/ -->\n<title>Car Accident Lawyer in Mercer Island | Millions Recovered<\/title>\n<meta name=\"description\" content=\"Don&#039;t hesitate to contact our Mercer Island car accident lawyers if you have been injured in a crash. We can help you seek compensation.\" \/>\n<meta name=\"robots\" content=\"index, follow, max-snippet:-1, max-image-preview:large, max-video-preview:-1\" \/>\n<link rel=\"canonical\" href=\"https:\/\/plg-pllc.com\/es\/mercer-island\/car-accident-lawyer\/\" \/>\n<meta property=\"og:locale\" content=\"es_MX\" \/>\n<meta property=\"og:type\" content=\"article\" \/>\n<meta property=\"og:title\" content=\"Car Accident Lawyer in Mercer Island | Millions Recovered\" \/>\n<meta property=\"og:description\" content=\"Don&#039;t hesitate to contact our Mercer Island car accident lawyers if you have been injured in a crash. We can help you seek compensation.\" \/>\n<meta property=\"og:url\" content=\"https:\/\/plg-pllc.com\/es\/mercer-island\/car-accident-lawyer\/\" \/>\n<meta property=\"og:site_name\" content=\"Premier Law Group\" \/>\n<meta property=\"article:publisher\" content=\"https:\/\/www.facebook.com\/premierlawgroup\" \/>\n<meta property=\"article:modified_time\" content=\"2025-10-16T14:14:22+00:00\" \/>\n<meta name=\"twitter:card\" content=\"summary_large_image\" \/>\n<meta name=\"twitter:site\" content=\"@premierlawgroup\" \/>\n<meta name=\"twitter:label1\" content=\"Tiempo de lectura\" \/>\n\t<meta name=\"twitter:data1\" content=\"4 minutos\" \/>\n<script type=\"application\/ld+json\" class=\"yoast-schema-graph\">{\"@context\":\"https:\\\/\\\/schema.org\",\"@graph\":[{\"@type\":\"WebPage\",\"@id\":\"https:\\\/\\\/plg-pllc.com\\\/mercer-island\\\/car-accident-lawyer\\\/\",\"url\":\"https:\\\/\\\/plg-pllc.com\\\/mercer-island\\\/car-accident-lawyer\\\/\",\"name\":\"Car Accident Lawyer in Mercer Island | Millions Recovered\",\"isPartOf\":{\"@id\":\"https:\\\/\\\/plg-pllc.com\\\/#website\"},\"datePublished\":\"2025-10-13T04:21:58+00:00\",\"dateModified\":\"2025-10-16T14:14:22+00:00\",\"description\":\"Don't hesitate to contact our Mercer Island car accident lawyers if you have been injured in a crash. We can help you seek compensation.\",\"breadcrumb\":{\"@id\":\"https:\\\/\\\/plg-pllc.com\\\/mercer-island\\\/car-accident-lawyer\\\/#breadcrumb\"},\"inLanguage\":\"es\",\"potentialAction\":[{\"@type\":\"ReadAction\",\"target\":[\"https:\\\/\\\/plg-pllc.com\\\/mercer-island\\\/car-accident-lawyer\\\/\"]}]},{\"@type\":\"BreadcrumbList\",\"@id\":\"https:\\\/\\\/plg-pllc.com\\\/mercer-island\\\/car-accident-lawyer\\\/#breadcrumb\",\"itemListElement\":[{\"@type\":\"ListItem\",\"position\":1,\"name\":\"Home\",\"item\":\"https:\\\/\\\/plg-pllc.com\\\/es\\\/\"},{\"@type\":\"ListItem\",\"position\":2,\"name\":\"Mercer Island Personal Injury Lawyer\",\"item\":\"https:\\\/\\\/plg-pllc.com\\\/es\\\/mercer-island\\\/personal-injury-lawyer\\\/\"},{\"@type\":\"ListItem\",\"position\":3,\"name\":\"Mercer Island Car Accident Lawyer\"}]},{\"@type\":\"WebSite\",\"@id\":\"https:\\\/\\\/plg-pllc.com\\\/#website\",\"url\":\"https:\\\/\\\/plg-pllc.com\\\/\",\"name\":\"Premier Law Group\",\"description\":\"Washington Wrongful Death and Serious Injury Lawyer\",\"publisher\":{\"@id\":\"https:\\\/\\\/plg-pllc.com\\\/#organization\"},\"inLanguage\":\"es\"},{\"@type\":\"Organization\",\"@id\":\"https:\\\/\\\/plg-pllc.com\\\/#organization\",\"name\":\"Premier Law Group\",\"url\":\"https:\\\/\\\/plg-pllc.com\\\/\",\"logo\":{\"@type\":\"ImageObject\",\"inLanguage\":\"es\",\"@id\":\"https:\\\/\\\/plg-pllc.com\\\/#\\\/schema\\\/logo\\\/image\\\/\",\"url\":\"https:\\\/\\\/plg-pllc.com\\\/wp-content\\\/uploads\\\/2020\\\/10\\\/plg-logo-v2.gif\",\"contentUrl\":\"https:\\\/\\\/plg-pllc.com\\\/wp-content\\\/uploads\\\/2020\\\/10\\\/plg-logo-v2.gif\",\"width\":592,\"height\":191,\"caption\":\"Premier Law Group\"},\"image\":{\"@id\":\"https:\\\/\\\/plg-pllc.com\\\/#\\\/schema\\\/logo\\\/image\\\/\"},\"sameAs\":[\"https:\\\/\\\/www.facebook.com\\\/premierlawgroup\",\"https:\\\/\\\/x.com\\\/premierlawgroup\"]}]}<\/script>\n<!-- \/ Yoast SEO plugin. -->","yoast_head_json":{"title":"Abogado de accidentes de tr\u00e1fico en Mercer Island | Millones recuperados","description":"No dude en contactar a nuestros abogados especializados en accidentes de auto en Mercer Island si sufri\u00f3 lesiones en un accidente. Podemos ayudarle a obtener una indemnizaci\u00f3n.","robots":{"index":"index","follow":"follow","max-snippet":"max-snippet:-1","max-image-preview":"max-image-preview:large","max-video-preview":"max-video-preview:-1"},"canonical":"https:\/\/plg-pllc.com\/es\/mercer-island\/car-accident-lawyer\/","og_locale":"es_MX","og_type":"article","og_title":"Car Accident Lawyer in Mercer Island | Millions Recovered","og_description":"Don't hesitate to contact our Mercer Island car accident lawyers if you have been injured in a crash. We can help you seek compensation.","og_url":"https:\/\/plg-pllc.com\/es\/mercer-island\/car-accident-lawyer\/","og_site_name":"Premier Law Group","article_publisher":"https:\/\/www.facebook.com\/premierlawgroup","article_modified_time":"2025-10-16T14:14:22+00:00","twitter_card":"summary_large_image","twitter_site":"@premierlawgroup","twitter_misc":{"Tiempo de lectura":"4 minutos"},"schema":{"@context":"https:\/\/schema.org","@graph":[{"@type":"WebPage","@id":"https:\/\/plg-pllc.com\/mercer-island\/car-accident-lawyer\/","url":"https:\/\/plg-pllc.com\/mercer-island\/car-accident-lawyer\/","name":"Abogado de accidentes de tr\u00e1fico en Mercer Island | Millones recuperados","isPartOf":{"@id":"https:\/\/plg-pllc.com\/#website"},"datePublished":"2025-10-13T04:21:58+00:00","dateModified":"2025-10-16T14:14:22+00:00","description":"No dude en contactar a nuestros abogados especializados en accidentes de auto en Mercer Island si sufri\u00f3 lesiones en un accidente. Podemos ayudarle a obtener una indemnizaci\u00f3n.","breadcrumb":{"@id":"https:\/\/plg-pllc.com\/mercer-island\/car-accident-lawyer\/#breadcrumb"},"inLanguage":"es","potentialAction":[{"@type":"ReadAction","target":["https:\/\/plg-pllc.com\/mercer-island\/car-accident-lawyer\/"]}]},{"@type":"BreadcrumbList","@id":"https:\/\/plg-pllc.com\/mercer-island\/car-accident-lawyer\/#breadcrumb","itemListElement":[{"@type":"ListItem","position":1,"name":"Home","item":"https:\/\/plg-pllc.com\/es\/"},{"@type":"ListItem","position":2,"name":"Mercer Island Personal Injury Lawyer","item":"https:\/\/plg-pllc.com\/es\/mercer-island\/personal-injury-lawyer\/"},{"@type":"ListItem","position":3,"name":"Mercer Island Car Accident Lawyer"}]},{"@type":"WebSite","@id":"https:\/\/plg-pllc.com\/#website","url":"https:\/\/plg-pllc.com\/","name":"Grupo de abogados Premier","description":"Abogado de muerte por negligencia y lesiones graves en Washington","publisher":{"@id":"https:\/\/plg-pllc.com\/#organization"},"inLanguage":"es"},{"@type":"Organization","@id":"https:\/\/plg-pllc.com\/#organization","name":"Grupo de abogados Premier","url":"https:\/\/plg-pllc.com\/","logo":{"@type":"ImageObject","inLanguage":"es","@id":"https:\/\/plg-pllc.com\/#\/schema\/logo\/image\/","url":"https:\/\/plg-pllc.com\/wp-content\/uploads\/2020\/10\/plg-logo-v2.gif","contentUrl":"https:\/\/plg-pllc.com\/wp-content\/uploads\/2020\/10\/plg-logo-v2.gif","width":592,"height":191,"caption":"Premier Law Group"},"image":{"@id":"https:\/\/plg-pllc.com\/#\/schema\/logo\/image\/"},"sameAs":["https:\/\/www.facebook.com\/premierlawgroup","https:\/\/x.com\/premierlawgroup"]}]}},"_links":{"self":[{"href":"https:\/\/plg-pllc.com\/es\/wp-json\/wp\/v2\/pages\/21570","targetHints":{"allow":["GET"]}}],"collection":[{"href":"https:\/\/plg-pllc.com\/es\/wp-json\/wp\/v2\/pages"}],"about":[{"href":"https:\/\/plg-pllc.com\/es\/wp-json\/wp\/v2\/types\/page"}],"author":[{"embeddable":true,"href":"https:\/\/plg-pllc.com\/es\/wp-json\/wp\/v2\/users\/60"}],"replies":[{"embeddable":true,"href":"https:\/\/plg-pllc.com\/es\/wp-json\/wp\/v2\/comments?post=21570"}],"version-history":[{"count":0,"href":"https:\/\/plg-pllc.com\/es\/wp-json\/wp\/v2\/pages\/21570\/revisions"}],"up":[{"embeddable":true,"href":"https:\/\/plg-pllc.com\/es\/wp-json\/wp\/v2\/pages\/20281"}],"wp:attachment":[{"href":"https:\/\/plg-pllc.com\/es\/wp-json\/wp\/v2\/media?parent=21570"}],"wp:term":[{"taxonomy":"hc_faqs","embeddable":true,"href":"https:\/\/plg-pllc.com\/es\/wp-json\/wp\/v2\/hc_faqs?post=21570"}],"curies":[{"name":"gracias","href":"https:\/\/api.w.org\/{rel}","templated":true}]}}