{"id":21572,"date":"2025-10-14T08:18:09","date_gmt":"2025-10-14T15:18:09","guid":{"rendered":"https:\/\/plg-pllc.com\/?page_id=21572"},"modified":"2025-10-16T07:17:10","modified_gmt":"2025-10-16T14:17:10","slug":"what-is-the-average-bus-accident-settlement","status":"publish","type":"page","link":"https:\/\/plg-pllc.com\/es\/faqs\/what-is-the-average-bus-accident-settlement\/","title":{"rendered":"\u00bfCu\u00e1l es la indemnizaci\u00f3n media por accidente de autob\u00fas?"},"content":{"rendered":"<p><b>La indemnizaci\u00f3n media por accidente de autob\u00fas puede variar ampliamente<\/b>, <span style=\"font-weight: 400;\">Suelen oscilar entre decenas de miles y varios cientos de miles de d\u00f3lares, seg\u00fan la gravedad de las lesiones, la responsabilidad y los detalles espec\u00edficos del caso. Dado que cada accidente es \u00fanico, no existe una indemnizaci\u00f3n est\u00e1ndar aplicable a todas las situaciones.<\/span><\/p>\n<p><span style=\"font-weight: 400;\">Algunas indemnizaciones son relativamente modestas y cubren atenci\u00f3n m\u00e9dica a corto plazo y salarios perdidos. Otras son mucho mayores, especialmente cuando se trata de discapacidad permanente, homicidio culposo o negligencia por parte de una agencia gubernamental o una empresa de transporte.\u00a0<\/span><\/p>\n<p><span style=\"font-weight: 400;\">El rango es amplio, y por eso es fundamental evaluar su caso en funci\u00f3n de las circunstancias \u00fanicas involucradas con un abogado experimentado. <\/span><a href=\"https:\/\/plg-pllc.com\/seattle\/bus-accident-lawyer\/\"><span style=\"font-weight: 400;\">Abogado de accidentes de autob\u00fas en Seattle<\/span><\/a><span style=\"font-weight: 400;\">.<\/span><\/p>\n<h2><span style=\"font-weight: 400;\">\u00bfQu\u00e9 factores influyen en las indemnizaciones por accidentes de autob\u00fas?<\/span><\/h2>\n<p><span style=\"font-weight: 400;\">En Premier Law Group, ayudamos a clientes en todo Washington a comprender el valor de su caso y c\u00f3mo obtener la m\u00e1xima compensaci\u00f3n posible. No existe una soluci\u00f3n universal. En cambio, analizamos los factores clave que influyen en el valor de la indemnizaci\u00f3n:<\/span><\/p>\n<ul>\n<li style=\"font-weight: 400;\" aria-level=\"1\"><b>Alcance de las lesiones<\/b><span style=\"font-weight: 400;\">:Las lesiones m\u00e1s graves, como traumatismos craneoencef\u00e1licos, da\u00f1os en la m\u00e9dula espinal o fracturas m\u00faltiples, suelen dar lugar a indemnizaciones m\u00e1s elevadas.<\/span><span style=\"font-weight: 400;\"><br \/>\n<\/span><\/li>\n<li style=\"font-weight: 400;\" aria-level=\"1\"><b>Gastos m\u00e9dicos<\/b><span style=\"font-weight: 400;\">:Esto incluye tanto facturas m\u00e9dicas pasadas como necesidades de tratamiento futuras.<\/span><span style=\"font-weight: 400;\"><br \/>\n<\/span><\/li>\n<li style=\"font-weight: 400;\" aria-level=\"1\"><b>P\u00e9rdida de ingresos<\/b><span style=\"font-weight: 400;\">Consideramos cu\u00e1nto trabajo ha perdido y si su capacidad para ganarse la vida se ha visto afectada de forma permanente.<\/span><span style=\"font-weight: 400;\"><br \/>\n<\/span><\/li>\n<li style=\"font-weight: 400;\" aria-level=\"1\"><b>Dolor y sufrimiento<\/b><span style=\"font-weight: 400;\">:La ley de Washington permite una compensaci\u00f3n por da\u00f1os no econ\u00f3micos, como trauma emocional, ansiedad y p\u00e9rdida del disfrute de la vida.<\/span><span style=\"font-weight: 400;\"><br \/>\n<\/span><\/li>\n<li style=\"font-weight: 400;\" aria-level=\"1\"><b>Responsabilidad<\/b><span style=\"font-weight: 400;\">Cuanto m\u00e1s clara sea la culpa, m\u00e1s s\u00f3lido ser\u00e1 el caso. Si el conductor del autob\u00fas o la empresa fueron claramente negligentes, eso puede aumentar su indemnizaci\u00f3n.<\/span><span style=\"font-weight: 400;\"><br \/>\n<\/span><\/li>\n<li style=\"font-weight: 400;\" aria-level=\"1\"><b>Cobertura de seguro<\/b><span style=\"font-weight: 400;\">Las p\u00f3lizas de seguro disponibles, ya sea de una compa\u00f1\u00eda de autobuses privada, una autoridad de tr\u00e1nsito o un conductor externo, establecen el l\u00edmite superior de la compensaci\u00f3n en muchos casos.<\/span><span style=\"font-weight: 400;\"><br \/>\n<\/span><\/li>\n<li style=\"font-weight: 400;\" aria-level=\"1\"><b>Participaci\u00f3n del gobierno<\/b><span style=\"font-weight: 400;\">:Si una ciudad o un distrito escolar es due\u00f1o del autob\u00fas, puede haber reglas m\u00e1s estrictas y l\u00edmites de da\u00f1os.<\/span><\/li>\n<\/ul>\n<p><span style=\"font-weight: 400;\">Nuestro <\/span><a href=\"https:\/\/plg-pllc.com\/seattle\/personal-injury-lawyer\/\"><span style=\"font-weight: 400;\">Abogados de lesiones personales en Seattle<\/span><\/a><span style=\"font-weight: 400;\"> Tenga en cuenta todo esto al asesorar a los clientes sobre lo que razonablemente podr\u00edan esperar en un acuerdo por accidente de autob\u00fas.<\/span><\/p>\n<h2><span style=\"font-weight: 400;\">Entendiendo la culpa comparativa en Washington<\/span><\/h2>\n<p><span style=\"font-weight: 400;\">Bajo el mando de Washington <\/span><a href=\"https:\/\/app.leg.wa.gov\/rcw\/default.aspx?cite=4.22.070\" target=\"_blank\" rel=\"noopener\"><span style=\"font-weight: 400;\">Ley de culpa comparativa (RCW 4.22.070)<\/span><\/a><span style=\"font-weight: 400;\">, <\/span><b>Varias partes pueden compartir la responsabilidad de un accidente<\/b><span style=\"font-weight: 400;\">Si tiene parte de culpa, su indemnizaci\u00f3n puede reducirse seg\u00fan su porcentaje de culpa. Por ejemplo, si le otorgan $100,000, pero se determina que tiene 20% de culpa, recibir\u00eda $80,000.<\/span><\/p>\n<p><span style=\"font-weight: 400;\">Esta regla aplica tanto si eres pasajero, peat\u00f3n como conductor de otro veh\u00edculo. Tambi\u00e9n destaca la importancia de trabajar con un equipo que sepa presentar tu caso eficazmente y minimizar cualquier culpa injusta.<\/span><\/p>\n<h2><span style=\"font-weight: 400;\">\u00bfQu\u00e9 influye en el valor de un acuerdo por accidente de autob\u00fas?<\/span><\/h2>\n<p><span style=\"font-weight: 400;\">No hay dos casos de accidentes de autob\u00fas iguales, por eso <\/span><b>all\u00e1<\/b>&#039;<b>No es cierto <\/b>&quot;<b>promedio<\/b>&quot;<b> asentamiento<\/b>.<span style=\"font-weight: 400;\"> El valor de una reclamaci\u00f3n depende de una combinaci\u00f3n de factores, entre ellos:<\/span><\/p>\n<ul>\n<li style=\"font-weight: 400;\" aria-level=\"1\"><span style=\"font-weight: 400;\">La gravedad de sus lesiones y si tienen consecuencias a largo plazo<\/span><span style=\"font-weight: 400;\"><br \/>\n<\/span><\/li>\n<li style=\"font-weight: 400;\" aria-level=\"1\"><span style=\"font-weight: 400;\">El coste total de su tratamiento m\u00e9dico, tanto actual como futuro<\/span><span style=\"font-weight: 400;\"><br \/>\n<\/span><\/li>\n<li style=\"font-weight: 400;\" aria-level=\"1\"><span style=\"font-weight: 400;\">C\u00f3mo la lesi\u00f3n ha afectado su capacidad para trabajar o generar ingresos<\/span><span style=\"font-weight: 400;\"><br \/>\n<\/span><\/li>\n<li style=\"font-weight: 400;\" aria-level=\"1\"><span style=\"font-weight: 400;\">El nivel de dolor, sufrimiento o trauma emocional que ha experimentado<\/span><span style=\"font-weight: 400;\"><br \/>\n<\/span><\/li>\n<li style=\"font-weight: 400;\" aria-level=\"1\"><span style=\"font-weight: 400;\">La claridad de la culpa y si varias partes comparten la responsabilidad<\/span><span style=\"font-weight: 400;\"><br \/>\n<\/span><\/li>\n<li style=\"font-weight: 400;\" aria-level=\"1\"><span style=\"font-weight: 400;\">El tipo de p\u00f3lizas de seguro involucradas y sus l\u00edmites de cobertura<\/span><\/li>\n<\/ul>\n<p><span style=\"font-weight: 400;\">Algunas reclamaciones pueden implicar una recuperaci\u00f3n a corto plazo, mientras que otras pueden requerir un tratamiento extenso y afectar el resto de la vida de la persona. Evaluamos cada detalle para determinar la compensaci\u00f3n justa que deber\u00eda corresponder a su situaci\u00f3n particular.<\/span><\/p>\n\n        <div class=\"rs-content-cta long\">\n            <p>Para una consulta legal GRATUITA, llame al <a href=\"tel:+12062851743\">(206) 285-1743 <\/a><\/p>\n            <a href=\"https:\/\/plg-pllc.com\/es\/contact-us\/\" title=\"OBTENGA UNA EVALUACI\u00d3N DE CASO GRATUITA\" class=\"btn-global\">OBTENGA UNA EVALUACI\u00d3N DE CASO GRATUITA<\/a>\n                    <picture>\n                            <source srcset=\"https:\/\/plg-pllc.com\/wp-content\/themes\/plg-pllc-redesign\/assets\/app\/img\/cta-thumb.webp\" type=\"image\/webp\"\/>\n                            <img src=\"https:\/\/plg-pllc.com\/wp-content\/themes\/plg-pllc-redesign\/assets\/app\/img\/cta-thumb.png\" alt=\"Grupo de abogados Premier\" title=\"Grupo de abogados Premier\" width=\"245\" height=\"220\" loading=\"auto\" fetchpriority=\"auto\" decoding=\"async\"\/>\n        <\/picture>\n        \n        <\/div><h2><span style=\"font-weight: 400;\">\u00bfQui\u00e9n puede ser responsable en un accidente de autob\u00fas?<\/span><\/h2>\n<p><span style=\"font-weight: 400;\">Una de las razones por las que las indemnizaciones por accidentes de autob\u00fas var\u00edan tanto es que pueden estar involucradas muchas partes diferentes. Parte de nuestro trabajo consiste en determinar qui\u00e9n es responsable y qu\u00e9 grado de responsabilidad tiene.<\/span><\/p>\n<p><span style=\"font-weight: 400;\">Las partes potencialmente responsables pueden incluir:<\/span><\/p>\n<ul>\n<li style=\"font-weight: 400;\" aria-level=\"1\"><span style=\"font-weight: 400;\">El conductor del autob\u00fas, por conducci\u00f3n descuidada o temeraria<\/span><span style=\"font-weight: 400;\"><br \/>\n<\/span><\/li>\n<li style=\"font-weight: 400;\" aria-level=\"1\"><span style=\"font-weight: 400;\">La empresa de autobuses o autoridad de tr\u00e1nsito, por capacitaci\u00f3n o mantenimiento inadecuado<\/span><span style=\"font-weight: 400;\"><br \/>\n<\/span><\/li>\n<li style=\"font-weight: 400;\" aria-level=\"1\"><span style=\"font-weight: 400;\">Una agencia gubernamental, por condiciones peligrosas en la carretera o falta de supervisi\u00f3n<\/span><span style=\"font-weight: 400;\"><br \/>\n<\/span><\/li>\n<li style=\"font-weight: 400;\" aria-level=\"1\"><span style=\"font-weight: 400;\">Un fabricante, por un veh\u00edculo o pieza defectuosa<\/span><span style=\"font-weight: 400;\"><br \/>\n<\/span><\/li>\n<li style=\"font-weight: 400;\" aria-level=\"1\"><span style=\"font-weight: 400;\">Un conductor tercero, si sus acciones provocaron el accidente<\/span><\/li>\n<\/ul>\n<p><span style=\"font-weight: 400;\">Dado que estos casos pueden involucrar a varios acusados, la responsabilidad puede dividirse entre ellos. Investigamos cada aspecto para asegurarnos de que ning\u00fan responsable quede excluido.<\/span><\/p>\n<h2><span style=\"font-weight: 400;\">\u00bfCu\u00e1nto tiempo tardar\u00e1 la indemnizaci\u00f3n por un accidente de autob\u00fas?<\/span><\/h2>\n<p><span style=\"font-weight: 400;\">Algunos casos se resuelven en pocos meses. Otros tardan un a\u00f1o o m\u00e1s. Depende de varios factores, entre ellos:<\/span><\/p>\n<ul>\n<li style=\"font-weight: 400;\" aria-level=\"1\"><span style=\"font-weight: 400;\">Cu\u00e1nto dura su tratamiento m\u00e9dico<\/span><span style=\"font-weight: 400;\"><br \/>\n<\/span><\/li>\n<li style=\"font-weight: 400;\" aria-level=\"1\"><span style=\"font-weight: 400;\">Qu\u00e9 cooperativas son las compa\u00f1\u00edas de seguros<\/span><span style=\"font-weight: 400;\"><br \/>\n<\/span><\/li>\n<li style=\"font-weight: 400;\" aria-level=\"1\"><span style=\"font-weight: 400;\">Si se discute la culpa<\/span><span style=\"font-weight: 400;\"><br \/>\n<\/span><\/li>\n<li style=\"font-weight: 400;\" aria-level=\"1\"><span style=\"font-weight: 400;\">Si es necesario presentar una demanda para obtener una compensaci\u00f3n justa<\/span><\/li>\n<\/ul>\n<p><span style=\"font-weight: 400;\">En Premier Law Group, nunca apresuramos un acuerdo solo para cerrar un caso. Nos adaptamos a sus plazos, no a los de la compa\u00f1\u00eda de seguros.<\/span><\/p>\n<h2><span style=\"font-weight: 400;\">\u00bfNecesita un abogado para resolver un reclamo por accidente de autob\u00fas?<\/span><\/h2>\n<p><span style=\"font-weight: 400;\">S\u00ed, contar con representaci\u00f3n legal es uno de los pasos m\u00e1s importantes que puede tomar para proteger su reclamo. Los casos de accidentes de autob\u00fas suelen involucrar a ayuntamientos, distritos escolares o transportistas comerciales. Cada caso tiene sus propios procedimientos, plazos y defensas.<\/span><\/p>\n<p><span style=\"font-weight: 400;\">Sin un abogado, podr\u00eda verse presionado a aceptar una oferta muy baja o incumplir una fecha l\u00edmite de presentaci\u00f3n crucial. Tambi\u00e9n corre el riesgo de perder una compensaci\u00f3n por gastos futuros o da\u00f1os no econ\u00f3micos a los que quiz\u00e1s no sepa que tiene derecho.<\/span><\/p>\n<p><span style=\"font-weight: 400;\">Le acompa\u00f1amos en cada paso del proceso, desde la investigaci\u00f3n inicial hasta la negociaci\u00f3n de un acuerdo o el juicio, si es necesario. Siempre sabr\u00e1 en qu\u00e9 situaci\u00f3n se encuentra su caso y qu\u00e9 esperar a continuaci\u00f3n.<\/span><\/p>\n<h2><span style=\"font-weight: 400;\">Hable con un abogado especializado en accidentes de autob\u00fas sobre el valor de su caso<\/span><\/h2>\n<p><span style=\"font-weight: 400;\">El valor de una indemnizaci\u00f3n por accidente de autob\u00fas depende de los hechos de su caso. No se base en cifras gen\u00e9ricas ni en conjeturas. Si ha resultado lesionado, perm\u00edtanos revisar su situaci\u00f3n y ofrecerle una evaluaci\u00f3n clara y honesta.<\/span><\/p>\n<p><span style=\"font-weight: 400;\">En Premier Law Group, ofrecemos consultas gratuitas y solo cobramos si ganamos. Le daremos respuestas directas, sin jerga legal, y lucharemos para asegurarnos de que reciba un trato justo.<\/span><\/p>\n<p><span style=\"font-weight: 400;\">Ll\u00e1menos hoy para saber cu\u00e1nto puede valer su caso y c\u00f3mo podemos ayudarle a seguir adelante.<\/span><\/p>\n\n        <div class=\"rs-content-cta\">\n            <p>Llamar o enviar mensaje de texto <a href=\"tel:+12062851743\">(206) 285-1743<\/a> o complete un formulario de evaluaci\u00f3n de caso gratuito<\/p>\n            <a href=\"https:\/\/plg-pllc.com\/es\/contact-us\/\" title=\"OBTENGA UNA EVALUACI\u00d3N DE CASO GRATUITA\" class=\"btn-global\">OBTENGA UNA EVALUACI\u00d3N DE CASO GRATUITA<\/a>\n                    <picture>\n                            <source srcset=\"https:\/\/plg-pllc.com\/wp-content\/themes\/plg-pllc-redesign\/assets\/app\/img\/cta-thumb.webp\" type=\"image\/webp\"\/>\n                            <img src=\"https:\/\/plg-pllc.com\/wp-content\/themes\/plg-pllc-redesign\/assets\/app\/img\/cta-thumb.png\" alt=\"Grupo de abogados Premier\" title=\"Grupo de abogados Premier\" width=\"245\" height=\"220\" loading=\"auto\" fetchpriority=\"auto\" decoding=\"async\"\/>\n        <\/picture>\n        \n        <\/div>","protected":false},"excerpt":{"rendered":"<p>La indemnizaci\u00f3n promedio por accidente de autob\u00fas puede variar considerablemente, generalmente entre decenas de miles y varios cientos de miles de d\u00f3lares, dependiendo de la gravedad de las lesiones, la responsabilidad y los detalles espec\u00edficos del caso. Dado que cada accidente es \u00fanico, no existe una indemnizaci\u00f3n est\u00e1ndar que se aplique a todas las situaciones. Algunas indemnizaciones son relativamente modestas y cubren\u2026<\/p>","protected":false},"author":50,"featured_media":21573,"parent":20714,"menu_order":0,"comment_status":"closed","ping_status":"closed","template":"","meta":{"_acf_changed":false,"_genesis_hide_title":false,"_genesis_hide_breadcrumbs":false,"_genesis_hide_singular_image":false,"_genesis_hide_footer_widgets":false,"_genesis_custom_body_class":"","_genesis_custom_post_class":"","_genesis_layout":"","footnotes":""},"hc_faqs":[10354],"class_list":{"0":"post-21572","1":"page","2":"type-page","3":"status-publish","4":"has-post-thumbnail","6":"hc_faqs-personal-injury","7":"entry"},"acf":[],"yoast_head":"<!-- This site is optimized with the Yoast SEO plugin v27.2 - https:\/\/yoast.com\/product\/yoast-seo-wordpress\/ -->\n<title>Average Bus Accident Settlement | Premier Law Group<\/title>\n<meta name=\"description\" content=\"You may wonder what the average bus accident settlement is, we can help you find out. Call us today for more information.\" \/>\n<meta name=\"robots\" content=\"index, follow, max-snippet:-1, max-image-preview:large, max-video-preview:-1\" \/>\n<link rel=\"canonical\" href=\"https:\/\/plg-pllc.com\/es\/faqs\/what-is-the-average-bus-accident-settlement\/\" \/>\n<meta property=\"og:locale\" content=\"es_MX\" \/>\n<meta property=\"og:type\" content=\"article\" \/>\n<meta property=\"og:title\" content=\"Average Bus Accident Settlement | Premier Law Group\" \/>\n<meta property=\"og:description\" content=\"You may wonder what the average bus accident settlement is, we can help you find out. Call us today for more information.\" \/>\n<meta property=\"og:url\" content=\"https:\/\/plg-pllc.com\/es\/faqs\/what-is-the-average-bus-accident-settlement\/\" \/>\n<meta property=\"og:site_name\" content=\"Premier Law Group\" \/>\n<meta property=\"article:publisher\" content=\"https:\/\/www.facebook.com\/premierlawgroup\" \/>\n<meta property=\"article:modified_time\" content=\"2025-10-16T14:17:10+00:00\" \/>\n<meta property=\"og:image\" content=\"https:\/\/plg-pllc.com\/wp-content\/uploads\/2025\/10\/what-is-the-average-bus-accident-settlement.jpg\" \/>\n\t<meta property=\"og:image:width\" content=\"1000\" \/>\n\t<meta property=\"og:image:height\" content=\"666\" \/>\n\t<meta property=\"og:image:type\" content=\"image\/jpeg\" \/>\n<meta name=\"twitter:card\" content=\"summary_large_image\" \/>\n<meta name=\"twitter:site\" content=\"@premierlawgroup\" \/>\n<meta name=\"twitter:label1\" content=\"Tiempo de lectura\" \/>\n\t<meta name=\"twitter:data1\" content=\"5 minutos\" \/>\n<script type=\"application\/ld+json\" class=\"yoast-schema-graph\">{\"@context\":\"https:\/\/schema.org\",\"@graph\":[{\"@type\":\"WebPage\",\"@id\":\"https:\/\/plg-pllc.com\/faqs\/what-is-the-average-bus-accident-settlement\/\",\"url\":\"https:\/\/plg-pllc.com\/faqs\/what-is-the-average-bus-accident-settlement\/\",\"name\":\"Average Bus Accident Settlement | Premier Law Group\",\"isPartOf\":{\"@id\":\"https:\/\/plg-pllc.com\/#website\"},\"primaryImageOfPage\":{\"@id\":\"https:\/\/plg-pllc.com\/faqs\/what-is-the-average-bus-accident-settlement\/#primaryimage\"},\"image\":{\"@id\":\"https:\/\/plg-pllc.com\/faqs\/what-is-the-average-bus-accident-settlement\/#primaryimage\"},\"thumbnailUrl\":\"https:\/\/plg-pllc.com\/wp-content\/uploads\/2025\/10\/what-is-the-average-bus-accident-settlement.jpg\",\"datePublished\":\"2025-10-14T15:18:09+00:00\",\"dateModified\":\"2025-10-16T14:17:10+00:00\",\"description\":\"You may wonder what the average bus accident settlement is, we can help you find out. Call us today for more information.\",\"breadcrumb\":{\"@id\":\"https:\/\/plg-pllc.com\/faqs\/what-is-the-average-bus-accident-settlement\/#breadcrumb\"},\"inLanguage\":\"es\",\"potentialAction\":[{\"@type\":\"ReadAction\",\"target\":[\"https:\/\/plg-pllc.com\/faqs\/what-is-the-average-bus-accident-settlement\/\"]}]},{\"@type\":\"ImageObject\",\"inLanguage\":\"es\",\"@id\":\"https:\/\/plg-pllc.com\/faqs\/what-is-the-average-bus-accident-settlement\/#primaryimage\",\"url\":\"https:\/\/plg-pllc.com\/wp-content\/uploads\/2025\/10\/what-is-the-average-bus-accident-settlement.jpg\",\"contentUrl\":\"https:\/\/plg-pllc.com\/wp-content\/uploads\/2025\/10\/what-is-the-average-bus-accident-settlement.jpg\",\"width\":1000,\"height\":666,\"caption\":\"what-is-the-average-bus-accident-settlement\"},{\"@type\":\"BreadcrumbList\",\"@id\":\"https:\/\/plg-pllc.com\/faqs\/what-is-the-average-bus-accident-settlement\/#breadcrumb\",\"itemListElement\":[{\"@type\":\"ListItem\",\"position\":1,\"name\":\"Home\",\"item\":\"https:\/\/plg-pllc.com\/es\/\"},{\"@type\":\"ListItem\",\"position\":2,\"name\":\"FAQs\",\"item\":\"https:\/\/plg-pllc.com\/es\/faqs\/\"},{\"@type\":\"ListItem\",\"position\":3,\"name\":\"What Is the Average Bus Accident Settlement?\"}]},{\"@type\":\"WebSite\",\"@id\":\"https:\/\/plg-pllc.com\/#website\",\"url\":\"https:\/\/plg-pllc.com\/\",\"name\":\"Premier Law Group\",\"description\":\"Washington Wrongful Death and Serious Injury Lawyer\",\"publisher\":{\"@id\":\"https:\/\/plg-pllc.com\/#organization\"},\"inLanguage\":\"es\"},{\"@type\":\"Organization\",\"@id\":\"https:\/\/plg-pllc.com\/#organization\",\"name\":\"Premier Law Group\",\"url\":\"https:\/\/plg-pllc.com\/\",\"logo\":{\"@type\":\"ImageObject\",\"inLanguage\":\"es\",\"@id\":\"https:\/\/plg-pllc.com\/#\/schema\/logo\/image\/\",\"url\":\"https:\/\/plg-pllc.com\/wp-content\/uploads\/2020\/10\/plg-logo-v2.gif\",\"contentUrl\":\"https:\/\/plg-pllc.com\/wp-content\/uploads\/2020\/10\/plg-logo-v2.gif\",\"width\":592,\"height\":191,\"caption\":\"Premier Law Group\"},\"image\":{\"@id\":\"https:\/\/plg-pllc.com\/#\/schema\/logo\/image\/\"},\"sameAs\":[\"https:\/\/www.facebook.com\/premierlawgroup\",\"https:\/\/x.com\/premierlawgroup\"]}]}<\/script>\n<!-- \/ Yoast SEO plugin. -->","yoast_head_json":{"title":"Indemnizaci\u00f3n promedio por accidente de autob\u00fas | Premier Law Group","description":"Quiz\u00e1s se pregunte cu\u00e1l es la indemnizaci\u00f3n promedio por accidente de autob\u00fas. Podemos ayudarle a averiguarlo. Ll\u00e1menos hoy para m\u00e1s informaci\u00f3n.","robots":{"index":"index","follow":"follow","max-snippet":"max-snippet:-1","max-image-preview":"max-image-preview:large","max-video-preview":"max-video-preview:-1"},"canonical":"https:\/\/plg-pllc.com\/es\/faqs\/what-is-the-average-bus-accident-settlement\/","og_locale":"es_MX","og_type":"article","og_title":"Average Bus Accident Settlement | Premier Law Group","og_description":"You may wonder what the average bus accident settlement is, we can help you find out. Call us today for more information.","og_url":"https:\/\/plg-pllc.com\/es\/faqs\/what-is-the-average-bus-accident-settlement\/","og_site_name":"Premier Law Group","article_publisher":"https:\/\/www.facebook.com\/premierlawgroup","article_modified_time":"2025-10-16T14:17:10+00:00","og_image":[{"width":1000,"height":666,"url":"https:\/\/plg-pllc.com\/wp-content\/uploads\/2025\/10\/what-is-the-average-bus-accident-settlement.jpg","type":"image\/jpeg"}],"twitter_card":"summary_large_image","twitter_site":"@premierlawgroup","twitter_misc":{"Tiempo de lectura":"5 minutos"},"schema":{"@context":"https:\/\/schema.org","@graph":[{"@type":"WebPage","@id":"https:\/\/plg-pllc.com\/faqs\/what-is-the-average-bus-accident-settlement\/","url":"https:\/\/plg-pllc.com\/faqs\/what-is-the-average-bus-accident-settlement\/","name":"Indemnizaci\u00f3n promedio por accidente de autob\u00fas | Premier Law Group","isPartOf":{"@id":"https:\/\/plg-pllc.com\/#website"},"primaryImageOfPage":{"@id":"https:\/\/plg-pllc.com\/faqs\/what-is-the-average-bus-accident-settlement\/#primaryimage"},"image":{"@id":"https:\/\/plg-pllc.com\/faqs\/what-is-the-average-bus-accident-settlement\/#primaryimage"},"thumbnailUrl":"https:\/\/plg-pllc.com\/wp-content\/uploads\/2025\/10\/what-is-the-average-bus-accident-settlement.jpg","datePublished":"2025-10-14T15:18:09+00:00","dateModified":"2025-10-16T14:17:10+00:00","description":"Quiz\u00e1s se pregunte cu\u00e1l es la indemnizaci\u00f3n promedio por accidente de autob\u00fas. Podemos ayudarle a averiguarlo. Ll\u00e1menos hoy para m\u00e1s informaci\u00f3n.","breadcrumb":{"@id":"https:\/\/plg-pllc.com\/faqs\/what-is-the-average-bus-accident-settlement\/#breadcrumb"},"inLanguage":"es","potentialAction":[{"@type":"ReadAction","target":["https:\/\/plg-pllc.com\/faqs\/what-is-the-average-bus-accident-settlement\/"]}]},{"@type":"ImageObject","inLanguage":"es","@id":"https:\/\/plg-pllc.com\/faqs\/what-is-the-average-bus-accident-settlement\/#primaryimage","url":"https:\/\/plg-pllc.com\/wp-content\/uploads\/2025\/10\/what-is-the-average-bus-accident-settlement.jpg","contentUrl":"https:\/\/plg-pllc.com\/wp-content\/uploads\/2025\/10\/what-is-the-average-bus-accident-settlement.jpg","width":1000,"height":666,"caption":"what-is-the-average-bus-accident-settlement"},{"@type":"BreadcrumbList","@id":"https:\/\/plg-pllc.com\/faqs\/what-is-the-average-bus-accident-settlement\/#breadcrumb","itemListElement":[{"@type":"ListItem","position":1,"name":"Home","item":"https:\/\/plg-pllc.com\/es\/"},{"@type":"ListItem","position":2,"name":"FAQs","item":"https:\/\/plg-pllc.com\/es\/faqs\/"},{"@type":"ListItem","position":3,"name":"What Is the Average Bus Accident Settlement?"}]},{"@type":"WebSite","@id":"https:\/\/plg-pllc.com\/#website","url":"https:\/\/plg-pllc.com\/","name":"Grupo de abogados Premier","description":"Abogado de muerte por negligencia y lesiones graves en Washington","publisher":{"@id":"https:\/\/plg-pllc.com\/#organization"},"inLanguage":"es"},{"@type":"Organization","@id":"https:\/\/plg-pllc.com\/#organization","name":"Grupo de abogados Premier","url":"https:\/\/plg-pllc.com\/","logo":{"@type":"ImageObject","inLanguage":"es","@id":"https:\/\/plg-pllc.com\/#\/schema\/logo\/image\/","url":"https:\/\/plg-pllc.com\/wp-content\/uploads\/2020\/10\/plg-logo-v2.gif","contentUrl":"https:\/\/plg-pllc.com\/wp-content\/uploads\/2020\/10\/plg-logo-v2.gif","width":592,"height":191,"caption":"Premier Law Group"},"image":{"@id":"https:\/\/plg-pllc.com\/#\/schema\/logo\/image\/"},"sameAs":["https:\/\/www.facebook.com\/premierlawgroup","https:\/\/x.com\/premierlawgroup"]}]}},"_links":{"self":[{"href":"https:\/\/plg-pllc.com\/es\/wp-json\/wp\/v2\/pages\/21572","targetHints":{"allow":["GET"]}}],"collection":[{"href":"https:\/\/plg-pllc.com\/es\/wp-json\/wp\/v2\/pages"}],"about":[{"href":"https:\/\/plg-pllc.com\/es\/wp-json\/wp\/v2\/types\/page"}],"author":[{"embeddable":true,"href":"https:\/\/plg-pllc.com\/es\/wp-json\/wp\/v2\/users\/50"}],"replies":[{"embeddable":true,"href":"https:\/\/plg-pllc.com\/es\/wp-json\/wp\/v2\/comments?post=21572"}],"version-history":[{"count":0,"href":"https:\/\/plg-pllc.com\/es\/wp-json\/wp\/v2\/pages\/21572\/revisions"}],"up":[{"embeddable":true,"href":"https:\/\/plg-pllc.com\/es\/wp-json\/wp\/v2\/pages\/20714"}],"wp:featuredmedia":[{"embeddable":true,"href":"https:\/\/plg-pllc.com\/es\/wp-json\/wp\/v2\/media\/21573"}],"wp:attachment":[{"href":"https:\/\/plg-pllc.com\/es\/wp-json\/wp\/v2\/media?parent=21572"}],"wp:term":[{"taxonomy":"hc_faqs","embeddable":true,"href":"https:\/\/plg-pllc.com\/es\/wp-json\/wp\/v2\/hc_faqs?post=21572"}],"curies":[{"name":"gracias","href":"https:\/\/api.w.org\/{rel}","templated":true}]}}