{"id":21583,"date":"2025-10-21T03:34:07","date_gmt":"2025-10-21T10:34:07","guid":{"rendered":"https:\/\/plg-pllc.com\/?page_id=21583"},"modified":"2025-10-29T12:18:54","modified_gmt":"2025-10-29T19:18:54","slug":"kirkland-child-injury-lawyer","status":"publish","type":"page","link":"https:\/\/plg-pllc.com\/es\/kirkland\/child-injury-lawyer\/","title":{"rendered":"Abogado de lesiones infantiles en Kirkland"},"content":{"rendered":"<p><span style=\"font-weight: 400;\">Puede crear una reclamaci\u00f3n para<\/span> <span style=\"font-weight: 400;\">Compensaci\u00f3n justa para su familia despu\u00e9s de un accidente con la ayuda de nuestros abogados de lesiones infantiles en Kirkland de Premier Law Group. Tenemos... <\/span><b>M\u00e1s de cinco d\u00e9cadas de experiencia jur\u00eddica combinada<\/b><span style=\"font-weight: 400;\">y sabemos lo que se necesita para ayudarle con sus necesidades legales.\u00a0<\/span><\/p>\n<p><span style=\"font-weight: 400;\">Nuestro <\/span><a href=\"https:\/\/plg-pllc.com\/kirkland\/personal-injury-lawyer\/\"><span style=\"font-weight: 400;\">Abogados de lesiones personales en Kirkland<\/span><\/a><span style=\"font-weight: 400;\"> Podemos evaluar su situaci\u00f3n de inmediato, explicarle los pr\u00f3ximos pasos y brindarle el apoyo dedicado que necesita en cada paso del proceso. Estamos aqu\u00ed para ayudar a su familia a obtener los fondos necesarios para cubrir las facturas m\u00e9dicas, el dolor, el sufrimiento y otras p\u00e9rdidas de su hijo.\u00a0<\/span><\/p>\n<p><span style=\"font-weight: 400;\">Cont\u00e1ctanos ahora para conocer m\u00e1s sobre tus pr\u00f3ximos pasos.\u00a0<\/span><\/p>\n<h2><span style=\"font-weight: 400;\">\u00bfNecesita un abogado especializado en lesiones infantiles en Kirkland, WA?<\/span><\/h2>\n<p><span style=\"font-weight: 400;\">Es posible que necesite ayuda de nuestros abogados de lesiones personales si desea mejorar sus posibilidades de <\/span><b>asegurar la m\u00e1xima compensaci\u00f3n despu\u00e9s de un accidente<\/b><span style=\"font-weight: 400;\">.<\/span><\/p>\n<p><span style=\"font-weight: 400;\">Nuestro equipo sabe lo que se necesita para manejar estas reclamaciones complejas, y estamos preparados para hacernos cargo del proceso legal para que usted pueda concentrarse en el cuidado de su hijo y en ayudarle a recuperarse.\u00a0<\/span><\/p>\n<p><span style=\"font-weight: 400;\">Puede confiar en nosotros para:<\/span><\/p>\n<ul>\n<li style=\"font-weight: 400;\" aria-level=\"1\"><span style=\"font-weight: 400;\">Responda todas sus preguntas legales<\/span><\/li>\n<li style=\"font-weight: 400;\" aria-level=\"1\"><span style=\"font-weight: 400;\">Asesorarte sobre tus pr\u00f3ximos pasos<\/span><\/li>\n<li style=\"font-weight: 400;\" aria-level=\"1\"><span style=\"font-weight: 400;\">Le ayudamos a evitar errores que podr\u00edan perjudicar el reclamo de su familia.<\/span><\/li>\n<li style=\"font-weight: 400;\" aria-level=\"1\"><span style=\"font-weight: 400;\">Realizar un seguimiento de todas las p\u00e9rdidas asociadas con la lesi\u00f3n de un ni\u00f1o<\/span><\/li>\n<li style=\"font-weight: 400;\" aria-level=\"1\"><span style=\"font-weight: 400;\">Recopilar evidencia para fortalecer su afirmaci\u00f3n<\/span><\/li>\n<li style=\"font-weight: 400;\" aria-level=\"1\"><span style=\"font-weight: 400;\">Ayuda con las negociaciones de seguros<\/span><\/li>\n<li style=\"font-weight: 400;\" aria-level=\"1\"><span style=\"font-weight: 400;\">Lucha por tu familia en los tribunales<\/span><\/li>\n<\/ul>\n<p><span style=\"font-weight: 400;\">Cuando usted recibe un golpe, contraatacamos con m\u00e1s fuerza y estamos aqu\u00ed para representar los mejores intereses de su familia en cada paso del proceso. No lo dude; cont\u00e1ctenos ahora para una revisi\u00f3n gratuita de su caso con uno de nuestros abogados.\u00a0<\/span><\/p>\n<h2><span style=\"font-weight: 400;\">Tipos de reclamos por lesiones infantiles que manejamos<\/span><\/h2>\n<p><span style=\"font-weight: 400;\">Nuestro equipo cuenta con la<\/span><b> formaci\u00f3n y experiencia<\/b><span style=\"font-weight: 400;\"> Es necesario gestionar diversos casos de lesiones infantiles. Puede contactarnos si necesita apoyo personalizado de nuestros:<\/span><\/p>\n<ul>\n<li><b>Abogado de lesiones en el parque de atracciones Kirkland<\/b><span style=\"font-weight: 400;\">Podemos ayudarle a presentar una demanda si su hijo sufre lesiones debido a peligros en un parque de diversiones. Contamos con los recursos para enfrentar a las grandes empresas, contrarrestando los intentos de negar las reclamaciones o incluso culpar a su hijo por un incidente.\u00a0<\/span><\/li>\n<li><b>Abogado de restricciones en guarder\u00edas de Kirkland<\/b><span style=\"font-weight: 400;\">Nuestro bufete est\u00e1 listo para ayudarle si descubre que la guarder\u00eda de su hijo utiliz\u00f3 dispositivos de contenci\u00f3n indebidos o incurri\u00f3 en otras conductas perjudiciales. Nos tomamos estos casos muy en serio y estamos listos para apoyarle ahora.\u00a0<\/span><\/li>\n<li><b>Abogado de accidentes de autob\u00fas escolar en Kirkland: <\/b><span style=\"font-weight: 400;\">Estamos listos para ayudar a su familia si su hijo sufre lesiones en un accidente de autob\u00fas escolar. Podemos revisar sus opciones para obtener una compensaci\u00f3n y responder cualquier pregunta que tenga sobre el proceso legal.\u00a0<\/span><\/li>\n<li><b>Abogado de lesiones en la escuela Kirkland<\/b><span style=\"font-weight: 400;\">Las lesiones accidentales pueden ocurrir en la escuela, especialmente si la administraci\u00f3n escolar permite que se pasen por alto riesgos como pisos agrietados o mala iluminaci\u00f3n. Puede acudir a nosotros para obtener ayuda despu\u00e9s de un accidente.\u00a0<\/span><\/li>\n<li style=\"font-weight: 400;\" aria-level=\"1\"><b>Abogado de abuso sexual infantil en Kirkland<\/b><span style=\"font-weight: 400;\">Nuestro bufete de abogados puede brindarle la ayuda compasiva que su familia merece tras un acto de abuso sexual infantil. Podemos guiarle sobre sus opciones para presentar una demanda civil contra la parte que lastim\u00f3 a su hijo.\u00a0<\/span><\/li>\n<\/ul>\n<p><span style=\"font-weight: 400;\">La lista anterior contiene ejemplos de los tipos de reclamaciones por lesiones infantiles que nuestra firma puede gestionar. Cont\u00e1ctenos ahora para hablar sobre los detalles de su situaci\u00f3n con nuestro equipo especializado.\u00a0<\/span><\/p>\n<h2><span style=\"font-weight: 400;\">Compensaci\u00f3n disponible por un reclamo por lesiones a un ni\u00f1o<\/span><\/h2>\n<p><span style=\"font-weight: 400;\">Nuestro equipo legal puede ayudar a su familia a buscar una compensaci\u00f3n justa por todos los da\u00f1os. <\/span><b>p\u00e9rdidas econ\u00f3micas y no econ\u00f3micas<\/b><span style=\"font-weight: 400;\"> Sufrido debido a la lesi\u00f3n de un ni\u00f1o. Dependiendo de la situaci\u00f3n de su familia, podemos ayudarle a obtener los fondos necesarios para cubrir:<\/span><\/p>\n<ul>\n<li style=\"font-weight: 400;\" aria-level=\"1\"><span style=\"font-weight: 400;\">Gastos m\u00e9dicos<\/span><\/li>\n<li style=\"font-weight: 400;\" aria-level=\"1\"><span style=\"font-weight: 400;\">Su salario perdido si se toma tiempo libre para cuidar a su hijo<\/span><\/li>\n<li style=\"font-weight: 400;\" aria-level=\"1\"><span style=\"font-weight: 400;\">El dolor, el sufrimiento y la <\/span><a href=\"https:\/\/legal-dictionary.thefreedictionary.com\/Emotional+distress\" target=\"_blank\" rel=\"noopener\"><span style=\"font-weight: 400;\">angustia emocional<\/span><\/a><span style=\"font-weight: 400;\">\u00a0<\/span><\/li>\n<\/ul>\n<p><span style=\"font-weight: 400;\">Podremos brindarle m\u00e1s informaci\u00f3n sobre los fondos disponibles despu\u00e9s de revisar su situaci\u00f3n.\u00a0<\/span><\/p>\n<h3><span style=\"font-weight: 400;\">\u00bfCu\u00e1l es el valor de su reclamo legal?<\/span><\/h3>\n<p><span style=\"font-weight: 400;\">Nuestro bufete de abogados deber\u00e1 evaluar cuidadosamente las p\u00e9rdidas sufridas por su familia y otros factores antes de poder ofrecerle una estimaci\u00f3n del valor de su reclamaci\u00f3n. Estamos listos para brindarle una evaluaci\u00f3n personalizada, as\u00ed que cont\u00e1ctenos ahora.\u00a0<\/span><\/p>\n\n        <div class=\"rs-content-cta long\">\n            <p>Para una consulta legal GRATUITA con un abogado especializado en lesiones infantiles que atienda a Kirkland, llame al <a href=\"tel:+12062851743\">(206) 285-1743 <\/a><\/p>\n            <a href=\"https:\/\/plg-pllc.com\/es\/contact-us\/\" title=\"OBTENGA UNA EVALUACI\u00d3N DE CASO GRATUITA\" class=\"btn-global\">OBTENGA UNA EVALUACI\u00d3N DE CASO GRATUITA<\/a>\n                    <picture>\n                            <source srcset=\"https:\/\/plg-pllc.com\/wp-content\/themes\/plg-pllc-redesign\/assets\/app\/img\/cta-thumb.webp\" type=\"image\/webp\"\/>\n                            <img src=\"https:\/\/plg-pllc.com\/wp-content\/themes\/plg-pllc-redesign\/assets\/app\/img\/cta-thumb.png\" alt=\"Grupo de abogados Premier\" title=\"Grupo de abogados Premier\" width=\"245\" height=\"220\" loading=\"auto\" fetchpriority=\"auto\" decoding=\"async\"\/>\n        <\/picture>\n        \n        <\/div><h2><span style=\"font-weight: 400;\">Opciones para obtener una compensaci\u00f3n por lesiones a un ni\u00f1o<\/span><\/h2>\n<p><span style=\"font-weight: 400;\">Muchos padres se preguntan <\/span><a href=\"https:\/\/plg-pllc.com\/faqs\/will-child-go-to-court-if-injured\/\"><span style=\"font-weight: 400;\">Si tendr\u00e1n que acudir a los tribunales si su hijo result\u00f3 herido en un accidente<\/span><\/a><span style=\"font-weight: 400;\">En general, muchas reclamaciones por lesiones infantiles se resuelven extrajudicialmente. Nuestro equipo puede negociar con la compa\u00f1\u00eda de seguros que representa a la parte culpable en su nombre.\u00a0<\/span><\/p>\n<p><span style=\"font-weight: 400;\">Sabemos lo que implica resolver estas complejas reclamaciones extrajudicialmente. Sin embargo, si la compa\u00f1\u00eda de seguros se niega a tomar en serio a su familia, podemos ayudarle con una demanda por lesiones personales. Contamos con los recursos y la capacitaci\u00f3n para representar a su familia en los tribunales cuando sea necesario.\u00a0<\/span><\/p>\n<h2><span style=\"font-weight: 400;\">Plazos para las reclamaciones por lesiones infantiles<\/span><\/h2>\n<p><a href=\"https:\/\/plg-pllc.com\/faqs\/what-is-statute-of-limitations\/\"><span style=\"font-weight: 400;\">El plazo de prescripci\u00f3n para presentar una demanda en nombre de su hijo<\/span><\/a><span style=\"font-weight: 400;\"> Limita el tiempo disponible para emprender acciones legales tras un accidente. Generalmente, Washington otorga tres a\u00f1os para emprender acciones legales tras un accidente, pero este plazo puede variar significativamente en casos que involucran a menores.\u00a0<\/span><\/p>\n<p><span style=\"font-weight: 400;\">De hecho, Washington a menudo no inicia la cuenta regresiva para los casos de lesiones personales que involucran a menores hasta despu\u00e9s de que cumplen 18 a\u00f1os, potencialmente <\/span><b>ampliar el plazo para emprender acciones legales<\/b><span style=\"font-weight: 400;\">Estamos aqu\u00ed para brindarle informaci\u00f3n m\u00e1s detallada cuando nos contacte para solicitar ayuda.\u00a0<\/span><\/p>\n<h2><span style=\"font-weight: 400;\">Tome el control despu\u00e9s de una lesi\u00f3n accidental en Kirkland, WA<\/span><\/h2>\n<p><span style=\"font-weight: 400;\">Puedes obtener el <\/span><b>Asistencia legal compasiva y dedicada que usted necesita<\/b><span style=\"font-weight: 400;\"> Tras un accidente, nuestros abogados de lesiones infantiles en Kirkland de Premier Law Group le asesoran. Creemos en obtener respuestas y justicia para usted\u2122.\u00a0<\/span><\/p>\n<p><span style=\"font-weight: 400;\">Tome el control del futuro de su familia contact\u00e1ndonos hoy.\u00a0<\/span><\/p>\n\n        <div class=\"rs-content-cta\">\n            <p>Llamar o enviar mensaje de texto <a href=\"tel:+12062851743\">(206) 285-1743<\/a> o complete un formulario de evaluaci\u00f3n de caso gratuito<\/p>\n            <a href=\"https:\/\/plg-pllc.com\/es\/contact-us\/\" title=\"OBTENGA UNA EVALUACI\u00d3N DE CASO GRATUITA\" class=\"btn-global\">OBTENGA UNA EVALUACI\u00d3N DE CASO GRATUITA<\/a>\n                    <picture>\n                            <source srcset=\"https:\/\/plg-pllc.com\/wp-content\/themes\/plg-pllc-redesign\/assets\/app\/img\/cta-thumb.webp\" type=\"image\/webp\"\/>\n                            <img src=\"https:\/\/plg-pllc.com\/wp-content\/themes\/plg-pllc-redesign\/assets\/app\/img\/cta-thumb.png\" alt=\"Grupo de abogados Premier\" title=\"Grupo de abogados Premier\" width=\"245\" height=\"220\" loading=\"auto\" fetchpriority=\"auto\" decoding=\"async\"\/>\n        <\/picture>\n        \n        <\/div>","protected":false},"excerpt":{"rendered":"<p>Puede presentar una reclamaci\u00f3n para obtener una compensaci\u00f3n justa para su familia despu\u00e9s de un accidente con la ayuda de nuestros abogados de lesiones infantiles en Kirkland de Premier Law Group. Contamos con m\u00e1s de cinco d\u00e9cadas de experiencia legal combinada y sabemos lo que se necesita para ayudarle con sus necesidades legales. Nuestros abogados de lesiones personales en Kirkland pueden evaluar de inmediato...<\/p>","protected":false},"author":50,"featured_media":0,"parent":20282,"menu_order":0,"comment_status":"closed","ping_status":"closed","template":"","meta":{"_acf_changed":false,"_genesis_hide_title":false,"_genesis_hide_breadcrumbs":false,"_genesis_hide_singular_image":false,"_genesis_hide_footer_widgets":false,"_genesis_custom_body_class":"","_genesis_custom_post_class":"","_genesis_layout":"","footnotes":""},"hc_faqs":[],"class_list":{"0":"post-21583","1":"page","2":"type-page","3":"status-publish","5":"hc_city_location-kirkland","6":"entry"},"acf":[],"yoast_head":"<!-- This site is optimized with the Yoast SEO plugin v27.5 - https:\/\/yoast.com\/product\/yoast-seo-wordpress\/ -->\n<title>Child Injury Lawyer in Kirkland, WA | Free Consultation<\/title>\n<meta name=\"description\" content=\"You can get professional legal help from a Kirkland child injury lawyer if you need help building a claim for fair compensation.\" \/>\n<meta name=\"robots\" content=\"index, follow, max-snippet:-1, max-image-preview:large, max-video-preview:-1\" \/>\n<link rel=\"canonical\" href=\"https:\/\/plg-pllc.com\/es\/kirkland\/child-injury-lawyer\/\" \/>\n<meta property=\"og:locale\" content=\"es_MX\" \/>\n<meta property=\"og:type\" content=\"article\" \/>\n<meta property=\"og:title\" content=\"Child Injury Lawyer in Kirkland, WA | Free Consultation\" \/>\n<meta property=\"og:description\" content=\"You can get professional legal help from a Kirkland child injury lawyer if you need help building a claim for fair compensation.\" \/>\n<meta property=\"og:url\" content=\"https:\/\/plg-pllc.com\/es\/kirkland\/child-injury-lawyer\/\" \/>\n<meta property=\"og:site_name\" content=\"Premier Law Group\" \/>\n<meta property=\"article:publisher\" content=\"https:\/\/www.facebook.com\/premierlawgroup\" \/>\n<meta property=\"article:modified_time\" content=\"2025-10-29T19:18:54+00:00\" \/>\n<meta name=\"twitter:card\" content=\"summary_large_image\" \/>\n<meta name=\"twitter:site\" content=\"@premierlawgroup\" \/>\n<meta name=\"twitter:label1\" content=\"Tiempo de lectura\" \/>\n\t<meta name=\"twitter:data1\" content=\"5 minutos\" \/>\n<script type=\"application\/ld+json\" class=\"yoast-schema-graph\">{\"@context\":\"https:\\\/\\\/schema.org\",\"@graph\":[{\"@type\":\"WebPage\",\"@id\":\"https:\\\/\\\/plg-pllc.com\\\/es\\\/kirkland\\\/child-injury-lawyer\\\/\",\"url\":\"https:\\\/\\\/plg-pllc.com\\\/es\\\/kirkland\\\/child-injury-lawyer\\\/\",\"name\":\"Child Injury Lawyer in Kirkland, WA | Free Consultation\",\"isPartOf\":{\"@id\":\"https:\\\/\\\/plg-pllc.com\\\/#website\"},\"datePublished\":\"2025-10-21T10:34:07+00:00\",\"dateModified\":\"2025-10-29T19:18:54+00:00\",\"description\":\"You can get professional legal help from a Kirkland child injury lawyer if you need help building a claim for fair compensation.\",\"breadcrumb\":{\"@id\":\"https:\\\/\\\/plg-pllc.com\\\/es\\\/kirkland\\\/child-injury-lawyer\\\/#breadcrumb\"},\"inLanguage\":\"es\",\"potentialAction\":[{\"@type\":\"ReadAction\",\"target\":[\"https:\\\/\\\/plg-pllc.com\\\/es\\\/kirkland\\\/child-injury-lawyer\\\/\"]}]},{\"@type\":\"BreadcrumbList\",\"@id\":\"https:\\\/\\\/plg-pllc.com\\\/es\\\/kirkland\\\/child-injury-lawyer\\\/#breadcrumb\",\"itemListElement\":[{\"@type\":\"ListItem\",\"position\":1,\"name\":\"Home\",\"item\":\"https:\\\/\\\/plg-pllc.com\\\/es\\\/\"},{\"@type\":\"ListItem\",\"position\":2,\"name\":\"Kirkland Personal Injury Lawyer\",\"item\":\"https:\\\/\\\/plg-pllc.com\\\/es\\\/kirkland\\\/personal-injury-lawyer\\\/\"},{\"@type\":\"ListItem\",\"position\":3,\"name\":\"Kirkland Child Injury Lawyer\"}]},{\"@type\":\"WebSite\",\"@id\":\"https:\\\/\\\/plg-pllc.com\\\/#website\",\"url\":\"https:\\\/\\\/plg-pllc.com\\\/\",\"name\":\"Premier Law Group\",\"description\":\"Washington Wrongful Death and Serious Injury Lawyer\",\"publisher\":{\"@id\":\"https:\\\/\\\/plg-pllc.com\\\/#organization\"},\"inLanguage\":\"es\"},{\"@type\":\"Organization\",\"@id\":\"https:\\\/\\\/plg-pllc.com\\\/#organization\",\"name\":\"Premier Law Group\",\"url\":\"https:\\\/\\\/plg-pllc.com\\\/\",\"logo\":{\"@type\":\"ImageObject\",\"inLanguage\":\"es\",\"@id\":\"https:\\\/\\\/plg-pllc.com\\\/#\\\/schema\\\/logo\\\/image\\\/\",\"url\":\"https:\\\/\\\/plg-pllc.com\\\/wp-content\\\/uploads\\\/2020\\\/10\\\/plg-logo-v2.gif\",\"contentUrl\":\"https:\\\/\\\/plg-pllc.com\\\/wp-content\\\/uploads\\\/2020\\\/10\\\/plg-logo-v2.gif\",\"width\":592,\"height\":191,\"caption\":\"Premier Law Group\"},\"image\":{\"@id\":\"https:\\\/\\\/plg-pllc.com\\\/#\\\/schema\\\/logo\\\/image\\\/\"},\"sameAs\":[\"https:\\\/\\\/www.facebook.com\\\/premierlawgroup\",\"https:\\\/\\\/x.com\\\/premierlawgroup\"]}]}<\/script>\n<!-- \/ Yoast SEO plugin. -->","yoast_head_json":{"title":"Abogado de lesiones infantiles en Kirkland, WA | Consulta gratuita","description":"Puede obtener ayuda legal profesional de un abogado especializado en lesiones infantiles de Kirkland si necesita ayuda para presentar un reclamo por una compensaci\u00f3n justa.","robots":{"index":"index","follow":"follow","max-snippet":"max-snippet:-1","max-image-preview":"max-image-preview:large","max-video-preview":"max-video-preview:-1"},"canonical":"https:\/\/plg-pllc.com\/es\/kirkland\/child-injury-lawyer\/","og_locale":"es_MX","og_type":"article","og_title":"Child Injury Lawyer in Kirkland, WA | Free Consultation","og_description":"You can get professional legal help from a Kirkland child injury lawyer if you need help building a claim for fair compensation.","og_url":"https:\/\/plg-pllc.com\/es\/kirkland\/child-injury-lawyer\/","og_site_name":"Premier Law Group","article_publisher":"https:\/\/www.facebook.com\/premierlawgroup","article_modified_time":"2025-10-29T19:18:54+00:00","twitter_card":"summary_large_image","twitter_site":"@premierlawgroup","twitter_misc":{"Tiempo de lectura":"5 minutos"},"schema":{"@context":"https:\/\/schema.org","@graph":[{"@type":"WebPage","@id":"https:\/\/plg-pllc.com\/es\/kirkland\/child-injury-lawyer\/","url":"https:\/\/plg-pllc.com\/es\/kirkland\/child-injury-lawyer\/","name":"Abogado de lesiones infantiles en Kirkland, WA | Consulta gratuita","isPartOf":{"@id":"https:\/\/plg-pllc.com\/#website"},"datePublished":"2025-10-21T10:34:07+00:00","dateModified":"2025-10-29T19:18:54+00:00","description":"Puede obtener ayuda legal profesional de un abogado especializado en lesiones infantiles de Kirkland si necesita ayuda para presentar un reclamo por una compensaci\u00f3n justa.","breadcrumb":{"@id":"https:\/\/plg-pllc.com\/es\/kirkland\/child-injury-lawyer\/#breadcrumb"},"inLanguage":"es","potentialAction":[{"@type":"ReadAction","target":["https:\/\/plg-pllc.com\/es\/kirkland\/child-injury-lawyer\/"]}]},{"@type":"BreadcrumbList","@id":"https:\/\/plg-pllc.com\/es\/kirkland\/child-injury-lawyer\/#breadcrumb","itemListElement":[{"@type":"ListItem","position":1,"name":"Home","item":"https:\/\/plg-pllc.com\/es\/"},{"@type":"ListItem","position":2,"name":"Kirkland Personal Injury Lawyer","item":"https:\/\/plg-pllc.com\/es\/kirkland\/personal-injury-lawyer\/"},{"@type":"ListItem","position":3,"name":"Kirkland Child Injury Lawyer"}]},{"@type":"WebSite","@id":"https:\/\/plg-pllc.com\/#website","url":"https:\/\/plg-pllc.com\/","name":"Grupo de abogados Premier","description":"Abogado de muerte por negligencia y lesiones graves en Washington","publisher":{"@id":"https:\/\/plg-pllc.com\/#organization"},"inLanguage":"es"},{"@type":"Organization","@id":"https:\/\/plg-pllc.com\/#organization","name":"Grupo de abogados Premier","url":"https:\/\/plg-pllc.com\/","logo":{"@type":"ImageObject","inLanguage":"es","@id":"https:\/\/plg-pllc.com\/#\/schema\/logo\/image\/","url":"https:\/\/plg-pllc.com\/wp-content\/uploads\/2020\/10\/plg-logo-v2.gif","contentUrl":"https:\/\/plg-pllc.com\/wp-content\/uploads\/2020\/10\/plg-logo-v2.gif","width":592,"height":191,"caption":"Premier Law Group"},"image":{"@id":"https:\/\/plg-pllc.com\/#\/schema\/logo\/image\/"},"sameAs":["https:\/\/www.facebook.com\/premierlawgroup","https:\/\/x.com\/premierlawgroup"]}]}},"_links":{"self":[{"href":"https:\/\/plg-pllc.com\/es\/wp-json\/wp\/v2\/pages\/21583","targetHints":{"allow":["GET"]}}],"collection":[{"href":"https:\/\/plg-pllc.com\/es\/wp-json\/wp\/v2\/pages"}],"about":[{"href":"https:\/\/plg-pllc.com\/es\/wp-json\/wp\/v2\/types\/page"}],"author":[{"embeddable":true,"href":"https:\/\/plg-pllc.com\/es\/wp-json\/wp\/v2\/users\/50"}],"replies":[{"embeddable":true,"href":"https:\/\/plg-pllc.com\/es\/wp-json\/wp\/v2\/comments?post=21583"}],"version-history":[{"count":0,"href":"https:\/\/plg-pllc.com\/es\/wp-json\/wp\/v2\/pages\/21583\/revisions"}],"up":[{"embeddable":true,"href":"https:\/\/plg-pllc.com\/es\/wp-json\/wp\/v2\/pages\/20282"}],"wp:attachment":[{"href":"https:\/\/plg-pllc.com\/es\/wp-json\/wp\/v2\/media?parent=21583"}],"wp:term":[{"taxonomy":"hc_faqs","embeddable":true,"href":"https:\/\/plg-pllc.com\/es\/wp-json\/wp\/v2\/hc_faqs?post=21583"}],"curies":[{"name":"gracias","href":"https:\/\/api.w.org\/{rel}","templated":true}]}}