{"id":21588,"date":"2025-10-28T10:54:00","date_gmt":"2025-10-28T17:54:00","guid":{"rendered":"https:\/\/plg-pllc.com\/?page_id=21588"},"modified":"2025-10-28T10:57:58","modified_gmt":"2025-10-28T17:57:58","slug":"dog-bite-ebook","status":"publish","type":"page","link":"https:\/\/plg-pllc.com\/es\/books\/dog-bite\/","title":{"rendered":"Libro electr\u00f3nico sobre mordeduras de perro"},"content":{"rendered":"<p><img loading=\"lazy\" decoding=\"async\" class=\"alignright wp-image-21589 size-medium\" src=\"https:\/\/plg-pllc.com\/wp-content\/uploads\/2025\/10\/Dog-Bite-Cover-e1761674272962-205x300.png\" alt=\"Cobertura para mordeduras de perro\" width=\"205\" height=\"300\" srcset=\"https:\/\/plg-pllc.com\/wp-content\/uploads\/2025\/10\/Dog-Bite-Cover-e1761674272962-205x300.png 205w, https:\/\/plg-pllc.com\/wp-content\/uploads\/2025\/10\/Dog-Bite-Cover-e1761674272962-8x12.png 8w, https:\/\/plg-pllc.com\/wp-content\/uploads\/2025\/10\/Dog-Bite-Cover-e1761674272962.png 538w\" sizes=\"auto, (max-width: 205px) 100vw, 205px\" \/><\/p>\n<p><span style=\"font-weight: 400;\">Amamos a nuestras mascotas, pero la verdad es que los animales son impredecibles.<\/span><\/p>\n<p><span style=\"font-weight: 400;\">Fido puede ser el perro perfecto del mundo y el beb\u00e9 peludo de su due\u00f1o, pero Fido puede causar graves da\u00f1os si se lo provoca, se lo asusta o se lo entrena mal.\u00a0<\/span><\/p>\n<p><span style=\"font-weight: 400;\">Las mordeduras y ataques de perros son comunes. Las v\u00edctimas deben buscar atenci\u00f3n m\u00e9dica inmediata para evitar infecciones, cicatrices y otras complicaciones. Esto conlleva visitas al hospital, m\u00faltiples recetas, visitas al m\u00e9dico... y las facturas m\u00e9dicas se acumulan inmediatamente.<\/span><\/p>\n<p><b>Las v\u00edctimas de mordeduras de perros no deber\u00edan tener que pagar por sus lesiones si la mascota de otra persona es responsable<\/b><span style=\"font-weight: 400;\">. Pero la mayor\u00eda de las v\u00edctimas no saben c\u00f3mo abordar un caso de lesiones personales o mordedura de perro, y muchas de ellas terminan frustradas, agotadas financieramente y confundidas sobre qu\u00e9 hacer a continuaci\u00f3n.<\/span><\/p>\n<p><span style=\"font-weight: 400;\">En Premier Law Group, nuestros abogados especializados en mordeduras de perros de Washington creen en <\/span><b>HABLANDO CLARO<\/b><span style=\"font-weight: 400;\">. Escribimos el libro sobre casos de lesiones por mordeduras de perros en Washington para ayudar a las v\u00edctimas de lesiones a obtener una compensaci\u00f3n.<\/span><\/p>\n<p><b>Y aqu\u00ed hay algo que la mayor\u00eda de los abogados nunca admitir\u00edan.<\/b><span style=\"font-weight: 400;\">:despu\u00e9s de leer este libro,<\/span><b> Quiz\u00e1s te des cuenta de que ni siquiera necesitas contratar un abogado.<\/b><span style=\"font-weight: 400;\">. Dependiendo de la naturaleza y gravedad de sus lesiones, podr\u00eda resolver su demanda por mordedura de perro con solo la informaci\u00f3n de este libro (recomendamos consultar con un abogado; hablar con uno en Premier Law Group es gratis).<\/span><\/p>\n<h4><span style=\"font-weight: 400;\">Cuando leas \u201c5 secretos de expertos para que tu caso no te muerda\u201d, tambi\u00e9n aprender\u00e1s:<\/span><\/h4>\n<ul>\n<li style=\"font-weight: 400;\" aria-level=\"1\"><span style=\"font-weight: 400;\">Los errores que cometen las v\u00edctimas de mordeduras de perro en el consultorio m\u00e9dico que HUNDEN su reclamo por lesiones<\/span><\/li>\n<li style=\"font-weight: 400;\" aria-level=\"1\"><span style=\"font-weight: 400;\">La diferencia entre presentar una reclamaci\u00f3n por mordedura de perro y presentar una demanda<\/span><\/li>\n<li style=\"font-weight: 400;\" aria-level=\"1\"><span style=\"font-weight: 400;\">\u00bfQui\u00e9nes son los responsables cuando te muerde un perro (u otra mascota)?<\/span><\/li>\n<li style=\"font-weight: 400;\" aria-level=\"1\"><span style=\"font-weight: 400;\">Las t\u00e1cticas que utilizan las compa\u00f1\u00edas de seguros para pagar a las v\u00edctimas de lesiones la menor cantidad de dinero posible<\/span><\/li>\n<li style=\"font-weight: 400;\" aria-level=\"1\"><span style=\"font-weight: 400;\">\u00bfTiene que demandar al due\u00f1o del perro? \u00bfY qui\u00e9n pagar\u00e1 en \u00faltima instancia sus facturas m\u00e9dicas y su dolor y sufrimiento?<\/span><\/li>\n<\/ul>\n<p><span style=\"font-weight: 400;\">Recibir\u00e1 estas respuestas, adem\u00e1s de una hoja de ruta para resolver su reclamo por mordedura de perro con o sin un abogado.<\/span><\/p>\n<p><span style=\"font-weight: 400;\">Este es un libro electr\u00f3nico GRATUITO 100% sobre reclamos por mordeduras de perros. <\/span><b>No te llamaremos<\/b><span style=\"font-weight: 400;\">, Puedes descargar y compartir el ebook gratis. Si quieres acceder, completa el formulario a continuaci\u00f3n y te enviaremos una copia.<\/span> <i><span style=\"font-weight: 400;\">5 secretos de expertos para evitar que tu maleta te muerda<\/span><\/i> <span style=\"font-weight: 400;\">inmediatamente.<\/span><\/p>\n\n    <div class=\"standard-form content\">\n        <div class=\"standard-form-head\">\n            <h3>Solicite el libro electr\u00f3nico &quot;Mordeduras de perro&quot; a Premier Law Group.<\/h3>\n            <p>Complete el formulario a continuaci\u00f3n para solicitar una copia digital de la gu\u00eda de accidentes automovil\u00edsticos de Premier Law Group para residentes de Washington.<\/p>\n        <\/div>\n        <div class=\"lead-form\">\n            \n<div class=\"wpcf7 no-js\" id=\"wpcf7-f20601-o1\" lang=\"en\" dir=\"ltr\" data-wpcf7-id=\"20601\">\n<div class=\"screen-reader-response\"><p role=\"status\" aria-live=\"polite\" aria-atomic=\"true\"><\/p> <ul><\/ul><\/div>\n<form action=\"\/es\/wp-json\/wp\/v2\/pages\/21588#wpcf7-f20601-o1\" method=\"post\" class=\"wpcf7-form init\" aria-label=\"Formulario de contacto\" novalidate=\"novalidate\" data-status=\"init\" data-trp-original-action=\"\/es\/wp-json\/wp\/v2\/pages\/21588#wpcf7-f20601-o1\">\n<fieldset class=\"hidden-fields-container\"><input type=\"hidden\" name=\"_wpcf7\" value=\"20601\" \/><input type=\"hidden\" name=\"_wpcf7_version\" value=\"6.1.5\" \/><input type=\"hidden\" name=\"_wpcf7_locale\" value=\"en\" \/><input type=\"hidden\" name=\"_wpcf7_unit_tag\" value=\"wpcf7-f20601-o1\" \/><input type=\"hidden\" name=\"_wpcf7_container_post\" value=\"0\" \/><input type=\"hidden\" name=\"_wpcf7_posted_data_hash\" value=\"\" \/><input type=\"hidden\" name=\"conversion_url\" value=\"\" \/><input type=\"hidden\" name=\"landing_url\" value=\"\" \/><input type=\"hidden\" name=\"referrer_url\" value=\"\" \/><input type=\"hidden\" name=\"utm_source\" value=\"\" \/><input type=\"hidden\" name=\"utm_medium\" value=\"\" \/><input type=\"hidden\" name=\"utm_campaign\" value=\"\" \/><input type=\"hidden\" name=\"_wpcf7_recaptcha_response\" value=\"\" \/>\n<\/fieldset>\n<div class=\"row\">\n        <div class=\"col-12\">\n            <label>\n                <span class=\"wpcf7-form-control-wrap\" data-name=\"fullName\"><input size=\"40\" maxlength=\"400\" class=\"wpcf7-form-control wpcf7-text wpcf7-validates-as-required\" aria-required=\"true\" aria-invalid=\"false\" placeholder=\"Nombre completo*\" value=\"\" type=\"text\" name=\"fullName\" \/><\/span>\n            <\/label>\n        <\/div>\n        <div class=\"col-12\">\n            <label>\n                <span class=\"wpcf7-form-control-wrap\" data-name=\"email\"><input size=\"40\" maxlength=\"400\" class=\"wpcf7-form-control wpcf7-email wpcf7-validates-as-required wpcf7-text wpcf7-validates-as-email\" aria-required=\"true\" aria-invalid=\"false\" placeholder=\"Correo electr\u00f3nico*\" value=\"\" type=\"email\" name=\"email\" \/><\/span>\n            <\/label>\n        <\/div>\n        <div class=\"col-12\">\n<p style=\"color:black; font-size:14px; margin:0 auto;\">Al enviar este formulario, doy mi consentimiento para recibir SMS y llamadas telef\u00f3nicas, incluidas las realizadas mediante tecnolog\u00eda automatizada o IA, de Premier Law Group, PLLC. La frecuencia de los mensajes var\u00eda. Responda &quot;STOP&quot; para cancelar la suscripci\u00f3n. Pueden aplicarse tarifas por mensajes y datos.<\/p>\n            <div class=\"submit\">\n                <input class=\"wpcf7-form-control wpcf7-submit has-spinner btn-global\" type=\"submit\" value=\"Entregar\" \/>\n            <\/div>\n        <\/div>\n    <\/div>\n<input class=\"wpcf7-form-control wpcf7-hidden\" value=\"\" type=\"hidden\" name=\"conversion_url\" \/>\n<input class=\"wpcf7-form-control wpcf7-hidden\" value=\"\" type=\"hidden\" name=\"landing_url\" \/>\n<input class=\"wpcf7-form-control wpcf7-hidden\" value=\"\" type=\"hidden\" name=\"referrer_url\" \/>\n<input class=\"wpcf7-form-control wpcf7-hidden\" value=\"\" type=\"hidden\" name=\"utm_source\" \/>\n<input class=\"wpcf7-form-control wpcf7-hidden\" value=\"\" type=\"hidden\" name=\"utm_medium\" \/>\n<input class=\"wpcf7-form-control wpcf7-hidden\" value=\"\" type=\"hidden\" name=\"utm_campaign\" \/><p style=\"display: none !important;\" class=\"akismet-fields-container\" data-prefix=\"_wpcf7_ak_\"><label>\u0394<textarea name=\"_wpcf7_ak_hp_textarea\" cols=\"45\" rows=\"8\" maxlength=\"100\"><\/textarea><\/label><input type=\"hidden\" id=\"ak_js_1\" name=\"_wpcf7_ak_js\" value=\"127\"\/><script>\ndocument.getElementById( \"ak_js_1\" ).setAttribute( \"value\", ( new Date() ).getTime() );\n<\/script>\n<\/p><div class=\"wpcf7-response-output\" aria-hidden=\"true\"><\/div>\n<input type=\"hidden\" name=\"trp-form-language\" value=\"es\"\/><\/form>\n<\/div>\n        <\/div>\n    <\/div>","protected":false},"excerpt":{"rendered":"<p>Amamos a nuestras mascotas, pero la verdad es que los animales son impredecibles. Fido puede ser el perro perfecto y el consentido de su due\u00f1o, pero puede causar da\u00f1os graves si se le provoca, se asusta o no est\u00e1 bien entrenado. Las mordeduras y los ataques de perros son comunes. Las v\u00edctimas deben buscar atenci\u00f3n m\u00e9dica de inmediato para evitar infecciones, cicatrices y otras consecuencias.<\/p>","protected":false},"author":66,"featured_media":21589,"parent":0,"menu_order":0,"comment_status":"closed","ping_status":"closed","template":"page-books.php","meta":{"_acf_changed":false,"_genesis_hide_title":false,"_genesis_hide_breadcrumbs":false,"_genesis_hide_singular_image":false,"_genesis_hide_footer_widgets":false,"_genesis_custom_body_class":"","_genesis_custom_post_class":"","_genesis_layout":"full-width-content","footnotes":""},"hc_faqs":[],"class_list":{"0":"post-21588","1":"page","2":"type-page","3":"status-publish","4":"has-post-thumbnail","6":"entry"},"acf":[],"yoast_head":"<!-- This site is optimized with the Yoast SEO plugin v27.4 - https:\/\/yoast.com\/product\/yoast-seo-wordpress\/ -->\n<title>Dog Bite Ebook | Premier Law Group<\/title>\n<meta name=\"description\" content=\"We love our pets, but the truth is that animals are unpredictable. Fido might be the world\u2019s perfect dog and his owner\u2019s fur-baby, but Fido can inflict Call us for immediate help at 206-285-1743\" \/>\n<meta name=\"robots\" content=\"index, follow, max-snippet:-1, max-image-preview:large, max-video-preview:-1\" \/>\n<link rel=\"canonical\" href=\"https:\/\/plg-pllc.com\/es\/books\/dog-bite\/\" \/>\n<meta property=\"og:locale\" content=\"es_MX\" \/>\n<meta property=\"og:type\" content=\"article\" \/>\n<meta property=\"og:title\" content=\"Dog Bite Ebook | Premier Law Group\" \/>\n<meta property=\"og:description\" content=\"We love our pets, but the truth is that animals are unpredictable. Fido might be the world\u2019s perfect dog and his owner\u2019s fur-baby, but Fido can inflict Call us for immediate help at 206-285-1743\" \/>\n<meta property=\"og:url\" content=\"https:\/\/plg-pllc.com\/es\/books\/dog-bite\/\" \/>\n<meta property=\"og:site_name\" content=\"Premier Law Group\" \/>\n<meta property=\"article:publisher\" content=\"https:\/\/www.facebook.com\/premierlawgroup\" \/>\n<meta property=\"article:modified_time\" content=\"2025-10-28T17:57:58+00:00\" \/>\n<meta property=\"og:image\" content=\"https:\/\/plg-pllc.com\/wp-content\/uploads\/2025\/10\/Dog-Bite-Cover-e1761674272962.png\" \/>\n\t<meta property=\"og:image:width\" content=\"538\" \/>\n\t<meta property=\"og:image:height\" content=\"787\" \/>\n\t<meta property=\"og:image:type\" content=\"image\/png\" \/>\n<meta name=\"twitter:card\" content=\"summary_large_image\" \/>\n<meta name=\"twitter:site\" content=\"@premierlawgroup\" \/>\n<meta name=\"twitter:label1\" content=\"Tiempo de lectura\" \/>\n\t<meta name=\"twitter:data1\" content=\"3 minutos\" \/>\n<script type=\"application\/ld+json\" class=\"yoast-schema-graph\">{\"@context\":\"https:\\\/\\\/schema.org\",\"@graph\":[{\"@type\":\"WebPage\",\"@id\":\"https:\\\/\\\/plg-pllc.com\\\/books\\\/dog-bite\\\/\",\"url\":\"https:\\\/\\\/plg-pllc.com\\\/books\\\/dog-bite\\\/\",\"name\":\"Dog Bite Ebook | Premier Law Group\",\"isPartOf\":{\"@id\":\"https:\\\/\\\/plg-pllc.com\\\/#website\"},\"primaryImageOfPage\":{\"@id\":\"https:\\\/\\\/plg-pllc.com\\\/books\\\/dog-bite\\\/#primaryimage\"},\"image\":{\"@id\":\"https:\\\/\\\/plg-pllc.com\\\/books\\\/dog-bite\\\/#primaryimage\"},\"thumbnailUrl\":\"https:\\\/\\\/plg-pllc.com\\\/wp-content\\\/uploads\\\/2025\\\/10\\\/Dog-Bite-Cover-e1761674272962.png\",\"datePublished\":\"2025-10-28T17:54:00+00:00\",\"dateModified\":\"2025-10-28T17:57:58+00:00\",\"description\":\"We love our pets, but the truth is that animals are unpredictable. Fido might be the world\u2019s perfect dog and his owner\u2019s fur-baby, but Fido can inflict Call us for immediate help at 206-285-1743\",\"breadcrumb\":{\"@id\":\"https:\\\/\\\/plg-pllc.com\\\/books\\\/dog-bite\\\/#breadcrumb\"},\"inLanguage\":\"es\",\"potentialAction\":[{\"@type\":\"ReadAction\",\"target\":[\"https:\\\/\\\/plg-pllc.com\\\/books\\\/dog-bite\\\/\"]}]},{\"@type\":\"ImageObject\",\"inLanguage\":\"es\",\"@id\":\"https:\\\/\\\/plg-pllc.com\\\/books\\\/dog-bite\\\/#primaryimage\",\"url\":\"https:\\\/\\\/plg-pllc.com\\\/wp-content\\\/uploads\\\/2025\\\/10\\\/Dog-Bite-Cover-e1761674272962.png\",\"contentUrl\":\"https:\\\/\\\/plg-pllc.com\\\/wp-content\\\/uploads\\\/2025\\\/10\\\/Dog-Bite-Cover-e1761674272962.png\",\"width\":538,\"height\":787,\"caption\":\"Dog Bite Cover\"},{\"@type\":\"BreadcrumbList\",\"@id\":\"https:\\\/\\\/plg-pllc.com\\\/books\\\/dog-bite\\\/#breadcrumb\",\"itemListElement\":[{\"@type\":\"ListItem\",\"position\":1,\"name\":\"Home\",\"item\":\"https:\\\/\\\/plg-pllc.com\\\/es\\\/\"},{\"@type\":\"ListItem\",\"position\":2,\"name\":\"Dog Bite Ebook\"}]},{\"@type\":\"WebSite\",\"@id\":\"https:\\\/\\\/plg-pllc.com\\\/#website\",\"url\":\"https:\\\/\\\/plg-pllc.com\\\/\",\"name\":\"Premier Law Group\",\"description\":\"Washington Wrongful Death and Serious Injury Lawyer\",\"publisher\":{\"@id\":\"https:\\\/\\\/plg-pllc.com\\\/#organization\"},\"inLanguage\":\"es\"},{\"@type\":\"Organization\",\"@id\":\"https:\\\/\\\/plg-pllc.com\\\/#organization\",\"name\":\"Premier Law Group\",\"url\":\"https:\\\/\\\/plg-pllc.com\\\/\",\"logo\":{\"@type\":\"ImageObject\",\"inLanguage\":\"es\",\"@id\":\"https:\\\/\\\/plg-pllc.com\\\/#\\\/schema\\\/logo\\\/image\\\/\",\"url\":\"https:\\\/\\\/plg-pllc.com\\\/wp-content\\\/uploads\\\/2020\\\/10\\\/plg-logo-v2.gif\",\"contentUrl\":\"https:\\\/\\\/plg-pllc.com\\\/wp-content\\\/uploads\\\/2020\\\/10\\\/plg-logo-v2.gif\",\"width\":592,\"height\":191,\"caption\":\"Premier Law Group\"},\"image\":{\"@id\":\"https:\\\/\\\/plg-pllc.com\\\/#\\\/schema\\\/logo\\\/image\\\/\"},\"sameAs\":[\"https:\\\/\\\/www.facebook.com\\\/premierlawgroup\",\"https:\\\/\\\/x.com\\\/premierlawgroup\"]}]}<\/script>\n<!-- \/ Yoast SEO plugin. -->","yoast_head_json":{"title":"Libro electr\u00f3nico sobre mordeduras de perro | Premier Law Group","description":"Amamos a nuestras mascotas, pero lo cierto es que los animales son impredecibles. Fido puede ser el perro perfecto del mundo y el beb\u00e9 peludo de su due\u00f1o, pero Fido puede causar... Ll\u00e1menos para obtener ayuda inmediata al 206-285-1743.","robots":{"index":"index","follow":"follow","max-snippet":"max-snippet:-1","max-image-preview":"max-image-preview:large","max-video-preview":"max-video-preview:-1"},"canonical":"https:\/\/plg-pllc.com\/es\/books\/dog-bite\/","og_locale":"es_MX","og_type":"article","og_title":"Dog Bite Ebook | Premier Law Group","og_description":"We love our pets, but the truth is that animals are unpredictable. Fido might be the world\u2019s perfect dog and his owner\u2019s fur-baby, but Fido can inflict Call us for immediate help at 206-285-1743","og_url":"https:\/\/plg-pllc.com\/es\/books\/dog-bite\/","og_site_name":"Premier Law Group","article_publisher":"https:\/\/www.facebook.com\/premierlawgroup","article_modified_time":"2025-10-28T17:57:58+00:00","og_image":[{"width":538,"height":787,"url":"https:\/\/plg-pllc.com\/wp-content\/uploads\/2025\/10\/Dog-Bite-Cover-e1761674272962.png","type":"image\/png"}],"twitter_card":"summary_large_image","twitter_site":"@premierlawgroup","twitter_misc":{"Tiempo de lectura":"3 minutos"},"schema":{"@context":"https:\/\/schema.org","@graph":[{"@type":"WebPage","@id":"https:\/\/plg-pllc.com\/books\/dog-bite\/","url":"https:\/\/plg-pllc.com\/books\/dog-bite\/","name":"Libro electr\u00f3nico sobre mordeduras de perro | Premier Law Group","isPartOf":{"@id":"https:\/\/plg-pllc.com\/#website"},"primaryImageOfPage":{"@id":"https:\/\/plg-pllc.com\/books\/dog-bite\/#primaryimage"},"image":{"@id":"https:\/\/plg-pllc.com\/books\/dog-bite\/#primaryimage"},"thumbnailUrl":"https:\/\/plg-pllc.com\/wp-content\/uploads\/2025\/10\/Dog-Bite-Cover-e1761674272962.png","datePublished":"2025-10-28T17:54:00+00:00","dateModified":"2025-10-28T17:57:58+00:00","description":"Amamos a nuestras mascotas, pero lo cierto es que los animales son impredecibles. Fido puede ser el perro perfecto del mundo y el beb\u00e9 peludo de su due\u00f1o, pero Fido puede causar... Ll\u00e1menos para obtener ayuda inmediata al 206-285-1743.","breadcrumb":{"@id":"https:\/\/plg-pllc.com\/books\/dog-bite\/#breadcrumb"},"inLanguage":"es","potentialAction":[{"@type":"ReadAction","target":["https:\/\/plg-pllc.com\/books\/dog-bite\/"]}]},{"@type":"ImageObject","inLanguage":"es","@id":"https:\/\/plg-pllc.com\/books\/dog-bite\/#primaryimage","url":"https:\/\/plg-pllc.com\/wp-content\/uploads\/2025\/10\/Dog-Bite-Cover-e1761674272962.png","contentUrl":"https:\/\/plg-pllc.com\/wp-content\/uploads\/2025\/10\/Dog-Bite-Cover-e1761674272962.png","width":538,"height":787,"caption":"Dog Bite Cover"},{"@type":"BreadcrumbList","@id":"https:\/\/plg-pllc.com\/books\/dog-bite\/#breadcrumb","itemListElement":[{"@type":"ListItem","position":1,"name":"Home","item":"https:\/\/plg-pllc.com\/es\/"},{"@type":"ListItem","position":2,"name":"Dog Bite Ebook"}]},{"@type":"WebSite","@id":"https:\/\/plg-pllc.com\/#website","url":"https:\/\/plg-pllc.com\/","name":"Grupo de abogados Premier","description":"Abogado de muerte por negligencia y lesiones graves en Washington","publisher":{"@id":"https:\/\/plg-pllc.com\/#organization"},"inLanguage":"es"},{"@type":"Organization","@id":"https:\/\/plg-pllc.com\/#organization","name":"Grupo de abogados Premier","url":"https:\/\/plg-pllc.com\/","logo":{"@type":"ImageObject","inLanguage":"es","@id":"https:\/\/plg-pllc.com\/#\/schema\/logo\/image\/","url":"https:\/\/plg-pllc.com\/wp-content\/uploads\/2020\/10\/plg-logo-v2.gif","contentUrl":"https:\/\/plg-pllc.com\/wp-content\/uploads\/2020\/10\/plg-logo-v2.gif","width":592,"height":191,"caption":"Premier Law Group"},"image":{"@id":"https:\/\/plg-pllc.com\/#\/schema\/logo\/image\/"},"sameAs":["https:\/\/www.facebook.com\/premierlawgroup","https:\/\/x.com\/premierlawgroup"]}]}},"_links":{"self":[{"href":"https:\/\/plg-pllc.com\/es\/wp-json\/wp\/v2\/pages\/21588","targetHints":{"allow":["GET"]}}],"collection":[{"href":"https:\/\/plg-pllc.com\/es\/wp-json\/wp\/v2\/pages"}],"about":[{"href":"https:\/\/plg-pllc.com\/es\/wp-json\/wp\/v2\/types\/page"}],"author":[{"embeddable":true,"href":"https:\/\/plg-pllc.com\/es\/wp-json\/wp\/v2\/users\/66"}],"replies":[{"embeddable":true,"href":"https:\/\/plg-pllc.com\/es\/wp-json\/wp\/v2\/comments?post=21588"}],"version-history":[{"count":0,"href":"https:\/\/plg-pllc.com\/es\/wp-json\/wp\/v2\/pages\/21588\/revisions"}],"wp:featuredmedia":[{"embeddable":true,"href":"https:\/\/plg-pllc.com\/es\/wp-json\/wp\/v2\/media\/21589"}],"wp:attachment":[{"href":"https:\/\/plg-pllc.com\/es\/wp-json\/wp\/v2\/media?parent=21588"}],"wp:term":[{"taxonomy":"hc_faqs","embeddable":true,"href":"https:\/\/plg-pllc.com\/es\/wp-json\/wp\/v2\/hc_faqs?post=21588"}],"curies":[{"name":"gracias","href":"https:\/\/api.w.org\/{rel}","templated":true}]}}