{"id":21606,"date":"2025-11-21T16:32:06","date_gmt":"2025-11-22T00:32:06","guid":{"rendered":"https:\/\/plg-pllc.com\/?page_id=21606"},"modified":"2025-11-21T16:32:06","modified_gmt":"2025-11-22T00:32:06","slug":"what-is-the-average-pedestrian-accident-settlement","status":"publish","type":"page","link":"https:\/\/plg-pllc.com\/es\/faqs\/what-is-the-average-pedestrian-accident-settlement\/","title":{"rendered":"\u00bfCu\u00e1l es la indemnizaci\u00f3n promedio por accidente de peatones?"},"content":{"rendered":"<p><span style=\"font-weight: 400;\">Indemnizaci\u00f3n media por accidente de peatones <\/span><b>Suele oscilar entre $15.000 y $75.000<\/b><span style=\"font-weight: 400;\">. Sin embargo, los casos graves que implican lesiones a largo plazo o la muerte <\/span><b>podr\u00eda alcanzar $500,000 o m\u00e1s<\/b><span style=\"font-weight: 400;\">, dependiendo de las circunstancias.<\/span><\/p>\n<p><span style=\"font-weight: 400;\">Para cualquiera que busque respuestas tras haber sido atropellado mientras caminaba, <\/span><a href=\"https:\/\/plg-pllc.com\/bellevue\/pedestrian-accident-lawyer\/\"><span style=\"font-weight: 400;\">Abogado de accidentes de peatones en Bellevue<\/span><\/a><span style=\"font-weight: 400;\"> Podemos ayudarte a evaluar tu caso, explicarte tus derechos y luchar por la compensaci\u00f3n que mereces.\u00a0<\/span><\/p>\n<p><span style=\"font-weight: 400;\">Los accidentes de peatones suelen provocar lesiones catastr\u00f3ficas y cuestiones legales complejas. Las aseguradoras tienden a minimizar las indemnizaciones, sobre todo cuando no est\u00e1 clara la responsabilidad. Por eso es fundamental comprender los factores que influyen en la cuant\u00eda de la indemnizaci\u00f3n y c\u00f3mo afecta la legislaci\u00f3n del estado de Washington a sus opciones.\u00a0<\/span><\/p>\n<h2><span style=\"font-weight: 400;\">\u00bfQu\u00e9 factores influyen en el valor de una indemnizaci\u00f3n por accidente de peatones?<\/span><\/h2>\n<p><span style=\"font-weight: 400;\">En Premier Law Group, hemos ayudado a innumerables peatones a obtener una indemnizaci\u00f3n justa tras ser atropellados por veh\u00edculos. Cada caso es diferente, pero varios elementos clave influyen en el valor de una indemnizaci\u00f3n en Washington:\u00a0<\/span><b><\/b><\/p>\n<ul>\n<li><b>Gravedad de las lesiones<\/b>: <span style=\"font-weight: 400;\">Las lesiones graves, como da\u00f1os en la m\u00e9dula espinal, fracturas \u00f3seas o traumatismos craneoencef\u00e1licos, suelen dar lugar a indemnizaciones m\u00e1s elevadas. Las lesiones de tejidos blandos o las fracturas menores tambi\u00e9n pueden ser objeto de indemnizaci\u00f3n, pero generalmente son de menor cuant\u00eda.\u00a0<\/span><\/li>\n<li><b>Costos m\u00e9dicos<\/b>: <span style=\"font-weight: 400;\">En el c\u00e1lculo se incluyen los gastos hospitalarios, la fisioterapia continua, los medicamentos recetados y los dispositivos de asistencia. Tambi\u00e9n se consideran las necesidades m\u00e9dicas futuras si la recuperaci\u00f3n ser\u00e1 prolongada o si las lesiones son permanentes.\u00a0<\/span><\/li>\n<li><b>P\u00e9rdida de ingresos y potencial de ganancias<\/b>: <span style=\"font-weight: 400;\">Si falt\u00f3 al trabajo o sus lesiones le impiden regresar a su trabajo anterior, esas p\u00e9rdidas se tendr\u00e1n en cuenta en la reclamaci\u00f3n.\u00a0<\/span><\/li>\n<li><b>Dolor y sufrimiento<\/b>: <span style=\"font-weight: 400;\">Los da\u00f1os no econ\u00f3micos, que incluyen dolor f\u00edsico, angustia emocional y disminuci\u00f3n de la calidad de vida, a menudo constituyen una parte importante del acuerdo.\u00a0<\/span><\/li>\n<li><b>culpa compartida<\/b>: <span style=\"font-weight: 400;\">Bajo el mando de Washington <\/span><a href=\"https:\/\/plg-pllc.com\/faqs\/what-are-washington-states-pedestrian-laws\/\"><span style=\"font-weight: 400;\">leyes de seguridad peatonal<\/span><\/a><span style=\"font-weight: 400;\">, Su indemnizaci\u00f3n podr\u00eda reducirse si usted tuvo parte de la culpa del accidente.\u00a0<\/span><\/li>\n<\/ul>\n<h2><span style=\"font-weight: 400;\">Ejemplos de reclamaciones por accidentes de peatones<\/span><\/h2>\n<p><span style=\"font-weight: 400;\">Cada caso se ve condicionado por sus circunstancias particulares, pero aqu\u00ed presentamos ejemplos de c\u00f3mo se desarrollan ciertos escenarios:<\/span><\/p>\n<ul>\n<li style=\"font-weight: 400;\" aria-level=\"1\"><b>colisiones en cruces peatonales<\/b>:<span style=\"font-weight: 400;\"> Un conductor no cede el paso a un peat\u00f3n en un paso de cebra se\u00f1alizado. Estos casos suelen conllevar indemnizaciones m\u00e1s elevadas debido a claras infracciones de las normas de prioridad peatonal.<\/span><span style=\"font-weight: 400;\"><br \/>\n<\/span><\/li>\n<li style=\"font-weight: 400;\" aria-level=\"1\"><b>zonas escolares o zonas residenciales<\/b>:<span style=\"font-weight: 400;\"> Los accidentes que involucran a ni\u00f1os o que ocurren cerca de escuelas tienden a atraer una mayor atenci\u00f3n y pueden presentar factores agravantes como infracciones de velocidad.<\/span><span style=\"font-weight: 400;\"><br \/>\n<\/span><\/li>\n<li style=\"font-weight: 400;\" aria-level=\"1\"><b>Conducci\u00f3n distra\u00edda o bajo los efectos del alcohol o las drogas<\/b>:<span style=\"font-weight: 400;\"> Si el conductor estaba enviando mensajes de texto o bajo los efectos del alcohol o las drogas, se pueden reclamar da\u00f1os punitivos, lo que puede aumentar significativamente la indemnizaci\u00f3n.<\/span><span style=\"font-weight: 400;\"><br \/>\n<\/span><\/li>\n<li style=\"font-weight: 400;\" aria-level=\"1\"><b>Casos de atropello con fuga<\/b>:<span style=\"font-weight: 400;\"> Aunque no se localice al conductor, la cobertura para conductores sin seguro (UM) del estado de Washington puede aplicarse a las v\u00edctimas peatonales. Estas reclamaciones son m\u00e1s complejas, pero a\u00fan as\u00ed podr\u00eda obtenerse una indemnizaci\u00f3n.<\/span><\/li>\n<\/ul>\n<h2><span style=\"font-weight: 400;\">Protecci\u00f3n legal para peatones en Washington<\/span><\/h2>\n<p><span style=\"font-weight: 400;\">La ley de Washington ofrece varias garant\u00edas para los peatones lesionados, incluyendo estatutos que protegen su derecho al uso seguro de las carreteras:<\/span><\/p>\n<ul>\n<li style=\"font-weight: 400;\" aria-level=\"1\"><a href=\"https:\/\/app.leg.wa.gov\/rcw\/default.aspx?cite=46.61.235\" target=\"_blank\" rel=\"noopener\"><b>RCW 46.61.235<\/b><\/a>:<span style=\"font-weight: 400;\"> Obliga a los veh\u00edculos a detenerse ante los peatones en pasos de cebra se\u00f1alizados o no se\u00f1alizados. Esta ley suele ser fundamental para determinar la responsabilidad en casos de lesiones a peatones.<\/span><span style=\"font-weight: 400;\"><br \/>\n<\/span><\/li>\n<li style=\"font-weight: 400;\" aria-level=\"1\"><b>RCW 4.22.005 \u2013 Falla comparativa<\/b>:<span style=\"font-weight: 400;\"> Permite a los peatones lesionados recuperar los da\u00f1os incluso si son parcialmente responsables, reduci\u00e9ndose su indemnizaci\u00f3n en funci\u00f3n de su grado de culpa.<\/span><span style=\"font-weight: 400;\"><br \/>\n<\/span><\/li>\n<li style=\"font-weight: 400;\" aria-level=\"1\"><b>Estatuto de limitaciones<\/b>:<span style=\"font-weight: 400;\"> En Washington, generalmente tienes <\/span><b>tres a\u00f1os<\/b><span style=\"font-weight: 400;\"> Tiene un plazo desde la fecha del accidente para presentar una demanda por lesiones personales. Si no cumple con este plazo, podr\u00eda perder por completo su derecho a recibir una indemnizaci\u00f3n por da\u00f1os y perjuicios.<\/span><\/li>\n<\/ul>\n\n        <div class=\"rs-content-cta long\">\n            <p>Para una consulta legal GRATUITA, llame al <a href=\"tel:+12062851743\">(206) 285-1743 <\/a><\/p>\n            <a href=\"https:\/\/plg-pllc.com\/es\/contact-us\/\" title=\"OBTENGA UNA EVALUACI\u00d3N DE CASO GRATUITA\" class=\"btn-global\">OBTENGA UNA EVALUACI\u00d3N DE CASO GRATUITA<\/a>\n                    <picture>\n                            <source srcset=\"https:\/\/plg-pllc.com\/wp-content\/themes\/plg-pllc-redesign\/assets\/app\/img\/cta-thumb.webp\" type=\"image\/webp\"\/>\n                            <img src=\"https:\/\/plg-pllc.com\/wp-content\/themes\/plg-pllc-redesign\/assets\/app\/img\/cta-thumb.png\" alt=\"Grupo de abogados Premier\" title=\"Grupo de abogados Premier\" width=\"245\" height=\"220\" loading=\"auto\" fetchpriority=\"auto\" decoding=\"async\"\/>\n        <\/picture>\n        \n        <\/div><h2><span style=\"font-weight: 400;\">\u00bfSe resuelven extrajudicialmente la mayor\u00eda de los casos de accidentes de peatones?<\/span><\/h2>\n<p><b>S\u00ed<\/b><span style=\"font-weight: 400;\">, La mayor\u00eda de los casos se resuelven extrajudicialmente, pero eso no significa que se llegue a un acuerdo justo. Las compa\u00f1\u00edas de seguros pueden ofrecer indemnizaciones r\u00e1pidas, con la esperanza de que los peatones lesionados acepten menos de lo que les corresponde.\u00a0<\/span><\/p>\n<p><span style=\"font-weight: 400;\">Hemos visto esta t\u00e1ctica demasiadas veces, por eso llevamos a cabo una investigaci\u00f3n exhaustiva antes de que comience cualquier negociaci\u00f3n.<\/span><\/p>\n<p><span style=\"font-weight: 400;\">Si determinamos que la oferta de acuerdo no refleja el valor real de sus lesiones, estamos totalmente preparados para llevar su caso a juicio. Si bien el litigio es m\u00e1s largo, puede ser la \u00fanica manera de obtener la compensaci\u00f3n necesaria para la atenci\u00f3n a largo plazo y la recuperaci\u00f3n financiera.<\/span><\/p>\n<h2><span style=\"font-weight: 400;\">Lo que hacemos por nuestros clientes<\/span><\/h2>\n<p><span style=\"font-weight: 400;\">Nuestro objetivo es que el proceso legal sea lo m\u00e1s sencillo y eficaz posible. Cuando llame a Premier Law Group, no le har\u00e1n pasar de un departamento a otro ni le atender\u00e1 personal que no sea abogado.<\/span><\/p>\n<p><span style=\"font-weight: 400;\">De hecho, la mayor\u00eda de las personas hablan directamente con Jason Epstein, uno de nuestros socios, durante su llamada inicial.<\/span><\/p>\n<p><span style=\"font-weight: 400;\">Esto es lo que ofrecemos desde el primer d\u00eda:<\/span><\/p>\n<ul>\n<li style=\"font-weight: 400;\" aria-level=\"1\"><b>Revisi\u00f3n de casos gratuita<\/b>:<span style=\"font-weight: 400;\"> Analizaremos los detalles de su accidente, le explicaremos sus derechos y responderemos a todas sus preguntas, todo ello sin coste alguno.<\/span><span style=\"font-weight: 400;\"><br \/>\n<\/span><\/li>\n<li style=\"font-weight: 400;\" aria-level=\"1\"><b>Apoyo legal completo<\/b>:<span style=\"font-weight: 400;\"> Desde la recopilaci\u00f3n de pruebas y la solicitud de historiales m\u00e9dicos hasta la negociaci\u00f3n con las compa\u00f1\u00edas de seguros, nos encargamos de todo para que usted pueda concentrarse en su recuperaci\u00f3n.<\/span><span style=\"font-weight: 400;\"><br \/>\n<\/span><\/li>\n<li style=\"font-weight: 400;\" aria-level=\"1\"><b>Comunicaci\u00f3n abierta<\/b>:<span style=\"font-weight: 400;\"> Nuestra aplicaci\u00f3n exclusiva para clientes le permite seguir su caso en tiempo real. Le mantendremos informado en cada paso del proceso.<\/span><span style=\"font-weight: 400;\"><br \/>\n<\/span><\/li>\n<li style=\"font-weight: 400;\" aria-level=\"1\"><b>No cobramos comisiones a menos que ganemos.<\/b>:<span style=\"font-weight: 400;\"> Trabajamos a comisi\u00f3n, lo que significa que usted no paga a menos que obtengamos una indemnizaci\u00f3n en su nombre.<\/span><\/li>\n<\/ul>\n<h2><span style=\"font-weight: 400;\">Obt\u00e9n ayuda legal hoy<\/span><\/h2>\n<p><span style=\"font-weight: 400;\">Si has resultado herido como peat\u00f3n, no dejes tu futuro en manos de una compa\u00f1\u00eda de seguros. <\/span><b>m\u00e1s de $100 millones recuperados<\/b><span style=\"font-weight: 400;\"> y <\/span><b>M\u00e1s de 55 a\u00f1os de experiencia combinada<\/b><span style=\"font-weight: 400;\">, Premier Law Group sabe lo que se necesita para obtener justicia para las v\u00edctimas de accidentes en Washington.<\/span><\/p>\n<p><span style=\"font-weight: 400;\">Nos enorgullece ser un equipo legal accesible y honesto que atiende su llamada, escucha su historia y le brinda respuestas claras. Ya sea que el conductor se haya dado a la fuga o haya negado su responsabilidad, o si la compa\u00f1\u00eda de seguros est\u00e1 dilatando el proceso, estamos listos para intervenir.<\/span><\/p>\n<p><span style=\"font-weight: 400;\">Cont\u00e1ctanos hoy para una revisi\u00f3n gratuita de tu caso y comencemos a hablar sobre c\u00f3mo podemos ayudarte a avanzar.<\/span><\/p>\n\n        <div class=\"rs-content-cta\">\n            <p>Llamar o enviar mensaje de texto <a href=\"tel:+12062851743\">(206) 285-1743<\/a> o complete un formulario de evaluaci\u00f3n de caso gratuito<\/p>\n            <a href=\"https:\/\/plg-pllc.com\/es\/contact-us\/\" title=\"OBTENGA UNA EVALUACI\u00d3N DE CASO GRATUITA\" class=\"btn-global\">OBTENGA UNA EVALUACI\u00d3N DE CASO GRATUITA<\/a>\n                    <picture>\n                            <source srcset=\"https:\/\/plg-pllc.com\/wp-content\/themes\/plg-pllc-redesign\/assets\/app\/img\/cta-thumb.webp\" type=\"image\/webp\"\/>\n                            <img src=\"https:\/\/plg-pllc.com\/wp-content\/themes\/plg-pllc-redesign\/assets\/app\/img\/cta-thumb.png\" alt=\"Grupo de abogados Premier\" title=\"Grupo de abogados Premier\" width=\"245\" height=\"220\" loading=\"auto\" fetchpriority=\"auto\" decoding=\"async\"\/>\n        <\/picture>\n        \n        <\/div>","protected":false},"excerpt":{"rendered":"<p>La indemnizaci\u00f3n promedio por accidente peatonal suele oscilar entre 15.000 y 75.000 d\u00f3lares. Sin embargo, los casos graves con lesiones a largo plazo o la muerte pueden alcanzar 500.000 d\u00f3lares o m\u00e1s, seg\u00fan las circunstancias. Si busca respuestas tras ser atropellado mientras camina, un abogado especializado en accidentes peatonales de Bellevue puede ayudarle a evaluar su caso, explicarle sus derechos y luchar por la indemnizaci\u00f3n correspondiente.<\/p>","protected":false},"author":65,"featured_media":21607,"parent":20714,"menu_order":0,"comment_status":"closed","ping_status":"closed","template":"","meta":{"_acf_changed":false,"_genesis_hide_title":false,"_genesis_hide_breadcrumbs":false,"_genesis_hide_singular_image":false,"_genesis_hide_footer_widgets":false,"_genesis_custom_body_class":"","_genesis_custom_post_class":"","_genesis_layout":"","footnotes":""},"hc_faqs":[10345],"class_list":{"0":"post-21606","1":"page","2":"type-page","3":"status-publish","4":"has-post-thumbnail","6":"hc_faqs-pedestrian-accident","7":"entry"},"acf":[],"yoast_head":"<!-- This site is optimized with the Yoast SEO plugin v27.4 - https:\/\/yoast.com\/product\/yoast-seo-wordpress\/ -->\n<title>Average Settlement for a Pedestrian Accident Claim<\/title>\n<meta name=\"description\" content=\"What is the average pedestrian accident settlement? Learn what factors impact payouts and how Washington law affects your case.\" \/>\n<meta name=\"robots\" content=\"index, follow, max-snippet:-1, max-image-preview:large, max-video-preview:-1\" \/>\n<link rel=\"canonical\" href=\"https:\/\/plg-pllc.com\/es\/faqs\/what-is-the-average-pedestrian-accident-settlement\/\" \/>\n<meta property=\"og:locale\" content=\"es_MX\" \/>\n<meta property=\"og:type\" content=\"article\" \/>\n<meta property=\"og:title\" content=\"Average Settlement for a Pedestrian Accident Claim\" \/>\n<meta property=\"og:description\" content=\"What is the average pedestrian accident settlement? Learn what factors impact payouts and how Washington law affects your case.\" \/>\n<meta property=\"og:url\" content=\"https:\/\/plg-pllc.com\/es\/faqs\/what-is-the-average-pedestrian-accident-settlement\/\" \/>\n<meta property=\"og:site_name\" content=\"Premier Law Group\" \/>\n<meta property=\"article:publisher\" content=\"https:\/\/www.facebook.com\/premierlawgroup\" \/>\n<meta property=\"og:image\" content=\"https:\/\/plg-pllc.com\/wp-content\/uploads\/2025\/11\/what-is-the-average-pedestrian-accident-settlement.jpg\" \/>\n\t<meta property=\"og:image:width\" content=\"1000\" \/>\n\t<meta property=\"og:image:height\" content=\"667\" \/>\n\t<meta property=\"og:image:type\" content=\"image\/jpeg\" \/>\n<meta name=\"twitter:card\" content=\"summary_large_image\" \/>\n<meta name=\"twitter:site\" content=\"@premierlawgroup\" \/>\n<meta name=\"twitter:label1\" content=\"Tiempo de lectura\" \/>\n\t<meta name=\"twitter:data1\" content=\"5 minutos\" \/>\n<script type=\"application\/ld+json\" class=\"yoast-schema-graph\">{\"@context\":\"https:\\\/\\\/schema.org\",\"@graph\":[{\"@type\":\"WebPage\",\"@id\":\"https:\\\/\\\/plg-pllc.com\\\/faqs\\\/what-is-the-average-pedestrian-accident-settlement\\\/\",\"url\":\"https:\\\/\\\/plg-pllc.com\\\/faqs\\\/what-is-the-average-pedestrian-accident-settlement\\\/\",\"name\":\"Average Settlement for a Pedestrian Accident Claim\",\"isPartOf\":{\"@id\":\"https:\\\/\\\/plg-pllc.com\\\/#website\"},\"primaryImageOfPage\":{\"@id\":\"https:\\\/\\\/plg-pllc.com\\\/faqs\\\/what-is-the-average-pedestrian-accident-settlement\\\/#primaryimage\"},\"image\":{\"@id\":\"https:\\\/\\\/plg-pllc.com\\\/faqs\\\/what-is-the-average-pedestrian-accident-settlement\\\/#primaryimage\"},\"thumbnailUrl\":\"https:\\\/\\\/plg-pllc.com\\\/wp-content\\\/uploads\\\/2025\\\/11\\\/what-is-the-average-pedestrian-accident-settlement.jpg\",\"datePublished\":\"2025-11-22T00:32:06+00:00\",\"description\":\"What is the average pedestrian accident settlement? Learn what factors impact payouts and how Washington law affects your case.\",\"breadcrumb\":{\"@id\":\"https:\\\/\\\/plg-pllc.com\\\/faqs\\\/what-is-the-average-pedestrian-accident-settlement\\\/#breadcrumb\"},\"inLanguage\":\"es\",\"potentialAction\":[{\"@type\":\"ReadAction\",\"target\":[\"https:\\\/\\\/plg-pllc.com\\\/faqs\\\/what-is-the-average-pedestrian-accident-settlement\\\/\"]}]},{\"@type\":\"ImageObject\",\"inLanguage\":\"es\",\"@id\":\"https:\\\/\\\/plg-pllc.com\\\/faqs\\\/what-is-the-average-pedestrian-accident-settlement\\\/#primaryimage\",\"url\":\"https:\\\/\\\/plg-pllc.com\\\/wp-content\\\/uploads\\\/2025\\\/11\\\/what-is-the-average-pedestrian-accident-settlement.jpg\",\"contentUrl\":\"https:\\\/\\\/plg-pllc.com\\\/wp-content\\\/uploads\\\/2025\\\/11\\\/what-is-the-average-pedestrian-accident-settlement.jpg\",\"width\":1000,\"height\":667,\"caption\":\"A man crossing the street using a crosswalk is almost hit by a silver car, and he wonders what the average pedestrian accident settlement is.\"},{\"@type\":\"BreadcrumbList\",\"@id\":\"https:\\\/\\\/plg-pllc.com\\\/faqs\\\/what-is-the-average-pedestrian-accident-settlement\\\/#breadcrumb\",\"itemListElement\":[{\"@type\":\"ListItem\",\"position\":1,\"name\":\"Home\",\"item\":\"https:\\\/\\\/plg-pllc.com\\\/es\\\/\"},{\"@type\":\"ListItem\",\"position\":2,\"name\":\"FAQs\",\"item\":\"https:\\\/\\\/plg-pllc.com\\\/es\\\/faqs\\\/\"},{\"@type\":\"ListItem\",\"position\":3,\"name\":\"What Is the Average Pedestrian Accident Settlement?\"}]},{\"@type\":\"WebSite\",\"@id\":\"https:\\\/\\\/plg-pllc.com\\\/#website\",\"url\":\"https:\\\/\\\/plg-pllc.com\\\/\",\"name\":\"Premier Law Group\",\"description\":\"Washington Wrongful Death and Serious Injury Lawyer\",\"publisher\":{\"@id\":\"https:\\\/\\\/plg-pllc.com\\\/#organization\"},\"inLanguage\":\"es\"},{\"@type\":\"Organization\",\"@id\":\"https:\\\/\\\/plg-pllc.com\\\/#organization\",\"name\":\"Premier Law Group\",\"url\":\"https:\\\/\\\/plg-pllc.com\\\/\",\"logo\":{\"@type\":\"ImageObject\",\"inLanguage\":\"es\",\"@id\":\"https:\\\/\\\/plg-pllc.com\\\/#\\\/schema\\\/logo\\\/image\\\/\",\"url\":\"https:\\\/\\\/plg-pllc.com\\\/wp-content\\\/uploads\\\/2020\\\/10\\\/plg-logo-v2.gif\",\"contentUrl\":\"https:\\\/\\\/plg-pllc.com\\\/wp-content\\\/uploads\\\/2020\\\/10\\\/plg-logo-v2.gif\",\"width\":592,\"height\":191,\"caption\":\"Premier Law Group\"},\"image\":{\"@id\":\"https:\\\/\\\/plg-pllc.com\\\/#\\\/schema\\\/logo\\\/image\\\/\"},\"sameAs\":[\"https:\\\/\\\/www.facebook.com\\\/premierlawgroup\",\"https:\\\/\\\/x.com\\\/premierlawgroup\"]}]}<\/script>\n<!-- \/ Yoast SEO plugin. -->","yoast_head_json":{"title":"Indemnizaci\u00f3n media por reclamaci\u00f3n de accidente de peat\u00f3n","description":"\u00bfCu\u00e1l es la indemnizaci\u00f3n promedio por un accidente de peat\u00f3n? Descubra qu\u00e9 factores influyen en las indemnizaciones y c\u00f3mo afecta la ley de Washington a su caso.","robots":{"index":"index","follow":"follow","max-snippet":"max-snippet:-1","max-image-preview":"max-image-preview:large","max-video-preview":"max-video-preview:-1"},"canonical":"https:\/\/plg-pllc.com\/es\/faqs\/what-is-the-average-pedestrian-accident-settlement\/","og_locale":"es_MX","og_type":"article","og_title":"Average Settlement for a Pedestrian Accident Claim","og_description":"What is the average pedestrian accident settlement? Learn what factors impact payouts and how Washington law affects your case.","og_url":"https:\/\/plg-pllc.com\/es\/faqs\/what-is-the-average-pedestrian-accident-settlement\/","og_site_name":"Premier Law Group","article_publisher":"https:\/\/www.facebook.com\/premierlawgroup","og_image":[{"width":1000,"height":667,"url":"https:\/\/plg-pllc.com\/wp-content\/uploads\/2025\/11\/what-is-the-average-pedestrian-accident-settlement.jpg","type":"image\/jpeg"}],"twitter_card":"summary_large_image","twitter_site":"@premierlawgroup","twitter_misc":{"Tiempo de lectura":"5 minutos"},"schema":{"@context":"https:\/\/schema.org","@graph":[{"@type":"WebPage","@id":"https:\/\/plg-pllc.com\/faqs\/what-is-the-average-pedestrian-accident-settlement\/","url":"https:\/\/plg-pllc.com\/faqs\/what-is-the-average-pedestrian-accident-settlement\/","name":"Indemnizaci\u00f3n media por reclamaci\u00f3n de accidente de peat\u00f3n","isPartOf":{"@id":"https:\/\/plg-pllc.com\/#website"},"primaryImageOfPage":{"@id":"https:\/\/plg-pllc.com\/faqs\/what-is-the-average-pedestrian-accident-settlement\/#primaryimage"},"image":{"@id":"https:\/\/plg-pllc.com\/faqs\/what-is-the-average-pedestrian-accident-settlement\/#primaryimage"},"thumbnailUrl":"https:\/\/plg-pllc.com\/wp-content\/uploads\/2025\/11\/what-is-the-average-pedestrian-accident-settlement.jpg","datePublished":"2025-11-22T00:32:06+00:00","description":"\u00bfCu\u00e1l es la indemnizaci\u00f3n promedio por un accidente de peat\u00f3n? Descubra qu\u00e9 factores influyen en las indemnizaciones y c\u00f3mo afecta la ley de Washington a su caso.","breadcrumb":{"@id":"https:\/\/plg-pllc.com\/faqs\/what-is-the-average-pedestrian-accident-settlement\/#breadcrumb"},"inLanguage":"es","potentialAction":[{"@type":"ReadAction","target":["https:\/\/plg-pllc.com\/faqs\/what-is-the-average-pedestrian-accident-settlement\/"]}]},{"@type":"ImageObject","inLanguage":"es","@id":"https:\/\/plg-pllc.com\/faqs\/what-is-the-average-pedestrian-accident-settlement\/#primaryimage","url":"https:\/\/plg-pllc.com\/wp-content\/uploads\/2025\/11\/what-is-the-average-pedestrian-accident-settlement.jpg","contentUrl":"https:\/\/plg-pllc.com\/wp-content\/uploads\/2025\/11\/what-is-the-average-pedestrian-accident-settlement.jpg","width":1000,"height":667,"caption":"A man crossing the street using a crosswalk is almost hit by a silver car, and he wonders what the average pedestrian accident settlement is."},{"@type":"BreadcrumbList","@id":"https:\/\/plg-pllc.com\/faqs\/what-is-the-average-pedestrian-accident-settlement\/#breadcrumb","itemListElement":[{"@type":"ListItem","position":1,"name":"Home","item":"https:\/\/plg-pllc.com\/es\/"},{"@type":"ListItem","position":2,"name":"FAQs","item":"https:\/\/plg-pllc.com\/es\/faqs\/"},{"@type":"ListItem","position":3,"name":"What Is the Average Pedestrian Accident Settlement?"}]},{"@type":"WebSite","@id":"https:\/\/plg-pllc.com\/#website","url":"https:\/\/plg-pllc.com\/","name":"Grupo de abogados Premier","description":"Abogado de muerte por negligencia y lesiones graves en Washington","publisher":{"@id":"https:\/\/plg-pllc.com\/#organization"},"inLanguage":"es"},{"@type":"Organization","@id":"https:\/\/plg-pllc.com\/#organization","name":"Grupo de abogados Premier","url":"https:\/\/plg-pllc.com\/","logo":{"@type":"ImageObject","inLanguage":"es","@id":"https:\/\/plg-pllc.com\/#\/schema\/logo\/image\/","url":"https:\/\/plg-pllc.com\/wp-content\/uploads\/2020\/10\/plg-logo-v2.gif","contentUrl":"https:\/\/plg-pllc.com\/wp-content\/uploads\/2020\/10\/plg-logo-v2.gif","width":592,"height":191,"caption":"Premier Law Group"},"image":{"@id":"https:\/\/plg-pllc.com\/#\/schema\/logo\/image\/"},"sameAs":["https:\/\/www.facebook.com\/premierlawgroup","https:\/\/x.com\/premierlawgroup"]}]}},"_links":{"self":[{"href":"https:\/\/plg-pllc.com\/es\/wp-json\/wp\/v2\/pages\/21606","targetHints":{"allow":["GET"]}}],"collection":[{"href":"https:\/\/plg-pllc.com\/es\/wp-json\/wp\/v2\/pages"}],"about":[{"href":"https:\/\/plg-pllc.com\/es\/wp-json\/wp\/v2\/types\/page"}],"author":[{"embeddable":true,"href":"https:\/\/plg-pllc.com\/es\/wp-json\/wp\/v2\/users\/65"}],"replies":[{"embeddable":true,"href":"https:\/\/plg-pllc.com\/es\/wp-json\/wp\/v2\/comments?post=21606"}],"version-history":[{"count":0,"href":"https:\/\/plg-pllc.com\/es\/wp-json\/wp\/v2\/pages\/21606\/revisions"}],"up":[{"embeddable":true,"href":"https:\/\/plg-pllc.com\/es\/wp-json\/wp\/v2\/pages\/20714"}],"wp:featuredmedia":[{"embeddable":true,"href":"https:\/\/plg-pllc.com\/es\/wp-json\/wp\/v2\/media\/21607"}],"wp:attachment":[{"href":"https:\/\/plg-pllc.com\/es\/wp-json\/wp\/v2\/media?parent=21606"}],"wp:term":[{"taxonomy":"hc_faqs","embeddable":true,"href":"https:\/\/plg-pllc.com\/es\/wp-json\/wp\/v2\/hc_faqs?post=21606"}],"curies":[{"name":"gracias","href":"https:\/\/api.w.org\/{rel}","templated":true}]}}