{"id":21608,"date":"2025-11-21T16:37:09","date_gmt":"2025-11-22T00:37:09","guid":{"rendered":"https:\/\/plg-pllc.com\/?page_id=21608"},"modified":"2025-11-21T16:37:09","modified_gmt":"2025-11-22T00:37:09","slug":"what-is-the-average-bicycle-accident-settlement","status":"publish","type":"page","link":"https:\/\/plg-pllc.com\/es\/faqs\/what-is-the-average-bicycle-accident-settlement\/","title":{"rendered":"\u00bfCu\u00e1l es la indemnizaci\u00f3n media por accidente de bicicleta?"},"content":{"rendered":"<p><b>No existe un acuerdo promedio est\u00e1ndar.<\/b><span style=\"font-weight: 400;\"> por un accidente de bicicleta. Las indemnizaciones han variado desde unos pocos miles de d\u00f3lares hasta varios millones. La cantidad que podr\u00eda recibir depende en gran medida de la gravedad de sus lesiones y de c\u00f3mo el accidente afecte su futuro.<\/span><\/p>\n<p><span style=\"font-weight: 400;\">Un abogado experto en lesiones personales puede ayudarle a comprender el valor de su caso y trabajar para obtener la m\u00e1xima indemnizaci\u00f3n posible tras un accidente de bicicleta que no fue su culpa.<\/span><\/p>\n<p><span style=\"font-weight: 400;\">Nuestro bufete ha recuperado m\u00e1s de 1.400 millones de d\u00f3lares para v\u00edctimas de accidentes. Somos lo suficientemente grandes para ganar, pero lo suficientemente peque\u00f1os para brindar una atenci\u00f3n personalizada. Llame hoy mismo para una consulta gratuita sobre su caso y descubra c\u00f3mo podemos ayudarle. <\/span><a href=\"https:\/\/plg-pllc.com\/bellevue\/bicycle-accident-lawyer\/\"><span style=\"font-weight: 400;\">Abogados de accidentes de bicicleta en Bellevue<\/span><\/a><span style=\"font-weight: 400;\"> Puede ayudarle con su caso.<\/span><\/p>\n<h2><span style=\"font-weight: 400;\">\u00bfQu\u00e9 determina la cuant\u00eda de la indemnizaci\u00f3n por un accidente de bicicleta?<\/span><\/h2>\n<p><span style=\"font-weight: 400;\">Las compa\u00f1\u00edas de seguros y su abogado considerar\u00e1n diversos factores para determinar la indemnizaci\u00f3n justa por las lesiones sufridas en su accidente de bicicleta. Estos incluyen:<\/span><\/p>\n<h3><span style=\"font-weight: 400;\">Gravedad de sus lesiones<\/span><\/h3>\n<p><span style=\"font-weight: 400;\">Las lesiones graves, como fracturas o traumatismos craneoencef\u00e1licos, aumentan considerablemente el valor de su indemnizaci\u00f3n, ya que generan mayores gastos m\u00e9dicos, tiempos de recuperaci\u00f3n m\u00e1s prolongados y discapacidades permanentes. Las necesidades m\u00e9dicas futuras y la discapacidad a largo plazo tambi\u00e9n pueden incrementar significativamente su indemnizaci\u00f3n.<\/span><\/p>\n<h3><span style=\"font-weight: 400;\">Sus gastos m\u00e9dicos<\/span><\/h3>\n<p><span style=\"font-weight: 400;\">Todos sus gastos m\u00e9dicos, incluyendo hospitalizaci\u00f3n, cirug\u00eda, terapia, medicamentos y tratamientos futuros, se consideran en su indemnizaci\u00f3n. En caso de lesiones graves, los costos m\u00e9dicos y sus efectos a largo plazo pueden aumentar el monto de la indemnizaci\u00f3n por su accidente de bicicleta.<\/span><\/p>\n<h3><span style=\"font-weight: 400;\">P\u00e9rdida de salarios y capacidad de generar ingresos<\/span><\/h3>\n<p><span style=\"font-weight: 400;\">Si sus lesiones le impiden trabajar o reducen su capacidad de generar ingresos en el futuro, el estado de Washington le permite recuperar todas las p\u00e9rdidas econ\u00f3micas relacionadas. Esto incluye salarios pasados, disminuci\u00f3n de ingresos futuros y limitaciones laborales a largo plazo.<\/span><\/p>\n<h3><span style=\"font-weight: 400;\">Da\u00f1os no econ\u00f3micos<\/span><\/h3>\n<p><span style=\"font-weight: 400;\">Washington permite la indemnizaci\u00f3n total por da\u00f1os no econ\u00f3micos, como dolor, angustia emocional y p\u00e9rdida del disfrute de la vida, sin l\u00edmite legal. Dado que estos da\u00f1os pueden ser considerables, a menudo dan lugar a acuerdos extrajudiciales significativamente mayores que en los estados con l\u00edmites establecidos.<\/span><\/p>\n<h3><span style=\"font-weight: 400;\">Negligencia comparativa<\/span><\/h3>\n<p><span style=\"font-weight: 400;\">En Washington, se utiliza el principio de negligencia comparativa pura para determinar la responsabilidad, lo que significa que usted puede obtener una indemnizaci\u00f3n por da\u00f1os y perjuicios incluso si tiene parte de la culpa del accidente. Sin embargo, su porcentaje de responsabilidad reduce la indemnizaci\u00f3n total.\u00a0<\/span><\/p>\n<h3><span style=\"font-weight: 400;\">L\u00edmites de la p\u00f3liza de seguro<\/span><\/h3>\n<p><span style=\"font-weight: 400;\">Los l\u00edmites del seguro del conductor responsable suelen limitar la indemnizaci\u00f3n, pero fuentes adicionales, como la cobertura para conductores sin seguro o con seguro insuficiente, pueden aumentar la compensaci\u00f3n disponible. Cuanto mayor sea la cobertura disponible, mayor ser\u00e1 la indemnizaci\u00f3n potencial, especialmente en casos de lesiones graves.<\/span><\/p>\n<h2><span style=\"font-weight: 400;\">\u00bfPuede un abogado aumentar la indemnizaci\u00f3n por mi accidente de bicicleta?<\/span><\/h2>\n<p><span style=\"font-weight: 400;\">En la mayor\u00eda de los casos, nuestros abogados pueden significativamente<\/span> <span style=\"font-weight: 400;\">aumentar la indemnizaci\u00f3n media por accidentes de bicicleta<\/span> <span style=\"font-weight: 400;\">puedes recibir. Si t\u00fa <\/span><a href=\"https:\/\/plg-pllc.com\/blog\/do-i-have-a-personal-injury-case\/\"><span style=\"font-weight: 400;\">Tengo un caso de lesiones personales<\/span><\/a><span style=\"font-weight: 400;\">, Algunas de las cosas que nuestro equipo puede hacer para mejorar su acuerdo incluyen:<\/span><\/p>\n<ul>\n<li style=\"font-weight: 400;\" aria-level=\"1\"><b>Elabore su caso<\/b>: <span style=\"font-weight: 400;\">Reforzamos nuestra posici\u00f3n de negociaci\u00f3n investigando a fondo su accidente de bicicleta para comprender claramente qu\u00e9 sucedi\u00f3 y qui\u00e9n es el responsable.\u00a0<\/span><\/li>\n<li style=\"font-weight: 400;\" aria-level=\"1\"><b>Eval\u00faa tus da\u00f1os<\/b>:<span style=\"font-weight: 400;\"> Nuestros abogados calcular\u00e1n todos los gastos m\u00e9dicos, la p\u00e9rdida de ingresos y los da\u00f1os no econ\u00f3micos para asegurarse de que no se omita nada en el monto total de su indemnizaci\u00f3n.\u00a0<\/span><\/li>\n<li style=\"font-weight: 400;\" aria-level=\"1\"><b>Negociaci\u00f3n con compa\u00f1\u00edas de seguros<\/b><span style=\"font-weight: 400;\">Contrarrestaremos las ofertas a la baja, gestionaremos la comunicaci\u00f3n y emplearemos estrategias legales para presionar a las aseguradoras a que paguen una indemnizaci\u00f3n justa.<\/span><\/li>\n<li style=\"font-weight: 400;\" aria-level=\"1\"><b>Identificar fuentes de compensaci\u00f3n adicionales<\/b>:<span style=\"font-weight: 400;\"> M\u00e1s de una parte podr\u00eda ser responsable de sus lesiones. Si es posible, investigaremos, adem\u00e1s del conductor culpable, a otros posibles responsables del accidente.<\/span><\/li>\n<li style=\"font-weight: 400;\" aria-level=\"1\"><b>Presentar una demanda si es necesario<\/b>: <span style=\"font-weight: 400;\">Si es necesario, llevaremos su caso a los tribunales. A menudo, la posibilidad de una demanda impulsa a las aseguradoras a ofrecer indemnizaciones m\u00e1s altas para evitar los riesgos del litigio y las posibles veredictos de un jurado.<\/span><\/li>\n<\/ul>\n<h2><span style=\"font-weight: 400;\">\u00bfCu\u00e1nto tiempo tengo para presentar una reclamaci\u00f3n por un accidente de bicicleta?<\/span><\/h2>\n<p><span style=\"font-weight: 400;\">En Washington, normalmente tienes<\/span><b> tres a\u00f1os<\/b><span style=\"font-weight: 400;\"> Desde la fecha del accidente hasta la presentaci\u00f3n de una reclamaci\u00f3n por lesiones personales por un accidente de bicicleta, seg\u00fan <\/span><a href=\"https:\/\/app.leg.wa.gov\/rcw\/default.aspx?cite=4.16.080\" target=\"_blank\" rel=\"noopener\"><span style=\"font-weight: 400;\">Ley de Armas Reconstructivas 4.16.080<\/span><\/a><span style=\"font-weight: 400;\">. No cumplir con el plazo generalmente elimina su derecho a una compensaci\u00f3n.<\/span><\/p>\n<p><span style=\"font-weight: 400;\">Existen excepciones a esta regla en ciertas circunstancias. Algunos ejemplos son:<\/span><\/p>\n<ul>\n<li style=\"font-weight: 400;\" aria-level=\"1\"><span style=\"font-weight: 400;\">Si su accidente de bicicleta involucra un <\/span><b>entidad gubernamental<\/b><span style=\"font-weight: 400;\">, debe presentar una notificaci\u00f3n de reclamaci\u00f3n dentro de los 90 d\u00edas posteriores al incidente.<\/span><\/li>\n<li style=\"font-weight: 400;\" aria-level=\"1\"><span style=\"font-weight: 400;\">Si un accidente de bicicleta resulta en un <\/span><b>fatalidad<\/b><span style=\"font-weight: 400;\">, En Washington, la familia del fallecido puede presentar una demanda por homicidio culposo dentro de los tres a\u00f1os posteriores a la fecha de la muerte, no a la fecha del accidente.\u00a0<\/span><\/li>\n<li style=\"font-weight: 400;\" aria-level=\"1\"><span style=\"font-weight: 400;\">Si la persona lesionada es <\/span><b>menores de 18 a\u00f1os<\/b><span style=\"font-weight: 400;\">, El plazo de prescripci\u00f3n para las demandas por lesiones personales se suspende hasta que cumplen los 18 a\u00f1os.<\/span><\/li>\n<li style=\"font-weight: 400;\" aria-level=\"1\"><span style=\"font-weight: 400;\">Si la v\u00edctima es <\/span><b>incapacitado mentalmente<\/b><span style=\"font-weight: 400;\">, El plazo se suspende hasta que recuperen sus funciones cognitivas.\u00a0<\/span><\/li>\n<\/ul>\n\n        <div class=\"rs-content-cta long\">\n            <p>Para una consulta legal GRATUITA, llame al <a href=\"tel:+12062851743\">(206) 285-1743 <\/a><\/p>\n            <a href=\"https:\/\/plg-pllc.com\/es\/contact-us\/\" title=\"OBTENGA UNA EVALUACI\u00d3N DE CASO GRATUITA\" class=\"btn-global\">OBTENGA UNA EVALUACI\u00d3N DE CASO GRATUITA<\/a>\n                    <picture>\n                            <source srcset=\"https:\/\/plg-pllc.com\/wp-content\/themes\/plg-pllc-redesign\/assets\/app\/img\/cta-thumb.webp\" type=\"image\/webp\"\/>\n                            <img src=\"https:\/\/plg-pllc.com\/wp-content\/themes\/plg-pllc-redesign\/assets\/app\/img\/cta-thumb.png\" alt=\"Grupo de abogados Premier\" title=\"Grupo de abogados Premier\" width=\"245\" height=\"220\" loading=\"auto\" fetchpriority=\"auto\" decoding=\"async\"\/>\n        <\/picture>\n        \n        <\/div><h2><span style=\"font-weight: 400;\">Obt\u00e9n ayuda con la indemnizaci\u00f3n por tu accidente de bicicleta<\/span><\/h2>\n<p><span style=\"font-weight: 400;\">Es dif\u00edcil predecir la indemnizaci\u00f3n promedio por un accidente de bicicleta, ya que muchos acuerdos son confidenciales. Adem\u00e1s, las cantidades var\u00edan enormemente, desde unos pocos miles de d\u00f3lares por accidentes relativamente leves hasta millones de d\u00f3lares por lesiones graves.\u00a0<\/span><\/p>\n<p><span style=\"font-weight: 400;\">Siempre es recomendable consultar con un abogado especializado en lesiones personales cuando se sufre un accidente. Nuestros abogados pueden ofrecerle asesoramiento sobre <\/span><a href=\"https:\/\/plg-pllc.com\/faqs\/what-to-do-after-a-bicycle-accident\/\"><span style=\"font-weight: 400;\">Qu\u00e9 hacer despu\u00e9s de un accidente de bicicleta<\/span><\/a><span style=\"font-weight: 400;\"> y te avisaremos si tienes un caso.<\/span><\/p>\n<p><span style=\"font-weight: 400;\">Premier Law Group ha prestado servicios a miles de clientes desde 2001. <\/span><b>Cuando te golpean, te devolvemos el golpe con m\u00e1s fuerza<\/b><span style=\"font-weight: 400;\">. Llame hoy mismo para obtener una consulta gratuita y cu\u00e9ntenos sobre su accidente de bicicleta.<\/span><\/p>\n\n        <div class=\"rs-content-cta\">\n            <p>Llamar o enviar mensaje de texto <a href=\"tel:+12062851743\">(206) 285-1743<\/a> o complete un formulario de evaluaci\u00f3n de caso gratuito<\/p>\n            <a href=\"https:\/\/plg-pllc.com\/es\/contact-us\/\" title=\"OBTENGA UNA EVALUACI\u00d3N DE CASO GRATUITA\" class=\"btn-global\">OBTENGA UNA EVALUACI\u00d3N DE CASO GRATUITA<\/a>\n                    <picture>\n                            <source srcset=\"https:\/\/plg-pllc.com\/wp-content\/themes\/plg-pllc-redesign\/assets\/app\/img\/cta-thumb.webp\" type=\"image\/webp\"\/>\n                            <img src=\"https:\/\/plg-pllc.com\/wp-content\/themes\/plg-pllc-redesign\/assets\/app\/img\/cta-thumb.png\" alt=\"Grupo de abogados Premier\" title=\"Grupo de abogados Premier\" width=\"245\" height=\"220\" loading=\"auto\" fetchpriority=\"auto\" decoding=\"async\"\/>\n        <\/picture>\n        \n        <\/div>","protected":false},"excerpt":{"rendered":"<p>No existe una indemnizaci\u00f3n promedio est\u00e1ndar para un accidente de bicicleta. Las indemnizaciones var\u00edan desde unos pocos miles de d\u00f3lares hasta varios millones. La cantidad que podr\u00eda recibir depende en gran medida de la gravedad de sus lesiones y del impacto que el accidente tenga en su futuro. Un abogado experto en lesiones personales puede ayudarle a comprender su caso.<\/p>","protected":false},"author":65,"featured_media":0,"parent":20714,"menu_order":0,"comment_status":"closed","ping_status":"closed","template":"","meta":{"_acf_changed":false,"_genesis_hide_title":false,"_genesis_hide_breadcrumbs":false,"_genesis_hide_singular_image":false,"_genesis_hide_footer_widgets":false,"_genesis_custom_body_class":"","_genesis_custom_post_class":"","_genesis_layout":"","footnotes":""},"hc_faqs":[10351],"class_list":{"0":"post-21608","1":"page","2":"type-page","3":"status-publish","5":"hc_faqs-bicycle-accident","6":"entry","7":"has-post-thumbnail"},"acf":[],"yoast_head":"<!-- This site is optimized with the Yoast SEO plugin v27.4 - https:\/\/yoast.com\/product\/yoast-seo-wordpress\/ -->\n<title>What Is the Average Settlement for a Bicycle Accident?<\/title>\n<meta name=\"description\" content=\"Learn what the average bicycle accident settlement is so you know what to expect when you file your claim after a crash.\" \/>\n<meta name=\"robots\" content=\"index, follow, max-snippet:-1, max-image-preview:large, max-video-preview:-1\" \/>\n<link rel=\"canonical\" href=\"https:\/\/plg-pllc.com\/es\/faqs\/what-is-the-average-bicycle-accident-settlement\/\" \/>\n<meta property=\"og:locale\" content=\"es_MX\" \/>\n<meta property=\"og:type\" content=\"article\" \/>\n<meta property=\"og:title\" content=\"What Is the Average Settlement for a Bicycle Accident?\" \/>\n<meta property=\"og:description\" content=\"Learn what the average bicycle accident settlement is so you know what to expect when you file your claim after a crash.\" \/>\n<meta property=\"og:url\" content=\"https:\/\/plg-pllc.com\/es\/faqs\/what-is-the-average-bicycle-accident-settlement\/\" \/>\n<meta property=\"og:site_name\" content=\"Premier Law Group\" \/>\n<meta property=\"article:publisher\" content=\"https:\/\/www.facebook.com\/premierlawgroup\" \/>\n<meta name=\"twitter:card\" content=\"summary_large_image\" \/>\n<meta name=\"twitter:site\" content=\"@premierlawgroup\" \/>\n<meta name=\"twitter:label1\" content=\"Tiempo de lectura\" \/>\n\t<meta name=\"twitter:data1\" content=\"4 minutos\" \/>\n<script type=\"application\/ld+json\" class=\"yoast-schema-graph\">{\"@context\":\"https:\\\/\\\/schema.org\",\"@graph\":[{\"@type\":\"WebPage\",\"@id\":\"https:\\\/\\\/plg-pllc.com\\\/faqs\\\/what-is-the-average-bicycle-accident-settlement\\\/\",\"url\":\"https:\\\/\\\/plg-pllc.com\\\/faqs\\\/what-is-the-average-bicycle-accident-settlement\\\/\",\"name\":\"What Is the Average Settlement for a Bicycle Accident?\",\"isPartOf\":{\"@id\":\"https:\\\/\\\/plg-pllc.com\\\/#website\"},\"datePublished\":\"2025-11-22T00:37:09+00:00\",\"description\":\"Learn what the average bicycle accident settlement is so you know what to expect when you file your claim after a crash.\",\"breadcrumb\":{\"@id\":\"https:\\\/\\\/plg-pllc.com\\\/faqs\\\/what-is-the-average-bicycle-accident-settlement\\\/#breadcrumb\"},\"inLanguage\":\"es\",\"potentialAction\":[{\"@type\":\"ReadAction\",\"target\":[\"https:\\\/\\\/plg-pllc.com\\\/faqs\\\/what-is-the-average-bicycle-accident-settlement\\\/\"]}]},{\"@type\":\"BreadcrumbList\",\"@id\":\"https:\\\/\\\/plg-pllc.com\\\/faqs\\\/what-is-the-average-bicycle-accident-settlement\\\/#breadcrumb\",\"itemListElement\":[{\"@type\":\"ListItem\",\"position\":1,\"name\":\"Home\",\"item\":\"https:\\\/\\\/plg-pllc.com\\\/es\\\/\"},{\"@type\":\"ListItem\",\"position\":2,\"name\":\"FAQs\",\"item\":\"https:\\\/\\\/plg-pllc.com\\\/es\\\/faqs\\\/\"},{\"@type\":\"ListItem\",\"position\":3,\"name\":\"What Is the Average Bicycle Accident Settlement?\"}]},{\"@type\":\"WebSite\",\"@id\":\"https:\\\/\\\/plg-pllc.com\\\/#website\",\"url\":\"https:\\\/\\\/plg-pllc.com\\\/\",\"name\":\"Premier Law Group\",\"description\":\"Washington Wrongful Death and Serious Injury Lawyer\",\"publisher\":{\"@id\":\"https:\\\/\\\/plg-pllc.com\\\/#organization\"},\"inLanguage\":\"es\"},{\"@type\":\"Organization\",\"@id\":\"https:\\\/\\\/plg-pllc.com\\\/#organization\",\"name\":\"Premier Law Group\",\"url\":\"https:\\\/\\\/plg-pllc.com\\\/\",\"logo\":{\"@type\":\"ImageObject\",\"inLanguage\":\"es\",\"@id\":\"https:\\\/\\\/plg-pllc.com\\\/#\\\/schema\\\/logo\\\/image\\\/\",\"url\":\"https:\\\/\\\/plg-pllc.com\\\/wp-content\\\/uploads\\\/2020\\\/10\\\/plg-logo-v2.gif\",\"contentUrl\":\"https:\\\/\\\/plg-pllc.com\\\/wp-content\\\/uploads\\\/2020\\\/10\\\/plg-logo-v2.gif\",\"width\":592,\"height\":191,\"caption\":\"Premier Law Group\"},\"image\":{\"@id\":\"https:\\\/\\\/plg-pllc.com\\\/#\\\/schema\\\/logo\\\/image\\\/\"},\"sameAs\":[\"https:\\\/\\\/www.facebook.com\\\/premierlawgroup\",\"https:\\\/\\\/x.com\\\/premierlawgroup\"]}]}<\/script>\n<!-- \/ Yoast SEO plugin. -->","yoast_head_json":{"title":"\u00bfCu\u00e1l es la indemnizaci\u00f3n promedio por un accidente de bicicleta?","description":"Inf\u00f3rmese sobre la indemnizaci\u00f3n promedio por accidente de bicicleta para saber qu\u00e9 esperar al presentar su reclamaci\u00f3n tras un accidente.","robots":{"index":"index","follow":"follow","max-snippet":"max-snippet:-1","max-image-preview":"max-image-preview:large","max-video-preview":"max-video-preview:-1"},"canonical":"https:\/\/plg-pllc.com\/es\/faqs\/what-is-the-average-bicycle-accident-settlement\/","og_locale":"es_MX","og_type":"article","og_title":"What Is the Average Settlement for a Bicycle Accident?","og_description":"Learn what the average bicycle accident settlement is so you know what to expect when you file your claim after a crash.","og_url":"https:\/\/plg-pllc.com\/es\/faqs\/what-is-the-average-bicycle-accident-settlement\/","og_site_name":"Premier Law Group","article_publisher":"https:\/\/www.facebook.com\/premierlawgroup","twitter_card":"summary_large_image","twitter_site":"@premierlawgroup","twitter_misc":{"Tiempo de lectura":"4 minutos"},"schema":{"@context":"https:\/\/schema.org","@graph":[{"@type":"WebPage","@id":"https:\/\/plg-pllc.com\/faqs\/what-is-the-average-bicycle-accident-settlement\/","url":"https:\/\/plg-pllc.com\/faqs\/what-is-the-average-bicycle-accident-settlement\/","name":"\u00bfCu\u00e1l es la indemnizaci\u00f3n promedio por un accidente de bicicleta?","isPartOf":{"@id":"https:\/\/plg-pllc.com\/#website"},"datePublished":"2025-11-22T00:37:09+00:00","description":"Inf\u00f3rmese sobre la indemnizaci\u00f3n promedio por accidente de bicicleta para saber qu\u00e9 esperar al presentar su reclamaci\u00f3n tras un accidente.","breadcrumb":{"@id":"https:\/\/plg-pllc.com\/faqs\/what-is-the-average-bicycle-accident-settlement\/#breadcrumb"},"inLanguage":"es","potentialAction":[{"@type":"ReadAction","target":["https:\/\/plg-pllc.com\/faqs\/what-is-the-average-bicycle-accident-settlement\/"]}]},{"@type":"BreadcrumbList","@id":"https:\/\/plg-pllc.com\/faqs\/what-is-the-average-bicycle-accident-settlement\/#breadcrumb","itemListElement":[{"@type":"ListItem","position":1,"name":"Home","item":"https:\/\/plg-pllc.com\/es\/"},{"@type":"ListItem","position":2,"name":"FAQs","item":"https:\/\/plg-pllc.com\/es\/faqs\/"},{"@type":"ListItem","position":3,"name":"What Is the Average Bicycle Accident Settlement?"}]},{"@type":"WebSite","@id":"https:\/\/plg-pllc.com\/#website","url":"https:\/\/plg-pllc.com\/","name":"Grupo de abogados Premier","description":"Abogado de muerte por negligencia y lesiones graves en Washington","publisher":{"@id":"https:\/\/plg-pllc.com\/#organization"},"inLanguage":"es"},{"@type":"Organization","@id":"https:\/\/plg-pllc.com\/#organization","name":"Grupo de abogados Premier","url":"https:\/\/plg-pllc.com\/","logo":{"@type":"ImageObject","inLanguage":"es","@id":"https:\/\/plg-pllc.com\/#\/schema\/logo\/image\/","url":"https:\/\/plg-pllc.com\/wp-content\/uploads\/2020\/10\/plg-logo-v2.gif","contentUrl":"https:\/\/plg-pllc.com\/wp-content\/uploads\/2020\/10\/plg-logo-v2.gif","width":592,"height":191,"caption":"Premier Law Group"},"image":{"@id":"https:\/\/plg-pllc.com\/#\/schema\/logo\/image\/"},"sameAs":["https:\/\/www.facebook.com\/premierlawgroup","https:\/\/x.com\/premierlawgroup"]}]}},"_links":{"self":[{"href":"https:\/\/plg-pllc.com\/es\/wp-json\/wp\/v2\/pages\/21608","targetHints":{"allow":["GET"]}}],"collection":[{"href":"https:\/\/plg-pllc.com\/es\/wp-json\/wp\/v2\/pages"}],"about":[{"href":"https:\/\/plg-pllc.com\/es\/wp-json\/wp\/v2\/types\/page"}],"author":[{"embeddable":true,"href":"https:\/\/plg-pllc.com\/es\/wp-json\/wp\/v2\/users\/65"}],"replies":[{"embeddable":true,"href":"https:\/\/plg-pllc.com\/es\/wp-json\/wp\/v2\/comments?post=21608"}],"version-history":[{"count":0,"href":"https:\/\/plg-pllc.com\/es\/wp-json\/wp\/v2\/pages\/21608\/revisions"}],"up":[{"embeddable":true,"href":"https:\/\/plg-pllc.com\/es\/wp-json\/wp\/v2\/pages\/20714"}],"wp:attachment":[{"href":"https:\/\/plg-pllc.com\/es\/wp-json\/wp\/v2\/media?parent=21608"}],"wp:term":[{"taxonomy":"hc_faqs","embeddable":true,"href":"https:\/\/plg-pllc.com\/es\/wp-json\/wp\/v2\/hc_faqs?post=21608"}],"curies":[{"name":"gracias","href":"https:\/\/api.w.org\/{rel}","templated":true}]}}