{"id":21649,"date":"2026-01-20T16:07:19","date_gmt":"2026-01-21T00:07:19","guid":{"rendered":"https:\/\/plg-pllc.com\/?page_id=21649"},"modified":"2026-01-20T16:07:49","modified_gmt":"2026-01-21T00:07:49","slug":"redmond-wrongful-death-lawyer","status":"publish","type":"page","link":"https:\/\/plg-pllc.com\/es\/redmond\/wrongful-death-lawyer\/","title":{"rendered":"Abogado de muerte por negligencia en Redmond"},"content":{"rendered":"<p><span style=\"font-weight: 400;\">Su familia puede obtener asistencia compasiva y profesional de nuestro equipo legal en Premier Law Group tras un accidente mortal. Nuestros abogados de homicidio culposo en Redmond pueden explicarle los pasos legales que debe seguir tras la p\u00e9rdida de un ser querido debido a la negligencia o mala conducta de otra persona.\u00a0<\/span><\/p>\n<p><span style=\"font-weight: 400;\">Creemos en priorizar las necesidades de nuestros clientes y tenemos<\/span><b> M\u00e1s de cinco d\u00e9cadas de experiencia combinada<\/b><span style=\"font-weight: 400;\">. Nuestro <\/span><a href=\"https:\/\/plg-pllc.com\/redmond\/personal-injury-lawyer\/\"><span style=\"font-weight: 400;\">Abogados de lesiones personales en Redmond<\/span><\/a><span style=\"font-weight: 400;\"> Puede garantizar que usted tenga el apoyo que merece durante este momento dif\u00edcil de su vida.\u00a0<\/span><\/p>\n<h2><span style=\"font-weight: 400;\">\u00bfPor qu\u00e9 contratar a nuestros abogados de muerte por negligencia en Redmond, WA?<\/span><\/h2>\n<p><span style=\"font-weight: 400;\">Nuestro equipo comprende los desaf\u00edos legales, emocionales y financieros que puede enfrentar tras la p\u00e9rdida de un ser querido. Podemos intervenir para brindarle atenci\u00f3n legal personalizada, apoyando a su familia mientras emprende acciones legales contra la parte culpable.\u00a0<\/span><\/p>\n<p><span style=\"font-weight: 400;\">Puede confiar en nosotros para:<\/span><\/p>\n<h3><span style=\"font-weight: 400;\">Explique su situaci\u00f3n<\/span><\/h3>\n<p><span style=\"font-weight: 400;\">Nos tomamos el tiempo de revisar cuidadosamente la situaci\u00f3n legal de su familia para brindarle informaci\u00f3n detallada sobre los pasos a seguir. Tambi\u00e9n podemos responder cualquier pregunta que tenga con respuestas directas.\u00a0<\/span><\/p>\n<h3><span style=\"font-weight: 400;\">Recopilar evidencia<\/span><\/h3>\n<p><span style=\"font-weight: 400;\">Nos centramos en preparar su reclamaci\u00f3n, recopilando pruebas que puedan establecer la responsabilidad de la p\u00e9rdida de su ser querido. Es posible que necesitemos hablar con testigos, obtener copias de los informes de accidentes y trabajar con expertos que comprendan lo sucedido.\u00a0<\/span><\/p>\n<h3><span style=\"font-weight: 400;\">Resuelva su reclamo por muerte por negligencia<\/span><\/h3>\n<p><span style=\"font-weight: 400;\">Trabajamos con rapidez para explorar opciones y resolver demandas por homicidio culposo en nombre de nuestros clientes. Podemos negociar con compa\u00f1\u00edas de seguros o asistir en una demanda. Le explicaremos cada opci\u00f3n disponible para su familia cuando nos contacte para obtener ayuda.\u00a0<\/span><\/p>\n<h2><span style=\"font-weight: 400;\">\u00bfQui\u00e9n puede presentar una demanda por muerte por negligencia en Redmond?<\/span><\/h2>\n<p><span style=\"font-weight: 400;\">En la mayor\u00eda de los casos, Washington permite <\/span><b>un representante personal del fallecido<\/b><span style=\"font-weight: 400;\"> Para presentar una demanda por homicidio culposo en su nombre. Su ser querido puede elegir un representante antes de fallecer, redactando ciertos documentos legales, como testamentos.\u00a0<\/span><\/p>\n<p><span style=\"font-weight: 400;\">Si su ser querido no eligi\u00f3 un representante, el tribunal puede asignar a alguien para desempe\u00f1ar esta funci\u00f3n.\u00a0<\/span><\/p>\n<h3><span style=\"font-weight: 400;\">Excepciones a las regulaciones para representantes personales<\/span><\/h3>\n<p><span style=\"font-weight: 400;\">Generalmente, solo un representante legalmente designado puede presentar una demanda por homicidio culposo. Sin embargo, en situaciones que involucran a menores, un padre o tutor puede intervenir para presentar este tipo de demanda legal. Nuestros abogados especializados en homicidio culposo en Redmond pueden revisar su situaci\u00f3n y explicarle exactamente qui\u00e9nes califican para emprender esta acci\u00f3n legal.\u00a0<\/span><\/p>\n<h2><span style=\"font-weight: 400;\">Da\u00f1os disponibles por reclamos por muerte por negligencia<\/span><\/h2>\n<p><span style=\"font-weight: 400;\">Su familia podr\u00eda tener derecho a fondos para cubrir los da\u00f1os asociados a un accidente mortal. La parte responsable podr\u00eda tener que pagar:<\/span><\/p>\n<ul>\n<li style=\"font-weight: 400;\" aria-level=\"1\"><span style=\"font-weight: 400;\">Los gastos m\u00e9dicos de su ser querido<\/span><\/li>\n<li style=\"font-weight: 400;\" aria-level=\"1\"><span style=\"font-weight: 400;\">Gastos de entierro y funeral<\/span><\/li>\n<li style=\"font-weight: 400;\" aria-level=\"1\"><span style=\"font-weight: 400;\">P\u00e9rdida de afecto, amor y cuidado.<\/span><\/li>\n<li style=\"font-weight: 400;\" aria-level=\"1\"><span style=\"font-weight: 400;\">P\u00e9rdida de compa\u00f1\u00eda y entrenamiento\u00a0<\/span><\/li>\n<li style=\"font-weight: 400;\" aria-level=\"1\"><span style=\"font-weight: 400;\">P\u00e9rdida de apoyo financiero\u00a0<\/span><\/li>\n<\/ul>\n<p><span style=\"font-weight: 400;\">Nuestro equipo puede revisar su situaci\u00f3n y brindarle m\u00e1s informaci\u00f3n sobre los fondos disponibles para su familia. Nos ponemos manos a la obra con rapidez, enfoc\u00e1ndonos en asegurarnos de que comprenda completamente su situaci\u00f3n para que pueda tomar decisiones informadas.\u00a0<\/span><\/p>\n\n        <div class=\"rs-content-cta long\">\n            <p>Para una consulta legal GRATUITA con un abogado especializado en muerte por negligencia que atiende en Redmond, llame al <a href=\"tel:+12062851743\">(206) 285-1743 <\/a><\/p>\n            <a href=\"https:\/\/plg-pllc.com\/es\/contact-us\/\" title=\"OBTENGA UNA EVALUACI\u00d3N DE CASO GRATUITA\" class=\"btn-global\">OBTENGA UNA EVALUACI\u00d3N DE CASO GRATUITA<\/a>\n                    <picture>\n                            <source srcset=\"https:\/\/plg-pllc.com\/wp-content\/themes\/plg-pllc-redesign\/assets\/app\/img\/cta-thumb.webp\" type=\"image\/webp\"\/>\n                            <img src=\"https:\/\/plg-pllc.com\/wp-content\/themes\/plg-pllc-redesign\/assets\/app\/img\/cta-thumb.png\" alt=\"Grupo de abogados Premier\" title=\"Grupo de abogados Premier\" width=\"245\" height=\"220\" loading=\"auto\" fetchpriority=\"auto\" decoding=\"async\"\/>\n        <\/picture>\n        \n        <\/div><h2><span style=\"font-weight: 400;\">Plazos para su reclamaci\u00f3n por muerte por negligencia<\/span><\/h2>\n<p><span style=\"font-weight: 400;\">De acuerdo a <\/span><a href=\"https:\/\/app.leg.wa.gov\/rcw\/default.aspx?cite=4.16.080\" target=\"_blank\" rel=\"noopener\"><span style=\"font-weight: 400;\">Secci\u00f3n 4.16.080 del C\u00f3digo Civil<\/span><\/a><span style=\"font-weight: 400;\">, normalmente solo tendr\u00e1s <\/span><b>tres a\u00f1os <\/b><span style=\"font-weight: 400;\">Tras la p\u00e9rdida de un ser querido, se puede presentar una demanda por homicidio culposo. Si espera demasiado y excede el plazo de prescripci\u00f3n, el sistema legal de Washington desestimar\u00e1 su demanda, impidiendo que su familia emprenda acciones legales contra la parte culpable.\u00a0<\/span><\/p>\n<p><span style=\"font-weight: 400;\">En algunos casos, es posible que tenga menos tiempo para presentar una reclamaci\u00f3n. Por lo tanto, le recomendamos hablar con un abogado para asegurarse de comprender los plazos de su caso.\u00a0<\/span><\/p>\n<h2><span style=\"font-weight: 400;\">Razones para elegir nuestro bufete de abogados<\/span><\/h2>\n<p><span style=\"font-weight: 400;\">Nuestro equipo en Premier Law Group cuenta con d\u00e9cadas de experiencia combinada y sabe lo necesario para gestionar con \u00e9xito las reclamaciones de las familias tras un accidente mortal. Conocemos el sistema legal de Redmond y, gracias a nuestros conocimientos, podemos elaborar una reclamaci\u00f3n personalizada en su nombre.\u00a0<\/span><\/p>\n<p><span style=\"font-weight: 400;\">Hemos asegurado <\/span><b>M\u00e1s de $100 millones <\/b><span style=\"font-weight: 400;\">En compensaci\u00f3n para los clientes que han recurrido a nosotros en busca de ayuda. Entendemos los fondos que su familia podr\u00eda tener derecho a recibir, aunque entendemos que el dinero no puede devolverle la vida a su ser querido.\u00a0<\/span><\/p>\n<p><span style=\"font-weight: 400;\">Emprender acciones legales contra la parte culpable puede brindarle a su familia una sensaci\u00f3n de cierre y permitirle responsabilizarlos por sus acciones. Puede obtener m\u00e1s informaci\u00f3n sobre c\u00f3mo podemos ayudarle y sus opciones contactando para una revisi\u00f3n gratuita de su caso.\u00a0<\/span><\/p>\n<h2><span style=\"font-weight: 400;\">Hable con nuestra firma despu\u00e9s de un accidente fatal en Redmond, WA<\/span><\/h2>\n<p><span style=\"font-weight: 400;\">Puede recibir ayuda profesional y compasiva de nuestro equipo en Premier Law Group si ha perdido a un ser querido. Nuestros abogados de homicidio culposo en Redmond le dar\u00e1n prioridad, priorizando sus necesidades y enfoc\u00e1ndose en los detalles de la situaci\u00f3n legal de su familia.\u00a0<\/span><\/p>\n<p><span style=\"font-weight: 400;\">Nos aseguraremos de que usted comprenda cada paso que debe seguir despu\u00e9s de un accidente mortal, respondiendo r\u00e1pidamente a sus preguntas y brind\u00e1ndole asesoramiento durante todo el proceso legal.\u00a0<\/span><\/p>\n<p><span style=\"font-weight: 400;\">Puede contar con nosotros para ayudarle con sus reclamaciones de seguros o una demanda. Estamos a su disposici\u00f3n y listos para encargarnos de sus asuntos. Puede contar con nosotros para gestionar sus asuntos legales mientras usted atiende las necesidades emocionales de su familia.\u00a0<\/span><\/p>\n\n        <div class=\"rs-content-cta\">\n            <p>Llamar o enviar mensaje de texto <a href=\"tel:+12062851743\">(206) 285-1743<\/a> o complete un formulario de evaluaci\u00f3n de caso gratuito<\/p>\n            <a href=\"https:\/\/plg-pllc.com\/es\/contact-us\/\" title=\"OBTENGA UNA EVALUACI\u00d3N DE CASO GRATUITA\" class=\"btn-global\">OBTENGA UNA EVALUACI\u00d3N DE CASO GRATUITA<\/a>\n                    <picture>\n                            <source srcset=\"https:\/\/plg-pllc.com\/wp-content\/themes\/plg-pllc-redesign\/assets\/app\/img\/cta-thumb.webp\" type=\"image\/webp\"\/>\n                            <img src=\"https:\/\/plg-pllc.com\/wp-content\/themes\/plg-pllc-redesign\/assets\/app\/img\/cta-thumb.png\" alt=\"Grupo de abogados Premier\" title=\"Grupo de abogados Premier\" width=\"245\" height=\"220\" loading=\"auto\" fetchpriority=\"auto\" decoding=\"async\"\/>\n        <\/picture>\n        \n        <\/div>","protected":false},"excerpt":{"rendered":"<p>Su familia puede obtener asistencia compasiva y profesional de nuestro equipo legal en Premier Law Group tras un accidente mortal. Nuestros abogados de homicidio culposo en Redmond pueden explicarle los pasos legales que debe seguir tras la p\u00e9rdida de un ser querido debido a la negligencia o mala conducta de otra persona. Creemos en priorizar las necesidades de nuestros...<\/p>","protected":false},"author":61,"featured_media":0,"parent":20288,"menu_order":0,"comment_status":"closed","ping_status":"closed","template":"","meta":{"_acf_changed":false,"_genesis_hide_title":false,"_genesis_hide_breadcrumbs":false,"_genesis_hide_singular_image":false,"_genesis_hide_footer_widgets":false,"_genesis_custom_body_class":"","_genesis_custom_post_class":"","_genesis_layout":"","footnotes":""},"hc_faqs":[],"class_list":{"0":"post-21649","1":"page","2":"type-page","3":"status-publish","5":"hc_city_location-redmond","6":"entry"},"acf":[],"yoast_head":"<!-- This site is optimized with the Yoast SEO plugin v27.4 - https:\/\/yoast.com\/product\/yoast-seo-wordpress\/ -->\n<title>Wrongful Death Lawyer in Redmond | Compassionate Assistance<\/title>\n<meta name=\"description\" content=\"Your family can get professional legal support from our Redmond wrongful death lawyers after the loss of a loved one.\" \/>\n<meta name=\"robots\" content=\"index, follow, max-snippet:-1, max-image-preview:large, max-video-preview:-1\" \/>\n<link rel=\"canonical\" href=\"https:\/\/plg-pllc.com\/es\/redmond\/wrongful-death-lawyer\/\" \/>\n<meta property=\"og:locale\" content=\"es_MX\" \/>\n<meta property=\"og:type\" content=\"article\" \/>\n<meta property=\"og:title\" content=\"Wrongful Death Lawyer in Redmond | Compassionate Assistance\" \/>\n<meta property=\"og:description\" content=\"Your family can get professional legal support from our Redmond wrongful death lawyers after the loss of a loved one.\" \/>\n<meta property=\"og:url\" content=\"https:\/\/plg-pllc.com\/es\/redmond\/wrongful-death-lawyer\/\" \/>\n<meta property=\"og:site_name\" content=\"Premier Law Group\" \/>\n<meta property=\"article:publisher\" content=\"https:\/\/www.facebook.com\/premierlawgroup\" \/>\n<meta property=\"article:modified_time\" content=\"2026-01-21T00:07:49+00:00\" \/>\n<meta name=\"twitter:card\" content=\"summary_large_image\" \/>\n<meta name=\"twitter:site\" content=\"@premierlawgroup\" \/>\n<meta name=\"twitter:label1\" content=\"Tiempo de lectura\" \/>\n\t<meta name=\"twitter:data1\" content=\"4 minutos\" \/>\n<script type=\"application\/ld+json\" class=\"yoast-schema-graph\">{\"@context\":\"https:\\\/\\\/schema.org\",\"@graph\":[{\"@type\":\"WebPage\",\"@id\":\"https:\\\/\\\/plg-pllc.com\\\/redmond\\\/wrongful-death-lawyer\\\/\",\"url\":\"https:\\\/\\\/plg-pllc.com\\\/redmond\\\/wrongful-death-lawyer\\\/\",\"name\":\"Wrongful Death Lawyer in Redmond | Compassionate Assistance\",\"isPartOf\":{\"@id\":\"https:\\\/\\\/plg-pllc.com\\\/#website\"},\"datePublished\":\"2026-01-21T00:07:19+00:00\",\"dateModified\":\"2026-01-21T00:07:49+00:00\",\"description\":\"Your family can get professional legal support from our Redmond wrongful death lawyers after the loss of a loved one.\",\"breadcrumb\":{\"@id\":\"https:\\\/\\\/plg-pllc.com\\\/redmond\\\/wrongful-death-lawyer\\\/#breadcrumb\"},\"inLanguage\":\"es\",\"potentialAction\":[{\"@type\":\"ReadAction\",\"target\":[\"https:\\\/\\\/plg-pllc.com\\\/redmond\\\/wrongful-death-lawyer\\\/\"]}]},{\"@type\":\"BreadcrumbList\",\"@id\":\"https:\\\/\\\/plg-pllc.com\\\/redmond\\\/wrongful-death-lawyer\\\/#breadcrumb\",\"itemListElement\":[{\"@type\":\"ListItem\",\"position\":1,\"name\":\"Home\",\"item\":\"https:\\\/\\\/plg-pllc.com\\\/es\\\/\"},{\"@type\":\"ListItem\",\"position\":2,\"name\":\"Redmond Personal Injury Lawyer\",\"item\":\"https:\\\/\\\/plg-pllc.com\\\/es\\\/redmond\\\/personal-injury-lawyer\\\/\"},{\"@type\":\"ListItem\",\"position\":3,\"name\":\"Redmond Wrongful Death Lawyer\"}]},{\"@type\":\"WebSite\",\"@id\":\"https:\\\/\\\/plg-pllc.com\\\/#website\",\"url\":\"https:\\\/\\\/plg-pllc.com\\\/\",\"name\":\"Premier Law Group\",\"description\":\"Washington Wrongful Death and Serious Injury Lawyer\",\"publisher\":{\"@id\":\"https:\\\/\\\/plg-pllc.com\\\/#organization\"},\"inLanguage\":\"es\"},{\"@type\":\"Organization\",\"@id\":\"https:\\\/\\\/plg-pllc.com\\\/#organization\",\"name\":\"Premier Law Group\",\"url\":\"https:\\\/\\\/plg-pllc.com\\\/\",\"logo\":{\"@type\":\"ImageObject\",\"inLanguage\":\"es\",\"@id\":\"https:\\\/\\\/plg-pllc.com\\\/#\\\/schema\\\/logo\\\/image\\\/\",\"url\":\"https:\\\/\\\/plg-pllc.com\\\/wp-content\\\/uploads\\\/2020\\\/10\\\/plg-logo-v2.gif\",\"contentUrl\":\"https:\\\/\\\/plg-pllc.com\\\/wp-content\\\/uploads\\\/2020\\\/10\\\/plg-logo-v2.gif\",\"width\":592,\"height\":191,\"caption\":\"Premier Law Group\"},\"image\":{\"@id\":\"https:\\\/\\\/plg-pllc.com\\\/#\\\/schema\\\/logo\\\/image\\\/\"},\"sameAs\":[\"https:\\\/\\\/www.facebook.com\\\/premierlawgroup\",\"https:\\\/\\\/x.com\\\/premierlawgroup\"]}]}<\/script>\n<!-- \/ Yoast SEO plugin. -->","yoast_head_json":{"title":"Abogado de homicidio culposo en Redmond | Asistencia compasiva","description":"Su familia puede obtener apoyo legal profesional de nuestros abogados de muerte por negligencia de Redmond despu\u00e9s de la p\u00e9rdida de un ser querido.","robots":{"index":"index","follow":"follow","max-snippet":"max-snippet:-1","max-image-preview":"max-image-preview:large","max-video-preview":"max-video-preview:-1"},"canonical":"https:\/\/plg-pllc.com\/es\/redmond\/wrongful-death-lawyer\/","og_locale":"es_MX","og_type":"article","og_title":"Wrongful Death Lawyer in Redmond | Compassionate Assistance","og_description":"Your family can get professional legal support from our Redmond wrongful death lawyers after the loss of a loved one.","og_url":"https:\/\/plg-pllc.com\/es\/redmond\/wrongful-death-lawyer\/","og_site_name":"Premier Law Group","article_publisher":"https:\/\/www.facebook.com\/premierlawgroup","article_modified_time":"2026-01-21T00:07:49+00:00","twitter_card":"summary_large_image","twitter_site":"@premierlawgroup","twitter_misc":{"Tiempo de lectura":"4 minutos"},"schema":{"@context":"https:\/\/schema.org","@graph":[{"@type":"WebPage","@id":"https:\/\/plg-pllc.com\/redmond\/wrongful-death-lawyer\/","url":"https:\/\/plg-pllc.com\/redmond\/wrongful-death-lawyer\/","name":"Abogado de homicidio culposo en Redmond | Asistencia compasiva","isPartOf":{"@id":"https:\/\/plg-pllc.com\/#website"},"datePublished":"2026-01-21T00:07:19+00:00","dateModified":"2026-01-21T00:07:49+00:00","description":"Su familia puede obtener apoyo legal profesional de nuestros abogados de muerte por negligencia de Redmond despu\u00e9s de la p\u00e9rdida de un ser querido.","breadcrumb":{"@id":"https:\/\/plg-pllc.com\/redmond\/wrongful-death-lawyer\/#breadcrumb"},"inLanguage":"es","potentialAction":[{"@type":"ReadAction","target":["https:\/\/plg-pllc.com\/redmond\/wrongful-death-lawyer\/"]}]},{"@type":"BreadcrumbList","@id":"https:\/\/plg-pllc.com\/redmond\/wrongful-death-lawyer\/#breadcrumb","itemListElement":[{"@type":"ListItem","position":1,"name":"Home","item":"https:\/\/plg-pllc.com\/es\/"},{"@type":"ListItem","position":2,"name":"Redmond Personal Injury Lawyer","item":"https:\/\/plg-pllc.com\/es\/redmond\/personal-injury-lawyer\/"},{"@type":"ListItem","position":3,"name":"Redmond Wrongful Death Lawyer"}]},{"@type":"WebSite","@id":"https:\/\/plg-pllc.com\/#website","url":"https:\/\/plg-pllc.com\/","name":"Grupo de abogados Premier","description":"Abogado de muerte por negligencia y lesiones graves en Washington","publisher":{"@id":"https:\/\/plg-pllc.com\/#organization"},"inLanguage":"es"},{"@type":"Organization","@id":"https:\/\/plg-pllc.com\/#organization","name":"Grupo de abogados Premier","url":"https:\/\/plg-pllc.com\/","logo":{"@type":"ImageObject","inLanguage":"es","@id":"https:\/\/plg-pllc.com\/#\/schema\/logo\/image\/","url":"https:\/\/plg-pllc.com\/wp-content\/uploads\/2020\/10\/plg-logo-v2.gif","contentUrl":"https:\/\/plg-pllc.com\/wp-content\/uploads\/2020\/10\/plg-logo-v2.gif","width":592,"height":191,"caption":"Premier Law Group"},"image":{"@id":"https:\/\/plg-pllc.com\/#\/schema\/logo\/image\/"},"sameAs":["https:\/\/www.facebook.com\/premierlawgroup","https:\/\/x.com\/premierlawgroup"]}]}},"_links":{"self":[{"href":"https:\/\/plg-pllc.com\/es\/wp-json\/wp\/v2\/pages\/21649","targetHints":{"allow":["GET"]}}],"collection":[{"href":"https:\/\/plg-pllc.com\/es\/wp-json\/wp\/v2\/pages"}],"about":[{"href":"https:\/\/plg-pllc.com\/es\/wp-json\/wp\/v2\/types\/page"}],"author":[{"embeddable":true,"href":"https:\/\/plg-pllc.com\/es\/wp-json\/wp\/v2\/users\/61"}],"replies":[{"embeddable":true,"href":"https:\/\/plg-pllc.com\/es\/wp-json\/wp\/v2\/comments?post=21649"}],"version-history":[{"count":0,"href":"https:\/\/plg-pllc.com\/es\/wp-json\/wp\/v2\/pages\/21649\/revisions"}],"up":[{"embeddable":true,"href":"https:\/\/plg-pllc.com\/es\/wp-json\/wp\/v2\/pages\/20288"}],"wp:attachment":[{"href":"https:\/\/plg-pllc.com\/es\/wp-json\/wp\/v2\/media?parent=21649"}],"wp:term":[{"taxonomy":"hc_faqs","embeddable":true,"href":"https:\/\/plg-pllc.com\/es\/wp-json\/wp\/v2\/hc_faqs?post=21649"}],"curies":[{"name":"gracias","href":"https:\/\/api.w.org\/{rel}","templated":true}]}}