{"id":21650,"date":"2026-01-20T16:10:05","date_gmt":"2026-01-21T00:10:05","guid":{"rendered":"https:\/\/plg-pllc.com\/?page_id=21650"},"modified":"2026-01-20T16:12:23","modified_gmt":"2026-01-21T00:12:23","slug":"redmond-pedestrian-accident-lawyer","status":"publish","type":"page","link":"https:\/\/plg-pllc.com\/es\/redmond\/pedestrian-accident-lawyer\/","title":{"rendered":"Abogado de accidentes de peatones en Redmond"},"content":{"rendered":"<p><span style=\"font-weight: 400;\">Tiene opciones legales que le permiten obtener una compensaci\u00f3n justa por sus p\u00e9rdidas despu\u00e9s de un accidente, y nuestro equipo de Premier Law Group puede guiarlo en el proceso para lograr una recuperaci\u00f3n financiera completa. Nuestros abogados de accidentes peatonales en Redmond saben lo que se necesita para resolver con \u00e9xito estas reclamaciones.\u00a0<\/span><\/p>\n<p><span style=\"font-weight: 400;\">Contamos con m\u00e1s de cinco d\u00e9cadas de experiencia combinada. Puede contar con nuestra <\/span><a href=\"https:\/\/plg-pllc.com\/redmond\/personal-injury-lawyer\/\"><span style=\"font-weight: 400;\">Abogados de lesiones personales en Redmond<\/span><\/a><span style=\"font-weight: 400;\"> aprovechar esta experiencia al momento de construir su reclamo y defender sus derechos despu\u00e9s de un accidente.\u00a0<\/span><\/p>\n<h2><span style=\"font-weight: 400;\">\u00bfPor qu\u00e9 contratar a nuestros abogados de accidentes de peatones en Redmond, WA?<\/span><\/h2>\n<p><span style=\"font-weight: 400;\">Contratar a uno de nuestros abogados despu\u00e9s de un accidente peatonal puede <\/span><b>mejorar las posibilidades<\/b><span style=\"font-weight: 400;\"> Recibir\u00e1 la m\u00e1xima compensaci\u00f3n por sus p\u00e9rdidas. Nuestro equipo especializado se centrar\u00e1 en sus necesidades y desarrollar\u00e1 un plan personalizado para resolver su reclamo.<\/span><\/p>\n<p><span style=\"font-weight: 400;\">Dependiendo de su situaci\u00f3n, podemos:<\/span><\/p>\n<h3><span style=\"font-weight: 400;\">Explique su situaci\u00f3n<\/span><\/h3>\n<p><span style=\"font-weight: 400;\">Nos tomamos el tiempo para revisar todos los datos sobre su accidente. Responderemos a sus preguntas y nos aseguraremos de que comprenda la <\/span><a href=\"https:\/\/plg-pllc.com\/faqs\/seven-steps-to-take-after-a-pedestrian-accident\/\"><span style=\"font-weight: 400;\">Siete pasos a seguir despu\u00e9s de un accidente peatonal<\/span><\/a><span style=\"font-weight: 400;\">. Tambi\u00e9n le ayudaremos a identificar errores que podr\u00edan perjudicar su reclamaci\u00f3n.\u00a0<\/span><\/p>\n<h3><span style=\"font-weight: 400;\">Investigar y recopilar evidencia<\/span><\/h3>\n<p><span style=\"font-weight: 400;\">Nos centramos en recopilar pruebas para establecer que alguien m\u00e1s caus\u00f3 su accidente y que necesita cubrir sus p\u00e9rdidas. Nuestra investigaci\u00f3n podr\u00eda requerir que:<\/span><\/p>\n<ul>\n<li style=\"font-weight: 400;\" aria-level=\"1\"><span style=\"font-weight: 400;\">Tomar declaraciones de todos los testigos presenciales<\/span><\/li>\n<li style=\"font-weight: 400;\" aria-level=\"1\"><span style=\"font-weight: 400;\">Obtenga una copia del informe del accidente presentado por la polic\u00eda.<\/span><\/li>\n<li style=\"font-weight: 400;\" aria-level=\"1\"><span style=\"font-weight: 400;\">Busque v\u00eddeos o fotograf\u00edas que muestren el accidente.<\/span><\/li>\n<\/ul>\n<p><span style=\"font-weight: 400;\">Nos encargamos del proceso de investigaci\u00f3n para que usted pueda concentrarse en su recuperaci\u00f3n.\u00a0<\/span><\/p>\n<h3><span style=\"font-weight: 400;\">Ayuda con su reclamo de seguro<\/span><\/h3>\n<p><span style=\"font-weight: 400;\">Nuestros abogados de accidentes peatonales en Redmond pueden ayudarle con todas las negociaciones de seguros despu\u00e9s de un accidente. Nos encargamos de tratar con los representantes de seguros, revisar todas las ofertas de conciliaci\u00f3n de la compa\u00f1\u00eda y centrarnos en obtener los fondos necesarios para cubrir todas las p\u00e9rdidas que pueda enfrentar.\u00a0<\/span><\/p>\n<h3><span style=\"font-weight: 400;\">Ayudar con una demanda<\/span><\/h3>\n<p><span style=\"font-weight: 400;\">En algunos casos, las compa\u00f1\u00edas de seguros se niegan repetidamente a ofrecer indemnizaciones justas a los peatones lesionados. Si se encuentra en esta situaci\u00f3n, nuestro bufete puede enfocarse en presentar una demanda contra la parte culpable y asistirle con el litigio.\u00a0<\/span><\/p>\n<h2><span style=\"font-weight: 400;\">Su compensaci\u00f3n despu\u00e9s de una colisi\u00f3n peatonal<\/span><\/h2>\n<p><span style=\"font-weight: 400;\">Estamos aqu\u00ed para ayudarle a obtener los fondos que necesita para cubrir todas sus p\u00e9rdidas despu\u00e9s de un accidente peatonal. Hemos tra\u00eddo a nuestros clientes... <\/span><b>m\u00e1s de $100 millones en compensaci\u00f3n<\/b><span style=\"font-weight: 400;\">, por lo que sabemos lo que se necesita para gestionar con \u00e9xito estos reclamos.\u00a0<\/span><\/p>\n<p><span style=\"font-weight: 400;\">Cuando recurre a nosotros en busca de ayuda, podemos centrarnos en garantizar pagos justos para su:<\/span><\/p>\n<ul>\n<li style=\"font-weight: 400;\" aria-level=\"1\"><span style=\"font-weight: 400;\">Gastos m\u00e9dicos<\/span><\/li>\n<li style=\"font-weight: 400;\" aria-level=\"1\"><span style=\"font-weight: 400;\">Salarios perdidos<\/span><\/li>\n<li style=\"font-weight: 400;\" aria-level=\"1\"><span style=\"font-weight: 400;\">Reparaciones de propiedad<\/span><\/li>\n<li style=\"font-weight: 400;\" aria-level=\"1\"><span style=\"font-weight: 400;\">Dolor y <\/span><a href=\"https:\/\/legal-dictionary.thefreedictionary.com\/Emotional+distress\" target=\"_blank\" rel=\"noopener\"><span style=\"font-weight: 400;\">angustia emocional<\/span><\/a><\/li>\n<li style=\"font-weight: 400;\" aria-level=\"1\"><span style=\"font-weight: 400;\">sufrimiento mental<\/span><\/li>\n<\/ul>\n<p><span style=\"font-weight: 400;\">Revisaremos cuidadosamente su situaci\u00f3n para que podamos determinar un valor justo por sus p\u00e9rdidas, lo que nos permitir\u00e1 saber cu\u00e1nta compensaci\u00f3n solicitar a la parte responsable.\u00a0<\/span><\/p>\n<h2><span style=\"font-weight: 400;\">Razones para elegir nuestro bufete de abogados para manejar su reclamo<\/span><\/h2>\n<p><span style=\"font-weight: 400;\">Nuestro equipo en Premier Law Group se encarga <\/span><a href=\"https:\/\/plg-pllc.com\/infographics\/pedestrian-safety\/\"><span style=\"font-weight: 400;\">seguridad peatonal<\/span><\/a><span style=\"font-weight: 400;\"> En serio, y estamos completamente listos para ayudarle con su reclamo si un automovilista lo golpea en un estacionamiento, un cruce de peatones o mientras camina por la carretera.\u00a0<\/span><\/p>\n<p><span style=\"font-weight: 400;\">Contamos con una amplia experiencia y los recursos necesarios para manejar reclamos complejos por lesiones personales. Hemos servido<\/span><b> miles de clientes<\/b><span style=\"font-weight: 400;\">, brindando una asistencia personalizada que ajustamos en funci\u00f3n de las particularidades de cada situaci\u00f3n.\u00a0<\/span><\/p>\n<p><span style=\"font-weight: 400;\">Tambi\u00e9n trabajamos con honorarios de contingencia. Nuestro bufete solo aceptar\u00e1 el pago de nuestros honorarios legales despu\u00e9s de resolver su reclamaci\u00f3n, aunque podr\u00eda tener que asumir otros costos asociados con el proceso legal.\u00a0<\/span><\/p>\n\n        <div class=\"rs-content-cta long\">\n            <p>Para una consulta legal GRATUITA con un abogado de accidentes peatonales que atienda a Redmond, llame al <a href=\"tel:+12062851743\">(206) 285-1743 <\/a><\/p>\n            <a href=\"https:\/\/plg-pllc.com\/es\/contact-us\/\" title=\"OBTENGA UNA EVALUACI\u00d3N DE CASO GRATUITA\" class=\"btn-global\">OBTENGA UNA EVALUACI\u00d3N DE CASO GRATUITA<\/a>\n                    <picture>\n                            <source srcset=\"https:\/\/plg-pllc.com\/wp-content\/themes\/plg-pllc-redesign\/assets\/app\/img\/cta-thumb.webp\" type=\"image\/webp\"\/>\n                            <img src=\"https:\/\/plg-pllc.com\/wp-content\/themes\/plg-pllc-redesign\/assets\/app\/img\/cta-thumb.png\" alt=\"Grupo de abogados Premier\" title=\"Grupo de abogados Premier\" width=\"245\" height=\"220\" loading=\"auto\" fetchpriority=\"auto\" decoding=\"async\"\/>\n        <\/picture>\n        \n        <\/div><h2><span style=\"font-weight: 400;\">Qu\u00e9 hacer despu\u00e9s de un accidente peatonal<\/span><\/h2>\n<p><span style=\"font-weight: 400;\">Debe tomar ciertas medidas despu\u00e9s de una colisi\u00f3n peatonal para asegurarse de tener mayores posibilidades de lograr un resultado positivo. <\/span><b>recuperaci\u00f3n financiera completa<\/b><span style=\"font-weight: 400;\">. Deber\u00eda:<\/span><\/p>\n<h3><span style=\"font-weight: 400;\">Informe a la polic\u00eda sobre el accidente<\/span><\/h3>\n<p><span style=\"font-weight: 400;\">Debe notificar a la polic\u00eda despu\u00e9s de un accidente peatonal. Ellos deben revisar lo sucedido y presentar un informe oficial. En muchos casos, nuestros abogados pueden utilizar la informaci\u00f3n de estos informes para presentar demandas por lesiones personales.<\/span><\/p>\n<h3><span style=\"font-weight: 400;\">Obtenga atenci\u00f3n m\u00e9dica<\/span><\/h3>\n<p><span style=\"font-weight: 400;\">Debe recibir tratamiento inmediato por cualquier lesi\u00f3n causada por su accidente peatonal. Estos choques suelen causar lesiones graves, como conmociones cerebrales y fracturas. Puede relacionar las lesiones directamente con la colisi\u00f3n si recibe tratamiento inmediato.\u00a0<\/span><\/p>\n<h3><span style=\"font-weight: 400;\">Mantenga un registro de todo lo que sucedi\u00f3<\/span><\/h3>\n<p><span style=\"font-weight: 400;\">Debe anotar todo lo que recuerde del accidente despu\u00e9s del accidente. Si es posible, tambi\u00e9n debe obtener fotos de sus lesiones y los datos de contacto de todas las personas que presenciaron la colisi\u00f3n. Nuestros abogados pueden usar esta evidencia al elaborar su reclamaci\u00f3n.<\/span><\/p>\n<h3><span style=\"font-weight: 400;\">Comun\u00edquese con nuestros abogados<\/span><\/h3>\n<p><span style=\"font-weight: 400;\">Por \u00faltimo, aseg\u00farese de recibir ayuda profesional de nuestro equipo legal despu\u00e9s de un accidente. Estamos aqu\u00ed para ofrecerle el apoyo especializado que necesita durante el proceso legal, as\u00ed que no dude en contactarnos para obtener ayuda.\u00a0<\/span><\/p>\n<h2><span style=\"font-weight: 400;\">Hable con nosotros despu\u00e9s de su accidente peatonal en Redmond, WA<\/span><\/h2>\n<p><span style=\"font-weight: 400;\">Puede obtener la ayuda profesional que necesita despu\u00e9s de una colisi\u00f3n con nuestro equipo de Premier Law Group. Nuestros abogados de accidentes peatonales en Redmond pueden... <\/span><b>Le guiaremos a trav\u00e9s de cada paso del proceso legal.<\/b><span style=\"font-weight: 400;\">, ayud\u00e1ndole a obtener el dinero que necesita para recuperarse financieramente.\u00a0<\/span><\/p>\n<p><span style=\"font-weight: 400;\">Ponemos a nuestros clientes primero y estamos aqu\u00ed para ayudarlo con cualquier desaf\u00edo que enfrente.\u00a0<\/span><\/p>\n\n        <div class=\"rs-content-cta\">\n            <p>Llamar o enviar mensaje de texto <a href=\"tel:+12062851743\">(206) 285-1743<\/a> o complete un formulario de evaluaci\u00f3n de caso gratuito<\/p>\n            <a href=\"https:\/\/plg-pllc.com\/es\/contact-us\/\" title=\"OBTENGA UNA EVALUACI\u00d3N DE CASO GRATUITA\" class=\"btn-global\">OBTENGA UNA EVALUACI\u00d3N DE CASO GRATUITA<\/a>\n                    <picture>\n                            <source srcset=\"https:\/\/plg-pllc.com\/wp-content\/themes\/plg-pllc-redesign\/assets\/app\/img\/cta-thumb.webp\" type=\"image\/webp\"\/>\n                            <img src=\"https:\/\/plg-pllc.com\/wp-content\/themes\/plg-pllc-redesign\/assets\/app\/img\/cta-thumb.png\" alt=\"Grupo de abogados Premier\" title=\"Grupo de abogados Premier\" width=\"245\" height=\"220\" loading=\"auto\" fetchpriority=\"auto\" decoding=\"async\"\/>\n        <\/picture>\n        \n        <\/div>","protected":false},"excerpt":{"rendered":"<p>Tiene opciones legales que le permiten obtener una compensaci\u00f3n justa por sus p\u00e9rdidas despu\u00e9s de un accidente, y nuestro equipo de Premier Law Group puede guiarlo en el proceso para lograr una recuperaci\u00f3n financiera completa. Nuestros abogados de accidentes peatonales en Redmond saben lo que se necesita para resolver con \u00e9xito estas reclamaciones. Contamos con m\u00e1s de cinco...<\/p>","protected":false},"author":61,"featured_media":0,"parent":20288,"menu_order":0,"comment_status":"closed","ping_status":"closed","template":"","meta":{"_acf_changed":false,"_genesis_hide_title":false,"_genesis_hide_breadcrumbs":false,"_genesis_hide_singular_image":false,"_genesis_hide_footer_widgets":false,"_genesis_custom_body_class":"","_genesis_custom_post_class":"","_genesis_layout":"","footnotes":""},"hc_faqs":[],"class_list":{"0":"post-21650","1":"page","2":"type-page","3":"status-publish","5":"hc_city_location-redmond","6":"entry"},"acf":[],"yoast_head":"<!-- This site is optimized with the Yoast SEO plugin v27.4 - https:\/\/yoast.com\/product\/yoast-seo-wordpress\/ -->\n<title>Pedestrian Accident Lawyer in Redmond | FREE Case Review<\/title>\n<meta name=\"description\" content=\"You can take charge and seek compensation for your losses after a crash by hiring a Redmond pedestrian accident lawyer from our team.\" \/>\n<meta name=\"robots\" content=\"index, follow, max-snippet:-1, max-image-preview:large, max-video-preview:-1\" \/>\n<link rel=\"canonical\" href=\"https:\/\/plg-pllc.com\/es\/redmond\/pedestrian-accident-lawyer\/\" \/>\n<meta property=\"og:locale\" content=\"es_MX\" \/>\n<meta property=\"og:type\" content=\"article\" \/>\n<meta property=\"og:title\" content=\"Pedestrian Accident Lawyer in Redmond | FREE Case Review\" \/>\n<meta property=\"og:description\" content=\"You can take charge and seek compensation for your losses after a crash by hiring a Redmond pedestrian accident lawyer from our team.\" \/>\n<meta property=\"og:url\" content=\"https:\/\/plg-pllc.com\/es\/redmond\/pedestrian-accident-lawyer\/\" \/>\n<meta property=\"og:site_name\" content=\"Premier Law Group\" \/>\n<meta property=\"article:publisher\" content=\"https:\/\/www.facebook.com\/premierlawgroup\" \/>\n<meta property=\"article:modified_time\" content=\"2026-01-21T00:12:23+00:00\" \/>\n<meta name=\"twitter:card\" content=\"summary_large_image\" \/>\n<meta name=\"twitter:site\" content=\"@premierlawgroup\" \/>\n<meta name=\"twitter:label1\" content=\"Tiempo de lectura\" \/>\n\t<meta name=\"twitter:data1\" content=\"4 minutos\" \/>\n<script type=\"application\/ld+json\" class=\"yoast-schema-graph\">{\"@context\":\"https:\\\/\\\/schema.org\",\"@graph\":[{\"@type\":\"WebPage\",\"@id\":\"https:\\\/\\\/plg-pllc.com\\\/redmond\\\/pedestrian-accident-lawyer\\\/\",\"url\":\"https:\\\/\\\/plg-pllc.com\\\/redmond\\\/pedestrian-accident-lawyer\\\/\",\"name\":\"Pedestrian Accident Lawyer in Redmond | FREE Case Review\",\"isPartOf\":{\"@id\":\"https:\\\/\\\/plg-pllc.com\\\/#website\"},\"datePublished\":\"2026-01-21T00:10:05+00:00\",\"dateModified\":\"2026-01-21T00:12:23+00:00\",\"description\":\"You can take charge and seek compensation for your losses after a crash by hiring a Redmond pedestrian accident lawyer from our team.\",\"breadcrumb\":{\"@id\":\"https:\\\/\\\/plg-pllc.com\\\/redmond\\\/pedestrian-accident-lawyer\\\/#breadcrumb\"},\"inLanguage\":\"es\",\"potentialAction\":[{\"@type\":\"ReadAction\",\"target\":[\"https:\\\/\\\/plg-pllc.com\\\/redmond\\\/pedestrian-accident-lawyer\\\/\"]}]},{\"@type\":\"BreadcrumbList\",\"@id\":\"https:\\\/\\\/plg-pllc.com\\\/redmond\\\/pedestrian-accident-lawyer\\\/#breadcrumb\",\"itemListElement\":[{\"@type\":\"ListItem\",\"position\":1,\"name\":\"Home\",\"item\":\"https:\\\/\\\/plg-pllc.com\\\/es\\\/\"},{\"@type\":\"ListItem\",\"position\":2,\"name\":\"Redmond Personal Injury Lawyer\",\"item\":\"https:\\\/\\\/plg-pllc.com\\\/es\\\/redmond\\\/personal-injury-lawyer\\\/\"},{\"@type\":\"ListItem\",\"position\":3,\"name\":\"Redmond Pedestrian Accident Lawyer\"}]},{\"@type\":\"WebSite\",\"@id\":\"https:\\\/\\\/plg-pllc.com\\\/#website\",\"url\":\"https:\\\/\\\/plg-pllc.com\\\/\",\"name\":\"Premier Law Group\",\"description\":\"Washington Wrongful Death and Serious Injury Lawyer\",\"publisher\":{\"@id\":\"https:\\\/\\\/plg-pllc.com\\\/#organization\"},\"inLanguage\":\"es\"},{\"@type\":\"Organization\",\"@id\":\"https:\\\/\\\/plg-pllc.com\\\/#organization\",\"name\":\"Premier Law Group\",\"url\":\"https:\\\/\\\/plg-pllc.com\\\/\",\"logo\":{\"@type\":\"ImageObject\",\"inLanguage\":\"es\",\"@id\":\"https:\\\/\\\/plg-pllc.com\\\/#\\\/schema\\\/logo\\\/image\\\/\",\"url\":\"https:\\\/\\\/plg-pllc.com\\\/wp-content\\\/uploads\\\/2020\\\/10\\\/plg-logo-v2.gif\",\"contentUrl\":\"https:\\\/\\\/plg-pllc.com\\\/wp-content\\\/uploads\\\/2020\\\/10\\\/plg-logo-v2.gif\",\"width\":592,\"height\":191,\"caption\":\"Premier Law Group\"},\"image\":{\"@id\":\"https:\\\/\\\/plg-pllc.com\\\/#\\\/schema\\\/logo\\\/image\\\/\"},\"sameAs\":[\"https:\\\/\\\/www.facebook.com\\\/premierlawgroup\",\"https:\\\/\\\/x.com\\\/premierlawgroup\"]}]}<\/script>\n<!-- \/ Yoast SEO plugin. -->","yoast_head_json":{"title":"Abogado de accidentes de peatones en Redmond | Revisi\u00f3n de caso gratuita","description":"Puede tomar el control y buscar una compensaci\u00f3n por sus p\u00e9rdidas despu\u00e9s de un accidente contratando a un abogado de accidentes peatonales de Redmond de nuestro equipo.","robots":{"index":"index","follow":"follow","max-snippet":"max-snippet:-1","max-image-preview":"max-image-preview:large","max-video-preview":"max-video-preview:-1"},"canonical":"https:\/\/plg-pllc.com\/es\/redmond\/pedestrian-accident-lawyer\/","og_locale":"es_MX","og_type":"article","og_title":"Pedestrian Accident Lawyer in Redmond | FREE Case Review","og_description":"You can take charge and seek compensation for your losses after a crash by hiring a Redmond pedestrian accident lawyer from our team.","og_url":"https:\/\/plg-pllc.com\/es\/redmond\/pedestrian-accident-lawyer\/","og_site_name":"Premier Law Group","article_publisher":"https:\/\/www.facebook.com\/premierlawgroup","article_modified_time":"2026-01-21T00:12:23+00:00","twitter_card":"summary_large_image","twitter_site":"@premierlawgroup","twitter_misc":{"Tiempo de lectura":"4 minutos"},"schema":{"@context":"https:\/\/schema.org","@graph":[{"@type":"WebPage","@id":"https:\/\/plg-pllc.com\/redmond\/pedestrian-accident-lawyer\/","url":"https:\/\/plg-pllc.com\/redmond\/pedestrian-accident-lawyer\/","name":"Abogado de accidentes de peatones en Redmond | Revisi\u00f3n de caso gratuita","isPartOf":{"@id":"https:\/\/plg-pllc.com\/#website"},"datePublished":"2026-01-21T00:10:05+00:00","dateModified":"2026-01-21T00:12:23+00:00","description":"Puede tomar el control y buscar una compensaci\u00f3n por sus p\u00e9rdidas despu\u00e9s de un accidente contratando a un abogado de accidentes peatonales de Redmond de nuestro equipo.","breadcrumb":{"@id":"https:\/\/plg-pllc.com\/redmond\/pedestrian-accident-lawyer\/#breadcrumb"},"inLanguage":"es","potentialAction":[{"@type":"ReadAction","target":["https:\/\/plg-pllc.com\/redmond\/pedestrian-accident-lawyer\/"]}]},{"@type":"BreadcrumbList","@id":"https:\/\/plg-pllc.com\/redmond\/pedestrian-accident-lawyer\/#breadcrumb","itemListElement":[{"@type":"ListItem","position":1,"name":"Home","item":"https:\/\/plg-pllc.com\/es\/"},{"@type":"ListItem","position":2,"name":"Redmond Personal Injury Lawyer","item":"https:\/\/plg-pllc.com\/es\/redmond\/personal-injury-lawyer\/"},{"@type":"ListItem","position":3,"name":"Redmond Pedestrian Accident Lawyer"}]},{"@type":"WebSite","@id":"https:\/\/plg-pllc.com\/#website","url":"https:\/\/plg-pllc.com\/","name":"Grupo de abogados Premier","description":"Abogado de muerte por negligencia y lesiones graves en Washington","publisher":{"@id":"https:\/\/plg-pllc.com\/#organization"},"inLanguage":"es"},{"@type":"Organization","@id":"https:\/\/plg-pllc.com\/#organization","name":"Grupo de abogados Premier","url":"https:\/\/plg-pllc.com\/","logo":{"@type":"ImageObject","inLanguage":"es","@id":"https:\/\/plg-pllc.com\/#\/schema\/logo\/image\/","url":"https:\/\/plg-pllc.com\/wp-content\/uploads\/2020\/10\/plg-logo-v2.gif","contentUrl":"https:\/\/plg-pllc.com\/wp-content\/uploads\/2020\/10\/plg-logo-v2.gif","width":592,"height":191,"caption":"Premier Law Group"},"image":{"@id":"https:\/\/plg-pllc.com\/#\/schema\/logo\/image\/"},"sameAs":["https:\/\/www.facebook.com\/premierlawgroup","https:\/\/x.com\/premierlawgroup"]}]}},"_links":{"self":[{"href":"https:\/\/plg-pllc.com\/es\/wp-json\/wp\/v2\/pages\/21650","targetHints":{"allow":["GET"]}}],"collection":[{"href":"https:\/\/plg-pllc.com\/es\/wp-json\/wp\/v2\/pages"}],"about":[{"href":"https:\/\/plg-pllc.com\/es\/wp-json\/wp\/v2\/types\/page"}],"author":[{"embeddable":true,"href":"https:\/\/plg-pllc.com\/es\/wp-json\/wp\/v2\/users\/61"}],"replies":[{"embeddable":true,"href":"https:\/\/plg-pllc.com\/es\/wp-json\/wp\/v2\/comments?post=21650"}],"version-history":[{"count":0,"href":"https:\/\/plg-pllc.com\/es\/wp-json\/wp\/v2\/pages\/21650\/revisions"}],"up":[{"embeddable":true,"href":"https:\/\/plg-pllc.com\/es\/wp-json\/wp\/v2\/pages\/20288"}],"wp:attachment":[{"href":"https:\/\/plg-pllc.com\/es\/wp-json\/wp\/v2\/media?parent=21650"}],"wp:term":[{"taxonomy":"hc_faqs","embeddable":true,"href":"https:\/\/plg-pllc.com\/es\/wp-json\/wp\/v2\/hc_faqs?post=21650"}],"curies":[{"name":"gracias","href":"https:\/\/api.w.org\/{rel}","templated":true}]}}