{"id":21665,"date":"2026-02-11T04:50:35","date_gmt":"2026-02-11T12:50:35","guid":{"rendered":"https:\/\/plg-pllc.com\/?page_id=21665"},"modified":"2026-03-24T14:55:48","modified_gmt":"2026-03-24T21:55:48","slug":"faqs-what-is-the-average-wrongful-death-settlement","status":"publish","type":"page","link":"https:\/\/plg-pllc.com\/es\/faqs\/what-is-the-average-wrongful-death-settlement\/","title":{"rendered":"\u00bfCu\u00e1l es el acuerdo promedio por muerte por negligencia?"},"content":{"rendered":"<p><b>No existe un acuerdo promedio por muerte por negligencia<\/b><span style=\"font-weight: 400;\">. Cada caso es diferente, por lo que los hechos, las p\u00e9rdidas y los problemas legales involucrados en cada situaci\u00f3n conducen a resultados distintos. Tras un accidente mortal, las compa\u00f1\u00edas de seguros suelen iniciar una investigaci\u00f3n de inmediato.\u00a0<\/span><\/p>\n<p><span style=\"font-weight: 400;\">Las familias pueden recibir llamadas, solicitudes de registros u ofertas de acuerdos anticipados mientras a\u00fan est\u00e1n de duelo. Esto puede ser dif\u00edcil de manejar, especialmente cuando las emociones est\u00e1n a flor de piel y las decisiones parecen apresuradas.<\/span><\/p>\n<p><span style=\"font-weight: 400;\">Nuestro <\/span><a href=\"https:\/\/plg-pllc.com\/bellevue\/wrongful-death-lawyer\/\"><span style=\"font-weight: 400;\">Abogados de muerte por negligencia en Bellevue<\/span><\/a><span style=\"font-weight: 400;\"> Entendemos c\u00f3mo funcionan estas reclamaciones y qu\u00e9 buscan las compa\u00f1\u00edas de seguros. Conocemos las estrategias que utilizan para limitar sus da\u00f1os, por lo que protegemos sus intereses. Nos aseguraremos de que la reclamaci\u00f3n refleje la magnitud total de la p\u00e9rdida.<\/span><\/p>\n<h2>Por qu\u00e9 las indemnizaciones por muerte por negligencia son diferentes en cada caso<\/h2>\n<p><span style=\"font-weight: 400;\">Los casos de homicidio culposo no siguen una f\u00f3rmula m\u00e1gica. Algunas muertes ocurren instant\u00e1neamente, mientras que otras se producen tras tratamiento m\u00e9dico y atenci\u00f3n hospitalaria. Algunas familias depend\u00edan en gran medida de sus seres queridos para obtener ingresos o manutenci\u00f3n diaria, mientras que otras depend\u00edan de ellos de diferentes maneras. La ley analiza estas diferencias con atenci\u00f3n.<\/span><\/p>\n<p><span style=\"font-weight: 400;\">Dado que cada situaci\u00f3n es \u00fanica, no existe un monto de indemnizaci\u00f3n \u00fanico que se aplique en todos los casos. Cualquier intento de definir un &quot;promedio&quot; ignora los factores personales, financieros y emocionales que influyen en cada reclamaci\u00f3n.<\/span><\/p>\n<h2>Diversos factores afectan lo que se puede recuperar por estas reclamaciones<\/h2>\n<p><span style=\"font-weight: 400;\">Los detalles importan en un caso de homicidio culposo, por lo que nos tomamos el tiempo de elaborarlo con cuidado. Es importante c\u00f3mo ocurri\u00f3 el incidente fatal, incluyendo si se puede demostrar negligencia y qui\u00e9n es legalmente responsable.<\/span><\/p>\n<p><span style=\"font-weight: 400;\">Tambi\u00e9n se consideran la edad, la salud y las circunstancias de vida de la persona fallecida, as\u00ed como su papel en el sustento familiar. Los tribunales y las compa\u00f1\u00edas de seguros tambi\u00e9n consideran:<\/span><\/p>\n<ul>\n<li style=\"font-weight: 400;\" aria-level=\"1\"><span style=\"font-weight: 400;\">La p\u00e9rdida emocional que sufrieron los familiares sobrevivientes<\/span><\/li>\n<li style=\"font-weight: 400;\" aria-level=\"1\"><span style=\"font-weight: 400;\">El apoyo financiero que ya no est\u00e1 disponible<\/span><\/li>\n<li style=\"font-weight: 400;\" aria-level=\"1\"><span style=\"font-weight: 400;\">La solidez de la evidencia que respalda la afirmaci\u00f3n<\/span><\/li>\n<\/ul>\n<p><span style=\"font-weight: 400;\">Los l\u00edmites de cobertura del seguro pueden afectar c\u00f3mo se resuelve un caso, pero no definen el valor real de la p\u00e9rdida.<\/span><\/p>\n<h2>Situaciones comunes que conducen a demandas por muerte por negligencia<\/h2>\n<p><span style=\"font-weight: 400;\">Los reclamos por muerte por negligencia, que en realidad son demandas, pueden surgir de casi cualquier accidente de cualquier tipo, incluidos:<\/span><\/p>\n<ul>\n<li style=\"font-weight: 400;\" aria-level=\"1\"><span style=\"font-weight: 400;\">Accidentes de coche, cami\u00f3n o motocicleta<\/span><\/li>\n<li style=\"font-weight: 400;\" aria-level=\"1\"><span style=\"font-weight: 400;\">Accidentes de peatones o ciclistas<\/span><\/li>\n<li style=\"font-weight: 400;\" aria-level=\"1\"><span style=\"font-weight: 400;\">Accidentes laborales o de construcci\u00f3n<\/span><\/li>\n<li style=\"font-weight: 400;\" aria-level=\"1\"><span style=\"font-weight: 400;\">Condiciones de propiedad peligrosas<\/span><\/li>\n<li style=\"font-weight: 400;\" aria-level=\"1\"><span style=\"font-weight: 400;\">Actos de negligencia o comportamiento inseguro<\/span><\/li>\n<\/ul>\n<p><span style=\"font-weight: 400;\">La causa de la muerte de una persona ayuda a determinar qui\u00e9n puede ser considerado responsable y c\u00f3mo avanzar con el reclamo.<\/span><\/p>\n\n        <div class=\"rs-content-cta long\">\n            <p>Para una consulta legal GRATUITA, llame al <a href=\"tel:+12062851743\">(206) 285-1743 <\/a><\/p>\n            <a href=\"https:\/\/plg-pllc.com\/es\/contact-us\/\" title=\"OBTENGA UNA EVALUACI\u00d3N DE CASO GRATUITA\" class=\"btn-global\">OBTENGA UNA EVALUACI\u00d3N DE CASO GRATUITA<\/a>\n                    <picture>\n                            <source srcset=\"https:\/\/plg-pllc.com\/wp-content\/themes\/plg-pllc-redesign\/assets\/app\/img\/cta-thumb.webp\" type=\"image\/webp\"\/>\n                            <img src=\"https:\/\/plg-pllc.com\/wp-content\/themes\/plg-pllc-redesign\/assets\/app\/img\/cta-thumb.png\" alt=\"Grupo de abogados Premier\" title=\"Grupo de abogados Premier\" width=\"245\" height=\"220\" loading=\"auto\" fetchpriority=\"auto\" decoding=\"async\"\/>\n        <\/picture>\n        \n        <\/div><h2>\u00bfCu\u00e1les son los da\u00f1os disponibles en casos de muerte por negligencia?<\/h2>\n<p><span style=\"font-weight: 400;\">Las demandas por homicidio culposo se centran en c\u00f3mo la p\u00e9rdida afecta a los familiares sobrevivientes. Las familias pueden recuperarse. <\/span><b>da\u00f1os por atenci\u00f3n m\u00e9dica relacionada con la lesi\u00f3n final<\/b><span style=\"font-weight: 400;\">, junto con<\/span><b> gastos funerarios y de entierro<\/b><span style=\"font-weight: 400;\">. Tambi\u00e9n se consideran las p\u00e9rdidas financieras, incluidos los ingresos que la persona habr\u00eda ganado y el apoyo que brind\u00f3.<\/span><\/p>\n<p><span style=\"font-weight: 400;\">La ley de Washington tambi\u00e9n reconoce las p\u00e9rdidas personales. Estas incluyen la p\u00e9rdida de compa\u00f1\u00eda, cuidado, orientaci\u00f3n y apoyo emocional. Si bien ninguna cantidad de dinero reemplaza a un ser querido, estas indemnizaciones ayudan a reconocer la profunda afectaci\u00f3n que la p\u00e9rdida tiene en la vida diaria.<\/span><\/p>\n<h2>\u00bfQui\u00e9n est\u00e1 autorizado a reclamar da\u00f1os y perjuicios despu\u00e9s de un incidente fatal?<\/h2>\n<p><span style=\"font-weight: 400;\">La ley de Washington limita qui\u00e9n puede reclamar da\u00f1os y perjuicios en un caso de homicidio culposo. En la mayor\u00eda de los casos, la demanda se presenta en nombre de familiares cercanos que depend\u00edan de la persona fallecida.<\/span><\/p>\n<p><span style=\"font-weight: 400;\">Esto a menudo incluye un superviviente. <\/span><b>c\u00f3nyuge<\/b><span style=\"font-weight: 400;\"> o<\/span><b> pareja de hecho<\/b><span style=\"font-weight: 400;\">, as\u00ed como <\/span><b>ni\u00f1os<\/b><span style=\"font-weight: 400;\">. Si no hay c\u00f3nyuge o hijos, la ley puede permitir que otros familiares recuperen da\u00f1os, dependiendo de la estructura y las circunstancias familiares.<\/span><\/p>\n<p><span style=\"font-weight: 400;\">Estas reglas pueden ser confusas, especialmente en momentos de p\u00e9rdida. Saber qui\u00e9n tiene derecho legal a recuperar los da\u00f1os es un primer paso importante para comprender sus opciones.<\/span><\/p>\n<h2>Qu\u00e9 esperar durante las negociaciones de un acuerdo por muerte por negligencia<\/h2>\n<p><span style=\"font-weight: 400;\">Las negociaciones para llegar a un acuerdo suelen comenzar tras analizar los hechos. Las compa\u00f1\u00edas de seguros examinan minuciosamente los registros, cuestionan la responsabilidad y cuestionan la forma en que se miden las p\u00e9rdidas. Las primeras ofertas pueden resultar insuficientes, sobre todo antes de que se comprenda el impacto total de la p\u00e9rdida.<\/span><\/p>\n<p><span style=\"font-weight: 400;\">Este proceso rara vez avanza con rapidez, por lo que es \u00fatil tener paciencia. A menudo se necesita tiempo para recopilar informaci\u00f3n, analizar los detalles y comprender c\u00f3mo la p\u00e9rdida afecta a la familia a largo plazo. Avanzar demasiado r\u00e1pido puede llevar a decisiones que no protejan completamente el futuro.<\/span><\/p>\n<h2>C\u00f3mo las leyes estatales afectan los plazos de presentaci\u00f3n de reclamaciones por lesiones fatales en Washington<\/h2>\n<p><span style=\"font-weight: 400;\">La ley de Washington establece reglas claras para los casos de homicidio culposo, incluyendo qui\u00e9n puede presentar una demanda y el plazo que tienen las familias para actuar. En la mayor\u00eda de los casos, una demanda por homicidio culposo debe presentarse dentro de <\/span><b>tres a\u00f1os<\/b><span style=\"font-weight: 400;\"> a partir de la fecha de fallecimiento seg\u00fan <\/span><a href=\"https:\/\/app.leg.wa.gov\/RCW\/default.aspx?cite=4.16.080\/\" target=\"_blank\" rel=\"noopener\"><span style=\"font-weight: 400;\">Secci\u00f3n 4.16.080 del C\u00f3digo Civil<\/span><\/a><span style=\"font-weight: 400;\">.<\/span><\/p>\n<p><span style=\"font-weight: 400;\">Incumplir el plazo en su caso puede anular el derecho a reclamar da\u00f1os y perjuicios, incluso si las familias sobrevivientes tienen una reclamaci\u00f3n s\u00f3lida. Comprender este plazo es fundamental para proteger las opciones legales de la familia.<\/span><\/p>\n<h2>C\u00f3mo ayudamos a las familias a gestionar reclamaciones por lesiones mortales<\/h2>\n<p><span style=\"font-weight: 400;\">Ayudamos a las familias a comprender sus derechos y a navegar el proceso legal durante un momento dif\u00edcil. Esto incluye gestionar plazos, revisar pruebas y gestionar con las compa\u00f1\u00edas de seguros para que las familias no tengan que afrontar estos desaf\u00edos solas.<\/span><\/p>\n<p><span style=\"font-weight: 400;\">Una orientaci\u00f3n clara y una comunicaci\u00f3n constante ayudan a las familias a tomar decisiones informadas a medida que el caso avanza.<\/span><\/p>\n<h3>Lo que las familias deben entender antes de aceptar un acuerdo<\/h3>\n<p><span style=\"font-weight: 400;\">Siempre priorizamos los intereses de nuestros clientes y nos protegemos contra ofertas de liquidaci\u00f3n demasiado bajas para cubrir sus necesidades. Antes de aceptar una oferta de una compa\u00f1\u00eda de seguros, es importante comprender que, por lo general, el caso queda cerrado definitivamente.\u00a0<\/span><\/p>\n<p><span style=\"font-weight: 400;\">Las familias deben tomarse el tiempo para considerar sus necesidades financieras futuras, los efectos emocionales actuales y si la indemnizaci\u00f3n refleja la magnitud total de su p\u00e9rdida. Los plazos de los seguros no siempre se ajustan al ritmo de recuperaci\u00f3n de la familia.\u00a0<\/span><\/p>\n<p><span style=\"font-weight: 400;\">Comprender claramente lo que cubre un acuerdo ayuda a las familias a evitar arrepentimientos posteriores. Explicamos todo con claridad a nuestros clientes y les ayudamos a tomar decisiones informadas que protejan el bienestar de sus familias, ahora y en el futuro.<\/span><\/p>\n<h2>Hable con nosotros hoy sobre su reclamo por muerte por negligencia<\/h2>\n<p><span style=\"font-weight: 400;\">Si bien no existe un acuerdo promedio por muerte por negligencia, nuestro <\/span><a href=\"https:\/\/plg-pllc.com\/\"><span style=\"font-weight: 400;\">Abogados de lesiones personales en Bellevue<\/span><\/a><span style=\"font-weight: 400;\"> Seguimos trabajando para recuperar todos los da\u00f1os que las familias merecen. Sabemos que cada caso se basa en sus propios hechos, p\u00e9rdidas y problemas legales. Por eso, empezamos con una conversaci\u00f3n real y significativa.<\/span><\/p>\n<p><span style=\"font-weight: 400;\">En Premier Law Group, somos personas reales al servicio de personas reales. Desde nuestra apertura en 2001, hemos atendido a miles de familias. Nuestro equipo ha recuperado m\u00e1s de 100 millones de d\u00f3lares para clientes con m\u00e1s de 55 a\u00f1os de experiencia legal combinada. Somos lo suficientemente grandes para ganar, lo suficientemente peque\u00f1os para preocuparnos.<\/span><\/p>\n<p><span style=\"font-weight: 400;\">Nuestros abogados se encargan de los asuntos legales, tratan con las compa\u00f1\u00edas de seguros, solicitan los registros y le gu\u00edan en cada paso. No paga ni un centavo a menos que ganemos su caso. <\/span><\/p>\n<p><span style=\"font-weight: 400;\">Si enfrenta una muerte por negligencia u otro problema de lesiones personales en Washington, creemos en brindarle respuestas. Haciendo justicia para usted\u2122. Comun\u00edquese con nuestro equipo hoy mismo para obtener una... <\/span><b>revisi\u00f3n de caso gratuita<\/b><span style=\"font-weight: 400;\">.\u00a0<\/span><\/p>\n\n        <div class=\"rs-content-cta\">\n            <p>Llamar o enviar mensaje de texto <a href=\"tel:+12062851743\">(206) 285-1743<\/a> o complete un formulario de evaluaci\u00f3n de caso gratuito<\/p>\n            <a href=\"https:\/\/plg-pllc.com\/es\/contact-us\/\" title=\"OBTENGA UNA EVALUACI\u00d3N DE CASO GRATUITA\" class=\"btn-global\">OBTENGA UNA EVALUACI\u00d3N DE CASO GRATUITA<\/a>\n                    <picture>\n                            <source srcset=\"https:\/\/plg-pllc.com\/wp-content\/themes\/plg-pllc-redesign\/assets\/app\/img\/cta-thumb.webp\" type=\"image\/webp\"\/>\n                            <img src=\"https:\/\/plg-pllc.com\/wp-content\/themes\/plg-pllc-redesign\/assets\/app\/img\/cta-thumb.png\" alt=\"Grupo de abogados Premier\" title=\"Grupo de abogados Premier\" width=\"245\" height=\"220\" loading=\"auto\" fetchpriority=\"auto\" decoding=\"async\"\/>\n        <\/picture>\n        \n        <\/div>","protected":false},"excerpt":{"rendered":"<p>No existe una indemnizaci\u00f3n por muerte por negligencia. Cada caso es diferente, por lo que los hechos, las p\u00e9rdidas y los problemas legales involucrados en cada situaci\u00f3n conducen a resultados distintos. Tras un accidente mortal, las compa\u00f1\u00edas de seguros suelen iniciar una investigaci\u00f3n de inmediato. Las familias pueden recibir llamadas, solicitudes de registros u ofertas de indemnizaci\u00f3n anticipada mientras a\u00fan est\u00e1n de duelo. Esto puede ser dif\u00edcil...<\/p>","protected":false},"author":60,"featured_media":21667,"parent":20714,"menu_order":0,"comment_status":"closed","ping_status":"closed","template":"","meta":{"_acf_changed":false,"_genesis_hide_title":false,"_genesis_hide_breadcrumbs":false,"_genesis_hide_singular_image":false,"_genesis_hide_footer_widgets":false,"_genesis_custom_body_class":"","_genesis_custom_post_class":"","_genesis_layout":"","footnotes":""},"hc_faqs":[10367],"class_list":{"0":"post-21665","1":"page","2":"type-page","3":"status-publish","4":"has-post-thumbnail","6":"hc_faqs-wrongful-death","7":"entry"},"acf":[],"yoast_head":"<!-- This site is optimized with the Yoast SEO plugin v27.2 - https:\/\/yoast.com\/product\/yoast-seo-wordpress\/ -->\n<title>What Affects a Wrongful Death Claim&#039;s Value? | Premier Law<\/title>\n<meta name=\"description\" content=\"Learn what influences wrongful death settlement outcomes and how our lawyers handle injury claims after a fatal accident.\" \/>\n<meta name=\"robots\" content=\"index, follow, max-snippet:-1, max-image-preview:large, max-video-preview:-1\" \/>\n<link rel=\"canonical\" href=\"https:\/\/plg-pllc.com\/es\/faqs\/what-is-the-average-wrongful-death-settlement\/\" \/>\n<meta property=\"og:locale\" content=\"es_MX\" \/>\n<meta property=\"og:type\" content=\"article\" \/>\n<meta property=\"og:title\" content=\"What Affects a Wrongful Death Claim&#039;s Value? | Premier Law\" \/>\n<meta property=\"og:description\" content=\"Learn what influences wrongful death settlement outcomes and how our lawyers handle injury claims after a fatal accident.\" \/>\n<meta property=\"og:url\" content=\"https:\/\/plg-pllc.com\/es\/faqs\/what-is-the-average-wrongful-death-settlement\/\" \/>\n<meta property=\"og:site_name\" content=\"Premier Law Group\" \/>\n<meta property=\"article:publisher\" content=\"https:\/\/www.facebook.com\/premierlawgroup\" \/>\n<meta property=\"article:modified_time\" content=\"2026-03-24T21:55:48+00:00\" \/>\n<meta property=\"og:image\" content=\"https:\/\/plg-pllc.com\/wp-content\/uploads\/2026\/02\/what-is-the-average-wrongful-death-settlement.jpg\" \/>\n\t<meta property=\"og:image:width\" content=\"1000\" \/>\n\t<meta property=\"og:image:height\" content=\"667\" \/>\n\t<meta property=\"og:image:type\" content=\"image\/jpeg\" \/>\n<meta name=\"twitter:card\" content=\"summary_large_image\" \/>\n<meta name=\"twitter:site\" content=\"@premierlawgroup\" \/>\n<meta name=\"twitter:label1\" content=\"Tiempo de lectura\" \/>\n\t<meta name=\"twitter:data1\" content=\"6 minutos\" \/>\n<script type=\"application\/ld+json\" class=\"yoast-schema-graph\">{\"@context\":\"https:\/\/schema.org\",\"@graph\":[{\"@type\":\"WebPage\",\"@id\":\"https:\/\/plg-pllc.com\/faqs\/what-is-the-average-wrongful-death-settlement\/\",\"url\":\"https:\/\/plg-pllc.com\/faqs\/what-is-the-average-wrongful-death-settlement\/\",\"name\":\"What Affects a Wrongful Death Claim's Value? | Premier Law\",\"isPartOf\":{\"@id\":\"https:\/\/plg-pllc.com\/#website\"},\"primaryImageOfPage\":{\"@id\":\"https:\/\/plg-pllc.com\/faqs\/what-is-the-average-wrongful-death-settlement\/#primaryimage\"},\"image\":{\"@id\":\"https:\/\/plg-pllc.com\/faqs\/what-is-the-average-wrongful-death-settlement\/#primaryimage\"},\"thumbnailUrl\":\"https:\/\/plg-pllc.com\/wp-content\/uploads\/2026\/02\/what-is-the-average-wrongful-death-settlement.jpg\",\"datePublished\":\"2026-02-11T12:50:35+00:00\",\"dateModified\":\"2026-03-24T21:55:48+00:00\",\"description\":\"Learn what influences wrongful death settlement outcomes and how our lawyers handle injury claims after a fatal accident.\",\"breadcrumb\":{\"@id\":\"https:\/\/plg-pllc.com\/faqs\/what-is-the-average-wrongful-death-settlement\/#breadcrumb\"},\"inLanguage\":\"es\",\"potentialAction\":[{\"@type\":\"ReadAction\",\"target\":[\"https:\/\/plg-pllc.com\/faqs\/what-is-the-average-wrongful-death-settlement\/\"]}]},{\"@type\":\"ImageObject\",\"inLanguage\":\"es\",\"@id\":\"https:\/\/plg-pllc.com\/faqs\/what-is-the-average-wrongful-death-settlement\/#primaryimage\",\"url\":\"https:\/\/plg-pllc.com\/wp-content\/uploads\/2026\/02\/what-is-the-average-wrongful-death-settlement.jpg\",\"contentUrl\":\"https:\/\/plg-pllc.com\/wp-content\/uploads\/2026\/02\/what-is-the-average-wrongful-death-settlement.jpg\",\"width\":1000,\"height\":667,\"caption\":\"A mourner places their hand on a casket and wonders what the average wrongful death settlement is.\"},{\"@type\":\"BreadcrumbList\",\"@id\":\"https:\/\/plg-pllc.com\/faqs\/what-is-the-average-wrongful-death-settlement\/#breadcrumb\",\"itemListElement\":[{\"@type\":\"ListItem\",\"position\":1,\"name\":\"Home\",\"item\":\"https:\/\/plg-pllc.com\/es\/\"},{\"@type\":\"ListItem\",\"position\":2,\"name\":\"FAQs\",\"item\":\"https:\/\/plg-pllc.com\/es\/faqs\/\"},{\"@type\":\"ListItem\",\"position\":3,\"name\":\"What Is the Average Wrongful Death Settlement?\"}]},{\"@type\":\"WebSite\",\"@id\":\"https:\/\/plg-pllc.com\/#website\",\"url\":\"https:\/\/plg-pllc.com\/\",\"name\":\"Premier Law Group\",\"description\":\"Washington Wrongful Death and Serious Injury Lawyer\",\"publisher\":{\"@id\":\"https:\/\/plg-pllc.com\/#organization\"},\"inLanguage\":\"es\"},{\"@type\":\"Organization\",\"@id\":\"https:\/\/plg-pllc.com\/#organization\",\"name\":\"Premier Law Group\",\"url\":\"https:\/\/plg-pllc.com\/\",\"logo\":{\"@type\":\"ImageObject\",\"inLanguage\":\"es\",\"@id\":\"https:\/\/plg-pllc.com\/#\/schema\/logo\/image\/\",\"url\":\"https:\/\/plg-pllc.com\/wp-content\/uploads\/2020\/10\/plg-logo-v2.gif\",\"contentUrl\":\"https:\/\/plg-pllc.com\/wp-content\/uploads\/2020\/10\/plg-logo-v2.gif\",\"width\":592,\"height\":191,\"caption\":\"Premier Law Group\"},\"image\":{\"@id\":\"https:\/\/plg-pllc.com\/#\/schema\/logo\/image\/\"},\"sameAs\":[\"https:\/\/www.facebook.com\/premierlawgroup\",\"https:\/\/x.com\/premierlawgroup\"]}]}<\/script>\n<!-- \/ Yoast SEO plugin. -->","yoast_head_json":{"title":"\u00bfQu\u00e9 afecta el valor de una reclamaci\u00f3n por homicidio culposo? | Premier Law","description":"Conozca qu\u00e9 influye en los resultados de los acuerdos por muerte por negligencia y c\u00f3mo nuestros abogados manejan los reclamos por lesiones despu\u00e9s de un accidente fatal.","robots":{"index":"index","follow":"follow","max-snippet":"max-snippet:-1","max-image-preview":"max-image-preview:large","max-video-preview":"max-video-preview:-1"},"canonical":"https:\/\/plg-pllc.com\/es\/faqs\/what-is-the-average-wrongful-death-settlement\/","og_locale":"es_MX","og_type":"article","og_title":"What Affects a Wrongful Death Claim's Value? | Premier Law","og_description":"Learn what influences wrongful death settlement outcomes and how our lawyers handle injury claims after a fatal accident.","og_url":"https:\/\/plg-pllc.com\/es\/faqs\/what-is-the-average-wrongful-death-settlement\/","og_site_name":"Premier Law Group","article_publisher":"https:\/\/www.facebook.com\/premierlawgroup","article_modified_time":"2026-03-24T21:55:48+00:00","og_image":[{"width":1000,"height":667,"url":"https:\/\/plg-pllc.com\/wp-content\/uploads\/2026\/02\/what-is-the-average-wrongful-death-settlement.jpg","type":"image\/jpeg"}],"twitter_card":"summary_large_image","twitter_site":"@premierlawgroup","twitter_misc":{"Tiempo de lectura":"6 minutos"},"schema":{"@context":"https:\/\/schema.org","@graph":[{"@type":"WebPage","@id":"https:\/\/plg-pllc.com\/faqs\/what-is-the-average-wrongful-death-settlement\/","url":"https:\/\/plg-pllc.com\/faqs\/what-is-the-average-wrongful-death-settlement\/","name":"\u00bfQu\u00e9 afecta el valor de una reclamaci\u00f3n por homicidio culposo? | Premier Law","isPartOf":{"@id":"https:\/\/plg-pllc.com\/#website"},"primaryImageOfPage":{"@id":"https:\/\/plg-pllc.com\/faqs\/what-is-the-average-wrongful-death-settlement\/#primaryimage"},"image":{"@id":"https:\/\/plg-pllc.com\/faqs\/what-is-the-average-wrongful-death-settlement\/#primaryimage"},"thumbnailUrl":"https:\/\/plg-pllc.com\/wp-content\/uploads\/2026\/02\/what-is-the-average-wrongful-death-settlement.jpg","datePublished":"2026-02-11T12:50:35+00:00","dateModified":"2026-03-24T21:55:48+00:00","description":"Conozca qu\u00e9 influye en los resultados de los acuerdos por muerte por negligencia y c\u00f3mo nuestros abogados manejan los reclamos por lesiones despu\u00e9s de un accidente fatal.","breadcrumb":{"@id":"https:\/\/plg-pllc.com\/faqs\/what-is-the-average-wrongful-death-settlement\/#breadcrumb"},"inLanguage":"es","potentialAction":[{"@type":"ReadAction","target":["https:\/\/plg-pllc.com\/faqs\/what-is-the-average-wrongful-death-settlement\/"]}]},{"@type":"ImageObject","inLanguage":"es","@id":"https:\/\/plg-pllc.com\/faqs\/what-is-the-average-wrongful-death-settlement\/#primaryimage","url":"https:\/\/plg-pllc.com\/wp-content\/uploads\/2026\/02\/what-is-the-average-wrongful-death-settlement.jpg","contentUrl":"https:\/\/plg-pllc.com\/wp-content\/uploads\/2026\/02\/what-is-the-average-wrongful-death-settlement.jpg","width":1000,"height":667,"caption":"A mourner places their hand on a casket and wonders what the average wrongful death settlement is."},{"@type":"BreadcrumbList","@id":"https:\/\/plg-pllc.com\/faqs\/what-is-the-average-wrongful-death-settlement\/#breadcrumb","itemListElement":[{"@type":"ListItem","position":1,"name":"Home","item":"https:\/\/plg-pllc.com\/es\/"},{"@type":"ListItem","position":2,"name":"FAQs","item":"https:\/\/plg-pllc.com\/es\/faqs\/"},{"@type":"ListItem","position":3,"name":"What Is the Average Wrongful Death Settlement?"}]},{"@type":"WebSite","@id":"https:\/\/plg-pllc.com\/#website","url":"https:\/\/plg-pllc.com\/","name":"Grupo de abogados Premier","description":"Abogado de muerte por negligencia y lesiones graves en Washington","publisher":{"@id":"https:\/\/plg-pllc.com\/#organization"},"inLanguage":"es"},{"@type":"Organization","@id":"https:\/\/plg-pllc.com\/#organization","name":"Grupo de abogados Premier","url":"https:\/\/plg-pllc.com\/","logo":{"@type":"ImageObject","inLanguage":"es","@id":"https:\/\/plg-pllc.com\/#\/schema\/logo\/image\/","url":"https:\/\/plg-pllc.com\/wp-content\/uploads\/2020\/10\/plg-logo-v2.gif","contentUrl":"https:\/\/plg-pllc.com\/wp-content\/uploads\/2020\/10\/plg-logo-v2.gif","width":592,"height":191,"caption":"Premier Law Group"},"image":{"@id":"https:\/\/plg-pllc.com\/#\/schema\/logo\/image\/"},"sameAs":["https:\/\/www.facebook.com\/premierlawgroup","https:\/\/x.com\/premierlawgroup"]}]}},"_links":{"self":[{"href":"https:\/\/plg-pllc.com\/es\/wp-json\/wp\/v2\/pages\/21665","targetHints":{"allow":["GET"]}}],"collection":[{"href":"https:\/\/plg-pllc.com\/es\/wp-json\/wp\/v2\/pages"}],"about":[{"href":"https:\/\/plg-pllc.com\/es\/wp-json\/wp\/v2\/types\/page"}],"author":[{"embeddable":true,"href":"https:\/\/plg-pllc.com\/es\/wp-json\/wp\/v2\/users\/60"}],"replies":[{"embeddable":true,"href":"https:\/\/plg-pllc.com\/es\/wp-json\/wp\/v2\/comments?post=21665"}],"version-history":[{"count":0,"href":"https:\/\/plg-pllc.com\/es\/wp-json\/wp\/v2\/pages\/21665\/revisions"}],"up":[{"embeddable":true,"href":"https:\/\/plg-pllc.com\/es\/wp-json\/wp\/v2\/pages\/20714"}],"wp:featuredmedia":[{"embeddable":true,"href":"https:\/\/plg-pllc.com\/es\/wp-json\/wp\/v2\/media\/21667"}],"wp:attachment":[{"href":"https:\/\/plg-pllc.com\/es\/wp-json\/wp\/v2\/media?parent=21665"}],"wp:term":[{"taxonomy":"hc_faqs","embeddable":true,"href":"https:\/\/plg-pllc.com\/es\/wp-json\/wp\/v2\/hc_faqs?post=21665"}],"curies":[{"name":"gracias","href":"https:\/\/api.w.org\/{rel}","templated":true}]}}