{"id":21678,"date":"2026-02-26T07:30:51","date_gmt":"2026-02-26T15:30:51","guid":{"rendered":"https:\/\/plg-pllc.com\/?page_id=21678"},"modified":"2026-02-27T10:55:14","modified_gmt":"2026-02-27T18:55:14","slug":"seattle-car-accident-lawyer-rideshare-lyft","status":"publish","type":"page","link":"https:\/\/plg-pllc.com\/es\/seattle\/car-accident-lawyer\/rideshare\/lyft\/","title":{"rendered":"Abogado de accidentes de Lyft en Seattle"},"content":{"rendered":"<p><span style=\"font-weight: 400;\">Disfrutas viajando en Lyft mientras recorres Seattle. Sin embargo, si un conductor de Lyft tiene un accidente y sufres lesiones, es posible que no sepas c\u00f3mo reaccionar. En ese caso, trata tus lesiones y luego solicita ayuda legal. <\/span><b>Abogado de accidentes de Lyft en Seattle<\/b><span style=\"font-weight: 400;\">. Desde aqu\u00ed, su abogado puede construir su caso para obtener una compensaci\u00f3n de la parte responsable.\u00a0<\/span><\/p>\n<p><span style=\"font-weight: 400;\">Premier Law Group ha brindado servicios legales a miles de clientes. Nuestros <\/span><a href=\"https:\/\/plg-pllc.com\/seattle\/car-accident-lawyer\/rideshare\/\"><span style=\"font-weight: 400;\">Abogado de accidentes de viajes compartidos en Seattle<\/span><\/a><span style=\"font-weight: 400;\"> Puede ayudarle a obtener la compensaci\u00f3n que merece de cualquier responsable de su accidente de Lyft. Para obtener m\u00e1s informaci\u00f3n, programe una consulta gratuita.\u00a0<\/span><\/p>\n<h2>No asuma la culpa por un accidente de Lyft causado por otra persona<\/h2>\n<p><span style=\"font-weight: 400;\">Su abogado especializado en accidentes de Lyft en Seattle quiere que usted exija responsabilidades a cualquier responsable de su accidente de viaje compartido. Inicialmente, su abogado puede informarse sobre su accidente con un Lyft. Podr\u00e1 identificar a las partes responsables y reclamarles una indemnizaci\u00f3n mediante una reclamaci\u00f3n al seguro o una demanda por lesiones personales.\u00a0<\/span><\/p>\n<p><span style=\"font-weight: 400;\">Generalmente, su <\/span><a href=\"https:\/\/plg-pllc.com\/seattle\/car-accident-lawyer\/\"><span style=\"font-weight: 400;\">Abogado de accidentes de tr\u00e1fico en Seattle<\/span><\/a><span style=\"font-weight: 400;\"> Solicitar\u00e1 una indemnizaci\u00f3n a la compa\u00f1\u00eda de seguros de Lyft o al conductor de viajes compartidos involucrado en su accidente. Ellos podr\u00e1n mantenerlo informado sobre las negociaciones del acuerdo.<\/span><\/p>\n<p><span style=\"font-weight: 400;\">Si recibe una oferta justa, puede aceptarla y cerrar el caso. Si no recibe una oferta justa, podr\u00eda tener que llevar el caso a juicio.\u00a0<\/span><\/p>\n<p><span style=\"font-weight: 400;\">Premier Law Group le brinda acceso a un equipo legal con m\u00e1s de 55 a\u00f1os de experiencia combinada. Nuestro <\/span><a href=\"https:\/\/plg-pllc.com\/seattle\/personal-injury-lawyer\/\"><span style=\"font-weight: 400;\">Abogado de lesiones personales en Seattle<\/span><\/a><span style=\"font-weight: 400;\"> Podemos guiarle en el proceso de solicitar una indemnizaci\u00f3n por un accidente de Lyft. Para obtener m\u00e1s informaci\u00f3n, solicite una revisi\u00f3n gratuita de su caso.\u00a0<\/span><\/p>\n<h2>Qu\u00e9 esperar si procede con un reclamo por accidente de Lyft en Seattle<\/h2>\n<p><span style=\"font-weight: 400;\">Deber\u00eda <\/span><a href=\"https:\/\/www.lyft.com\/arow\" target=\"_blank\" rel=\"noopener\"><span style=\"font-weight: 400;\">reporta tu accidente<\/span><\/a><span style=\"font-weight: 400;\"> A Lyft lo antes posible a trav\u00e9s de la app de la compa\u00f1\u00eda de viajes compartidos. Esto iniciar\u00e1 el proceso de reclamaci\u00f3n al seguro. Si usted conduc\u00eda cuando un conductor de Lyft choc\u00f3 su auto contra el suyo, debe notificar el incidente a la compa\u00f1\u00eda de viajes compartidos y a su aseguradora.\u00a0<\/span><\/p>\n<p><span style=\"font-weight: 400;\">Tras reportar su accidente, se iniciar\u00e1 una investigaci\u00f3n. Todas las compa\u00f1\u00edas de seguros involucradas colaborar\u00e1n para determinar qui\u00e9n es responsable.<\/span><\/p>\n<p><span style=\"font-weight: 400;\">Lo ideal es que la aseguradora de la parte culpable de su accidente le ofrezca una indemnizaci\u00f3n razonable. Por supuesto, si esto no sucede, su abogado especializado en accidentes de Lyft en Seattle puede explicarle c\u00f3mo demandar.\u00a0<\/span><\/p>\n<p><span style=\"font-weight: 400;\">En consonancia con la <\/span><a href=\"https:\/\/app.leg.wa.gov\/rcw\/default.aspx?cite=4.16.080\" target=\"_blank\" rel=\"noopener\"><span style=\"font-weight: 400;\">C\u00f3digo Revisado de Washington (RCW) 4.16.080<\/span><\/a><span style=\"font-weight: 400;\">, puede tener hasta<\/span><b> tres a\u00f1os<\/b><span style=\"font-weight: 400;\"> Desde el d\u00eda de su accidente de Lyft, puede solicitar una indemnizaci\u00f3n a las partes responsables. Si demora demasiado en emprender acciones legales contra la parte responsable, podr\u00eda ser responsable de las p\u00e9rdidas sufridas por el accidente.\u00a0<\/span><\/p>\n<h2>\u00bfCu\u00e1nto vale un caso de accidente de Lyft?<\/h2>\n<p><span style=\"font-weight: 400;\">Mientras su abogado busca maneras de conseguirle la cobertura \u00f3ptima para una colisi\u00f3n de Lyft <\/span><a href=\"https:\/\/plg-pllc.com\/case-results\/\"><span style=\"font-weight: 400;\">resultados del caso<\/span><\/a><span style=\"font-weight: 400;\">, Considerar\u00e1n sus da\u00f1os econ\u00f3micos y no econ\u00f3micos. Su abogado quiere que reciba una indemnizaci\u00f3n por sus gastos m\u00e9dicos, p\u00e9rdida de ingresos, dolor y sufrimiento, y otras p\u00e9rdidas tangibles e intangibles.\u00a0<\/span><\/p>\n<p><span style=\"font-weight: 400;\">Su abogado conoce el valor de su caso al iniciar las negociaciones del acuerdo de seguro. En \u00faltima instancia, la aseguradora de la parte responsable podr\u00eda ofrecerle un acuerdo muy bajo.<\/span><\/p>\n<p><span style=\"font-weight: 400;\">Si aprueba esto, podr\u00eda ser responsable de la mayor parte de las p\u00e9rdidas causadas por el accidente. Afortunadamente, su abogado puede negociar un acuerdo que le proporcione una compensaci\u00f3n adecuada o llevar su caso ante un juez o jurado.\u00a0<\/span><\/p>\n<p><span style=\"font-weight: 400;\">Si su caso de accidente de Lyft llega a juicio, su abogado puede argumentar por qu\u00e9 se justifica la indemnizaci\u00f3n. Podr\u00eda usar declaraciones de testigos, datos de la aplicaci\u00f3n Lyft y otras pruebas para validar su argumento. Si el argumento de su abogado tiene \u00e9xito en el tribunal, un juez o jurado podr\u00eda determinar que la parte responsable actu\u00f3 con negligencia y otorgar una indemnizaci\u00f3n.\u00a0<\/span><\/p>\n\n        <div class=\"rs-content-cta long\">\n            <p>Para una consulta legal GRATUITA con un abogado de accidentes de Lyft que atiende en Seattle, llame al <a href=\"tel:+12062851743\">(206) 285-1743 <\/a><\/p>\n            <a href=\"https:\/\/plg-pllc.com\/es\/contact-us\/\" title=\"OBTENGA UNA EVALUACI\u00d3N DE CASO GRATUITA\" class=\"btn-global\">OBTENGA UNA EVALUACI\u00d3N DE CASO GRATUITA<\/a>\n                    <picture>\n                            <source srcset=\"https:\/\/plg-pllc.com\/wp-content\/themes\/plg-pllc-redesign\/assets\/app\/img\/cta-thumb.webp\" type=\"image\/webp\"\/>\n                            <img src=\"https:\/\/plg-pllc.com\/wp-content\/themes\/plg-pllc-redesign\/assets\/app\/img\/cta-thumb.png\" alt=\"Grupo de abogados Premier\" title=\"Grupo de abogados Premier\" width=\"245\" height=\"220\" loading=\"auto\" fetchpriority=\"auto\" decoding=\"async\"\/>\n        <\/picture>\n        \n        <\/div><h2>El papel de la negligencia en una demanda por accidente de Lyft<\/h2>\n<p><span style=\"font-weight: 400;\">Su abogado de accidentes automovil\u00edsticos puede ense\u00f1arle sobre <\/span><a href=\"https:\/\/plg-pllc.com\/faqs\/what-is-negligence\/\"><span style=\"font-weight: 400;\">negligencia<\/span><\/a><span style=\"font-weight: 400;\"> Y c\u00f3mo esto puede determinar el resultado de su caso de colisi\u00f3n de Lyft. Podr\u00edan tener en cuenta los siguientes elementos de negligencia mientras preparan su caso para el juicio:<\/span><b><\/b><\/p>\n<ul>\n<li><b>Deber de cuidado<\/b>: <span style=\"font-weight: 400;\">Lyft y sus conductores tienen la obligaci\u00f3n legal de evitar cualquier acto que pueda ponerlo a usted o a otras personas en peligro.<\/span><\/li>\n<li><b>Incumplimiento del deber de cuidado<\/b>: <span style=\"font-weight: 400;\">Se viola un deber de cuidado cuando una de las partes comete un acto descuidado o imprudente.\u00a0<\/span><\/li>\n<li><b>Causalidad<\/b>: <span style=\"font-weight: 400;\">En su caso, una de las partes hace algo que resulta en su accidente de Lyft.\u00a0<\/span><\/li>\n<li><b>Da\u00f1os y perjuicios<\/b>: <span style=\"font-weight: 400;\">Est\u00e1s lidiando con p\u00e9rdidas debido a tu accidente.\u00a0<\/span><\/li>\n<\/ul>\n<p><span style=\"font-weight: 400;\">Por <\/span><a href=\"https:\/\/app.leg.wa.gov\/rcw\/default.aspx?cite=4.22&amp;full=true\" target=\"_blank\" rel=\"noopener\"><span style=\"font-weight: 400;\">Cap\u00edtulo 4.22 RCW<\/span><\/a><span style=\"font-weight: 400;\">, Washington tiene una <\/span><b>culpa contributiva<\/b> <b>ley <\/b><span style=\"font-weight: 400;\">Esto aplica a la negligencia en casos de lesiones personales. Si se le declara responsable de alg\u00fan modo de su accidente con un veh\u00edculo compartido, el tribunal tiene derecho a reducir sus da\u00f1os seg\u00fan su porcentaje de culpa.\u00a0<\/span><\/p>\n<p><span style=\"font-weight: 400;\">Por ejemplo, si un juez o jurado dice que usted es responsable del accidente de Lyft, puede obtener el 80% de los da\u00f1os que solicit\u00f3.<\/span><\/p>\n<h2>\u00bfQui\u00e9n puede ser culpable de un accidente de Lyft?<\/h2>\n<p><span style=\"font-weight: 400;\">Normalmente, Lyft o un conductor de viajes compartidos pueden ser responsables de un accidente. Si un conductor trabajaba para Lyft en el momento del accidente, podr\u00eda estar cubierto por la p\u00f3liza de seguro de la compa\u00f1\u00eda de viajes compartidos. Por otro lado, si un conductor no tiene activada la aplicaci\u00f3n de Lyft, podr\u00eda estar protegido financieramente por su seguro de auto.<\/span><\/p>\n<p><span style=\"font-weight: 400;\">Su abogado de lesiones personales considerar\u00e1 los hechos de su accidente de viaje compartido para determinar la responsabilidad. Puede ayudarle a presentar una reclamaci\u00f3n, pero estar\u00e1 abierto a ir a juicio si la compa\u00f1\u00eda de seguros de la parte responsable decide no ofrecerle una compensaci\u00f3n adecuada por sus p\u00e9rdidas.\u00a0<\/span><\/p>\n<p><span style=\"font-weight: 400;\">En Washington, los conductores de viajes compartidos y otros automovilistas est\u00e1n sujetos a la normativa estatal obligatoria. <\/span><a href=\"https:\/\/dol.wa.gov\/driver-licenses-and-permits\/mandatory-insurance\" target=\"_blank\" rel=\"noopener\"><span style=\"font-weight: 400;\">requisito de seguro<\/span><\/a><span style=\"font-weight: 400;\">. Por lo tanto, si un conductor de Lyft afirma que no tiene seguro de autom\u00f3vil, es posible que est\u00e9 infringiendo la ley.<\/span><\/p>\n<p><span style=\"font-weight: 400;\">En esta situaci\u00f3n, usted puede demandar al conductor por da\u00f1os y perjuicios, y su abogado puede ayudarle a obtener dinero de este individuo como parte de una demanda.\u00a0<\/span><\/p>\n<h2>Nuestro bufete de abogados es lo suficientemente grande para ganar y lo suficientemente peque\u00f1o para preocuparse<\/h2>\n<p><span style=\"font-weight: 400;\">El equipo de Premier Law Group est\u00e1 aqu\u00ed para ayudarlo con su caso de colisi\u00f3n de Lyft de cualquier manera posible.\u00a0<\/span><\/p>\n<p><span style=\"font-weight: 400;\">Permita que nuestro abogado especializado en accidentes de Lyft en Seattle sea su representante legal y defensor. Cont\u00e1ctenos para m\u00e1s informaci\u00f3n. <\/span><\/p>\n\n        <div class=\"rs-content-cta\">\n            <p>Llamar o enviar mensaje de texto <a href=\"tel:+12062851743\">(206) 285-1743<\/a> o complete un formulario de evaluaci\u00f3n de caso gratuito<\/p>\n            <a href=\"https:\/\/plg-pllc.com\/es\/contact-us\/\" title=\"OBTENGA UNA EVALUACI\u00d3N DE CASO GRATUITA\" class=\"btn-global\">OBTENGA UNA EVALUACI\u00d3N DE CASO GRATUITA<\/a>\n                    <picture>\n                            <source srcset=\"https:\/\/plg-pllc.com\/wp-content\/themes\/plg-pllc-redesign\/assets\/app\/img\/cta-thumb.webp\" type=\"image\/webp\"\/>\n                            <img src=\"https:\/\/plg-pllc.com\/wp-content\/themes\/plg-pllc-redesign\/assets\/app\/img\/cta-thumb.png\" alt=\"Grupo de abogados Premier\" title=\"Grupo de abogados Premier\" width=\"245\" height=\"220\" loading=\"auto\" fetchpriority=\"auto\" decoding=\"async\"\/>\n        <\/picture>\n        \n        <\/div>","protected":false},"excerpt":{"rendered":"<p>Disfrutas viajando en Lyft mientras recorres Seattle. Sin embargo, si un conductor de Lyft sufre un accidente y sufres lesiones, es posible que no sepas c\u00f3mo reaccionar. En ese caso, trata tus lesiones y luego solicita ayuda legal a un abogado especializado en accidentes de Lyft en Seattle. A partir de ah\u00ed, tu abogado\u2026<\/p>","protected":false},"author":60,"featured_media":0,"parent":19612,"menu_order":0,"comment_status":"closed","ping_status":"closed","template":"","meta":{"_acf_changed":false,"_genesis_hide_title":false,"_genesis_hide_breadcrumbs":false,"_genesis_hide_singular_image":false,"_genesis_hide_footer_widgets":false,"_genesis_custom_body_class":"","_genesis_custom_post_class":"","_genesis_layout":"","footnotes":""},"hc_faqs":[],"class_list":{"0":"post-21678","1":"page","2":"type-page","3":"status-publish","5":"hc_city_location-seattle","6":"entry"},"acf":[],"yoast_head":"<!-- This site is optimized with the Yoast SEO plugin v27.2 - https:\/\/yoast.com\/product\/yoast-seo-wordpress\/ -->\n<title>Lyft Accident Lawyer in Seattle | Free Consultation<\/title>\n<meta name=\"description\" content=\"You need a Lyft accident lawyer in Seattle to help you fight for maximum compensation for costs related to your accident. 24\/7 help.\" \/>\n<meta name=\"robots\" content=\"index, follow, max-snippet:-1, max-image-preview:large, max-video-preview:-1\" \/>\n<link rel=\"canonical\" href=\"https:\/\/plg-pllc.com\/es\/seattle\/car-accident-lawyer\/rideshare\/lyft\/\" \/>\n<meta property=\"og:locale\" content=\"es_MX\" \/>\n<meta property=\"og:type\" content=\"article\" \/>\n<meta property=\"og:title\" content=\"Lyft Accident Lawyer in Seattle | Free Consultation\" \/>\n<meta property=\"og:description\" content=\"You need a Lyft accident lawyer in Seattle to help you fight for maximum compensation for costs related to your accident. 24\/7 help.\" \/>\n<meta property=\"og:url\" content=\"https:\/\/plg-pllc.com\/es\/seattle\/car-accident-lawyer\/rideshare\/lyft\/\" \/>\n<meta property=\"og:site_name\" content=\"Premier Law Group\" \/>\n<meta property=\"article:publisher\" content=\"https:\/\/www.facebook.com\/premierlawgroup\" \/>\n<meta property=\"article:modified_time\" content=\"2026-02-27T18:55:14+00:00\" \/>\n<meta name=\"twitter:card\" content=\"summary_large_image\" \/>\n<meta name=\"twitter:site\" content=\"@premierlawgroup\" \/>\n<meta name=\"twitter:label1\" content=\"Tiempo de lectura\" \/>\n\t<meta name=\"twitter:data1\" content=\"5 minutos\" \/>\n<script type=\"application\/ld+json\" class=\"yoast-schema-graph\">{\"@context\":\"https:\/\/schema.org\",\"@graph\":[{\"@type\":\"WebPage\",\"@id\":\"https:\/\/plg-pllc.com\/seattle\/car-accident-lawyer\/rideshare\/lyft\/\",\"url\":\"https:\/\/plg-pllc.com\/seattle\/car-accident-lawyer\/rideshare\/lyft\/\",\"name\":\"Lyft Accident Lawyer in Seattle | Free Consultation\",\"isPartOf\":{\"@id\":\"https:\/\/plg-pllc.com\/#website\"},\"datePublished\":\"2026-02-26T15:30:51+00:00\",\"dateModified\":\"2026-02-27T18:55:14+00:00\",\"description\":\"You need a Lyft accident lawyer in Seattle to help you fight for maximum compensation for costs related to your accident. 24\/7 help.\",\"breadcrumb\":{\"@id\":\"https:\/\/plg-pllc.com\/seattle\/car-accident-lawyer\/rideshare\/lyft\/#breadcrumb\"},\"inLanguage\":\"es\",\"potentialAction\":[{\"@type\":\"ReadAction\",\"target\":[\"https:\/\/plg-pllc.com\/seattle\/car-accident-lawyer\/rideshare\/lyft\/\"]}]},{\"@type\":\"BreadcrumbList\",\"@id\":\"https:\/\/plg-pllc.com\/seattle\/car-accident-lawyer\/rideshare\/lyft\/#breadcrumb\",\"itemListElement\":[{\"@type\":\"ListItem\",\"position\":1,\"name\":\"Home\",\"item\":\"https:\/\/plg-pllc.com\/es\/\"},{\"@type\":\"ListItem\",\"position\":2,\"name\":\"Seattle Personal Injury Lawyer\",\"item\":\"https:\/\/plg-pllc.com\/es\/seattle\/personal-injury-lawyer\/\"},{\"@type\":\"ListItem\",\"position\":3,\"name\":\"Seattle Car Accident Lawyer\",\"item\":\"https:\/\/plg-pllc.com\/es\/seattle\/car-accident-lawyer\/\"},{\"@type\":\"ListItem\",\"position\":4,\"name\":\"Rideshare Accident\",\"item\":\"https:\/\/plg-pllc.com\/es\/seattle\/car-accident-lawyer\/rideshare\/\"},{\"@type\":\"ListItem\",\"position\":5,\"name\":\"Lyft Accident\"}]},{\"@type\":\"WebSite\",\"@id\":\"https:\/\/plg-pllc.com\/#website\",\"url\":\"https:\/\/plg-pllc.com\/\",\"name\":\"Premier Law Group\",\"description\":\"Washington Wrongful Death and Serious Injury Lawyer\",\"publisher\":{\"@id\":\"https:\/\/plg-pllc.com\/#organization\"},\"inLanguage\":\"es\"},{\"@type\":\"Organization\",\"@id\":\"https:\/\/plg-pllc.com\/#organization\",\"name\":\"Premier Law Group\",\"url\":\"https:\/\/plg-pllc.com\/\",\"logo\":{\"@type\":\"ImageObject\",\"inLanguage\":\"es\",\"@id\":\"https:\/\/plg-pllc.com\/#\/schema\/logo\/image\/\",\"url\":\"https:\/\/plg-pllc.com\/wp-content\/uploads\/2020\/10\/plg-logo-v2.gif\",\"contentUrl\":\"https:\/\/plg-pllc.com\/wp-content\/uploads\/2020\/10\/plg-logo-v2.gif\",\"width\":592,\"height\":191,\"caption\":\"Premier Law Group\"},\"image\":{\"@id\":\"https:\/\/plg-pllc.com\/#\/schema\/logo\/image\/\"},\"sameAs\":[\"https:\/\/www.facebook.com\/premierlawgroup\",\"https:\/\/x.com\/premierlawgroup\"]}]}<\/script>\n<!-- \/ Yoast SEO plugin. -->","yoast_head_json":{"title":"Abogado de accidentes de Lyft en Seattle | Consulta gratuita","description":"Necesita un abogado de accidentes de Lyft en Seattle para ayudarlo a luchar por la m\u00e1xima compensaci\u00f3n por los costos relacionados con su accidente. Ayuda 24 horas al d\u00eda, 7 d\u00edas a la semana.","robots":{"index":"index","follow":"follow","max-snippet":"max-snippet:-1","max-image-preview":"max-image-preview:large","max-video-preview":"max-video-preview:-1"},"canonical":"https:\/\/plg-pllc.com\/es\/seattle\/car-accident-lawyer\/rideshare\/lyft\/","og_locale":"es_MX","og_type":"article","og_title":"Lyft Accident Lawyer in Seattle | Free Consultation","og_description":"You need a Lyft accident lawyer in Seattle to help you fight for maximum compensation for costs related to your accident. 24\/7 help.","og_url":"https:\/\/plg-pllc.com\/es\/seattle\/car-accident-lawyer\/rideshare\/lyft\/","og_site_name":"Premier Law Group","article_publisher":"https:\/\/www.facebook.com\/premierlawgroup","article_modified_time":"2026-02-27T18:55:14+00:00","twitter_card":"summary_large_image","twitter_site":"@premierlawgroup","twitter_misc":{"Tiempo de lectura":"5 minutos"},"schema":{"@context":"https:\/\/schema.org","@graph":[{"@type":"WebPage","@id":"https:\/\/plg-pllc.com\/seattle\/car-accident-lawyer\/rideshare\/lyft\/","url":"https:\/\/plg-pllc.com\/seattle\/car-accident-lawyer\/rideshare\/lyft\/","name":"Abogado de accidentes de Lyft en Seattle | Consulta gratuita","isPartOf":{"@id":"https:\/\/plg-pllc.com\/#website"},"datePublished":"2026-02-26T15:30:51+00:00","dateModified":"2026-02-27T18:55:14+00:00","description":"Necesita un abogado de accidentes de Lyft en Seattle para ayudarlo a luchar por la m\u00e1xima compensaci\u00f3n por los costos relacionados con su accidente. Ayuda 24 horas al d\u00eda, 7 d\u00edas a la semana.","breadcrumb":{"@id":"https:\/\/plg-pllc.com\/seattle\/car-accident-lawyer\/rideshare\/lyft\/#breadcrumb"},"inLanguage":"es","potentialAction":[{"@type":"ReadAction","target":["https:\/\/plg-pllc.com\/seattle\/car-accident-lawyer\/rideshare\/lyft\/"]}]},{"@type":"BreadcrumbList","@id":"https:\/\/plg-pllc.com\/seattle\/car-accident-lawyer\/rideshare\/lyft\/#breadcrumb","itemListElement":[{"@type":"ListItem","position":1,"name":"Home","item":"https:\/\/plg-pllc.com\/es\/"},{"@type":"ListItem","position":2,"name":"Seattle Personal Injury Lawyer","item":"https:\/\/plg-pllc.com\/es\/seattle\/personal-injury-lawyer\/"},{"@type":"ListItem","position":3,"name":"Seattle Car Accident Lawyer","item":"https:\/\/plg-pllc.com\/es\/seattle\/car-accident-lawyer\/"},{"@type":"ListItem","position":4,"name":"Rideshare Accident","item":"https:\/\/plg-pllc.com\/es\/seattle\/car-accident-lawyer\/rideshare\/"},{"@type":"ListItem","position":5,"name":"Lyft Accident"}]},{"@type":"WebSite","@id":"https:\/\/plg-pllc.com\/#website","url":"https:\/\/plg-pllc.com\/","name":"Grupo de abogados Premier","description":"Abogado de muerte por negligencia y lesiones graves en Washington","publisher":{"@id":"https:\/\/plg-pllc.com\/#organization"},"inLanguage":"es"},{"@type":"Organization","@id":"https:\/\/plg-pllc.com\/#organization","name":"Grupo de abogados Premier","url":"https:\/\/plg-pllc.com\/","logo":{"@type":"ImageObject","inLanguage":"es","@id":"https:\/\/plg-pllc.com\/#\/schema\/logo\/image\/","url":"https:\/\/plg-pllc.com\/wp-content\/uploads\/2020\/10\/plg-logo-v2.gif","contentUrl":"https:\/\/plg-pllc.com\/wp-content\/uploads\/2020\/10\/plg-logo-v2.gif","width":592,"height":191,"caption":"Premier Law Group"},"image":{"@id":"https:\/\/plg-pllc.com\/#\/schema\/logo\/image\/"},"sameAs":["https:\/\/www.facebook.com\/premierlawgroup","https:\/\/x.com\/premierlawgroup"]}]}},"_links":{"self":[{"href":"https:\/\/plg-pllc.com\/es\/wp-json\/wp\/v2\/pages\/21678","targetHints":{"allow":["GET"]}}],"collection":[{"href":"https:\/\/plg-pllc.com\/es\/wp-json\/wp\/v2\/pages"}],"about":[{"href":"https:\/\/plg-pllc.com\/es\/wp-json\/wp\/v2\/types\/page"}],"author":[{"embeddable":true,"href":"https:\/\/plg-pllc.com\/es\/wp-json\/wp\/v2\/users\/60"}],"replies":[{"embeddable":true,"href":"https:\/\/plg-pllc.com\/es\/wp-json\/wp\/v2\/comments?post=21678"}],"version-history":[{"count":0,"href":"https:\/\/plg-pllc.com\/es\/wp-json\/wp\/v2\/pages\/21678\/revisions"}],"up":[{"embeddable":true,"href":"https:\/\/plg-pllc.com\/es\/wp-json\/wp\/v2\/pages\/19612"}],"wp:attachment":[{"href":"https:\/\/plg-pllc.com\/es\/wp-json\/wp\/v2\/media?parent=21678"}],"wp:term":[{"taxonomy":"hc_faqs","embeddable":true,"href":"https:\/\/plg-pllc.com\/es\/wp-json\/wp\/v2\/hc_faqs?post=21678"}],"curies":[{"name":"gracias","href":"https:\/\/api.w.org\/{rel}","templated":true}]}}