{"id":21711,"date":"2026-03-31T17:33:04","date_gmt":"2026-04-01T00:33:04","guid":{"rendered":"https:\/\/plg-pllc.com\/?page_id=21711"},"modified":"2026-03-31T17:33:04","modified_gmt":"2026-04-01T00:33:04","slug":"when-to-hire-a-personal-injury-lawyer","status":"publish","type":"page","link":"https:\/\/plg-pllc.com\/es\/faqs\/when-to-hire-a-personal-injury-lawyer\/","title":{"rendered":"\u00bfCu\u00e1ndo contratar a un abogado especializado en lesiones personales?"},"content":{"rendered":"<p><span style=\"font-weight: 400;\">Si no est\u00e1 seguro de cu\u00e1ndo contratar a un abogado especializado en lesiones personales, puede que le convenga contratar a un abogado. <\/span><b>Si usted sufre lesiones graves, la responsabilidad puede ser objeto de disputa, o bien si la compa\u00f1\u00eda de seguros no ofrece una indemnizaci\u00f3n justa.\u00a0<\/b><\/p>\n<p><span style=\"font-weight: 400;\">Hable con nuestro <\/span><a href=\"https:\/\/plg-pllc.com\/\"><span style=\"font-weight: 400;\">Abogados de lesiones personales en Bellevue<\/span><\/a><span style=\"font-weight: 400;\"> Cont\u00e1ctenos hoy y evaluaremos su caso. Nuestros abogados podr\u00e1n conocer su situaci\u00f3n y los da\u00f1os que ha sufrido. A partir de ah\u00ed, podremos ayudarle a presentar una reclamaci\u00f3n o demanda contra la parte responsable.\u00a0<\/span><\/p>\n<h2><span style=\"font-weight: 400;\">Contrate a nuestros abogados especializados en lesiones personales si se enfrenta a facturas m\u00e9dicas muy elevadas.<\/span><\/h2>\n<p><span style=\"font-weight: 400;\">Considere sus gastos m\u00e9dicos al decidir si contratar a nuestros abogados especializados en lesiones personales. Podr\u00eda enfrentar altos costos por consultas m\u00e9dicas, fisioterapia, cirug\u00eda y atenci\u00f3n m\u00e9dica continua relacionada con lesiones sufridas por negligencia de otra persona. Con nuestros abogados a su lado, puede reclamar una indemnizaci\u00f3n por estos gastos mediante una demanda.\u00a0<\/span><\/p>\n<p><span style=\"font-weight: 400;\">Nuestros abogados de lesiones personales pueden aconsejarle que <\/span><a href=\"https:\/\/plg-pllc.com\/faqs\/how-to-pay-medical-bills\/\"><span style=\"font-weight: 400;\">paga tus facturas m\u00e9dicas<\/span><\/a><span style=\"font-weight: 400;\"> y hacer un seguimiento minucioso de sus facturas m\u00e9dicas. Podemos utilizarlas como prueba para ayudarle a obtener una indemnizaci\u00f3n justa de la compa\u00f1\u00eda de seguros de la parte responsable. Asimismo, estas facturas podr\u00edan obligar a un juez o jurado a concederle una indemnizaci\u00f3n por sus gastos m\u00e9dicos actuales y futuros.<\/span><\/p>\n<p><span style=\"font-weight: 400;\">Premier Law Group es un bufete de abogados especializado en lesiones personales, lo suficientemente grande como para ganar y lo suficientemente peque\u00f1o como para brindar una atenci\u00f3n personalizada. Nuestro equipo legal ha atendido a miles de clientes en casos de lesiones personales. Conf\u00ede en nosotros para ayudarle a obtener el mejor resultado posible. <\/span><a href=\"https:\/\/plg-pllc.com\/case-results\/\"><span style=\"font-weight: 400;\">resultados del caso<\/span><\/a><span style=\"font-weight: 400;\"> Usted es quien debe ser si procede con una reclamaci\u00f3n o demanda por lesiones personales. Para obtener m\u00e1s informaci\u00f3n, programe una revisi\u00f3n gratuita de su caso.\u00a0<\/span><\/p>\n<h2><span style=\"font-weight: 400;\">Trabaje con nuestro abogado especializado en lesiones personales si existe una disputa sobre responsabilidad.<\/span><\/h2>\n<p><span style=\"font-weight: 400;\">Otra raz\u00f3n para contratar a nuestros abogados con experiencia en casos de lesiones personales tiene que ver con la responsabilidad. Tras un accidente en el que usted resulta lesionado, puede resultar dif\u00edcil determinar qui\u00e9n tiene la culpa. Usted podr\u00eda culpar a otra parte. Mientras tanto, esta parte podr\u00eda alegar que usted es parcial o totalmente responsable.\u00a0<\/span><\/p>\n<p><span style=\"font-weight: 400;\">Nuestros abogados pueden evaluar todos los aspectos de su caso para determinar qui\u00e9n es el responsable. Como parte de nuestro trabajo, podemos revisar las grabaciones de tr\u00e1fico o de vigilancia del accidente, entrevistar a los testigos y leer los informes policiales. Estas acciones, entre otras, pueden ayudarle a determinar la responsabilidad. Adem\u00e1s, nos proporcionar\u00e1n la base para nuestra argumentaci\u00f3n.\u00a0<\/span><\/p>\n<p><span style=\"font-weight: 400;\">Si otra persona es responsable de haberle causado da\u00f1o, nuestros abogados pueden presentar su solicitud de compensaci\u00f3n de conformidad con el C\u00f3digo Revisado de Washington (RCW). <\/span><a href=\"https:\/\/app.leg.wa.gov\/rcw\/default.aspx?cite=4.16.080\" target=\"_blank\" rel=\"noopener\"><span style=\"font-weight: 400;\">Ley de Armas Reconstructivas 4.16.080<\/span><\/a><span style=\"font-weight: 400;\">, Usted dispone de hasta tres a\u00f1os para presentar su reclamaci\u00f3n o demanda por lesiones personales. Una vez presentada su reclamaci\u00f3n, recopilaremos pruebas y prepararemos su caso para obtener una indemnizaci\u00f3n por da\u00f1os y perjuicios.<\/span><\/p>\n<h2><span style=\"font-weight: 400;\">Conf\u00ede en nuestro abogado especializado en lesiones personales para negociar un acuerdo con su compa\u00f1\u00eda de seguros que se ajuste a sus expectativas.<\/span><\/h2>\n<p><span style=\"font-weight: 400;\">El hecho de que usted presente una reclamaci\u00f3n o demanda por lesiones personales en consonancia con <\/span><a href=\"https:\/\/plg-pllc.com\/faqs\/washington-statute-of-limitations\/\"><span style=\"font-weight: 400;\">Plazo de prescripci\u00f3n del estado de Washington<\/span><\/a><span style=\"font-weight: 400;\"> Esto no garantiza que recibir\u00e1 una compensaci\u00f3n por sus p\u00e9rdidas. Al contratar a nuestros abogados especializados en lesiones personales, podr\u00e1 obtener la ayuda necesaria para negociar un acuerdo con la aseguradora que le brinde una indemnizaci\u00f3n adecuada.\u00a0<\/span><\/p>\n<p><span style=\"font-weight: 400;\">Nuestros abogados conocen el <\/span><a href=\"https:\/\/plg-pllc.com\/faqs\/top-5-signs-your-insurance-company-is-offering-a-lowball-settlement\/\"><span style=\"font-weight: 400;\">Se\u00f1ales de que una compa\u00f1\u00eda de seguros est\u00e1 ofreciendo una indemnizaci\u00f3n muy baja<\/span><\/a><span style=\"font-weight: 400;\">. Podemos gestionar las negociaciones con su aseguradora y mantenerle informado sobre cualquier oferta. Si recibimos una oferta, podr\u00e1 revisarla con nosotros. En \u00faltima instancia, si no recibe una oferta que considere razonable, podemos continuar negociando con la aseguradora o llevar su caso a juicio.\u00a0<\/span><\/p>\n<p><span style=\"font-weight: 400;\">Recuerde que si procede \u00fanicamente con las negociaciones de la aseguradora, corre el riesgo de aceptar una oferta inferior a las p\u00e9rdidas sufridas. Nuestros abogados especializados en lesiones personales pueden ayudarle a obtener una indemnizaci\u00f3n que cubra su dolor y sufrimiento, salarios perdidos, gastos m\u00e9dicos y otras p\u00e9rdidas. Si no existe tal oferta, no tenemos inconveniente en ayudarle a presentar una demanda.\u00a0<\/span><\/p>\n\n        <div class=\"rs-content-cta long\">\n            <p>Para una consulta legal GRATUITA, llame al <a href=\"tel:+12062851743\">(206) 285-1743 <\/a><\/p>\n            <a href=\"https:\/\/plg-pllc.com\/es\/contact-us\/\" title=\"OBTENGA UNA EVALUACI\u00d3N DE CASO GRATUITA\" class=\"btn-global\">OBTENGA UNA EVALUACI\u00d3N DE CASO GRATUITA<\/a>\n                    <picture>\n                            <source srcset=\"https:\/\/plg-pllc.com\/wp-content\/themes\/plg-pllc-redesign\/assets\/app\/img\/cta-thumb.webp\" type=\"image\/webp\"\/>\n                            <img src=\"https:\/\/plg-pllc.com\/wp-content\/themes\/plg-pllc-redesign\/assets\/app\/img\/cta-thumb.png\" alt=\"Grupo de abogados Premier\" title=\"Grupo de abogados Premier\" width=\"245\" height=\"220\" loading=\"auto\" fetchpriority=\"auto\" decoding=\"async\"\/>\n        <\/picture>\n        \n        <\/div><h2><span style=\"font-weight: 400;\">Permita que nuestros abogados especializados en lesiones personales simplifiquen el proceso legal para usted.<\/span><\/h2>\n<p><span style=\"font-weight: 400;\">Algunos casos de lesiones personales son incre\u00edblemente complicados. Afortunadamente, cuando usted <\/span><b>Contrate a nuestros abogados para su caso de lesiones personales.<\/b><span style=\"font-weight: 400;\">, Podemos simplificar sus asuntos legales. Para ello, investigamos su caso a fondo, le dedicamos tiempo y recursos considerables y garantizamos que sus necesidades legales se satisfagan de forma constante.\u00a0<\/span><\/p>\n<p><span style=\"font-weight: 400;\">Por ejemplo, considere nuestro enfoque para un caso de lesiones personales en el que usted desea demandar a un automovilista despu\u00e9s de un accidente automovil\u00edstico. Nuestro <\/span><a href=\"https:\/\/plg-pllc.com\/bellevue\/car-accident-lawyer\/\"><span style=\"font-weight: 400;\">Abogado de accidentes de tr\u00e1fico en Bellevue<\/span><\/a><span style=\"font-weight: 400;\"> Podemos recuperar fotograf\u00edas del lugar del accidente, declaraciones de testigos y otras pruebas. Adem\u00e1s, podemos calcular sus da\u00f1os econ\u00f3micos y no econ\u00f3micos, presentar su reclamaci\u00f3n o demanda y preparar su caso para defenderlo ante los tribunales.\u00a0\u00a0<\/span><\/p>\n<p><span style=\"font-weight: 400;\">Mientras gestionamos su indemnizaci\u00f3n, usted puede tratar sus lesiones por el accidente, reparar su veh\u00edculo da\u00f1ado y ocuparse de otros asuntos personales ajenos al litigio. Mientras tanto, priorizamos sus asuntos legales. Nuestros abogados pueden ayudarle a obtener un acuerdo con la aseguradora de la parte responsable. O, si es necesario un juicio, podemos preparar una argumentaci\u00f3n convincente para el juez o el jurado.<\/span><\/p>\n<h2><span style=\"font-weight: 400;\">Contratar a nuestros abogados especializados en lesiones personales puede beneficiarle mientras planifica su futuro.\u00a0<\/span><\/h2>\n<p><span style=\"font-weight: 400;\">Nuestros abogados especializados en lesiones personales buscan que usted reciba una compensaci\u00f3n por las p\u00e9rdidas que pueda sufrir ahora y en el futuro. Por ello, podemos ayudarle a evaluar las implicaciones a corto y largo plazo de cualquier decisi\u00f3n que tome con respecto a una reclamaci\u00f3n o demanda por lesiones personales.\u00a0<\/span><\/p>\n<p><span style=\"font-weight: 400;\">Por ejemplo, si sufre un accidente de tr\u00e1fico, la compa\u00f1\u00eda de seguros del otro conductor implicado podr\u00eda ofrecerle una indemnizaci\u00f3n d\u00edas despu\u00e9s del incidente. Podr\u00eda resultarle tentador aceptarla para tener dinero con el que cubrir los gastos m\u00e9dicos.<\/span><\/p>\n<p><span style=\"font-weight: 400;\">Nuestros abogados especializados en lesiones personales podr\u00edan aconsejarle que considere c\u00f3mo la aceptaci\u00f3n de la primera oferta de indemnizaci\u00f3n que reciba por las p\u00e9rdidas sufridas en su accidente automovil\u00edstico podr\u00eda afectarle a largo plazo. Dado que podemos evaluar el valor de su caso, podemos informarle si una oferta le resultar\u00e1 beneficiosa en los a\u00f1os venideros.\u00a0<\/span><\/p>\n<h2><span style=\"font-weight: 400;\">Si ahora es el momento de contratar a nuestros abogados de lesiones personales, estamos aqu\u00ed para ayudarle.<\/span><\/h2>\n<p><span style=\"font-weight: 400;\">Premier Law Group tiene <\/span><b>M\u00e1s de 55 a\u00f1os de experiencia combinada<\/b><span style=\"font-weight: 400;\"> Contamos con un equipo de abogados especializados en lesiones personales. Si est\u00e1 considerando cu\u00e1ndo contratar a nuestros abogados, podemos analizar sus asuntos legales y ayudarle a evaluar las ventajas y desventajas de presentar una reclamaci\u00f3n o demanda. Para obtener m\u00e1s informaci\u00f3n, solicite una revisi\u00f3n gratuita de su caso.<\/span><\/p>\n\n        <div class=\"rs-content-cta\">\n            <p>Llamar o enviar mensaje de texto <a href=\"tel:+12062851743\">(206) 285-1743<\/a> o complete un formulario de evaluaci\u00f3n de caso gratuito<\/p>\n            <a href=\"https:\/\/plg-pllc.com\/es\/contact-us\/\" title=\"OBTENGA UNA EVALUACI\u00d3N DE CASO GRATUITA\" class=\"btn-global\">OBTENGA UNA EVALUACI\u00d3N DE CASO GRATUITA<\/a>\n                    <picture>\n                            <source srcset=\"https:\/\/plg-pllc.com\/wp-content\/themes\/plg-pllc-redesign\/assets\/app\/img\/cta-thumb.webp\" type=\"image\/webp\"\/>\n                            <img src=\"https:\/\/plg-pllc.com\/wp-content\/themes\/plg-pllc-redesign\/assets\/app\/img\/cta-thumb.png\" alt=\"Grupo de abogados Premier\" title=\"Grupo de abogados Premier\" width=\"245\" height=\"220\" loading=\"auto\" fetchpriority=\"auto\" decoding=\"async\"\/>\n        <\/picture>\n        \n        <\/div>","protected":false},"excerpt":{"rendered":"<p>Si no est\u00e1 seguro de cu\u00e1ndo contratar a un abogado de lesiones personales, le conviene hacerlo si ha sufrido lesiones graves, si existe una disputa sobre la responsabilidad o si la compa\u00f1\u00eda de seguros no ofrece una indemnizaci\u00f3n justa. Hable hoy mismo con nuestros abogados de lesiones personales en Bellevue y evaluaremos su caso\u2026<\/p>","protected":false},"author":61,"featured_media":21712,"parent":20714,"menu_order":0,"comment_status":"closed","ping_status":"closed","template":"","meta":{"_acf_changed":false,"_genesis_hide_title":false,"_genesis_hide_breadcrumbs":false,"_genesis_hide_singular_image":false,"_genesis_hide_footer_widgets":false,"_genesis_custom_body_class":"","_genesis_custom_post_class":"","_genesis_layout":"","footnotes":""},"hc_faqs":[10354],"class_list":{"0":"post-21711","1":"page","2":"type-page","3":"status-publish","4":"has-post-thumbnail","6":"hc_faqs-personal-injury","7":"entry"},"acf":[],"yoast_head":"<!-- This site is optimized with the Yoast SEO plugin v27.4 - https:\/\/yoast.com\/product\/yoast-seo-wordpress\/ -->\n<title>When You Should Hire a Personal Injury Lawyer<\/title>\n<meta name=\"description\" content=\"Find out when to hire a personal injury lawyer from the dedicated team at Premiere Law Group. Call for a free consultation.\" \/>\n<meta name=\"robots\" content=\"index, follow, max-snippet:-1, max-image-preview:large, max-video-preview:-1\" \/>\n<link rel=\"canonical\" href=\"https:\/\/plg-pllc.com\/es\/faqs\/when-to-hire-a-personal-injury-lawyer\/\" \/>\n<meta property=\"og:locale\" content=\"es_MX\" \/>\n<meta property=\"og:type\" content=\"article\" \/>\n<meta property=\"og:title\" content=\"When You Should Hire a Personal Injury Lawyer\" \/>\n<meta property=\"og:description\" content=\"Find out when to hire a personal injury lawyer from the dedicated team at Premiere Law Group. Call for a free consultation.\" \/>\n<meta property=\"og:url\" content=\"https:\/\/plg-pllc.com\/es\/faqs\/when-to-hire-a-personal-injury-lawyer\/\" \/>\n<meta property=\"og:site_name\" content=\"Premier Law Group\" \/>\n<meta property=\"article:publisher\" content=\"https:\/\/www.facebook.com\/premierlawgroup\" \/>\n<meta property=\"og:image\" content=\"https:\/\/plg-pllc.com\/wp-content\/uploads\/2026\/03\/when-to-hire-a-personal-injury-lawyer.jpg\" \/>\n\t<meta property=\"og:image:width\" content=\"1000\" \/>\n\t<meta property=\"og:image:height\" content=\"614\" \/>\n\t<meta property=\"og:image:type\" content=\"image\/jpeg\" \/>\n<meta name=\"twitter:card\" content=\"summary_large_image\" \/>\n<meta name=\"twitter:site\" content=\"@premierlawgroup\" \/>\n<meta name=\"twitter:label1\" content=\"Tiempo de lectura\" \/>\n\t<meta name=\"twitter:data1\" content=\"5 minutos\" \/>\n<script type=\"application\/ld+json\" class=\"yoast-schema-graph\">{\"@context\":\"https:\\\/\\\/schema.org\",\"@graph\":[{\"@type\":\"WebPage\",\"@id\":\"https:\\\/\\\/plg-pllc.com\\\/faqs\\\/when-to-hire-a-personal-injury-lawyer\\\/\",\"url\":\"https:\\\/\\\/plg-pllc.com\\\/faqs\\\/when-to-hire-a-personal-injury-lawyer\\\/\",\"name\":\"When You Should Hire a Personal Injury Lawyer\",\"isPartOf\":{\"@id\":\"https:\\\/\\\/plg-pllc.com\\\/#website\"},\"primaryImageOfPage\":{\"@id\":\"https:\\\/\\\/plg-pllc.com\\\/faqs\\\/when-to-hire-a-personal-injury-lawyer\\\/#primaryimage\"},\"image\":{\"@id\":\"https:\\\/\\\/plg-pllc.com\\\/faqs\\\/when-to-hire-a-personal-injury-lawyer\\\/#primaryimage\"},\"thumbnailUrl\":\"https:\\\/\\\/plg-pllc.com\\\/wp-content\\\/uploads\\\/2026\\\/03\\\/when-to-hire-a-personal-injury-lawyer.jpg\",\"datePublished\":\"2026-04-01T00:33:04+00:00\",\"description\":\"Find out when to hire a personal injury lawyer from the dedicated team at Premiere Law Group. Call for a free consultation.\",\"breadcrumb\":{\"@id\":\"https:\\\/\\\/plg-pllc.com\\\/faqs\\\/when-to-hire-a-personal-injury-lawyer\\\/#breadcrumb\"},\"inLanguage\":\"es\",\"potentialAction\":[{\"@type\":\"ReadAction\",\"target\":[\"https:\\\/\\\/plg-pllc.com\\\/faqs\\\/when-to-hire-a-personal-injury-lawyer\\\/\"]}]},{\"@type\":\"ImageObject\",\"inLanguage\":\"es\",\"@id\":\"https:\\\/\\\/plg-pllc.com\\\/faqs\\\/when-to-hire-a-personal-injury-lawyer\\\/#primaryimage\",\"url\":\"https:\\\/\\\/plg-pllc.com\\\/wp-content\\\/uploads\\\/2026\\\/03\\\/when-to-hire-a-personal-injury-lawyer.jpg\",\"contentUrl\":\"https:\\\/\\\/plg-pllc.com\\\/wp-content\\\/uploads\\\/2026\\\/03\\\/when-to-hire-a-personal-injury-lawyer.jpg\",\"width\":1000,\"height\":614,\"caption\":\"A personal injury lawyer talking to her client. When to hire a personal injury lawyer.\"},{\"@type\":\"BreadcrumbList\",\"@id\":\"https:\\\/\\\/plg-pllc.com\\\/faqs\\\/when-to-hire-a-personal-injury-lawyer\\\/#breadcrumb\",\"itemListElement\":[{\"@type\":\"ListItem\",\"position\":1,\"name\":\"Home\",\"item\":\"https:\\\/\\\/plg-pllc.com\\\/es\\\/\"},{\"@type\":\"ListItem\",\"position\":2,\"name\":\"FAQs\",\"item\":\"https:\\\/\\\/plg-pllc.com\\\/es\\\/faqs\\\/\"},{\"@type\":\"ListItem\",\"position\":3,\"name\":\"When to Hire a Personal Injury Lawyer\"}]},{\"@type\":\"WebSite\",\"@id\":\"https:\\\/\\\/plg-pllc.com\\\/#website\",\"url\":\"https:\\\/\\\/plg-pllc.com\\\/\",\"name\":\"Premier Law Group\",\"description\":\"Washington Wrongful Death and Serious Injury Lawyer\",\"publisher\":{\"@id\":\"https:\\\/\\\/plg-pllc.com\\\/#organization\"},\"inLanguage\":\"es\"},{\"@type\":\"Organization\",\"@id\":\"https:\\\/\\\/plg-pllc.com\\\/#organization\",\"name\":\"Premier Law Group\",\"url\":\"https:\\\/\\\/plg-pllc.com\\\/\",\"logo\":{\"@type\":\"ImageObject\",\"inLanguage\":\"es\",\"@id\":\"https:\\\/\\\/plg-pllc.com\\\/#\\\/schema\\\/logo\\\/image\\\/\",\"url\":\"https:\\\/\\\/plg-pllc.com\\\/wp-content\\\/uploads\\\/2020\\\/10\\\/plg-logo-v2.gif\",\"contentUrl\":\"https:\\\/\\\/plg-pllc.com\\\/wp-content\\\/uploads\\\/2020\\\/10\\\/plg-logo-v2.gif\",\"width\":592,\"height\":191,\"caption\":\"Premier Law Group\"},\"image\":{\"@id\":\"https:\\\/\\\/plg-pllc.com\\\/#\\\/schema\\\/logo\\\/image\\\/\"},\"sameAs\":[\"https:\\\/\\\/www.facebook.com\\\/premierlawgroup\",\"https:\\\/\\\/x.com\\\/premierlawgroup\"]}]}<\/script>\n<!-- \/ Yoast SEO plugin. -->","yoast_head_json":{"title":"\u00bfCu\u00e1ndo deber\u00eda contratar a un abogado especializado en lesiones personales?","description":"Descubra cu\u00e1ndo contratar a un abogado especializado en lesiones personales del equipo de Premiere Law Group. Llame para una consulta gratuita.","robots":{"index":"index","follow":"follow","max-snippet":"max-snippet:-1","max-image-preview":"max-image-preview:large","max-video-preview":"max-video-preview:-1"},"canonical":"https:\/\/plg-pllc.com\/es\/faqs\/when-to-hire-a-personal-injury-lawyer\/","og_locale":"es_MX","og_type":"article","og_title":"When You Should Hire a Personal Injury Lawyer","og_description":"Find out when to hire a personal injury lawyer from the dedicated team at Premiere Law Group. Call for a free consultation.","og_url":"https:\/\/plg-pllc.com\/es\/faqs\/when-to-hire-a-personal-injury-lawyer\/","og_site_name":"Premier Law Group","article_publisher":"https:\/\/www.facebook.com\/premierlawgroup","og_image":[{"width":1000,"height":614,"url":"https:\/\/plg-pllc.com\/wp-content\/uploads\/2026\/03\/when-to-hire-a-personal-injury-lawyer.jpg","type":"image\/jpeg"}],"twitter_card":"summary_large_image","twitter_site":"@premierlawgroup","twitter_misc":{"Tiempo de lectura":"5 minutos"},"schema":{"@context":"https:\/\/schema.org","@graph":[{"@type":"WebPage","@id":"https:\/\/plg-pllc.com\/faqs\/when-to-hire-a-personal-injury-lawyer\/","url":"https:\/\/plg-pllc.com\/faqs\/when-to-hire-a-personal-injury-lawyer\/","name":"\u00bfCu\u00e1ndo deber\u00eda contratar a un abogado especializado en lesiones personales?","isPartOf":{"@id":"https:\/\/plg-pllc.com\/#website"},"primaryImageOfPage":{"@id":"https:\/\/plg-pllc.com\/faqs\/when-to-hire-a-personal-injury-lawyer\/#primaryimage"},"image":{"@id":"https:\/\/plg-pllc.com\/faqs\/when-to-hire-a-personal-injury-lawyer\/#primaryimage"},"thumbnailUrl":"https:\/\/plg-pllc.com\/wp-content\/uploads\/2026\/03\/when-to-hire-a-personal-injury-lawyer.jpg","datePublished":"2026-04-01T00:33:04+00:00","description":"Descubra cu\u00e1ndo contratar a un abogado especializado en lesiones personales del equipo de Premiere Law Group. Llame para una consulta gratuita.","breadcrumb":{"@id":"https:\/\/plg-pllc.com\/faqs\/when-to-hire-a-personal-injury-lawyer\/#breadcrumb"},"inLanguage":"es","potentialAction":[{"@type":"ReadAction","target":["https:\/\/plg-pllc.com\/faqs\/when-to-hire-a-personal-injury-lawyer\/"]}]},{"@type":"ImageObject","inLanguage":"es","@id":"https:\/\/plg-pllc.com\/faqs\/when-to-hire-a-personal-injury-lawyer\/#primaryimage","url":"https:\/\/plg-pllc.com\/wp-content\/uploads\/2026\/03\/when-to-hire-a-personal-injury-lawyer.jpg","contentUrl":"https:\/\/plg-pllc.com\/wp-content\/uploads\/2026\/03\/when-to-hire-a-personal-injury-lawyer.jpg","width":1000,"height":614,"caption":"A personal injury lawyer talking to her client. When to hire a personal injury lawyer."},{"@type":"BreadcrumbList","@id":"https:\/\/plg-pllc.com\/faqs\/when-to-hire-a-personal-injury-lawyer\/#breadcrumb","itemListElement":[{"@type":"ListItem","position":1,"name":"Home","item":"https:\/\/plg-pllc.com\/es\/"},{"@type":"ListItem","position":2,"name":"FAQs","item":"https:\/\/plg-pllc.com\/es\/faqs\/"},{"@type":"ListItem","position":3,"name":"When to Hire a Personal Injury Lawyer"}]},{"@type":"WebSite","@id":"https:\/\/plg-pllc.com\/#website","url":"https:\/\/plg-pllc.com\/","name":"Grupo de abogados Premier","description":"Abogado de muerte por negligencia y lesiones graves en Washington","publisher":{"@id":"https:\/\/plg-pllc.com\/#organization"},"inLanguage":"es"},{"@type":"Organization","@id":"https:\/\/plg-pllc.com\/#organization","name":"Grupo de abogados Premier","url":"https:\/\/plg-pllc.com\/","logo":{"@type":"ImageObject","inLanguage":"es","@id":"https:\/\/plg-pllc.com\/#\/schema\/logo\/image\/","url":"https:\/\/plg-pllc.com\/wp-content\/uploads\/2020\/10\/plg-logo-v2.gif","contentUrl":"https:\/\/plg-pllc.com\/wp-content\/uploads\/2020\/10\/plg-logo-v2.gif","width":592,"height":191,"caption":"Premier Law Group"},"image":{"@id":"https:\/\/plg-pllc.com\/#\/schema\/logo\/image\/"},"sameAs":["https:\/\/www.facebook.com\/premierlawgroup","https:\/\/x.com\/premierlawgroup"]}]}},"_links":{"self":[{"href":"https:\/\/plg-pllc.com\/es\/wp-json\/wp\/v2\/pages\/21711","targetHints":{"allow":["GET"]}}],"collection":[{"href":"https:\/\/plg-pllc.com\/es\/wp-json\/wp\/v2\/pages"}],"about":[{"href":"https:\/\/plg-pllc.com\/es\/wp-json\/wp\/v2\/types\/page"}],"author":[{"embeddable":true,"href":"https:\/\/plg-pllc.com\/es\/wp-json\/wp\/v2\/users\/61"}],"replies":[{"embeddable":true,"href":"https:\/\/plg-pllc.com\/es\/wp-json\/wp\/v2\/comments?post=21711"}],"version-history":[{"count":0,"href":"https:\/\/plg-pllc.com\/es\/wp-json\/wp\/v2\/pages\/21711\/revisions"}],"up":[{"embeddable":true,"href":"https:\/\/plg-pllc.com\/es\/wp-json\/wp\/v2\/pages\/20714"}],"wp:featuredmedia":[{"embeddable":true,"href":"https:\/\/plg-pllc.com\/es\/wp-json\/wp\/v2\/media\/21712"}],"wp:attachment":[{"href":"https:\/\/plg-pllc.com\/es\/wp-json\/wp\/v2\/media?parent=21711"}],"wp:term":[{"taxonomy":"hc_faqs","embeddable":true,"href":"https:\/\/plg-pllc.com\/es\/wp-json\/wp\/v2\/hc_faqs?post=21711"}],"curies":[{"name":"gracias","href":"https:\/\/api.w.org\/{rel}","templated":true}]}}