{"id":21715,"date":"2026-03-31T17:35:53","date_gmt":"2026-04-01T00:35:53","guid":{"rendered":"https:\/\/plg-pllc.com\/?page_id=21715"},"modified":"2026-03-31T17:36:10","modified_gmt":"2026-04-01T00:36:10","slug":"how-to-talk-to-a-personal-injury-lawyer-5-questions-to-ask","status":"publish","type":"page","link":"https:\/\/plg-pllc.com\/es\/faqs\/how-to-talk-to-personal-injury-lawyer-questions-to-ask\/","title":{"rendered":"C\u00f3mo hablar con un abogado de lesiones personales: 5 preguntas que debe hacer"},"content":{"rendered":"<p><span style=\"font-weight: 400;\">Al considerar c\u00f3mo hablar con un abogado de lesiones personales, hay <\/span><b>cinco preguntas para hacer<\/b><span style=\"font-weight: 400;\"> Eso puede ayudar a determinar si la empresa se ajusta a sus necesidades espec\u00edficas.\u00a0<\/span><\/p>\n<p><span style=\"font-weight: 400;\">Sea abierto y honesto durante su consulta con un <\/span><a href=\"https:\/\/plg-pllc.com\/\"><span style=\"font-weight: 400;\">Abogado de lesiones personales en Bellevue<\/span><\/a><span style=\"font-weight: 400;\"> y preg\u00fanteles sobre su experiencia, si han manejado casos similares, cu\u00e1les son los puntos fuertes y d\u00e9biles de su reclamaci\u00f3n, qui\u00e9n se encargar\u00e1 de ella y cu\u00e1nto cobran. <\/span><\/p>\n<h2><span style=\"font-weight: 400;\">1. \u00bfTengo un caso de lesiones personales?<\/span><\/h2>\n<p><span style=\"font-weight: 400;\">Lo primero que debe preguntarle a su abogado de lesiones personales en Bellevue es si cree que usted tiene un caso. Si no lo cree, no le dedicar\u00e1 el tiempo ni el esfuerzo necesarios. En cambio, elija un profesional del derecho que est\u00e9 dispuesto a luchar por usted y que crea que vale la pena hacerlo. <\/span><b>En concreto, formule las siguientes preguntas:<\/b><\/p>\n<ul>\n<li style=\"font-weight: 400;\" aria-level=\"1\"><span style=\"font-weight: 400;\">\u00bfQu\u00e9 debo hacer para demostrar que tengo derecho a una indemnizaci\u00f3n por lesiones personales?<\/span><\/li>\n<li style=\"font-weight: 400;\" aria-level=\"1\"><span style=\"font-weight: 400;\">\u00bfMi caso de lesiones personales es s\u00f3lido o existen aspectos que me preocupan?<\/span><\/li>\n<li style=\"font-weight: 400;\" aria-level=\"1\"><span style=\"font-weight: 400;\">\u00bfPuedo obtener una indemnizaci\u00f3n mayor a la que me corresponde seg\u00fan la compa\u00f1\u00eda de seguros?<\/span><\/li>\n<\/ul>\n<p><span style=\"font-weight: 400;\">Al hacer estas preguntas de seguimiento, comprender\u00e1 mejor su caso y el proceso de reclamaci\u00f3n, incluyendo los pasos legales que deber\u00e1 considerar para que su reclamaci\u00f3n avance. Elija un abogado especializado en lesiones personales que crea en su caso y est\u00e9 preparado para afrontar el reto.<\/span><\/p>\n<h2><span style=\"font-weight: 400;\">2. \u00bfHa manejado casos como el m\u00edo?<\/span><\/h2>\n<p><span style=\"font-weight: 400;\">Su siguiente objetivo es comprender a fondo la experiencia del abogado. No le conviene un abogado con d\u00e9cadas de experiencia si nunca ha manejado un caso como el suyo. Necesita un abogado con un historial comprobado de \u00e9xito en la resoluci\u00f3n de casos similares al suyo. Esto es especialmente importante en accidentes que involucran reclamaciones por lesiones personales m\u00e1s complejas, como:<\/span><\/p>\n<ul>\n<li style=\"font-weight: 400;\" aria-level=\"1\"><span style=\"font-weight: 400;\">Mala praxis m\u00e9dica<\/span><\/li>\n<li style=\"font-weight: 400;\" aria-level=\"1\"><span style=\"font-weight: 400;\">Muerte por negligencia<\/span><\/li>\n<li style=\"font-weight: 400;\" aria-level=\"1\"><span style=\"font-weight: 400;\">Accidentes de camiones<\/span><\/li>\n<li style=\"font-weight: 400;\" aria-level=\"1\"><span style=\"font-weight: 400;\">Accidentes laborales con participaci\u00f3n de terceros<\/span><\/li>\n<li style=\"font-weight: 400;\" aria-level=\"1\"><span style=\"font-weight: 400;\">Casos y reclamaciones contra la ciudad u otra entidad gubernamental.<\/span><\/li>\n<li style=\"font-weight: 400;\" aria-level=\"1\"><span style=\"font-weight: 400;\">Casos en los que el plazo de prescripci\u00f3n (<\/span><a href=\"https:\/\/app.leg.wa.gov\/rcw\/default.aspx?cite=4.16.080\" target=\"_blank\" rel=\"noopener\"><span style=\"font-weight: 400;\">Ley de Armas Reconstructivas 4.16.080<\/span><\/a><span style=\"font-weight: 400;\">) se est\u00e1 acercando<\/span><\/li>\n<\/ul>\n<p><span style=\"font-weight: 400;\">En estos casos, necesita un abogado que comprenda la ley y sus derechos, y que no tema asumir el reto. Un abogado especializado en lesiones personales debe defender sus intereses, y su experiencia previa en casos como el suyo puede marcar la diferencia.<\/span><\/p>\n<h2><span style=\"font-weight: 400;\">3. \u00bfCu\u00e1les son las mayores debilidades en mi caso?<\/span><\/h2>\n<p><span style=\"font-weight: 400;\">Las debilidades son un tema importante que debe abordarse con su abogado de lesiones personales desde el principio. Su abogado debe comprender que su caso requiere investigaci\u00f3n, tiempo y amplios conocimientos legales. Si le dice que su caso es sencillo, es posible que no sepa qu\u00e9 esperar.<\/span><\/p>\n<p><span style=\"font-weight: 400;\">En cambio, p\u00eddale a su abogado que le informe sobre cualquier posible dificultad que pueda enfrentar durante el proceso. Esto incluye probar el valor de la reclamaci\u00f3n o demostrar la negligencia de la otra parte. Es importante que sepa, espec\u00edficamente, qu\u00e9 implicaciones tendr\u00e1 para su caso el tiempo y el esfuerzo que el abogado deba invertir.<\/span><\/p>\n<p><span style=\"font-weight: 400;\">La mayor\u00eda de los casos presentan \u00e1reas problem\u00e1ticas, especialmente en lo que respecta a la demostraci\u00f3n de responsabilidad y da\u00f1os. Si observa que el abogado no se toma el tiempo necesario para realizar el trabajo arduo en su caso, tal vez sea momento de buscar otro. Los abogados de lesiones personales deben ser transparentes y honestos con usted sobre las dificultades y, en los casos en que consideren que no tiene un caso viable, tambi\u00e9n deben comunic\u00e1rselo.<\/span><\/p>\n\n        <div class=\"rs-content-cta long\">\n            <p>Para una consulta legal GRATUITA, llame al <a href=\"tel:+12062851743\">(206) 285-1743 <\/a><\/p>\n            <a href=\"https:\/\/plg-pllc.com\/es\/contact-us\/\" title=\"OBTENGA UNA EVALUACI\u00d3N DE CASO GRATUITA\" class=\"btn-global\">OBTENGA UNA EVALUACI\u00d3N DE CASO GRATUITA<\/a>\n                    <picture>\n                            <source srcset=\"https:\/\/plg-pllc.com\/wp-content\/themes\/plg-pllc-redesign\/assets\/app\/img\/cta-thumb.webp\" type=\"image\/webp\"\/>\n                            <img src=\"https:\/\/plg-pllc.com\/wp-content\/themes\/plg-pllc-redesign\/assets\/app\/img\/cta-thumb.png\" alt=\"Grupo de abogados Premier\" title=\"Grupo de abogados Premier\" width=\"245\" height=\"220\" loading=\"auto\" fetchpriority=\"auto\" decoding=\"async\"\/>\n        <\/picture>\n        \n        <\/div><h2><span style=\"font-weight: 400;\">4. \u00bfQui\u00e9n se encargar\u00e1 de mi caso?<\/span><\/h2>\n<p><span style=\"font-weight: 400;\">Dependiendo del tipo de caso y la complejidad del trabajo, una o m\u00e1s partes del bufete pueden ser responsables de su caso. No es malo que m\u00e1s de un profesional trabaje en su caso, y a menudo se trata de un asistente legal que se encarga del trabajo preliminar. Debe saber qu\u00e9 abogado y equipo se encargar\u00e1n de su caso.<\/span><\/p>\n<p><span style=\"font-weight: 400;\">En estas situaciones, es fundamental que sepas qui\u00e9n ser\u00e1 responsable de ti. Esto incluye a qui\u00e9n debes llamar cuando tengas preguntas o quieras una actualizaci\u00f3n, as\u00ed como en caso de disputas sobre cualquier aspecto del trabajo realizado. Tambi\u00e9n es importante que aclares a qui\u00e9n debes llamar cuando necesites apoyo o cuando surja nueva evidencia.<\/span><\/p>\n<p><span style=\"font-weight: 400;\">Si el bufete no le aclara qui\u00e9n se encargar\u00e1 de su caso, quiz\u00e1s le convenga buscar otro. Lo ideal es trabajar con un abogado de confianza, con una trayectoria comprobada y una buena reputaci\u00f3n en los tribunales locales. Cualquier otro abogado podr\u00eda obstaculizar la recuperaci\u00f3n de sus da\u00f1os a largo plazo.<\/span><\/p>\n<h2><span style=\"font-weight: 400;\">5. \u00bfCu\u00e1nto me costar\u00e1 mi caso?<\/span><\/h2>\n<p><span style=\"font-weight: 400;\">El objetivo de cualquier caso de lesiones personales es obtener una indemnizaci\u00f3n por los da\u00f1os sufridos por la parte responsable. Para ello, le conviene contar con un abogado especializado en lesiones personales con experiencia. Hable abiertamente con su abogado sobre los costos de sus servicios. Casi todos los abogados de lesiones personales trabajan a comisi\u00f3n, lo que significa que no paga nada hasta que gane su caso.<\/span><\/p>\n<p><span style=\"font-weight: 400;\">En estos casos, es probable que deba pagar un porcentaje de la indemnizaci\u00f3n al abogado del accidente. Este porcentaje puede variar considerablemente seg\u00fan la complejidad de su caso y el trabajo que deba realizar el equipo legal. En cualquier caso, usted deber\u00eda conocer este porcentaje tras su consulta con el abogado.<\/span><\/p>\n<p><span style=\"font-weight: 400;\">Tambi\u00e9n querr\u00e1 saber qu\u00e9 otros costos podr\u00edan estar involucrados en su caso, incluyendo si tendr\u00e1 que pagar algo de su bolsillo por esos servicios. Por lo general, su abogado le detallar\u00e1 por adelantado factores como las tasas judiciales o los honorarios de terceros. Esto le permitir\u00e1 saber exactamente qu\u00e9 esperar si gana su caso.\u00a0<\/span><\/p>\n<h2><span style=\"font-weight: 400;\">Trabajar con nuestro abogado marca la diferencia.<\/span><\/h2>\n<p><span style=\"font-weight: 400;\">Hazle todas las preguntas que tengas al abogado de lesiones personales de Bellevue. De esta manera, proteger\u00e1s tu caso y obtendr\u00e1s el apoyo financiero que necesitas en el futuro.\u00a0<\/span><\/p>\n<p><span style=\"font-weight: 400;\">Llame a Premier Law Group para programar una cita. <\/span><b>revisi\u00f3n de caso gratuita<\/b><span style=\"font-weight: 400;\"> Hoy hablaremos con un miembro de nuestro equipo.<\/span><\/p>\n\n        <div class=\"rs-content-cta\">\n            <p>Llamar o enviar mensaje de texto <a href=\"tel:+12062851743\">(206) 285-1743<\/a> o complete un formulario de evaluaci\u00f3n de caso gratuito<\/p>\n            <a href=\"https:\/\/plg-pllc.com\/es\/contact-us\/\" title=\"OBTENGA UNA EVALUACI\u00d3N DE CASO GRATUITA\" class=\"btn-global\">OBTENGA UNA EVALUACI\u00d3N DE CASO GRATUITA<\/a>\n                    <picture>\n                            <source srcset=\"https:\/\/plg-pllc.com\/wp-content\/themes\/plg-pllc-redesign\/assets\/app\/img\/cta-thumb.webp\" type=\"image\/webp\"\/>\n                            <img src=\"https:\/\/plg-pllc.com\/wp-content\/themes\/plg-pllc-redesign\/assets\/app\/img\/cta-thumb.png\" alt=\"Grupo de abogados Premier\" title=\"Grupo de abogados Premier\" width=\"245\" height=\"220\" loading=\"auto\" fetchpriority=\"auto\" decoding=\"async\"\/>\n        <\/picture>\n        \n        <\/div>","protected":false},"excerpt":{"rendered":"<p>Al considerar c\u00f3mo hablar con un abogado de lesiones personales, hay cinco preguntas que puede hacer para determinar si el bufete es el adecuado para su situaci\u00f3n particular. Sea abierto y honesto durante su consulta con un abogado de lesiones personales en Bellevue y pregunte sobre su experiencia, si ha manejado casos similares, \u2026<\/p>","protected":false},"author":61,"featured_media":21716,"parent":20714,"menu_order":0,"comment_status":"closed","ping_status":"closed","template":"","meta":{"_acf_changed":false,"_genesis_hide_title":false,"_genesis_hide_breadcrumbs":false,"_genesis_hide_singular_image":false,"_genesis_hide_footer_widgets":false,"_genesis_custom_body_class":"","_genesis_custom_post_class":"","_genesis_layout":"","footnotes":""},"hc_faqs":[10354],"class_list":{"0":"post-21715","1":"page","2":"type-page","3":"status-publish","4":"has-post-thumbnail","6":"hc_faqs-personal-injury","7":"entry"},"acf":[],"yoast_head":"<!-- This site is optimized with the Yoast SEO plugin v27.2 - https:\/\/yoast.com\/product\/yoast-seo-wordpress\/ -->\n<title>5 Questions to Ask a Personal Injury Lawyer<\/title>\n<meta name=\"description\" content=\"Find out how to talk to a personal injury lawyer and five questions to ask from the dedicated team at Premiere Law Group.\" \/>\n<meta name=\"robots\" content=\"index, follow, max-snippet:-1, max-image-preview:large, max-video-preview:-1\" \/>\n<link rel=\"canonical\" href=\"https:\/\/plg-pllc.com\/es\/faqs\/how-to-talk-to-personal-injury-lawyer-questions-to-ask\/\" \/>\n<meta property=\"og:locale\" content=\"es_MX\" \/>\n<meta property=\"og:type\" content=\"article\" \/>\n<meta property=\"og:title\" content=\"5 Questions to Ask a Personal Injury Lawyer\" \/>\n<meta property=\"og:description\" content=\"Find out how to talk to a personal injury lawyer and five questions to ask from the dedicated team at Premiere Law Group.\" \/>\n<meta property=\"og:url\" content=\"https:\/\/plg-pllc.com\/es\/faqs\/how-to-talk-to-personal-injury-lawyer-questions-to-ask\/\" \/>\n<meta property=\"og:site_name\" content=\"Premier Law Group\" \/>\n<meta property=\"article:publisher\" content=\"https:\/\/www.facebook.com\/premierlawgroup\" \/>\n<meta property=\"article:modified_time\" content=\"2026-04-01T00:36:10+00:00\" \/>\n<meta property=\"og:image\" content=\"https:\/\/plg-pllc.com\/wp-content\/uploads\/2026\/03\/how-to-talk-to-a-personal-injury-lawyer-5-questions-to-ask.jpg\" \/>\n\t<meta property=\"og:image:width\" content=\"1000\" \/>\n\t<meta property=\"og:image:height\" content=\"650\" \/>\n\t<meta property=\"og:image:type\" content=\"image\/jpeg\" \/>\n<meta name=\"twitter:card\" content=\"summary_large_image\" \/>\n<meta name=\"twitter:site\" content=\"@premierlawgroup\" \/>\n<meta name=\"twitter:label1\" content=\"Tiempo de lectura\" \/>\n\t<meta name=\"twitter:data1\" content=\"5 minutos\" \/>\n<script type=\"application\/ld+json\" class=\"yoast-schema-graph\">{\"@context\":\"https:\/\/schema.org\",\"@graph\":[{\"@type\":\"WebPage\",\"@id\":\"https:\/\/plg-pllc.com\/faqs\/how-to-talk-to-personal-injury-lawyer-questions-to-ask\/\",\"url\":\"https:\/\/plg-pllc.com\/faqs\/how-to-talk-to-personal-injury-lawyer-questions-to-ask\/\",\"name\":\"5 Questions to Ask a Personal Injury Lawyer\",\"isPartOf\":{\"@id\":\"https:\/\/plg-pllc.com\/#website\"},\"primaryImageOfPage\":{\"@id\":\"https:\/\/plg-pllc.com\/faqs\/how-to-talk-to-personal-injury-lawyer-questions-to-ask\/#primaryimage\"},\"image\":{\"@id\":\"https:\/\/plg-pllc.com\/faqs\/how-to-talk-to-personal-injury-lawyer-questions-to-ask\/#primaryimage\"},\"thumbnailUrl\":\"https:\/\/plg-pllc.com\/wp-content\/uploads\/2026\/03\/how-to-talk-to-a-personal-injury-lawyer-5-questions-to-ask.jpg\",\"datePublished\":\"2026-04-01T00:35:53+00:00\",\"dateModified\":\"2026-04-01T00:36:10+00:00\",\"description\":\"Find out how to talk to a personal injury lawyer and five questions to ask from the dedicated team at Premiere Law Group.\",\"breadcrumb\":{\"@id\":\"https:\/\/plg-pllc.com\/faqs\/how-to-talk-to-personal-injury-lawyer-questions-to-ask\/#breadcrumb\"},\"inLanguage\":\"es\",\"potentialAction\":[{\"@type\":\"ReadAction\",\"target\":[\"https:\/\/plg-pllc.com\/faqs\/how-to-talk-to-personal-injury-lawyer-questions-to-ask\/\"]}]},{\"@type\":\"ImageObject\",\"inLanguage\":\"es\",\"@id\":\"https:\/\/plg-pllc.com\/faqs\/how-to-talk-to-personal-injury-lawyer-questions-to-ask\/#primaryimage\",\"url\":\"https:\/\/plg-pllc.com\/wp-content\/uploads\/2026\/03\/how-to-talk-to-a-personal-injury-lawyer-5-questions-to-ask.jpg\",\"contentUrl\":\"https:\/\/plg-pllc.com\/wp-content\/uploads\/2026\/03\/how-to-talk-to-a-personal-injury-lawyer-5-questions-to-ask.jpg\",\"width\":1000,\"height\":650,\"caption\":\"A personal injury lawyer talking to his client. 5 questions to ask a personal injury lawyer.\"},{\"@type\":\"BreadcrumbList\",\"@id\":\"https:\/\/plg-pllc.com\/faqs\/how-to-talk-to-personal-injury-lawyer-questions-to-ask\/#breadcrumb\",\"itemListElement\":[{\"@type\":\"ListItem\",\"position\":1,\"name\":\"Home\",\"item\":\"https:\/\/plg-pllc.com\/es\/\"},{\"@type\":\"ListItem\",\"position\":2,\"name\":\"FAQs\",\"item\":\"https:\/\/plg-pllc.com\/es\/faqs\/\"},{\"@type\":\"ListItem\",\"position\":3,\"name\":\"How to Talk to a Personal Injury Lawyer: 5 Questions to Ask\"}]},{\"@type\":\"WebSite\",\"@id\":\"https:\/\/plg-pllc.com\/#website\",\"url\":\"https:\/\/plg-pllc.com\/\",\"name\":\"Premier Law Group\",\"description\":\"Washington Wrongful Death and Serious Injury Lawyer\",\"publisher\":{\"@id\":\"https:\/\/plg-pllc.com\/#organization\"},\"inLanguage\":\"es\"},{\"@type\":\"Organization\",\"@id\":\"https:\/\/plg-pllc.com\/#organization\",\"name\":\"Premier Law Group\",\"url\":\"https:\/\/plg-pllc.com\/\",\"logo\":{\"@type\":\"ImageObject\",\"inLanguage\":\"es\",\"@id\":\"https:\/\/plg-pllc.com\/#\/schema\/logo\/image\/\",\"url\":\"https:\/\/plg-pllc.com\/wp-content\/uploads\/2020\/10\/plg-logo-v2.gif\",\"contentUrl\":\"https:\/\/plg-pllc.com\/wp-content\/uploads\/2020\/10\/plg-logo-v2.gif\",\"width\":592,\"height\":191,\"caption\":\"Premier Law Group\"},\"image\":{\"@id\":\"https:\/\/plg-pllc.com\/#\/schema\/logo\/image\/\"},\"sameAs\":[\"https:\/\/www.facebook.com\/premierlawgroup\",\"https:\/\/x.com\/premierlawgroup\"]}]}<\/script>\n<!-- \/ Yoast SEO plugin. -->","yoast_head_json":{"title":"5 preguntas que debe hacerle a un abogado de lesiones personales","description":"Descubra c\u00f3mo hablar con un abogado especializado en lesiones personales y cinco preguntas que debe hacerle al equipo de Premiere Law Group.","robots":{"index":"index","follow":"follow","max-snippet":"max-snippet:-1","max-image-preview":"max-image-preview:large","max-video-preview":"max-video-preview:-1"},"canonical":"https:\/\/plg-pllc.com\/es\/faqs\/how-to-talk-to-personal-injury-lawyer-questions-to-ask\/","og_locale":"es_MX","og_type":"article","og_title":"5 Questions to Ask a Personal Injury Lawyer","og_description":"Find out how to talk to a personal injury lawyer and five questions to ask from the dedicated team at Premiere Law Group.","og_url":"https:\/\/plg-pllc.com\/es\/faqs\/how-to-talk-to-personal-injury-lawyer-questions-to-ask\/","og_site_name":"Premier Law Group","article_publisher":"https:\/\/www.facebook.com\/premierlawgroup","article_modified_time":"2026-04-01T00:36:10+00:00","og_image":[{"width":1000,"height":650,"url":"https:\/\/plg-pllc.com\/wp-content\/uploads\/2026\/03\/how-to-talk-to-a-personal-injury-lawyer-5-questions-to-ask.jpg","type":"image\/jpeg"}],"twitter_card":"summary_large_image","twitter_site":"@premierlawgroup","twitter_misc":{"Tiempo de lectura":"5 minutos"},"schema":{"@context":"https:\/\/schema.org","@graph":[{"@type":"WebPage","@id":"https:\/\/plg-pllc.com\/faqs\/how-to-talk-to-personal-injury-lawyer-questions-to-ask\/","url":"https:\/\/plg-pllc.com\/faqs\/how-to-talk-to-personal-injury-lawyer-questions-to-ask\/","name":"5 preguntas que debe hacerle a un abogado de lesiones personales","isPartOf":{"@id":"https:\/\/plg-pllc.com\/#website"},"primaryImageOfPage":{"@id":"https:\/\/plg-pllc.com\/faqs\/how-to-talk-to-personal-injury-lawyer-questions-to-ask\/#primaryimage"},"image":{"@id":"https:\/\/plg-pllc.com\/faqs\/how-to-talk-to-personal-injury-lawyer-questions-to-ask\/#primaryimage"},"thumbnailUrl":"https:\/\/plg-pllc.com\/wp-content\/uploads\/2026\/03\/how-to-talk-to-a-personal-injury-lawyer-5-questions-to-ask.jpg","datePublished":"2026-04-01T00:35:53+00:00","dateModified":"2026-04-01T00:36:10+00:00","description":"Descubra c\u00f3mo hablar con un abogado especializado en lesiones personales y cinco preguntas que debe hacerle al equipo de Premiere Law Group.","breadcrumb":{"@id":"https:\/\/plg-pllc.com\/faqs\/how-to-talk-to-personal-injury-lawyer-questions-to-ask\/#breadcrumb"},"inLanguage":"es","potentialAction":[{"@type":"ReadAction","target":["https:\/\/plg-pllc.com\/faqs\/how-to-talk-to-personal-injury-lawyer-questions-to-ask\/"]}]},{"@type":"ImageObject","inLanguage":"es","@id":"https:\/\/plg-pllc.com\/faqs\/how-to-talk-to-personal-injury-lawyer-questions-to-ask\/#primaryimage","url":"https:\/\/plg-pllc.com\/wp-content\/uploads\/2026\/03\/how-to-talk-to-a-personal-injury-lawyer-5-questions-to-ask.jpg","contentUrl":"https:\/\/plg-pllc.com\/wp-content\/uploads\/2026\/03\/how-to-talk-to-a-personal-injury-lawyer-5-questions-to-ask.jpg","width":1000,"height":650,"caption":"A personal injury lawyer talking to his client. 5 questions to ask a personal injury lawyer."},{"@type":"BreadcrumbList","@id":"https:\/\/plg-pllc.com\/faqs\/how-to-talk-to-personal-injury-lawyer-questions-to-ask\/#breadcrumb","itemListElement":[{"@type":"ListItem","position":1,"name":"Home","item":"https:\/\/plg-pllc.com\/es\/"},{"@type":"ListItem","position":2,"name":"FAQs","item":"https:\/\/plg-pllc.com\/es\/faqs\/"},{"@type":"ListItem","position":3,"name":"How to Talk to a Personal Injury Lawyer: 5 Questions to Ask"}]},{"@type":"WebSite","@id":"https:\/\/plg-pllc.com\/#website","url":"https:\/\/plg-pllc.com\/","name":"Grupo de abogados Premier","description":"Abogado de muerte por negligencia y lesiones graves en Washington","publisher":{"@id":"https:\/\/plg-pllc.com\/#organization"},"inLanguage":"es"},{"@type":"Organization","@id":"https:\/\/plg-pllc.com\/#organization","name":"Grupo de abogados Premier","url":"https:\/\/plg-pllc.com\/","logo":{"@type":"ImageObject","inLanguage":"es","@id":"https:\/\/plg-pllc.com\/#\/schema\/logo\/image\/","url":"https:\/\/plg-pllc.com\/wp-content\/uploads\/2020\/10\/plg-logo-v2.gif","contentUrl":"https:\/\/plg-pllc.com\/wp-content\/uploads\/2020\/10\/plg-logo-v2.gif","width":592,"height":191,"caption":"Premier Law Group"},"image":{"@id":"https:\/\/plg-pllc.com\/#\/schema\/logo\/image\/"},"sameAs":["https:\/\/www.facebook.com\/premierlawgroup","https:\/\/x.com\/premierlawgroup"]}]}},"_links":{"self":[{"href":"https:\/\/plg-pllc.com\/es\/wp-json\/wp\/v2\/pages\/21715","targetHints":{"allow":["GET"]}}],"collection":[{"href":"https:\/\/plg-pllc.com\/es\/wp-json\/wp\/v2\/pages"}],"about":[{"href":"https:\/\/plg-pllc.com\/es\/wp-json\/wp\/v2\/types\/page"}],"author":[{"embeddable":true,"href":"https:\/\/plg-pllc.com\/es\/wp-json\/wp\/v2\/users\/61"}],"replies":[{"embeddable":true,"href":"https:\/\/plg-pllc.com\/es\/wp-json\/wp\/v2\/comments?post=21715"}],"version-history":[{"count":0,"href":"https:\/\/plg-pllc.com\/es\/wp-json\/wp\/v2\/pages\/21715\/revisions"}],"up":[{"embeddable":true,"href":"https:\/\/plg-pllc.com\/es\/wp-json\/wp\/v2\/pages\/20714"}],"wp:featuredmedia":[{"embeddable":true,"href":"https:\/\/plg-pllc.com\/es\/wp-json\/wp\/v2\/media\/21716"}],"wp:attachment":[{"href":"https:\/\/plg-pllc.com\/es\/wp-json\/wp\/v2\/media?parent=21715"}],"wp:term":[{"taxonomy":"hc_faqs","embeddable":true,"href":"https:\/\/plg-pllc.com\/es\/wp-json\/wp\/v2\/hc_faqs?post=21715"}],"curies":[{"name":"gracias","href":"https:\/\/api.w.org\/{rel}","templated":true}]}}