{"id":21718,"date":"2026-04-01T02:15:07","date_gmt":"2026-04-01T09:15:07","guid":{"rendered":"https:\/\/plg-pllc.com\/?page_id=21718"},"modified":"2026-04-01T02:15:07","modified_gmt":"2026-04-01T09:15:07","slug":"kent-dog-bite-lawyer","status":"publish","type":"page","link":"https:\/\/plg-pllc.com\/es\/kent\/dog-bite-lawyer\/","title":{"rendered":"Abogado especializado en mordeduras de perro en Kent"},"content":{"rendered":"<p><span style=\"font-weight: 400;\">La mordedura de un perro puede cambiar tu vida en segundos. Las v\u00edctimas a menudo sufren lesiones dolorosas, traumas emocionales, gastos m\u00e9dicos y ausencias laborales, todo porque el due\u00f1o del perro no control\u00f3 a su animal. Si usted o su hijo fueron mordidos por un perro, <\/span><b>Abogado especializado en mordeduras de perro en Kent<\/b><span style=\"font-weight: 400;\"> puede ayudarle a obtener una indemnizaci\u00f3n y a exigir responsabilidades a la parte culpable.<\/span><\/p>\n<p><span style=\"font-weight: 400;\">En Premier Law Group, creemos que usted merece justicia. Hemos ayudado a nuestros clientes a recuperar m\u00e1s de 100 millones de d\u00f3lares en da\u00f1os y perjuicios, y estamos preparados para poner esa experiencia a su servicio. Trabajando con nuestro equipo <\/span><a href=\"https:\/\/plg-pllc.com\/kent\/personal-injury-lawyer\/\"><span style=\"font-weight: 400;\">Abogado de lesiones personales en Kent<\/span><\/a><span style=\"font-weight: 400;\"> Es una de las mejores maneras de asegurar la compensaci\u00f3n que usted merece.\u00a0<\/span><\/p>\n<h2><span style=\"font-weight: 400;\">\u00bfPor qu\u00e9 elegir a Premier Law Group como su abogado especializado en mordeduras de perro en Kent?<\/span><\/h2>\n<p><span style=\"font-weight: 400;\">Contratar asistencia legal con conocimiento de los tribunales, las aseguradoras y los procedimientos locales de Kent ofrece ventajas significativas. Nuestro abogado local comprende c\u00f3mo se aplican las leyes sobre mordeduras de perro en Washington, c\u00f3mo eval\u00faan las compa\u00f1\u00edas de seguros las reclamaciones, qu\u00e9 pruebas se necesitan para demostrar los da\u00f1os y c\u00f3mo obtener acuerdos o veredictos justos.<\/span><\/p>\n<p><span style=\"font-weight: 400;\">Hemos ayudado a miles de clientes a recuperar da\u00f1os y perjuicios, y nuestra <\/span><a href=\"https:\/\/plg-pllc.com\/case-results\/\"><span style=\"font-weight: 400;\">resultados del caso<\/span><\/a><span style=\"font-weight: 400;\"> Hablan por s\u00ed solas. Creemos que cuando nos reunimos con nuestros clientes, no se trata de una consulta, sino de una conversaci\u00f3n, y tratamos a cada v\u00edctima con la dignidad y el respeto que merece.\u00a0<\/span><\/p>\n<p><span style=\"font-weight: 400;\">Tras una mordedura de perro, es posible que no sepa qu\u00e9 pasos seguir. Estamos aqu\u00ed para facilitarle el proceso al m\u00e1ximo y que pueda retomar su vida. El dolor y el trauma que ha sufrido son reales, as\u00ed que conc\u00e9ntrese en su recuperaci\u00f3n mientras nosotros nos encargamos de los tr\u00e1mites legales.\u00a0<\/span><\/p>\n<h2><span style=\"font-weight: 400;\">Las lesiones por mordedura de perro pueden ser graves y cambiar la vida.<\/span><\/h2>\n<p><span style=\"font-weight: 400;\">Los ataques de perros suelen causar mucho m\u00e1s da\u00f1o del que la gente imagina. Incluso los perros peque\u00f1os tienen el potencial de causar graves da\u00f1os. Adem\u00e1s de las heridas visibles, las v\u00edctimas pueden sufrir da\u00f1os f\u00edsicos y psicol\u00f3gicos a largo plazo. Las lesiones m\u00e1s comunes por mordedura de perro incluyen:<\/span><\/p>\n<ul>\n<li style=\"font-weight: 400;\" aria-level=\"1\"><span style=\"font-weight: 400;\">Heridas punzantes profundas y laceraciones<\/span><\/li>\n<li style=\"font-weight: 400;\" aria-level=\"1\"><span style=\"font-weight: 400;\">Infecciones, incluyendo rabia o complicaciones bacterianas.<\/span><\/li>\n<li style=\"font-weight: 400;\" aria-level=\"1\"><span style=\"font-weight: 400;\">Da\u00f1o nervioso y p\u00e9rdida de sensibilidad<\/span><\/li>\n<li style=\"font-weight: 400;\" aria-level=\"1\"><span style=\"font-weight: 400;\">Cicatrices o desfiguraciones permanentes<\/span><\/li>\n<li style=\"font-weight: 400;\" aria-level=\"1\"><span style=\"font-weight: 400;\">Fracturas o lesiones por aplastamiento<\/span><\/li>\n<li style=\"font-weight: 400;\" aria-level=\"1\"><span style=\"font-weight: 400;\">Trauma emocional, ansiedad y estr\u00e9s postraum\u00e1tico<\/span><span style=\"font-weight: 400;\"><br \/>\n<\/span><\/li>\n<\/ul>\n<p><span style=\"font-weight: 400;\">Los ni\u00f1os son especialmente vulnerables a sufrir lesiones graves debido a su tama\u00f1o y a su incapacidad para defenderse. Las lesiones faciales y cervicales son frecuentes en casos de mordeduras de perro en ni\u00f1os y a menudo requieren tratamiento m\u00e9dico extenso y cuidados reconstructivos. Si su hijo ha resultado herido, nuestro abogado especializado en mordeduras de perro en Kent puede ayudarle a responsabilizar al culpable.\u00a0<\/span><\/p>\n<h2><span style=\"font-weight: 400;\">La ley de Washington sobre mordeduras de perro protege en\u00e9rgicamente a las v\u00edctimas.<\/span><\/h2>\n<p><b>Washington es un estado de responsabilidad objetiva.<\/b><span style=\"font-weight: 400;\"> por mordeduras de perro en <\/span><a href=\"https:\/\/app.leg.wa.gov\/rcw\/default.aspx?cite=16.08.040\" target=\"_blank\" rel=\"noopener\"><span style=\"font-weight: 400;\">RCW 16.08.040<\/span><\/a><span style=\"font-weight: 400;\">. Esto significa que el due\u00f1o de un perro puede ser considerado legalmente responsable incluso si el perro nunca hab\u00eda mordido antes, la mordedura ocurri\u00f3 repentinamente y sin previo aviso, o el due\u00f1o cre\u00eda que el perro no era peligroso.\u00a0<\/span><\/p>\n<p><span style=\"font-weight: 400;\">Seg\u00fan esta misma ley, el due\u00f1o de un perro suele ser responsable cuando la v\u00edctima se encontraba legalmente en un lugar p\u00fablico o en una propiedad privada y la mordedura le caus\u00f3 lesiones. A diferencia de los estados que exigen prueba de negligencia, la ley de Washington facilita que las v\u00edctimas obtengan una indemnizaci\u00f3n siempre que se cumplan los requisitos legales.<\/span><\/p>\n<p><span style=\"font-weight: 400;\">La principal excepci\u00f3n a estas leyes se da cuando una mordedura de perro involucra a un perro polic\u00eda utilizado legalmente. <\/span><a href=\"http:\/\/app.leg.wa.gov\/RCW\/default.aspx?cite=4.24.410\" target=\"_blank\" rel=\"noopener\"><span style=\"font-weight: 400;\">RCW 4.24.410<\/span><\/a><span style=\"font-weight: 400;\">, Ni el agente ni el perro son responsables si el perro est\u00e1 espec\u00edficamente entrenado para el trabajo policial y est\u00e1 bajo el cuidado de un adiestrador debidamente capacitado.\u00a0<\/span><\/p>\n\n        <div class=\"rs-content-cta long\">\n            <p>Para una consulta legal GRATUITA con un abogado especializado en mordeduras de perro que presta servicios en Kent, llame al <a href=\"tel:+12062851743\">(206) 285-1743 <\/a><\/p>\n            <a href=\"https:\/\/plg-pllc.com\/es\/contact-us\/\" title=\"OBTENGA UNA EVALUACI\u00d3N DE CASO GRATUITA\" class=\"btn-global\">OBTENGA UNA EVALUACI\u00d3N DE CASO GRATUITA<\/a>\n                    <picture>\n                            <source srcset=\"https:\/\/plg-pllc.com\/wp-content\/themes\/plg-pllc-redesign\/assets\/app\/img\/cta-thumb.webp\" type=\"image\/webp\"\/>\n                            <img src=\"https:\/\/plg-pllc.com\/wp-content\/themes\/plg-pllc-redesign\/assets\/app\/img\/cta-thumb.png\" alt=\"Grupo de abogados Premier\" title=\"Grupo de abogados Premier\" width=\"245\" height=\"220\" loading=\"auto\" fetchpriority=\"auto\" decoding=\"async\"\/>\n        <\/picture>\n        \n        <\/div><h2><span style=\"font-weight: 400;\">Indemnizaci\u00f3n disponible en un caso de mordedura de perro en Kent<\/span><\/h2>\n<p><span style=\"font-weight: 400;\">Las v\u00edctimas de mordeduras de perro pueden tener derecho a una indemnizaci\u00f3n por da\u00f1os econ\u00f3micos y no econ\u00f3micos. Una reclamaci\u00f3n exitosa puede incluir la recuperaci\u00f3n de:<\/span><\/p>\n<ul>\n<li style=\"font-weight: 400;\" aria-level=\"1\"><span style=\"font-weight: 400;\">tratamiento en la sala de urgencias<\/span><\/li>\n<li style=\"font-weight: 400;\" aria-level=\"1\"><span style=\"font-weight: 400;\">Cirug\u00edas y atenci\u00f3n de seguimiento<\/span><\/li>\n<li style=\"font-weight: 400;\" aria-level=\"1\"><span style=\"font-weight: 400;\">Medicamentos y tratamiento de heridas<\/span><\/li>\n<li style=\"font-weight: 400;\" aria-level=\"1\"><span style=\"font-weight: 400;\">Terapia f\u00edsica o rehabilitaci\u00f3n<\/span><\/li>\n<li style=\"font-weight: 400;\" aria-level=\"1\"><span style=\"font-weight: 400;\">Necesidades m\u00e9dicas futuras<\/span><\/li>\n<\/ul>\n<ul>\n<li style=\"font-weight: 400;\" aria-level=\"1\"><span style=\"font-weight: 400;\">Tiempo perdido en el trabajo<\/span><\/li>\n<li style=\"font-weight: 400;\" aria-level=\"1\"><span style=\"font-weight: 400;\">Capacidad de ingresos reducida<\/span><\/li>\n<li style=\"font-weight: 400;\" aria-level=\"1\"><span style=\"font-weight: 400;\">P\u00e9rdida de ingresos futuros por lesiones permanentes<\/span><\/li>\n<li style=\"font-weight: 400;\" aria-level=\"1\"><span style=\"font-weight: 400;\">Dolor y sufrimiento<\/span><\/li>\n<li style=\"font-weight: 400;\" aria-level=\"1\"><span style=\"font-weight: 400;\">Cicatrices y desfiguraci\u00f3n<\/span><\/li>\n<\/ul>\n<p><span style=\"font-weight: 400;\">Los gastos relacionados con una mordedura de perro pueden ser enormes. El asesoramiento de nuestro abogado especializado en mordeduras de perro en Kent puede ayudarle a obtener la indemnizaci\u00f3n completa que le corresponde por sus p\u00e9rdidas econ\u00f3micas y no econ\u00f3micas.\u00a0<\/span><\/p>\n<h2><span style=\"font-weight: 400;\">\u00bfQui\u00e9n puede ser considerado responsable de una mordedura de perro en Kent?<\/span><\/h2>\n<p><span style=\"font-weight: 400;\">La responsabilidad puede extenderse m\u00e1s all\u00e1 del due\u00f1o inmediato del perro. Dependiendo de las circunstancias, entre los responsables tambi\u00e9n pueden figurar los propietarios que sab\u00edan de la existencia de un perro peligroso o los negocios que permiten la presencia de perros agresivos en sus instalaciones.\u00a0<\/span><\/p>\n<p><span style=\"font-weight: 400;\">Adem\u00e1s, quienes cuidan perros u otros responsables pueden ser considerados responsables de una mordedura si el perro estaba a su cargo en el momento del ataque. Por ello, las personas responsables del perro deben preguntar a los due\u00f1os sobre cualquier comportamiento agresivo y estar muy atentas a la conducta del animal.\u00a0<\/span><\/p>\n<p><span style=\"font-weight: 400;\">A menudo, una combinaci\u00f3n de estas partes puede ser responsable simult\u00e1neamente. Trabajando con nuestro <\/span><b>Abogado especializado en mordeduras de perro en Kent<\/b><span style=\"font-weight: 400;\"> puede ayudarle a determinar qui\u00e9n es el responsable para que pueda emprender acciones legales contra la parte correcta sin perder tiempo.\u00a0<\/span><\/p>\n<h2><span style=\"font-weight: 400;\">Plazos para presentar una demanda por mordedura de perro en Kent<\/span><\/h2>\n<p><span style=\"font-weight: 400;\">La ley de Washington impone una <\/span><b>tres<\/b>\u2013<b>a\u00f1o de prescripci\u00f3n<\/b><span style=\"font-weight: 400;\"> sobre reclamaciones por mordeduras de perro por <\/span><a href=\"https:\/\/app.leg.wa.gov\/rcw\/default.aspx?cite=4.16.080\" target=\"_blank\" rel=\"noopener\"><span style=\"font-weight: 400;\">Ley de Armas Reconstructivas 4.16.080<\/span><\/a><span style=\"font-weight: 400;\">. Esto significa que tiene tres a\u00f1os a partir de la fecha del incidente para presentar una reclamaci\u00f3n, tras lo cual prescribe y ya no se puede interponer. Una acci\u00f3n legal oportuna puede ayudar a evitarlo.\u00a0<\/span><\/p>\n<p><span style=\"font-weight: 400;\">Existen algunas circunstancias en las que este plazo puede extenderse, por ejemplo, cuando la v\u00edctima es menor de edad. Lamentablemente, muchos menores sufren lesiones por mordedura de perro. Esto puede ser especialmente grave, ya que puede causar un trauma de por vida. Cuanto antes presente la denuncia, antes podr\u00e1 comenzar el proceso de recuperaci\u00f3n.\u00a0<\/span><\/p>\n<p><span style=\"font-weight: 400;\">Trabajando con <\/span><a href=\"https:\/\/plg-pllc.com\/about-us\/attorneys\/\"><span style=\"font-weight: 400;\">Nuestros abogados<\/span><\/a><span style=\"font-weight: 400;\"> Esto puede ayudar a garantizar que todos los documentos se presenten puntualmente para que pueda evitar perder plazos debido a tr\u00e1mites incorrectos o mal presentados. No se demore y arriesgue su oportunidad de obtener justicia.\u00a0<\/span><\/p>\n<h2><span style=\"font-weight: 400;\">Hable hoy mismo con nuestro abogado especializado en mordeduras de perro en Kent.<\/span><\/h2>\n<p><span style=\"font-weight: 400;\">Las mordeduras de perro son traum\u00e1ticas, dolorosas y, a menudo, prevenibles. No deber\u00eda tener que soportar la carga econ\u00f3mica y emocional causada por la negligencia de un due\u00f1o de perro.\u00a0<\/span><\/p>\n<p><span style=\"font-weight: 400;\">P\u00f3ngase en contacto con nuestro equipo de Premier Law Group hoy mismo para su <\/span><b>Revisi\u00f3n de caso GRATUITA<\/b><span style=\"font-weight: 400;\">. Estamos aqu\u00ed para ayudarte, para darte respuestas, para que obtengas justicia.\u00a0<\/span><\/p>\n\n        <div class=\"rs-content-cta\">\n            <p>Llamar o enviar mensaje de texto <a href=\"tel:+12062851743\">(206) 285-1743<\/a> o complete un formulario de evaluaci\u00f3n de caso gratuito<\/p>\n            <a href=\"https:\/\/plg-pllc.com\/es\/contact-us\/\" title=\"OBTENGA UNA EVALUACI\u00d3N DE CASO GRATUITA\" class=\"btn-global\">OBTENGA UNA EVALUACI\u00d3N DE CASO GRATUITA<\/a>\n                    <picture>\n                            <source srcset=\"https:\/\/plg-pllc.com\/wp-content\/themes\/plg-pllc-redesign\/assets\/app\/img\/cta-thumb.webp\" type=\"image\/webp\"\/>\n                            <img src=\"https:\/\/plg-pllc.com\/wp-content\/themes\/plg-pllc-redesign\/assets\/app\/img\/cta-thumb.png\" alt=\"Grupo de abogados Premier\" title=\"Grupo de abogados Premier\" width=\"245\" height=\"220\" loading=\"auto\" fetchpriority=\"auto\" decoding=\"async\"\/>\n        <\/picture>\n        \n        <\/div>","protected":false},"excerpt":{"rendered":"<p>La mordedura de un perro puede cambiar tu vida en segundos. Las v\u00edctimas suelen sufrir lesiones dolorosas, traumas emocionales, gastos m\u00e9dicos y ausencias laborales, todo porque el due\u00f1o del perro no control\u00f3 a su animal. Si t\u00fa o tu hijo fueron mordidos por un perro, un abogado especializado en mordeduras de perro en Kent puede ayudarte a obtener una indemnizaci\u00f3n y a obtener compensaci\u00f3n.<\/p>","protected":false},"author":59,"featured_media":0,"parent":20285,"menu_order":0,"comment_status":"closed","ping_status":"closed","template":"","meta":{"_acf_changed":false,"_genesis_hide_title":false,"_genesis_hide_breadcrumbs":false,"_genesis_hide_singular_image":false,"_genesis_hide_footer_widgets":false,"_genesis_custom_body_class":"","_genesis_custom_post_class":"","_genesis_layout":"","footnotes":""},"hc_faqs":[],"class_list":{"0":"post-21718","1":"page","2":"type-page","3":"status-publish","5":"hc_city_location-kent","6":"entry"},"acf":[],"yoast_head":"<!-- This site is optimized with the Yoast SEO plugin v27.2 - https:\/\/yoast.com\/product\/yoast-seo-wordpress\/ -->\n<title>Dog Bite Lawyer in Kent | Free Consultation<\/title>\n<meta name=\"description\" content=\"You need a Kent dog bite lawyer to help you fight for maximum compensation for costs related to your injury. 24\/7 help.\" \/>\n<meta name=\"robots\" content=\"index, follow, max-snippet:-1, max-image-preview:large, max-video-preview:-1\" \/>\n<link rel=\"canonical\" href=\"https:\/\/plg-pllc.com\/es\/kent\/dog-bite-lawyer\/\" \/>\n<meta property=\"og:locale\" content=\"es_MX\" \/>\n<meta property=\"og:type\" content=\"article\" \/>\n<meta property=\"og:title\" content=\"Dog Bite Lawyer in Kent | Free Consultation\" \/>\n<meta property=\"og:description\" content=\"You need a Kent dog bite lawyer to help you fight for maximum compensation for costs related to your injury. 24\/7 help.\" \/>\n<meta property=\"og:url\" content=\"https:\/\/plg-pllc.com\/es\/kent\/dog-bite-lawyer\/\" \/>\n<meta property=\"og:site_name\" content=\"Premier Law Group\" \/>\n<meta property=\"article:publisher\" content=\"https:\/\/www.facebook.com\/premierlawgroup\" \/>\n<meta name=\"twitter:card\" content=\"summary_large_image\" \/>\n<meta name=\"twitter:site\" content=\"@premierlawgroup\" \/>\n<meta name=\"twitter:label1\" content=\"Tiempo de lectura\" \/>\n\t<meta name=\"twitter:data1\" content=\"5 minutos\" \/>\n<script type=\"application\/ld+json\" class=\"yoast-schema-graph\">{\"@context\":\"https:\/\/schema.org\",\"@graph\":[{\"@type\":\"WebPage\",\"@id\":\"https:\/\/plg-pllc.com\/kent\/dog-bite-lawyer\/\",\"url\":\"https:\/\/plg-pllc.com\/kent\/dog-bite-lawyer\/\",\"name\":\"Dog Bite Lawyer in Kent | Free Consultation\",\"isPartOf\":{\"@id\":\"https:\/\/plg-pllc.com\/#website\"},\"datePublished\":\"2026-04-01T09:15:07+00:00\",\"description\":\"You need a Kent dog bite lawyer to help you fight for maximum compensation for costs related to your injury. 24\/7 help.\",\"breadcrumb\":{\"@id\":\"https:\/\/plg-pllc.com\/kent\/dog-bite-lawyer\/#breadcrumb\"},\"inLanguage\":\"es\",\"potentialAction\":[{\"@type\":\"ReadAction\",\"target\":[\"https:\/\/plg-pllc.com\/kent\/dog-bite-lawyer\/\"]}]},{\"@type\":\"BreadcrumbList\",\"@id\":\"https:\/\/plg-pllc.com\/kent\/dog-bite-lawyer\/#breadcrumb\",\"itemListElement\":[{\"@type\":\"ListItem\",\"position\":1,\"name\":\"Home\",\"item\":\"https:\/\/plg-pllc.com\/es\/\"},{\"@type\":\"ListItem\",\"position\":2,\"name\":\"Kent Personal Injury Lawyer\",\"item\":\"https:\/\/plg-pllc.com\/es\/kent\/personal-injury-lawyer\/\"},{\"@type\":\"ListItem\",\"position\":3,\"name\":\"Kent Dog Bite Lawyer\"}]},{\"@type\":\"WebSite\",\"@id\":\"https:\/\/plg-pllc.com\/#website\",\"url\":\"https:\/\/plg-pllc.com\/\",\"name\":\"Premier Law Group\",\"description\":\"Washington Wrongful Death and Serious Injury Lawyer\",\"publisher\":{\"@id\":\"https:\/\/plg-pllc.com\/#organization\"},\"inLanguage\":\"es\"},{\"@type\":\"Organization\",\"@id\":\"https:\/\/plg-pllc.com\/#organization\",\"name\":\"Premier Law Group\",\"url\":\"https:\/\/plg-pllc.com\/\",\"logo\":{\"@type\":\"ImageObject\",\"inLanguage\":\"es\",\"@id\":\"https:\/\/plg-pllc.com\/#\/schema\/logo\/image\/\",\"url\":\"https:\/\/plg-pllc.com\/wp-content\/uploads\/2020\/10\/plg-logo-v2.gif\",\"contentUrl\":\"https:\/\/plg-pllc.com\/wp-content\/uploads\/2020\/10\/plg-logo-v2.gif\",\"width\":592,\"height\":191,\"caption\":\"Premier Law Group\"},\"image\":{\"@id\":\"https:\/\/plg-pllc.com\/#\/schema\/logo\/image\/\"},\"sameAs\":[\"https:\/\/www.facebook.com\/premierlawgroup\",\"https:\/\/x.com\/premierlawgroup\"]}]}<\/script>\n<!-- \/ Yoast SEO plugin. -->","yoast_head_json":{"title":"Abogado especializado en mordeduras de perro en Kent | Consulta gratuita","description":"Necesitas un abogado especializado en mordeduras de perro en Kent para ayudarte a obtener la m\u00e1xima indemnizaci\u00f3n por los gastos relacionados con tu lesi\u00f3n. Asistencia las 24 horas, los 7 d\u00edas de la semana.","robots":{"index":"index","follow":"follow","max-snippet":"max-snippet:-1","max-image-preview":"max-image-preview:large","max-video-preview":"max-video-preview:-1"},"canonical":"https:\/\/plg-pllc.com\/es\/kent\/dog-bite-lawyer\/","og_locale":"es_MX","og_type":"article","og_title":"Dog Bite Lawyer in Kent | Free Consultation","og_description":"You need a Kent dog bite lawyer to help you fight for maximum compensation for costs related to your injury. 24\/7 help.","og_url":"https:\/\/plg-pllc.com\/es\/kent\/dog-bite-lawyer\/","og_site_name":"Premier Law Group","article_publisher":"https:\/\/www.facebook.com\/premierlawgroup","twitter_card":"summary_large_image","twitter_site":"@premierlawgroup","twitter_misc":{"Tiempo de lectura":"5 minutos"},"schema":{"@context":"https:\/\/schema.org","@graph":[{"@type":"WebPage","@id":"https:\/\/plg-pllc.com\/kent\/dog-bite-lawyer\/","url":"https:\/\/plg-pllc.com\/kent\/dog-bite-lawyer\/","name":"Abogado especializado en mordeduras de perro en Kent | Consulta gratuita","isPartOf":{"@id":"https:\/\/plg-pllc.com\/#website"},"datePublished":"2026-04-01T09:15:07+00:00","description":"Necesitas un abogado especializado en mordeduras de perro en Kent para ayudarte a obtener la m\u00e1xima indemnizaci\u00f3n por los gastos relacionados con tu lesi\u00f3n. Asistencia las 24 horas, los 7 d\u00edas de la semana.","breadcrumb":{"@id":"https:\/\/plg-pllc.com\/kent\/dog-bite-lawyer\/#breadcrumb"},"inLanguage":"es","potentialAction":[{"@type":"ReadAction","target":["https:\/\/plg-pllc.com\/kent\/dog-bite-lawyer\/"]}]},{"@type":"BreadcrumbList","@id":"https:\/\/plg-pllc.com\/kent\/dog-bite-lawyer\/#breadcrumb","itemListElement":[{"@type":"ListItem","position":1,"name":"Home","item":"https:\/\/plg-pllc.com\/es\/"},{"@type":"ListItem","position":2,"name":"Kent Personal Injury Lawyer","item":"https:\/\/plg-pllc.com\/es\/kent\/personal-injury-lawyer\/"},{"@type":"ListItem","position":3,"name":"Kent Dog Bite Lawyer"}]},{"@type":"WebSite","@id":"https:\/\/plg-pllc.com\/#website","url":"https:\/\/plg-pllc.com\/","name":"Grupo de abogados Premier","description":"Abogado de muerte por negligencia y lesiones graves en Washington","publisher":{"@id":"https:\/\/plg-pllc.com\/#organization"},"inLanguage":"es"},{"@type":"Organization","@id":"https:\/\/plg-pllc.com\/#organization","name":"Grupo de abogados Premier","url":"https:\/\/plg-pllc.com\/","logo":{"@type":"ImageObject","inLanguage":"es","@id":"https:\/\/plg-pllc.com\/#\/schema\/logo\/image\/","url":"https:\/\/plg-pllc.com\/wp-content\/uploads\/2020\/10\/plg-logo-v2.gif","contentUrl":"https:\/\/plg-pllc.com\/wp-content\/uploads\/2020\/10\/plg-logo-v2.gif","width":592,"height":191,"caption":"Premier Law Group"},"image":{"@id":"https:\/\/plg-pllc.com\/#\/schema\/logo\/image\/"},"sameAs":["https:\/\/www.facebook.com\/premierlawgroup","https:\/\/x.com\/premierlawgroup"]}]}},"_links":{"self":[{"href":"https:\/\/plg-pllc.com\/es\/wp-json\/wp\/v2\/pages\/21718","targetHints":{"allow":["GET"]}}],"collection":[{"href":"https:\/\/plg-pllc.com\/es\/wp-json\/wp\/v2\/pages"}],"about":[{"href":"https:\/\/plg-pllc.com\/es\/wp-json\/wp\/v2\/types\/page"}],"author":[{"embeddable":true,"href":"https:\/\/plg-pllc.com\/es\/wp-json\/wp\/v2\/users\/59"}],"replies":[{"embeddable":true,"href":"https:\/\/plg-pllc.com\/es\/wp-json\/wp\/v2\/comments?post=21718"}],"version-history":[{"count":0,"href":"https:\/\/plg-pllc.com\/es\/wp-json\/wp\/v2\/pages\/21718\/revisions"}],"up":[{"embeddable":true,"href":"https:\/\/plg-pllc.com\/es\/wp-json\/wp\/v2\/pages\/20285"}],"wp:attachment":[{"href":"https:\/\/plg-pllc.com\/es\/wp-json\/wp\/v2\/media?parent=21718"}],"wp:term":[{"taxonomy":"hc_faqs","embeddable":true,"href":"https:\/\/plg-pllc.com\/es\/wp-json\/wp\/v2\/hc_faqs?post=21718"}],"curies":[{"name":"gracias","href":"https:\/\/api.w.org\/{rel}","templated":true}]}}