{"id":21723,"date":"2026-04-03T03:03:14","date_gmt":"2026-04-03T10:03:14","guid":{"rendered":"https:\/\/plg-pllc.com\/?page_id=21723"},"modified":"2026-04-03T03:03:14","modified_gmt":"2026-04-03T10:03:14","slug":"kent-sexual-assault-lawyer","status":"publish","type":"page","link":"https:\/\/plg-pllc.com\/es\/kent\/sexual-assault-lawyer\/","title":{"rendered":"Abogado de Kent especializado en agresi\u00f3n sexual"},"content":{"rendered":"<p><span style=\"font-weight: 400;\">Las personas que han sobrevivido a una agresi\u00f3n sexual pueden dudar en compartir su experiencia con otros, y mucho menos en emprender acciones legales contra su agresor. Procesar este trauma puede llevar tiempo, y presentar una demanda puede ser incluso un primer paso hacia la superaci\u00f3n personal tras una agresi\u00f3n sexual. Tanto si tiene curiosidad por conocer sus opciones como si sabe con certeza que quiere presentar una demanda, <\/span><b>Abogado especializado en agresi\u00f3n sexual en Kent <\/b><span style=\"font-weight: 400;\">est\u00e1 dispuesta a ayudarle y a defender sus intereses.\u00a0<\/span><\/p>\n<p><span style=\"font-weight: 400;\">Cuando usted o un ser querido ha sobrevivido a una agresi\u00f3n sexual, Premier Law Group est\u00e1 aqu\u00ed para ayudarle y buscar justicia por el trauma que ha sufrido. <\/span><a href=\"https:\/\/plg-pllc.com\/kent\/personal-injury-lawyer\/\"><span style=\"font-weight: 400;\">Abogado de lesiones personales en Kent<\/span><\/a><span style=\"font-weight: 400;\"> Estamos preparados para abordar las complejidades de estos casos con sensibilidad y compasi\u00f3n. Valoramos su valent\u00eda al presentar una reclamaci\u00f3n. Protegemos sus derechos y su reclamaci\u00f3n de principio a fin.<\/span><\/p>\n<h2><span style=\"font-weight: 400;\">Conf\u00ede su caso a Premier Law Group.<\/span><\/h2>\n<p><span style=\"font-weight: 400;\">Premier Law Group es tu aliado si has sobrevivido a una agresi\u00f3n sexual. Aunque no podemos deshacer lo que has sufrido, podemos ayudarte a buscar justicia y obtener compensaci\u00f3n y recursos para tu recuperaci\u00f3n. Te guiamos en el primer paso hacia la superaci\u00f3n personal. Te ayudamos a comprender los detalles de tu caso y a que los agresores rindan cuentas por sus actos.\u00a0<\/span><\/p>\n<p><span style=\"font-weight: 400;\">Cuando contrata a nuestro equipo, nos tomamos el tiempo para escucharle y comprender su historia. Nos informamos sobre su situaci\u00f3n y los factores que influyen en su caso. Con nuestro equipo, no tiene que recorrer este camino solo.<\/span><\/p>\n<h2><span style=\"font-weight: 400;\">Agresi\u00f3n sexual y tus derechos como superviviente<\/span><\/h2>\n<p><span style=\"font-weight: 400;\">De acuerdo a <\/span><a href=\"https:\/\/app.leg.wa.gov\/wAC\/default.aspx?cite=504-26-221\" target=\"_blank\" rel=\"noopener\"><span style=\"font-weight: 400;\">WAC 504-26-221<\/span><\/a><span style=\"font-weight: 400;\">, Washington define la agresi\u00f3n sexual como cualquier actividad sexual no consentida e incluye una variedad de situaciones que se describen con m\u00e1s detalle en <\/span><a href=\"https:\/\/app.leg.wa.gov\/WAC\/default.aspx?cite=478-121-150\" target=\"_blank\" rel=\"noopener\"><span style=\"font-weight: 400;\">WAC 478-121-150<\/span><\/a><span style=\"font-weight: 400;\">.\u00a0<\/span><\/p>\n<p><span style=\"font-weight: 400;\">Cuando una persona ha sufrido una agresi\u00f3n sexual, tiene derechos legales que la protegen y le brindan diversos recursos. Estatuto de Washington <\/span><a href=\"https:\/\/app.leg.wa.gov\/rcw\/default.aspx?cite=70.125.110\" target=\"_blank\" rel=\"noopener\"><span style=\"font-weight: 400;\">RCW 70.125.110<\/span><\/a><span style=\"font-weight: 400;\"> Describe los derechos de las personas que han sobrevivido a una agresi\u00f3n sexual:\u00a0<\/span><\/p>\n<ul>\n<li style=\"font-weight: 400;\" aria-level=\"1\"><span style=\"font-weight: 400;\">Ex\u00e1menes forenses gratuitos<\/span><\/li>\n<li style=\"font-weight: 400;\" aria-level=\"1\"><span style=\"font-weight: 400;\">Copia del informe policial<\/span><\/li>\n<li style=\"font-weight: 400;\" aria-level=\"1\"><span style=\"font-weight: 400;\">Notificaci\u00f3n por escrito de sus derechos y acceso a la <\/span><a href=\"https:\/\/www.justice.gov\/usao-wdwa\/washington-state-crime-victim-compensation-program\" target=\"_blank\" rel=\"noopener\"><span style=\"font-weight: 400;\">Programa de Compensaci\u00f3n para V\u00edctimas de Delitos del Estado de Washington<\/span><\/a><\/li>\n<li style=\"font-weight: 400;\" aria-level=\"1\"><span style=\"font-weight: 400;\">Derivaciones a programas y recursos para sobrevivientes de agresi\u00f3n sexual.<\/span><\/li>\n<li style=\"font-weight: 400;\" aria-level=\"1\"><span style=\"font-weight: 400;\">Acceso a un defensor de las v\u00edctimas<\/span><\/li>\n<li style=\"font-weight: 400;\" aria-level=\"1\"><span style=\"font-weight: 400;\">Actualizaciones sobre su caso y la situaci\u00f3n de su agresor.<\/span><\/li>\n<li style=\"font-weight: 400;\" aria-level=\"1\"><span style=\"font-weight: 400;\">Servicios para sobrevivientes menores de edad<\/span><\/li>\n<\/ul>\n<p><span style=\"font-weight: 400;\">Cuando contrata a un abogado especializado en agresi\u00f3n sexual de nuestro equipo en Kent, protegemos sus derechos durante todo el proceso para garantizar que se respeten. Si se vulneran de alguna manera, intercedemos por usted ante las autoridades competentes para que reciba la atenci\u00f3n, el apoyo y los recursos a los que tiene derecho por ley.<\/span><\/p>\n<h2><span style=\"font-weight: 400;\">Las pruebas son cruciales para exigir responsabilidades a los perpetradores y a las partes negligentes.<\/span><\/h2>\n<p><span style=\"font-weight: 400;\">Si has sufrido una agresi\u00f3n sexual, es posible que te preguntes si <\/span><a href=\"https:\/\/plg-pllc.com\/blog\/do-i-have-a-personal-injury-case\/\"><span style=\"font-weight: 400;\">Tienes un caso de lesiones personales<\/span><\/a><span style=\"font-weight: 400;\">. Si ha sufrido da\u00f1os injustamente, probablemente tenga derecho a emprender acciones legales e interponer una demanda civil para que su agresor rinda cuentas y sea responsable de las p\u00e9rdidas sufridas. Para reunir pruebas s\u00f3lidas, trabajamos diligentemente para recopilar la mayor cantidad de evidencia posible.\u00a0<\/span><\/p>\n<p><span style=\"font-weight: 400;\">Dado que la evidencia es crucial en estos casos, guardar todos sus registros m\u00e9dicos y los resultados de las pruebas forenses es un buen punto de partida. Los informes policiales, las fotos de las lesiones, las grabaciones de vigilancia, los testimonios de testigos o peritos y otras pruebas pueden respaldar su denuncia y ayudarle a demostrar los actos cometidos en su contra. Incluso puede documentar las repercusiones diarias en su vida llevando un diario.\u00a0<\/span><\/p>\n<p><span style=\"font-weight: 400;\">Esta evidencia puede demostrar que usted sufri\u00f3 da\u00f1os intencionales o fue agredido debido a que propiedades u organizaciones no tomaron las medidas de seguridad adecuadas para prevenir el abuso. Nuestro equipo le ayuda a resolver su caso demostrando que exist\u00eda un deber de protecci\u00f3n hacia usted y que acciones intencionales o negligentes violaron su derecho a la seguridad. El abuso que sufri\u00f3 fue consecuencia directa de ello y usted podr\u00eda tener derecho a una indemnizaci\u00f3n.\u00a0<\/span><\/p>\n\n        <div class=\"rs-content-cta long\">\n            <p>Para una consulta legal GRATUITA con un abogado especializado en agresi\u00f3n sexual que presta sus servicios en Kent, llame al <a href=\"tel:+12062851743\">(206) 285-1743 <\/a><\/p>\n            <a href=\"https:\/\/plg-pllc.com\/es\/contact-us\/\" title=\"OBTENGA UNA EVALUACI\u00d3N DE CASO GRATUITA\" class=\"btn-global\">OBTENGA UNA EVALUACI\u00d3N DE CASO GRATUITA<\/a>\n                    <picture>\n                            <source srcset=\"https:\/\/plg-pllc.com\/wp-content\/themes\/plg-pllc-redesign\/assets\/app\/img\/cta-thumb.webp\" type=\"image\/webp\"\/>\n                            <img src=\"https:\/\/plg-pllc.com\/wp-content\/themes\/plg-pllc-redesign\/assets\/app\/img\/cta-thumb.png\" alt=\"Grupo de abogados Premier\" title=\"Grupo de abogados Premier\" width=\"245\" height=\"220\" loading=\"auto\" fetchpriority=\"auto\" decoding=\"async\"\/>\n        <\/picture>\n        \n        <\/div><h2><span style=\"font-weight: 400;\">Un abogado especializado en agresi\u00f3n sexual en Kent lucha en\u00e9rgicamente para obtener una compensaci\u00f3n por sus p\u00e9rdidas.<\/span><\/h2>\n<p><span style=\"font-weight: 400;\">La indemnizaci\u00f3n es un recurso valioso para garantizar que reciba la atenci\u00f3n que necesita despu\u00e9s de una agresi\u00f3n sexual. La atenci\u00f3n m\u00e9dica y la terapia psicol\u00f3gica pueden marcar una gran diferencia en su recuperaci\u00f3n, y obtener una compensaci\u00f3n econ\u00f3mica puede reducir el estr\u00e9s relacionado con c\u00f3mo conseguir este apoyo. Algunas p\u00e9rdidas que puede cubrir un acuerdo incluyen:\u00a0<\/span><\/p>\n<ul>\n<li style=\"font-weight: 400;\" aria-level=\"1\"><span style=\"font-weight: 400;\">Atenci\u00f3n m\u00e9dica y tratamientos continuos<\/span><\/li>\n<li style=\"font-weight: 400;\" aria-level=\"1\"><span style=\"font-weight: 400;\">Salarios perdidos debido a lesiones o recuperaci\u00f3n<\/span><\/li>\n<li style=\"font-weight: 400;\" aria-level=\"1\"><span style=\"font-weight: 400;\">Terapia y asesoramiento<\/span><\/li>\n<li style=\"font-weight: 400;\" aria-level=\"1\"><span style=\"font-weight: 400;\">S\u00edntomas de TEPT, depresi\u00f3n y ansiedad<\/span><\/li>\n<li style=\"font-weight: 400;\" aria-level=\"1\"><span style=\"font-weight: 400;\">Dolor y sufrimiento<\/span><\/li>\n<li style=\"font-weight: 400;\" aria-level=\"1\"><span style=\"font-weight: 400;\">Disminuci\u00f3n de la calidad de vida<\/span><\/li>\n<li style=\"font-weight: 400;\" aria-level=\"1\"><span style=\"font-weight: 400;\">P\u00e9rdida de compa\u00f1\u00eda o consorcio<\/span><\/li>\n<li style=\"font-weight: 400;\" aria-level=\"1\"><span style=\"font-weight: 400;\">Da\u00f1os punitivos<\/span><\/li>\n<\/ul>\n<p><span style=\"font-weight: 400;\">Para garantizarle una indemnizaci\u00f3n justa, Premier Law Group eval\u00faa minuciosamente sus p\u00e9rdidas y las calcula para determinar el valor de su caso. Dado que las consecuencias de una agresi\u00f3n sexual suelen ser duraderas, tambi\u00e9n consultamos con expertos m\u00e9dicos y de salud mental para calcular el valor de su atenci\u00f3n futura e incluirlo en su indemnizaci\u00f3n. Negociamos con firmeza para que usted recupere los recursos que necesita.<\/span><\/p>\n<h3><span style=\"font-weight: 400;\">\u00bfCu\u00e1nto tiempo tengo para presentar una denuncia despu\u00e9s de una agresi\u00f3n sexual?<\/span><\/h3>\n<p><span style=\"font-weight: 400;\">La agresi\u00f3n sexual puede afectar tanto a ni\u00f1os como a adultos, y la toma de conciencia del abuso puede ser inmediata o tard\u00eda. El estado de Washington contempla ambas situaciones en cuanto al plazo que otorga a las personas para presentar denuncias.\u00a0<\/span><\/p>\n<p><span style=\"font-weight: 400;\">De acuerdo a <\/span><a href=\"https:\/\/app.leg.wa.gov\/rcw\/default.aspx?cite=4.16.340\" target=\"_blank\" rel=\"noopener\"><span style=\"font-weight: 400;\">RCW 4.16.340<\/span><\/a><span style=\"font-weight: 400;\">, hay un<\/span><b> tres<\/b>\u2013<b>a\u00f1o de prescripci\u00f3n <\/b><span style=\"font-weight: 400;\">Para los adultos, el plazo de prescripci\u00f3n abarca desde el momento del abuso o su descubrimiento. No existen l\u00edmites de tiempo para los ni\u00f1os que hayan sufrido abusos a partir del 6 de junio de 2024.<\/span><\/p>\n<h2><span style=\"font-weight: 400;\">Premier Law Group est\u00e1 aqu\u00ed para ayudarle.<\/span><\/h2>\n<p><span style=\"font-weight: 400;\">Premier Law Group se caracteriza por su compasi\u00f3n y discreci\u00f3n al gestionar su caso. Trabajamos con diligencia para resolverlo lo m\u00e1s r\u00e1pido posible y minimizando as\u00ed cualquier inconveniente adicional.\u00a0<\/span><\/p>\n<p><span style=\"font-weight: 400;\">Un abogado especializado en agresi\u00f3n sexual en Kent es un defensor y un aliado que puede proteger con firmeza sus derechos.<\/span><b> Programe una revisi\u00f3n gratuita de su caso.<\/b><span style=\"font-weight: 400;\"> Hoy para obtener m\u00e1s informaci\u00f3n <\/span><a href=\"https:\/\/plg-pllc.com\/about-us\/\"><span style=\"font-weight: 400;\">sobre nosotros<\/span><\/a><span style=\"font-weight: 400;\"> y c\u00f3mo podemos ayudarle en su momento de necesidad.\u00a0<\/span><\/p>\n\n        <div class=\"rs-content-cta\">\n            <p>Llamar o enviar mensaje de texto <a href=\"tel:+12062851743\">(206) 285-1743<\/a> o complete un formulario de evaluaci\u00f3n de caso gratuito<\/p>\n            <a href=\"https:\/\/plg-pllc.com\/es\/contact-us\/\" title=\"OBTENGA UNA EVALUACI\u00d3N DE CASO GRATUITA\" class=\"btn-global\">OBTENGA UNA EVALUACI\u00d3N DE CASO GRATUITA<\/a>\n                    <picture>\n                            <source srcset=\"https:\/\/plg-pllc.com\/wp-content\/themes\/plg-pllc-redesign\/assets\/app\/img\/cta-thumb.webp\" type=\"image\/webp\"\/>\n                            <img src=\"https:\/\/plg-pllc.com\/wp-content\/themes\/plg-pllc-redesign\/assets\/app\/img\/cta-thumb.png\" alt=\"Grupo de abogados Premier\" title=\"Grupo de abogados Premier\" width=\"245\" height=\"220\" loading=\"auto\" fetchpriority=\"auto\" decoding=\"async\"\/>\n        <\/picture>\n        \n        <\/div>","protected":false},"excerpt":{"rendered":"<p>Las personas que han sobrevivido a una agresi\u00f3n sexual pueden dudar en compartir su experiencia con otros, y mucho menos en emprender acciones legales contra su agresor. Procesar este trauma puede llevar tiempo, e incluso presentar una denuncia puede ser un primer paso hacia la superaci\u00f3n personal tras una agresi\u00f3n sexual. Tanto si tienes curiosidad por conocer tus opciones como si sabes con certeza que quieres\u2026<\/p>","protected":false},"author":59,"featured_media":0,"parent":20285,"menu_order":0,"comment_status":"closed","ping_status":"closed","template":"","meta":{"_acf_changed":false,"_genesis_hide_title":false,"_genesis_hide_breadcrumbs":false,"_genesis_hide_singular_image":false,"_genesis_hide_footer_widgets":false,"_genesis_custom_body_class":"","_genesis_custom_post_class":"","_genesis_layout":"","footnotes":""},"hc_faqs":[],"class_list":{"0":"post-21723","1":"page","2":"type-page","3":"status-publish","5":"hc_city_location-kent","6":"entry"},"acf":[],"yoast_head":"<!-- This site is optimized with the Yoast SEO plugin v27.2 - https:\/\/yoast.com\/product\/yoast-seo-wordpress\/ -->\n<title>Sexual Assault Lawyer in Kent | Free Consultation<\/title>\n<meta name=\"description\" content=\"You need a sexual assault lawyer in Kent to help you fight for the compensation you deserve and hold the offender accountable.\" \/>\n<meta name=\"robots\" content=\"index, follow, max-snippet:-1, max-image-preview:large, max-video-preview:-1\" \/>\n<link rel=\"canonical\" href=\"https:\/\/plg-pllc.com\/es\/kent\/sexual-assault-lawyer\/\" \/>\n<meta property=\"og:locale\" content=\"es_MX\" \/>\n<meta property=\"og:type\" content=\"article\" \/>\n<meta property=\"og:title\" content=\"Sexual Assault Lawyer in Kent | Free Consultation\" \/>\n<meta property=\"og:description\" content=\"You need a sexual assault lawyer in Kent to help you fight for the compensation you deserve and hold the offender accountable.\" \/>\n<meta property=\"og:url\" content=\"https:\/\/plg-pllc.com\/es\/kent\/sexual-assault-lawyer\/\" \/>\n<meta property=\"og:site_name\" content=\"Premier Law Group\" \/>\n<meta property=\"article:publisher\" content=\"https:\/\/www.facebook.com\/premierlawgroup\" \/>\n<meta name=\"twitter:card\" content=\"summary_large_image\" \/>\n<meta name=\"twitter:site\" content=\"@premierlawgroup\" \/>\n<meta name=\"twitter:label1\" content=\"Tiempo de lectura\" \/>\n\t<meta name=\"twitter:data1\" content=\"5 minutos\" \/>\n<script type=\"application\/ld+json\" class=\"yoast-schema-graph\">{\"@context\":\"https:\/\/schema.org\",\"@graph\":[{\"@type\":\"WebPage\",\"@id\":\"https:\/\/plg-pllc.com\/kent\/sexual-assault-lawyer\/\",\"url\":\"https:\/\/plg-pllc.com\/kent\/sexual-assault-lawyer\/\",\"name\":\"Sexual Assault Lawyer in Kent | Free Consultation\",\"isPartOf\":{\"@id\":\"https:\/\/plg-pllc.com\/#website\"},\"datePublished\":\"2026-04-03T10:03:14+00:00\",\"description\":\"You need a sexual assault lawyer in Kent to help you fight for the compensation you deserve and hold the offender accountable.\",\"breadcrumb\":{\"@id\":\"https:\/\/plg-pllc.com\/kent\/sexual-assault-lawyer\/#breadcrumb\"},\"inLanguage\":\"es\",\"potentialAction\":[{\"@type\":\"ReadAction\",\"target\":[\"https:\/\/plg-pllc.com\/kent\/sexual-assault-lawyer\/\"]}]},{\"@type\":\"BreadcrumbList\",\"@id\":\"https:\/\/plg-pllc.com\/kent\/sexual-assault-lawyer\/#breadcrumb\",\"itemListElement\":[{\"@type\":\"ListItem\",\"position\":1,\"name\":\"Home\",\"item\":\"https:\/\/plg-pllc.com\/es\/\"},{\"@type\":\"ListItem\",\"position\":2,\"name\":\"Kent Personal Injury Lawyer\",\"item\":\"https:\/\/plg-pllc.com\/es\/kent\/personal-injury-lawyer\/\"},{\"@type\":\"ListItem\",\"position\":3,\"name\":\"Kent Sexual Assault Lawyer\"}]},{\"@type\":\"WebSite\",\"@id\":\"https:\/\/plg-pllc.com\/#website\",\"url\":\"https:\/\/plg-pllc.com\/\",\"name\":\"Premier Law Group\",\"description\":\"Washington Wrongful Death and Serious Injury Lawyer\",\"publisher\":{\"@id\":\"https:\/\/plg-pllc.com\/#organization\"},\"inLanguage\":\"es\"},{\"@type\":\"Organization\",\"@id\":\"https:\/\/plg-pllc.com\/#organization\",\"name\":\"Premier Law Group\",\"url\":\"https:\/\/plg-pllc.com\/\",\"logo\":{\"@type\":\"ImageObject\",\"inLanguage\":\"es\",\"@id\":\"https:\/\/plg-pllc.com\/#\/schema\/logo\/image\/\",\"url\":\"https:\/\/plg-pllc.com\/wp-content\/uploads\/2020\/10\/plg-logo-v2.gif\",\"contentUrl\":\"https:\/\/plg-pllc.com\/wp-content\/uploads\/2020\/10\/plg-logo-v2.gif\",\"width\":592,\"height\":191,\"caption\":\"Premier Law Group\"},\"image\":{\"@id\":\"https:\/\/plg-pllc.com\/#\/schema\/logo\/image\/\"},\"sameAs\":[\"https:\/\/www.facebook.com\/premierlawgroup\",\"https:\/\/x.com\/premierlawgroup\"]}]}<\/script>\n<!-- \/ Yoast SEO plugin. -->","yoast_head_json":{"title":"Abogado\/a especialista en agresi\u00f3n sexual en Kent | Consulta gratuita","description":"Necesitas un abogado especializado en agresi\u00f3n sexual en Kent que te ayude a luchar por la indemnizaci\u00f3n que mereces y a que el agresor rinda cuentas ante la justicia.","robots":{"index":"index","follow":"follow","max-snippet":"max-snippet:-1","max-image-preview":"max-image-preview:large","max-video-preview":"max-video-preview:-1"},"canonical":"https:\/\/plg-pllc.com\/es\/kent\/sexual-assault-lawyer\/","og_locale":"es_MX","og_type":"article","og_title":"Sexual Assault Lawyer in Kent | Free Consultation","og_description":"You need a sexual assault lawyer in Kent to help you fight for the compensation you deserve and hold the offender accountable.","og_url":"https:\/\/plg-pllc.com\/es\/kent\/sexual-assault-lawyer\/","og_site_name":"Premier Law Group","article_publisher":"https:\/\/www.facebook.com\/premierlawgroup","twitter_card":"summary_large_image","twitter_site":"@premierlawgroup","twitter_misc":{"Tiempo de lectura":"5 minutos"},"schema":{"@context":"https:\/\/schema.org","@graph":[{"@type":"WebPage","@id":"https:\/\/plg-pllc.com\/kent\/sexual-assault-lawyer\/","url":"https:\/\/plg-pllc.com\/kent\/sexual-assault-lawyer\/","name":"Abogado\/a especialista en agresi\u00f3n sexual en Kent | Consulta gratuita","isPartOf":{"@id":"https:\/\/plg-pllc.com\/#website"},"datePublished":"2026-04-03T10:03:14+00:00","description":"Necesitas un abogado especializado en agresi\u00f3n sexual en Kent que te ayude a luchar por la indemnizaci\u00f3n que mereces y a que el agresor rinda cuentas ante la justicia.","breadcrumb":{"@id":"https:\/\/plg-pllc.com\/kent\/sexual-assault-lawyer\/#breadcrumb"},"inLanguage":"es","potentialAction":[{"@type":"ReadAction","target":["https:\/\/plg-pllc.com\/kent\/sexual-assault-lawyer\/"]}]},{"@type":"BreadcrumbList","@id":"https:\/\/plg-pllc.com\/kent\/sexual-assault-lawyer\/#breadcrumb","itemListElement":[{"@type":"ListItem","position":1,"name":"Home","item":"https:\/\/plg-pllc.com\/es\/"},{"@type":"ListItem","position":2,"name":"Kent Personal Injury Lawyer","item":"https:\/\/plg-pllc.com\/es\/kent\/personal-injury-lawyer\/"},{"@type":"ListItem","position":3,"name":"Kent Sexual Assault Lawyer"}]},{"@type":"WebSite","@id":"https:\/\/plg-pllc.com\/#website","url":"https:\/\/plg-pllc.com\/","name":"Grupo de abogados Premier","description":"Abogado de muerte por negligencia y lesiones graves en Washington","publisher":{"@id":"https:\/\/plg-pllc.com\/#organization"},"inLanguage":"es"},{"@type":"Organization","@id":"https:\/\/plg-pllc.com\/#organization","name":"Grupo de abogados Premier","url":"https:\/\/plg-pllc.com\/","logo":{"@type":"ImageObject","inLanguage":"es","@id":"https:\/\/plg-pllc.com\/#\/schema\/logo\/image\/","url":"https:\/\/plg-pllc.com\/wp-content\/uploads\/2020\/10\/plg-logo-v2.gif","contentUrl":"https:\/\/plg-pllc.com\/wp-content\/uploads\/2020\/10\/plg-logo-v2.gif","width":592,"height":191,"caption":"Premier Law Group"},"image":{"@id":"https:\/\/plg-pllc.com\/#\/schema\/logo\/image\/"},"sameAs":["https:\/\/www.facebook.com\/premierlawgroup","https:\/\/x.com\/premierlawgroup"]}]}},"_links":{"self":[{"href":"https:\/\/plg-pllc.com\/es\/wp-json\/wp\/v2\/pages\/21723","targetHints":{"allow":["GET"]}}],"collection":[{"href":"https:\/\/plg-pllc.com\/es\/wp-json\/wp\/v2\/pages"}],"about":[{"href":"https:\/\/plg-pllc.com\/es\/wp-json\/wp\/v2\/types\/page"}],"author":[{"embeddable":true,"href":"https:\/\/plg-pllc.com\/es\/wp-json\/wp\/v2\/users\/59"}],"replies":[{"embeddable":true,"href":"https:\/\/plg-pllc.com\/es\/wp-json\/wp\/v2\/comments?post=21723"}],"version-history":[{"count":0,"href":"https:\/\/plg-pllc.com\/es\/wp-json\/wp\/v2\/pages\/21723\/revisions"}],"up":[{"embeddable":true,"href":"https:\/\/plg-pllc.com\/es\/wp-json\/wp\/v2\/pages\/20285"}],"wp:attachment":[{"href":"https:\/\/plg-pllc.com\/es\/wp-json\/wp\/v2\/media?parent=21723"}],"wp:term":[{"taxonomy":"hc_faqs","embeddable":true,"href":"https:\/\/plg-pllc.com\/es\/wp-json\/wp\/v2\/hc_faqs?post=21723"}],"curies":[{"name":"gracias","href":"https:\/\/api.w.org\/{rel}","templated":true}]}}