{"id":21735,"date":"2026-04-08T08:04:57","date_gmt":"2026-04-08T15:04:57","guid":{"rendered":"https:\/\/plg-pllc.com\/?page_id=21735"},"modified":"2026-04-08T08:04:57","modified_gmt":"2026-04-08T15:04:57","slug":"newcastle-car-accident-lawyer","status":"publish","type":"page","link":"https:\/\/plg-pllc.com\/es\/newcastle\/car-accident-lawyer\/","title":{"rendered":"Abogado de accidentes de tr\u00e1fico en Newcastle"},"content":{"rendered":"<p><span style=\"font-weight: 400;\">A <\/span><b>Abogado especializado en accidentes de tr\u00e1fico en Newcastle<\/b><span style=\"font-weight: 400;\"> Puede ayudarle si ha sufrido p\u00e9rdidas importantes en un accidente de coche o si se enfrenta a la resistencia de la compa\u00f1\u00eda de seguros. La representaci\u00f3n legal puede ayudarle a obtener indemnizaciones m\u00e1s elevadas y a que la aseguradora le tome en serio. Si no sabe c\u00f3mo proceder, un bufete de abogados con experiencia puede ofrecerle asesoramiento y orientaci\u00f3n.\u00a0<\/span><\/p>\n<p><span style=\"font-weight: 400;\">Premier Law Group cuenta con m\u00e1s de 55 a\u00f1os de experiencia combinada en el manejo de diversos casos de accidentes automovil\u00edsticos y en la obtenci\u00f3n de resultados. Cuando el tiempo es crucial, actuamos con rapidez para ayudarle a recuperar los da\u00f1os. <\/span><a href=\"https:\/\/plg-pllc.com\/newcastle\/personal-injury-lawyer\/\"><span style=\"font-weight: 400;\">Abogado de lesiones personales en Newcastle<\/span><\/a><span style=\"font-weight: 400;\"> Simplifica su caso y le brinda asesoramiento claro y directo, para que conozca sus opciones y qu\u00e9 esperar a lo largo del proceso.\u00a0<\/span><\/p>\n<h2>Pasos importantes a seguir despu\u00e9s de haber sufrido un accidente de coche en Newcastle<\/h2>\n<p><span style=\"font-weight: 400;\">Los momentos posteriores a un accidente automovil\u00edstico suelen ser cr\u00edticos, y <\/span><a href=\"https:\/\/plg-pllc.com\/blog\/the-first-5-steps-after-an-accident-a-must-know-guide\/\"><span style=\"font-weight: 400;\">Los cinco primeros pasos despu\u00e9s de un accidente<\/span><\/a><span style=\"font-weight: 400;\"> Un accidente puede influir considerablemente en tu futuro. Las colisiones pueden causar lesiones graves que requieren atenci\u00f3n m\u00e9dica inmediata. Tu seguridad es primordial y debes recibir la atenci\u00f3n m\u00e9dica necesaria. Las lesiones visibles no siempre son fiables, por lo que un examen m\u00e9dico es importante incluso si parecen leves.\u00a0\u00a0<\/span><\/p>\n<p><span style=\"font-weight: 400;\">Adem\u00e1s, es importante llamar a la polic\u00eda y presentar un informe del accidente. No se disculpe ni admita la culpa. Si es posible, re\u00fana tambi\u00e9n sus propias pruebas. Esto incluye fotos, videos, declaraciones de testigos, historiales m\u00e9dicos, diarios, recibos de n\u00f3mina y presupuestos de reparaci\u00f3n del veh\u00edculo. Estas pruebas pueden ser de gran valor para su reclamaci\u00f3n.\u00a0<\/span><\/p>\n<p><span style=\"font-weight: 400;\">Deber\u00e1 notificar a su compa\u00f1\u00eda de seguros que ha sufrido un accidente y, posteriormente, presentar una reclamaci\u00f3n ante la aseguradora del otro conductor. Sin embargo, antes de hacerlo, le recomendamos que se ponga en contacto con un abogado de Premier Law Group, quien podr\u00e1 ayudarle a preparar un caso s\u00f3lido desde el principio y a comunicarse con las compa\u00f1\u00edas de seguros para protegerle de sus t\u00e1cticas.<\/span><\/p>\n<h2>Causas y lesiones comunes ocasionadas por accidentes automovil\u00edsticos<\/h2>\n<p><span style=\"font-weight: 400;\">Todos los conductores son responsables de sus acciones y de cumplir las normas de circulaci\u00f3n. Cuando son descuidados o imprudentes, pueden causar accidentes. <\/span><a href=\"https:\/\/plg-pllc.com\/blog\/car-accidents-in-washington-a-call-for-caution-and-responsibility\/\"><span style=\"font-weight: 400;\">accidentes de tr\u00e1fico en Washington<\/span><\/a><span style=\"font-weight: 400;\"> que pueden provocar lesiones o la muerte. Algunos factores contribuyentes comunes incluyen el exceso de velocidad, las distracciones, la conducci\u00f3n bajo los efectos del alcohol o las drogas, las malas condiciones de la carretera y del clima, y los problemas mec\u00e1nicos. Las lesiones que pueden resultar de estos accidentes incluyen:\u00a0<\/span><\/p>\n<ul>\n<li style=\"font-weight: 400;\" aria-level=\"1\"><span style=\"font-weight: 400;\">Latigazo<\/span><\/li>\n<li style=\"font-weight: 400;\" aria-level=\"1\"><span style=\"font-weight: 400;\">Huesos rotos<\/span><\/li>\n<li style=\"font-weight: 400;\" aria-level=\"1\"><span style=\"font-weight: 400;\">Laceraciones y contusiones<\/span><\/li>\n<li style=\"font-weight: 400;\" aria-level=\"1\"><span style=\"font-weight: 400;\">Hematomas y otras lesiones de tejidos blandos<\/span><\/li>\n<li style=\"font-weight: 400;\" aria-level=\"1\"><span style=\"font-weight: 400;\">Lesiones en la cabeza, incluidas las lesiones cerebrales traum\u00e1ticas.<\/span><\/li>\n<li style=\"font-weight: 400;\" aria-level=\"1\"><span style=\"font-weight: 400;\">Lesiones de cuello<\/span><\/li>\n<li style=\"font-weight: 400;\" aria-level=\"1\"><span style=\"font-weight: 400;\">Lesiones en el pecho y las costillas<\/span><\/li>\n<li style=\"font-weight: 400;\" aria-level=\"1\"><span style=\"font-weight: 400;\">Lesiones de la m\u00e9dula espinal<\/span><\/li>\n<li style=\"font-weight: 400;\" aria-level=\"1\"><span style=\"font-weight: 400;\">Da\u00f1os internos<\/span><\/li>\n<li style=\"font-weight: 400;\" aria-level=\"1\"><span style=\"font-weight: 400;\">Lesiones por quemaduras<\/span><\/li>\n<li style=\"font-weight: 400;\" aria-level=\"1\"><span style=\"font-weight: 400;\">Lesiones catastr\u00f3ficas<\/span><\/li>\n<li style=\"font-weight: 400;\" aria-level=\"1\"><span style=\"font-weight: 400;\">Muertes<\/span><\/li>\n<\/ul>\n<p><span style=\"font-weight: 400;\">Premier Law Group puede representarlo en su proceso de recuperaci\u00f3n tras estas lesiones. Revisaremos minuciosamente su historial m\u00e9dico y hablaremos con sus m\u00e9dicos para comprender el alcance de su afecci\u00f3n y los gastos que pueda tener. Esta informaci\u00f3n y documentaci\u00f3n influir\u00e1n en c\u00f3mo abordamos su caso y en su posible compensaci\u00f3n.<\/span><\/p>\n<h2>Un abogado especializado en accidentes de tr\u00e1fico en Newcastle puede responsabilizar a los conductores culpables por causar un accidente.<\/h2>\n<p><span style=\"font-weight: 400;\">Los accidentes de tr\u00e1fico son causados por negligencia, y para que una reclamaci\u00f3n sea viable, debe demostrarse dicha negligencia, en lugar de basarse simplemente en versiones contradictorias. Las v\u00edctimas lesionadas tienen la responsabilidad de probar que el otro conductor tuvo la culpa y que las lesiones no se habr\u00edan producido de no ser por sus acciones. Esto puede llevar tiempo si su caso es complejo, pero con un abogado experimentado a su lado, estar\u00e1 en buenas manos.\u00a0<\/span><\/p>\n<p><span style=\"font-weight: 400;\">Nuestro equipo le ayuda a fortalecer su reclamaci\u00f3n recopilando las pruebas adicionales necesarias para su caso. Respaldamos su reclamaci\u00f3n con documentaci\u00f3n exhaustiva que demuestra que el otro conductor ten\u00eda la obligaci\u00f3n de velar por su seguridad, pero incumpli\u00f3 sus responsabilidades, provocando el accidente. Posteriormente, lo hacemos responsable de los da\u00f1os que le caus\u00f3.<\/span><\/p>\n<p><span style=\"font-weight: 400;\">Los conductores contrarios y sus aseguradoras suelen intentar refutar las acusaciones de culpabilidad, por lo que hablar con un abogado que sepa comunicarse con estas partes puede ayudar a obtener mejores resultados en un caso. Nuestras habilidades de comunicaci\u00f3n y negociaci\u00f3n protegen sus intereses y evitan poner en riesgo sus resultados.\u00a0<\/span><\/p>\n\n        <div class=\"rs-content-cta long\">\n            <p>Para una consulta legal GRATUITA con un abogado especializado en accidentes de tr\u00e1fico en Newcastle, llame al <a href=\"tel:+12062851743\">(206) 285-1743 <\/a><\/p>\n            <a href=\"https:\/\/plg-pllc.com\/es\/contact-us\/\" title=\"OBTENGA UNA EVALUACI\u00d3N DE CASO GRATUITA\" class=\"btn-global\">OBTENGA UNA EVALUACI\u00d3N DE CASO GRATUITA<\/a>\n                    <picture>\n                            <source srcset=\"https:\/\/plg-pllc.com\/wp-content\/themes\/plg-pllc-redesign\/assets\/app\/img\/cta-thumb.webp\" type=\"image\/webp\"\/>\n                            <img src=\"https:\/\/plg-pllc.com\/wp-content\/themes\/plg-pllc-redesign\/assets\/app\/img\/cta-thumb.png\" alt=\"Grupo de abogados Premier\" title=\"Grupo de abogados Premier\" width=\"245\" height=\"220\" loading=\"auto\" fetchpriority=\"auto\" decoding=\"async\"\/>\n        <\/picture>\n        \n        <\/div><h2>La indemnizaci\u00f3n compensa el peso de las p\u00e9rdidas tras un accidente de coche en Newcastle.<\/h2>\n<p><span style=\"font-weight: 400;\">Los accidentes de tr\u00e1fico pueden ser costosos, ya sean leves o catastr\u00f3ficos. La atenci\u00f3n m\u00e9dica y las reparaciones del veh\u00edculo, por s\u00ed solas, suelen ser caras y pueden dejar a las v\u00edctimas en una situaci\u00f3n dif\u00edcil. Un abogado especializado en accidentes de tr\u00e1fico en Newcastle puede ayudarle a determinar las p\u00e9rdidas que puede recuperar en una indemnizaci\u00f3n y negociar la cantidad m\u00e1xima posible. La compensaci\u00f3n puede cubrir las siguientes p\u00e9rdidas en su caso:<\/span><\/p>\n<ul>\n<li style=\"font-weight: 400;\" aria-level=\"1\"><span style=\"font-weight: 400;\">Tratamientos m\u00e9dicos de emergencia y continuos<\/span><\/li>\n<li style=\"font-weight: 400;\" aria-level=\"1\"><span style=\"font-weight: 400;\">Costos futuros, rehabilitaci\u00f3n, alojamiento y equipamiento.<\/span><\/li>\n<li style=\"font-weight: 400;\" aria-level=\"1\"><span style=\"font-weight: 400;\">Salarios perdidos<\/span><\/li>\n<li style=\"font-weight: 400;\" aria-level=\"1\"><span style=\"font-weight: 400;\">Potencial de ingresos<\/span><\/li>\n<li style=\"font-weight: 400;\" aria-level=\"1\"><span style=\"font-weight: 400;\">Costos por da\u00f1os a la propiedad<\/span><\/li>\n<li style=\"font-weight: 400;\" aria-level=\"1\"><span style=\"font-weight: 400;\">Disminuci\u00f3n de la calidad de vida\u00a0<\/span><\/li>\n<li style=\"font-weight: 400;\" aria-level=\"1\"><span style=\"font-weight: 400;\">Dolor y sufrimiento<\/span><\/li>\n<li style=\"font-weight: 400;\" aria-level=\"1\"><span style=\"font-weight: 400;\">Trastorno de estr\u00e9s postraum\u00e1tico, ansiedad y depresi\u00f3n<\/span><\/li>\n<li style=\"font-weight: 400;\" aria-level=\"1\"><span style=\"font-weight: 400;\">P\u00e9rdida del consorcio<\/span><\/li>\n<li style=\"font-weight: 400;\" aria-level=\"1\"><span style=\"font-weight: 400;\">Beneficios por fallecimiento<\/span><\/li>\n<li style=\"font-weight: 400;\" aria-level=\"1\"><span style=\"font-weight: 400;\">Da\u00f1os punitivos en las circunstancias aplicables<\/span><\/li>\n<\/ul>\n<p><span style=\"font-weight: 400;\">Las indemnizaciones y los acuerdos no son iguales en todos los casos. Cada caso presenta factores y variables \u00fanicos que pueden afectar su valor, como la responsabilidad compartida y la gravedad y extensi\u00f3n de las lesiones. Las t\u00e1cticas de la compa\u00f1\u00eda de seguros y los l\u00edmites de la p\u00f3liza tambi\u00e9n pueden influir en los acuerdos. Sin embargo, nuestro equipo utiliza soluciones creativas y realiza una debida diligencia minuciosa para optimizar su caso y obtener resultados favorables.\u00a0<\/span><\/p>\n<h3>Plazo de prescripci\u00f3n para accidentes de tr\u00e1fico<\/h3>\n<p><span style=\"font-weight: 400;\">Si desea obtener una indemnizaci\u00f3n por las p\u00e9rdidas sufridas, debe actuar antes de que expire el plazo de prescripci\u00f3n en el estado de Washington.\u00a0<\/span><\/p>\n<p><span style=\"font-weight: 400;\">De acuerdo a <\/span><a href=\"https:\/\/app.leg.wa.gov\/rcw\/default.aspx?cite=4.16.080\" target=\"_blank\" rel=\"noopener\"><span style=\"font-weight: 400;\">Ley de Armas Reconstructivas 4.16.080<\/span><\/a><span style=\"font-weight: 400;\">, se te permite<\/span><b> tres a\u00f1os <\/b><span style=\"font-weight: 400;\">Desde el momento en que ocurri\u00f3 el accidente hasta la resoluci\u00f3n de su caso. Los casos complejos pueden consumir una buena parte de este tiempo, por lo que se recomienda hablar con un abogado lo antes posible.<\/span><\/p>\n<h2>Hable hoy mismo con Premier Law Group sobre su caso.<\/h2>\n<p><span style=\"font-weight: 400;\">Premier Law Group est\u00e1 a su disposici\u00f3n cuando necesite presentar una reclamaci\u00f3n por accidente de tr\u00e1fico. Ofrecemos un servicio excepcional, asesoramiento de confianza y honorarios condicionales para ayudarle a obtener los recursos y el apoyo que necesita para recuperarse.\u00a0<\/span><\/p>\n<p><span style=\"font-weight: 400;\">Cuando tu <\/span><b>Programe una revisi\u00f3n gratuita de su caso.<\/b><span style=\"font-weight: 400;\">, Un abogado especializado en accidentes de tr\u00e1fico en Newcastle le ayuda a comprender si tiene un caso y c\u00f3mo debe proceder. Cuando usted sufre un accidente, nosotros respondemos con m\u00e1s contundencia.<\/span><\/p>\n\n        <div class=\"rs-content-cta\">\n            <p>Llamar o enviar mensaje de texto <a href=\"tel:+12062851743\">(206) 285-1743<\/a> o complete un formulario de evaluaci\u00f3n de caso gratuito<\/p>\n            <a href=\"https:\/\/plg-pllc.com\/es\/contact-us\/\" title=\"OBTENGA UNA EVALUACI\u00d3N DE CASO GRATUITA\" class=\"btn-global\">OBTENGA UNA EVALUACI\u00d3N DE CASO GRATUITA<\/a>\n                    <picture>\n                            <source srcset=\"https:\/\/plg-pllc.com\/wp-content\/themes\/plg-pllc-redesign\/assets\/app\/img\/cta-thumb.webp\" type=\"image\/webp\"\/>\n                            <img src=\"https:\/\/plg-pllc.com\/wp-content\/themes\/plg-pllc-redesign\/assets\/app\/img\/cta-thumb.png\" alt=\"Grupo de abogados Premier\" title=\"Grupo de abogados Premier\" width=\"245\" height=\"220\" loading=\"auto\" fetchpriority=\"auto\" decoding=\"async\"\/>\n        <\/picture>\n        \n        <\/div>","protected":false},"excerpt":{"rendered":"<p>Un abogado especializado en accidentes de tr\u00e1fico en Newcastle puede ayudarle si ha sufrido grandes p\u00e9rdidas en un accidente de coche o si se enfrenta a la resistencia de la compa\u00f1\u00eda de seguros. La representaci\u00f3n legal puede ayudarle a obtener indemnizaciones m\u00e1s elevadas y a que la compa\u00f1\u00eda de seguros le tome en serio. Si no est\u00e1 seguro de c\u00f3mo proceder, un bufete de abogados con experiencia puede\u2026<\/p>","protected":false},"author":60,"featured_media":0,"parent":20283,"menu_order":0,"comment_status":"closed","ping_status":"closed","template":"","meta":{"_acf_changed":false,"_genesis_hide_title":false,"_genesis_hide_breadcrumbs":false,"_genesis_hide_singular_image":false,"_genesis_hide_footer_widgets":false,"_genesis_custom_body_class":"","_genesis_custom_post_class":"","_genesis_layout":"","footnotes":""},"hc_faqs":[],"class_list":{"0":"post-21735","1":"page","2":"type-page","3":"status-publish","5":"hc_city_location-newcastle","6":"entry"},"acf":[],"yoast_head":"<!-- This site is optimized with the Yoast SEO plugin v27.2 - https:\/\/yoast.com\/product\/yoast-seo-wordpress\/ -->\n<title>Car Accident Lawyer in Newcastle | Free Consultation<\/title>\n<meta name=\"description\" content=\"You need a Newcastle car accident lawyer to help you fight for maximum compensation for costs related to your accident. 24\/7 help.\" \/>\n<meta name=\"robots\" content=\"index, follow, max-snippet:-1, max-image-preview:large, max-video-preview:-1\" \/>\n<link rel=\"canonical\" href=\"https:\/\/plg-pllc.com\/es\/newcastle\/car-accident-lawyer\/\" \/>\n<meta property=\"og:locale\" content=\"es_MX\" \/>\n<meta property=\"og:type\" content=\"article\" \/>\n<meta property=\"og:title\" content=\"Car Accident Lawyer in Newcastle | Free Consultation\" \/>\n<meta property=\"og:description\" content=\"You need a Newcastle car accident lawyer to help you fight for maximum compensation for costs related to your accident. 24\/7 help.\" \/>\n<meta property=\"og:url\" content=\"https:\/\/plg-pllc.com\/es\/newcastle\/car-accident-lawyer\/\" \/>\n<meta property=\"og:site_name\" content=\"Premier Law Group\" \/>\n<meta property=\"article:publisher\" content=\"https:\/\/www.facebook.com\/premierlawgroup\" \/>\n<meta name=\"twitter:card\" content=\"summary_large_image\" \/>\n<meta name=\"twitter:site\" content=\"@premierlawgroup\" \/>\n<meta name=\"twitter:label1\" content=\"Tiempo de lectura\" \/>\n\t<meta name=\"twitter:data1\" content=\"5 minutos\" \/>\n<script type=\"application\/ld+json\" class=\"yoast-schema-graph\">{\"@context\":\"https:\/\/schema.org\",\"@graph\":[{\"@type\":\"WebPage\",\"@id\":\"https:\/\/plg-pllc.com\/newcastle\/car-accident-lawyer\/\",\"url\":\"https:\/\/plg-pllc.com\/newcastle\/car-accident-lawyer\/\",\"name\":\"Car Accident Lawyer in Newcastle | Free Consultation\",\"isPartOf\":{\"@id\":\"https:\/\/plg-pllc.com\/#website\"},\"datePublished\":\"2026-04-08T15:04:57+00:00\",\"description\":\"You need a Newcastle car accident lawyer to help you fight for maximum compensation for costs related to your accident. 24\/7 help.\",\"breadcrumb\":{\"@id\":\"https:\/\/plg-pllc.com\/newcastle\/car-accident-lawyer\/#breadcrumb\"},\"inLanguage\":\"es\",\"potentialAction\":[{\"@type\":\"ReadAction\",\"target\":[\"https:\/\/plg-pllc.com\/newcastle\/car-accident-lawyer\/\"]}]},{\"@type\":\"BreadcrumbList\",\"@id\":\"https:\/\/plg-pllc.com\/newcastle\/car-accident-lawyer\/#breadcrumb\",\"itemListElement\":[{\"@type\":\"ListItem\",\"position\":1,\"name\":\"Home\",\"item\":\"https:\/\/plg-pllc.com\/es\/\"},{\"@type\":\"ListItem\",\"position\":2,\"name\":\"Newcastle Personal Injury Lawyer\",\"item\":\"https:\/\/plg-pllc.com\/es\/newcastle\/personal-injury-lawyer\/\"},{\"@type\":\"ListItem\",\"position\":3,\"name\":\"Newcastle Car Accident Lawyer\"}]},{\"@type\":\"WebSite\",\"@id\":\"https:\/\/plg-pllc.com\/#website\",\"url\":\"https:\/\/plg-pllc.com\/\",\"name\":\"Premier Law Group\",\"description\":\"Washington Wrongful Death and Serious Injury Lawyer\",\"publisher\":{\"@id\":\"https:\/\/plg-pllc.com\/#organization\"},\"inLanguage\":\"es\"},{\"@type\":\"Organization\",\"@id\":\"https:\/\/plg-pllc.com\/#organization\",\"name\":\"Premier Law Group\",\"url\":\"https:\/\/plg-pllc.com\/\",\"logo\":{\"@type\":\"ImageObject\",\"inLanguage\":\"es\",\"@id\":\"https:\/\/plg-pllc.com\/#\/schema\/logo\/image\/\",\"url\":\"https:\/\/plg-pllc.com\/wp-content\/uploads\/2020\/10\/plg-logo-v2.gif\",\"contentUrl\":\"https:\/\/plg-pllc.com\/wp-content\/uploads\/2020\/10\/plg-logo-v2.gif\",\"width\":592,\"height\":191,\"caption\":\"Premier Law Group\"},\"image\":{\"@id\":\"https:\/\/plg-pllc.com\/#\/schema\/logo\/image\/\"},\"sameAs\":[\"https:\/\/www.facebook.com\/premierlawgroup\",\"https:\/\/x.com\/premierlawgroup\"]}]}<\/script>\n<!-- \/ Yoast SEO plugin. -->","yoast_head_json":{"title":"Abogado especializado en accidentes de tr\u00e1fico en Newcastle | Consulta gratuita","description":"Necesitas un abogado especializado en accidentes de tr\u00e1fico en Newcastle que te ayude a conseguir la m\u00e1xima indemnizaci\u00f3n por los gastos relacionados con tu accidente. Asistencia las 24 horas, los 7 d\u00edas de la semana.","robots":{"index":"index","follow":"follow","max-snippet":"max-snippet:-1","max-image-preview":"max-image-preview:large","max-video-preview":"max-video-preview:-1"},"canonical":"https:\/\/plg-pllc.com\/es\/newcastle\/car-accident-lawyer\/","og_locale":"es_MX","og_type":"article","og_title":"Car Accident Lawyer in Newcastle | Free Consultation","og_description":"You need a Newcastle car accident lawyer to help you fight for maximum compensation for costs related to your accident. 24\/7 help.","og_url":"https:\/\/plg-pllc.com\/es\/newcastle\/car-accident-lawyer\/","og_site_name":"Premier Law Group","article_publisher":"https:\/\/www.facebook.com\/premierlawgroup","twitter_card":"summary_large_image","twitter_site":"@premierlawgroup","twitter_misc":{"Tiempo de lectura":"5 minutos"},"schema":{"@context":"https:\/\/schema.org","@graph":[{"@type":"WebPage","@id":"https:\/\/plg-pllc.com\/newcastle\/car-accident-lawyer\/","url":"https:\/\/plg-pllc.com\/newcastle\/car-accident-lawyer\/","name":"Abogado especializado en accidentes de tr\u00e1fico en Newcastle | Consulta gratuita","isPartOf":{"@id":"https:\/\/plg-pllc.com\/#website"},"datePublished":"2026-04-08T15:04:57+00:00","description":"Necesitas un abogado especializado en accidentes de tr\u00e1fico en Newcastle que te ayude a conseguir la m\u00e1xima indemnizaci\u00f3n por los gastos relacionados con tu accidente. Asistencia las 24 horas, los 7 d\u00edas de la semana.","breadcrumb":{"@id":"https:\/\/plg-pllc.com\/newcastle\/car-accident-lawyer\/#breadcrumb"},"inLanguage":"es","potentialAction":[{"@type":"ReadAction","target":["https:\/\/plg-pllc.com\/newcastle\/car-accident-lawyer\/"]}]},{"@type":"BreadcrumbList","@id":"https:\/\/plg-pllc.com\/newcastle\/car-accident-lawyer\/#breadcrumb","itemListElement":[{"@type":"ListItem","position":1,"name":"Home","item":"https:\/\/plg-pllc.com\/es\/"},{"@type":"ListItem","position":2,"name":"Newcastle Personal Injury Lawyer","item":"https:\/\/plg-pllc.com\/es\/newcastle\/personal-injury-lawyer\/"},{"@type":"ListItem","position":3,"name":"Newcastle Car Accident Lawyer"}]},{"@type":"WebSite","@id":"https:\/\/plg-pllc.com\/#website","url":"https:\/\/plg-pllc.com\/","name":"Grupo de abogados Premier","description":"Abogado de muerte por negligencia y lesiones graves en Washington","publisher":{"@id":"https:\/\/plg-pllc.com\/#organization"},"inLanguage":"es"},{"@type":"Organization","@id":"https:\/\/plg-pllc.com\/#organization","name":"Grupo de abogados Premier","url":"https:\/\/plg-pllc.com\/","logo":{"@type":"ImageObject","inLanguage":"es","@id":"https:\/\/plg-pllc.com\/#\/schema\/logo\/image\/","url":"https:\/\/plg-pllc.com\/wp-content\/uploads\/2020\/10\/plg-logo-v2.gif","contentUrl":"https:\/\/plg-pllc.com\/wp-content\/uploads\/2020\/10\/plg-logo-v2.gif","width":592,"height":191,"caption":"Premier Law Group"},"image":{"@id":"https:\/\/plg-pllc.com\/#\/schema\/logo\/image\/"},"sameAs":["https:\/\/www.facebook.com\/premierlawgroup","https:\/\/x.com\/premierlawgroup"]}]}},"_links":{"self":[{"href":"https:\/\/plg-pllc.com\/es\/wp-json\/wp\/v2\/pages\/21735","targetHints":{"allow":["GET"]}}],"collection":[{"href":"https:\/\/plg-pllc.com\/es\/wp-json\/wp\/v2\/pages"}],"about":[{"href":"https:\/\/plg-pllc.com\/es\/wp-json\/wp\/v2\/types\/page"}],"author":[{"embeddable":true,"href":"https:\/\/plg-pllc.com\/es\/wp-json\/wp\/v2\/users\/60"}],"replies":[{"embeddable":true,"href":"https:\/\/plg-pllc.com\/es\/wp-json\/wp\/v2\/comments?post=21735"}],"version-history":[{"count":0,"href":"https:\/\/plg-pllc.com\/es\/wp-json\/wp\/v2\/pages\/21735\/revisions"}],"up":[{"embeddable":true,"href":"https:\/\/plg-pllc.com\/es\/wp-json\/wp\/v2\/pages\/20283"}],"wp:attachment":[{"href":"https:\/\/plg-pllc.com\/es\/wp-json\/wp\/v2\/media?parent=21735"}],"wp:term":[{"taxonomy":"hc_faqs","embeddable":true,"href":"https:\/\/plg-pllc.com\/es\/wp-json\/wp\/v2\/hc_faqs?post=21735"}],"curies":[{"name":"gracias","href":"https:\/\/api.w.org\/{rel}","templated":true}]}}