{"id":21736,"date":"2026-04-14T06:54:24","date_gmt":"2026-04-14T13:54:24","guid":{"rendered":"https:\/\/plg-pllc.com\/?page_id=21736"},"modified":"2026-04-15T17:07:38","modified_gmt":"2026-04-16T00:07:38","slug":"faqs-how-long-does-a-personal-injury-lawsuit-take","status":"publish","type":"page","link":"https:\/\/plg-pllc.com\/es\/faqs\/how-long-does-a-personal-injury-lawsuit-take\/","title":{"rendered":"\u00bfCu\u00e1nto tiempo dura una demanda por lesiones personales?"},"content":{"rendered":"<p><span style=\"font-weight: 400;\">\u00bfCu\u00e1nto tiempo dura una demanda por lesiones personales? <\/span><b>No existe una duraci\u00f3n fija para una demanda por lesiones.<\/b>. <span style=\"font-weight: 400;\">Cada caso es \u00fanico. Algunos se resuelven sin juicio. Cuando no es posible llegar a un acuerdo, la demanda pasa por las fases previa al juicio y durante el juicio, y diversos factores influyen en la duraci\u00f3n de dichas fases.\u00a0<\/span><\/p>\n<p><span style=\"font-weight: 400;\">A <\/span><a href=\"https:\/\/plg-pllc.com\/\"><span style=\"font-weight: 400;\">Abogado de lesiones personales en Bellevue<\/span><\/a><span style=\"font-weight: 400;\"> puede ayudar a que su demanda se tramite de la manera m\u00e1s eficiente posible.<\/span><\/p>\n<h2>C\u00f3mo determinar si usted tiene un caso<\/h2>\n<p><span style=\"font-weight: 400;\">Si usted resulta herido por la negligencia de otra persona, puede <\/span><a href=\"https:\/\/plg-pllc.com\/blog\/do-i-have-a-personal-injury-case\/\"><span style=\"font-weight: 400;\">Tengo un caso de lesiones personales<\/span><\/a><span style=\"font-weight: 400;\">. El primer paso que debes dar es recibir atenci\u00f3n m\u00e9dica. Documenta tus lesiones y sigue las indicaciones del tratamiento.\u00a0<\/span><\/p>\n<p><span style=\"font-weight: 400;\">Luego, puede hablar con un abogado especializado en lesiones personales para confirmar la causa de su lesi\u00f3n. <\/span><a href=\"https:\/\/plg-pllc.com\/faqs\/what-is-negligence\/\"><span style=\"font-weight: 400;\">es negligencia<\/span><\/a><span style=\"font-weight: 400;\">, y la parte culpable es responsable de los da\u00f1os.<\/span><\/p>\n<h2>Pasos en un proceso de reclamaci\u00f3n por lesiones personales<\/h2>\n<p><span style=\"font-weight: 400;\">El siguiente paso en <\/span><a href=\"https:\/\/plg-pllc.com\/faqs\/what-is-the-process-of-a-personal-injury-case\/\"><span style=\"font-weight: 400;\">el proceso de un caso de lesiones personales<\/span><\/a><span style=\"font-weight: 400;\"> La investigaci\u00f3n del accidente es fundamental. Un abogado con experiencia puede realizar un examen exhaustivo del incidente que provoc\u00f3 sus lesiones. El objetivo de este paso es confirmar la identidad de la parte responsable y reunir pruebas que respalden su reclamaci\u00f3n de indemnizaci\u00f3n. Por lo general, la demanda se presenta contra la compa\u00f1\u00eda de seguros que representa a dicha parte.<\/span><\/p>\n<p><span style=\"font-weight: 400;\">Un abogado tambi\u00e9n puede valorar con precisi\u00f3n sus p\u00e9rdidas. No permita que las compa\u00f1\u00edas de seguros decidan el valor de su reclamaci\u00f3n. Suelen minimizar sus lesiones y sus p\u00e9rdidas.<\/span><\/p>\n<p><span style=\"font-weight: 400;\">A continuaci\u00f3n, debes enviar una carta a los representantes de la otra parte indic\u00e1ndoles la cantidad de la indemnizaci\u00f3n que reclamas.<\/span><\/p>\n<h2>Formas de resolver una reclamaci\u00f3n por lesiones personales<\/h2>\n<p><span style=\"font-weight: 400;\">Su reclamaci\u00f3n puede resolverse mediante un acuerdo, evitando la necesidad de una demanda por lesiones personales. Aunque no hay un plazo fijo para <\/span><a href=\"https:\/\/plg-pllc.com\/faqs\/how-long-does-it-take-to-settle\/\"><span style=\"font-weight: 400;\">Cu\u00e1nto tiempo tarda en asentarse<\/span><\/a><span style=\"font-weight: 400;\">, Si la otra parte acepta su demanda, la resoluci\u00f3n suele ser bastante r\u00e1pida. Las compa\u00f1\u00edas de seguros generalmente deben pagar en un plazo de 6 semanas.<\/span><\/p>\n<p><span style=\"font-weight: 400;\">De lo contrario, su abogado puede negociar una indemnizaci\u00f3n. La disposici\u00f3n de la otra parte para avanzar en las negociaciones, participar de forma productiva y evitar t\u00e1cticas dilatorias influye en la rapidez con que se resuelva su reclamaci\u00f3n. Si la otra parte se muestra reacia a cooperar o a ofrecer un acuerdo justo, usted puede optar por buscar justicia mediante una demanda por lesiones personales.<\/span><\/p>\n\n        <div class=\"rs-content-cta long\">\n            <p>Para una consulta legal GRATUITA, llame al <a href=\"tel:+12062851743\">(206) 285-1743 <\/a><\/p>\n            <a href=\"https:\/\/plg-pllc.com\/es\/contact-us\/\" title=\"OBTENGA UNA EVALUACI\u00d3N DE CASO GRATUITA\" class=\"btn-global\">OBTENGA UNA EVALUACI\u00d3N DE CASO GRATUITA<\/a>\n                    <picture>\n                            <source srcset=\"https:\/\/plg-pllc.com\/wp-content\/themes\/plg-pllc-redesign\/assets\/app\/img\/cta-thumb.webp\" type=\"image\/webp\"\/>\n                            <img src=\"https:\/\/plg-pllc.com\/wp-content\/themes\/plg-pllc-redesign\/assets\/app\/img\/cta-thumb.png\" alt=\"Grupo de abogados Premier\" title=\"Grupo de abogados Premier\" width=\"245\" height=\"220\" loading=\"auto\" fetchpriority=\"auto\" decoding=\"async\"\/>\n        <\/picture>\n        \n        <\/div><h2>Pasos en el proceso de demanda por lesiones personales<\/h2>\n<p><span style=\"font-weight: 400;\">Primero, debe presentar una demanda por lesiones personales ante el tribunal dentro del plazo de prescripci\u00f3n del estado de Washington, que es de tres a\u00f1os para la mayor\u00eda de las situaciones de lesiones personales, seg\u00fan <\/span><a href=\"https:\/\/app.leg.wa.gov\/rcw\/default.aspx?cite=4.16.080\/\" target=\"_blank\" rel=\"noopener\"><span style=\"font-weight: 400;\">Ley de Armas Reconstructivas 4.16.080<\/span><\/a><span style=\"font-weight: 400;\">. Al contactar r\u00e1pidamente con un abogado despu\u00e9s del accidente, evitar\u00e1 perder este plazo legal.\u00a0<\/span><\/p>\n<p><span style=\"font-weight: 400;\">Luego, su demanda pasa por la fase previa al juicio. Durante la fase de descubrimiento de pruebas, las partes intercambian evidencias, toman declaraciones de testigos y presentan mociones previas al juicio. Entre otras razones, se pueden presentar mociones para que se declare la admisibilidad o inadmisibilidad de ciertas pruebas.<\/span><\/p>\n<p><span style=\"font-weight: 400;\">El tribunal puede ordenar la mediaci\u00f3n. Durante la mediaci\u00f3n, un mediador designado por el tribunal trabaja para ayudar a las partes a llegar a un acuerdo y evitar el estr\u00e9s de un juicio.<\/span><\/p>\n<p><span style=\"font-weight: 400;\">Lo m\u00e1s probable es que los abogados tengan que asistir a las audiencias preliminares con el juez durante esta fase. La duraci\u00f3n de un juicio por lesiones personales depende en gran medida de la duraci\u00f3n de estas fases previas al juicio.<\/span><\/p>\n<h3>La fase de prueba<\/h3>\n<p><span style=\"font-weight: 400;\">A menudo, la fase de juicio propiamente dicha es la m\u00e1s corta. Los juicios suelen durar d\u00edas o semanas, mientras que las etapas previas al juicio pueden extenderse durante meses o incluso a\u00f1os. El juicio comienza con la presentaci\u00f3n de las alegaciones iniciales de cada parte. Posteriormente, las partes presentan sus pruebas ante el juez y el jurado, y concluyen el juicio con sus alegatos finales.\u00a0<\/span><\/p>\n<p><span style=\"font-weight: 400;\">Posteriormente, el jurado delibera y emite un veredicto. Si el veredicto le es favorable, probablemente recibir\u00e1 su indemnizaci\u00f3n en un plazo de 6 semanas. Si la parte culpable apela la decisi\u00f3n, el pago puede demorarse m\u00e1s.<\/span><\/p>\n<h2>Factores que influyen en la duraci\u00f3n de una demanda por lesiones personales<\/h2>\n<p><span style=\"font-weight: 400;\">Diversos factores influyen en la duraci\u00f3n de una demanda por lesiones personales. Entre ellos se incluyen problemas m\u00e9dicos, t\u00e1cticas de la compa\u00f1\u00eda de seguros, aspectos pr\u00e1cticos del proceso judicial, la experiencia del abogado y la complejidad del accidente.<\/span><\/p>\n<h3>Problemas m\u00e9dicos<\/h3>\n<p><span style=\"font-weight: 400;\">La gravedad de sus lesiones afecta la cuant\u00eda de la indemnizaci\u00f3n. Dicha cuant\u00eda no podr\u00e1 determinarse hasta que se conozca su m\u00e1xima mejor\u00eda m\u00e9dica (MMI).<\/span><\/p>\n<p><span style=\"font-weight: 400;\">Puede llevar tiempo determinarlo. Adem\u00e1s, necesitas pruebas que demuestren tus lesiones. A veces, obtener esa documentaci\u00f3n m\u00e9dica oficial es un proceso lento.<\/span><\/p>\n<h3>T\u00e1cticas de las compa\u00f1\u00edas de seguros<\/h3>\n<p><span style=\"font-weight: 400;\">Las compa\u00f1\u00edas de seguros pueden demorar la respuesta a su reclamaci\u00f3n o impugnarla mediante disputas despu\u00e9s de llevar a cabo su propia investigaci\u00f3n del accidente.<\/span><\/p>\n<p><span style=\"font-weight: 400;\">Estas empresas no tienen prisa por pagar. Pueden recurrir a t\u00e1cticas dilatorias para desgastarte y conseguir que aceptes un acuerdo menor con tal de poner fin a la situaci\u00f3n.\u00a0<\/span><\/p>\n<h3>Aspectos pr\u00e1cticos del tribunal<\/h3>\n<p><span style=\"font-weight: 400;\">La duraci\u00f3n del juicio tambi\u00e9n depende de aspectos pr\u00e1cticos espec\u00edficos de cada tribunal. La agenda del juez y los d\u00edas festivos judiciales afectan las fechas. Algunos tribunales tienen una gran acumulaci\u00f3n de casos, por lo que el suyo podr\u00eda tardar mucho tiempo en comenzar. Cuanto m\u00e1s tarden los casos que le preceden, m\u00e1s tardar\u00e1 el suyo en iniciarse.<\/span><\/p>\n<h3>Experiencia como abogado<\/h3>\n<p><span style=\"font-weight: 400;\">Un abogado con experiencia sabe c\u00f3mo desenvolverse en el sistema judicial. Colaborar con un equipo familiarizado con las leyes del estado de Washington, las pr\u00e1cticas de las compa\u00f1\u00edas de seguros y las particularidades de los tribunales pertinentes le permitir\u00e1 gestionar su caso de manera m\u00e1s eficiente.<\/span><\/p>\n<h3>Complejidades de los accidentes<\/h3>\n<p><span style=\"font-weight: 400;\">La complejidad del accidente tambi\u00e9n es importante. Si hay varias partes involucradas, estas intentar\u00e1n defender sus propios intereses. Tratar\u00e1n de eludir su responsabilidad y culpar a otros. Desentra\u00f1ar los detalles de la negligencia puede llevar tiempo.\u00a0<\/span><\/p>\n<h2>Por qu\u00e9 importan las determinaciones espec\u00edficas de negligencia<\/h2>\n<p><span style=\"font-weight: 400;\">El estado de Washington sigue un sistema de negligencia comparativa pura para demandas por lesiones personales, seg\u00fan <\/span><a href=\"https:\/\/app.leg.wa.gov\/rcw\/default.aspx?cite=4.22&amp;full=true#4.22.005\" target=\"_blank\" rel=\"noopener\"><span style=\"font-weight: 400;\">Ley de la Rep\u00fablica de Irlanda 4.22.005<\/span><\/a><span style=\"font-weight: 400;\">. Seg\u00fan estas leyes, las v\u00edctimas pueden demandar por da\u00f1os relacionados con accidentes incluso si tienen alguna responsabilidad en el suceso.<\/span><\/p>\n<p><span style=\"font-weight: 400;\">El sistema de negligencia comparativa pura responsabiliza a las v\u00edctimas en funci\u00f3n del porcentaje de culpa que les corresponda, reduciendo la indemnizaci\u00f3n en proporci\u00f3n a dicho porcentaje. Si usted es responsable en un 20% de un accidente, recibir\u00e1 el 80% de la indemnizaci\u00f3n calculada. En una reclamaci\u00f3n con m\u00faltiples partes, determinar qui\u00e9n debe qu\u00e9 puede prolongar el tiempo necesario para llegar a una resoluci\u00f3n.<\/span><\/p>\n<h2>Podemos gestionar su demanda por lesiones personales de principio a fin.<\/h2>\n<p><span style=\"font-weight: 400;\">El equipo de Premier Law Group tiene<\/span><b> M\u00e1s de 55 a\u00f1os de experiencia legal combinada<\/b>.<span style=\"font-weight: 400;\"> P\u00f3ngase en contacto con nosotros hoy mismo para programar una revisi\u00f3n gratuita de su caso con un abogado especializado en lesiones personales.<\/span><\/p>\n<p><span style=\"font-weight: 400;\">Puede que no podamos precisar cu\u00e1nto tiempo dura cada demanda por lesiones personales, pero conocemos el sistema y trabajaremos para que su caso avance en el proceso lo m\u00e1s r\u00e1pido posible.<\/span><\/p>\n\n        <div class=\"rs-content-cta\">\n            <p>Llamar o enviar mensaje de texto <a href=\"tel:+12062851743\">(206) 285-1743<\/a> o complete un formulario de evaluaci\u00f3n de caso gratuito<\/p>\n            <a href=\"https:\/\/plg-pllc.com\/es\/contact-us\/\" title=\"OBTENGA UNA EVALUACI\u00d3N DE CASO GRATUITA\" class=\"btn-global\">OBTENGA UNA EVALUACI\u00d3N DE CASO GRATUITA<\/a>\n                    <picture>\n                            <source srcset=\"https:\/\/plg-pllc.com\/wp-content\/themes\/plg-pllc-redesign\/assets\/app\/img\/cta-thumb.webp\" type=\"image\/webp\"\/>\n                            <img src=\"https:\/\/plg-pllc.com\/wp-content\/themes\/plg-pllc-redesign\/assets\/app\/img\/cta-thumb.png\" alt=\"Grupo de abogados Premier\" title=\"Grupo de abogados Premier\" width=\"245\" height=\"220\" loading=\"auto\" fetchpriority=\"auto\" decoding=\"async\"\/>\n        <\/picture>\n        \n        <\/div>","protected":false},"excerpt":{"rendered":"<p>\u00bfCu\u00e1nto dura una demanda por lesiones personales? No existe una duraci\u00f3n fija para una demanda por lesiones. Cada caso es \u00fanico. Algunos se resuelven sin juicio. Cuando no es posible llegar a un acuerdo, la demanda pasa por las fases previa al juicio y durante el juicio, y diversos factores influyen en la duraci\u00f3n de estas fases. Un abogado especializado en lesiones personales de Bellevue puede ayudarle\u2026<\/p>","protected":false},"author":60,"featured_media":21737,"parent":20714,"menu_order":0,"comment_status":"closed","ping_status":"closed","template":"","meta":{"_acf_changed":false,"_genesis_hide_title":false,"_genesis_hide_breadcrumbs":false,"_genesis_hide_singular_image":false,"_genesis_hide_footer_widgets":false,"_genesis_custom_body_class":"","_genesis_custom_post_class":"","_genesis_layout":"","footnotes":""},"hc_faqs":[10354],"class_list":{"0":"post-21736","1":"page","2":"type-page","3":"status-publish","4":"has-post-thumbnail","6":"hc_faqs-personal-injury","7":"entry"},"acf":[],"yoast_head":"<!-- This site is optimized with the Yoast SEO plugin v27.4 - https:\/\/yoast.com\/product\/yoast-seo-wordpress\/ -->\n<title>How Long Do Personal Injury Lawsuits Take? | Premier Law Group<\/title>\n<meta name=\"description\" content=\"How long does a personal injury lawsuit take? Find out from the dedicated team at Premier Law Group. Call for a free consultation.\" \/>\n<meta name=\"robots\" content=\"index, follow, max-snippet:-1, max-image-preview:large, max-video-preview:-1\" \/>\n<link rel=\"canonical\" href=\"https:\/\/plg-pllc.com\/es\/faqs\/how-long-does-a-personal-injury-lawsuit-take\/\" \/>\n<meta property=\"og:locale\" content=\"es_MX\" \/>\n<meta property=\"og:type\" content=\"article\" \/>\n<meta property=\"og:title\" content=\"How Long Do Personal Injury Lawsuits Take? | Premier Law Group\" \/>\n<meta property=\"og:description\" content=\"How long does a personal injury lawsuit take? Find out from the dedicated team at Premier Law Group. Call for a free consultation.\" \/>\n<meta property=\"og:url\" content=\"https:\/\/plg-pllc.com\/es\/faqs\/how-long-does-a-personal-injury-lawsuit-take\/\" \/>\n<meta property=\"og:site_name\" content=\"Premier Law Group\" \/>\n<meta property=\"article:publisher\" content=\"https:\/\/www.facebook.com\/premierlawgroup\" \/>\n<meta property=\"article:modified_time\" content=\"2026-04-16T00:07:38+00:00\" \/>\n<meta property=\"og:image\" content=\"https:\/\/plg-pllc.com\/wp-content\/uploads\/2026\/04\/how-long-does-a-personal-injury-lawsuit-take.jpg\" \/>\n\t<meta property=\"og:image:width\" content=\"1000\" \/>\n\t<meta property=\"og:image:height\" content=\"666\" \/>\n\t<meta property=\"og:image:type\" content=\"image\/jpeg\" \/>\n<meta name=\"twitter:card\" content=\"summary_large_image\" \/>\n<meta name=\"twitter:site\" content=\"@premierlawgroup\" \/>\n<meta name=\"twitter:label1\" content=\"Tiempo de lectura\" \/>\n\t<meta name=\"twitter:data1\" content=\"5 minutos\" \/>\n<script type=\"application\/ld+json\" class=\"yoast-schema-graph\">{\"@context\":\"https:\\\/\\\/schema.org\",\"@graph\":[{\"@type\":\"WebPage\",\"@id\":\"https:\\\/\\\/plg-pllc.com\\\/faqs\\\/how-long-does-a-personal-injury-lawsuit-take\\\/\",\"url\":\"https:\\\/\\\/plg-pllc.com\\\/faqs\\\/how-long-does-a-personal-injury-lawsuit-take\\\/\",\"name\":\"How Long Do Personal Injury Lawsuits Take? | Premier Law Group\",\"isPartOf\":{\"@id\":\"https:\\\/\\\/plg-pllc.com\\\/#website\"},\"primaryImageOfPage\":{\"@id\":\"https:\\\/\\\/plg-pllc.com\\\/faqs\\\/how-long-does-a-personal-injury-lawsuit-take\\\/#primaryimage\"},\"image\":{\"@id\":\"https:\\\/\\\/plg-pllc.com\\\/faqs\\\/how-long-does-a-personal-injury-lawsuit-take\\\/#primaryimage\"},\"thumbnailUrl\":\"https:\\\/\\\/plg-pllc.com\\\/wp-content\\\/uploads\\\/2026\\\/04\\\/how-long-does-a-personal-injury-lawsuit-take.jpg\",\"datePublished\":\"2026-04-14T13:54:24+00:00\",\"dateModified\":\"2026-04-16T00:07:38+00:00\",\"description\":\"How long does a personal injury lawsuit take? Find out from the dedicated team at Premier Law Group. Call for a free consultation.\",\"breadcrumb\":{\"@id\":\"https:\\\/\\\/plg-pllc.com\\\/faqs\\\/how-long-does-a-personal-injury-lawsuit-take\\\/#breadcrumb\"},\"inLanguage\":\"es\",\"potentialAction\":[{\"@type\":\"ReadAction\",\"target\":[\"https:\\\/\\\/plg-pllc.com\\\/faqs\\\/how-long-does-a-personal-injury-lawsuit-take\\\/\"]}]},{\"@type\":\"ImageObject\",\"inLanguage\":\"es\",\"@id\":\"https:\\\/\\\/plg-pllc.com\\\/faqs\\\/how-long-does-a-personal-injury-lawsuit-take\\\/#primaryimage\",\"url\":\"https:\\\/\\\/plg-pllc.com\\\/wp-content\\\/uploads\\\/2026\\\/04\\\/how-long-does-a-personal-injury-lawsuit-take.jpg\",\"contentUrl\":\"https:\\\/\\\/plg-pllc.com\\\/wp-content\\\/uploads\\\/2026\\\/04\\\/how-long-does-a-personal-injury-lawsuit-take.jpg\",\"width\":1000,\"height\":666,\"caption\":\"A gavel on a table in front of two plaintiffs. How long does a personal injury lawsuit take?\"},{\"@type\":\"BreadcrumbList\",\"@id\":\"https:\\\/\\\/plg-pllc.com\\\/faqs\\\/how-long-does-a-personal-injury-lawsuit-take\\\/#breadcrumb\",\"itemListElement\":[{\"@type\":\"ListItem\",\"position\":1,\"name\":\"Home\",\"item\":\"https:\\\/\\\/plg-pllc.com\\\/es\\\/\"},{\"@type\":\"ListItem\",\"position\":2,\"name\":\"FAQs\",\"item\":\"https:\\\/\\\/plg-pllc.com\\\/es\\\/faqs\\\/\"},{\"@type\":\"ListItem\",\"position\":3,\"name\":\"How Long Does a Personal Injury Lawsuit Take\"}]},{\"@type\":\"WebSite\",\"@id\":\"https:\\\/\\\/plg-pllc.com\\\/#website\",\"url\":\"https:\\\/\\\/plg-pllc.com\\\/\",\"name\":\"Premier Law Group\",\"description\":\"Washington Wrongful Death and Serious Injury Lawyer\",\"publisher\":{\"@id\":\"https:\\\/\\\/plg-pllc.com\\\/#organization\"},\"inLanguage\":\"es\"},{\"@type\":\"Organization\",\"@id\":\"https:\\\/\\\/plg-pllc.com\\\/#organization\",\"name\":\"Premier Law Group\",\"url\":\"https:\\\/\\\/plg-pllc.com\\\/\",\"logo\":{\"@type\":\"ImageObject\",\"inLanguage\":\"es\",\"@id\":\"https:\\\/\\\/plg-pllc.com\\\/#\\\/schema\\\/logo\\\/image\\\/\",\"url\":\"https:\\\/\\\/plg-pllc.com\\\/wp-content\\\/uploads\\\/2020\\\/10\\\/plg-logo-v2.gif\",\"contentUrl\":\"https:\\\/\\\/plg-pllc.com\\\/wp-content\\\/uploads\\\/2020\\\/10\\\/plg-logo-v2.gif\",\"width\":592,\"height\":191,\"caption\":\"Premier Law Group\"},\"image\":{\"@id\":\"https:\\\/\\\/plg-pllc.com\\\/#\\\/schema\\\/logo\\\/image\\\/\"},\"sameAs\":[\"https:\\\/\\\/www.facebook.com\\\/premierlawgroup\",\"https:\\\/\\\/x.com\\\/premierlawgroup\"]}]}<\/script>\n<!-- \/ Yoast SEO plugin. -->","yoast_head_json":{"title":"\u00bfCu\u00e1nto tiempo duran las demandas por lesiones personales? | Premier Law Group","description":"\u00bfCu\u00e1nto tiempo dura una demanda por lesiones personales? Inf\u00f3rmese con el equipo especializado de Premier Law Group. Llame para una consulta gratuita.","robots":{"index":"index","follow":"follow","max-snippet":"max-snippet:-1","max-image-preview":"max-image-preview:large","max-video-preview":"max-video-preview:-1"},"canonical":"https:\/\/plg-pllc.com\/es\/faqs\/how-long-does-a-personal-injury-lawsuit-take\/","og_locale":"es_MX","og_type":"article","og_title":"How Long Do Personal Injury Lawsuits Take? | Premier Law Group","og_description":"How long does a personal injury lawsuit take? Find out from the dedicated team at Premier Law Group. Call for a free consultation.","og_url":"https:\/\/plg-pllc.com\/es\/faqs\/how-long-does-a-personal-injury-lawsuit-take\/","og_site_name":"Premier Law Group","article_publisher":"https:\/\/www.facebook.com\/premierlawgroup","article_modified_time":"2026-04-16T00:07:38+00:00","og_image":[{"width":1000,"height":666,"url":"https:\/\/plg-pllc.com\/wp-content\/uploads\/2026\/04\/how-long-does-a-personal-injury-lawsuit-take.jpg","type":"image\/jpeg"}],"twitter_card":"summary_large_image","twitter_site":"@premierlawgroup","twitter_misc":{"Tiempo de lectura":"5 minutos"},"schema":{"@context":"https:\/\/schema.org","@graph":[{"@type":"WebPage","@id":"https:\/\/plg-pllc.com\/faqs\/how-long-does-a-personal-injury-lawsuit-take\/","url":"https:\/\/plg-pllc.com\/faqs\/how-long-does-a-personal-injury-lawsuit-take\/","name":"\u00bfCu\u00e1nto tiempo duran las demandas por lesiones personales? | Premier Law Group","isPartOf":{"@id":"https:\/\/plg-pllc.com\/#website"},"primaryImageOfPage":{"@id":"https:\/\/plg-pllc.com\/faqs\/how-long-does-a-personal-injury-lawsuit-take\/#primaryimage"},"image":{"@id":"https:\/\/plg-pllc.com\/faqs\/how-long-does-a-personal-injury-lawsuit-take\/#primaryimage"},"thumbnailUrl":"https:\/\/plg-pllc.com\/wp-content\/uploads\/2026\/04\/how-long-does-a-personal-injury-lawsuit-take.jpg","datePublished":"2026-04-14T13:54:24+00:00","dateModified":"2026-04-16T00:07:38+00:00","description":"\u00bfCu\u00e1nto tiempo dura una demanda por lesiones personales? Inf\u00f3rmese con el equipo especializado de Premier Law Group. Llame para una consulta gratuita.","breadcrumb":{"@id":"https:\/\/plg-pllc.com\/faqs\/how-long-does-a-personal-injury-lawsuit-take\/#breadcrumb"},"inLanguage":"es","potentialAction":[{"@type":"ReadAction","target":["https:\/\/plg-pllc.com\/faqs\/how-long-does-a-personal-injury-lawsuit-take\/"]}]},{"@type":"ImageObject","inLanguage":"es","@id":"https:\/\/plg-pllc.com\/faqs\/how-long-does-a-personal-injury-lawsuit-take\/#primaryimage","url":"https:\/\/plg-pllc.com\/wp-content\/uploads\/2026\/04\/how-long-does-a-personal-injury-lawsuit-take.jpg","contentUrl":"https:\/\/plg-pllc.com\/wp-content\/uploads\/2026\/04\/how-long-does-a-personal-injury-lawsuit-take.jpg","width":1000,"height":666,"caption":"A gavel on a table in front of two plaintiffs. How long does a personal injury lawsuit take?"},{"@type":"BreadcrumbList","@id":"https:\/\/plg-pllc.com\/faqs\/how-long-does-a-personal-injury-lawsuit-take\/#breadcrumb","itemListElement":[{"@type":"ListItem","position":1,"name":"Home","item":"https:\/\/plg-pllc.com\/es\/"},{"@type":"ListItem","position":2,"name":"FAQs","item":"https:\/\/plg-pllc.com\/es\/faqs\/"},{"@type":"ListItem","position":3,"name":"How Long Does a Personal Injury Lawsuit Take"}]},{"@type":"WebSite","@id":"https:\/\/plg-pllc.com\/#website","url":"https:\/\/plg-pllc.com\/","name":"Grupo de abogados Premier","description":"Abogado de muerte por negligencia y lesiones graves en Washington","publisher":{"@id":"https:\/\/plg-pllc.com\/#organization"},"inLanguage":"es"},{"@type":"Organization","@id":"https:\/\/plg-pllc.com\/#organization","name":"Grupo de abogados Premier","url":"https:\/\/plg-pllc.com\/","logo":{"@type":"ImageObject","inLanguage":"es","@id":"https:\/\/plg-pllc.com\/#\/schema\/logo\/image\/","url":"https:\/\/plg-pllc.com\/wp-content\/uploads\/2020\/10\/plg-logo-v2.gif","contentUrl":"https:\/\/plg-pllc.com\/wp-content\/uploads\/2020\/10\/plg-logo-v2.gif","width":592,"height":191,"caption":"Premier Law Group"},"image":{"@id":"https:\/\/plg-pllc.com\/#\/schema\/logo\/image\/"},"sameAs":["https:\/\/www.facebook.com\/premierlawgroup","https:\/\/x.com\/premierlawgroup"]}]}},"_links":{"self":[{"href":"https:\/\/plg-pllc.com\/es\/wp-json\/wp\/v2\/pages\/21736","targetHints":{"allow":["GET"]}}],"collection":[{"href":"https:\/\/plg-pllc.com\/es\/wp-json\/wp\/v2\/pages"}],"about":[{"href":"https:\/\/plg-pllc.com\/es\/wp-json\/wp\/v2\/types\/page"}],"author":[{"embeddable":true,"href":"https:\/\/plg-pllc.com\/es\/wp-json\/wp\/v2\/users\/60"}],"replies":[{"embeddable":true,"href":"https:\/\/plg-pllc.com\/es\/wp-json\/wp\/v2\/comments?post=21736"}],"version-history":[{"count":0,"href":"https:\/\/plg-pllc.com\/es\/wp-json\/wp\/v2\/pages\/21736\/revisions"}],"up":[{"embeddable":true,"href":"https:\/\/plg-pllc.com\/es\/wp-json\/wp\/v2\/pages\/20714"}],"wp:featuredmedia":[{"embeddable":true,"href":"https:\/\/plg-pllc.com\/es\/wp-json\/wp\/v2\/media\/21737"}],"wp:attachment":[{"href":"https:\/\/plg-pllc.com\/es\/wp-json\/wp\/v2\/media?parent=21736"}],"wp:term":[{"taxonomy":"hc_faqs","embeddable":true,"href":"https:\/\/plg-pllc.com\/es\/wp-json\/wp\/v2\/hc_faqs?post=21736"}],"curies":[{"name":"gracias","href":"https:\/\/api.w.org\/{rel}","templated":true}]}}