{"id":21755,"date":"2026-04-28T16:26:50","date_gmt":"2026-04-28T23:26:50","guid":{"rendered":"https:\/\/plg-pllc.com\/?page_id=21755"},"modified":"2026-05-04T16:33:42","modified_gmt":"2026-05-04T23:33:42","slug":"auburn-car-accident-lawyer","status":"publish","type":"page","link":"https:\/\/plg-pllc.com\/es\/auburn\/car-accident-lawyer\/","title":{"rendered":"Abogado de accidentes de tr\u00e1fico en Auburn"},"content":{"rendered":"<p><span style=\"font-weight: 400;\">En Auburn, los accidentes ocurren a diario, ya sea en el centro de la ciudad, cerca de la intersecci\u00f3n de E. Main Street y Auburn Way, o a lo largo de las carreteras estatales SR 167 o SR 18. Las v\u00edctimas de estos accidentes suelen enfrentarse a un grave riesgo de lesiones e incluso de muerte, especialmente cuando el otro veh\u00edculo involucrado es un cami\u00f3n o un SUV de gran tama\u00f1o.<\/span><\/p>\n<p><span style=\"font-weight: 400;\">En estas situaciones, no se limite a llegar a un acuerdo. Acuda a Premier Law Group y a nuestros <\/span><b>abogado de accidentes automovil\u00edsticos de Auburn<\/b><span style=\"font-weight: 400;\"> Para una consulta gratuita. Perm\u00edtanos asegurarnos de que reciba un trato justo. Nuestros <\/span><a href=\"https:\/\/plg-pllc.com\/auburn\/personal-injury-lawyer\/\"><span style=\"font-weight: 400;\">abogado de lesiones personales de Auburn<\/span><\/a><span style=\"font-weight: 400;\"> ha recuperado $100 millones para nuestros clientes.<\/span><\/p>\n<h2>Tipos de accidentes de tr\u00e1fico que atendemos en Auburn<\/h2>\n<p><span style=\"font-weight: 400;\">Nuestra amplia experiencia nos permite gestionar la mayor\u00eda de los tipos de accidentes de tr\u00e1fico, incluidos los que involucran camiones, furgonetas y autobuses. Algunas de las causas m\u00e1s comunes de accidentes de camiones en nuestra zona son las siguientes, y hemos gestionado casos relacionados con todas ellas:<\/span><\/p>\n<ul>\n<li style=\"font-weight: 400;\" aria-level=\"1\"><b>Conductores distra\u00eddos<\/b>:<span style=\"font-weight: 400;\"> Normalmente, esto se debe a que los conductores usan sus tel\u00e9fonos para enviar mensajes de texto, comer o beber, o ajustar el sistema de navegaci\u00f3n.<\/span><\/li>\n<li style=\"font-weight: 400;\" aria-level=\"1\"><b>conductores que exceden la velocidad<\/b>: <span style=\"font-weight: 400;\">Debido a las autopistas y las numerosas carreteras abiertas de la zona, el exceso de velocidad es habitual. Adem\u00e1s, es una imprudencia extrema y una causa frecuente de accidentes graves.<\/span><\/li>\n<li style=\"font-weight: 400;\" aria-level=\"1\"><b>Operaci\u00f3n temeraria<\/b>: <span style=\"font-weight: 400;\">Cualquier actividad que ponga vidas en peligro o que constituya una violaci\u00f3n de la ley, incluidos los cambios de carril ilegales, saltarse sem\u00e1foros en rojo o conducir demasiado cerca del veh\u00edculo de adelante.<\/span><\/li>\n<li style=\"font-weight: 400;\" aria-level=\"1\"><b>Conducci\u00f3n bajo los efectos del alcohol<\/b>:<span style=\"font-weight: 400;\"> A menudo, esto se debe al consumo de alcohol o drogas antes de ponerse al volante, lo que dificulta que el conductor pueda detenerse.<\/span><\/li>\n<li style=\"font-weight: 400;\" aria-level=\"1\"><b>Conducci\u00f3n fatigada<\/b>:<span style=\"font-weight: 400;\"> Los conductores que circulan a altas horas de la noche o a primera hora de la ma\u00f1ana y que est\u00e1n demasiado cansados al volante pueden causar graves lesiones y p\u00e9rdidas a otros.<\/span><\/li>\n<\/ul>\n<p><span style=\"font-weight: 400;\">Nuestro abogado reunir\u00e1 pruebas de todas las fuentes, incluidos informes policiales, videovigilancia y declaraciones de testigos, para establecer la responsabilidad. Usamos esta informaci\u00f3n para identificar a cualquier tercero que tambi\u00e9n pueda ser responsable de sus lesiones y buscar una compensaci\u00f3n justa para usted como resultado. Conozca m\u00e1s sobre el fundador de Premier Law Group, <\/span><a href=\"https:\/\/plg-pllc.com\/about-us\/attorneys\/jason-epstein\/\"><span style=\"font-weight: 400;\">Jason G. Epstein<\/span><\/a><span style=\"font-weight: 400;\">, hoy.<\/span><\/p>\n<h2>La importancia de la representaci\u00f3n legal en un accidente automovil\u00edstico en Auburn<\/h2>\n<p><span style=\"font-weight: 400;\">Las v\u00edctimas de accidentes automovil\u00edsticos en nuestra \u00e1rea a menudo se benefician de la representaci\u00f3n legal, especialmente si sufren lesiones u otras p\u00e9rdidas importantes. Recomendamos a todas las partes involucradas en un accidente que consulten con un abogado antes de llegar a un acuerdo. Existen varias razones por las que usted necesita asesor\u00eda legal:<\/span><\/p>\n<ul>\n<li style=\"font-weight: 400;\" aria-level=\"1\"><span style=\"font-weight: 400;\">Las compa\u00f1\u00edas de seguros no est\u00e1n de tu lado. Ya sea que presentes una reclamaci\u00f3n contra la aseguradora de otra persona o contra la tuya, el perito trabajar\u00e1 para reducir la indemnizaci\u00f3n que te corresponde en cada caso. Por muy amables que sean, no est\u00e1n ah\u00ed para ayudarte.<\/span><\/li>\n<li style=\"font-weight: 400;\" aria-level=\"1\"><span style=\"font-weight: 400;\">Las lesiones graves conllevan p\u00e9rdidas a largo plazo que usted debe tener en cuenta en su totalidad. Esto incluye la necesidad de asistencia domiciliaria a largo plazo y la disminuci\u00f3n de su capacidad de generar ingresos. Sus p\u00e9rdidas van mucho m\u00e1s all\u00e1 de los gastos m\u00e9dicos.<\/span><\/li>\n<li style=\"font-weight: 400;\" aria-level=\"1\"><span style=\"font-weight: 400;\">Nuestra experiencia importa. Sabemos c\u00f3mo manejar los requisitos del tribunal para ganar su caso. Tambi\u00e9n tenemos una red de recursos para apoyar su recuperaci\u00f3n a largo plazo. Sabemos c\u00f3mo<\/span> <a href=\"https:\/\/www.auburnwa.gov\/city_hall\/public_works\/transportation\/road_closures_and_construction_notices\" target=\"_blank\" rel=\"noopener\"><span style=\"font-weight: 400;\">Condiciones del tr\u00e1fico en Auburn<\/span><\/a><span style=\"font-weight: 400;\"> poner a la gente en riesgo.<\/span><\/li>\n<\/ul>\n<p><span style=\"font-weight: 400;\">En cada uno de estos casos, nuestro abogado de accidentes automovil\u00edsticos de Auburn priorizar\u00e1 el mejor resultado posible para usted. Dedicamos tiempo y esfuerzo a preparar su caso, demostrar sus p\u00e9rdidas y asegurarnos de que comprenda claramente sus derechos. Adem\u00e1s, usted nunca nos paga nada por adelantado. Solo nos paga si ganamos su caso.\u00a0<\/span><\/p>\n<h2>Las lesiones graves merecen representaci\u00f3n legal.<\/h2>\n<p><span style=\"font-weight: 400;\">Contratar a nuestros abogados de accidentes automovil\u00edsticos en Auburn le brinda apoyo integral cuando m\u00e1s lo necesita. Despu\u00e9s de cualquier accidente, acuda al hospital para un examen completo. Si descubre que tiene estas u otras lesiones graves, hable con nuestro equipo legal antes de hablar con la compa\u00f1\u00eda de seguros.<\/span><\/p>\n<ul>\n<li style=\"font-weight: 400;\" aria-level=\"1\"><span style=\"font-weight: 400;\">Latigazo cervical u otras lesiones de cuello y hombro.<\/span><\/li>\n<li style=\"font-weight: 400;\" aria-level=\"1\"><span style=\"font-weight: 400;\">Huesos rotos, incluyendo aquellos con fracturas complejas.<\/span><\/li>\n<li style=\"font-weight: 400;\" aria-level=\"1\"><span style=\"font-weight: 400;\">Conmociones cerebrales y otras lesiones cerebrales traum\u00e1ticas<\/span><\/li>\n<li style=\"font-weight: 400;\" aria-level=\"1\"><span style=\"font-weight: 400;\">Las contusiones y laceraciones pueden causar hematomas importantes y heridas abiertas.<\/span><\/li>\n<li style=\"font-weight: 400;\" aria-level=\"1\"><span style=\"font-weight: 400;\">Lesiones internas, incluyendo hemorragias, perforaci\u00f3n de pulmones o da\u00f1os a otros \u00f3rganos.<\/span><\/li>\n<li style=\"font-weight: 400;\" aria-level=\"1\"><span style=\"font-weight: 400;\">Lesiones de espalda, incluyendo lesiones de la m\u00e9dula espinal, da\u00f1o nervioso o distensiones musculares.<\/span><\/li>\n<li style=\"font-weight: 400;\" aria-level=\"1\"><span style=\"font-weight: 400;\">Trauma emocional, incluyendo recuerdos intrusivos y miedo a conducir.<\/span><\/li>\n<\/ul>\n<p><span style=\"font-weight: 400;\">Si sufre lesiones graves que requieren atenci\u00f3n m\u00e9dica y le impiden llevar una vida normal, le recomendamos encarecidamente que programe una consulta gratuita con nuestros abogados de accidentes automovil\u00edsticos en Auburn para analizar su caso. Las compa\u00f1\u00edas de seguros pueden presionarlo para llegar a un acuerdo r\u00e1pidamente, pero esto se debe a que saben que estas lesiones por accidente pueden ser muy valiosas y costosas para ellas. Podemos ayudarle.<\/span><\/p>\n\n        <div class=\"rs-content-cta long\">\n            <p>Para una consulta legal GRATUITA con un abogado especializado en accidentes automovil\u00edsticos que presta servicios en Auburn, llame al <a href=\"tel:+12062851743\">(206) 285-1743 <\/a><\/p>\n            <a href=\"https:\/\/plg-pllc.com\/es\/contact-us\/\" title=\"OBTENGA UNA EVALUACI\u00d3N DE CASO GRATUITA\" class=\"btn-global\">OBTENGA UNA EVALUACI\u00d3N DE CASO GRATUITA<\/a>\n                    <picture>\n                            <source srcset=\"https:\/\/plg-pllc.com\/wp-content\/themes\/plg-pllc-redesign\/assets\/app\/img\/cta-thumb.webp\" type=\"image\/webp\"\/>\n                            <img src=\"https:\/\/plg-pllc.com\/wp-content\/themes\/plg-pllc-redesign\/assets\/app\/img\/cta-thumb.png\" alt=\"Grupo de abogados Premier\" title=\"Grupo de abogados Premier\" width=\"245\" height=\"220\" loading=\"auto\" fetchpriority=\"auto\" decoding=\"async\"\/>\n        <\/picture>\n        \n        <\/div><h2>C\u00f3mo determinamos el valor de su caso de accidente automovil\u00edstico<\/h2>\n<p><span style=\"font-weight: 400;\">El valor de su reclamaci\u00f3n por accidente automovil\u00edstico depende de numerosos factores, pero ninguno es m\u00e1s importante que comprender su responsabilidad. No podr\u00e1 obtener ninguna indemnizaci\u00f3n si no demuestra su culpa y no especifica cu\u00e1les son sus p\u00e9rdidas y qu\u00e9 determina su valor. Con la ayuda de nuestro abogado especializado en accidentes automovil\u00edsticos en Auburn, prepararemos su caso para incluir todos los da\u00f1os.<\/span><\/p>\n<ul>\n<li style=\"font-weight: 400;\" aria-level=\"1\"><b>Costos m\u00e9dicos<\/b>: <span style=\"font-weight: 400;\">Generalmente se calcula en funci\u00f3n de los gastos m\u00e9dicos de emergencia y recurrentes que usted tenga, incluidos los posibles gastos m\u00e9dicos futuros.<\/span><\/li>\n<li style=\"font-weight: 400;\" aria-level=\"1\"><b>Salarios perdidos<\/b>:<span style=\"font-weight: 400;\"> Podemos documentar estas p\u00e9rdidas mediante registros que demuestren que usted no trabaj\u00f3 y documentar cualquier bono no percibido o tiempo libre remunerado utilizado.<\/span><\/li>\n<li style=\"font-weight: 400;\" aria-level=\"1\"><b>Dolor y sufrimiento<\/b>: <span style=\"font-weight: 400;\">Aunque es m\u00e1s complejo de probar, nuestros expertos le ayudar\u00e1n a demostrar el alcance del da\u00f1o que este incidente caus\u00f3 a su bienestar f\u00edsico y mental.<\/span><\/li>\n<li style=\"font-weight: 400;\" aria-level=\"1\"><b>Da\u00f1os a la propiedad y p\u00e9rdida de bienes<\/b>: <span style=\"font-weight: 400;\">Esto incluye cualquier factura que hayas tenido relacionada con reparaciones de tu veh\u00edculo u otros bienes.<\/span><\/li>\n<li style=\"font-weight: 400;\" aria-level=\"1\"><b>Trauma emocional<\/b>: <span style=\"font-weight: 400;\">Esto incluye tanto el impacto no econ\u00f3mico en su salud mental como los costos de la atenci\u00f3n de salud mental.<\/span><\/li>\n<\/ul>\n<p><span style=\"font-weight: 400;\">Cada caso depende de nuestra capacidad para comunicar eficazmente sus p\u00e9rdidas, tanto f\u00edsicas como mentales y econ\u00f3micas, y documentar el impacto que este accidente tendr\u00e1 en su futuro. Con d\u00e9cadas de experiencia, marcamos la diferencia en la vida de nuestros clientes y sus familias.<\/span><\/p>\n<h2>Programe una consulta gratuita con nuestro abogado especializado en accidentes automovil\u00edsticos en Auburn.<\/h2>\n<p><span style=\"font-weight: 400;\">Solicite hoy mismo una consulta gratuita con Premier Law Group para hablar de su caso con nuestro equipo legal. Le explicaremos los pasos a seguir y le brindaremos orientaci\u00f3n para obtener los mejores resultados.\u00a0<\/span><\/p>\n<p><span style=\"font-weight: 400;\">Nuestro abogado especializado en accidentes de tr\u00e1fico en Auburn siempre es justo y sincero con las v\u00edctimas, y nunca le cobramos nada por adelantado por nuestros servicios legales.<\/span><\/p>\n\n        <div class=\"rs-content-cta\">\n            <p>Llamar o enviar mensaje de texto <a href=\"tel:+12062851743\">(206) 285-1743<\/a> o complete un formulario de evaluaci\u00f3n de caso gratuito<\/p>\n            <a href=\"https:\/\/plg-pllc.com\/es\/contact-us\/\" title=\"OBTENGA UNA EVALUACI\u00d3N DE CASO GRATUITA\" class=\"btn-global\">OBTENGA UNA EVALUACI\u00d3N DE CASO GRATUITA<\/a>\n                    <picture>\n                            <source srcset=\"https:\/\/plg-pllc.com\/wp-content\/themes\/plg-pllc-redesign\/assets\/app\/img\/cta-thumb.webp\" type=\"image\/webp\"\/>\n                            <img src=\"https:\/\/plg-pllc.com\/wp-content\/themes\/plg-pllc-redesign\/assets\/app\/img\/cta-thumb.png\" alt=\"Grupo de abogados Premier\" title=\"Grupo de abogados Premier\" width=\"245\" height=\"220\" loading=\"auto\" fetchpriority=\"auto\" decoding=\"async\"\/>\n        <\/picture>\n        \n        <\/div>","protected":false},"excerpt":{"rendered":"<p>En Auburn, los accidentes ocurren a diario, ya sea en el centro de la ciudad, cerca de E. Main Street y Auburn Way, o a lo largo de las carreteras estatales SR 167 o SR 18. Las v\u00edctimas de estos accidentes suelen correr un grave riesgo de sufrir lesiones e incluso la muerte, especialmente cuando el otro veh\u00edculo involucrado es un cami\u00f3n o una camioneta SUV grande. En estas situaciones, \u00bfqu\u00e9 hacer?<\/p>","protected":false},"author":60,"featured_media":0,"parent":20287,"menu_order":0,"comment_status":"closed","ping_status":"closed","template":"","meta":{"_acf_changed":false,"_genesis_hide_title":false,"_genesis_hide_breadcrumbs":false,"_genesis_hide_singular_image":false,"_genesis_hide_footer_widgets":false,"_genesis_custom_body_class":"","_genesis_custom_post_class":"","_genesis_layout":"","footnotes":""},"hc_faqs":[],"class_list":{"0":"post-21755","1":"page","2":"type-page","3":"status-publish","5":"hc_city_location-auburn","6":"entry"},"acf":[],"yoast_head":"<!-- This site is optimized with the Yoast SEO plugin v27.5 - https:\/\/yoast.com\/product\/yoast-seo-wordpress\/ -->\n<title>Car Accident Lawyer in Auburn | Free Consultation<\/title>\n<meta name=\"description\" content=\"You need an Auburn car accident lawyer to help you fight for maximum compensation for costs related to your accident. 24\/7 help.\" \/>\n<meta name=\"robots\" content=\"index, follow, max-snippet:-1, max-image-preview:large, max-video-preview:-1\" \/>\n<link rel=\"canonical\" href=\"https:\/\/plg-pllc.com\/es\/auburn\/car-accident-lawyer\/\" \/>\n<meta property=\"og:locale\" content=\"es_MX\" \/>\n<meta property=\"og:type\" content=\"article\" \/>\n<meta property=\"og:title\" content=\"Car Accident Lawyer in Auburn | Free Consultation\" \/>\n<meta property=\"og:description\" content=\"You need an Auburn car accident lawyer to help you fight for maximum compensation for costs related to your accident. 24\/7 help.\" \/>\n<meta property=\"og:url\" content=\"https:\/\/plg-pllc.com\/es\/auburn\/car-accident-lawyer\/\" \/>\n<meta property=\"og:site_name\" content=\"Premier Law Group\" \/>\n<meta property=\"article:publisher\" content=\"https:\/\/www.facebook.com\/premierlawgroup\" \/>\n<meta property=\"article:modified_time\" content=\"2026-05-04T23:33:42+00:00\" \/>\n<meta name=\"twitter:card\" content=\"summary_large_image\" \/>\n<meta name=\"twitter:site\" content=\"@premierlawgroup\" \/>\n<meta name=\"twitter:label1\" content=\"Tiempo de lectura\" \/>\n\t<meta name=\"twitter:data1\" content=\"5 minutos\" \/>\n<script type=\"application\/ld+json\" class=\"yoast-schema-graph\">{\"@context\":\"https:\\\/\\\/schema.org\",\"@graph\":[{\"@type\":\"WebPage\",\"@id\":\"https:\\\/\\\/plg-pllc.com\\\/auburn\\\/car-accident-lawyer\\\/\",\"url\":\"https:\\\/\\\/plg-pllc.com\\\/auburn\\\/car-accident-lawyer\\\/\",\"name\":\"Car Accident Lawyer in Auburn | Free Consultation\",\"isPartOf\":{\"@id\":\"https:\\\/\\\/plg-pllc.com\\\/#website\"},\"datePublished\":\"2026-04-28T23:26:50+00:00\",\"dateModified\":\"2026-05-04T23:33:42+00:00\",\"description\":\"You need an Auburn car accident lawyer to help you fight for maximum compensation for costs related to your accident. 24\\\/7 help.\",\"breadcrumb\":{\"@id\":\"https:\\\/\\\/plg-pllc.com\\\/auburn\\\/car-accident-lawyer\\\/#breadcrumb\"},\"inLanguage\":\"es\",\"potentialAction\":[{\"@type\":\"ReadAction\",\"target\":[\"https:\\\/\\\/plg-pllc.com\\\/auburn\\\/car-accident-lawyer\\\/\"]}]},{\"@type\":\"BreadcrumbList\",\"@id\":\"https:\\\/\\\/plg-pllc.com\\\/auburn\\\/car-accident-lawyer\\\/#breadcrumb\",\"itemListElement\":[{\"@type\":\"ListItem\",\"position\":1,\"name\":\"Home\",\"item\":\"https:\\\/\\\/plg-pllc.com\\\/es\\\/\"},{\"@type\":\"ListItem\",\"position\":2,\"name\":\"Auburn Personal Injury Lawyer\",\"item\":\"https:\\\/\\\/plg-pllc.com\\\/es\\\/auburn\\\/personal-injury-lawyer\\\/\"},{\"@type\":\"ListItem\",\"position\":3,\"name\":\"Auburn Car Accident Lawyer\"}]},{\"@type\":\"WebSite\",\"@id\":\"https:\\\/\\\/plg-pllc.com\\\/#website\",\"url\":\"https:\\\/\\\/plg-pllc.com\\\/\",\"name\":\"Premier Law Group\",\"description\":\"Washington Wrongful Death and Serious Injury Lawyer\",\"publisher\":{\"@id\":\"https:\\\/\\\/plg-pllc.com\\\/#organization\"},\"inLanguage\":\"es\"},{\"@type\":\"Organization\",\"@id\":\"https:\\\/\\\/plg-pllc.com\\\/#organization\",\"name\":\"Premier Law Group\",\"url\":\"https:\\\/\\\/plg-pllc.com\\\/\",\"logo\":{\"@type\":\"ImageObject\",\"inLanguage\":\"es\",\"@id\":\"https:\\\/\\\/plg-pllc.com\\\/#\\\/schema\\\/logo\\\/image\\\/\",\"url\":\"https:\\\/\\\/plg-pllc.com\\\/wp-content\\\/uploads\\\/2020\\\/10\\\/plg-logo-v2.gif\",\"contentUrl\":\"https:\\\/\\\/plg-pllc.com\\\/wp-content\\\/uploads\\\/2020\\\/10\\\/plg-logo-v2.gif\",\"width\":592,\"height\":191,\"caption\":\"Premier Law Group\"},\"image\":{\"@id\":\"https:\\\/\\\/plg-pllc.com\\\/#\\\/schema\\\/logo\\\/image\\\/\"},\"sameAs\":[\"https:\\\/\\\/www.facebook.com\\\/premierlawgroup\",\"https:\\\/\\\/x.com\\\/premierlawgroup\"]}]}<\/script>\n<!-- \/ Yoast SEO plugin. -->","yoast_head_json":{"title":"Abogado especializado en accidentes de tr\u00e1fico en Auburn | Consulta gratuita","description":"Necesitas un abogado especializado en accidentes de tr\u00e1fico en Auburn para que te ayude a conseguir la m\u00e1xima indemnizaci\u00f3n por los gastos relacionados con tu accidente. Asistencia las 24 horas, los 7 d\u00edas de la semana.","robots":{"index":"index","follow":"follow","max-snippet":"max-snippet:-1","max-image-preview":"max-image-preview:large","max-video-preview":"max-video-preview:-1"},"canonical":"https:\/\/plg-pllc.com\/es\/auburn\/car-accident-lawyer\/","og_locale":"es_MX","og_type":"article","og_title":"Car Accident Lawyer in Auburn | Free Consultation","og_description":"You need an Auburn car accident lawyer to help you fight for maximum compensation for costs related to your accident. 24\/7 help.","og_url":"https:\/\/plg-pllc.com\/es\/auburn\/car-accident-lawyer\/","og_site_name":"Premier Law Group","article_publisher":"https:\/\/www.facebook.com\/premierlawgroup","article_modified_time":"2026-05-04T23:33:42+00:00","twitter_card":"summary_large_image","twitter_site":"@premierlawgroup","twitter_misc":{"Tiempo de lectura":"5 minutos"},"schema":{"@context":"https:\/\/schema.org","@graph":[{"@type":"WebPage","@id":"https:\/\/plg-pllc.com\/auburn\/car-accident-lawyer\/","url":"https:\/\/plg-pllc.com\/auburn\/car-accident-lawyer\/","name":"Abogado especializado en accidentes de tr\u00e1fico en Auburn | Consulta gratuita","isPartOf":{"@id":"https:\/\/plg-pllc.com\/#website"},"datePublished":"2026-04-28T23:26:50+00:00","dateModified":"2026-05-04T23:33:42+00:00","description":"Necesitas un abogado especializado en accidentes de tr\u00e1fico en Auburn para que te ayude a conseguir la m\u00e1xima indemnizaci\u00f3n por los gastos relacionados con tu accidente. Asistencia las 24 horas, los 7 d\u00edas de la semana.","breadcrumb":{"@id":"https:\/\/plg-pllc.com\/auburn\/car-accident-lawyer\/#breadcrumb"},"inLanguage":"es","potentialAction":[{"@type":"ReadAction","target":["https:\/\/plg-pllc.com\/auburn\/car-accident-lawyer\/"]}]},{"@type":"BreadcrumbList","@id":"https:\/\/plg-pllc.com\/auburn\/car-accident-lawyer\/#breadcrumb","itemListElement":[{"@type":"ListItem","position":1,"name":"Home","item":"https:\/\/plg-pllc.com\/es\/"},{"@type":"ListItem","position":2,"name":"Auburn Personal Injury Lawyer","item":"https:\/\/plg-pllc.com\/es\/auburn\/personal-injury-lawyer\/"},{"@type":"ListItem","position":3,"name":"Auburn Car Accident Lawyer"}]},{"@type":"WebSite","@id":"https:\/\/plg-pllc.com\/#website","url":"https:\/\/plg-pllc.com\/","name":"Grupo de abogados Premier","description":"Abogado de muerte por negligencia y lesiones graves en Washington","publisher":{"@id":"https:\/\/plg-pllc.com\/#organization"},"inLanguage":"es"},{"@type":"Organization","@id":"https:\/\/plg-pllc.com\/#organization","name":"Grupo de abogados Premier","url":"https:\/\/plg-pllc.com\/","logo":{"@type":"ImageObject","inLanguage":"es","@id":"https:\/\/plg-pllc.com\/#\/schema\/logo\/image\/","url":"https:\/\/plg-pllc.com\/wp-content\/uploads\/2020\/10\/plg-logo-v2.gif","contentUrl":"https:\/\/plg-pllc.com\/wp-content\/uploads\/2020\/10\/plg-logo-v2.gif","width":592,"height":191,"caption":"Premier Law Group"},"image":{"@id":"https:\/\/plg-pllc.com\/#\/schema\/logo\/image\/"},"sameAs":["https:\/\/www.facebook.com\/premierlawgroup","https:\/\/x.com\/premierlawgroup"]}]}},"_links":{"self":[{"href":"https:\/\/plg-pllc.com\/es\/wp-json\/wp\/v2\/pages\/21755","targetHints":{"allow":["GET"]}}],"collection":[{"href":"https:\/\/plg-pllc.com\/es\/wp-json\/wp\/v2\/pages"}],"about":[{"href":"https:\/\/plg-pllc.com\/es\/wp-json\/wp\/v2\/types\/page"}],"author":[{"embeddable":true,"href":"https:\/\/plg-pllc.com\/es\/wp-json\/wp\/v2\/users\/60"}],"replies":[{"embeddable":true,"href":"https:\/\/plg-pllc.com\/es\/wp-json\/wp\/v2\/comments?post=21755"}],"version-history":[{"count":0,"href":"https:\/\/plg-pllc.com\/es\/wp-json\/wp\/v2\/pages\/21755\/revisions"}],"up":[{"embeddable":true,"href":"https:\/\/plg-pllc.com\/es\/wp-json\/wp\/v2\/pages\/20287"}],"wp:attachment":[{"href":"https:\/\/plg-pllc.com\/es\/wp-json\/wp\/v2\/media?parent=21755"}],"wp:term":[{"taxonomy":"hc_faqs","embeddable":true,"href":"https:\/\/plg-pllc.com\/es\/wp-json\/wp\/v2\/hc_faqs?post=21755"}],"curies":[{"name":"gracias","href":"https:\/\/api.w.org\/{rel}","templated":true}]}}