{"id":21757,"date":"2026-04-28T16:28:51","date_gmt":"2026-04-28T23:28:51","guid":{"rendered":"https:\/\/plg-pllc.com\/?page_id=21757"},"modified":"2026-05-04T16:30:57","modified_gmt":"2026-05-04T23:30:57","slug":"renton-car-accident-lawyer-hit-and-run","status":"publish","type":"page","link":"https:\/\/plg-pllc.com\/es\/renton\/car-accident-lawyer\/hit-and-run\/","title":{"rendered":"Abogado de Renton especializado en accidentes de atropello y fuga"},"content":{"rendered":"<p><span style=\"font-weight: 400;\">Un accidente con fuga deja a las v\u00edctimas con lesiones graves y p\u00e9rdidas econ\u00f3micas, sin un camino claro para recuperarlas. La incertidumbre sobre qu\u00e9 suceder\u00e1 despu\u00e9s puede ser aterradora. En Premier Law Group, nos dedicamos con esmero a obtener resultados para usted, incluyendo la recuperaci\u00f3n de da\u00f1os y perjuicios de todas las fuentes disponibles.<\/span><\/p>\n<p><span style=\"font-weight: 400;\">Programa una cita para hablar con un <\/span><b>Abogado especializado en accidentes de atropello y fuga en Renton<\/b><span style=\"font-weight: 400;\"> de nuestro equipo. Es una consulta gratuita que puede abrirle los ojos a sus derechos legales. <\/span><a href=\"https:\/\/plg-pllc.com\/renton\/car-accident-lawyer\/\"><span style=\"font-weight: 400;\">Abogado de accidentes de tr\u00e1fico en Renton<\/span><\/a><span style=\"font-weight: 400;\"> ha recuperado m\u00e1s de 1.040.000 millones para nuestros clientes.<\/span><\/p>\n<h2>Beneficios de contratar a un abogado especializado en accidentes de atropello y fuga en Renton<\/h2>\n<p><span style=\"font-weight: 400;\">Invertir en un abogado podr\u00eda ser una de las decisiones m\u00e1s importantes que tome para obtener una compensaci\u00f3n justa en un accidente como este. Estos son casos complejos en los que puede parecer que varias partes trabajan en su contra. Con la orientaci\u00f3n de nuestro abogado, usted comprender\u00e1 sus derechos. Le ayudamos de la siguiente manera:<\/span><\/p>\n<ul>\n<li style=\"font-weight: 400;\" aria-level=\"1\"><b>Investigar lo ocurrido y encontrar al responsable siempre que sea posible.<\/b>.<span style=\"font-weight: 400;\"> Esto es fundamental para maximizar su reclamaci\u00f3n. Nuestros recursos agotar\u00e1n todas las v\u00edas posibles para ayudarle a recuperar los da\u00f1os que le corresponden.<\/span><\/li>\n<li style=\"font-weight: 400;\" aria-level=\"1\"><b>Gestiona tu compa\u00f1\u00eda de seguros<\/b>. <span style=\"font-weight: 400;\">Si presenta una reclamaci\u00f3n en virtud de su p\u00f3liza de seguro para conductores sin seguro, podemos encargarnos de todo el proceso de reclamaci\u00f3n, mitigando los riesgos a los que se enfrenta durante el mismo.<\/span><\/li>\n<li style=\"font-weight: 400;\" aria-level=\"1\"><b>Negociar una compensaci\u00f3n justa con todas las partes.<\/b>.<span style=\"font-weight: 400;\"> Gracias a nuestra probada experiencia en el manejo de estos casos, puede esperar que construyamos una reclamaci\u00f3n s\u00f3lida para usted, una que le permita reconstruir su futuro.<\/span><\/li>\n<\/ul>\n<p><span style=\"font-weight: 400;\">No existe ning\u00fan riesgo al contratar nuestros servicios. <\/span><a href=\"https:\/\/plg-pllc.com\/renton\/personal-injury-lawyer\/\"><span style=\"font-weight: 400;\">Abogados de lesiones personales en Renton<\/span><\/a><span style=\"font-weight: 400;\"> Para su caso. No le cobramos nada por adelantado; solo nos paga si gana. Programe una consulta para hablar sobre lo sucedido. Queremos saber si podemos ayudarle.<\/span><\/p>\n<h2>Conozca sus derechos en caso de un accidente con fuga en Renton.<\/h2>\n<p><span style=\"font-weight: 400;\">Un accidente de atropello y fuga indica que un conductor atropell\u00f3 a otro conductor y huy\u00f3 del lugar. <\/span><a href=\"https:\/\/app.leg.wa.gov\/RCW\/default.aspx?cite=46.52.020\" target=\"_blank\" rel=\"noopener\"><span style=\"font-weight: 400;\">C\u00f3digo Revisado de Washington (RCW) \u00a7 46.52.020<\/span><\/a><span style=\"font-weight: 400;\">, Es ilegal que alguien realice estas acciones. En cambio, todos los conductores deben detenerse, comprobar el estado del otro conductor y, en caso de da\u00f1os graves o lesiones, esperar a que llegue la polic\u00eda. Si el otro conductor no se detiene, usted a\u00fan tiene derechos:<\/span><\/p>\n<ul>\n<li style=\"font-weight: 400;\" aria-level=\"1\"><span style=\"font-weight: 400;\">Usted tiene derecho a buscar a esa persona para identificarla y reclamar una indemnizaci\u00f3n por da\u00f1os y perjuicios. Nuestro abogado especializado en accidentes con fuga en Renton trabajar\u00e1 diligentemente para descubrir qui\u00e9n le caus\u00f3 este da\u00f1o.<\/span><\/li>\n<li style=\"font-weight: 400;\" aria-level=\"1\"><span style=\"font-weight: 400;\">Usted tiene derecho a presentar una reclamaci\u00f3n en virtud de su p\u00f3liza de seguro contra conductores sin seguro si opt\u00f3 por adquirir dicha p\u00f3liza antes del accidente.<\/span><\/li>\n<li style=\"font-weight: 400;\" aria-level=\"1\"><span style=\"font-weight: 400;\">Tambi\u00e9n tiene derecho a emprender acciones legales contra cualquier otra parte que pueda haber tenido alg\u00fan papel en este accidente, incluido el empleador del conductor que se dio a la fuga si estaba trabajando, o terceros.<\/span><\/li>\n<\/ul>\n<p><span style=\"font-weight: 400;\">En cualquier situaci\u00f3n, es fundamental que contrate a un abogado especializado en accidentes de atropello y fuga en Renton para que lo gu\u00ede y apoye durante el proceso legal. De esta manera, conocer\u00e1 sus derechos y las estrategias legales para obtener una indemnizaci\u00f3n para todos los responsables. Trabajamos con diligencia para construir un caso s\u00f3lido y presentar una demanda en su nombre.<\/span><\/p>\n<h2>C\u00f3mo pretendemos identificar al conductor<\/h2>\n<p><span style=\"font-weight: 400;\">Nuestro equipo legal trabaja en conjunto con la polic\u00eda para determinar qui\u00e9n es responsable de sus lesiones y p\u00e9rdidas. Creemos que, en la mayor\u00eda de los casos, la mejor opci\u00f3n es perseguir al conductor que lo llev\u00f3 a esta situaci\u00f3n. Para encontrar a esa persona, buscaremos pruebas como:<\/span><\/p>\n<ul>\n<li style=\"font-weight: 400;\" aria-level=\"1\"><span style=\"font-weight: 400;\">Informes policiales del lugar del accidente que nuestro equipo de reconstrucci\u00f3n de accidentes puede utilizar para determinar qui\u00e9n es el culpable.<\/span><\/li>\n<li style=\"font-weight: 400;\" aria-level=\"1\"><span style=\"font-weight: 400;\">Fotograf\u00edas, v\u00eddeos y audios que puedan aportar informaci\u00f3n sobre el lugar de los hechos o las zonas circundantes, especialmente capturando a la parte culpable huyendo.<\/span><\/li>\n<li style=\"font-weight: 400;\" aria-level=\"1\"><span style=\"font-weight: 400;\">Informaci\u00f3n de testigos presenciales que nos acerca un paso m\u00e1s a determinar qui\u00e9n tiene la culpa.<\/span><\/li>\n<li style=\"font-weight: 400;\" aria-level=\"1\"><span style=\"font-weight: 400;\">Im\u00e1genes de matr\u00edculas captadas por c\u00e1maras de vigilancia de la zona o c\u00e1maras de salpicadero en el lugar de los hechos.<\/span><\/li>\n<li style=\"font-weight: 400;\" aria-level=\"1\"><span style=\"font-weight: 400;\">Trabajo de investigaci\u00f3n con talleres de carrocer\u00eda u otros en la zona que puedan proporcionar informaci\u00f3n<\/span><\/li>\n<\/ul>\n<p><span style=\"font-weight: 400;\">Nuestro objetivo es presentar una demanda s\u00f3lida en su nombre. Para ello, debemos esclarecer todos los detalles de lo ocurrido y as\u00ed buscar justicia. Si la parte responsable carece de seguro, podr\u00edamos iniciar una demanda para embargar sus bienes. La mayor\u00eda de las v\u00edctimas tienen opciones en estos casos. Le explicaremos claramente cu\u00e1les son esas opciones durante nuestra reuni\u00f3n.<\/span><\/p>\n<h3>Indemnizaciones insuficientes en accidentes<\/h3>\n<p><span style=\"font-weight: 400;\">En los casos en que identificamos a un conductor que se da a la fuga tras un accidente, este rara vez le ofrecer\u00e1 un acuerdo aceptable, al menos no hasta que usted emprenda acciones legales en su contra. No tememos acudir a los tribunales para defender a las v\u00edctimas, y puede contar con nuestra diligencia durante todo el proceso.<\/span><\/p>\n\n        <div class=\"rs-content-cta long\">\n            <p>Para una consulta legal GRATUITA con un abogado especializado en accidentes de atropello y fuga en Renton, llame al <a href=\"tel:+12062851743\">(206) 285-1743 <\/a><\/p>\n            <a href=\"https:\/\/plg-pllc.com\/es\/contact-us\/\" title=\"OBTENGA UNA EVALUACI\u00d3N DE CASO GRATUITA\" class=\"btn-global\">OBTENGA UNA EVALUACI\u00d3N DE CASO GRATUITA<\/a>\n                    <picture>\n                            <source srcset=\"https:\/\/plg-pllc.com\/wp-content\/themes\/plg-pllc-redesign\/assets\/app\/img\/cta-thumb.webp\" type=\"image\/webp\"\/>\n                            <img src=\"https:\/\/plg-pllc.com\/wp-content\/themes\/plg-pllc-redesign\/assets\/app\/img\/cta-thumb.png\" alt=\"Grupo de abogados Premier\" title=\"Grupo de abogados Premier\" width=\"245\" height=\"220\" loading=\"auto\" fetchpriority=\"auto\" decoding=\"async\"\/>\n        <\/picture>\n        \n        <\/div><h2>Reclamaci\u00f3n de indemnizaci\u00f3n al conductor responsable.<\/h2>\n<p><span style=\"font-weight: 400;\">Tras demostrar la culpabilidad, su abogado especializado en accidentes con fuga en Renton trabajar\u00e1 diligentemente para obtener una compensaci\u00f3n econ\u00f3mica por todas las p\u00e9rdidas sufridas. Estas p\u00e9rdidas var\u00edan considerablemente de un caso a otro. Algunos ejemplos de da\u00f1os relacionados con el accidente que puede reclamar incluyen:<\/span><\/p>\n<ul>\n<li style=\"font-weight: 400;\" aria-level=\"1\"><span style=\"font-weight: 400;\">Gastos m\u00e9dicos derivados del accidente y posteriores<\/span><\/li>\n<li style=\"font-weight: 400;\" aria-level=\"1\"><span style=\"font-weight: 400;\">Se prev\u00e9n gastos m\u00e9dicos futuros debido a sus lesiones y p\u00e9rdidas continuas.<\/span><\/li>\n<li style=\"font-weight: 400;\" aria-level=\"1\"><span style=\"font-weight: 400;\">Dolor y sufrimiento en su caso<\/span><\/li>\n<li style=\"font-weight: 400;\" aria-level=\"1\"><span style=\"font-weight: 400;\">P\u00e9rdida de ingresos por no poder trabajar durante un per\u00edodo de tiempo.<\/span><\/li>\n<li style=\"font-weight: 400;\" aria-level=\"1\"><span style=\"font-weight: 400;\">P\u00e9rdida de capacidad de ganancia o de oportunidad de empleo.<\/span><\/li>\n<li style=\"font-weight: 400;\" aria-level=\"1\"><span style=\"font-weight: 400;\">Costo de las modificaciones a su hogar, la ayuda a domicilio y los medicamentos continuos.<\/span><\/li>\n<li style=\"font-weight: 400;\" aria-level=\"1\"><span style=\"font-weight: 400;\">Da\u00f1os materiales a su veh\u00edculo u otros bienes<\/span><\/li>\n<li style=\"font-weight: 400;\" aria-level=\"1\"><span style=\"font-weight: 400;\">Trauma emocional y asesoramiento psicol\u00f3gico<\/span><\/li>\n<\/ul>\n<p><span style=\"font-weight: 400;\">Una sola acci\u00f3n imprudente puede cambiar el rumbo de la vida de una persona. Con la asesor\u00eda de nuestros abogados, puede tener la seguridad de obtener una compensaci\u00f3n justa. Hable hoy mismo con nuestro equipo legal para conocer sus derechos.<\/span><\/p>\n<h2>Programe una consulta gratuita con un abogado especializado en accidentes de atropello y fuga en Renton.<\/h2>\n<p><span style=\"font-weight: 400;\">Perm\u00edtanos encontrar a quien le hizo esto. En Premier Law Group, nos apasiona obtener resultados. Nuestro abogado especializado en accidentes con fuga en Renton es su defensor. <\/span><b>Cont\u00e1ctanos ahora para obtener m\u00e1s informaci\u00f3n en una consulta gratuita.<\/b>.<\/p>\n\n        <div class=\"rs-content-cta\">\n            <p>Llamar o enviar mensaje de texto <a href=\"tel:+12062851743\">(206) 285-1743<\/a> o complete un formulario de evaluaci\u00f3n de caso gratuito<\/p>\n            <a href=\"https:\/\/plg-pllc.com\/es\/contact-us\/\" title=\"OBTENGA UNA EVALUACI\u00d3N DE CASO GRATUITA\" class=\"btn-global\">OBTENGA UNA EVALUACI\u00d3N DE CASO GRATUITA<\/a>\n                    <picture>\n                            <source srcset=\"https:\/\/plg-pllc.com\/wp-content\/themes\/plg-pllc-redesign\/assets\/app\/img\/cta-thumb.webp\" type=\"image\/webp\"\/>\n                            <img src=\"https:\/\/plg-pllc.com\/wp-content\/themes\/plg-pllc-redesign\/assets\/app\/img\/cta-thumb.png\" alt=\"Grupo de abogados Premier\" title=\"Grupo de abogados Premier\" width=\"245\" height=\"220\" loading=\"auto\" fetchpriority=\"auto\" decoding=\"async\"\/>\n        <\/picture>\n        \n        <\/div>","protected":false},"excerpt":{"rendered":"<p>Un accidente con fuga deja a las v\u00edctimas con lesiones graves y p\u00e9rdidas econ\u00f3micas sin un camino claro para recuperar dichas p\u00e9rdidas. Puede ser aterrador no saber qu\u00e9 suceder\u00e1 despu\u00e9s. En Premier Law Group, dedicamos el tiempo y el esfuerzo necesarios para obtener resultados para usted, incluyendo la recuperaci\u00f3n de da\u00f1os y perjuicios de todas las fuentes disponibles.<\/p>","protected":false},"author":60,"featured_media":0,"parent":17291,"menu_order":0,"comment_status":"closed","ping_status":"closed","template":"","meta":{"_acf_changed":false,"_genesis_hide_title":false,"_genesis_hide_breadcrumbs":false,"_genesis_hide_singular_image":false,"_genesis_hide_footer_widgets":false,"_genesis_custom_body_class":"","_genesis_custom_post_class":"","_genesis_layout":"","footnotes":""},"hc_faqs":[],"class_list":{"0":"post-21757","1":"page","2":"type-page","3":"status-publish","5":"hc_city_location-renton","6":"entry"},"acf":[],"yoast_head":"<!-- This site is optimized with the Yoast SEO plugin v27.5 - https:\/\/yoast.com\/product\/yoast-seo-wordpress\/ -->\n<title>Hit and Run Accident Lawyer in Renton | Free Consultation<\/title>\n<meta name=\"description\" content=\"You need a hit and run accident lawyer in Renton to help you fight for maximum compensation for costs related to your accident. 24\/7 help.\" \/>\n<meta name=\"robots\" content=\"index, follow, max-snippet:-1, max-image-preview:large, max-video-preview:-1\" \/>\n<link rel=\"canonical\" href=\"https:\/\/plg-pllc.com\/es\/renton\/car-accident-lawyer\/hit-and-run\/\" \/>\n<meta property=\"og:locale\" content=\"es_MX\" \/>\n<meta property=\"og:type\" content=\"article\" \/>\n<meta property=\"og:title\" content=\"Hit and Run Accident Lawyer in Renton | Free Consultation\" \/>\n<meta property=\"og:description\" content=\"You need a hit and run accident lawyer in Renton to help you fight for maximum compensation for costs related to your accident. 24\/7 help.\" \/>\n<meta property=\"og:url\" content=\"https:\/\/plg-pllc.com\/es\/renton\/car-accident-lawyer\/hit-and-run\/\" \/>\n<meta property=\"og:site_name\" content=\"Premier Law Group\" \/>\n<meta property=\"article:publisher\" content=\"https:\/\/www.facebook.com\/premierlawgroup\" \/>\n<meta property=\"article:modified_time\" content=\"2026-05-04T23:30:57+00:00\" \/>\n<meta name=\"twitter:card\" content=\"summary_large_image\" \/>\n<meta name=\"twitter:site\" content=\"@premierlawgroup\" \/>\n<meta name=\"twitter:label1\" content=\"Tiempo de lectura\" \/>\n\t<meta name=\"twitter:data1\" content=\"5 minutos\" \/>\n<script type=\"application\/ld+json\" class=\"yoast-schema-graph\">{\"@context\":\"https:\\\/\\\/schema.org\",\"@graph\":[{\"@type\":\"WebPage\",\"@id\":\"https:\\\/\\\/plg-pllc.com\\\/renton\\\/car-accident-lawyer\\\/hit-and-run\\\/\",\"url\":\"https:\\\/\\\/plg-pllc.com\\\/renton\\\/car-accident-lawyer\\\/hit-and-run\\\/\",\"name\":\"Hit and Run Accident Lawyer in Renton | Free Consultation\",\"isPartOf\":{\"@id\":\"https:\\\/\\\/plg-pllc.com\\\/#website\"},\"datePublished\":\"2026-04-28T23:28:51+00:00\",\"dateModified\":\"2026-05-04T23:30:57+00:00\",\"description\":\"You need a hit and run accident lawyer in Renton to help you fight for maximum compensation for costs related to your accident. 24\\\/7 help.\",\"breadcrumb\":{\"@id\":\"https:\\\/\\\/plg-pllc.com\\\/renton\\\/car-accident-lawyer\\\/hit-and-run\\\/#breadcrumb\"},\"inLanguage\":\"es\",\"potentialAction\":[{\"@type\":\"ReadAction\",\"target\":[\"https:\\\/\\\/plg-pllc.com\\\/renton\\\/car-accident-lawyer\\\/hit-and-run\\\/\"]}]},{\"@type\":\"BreadcrumbList\",\"@id\":\"https:\\\/\\\/plg-pllc.com\\\/renton\\\/car-accident-lawyer\\\/hit-and-run\\\/#breadcrumb\",\"itemListElement\":[{\"@type\":\"ListItem\",\"position\":1,\"name\":\"Home\",\"item\":\"https:\\\/\\\/plg-pllc.com\\\/es\\\/\"},{\"@type\":\"ListItem\",\"position\":2,\"name\":\"Renton Personal Injury Lawyer\",\"item\":\"https:\\\/\\\/plg-pllc.com\\\/es\\\/renton\\\/personal-injury-lawyer\\\/\"},{\"@type\":\"ListItem\",\"position\":3,\"name\":\"Renton Car Accident Lawyer\",\"item\":\"https:\\\/\\\/plg-pllc.com\\\/es\\\/renton\\\/car-accident-lawyer\\\/\"},{\"@type\":\"ListItem\",\"position\":4,\"name\":\"Hit And Run Accident\"}]},{\"@type\":\"WebSite\",\"@id\":\"https:\\\/\\\/plg-pllc.com\\\/#website\",\"url\":\"https:\\\/\\\/plg-pllc.com\\\/\",\"name\":\"Premier Law Group\",\"description\":\"Washington Wrongful Death and Serious Injury Lawyer\",\"publisher\":{\"@id\":\"https:\\\/\\\/plg-pllc.com\\\/#organization\"},\"inLanguage\":\"es\"},{\"@type\":\"Organization\",\"@id\":\"https:\\\/\\\/plg-pllc.com\\\/#organization\",\"name\":\"Premier Law Group\",\"url\":\"https:\\\/\\\/plg-pllc.com\\\/\",\"logo\":{\"@type\":\"ImageObject\",\"inLanguage\":\"es\",\"@id\":\"https:\\\/\\\/plg-pllc.com\\\/#\\\/schema\\\/logo\\\/image\\\/\",\"url\":\"https:\\\/\\\/plg-pllc.com\\\/wp-content\\\/uploads\\\/2020\\\/10\\\/plg-logo-v2.gif\",\"contentUrl\":\"https:\\\/\\\/plg-pllc.com\\\/wp-content\\\/uploads\\\/2020\\\/10\\\/plg-logo-v2.gif\",\"width\":592,\"height\":191,\"caption\":\"Premier Law Group\"},\"image\":{\"@id\":\"https:\\\/\\\/plg-pllc.com\\\/#\\\/schema\\\/logo\\\/image\\\/\"},\"sameAs\":[\"https:\\\/\\\/www.facebook.com\\\/premierlawgroup\",\"https:\\\/\\\/x.com\\\/premierlawgroup\"]}]}<\/script>\n<!-- \/ Yoast SEO plugin. -->","yoast_head_json":{"title":"Abogado especializado en accidentes con fuga en Renton | Consulta gratuita","description":"Necesitas un abogado especializado en accidentes de atropello y fuga en Renton para ayudarte a obtener la m\u00e1xima indemnizaci\u00f3n por los gastos relacionados con tu accidente. Asistencia las 24 horas, los 7 d\u00edas de la semana.","robots":{"index":"index","follow":"follow","max-snippet":"max-snippet:-1","max-image-preview":"max-image-preview:large","max-video-preview":"max-video-preview:-1"},"canonical":"https:\/\/plg-pllc.com\/es\/renton\/car-accident-lawyer\/hit-and-run\/","og_locale":"es_MX","og_type":"article","og_title":"Hit and Run Accident Lawyer in Renton | Free Consultation","og_description":"You need a hit and run accident lawyer in Renton to help you fight for maximum compensation for costs related to your accident. 24\/7 help.","og_url":"https:\/\/plg-pllc.com\/es\/renton\/car-accident-lawyer\/hit-and-run\/","og_site_name":"Premier Law Group","article_publisher":"https:\/\/www.facebook.com\/premierlawgroup","article_modified_time":"2026-05-04T23:30:57+00:00","twitter_card":"summary_large_image","twitter_site":"@premierlawgroup","twitter_misc":{"Tiempo de lectura":"5 minutos"},"schema":{"@context":"https:\/\/schema.org","@graph":[{"@type":"WebPage","@id":"https:\/\/plg-pllc.com\/renton\/car-accident-lawyer\/hit-and-run\/","url":"https:\/\/plg-pllc.com\/renton\/car-accident-lawyer\/hit-and-run\/","name":"Abogado especializado en accidentes con fuga en Renton | Consulta gratuita","isPartOf":{"@id":"https:\/\/plg-pllc.com\/#website"},"datePublished":"2026-04-28T23:28:51+00:00","dateModified":"2026-05-04T23:30:57+00:00","description":"Necesitas un abogado especializado en accidentes de atropello y fuga en Renton para ayudarte a obtener la m\u00e1xima indemnizaci\u00f3n por los gastos relacionados con tu accidente. Asistencia las 24 horas, los 7 d\u00edas de la semana.","breadcrumb":{"@id":"https:\/\/plg-pllc.com\/renton\/car-accident-lawyer\/hit-and-run\/#breadcrumb"},"inLanguage":"es","potentialAction":[{"@type":"ReadAction","target":["https:\/\/plg-pllc.com\/renton\/car-accident-lawyer\/hit-and-run\/"]}]},{"@type":"BreadcrumbList","@id":"https:\/\/plg-pllc.com\/renton\/car-accident-lawyer\/hit-and-run\/#breadcrumb","itemListElement":[{"@type":"ListItem","position":1,"name":"Home","item":"https:\/\/plg-pllc.com\/es\/"},{"@type":"ListItem","position":2,"name":"Renton Personal Injury Lawyer","item":"https:\/\/plg-pllc.com\/es\/renton\/personal-injury-lawyer\/"},{"@type":"ListItem","position":3,"name":"Renton Car Accident Lawyer","item":"https:\/\/plg-pllc.com\/es\/renton\/car-accident-lawyer\/"},{"@type":"ListItem","position":4,"name":"Hit And Run Accident"}]},{"@type":"WebSite","@id":"https:\/\/plg-pllc.com\/#website","url":"https:\/\/plg-pllc.com\/","name":"Grupo de abogados Premier","description":"Abogado de muerte por negligencia y lesiones graves en Washington","publisher":{"@id":"https:\/\/plg-pllc.com\/#organization"},"inLanguage":"es"},{"@type":"Organization","@id":"https:\/\/plg-pllc.com\/#organization","name":"Grupo de abogados Premier","url":"https:\/\/plg-pllc.com\/","logo":{"@type":"ImageObject","inLanguage":"es","@id":"https:\/\/plg-pllc.com\/#\/schema\/logo\/image\/","url":"https:\/\/plg-pllc.com\/wp-content\/uploads\/2020\/10\/plg-logo-v2.gif","contentUrl":"https:\/\/plg-pllc.com\/wp-content\/uploads\/2020\/10\/plg-logo-v2.gif","width":592,"height":191,"caption":"Premier Law Group"},"image":{"@id":"https:\/\/plg-pllc.com\/#\/schema\/logo\/image\/"},"sameAs":["https:\/\/www.facebook.com\/premierlawgroup","https:\/\/x.com\/premierlawgroup"]}]}},"_links":{"self":[{"href":"https:\/\/plg-pllc.com\/es\/wp-json\/wp\/v2\/pages\/21757","targetHints":{"allow":["GET"]}}],"collection":[{"href":"https:\/\/plg-pllc.com\/es\/wp-json\/wp\/v2\/pages"}],"about":[{"href":"https:\/\/plg-pllc.com\/es\/wp-json\/wp\/v2\/types\/page"}],"author":[{"embeddable":true,"href":"https:\/\/plg-pllc.com\/es\/wp-json\/wp\/v2\/users\/60"}],"replies":[{"embeddable":true,"href":"https:\/\/plg-pllc.com\/es\/wp-json\/wp\/v2\/comments?post=21757"}],"version-history":[{"count":0,"href":"https:\/\/plg-pllc.com\/es\/wp-json\/wp\/v2\/pages\/21757\/revisions"}],"up":[{"embeddable":true,"href":"https:\/\/plg-pllc.com\/es\/wp-json\/wp\/v2\/pages\/17291"}],"wp:attachment":[{"href":"https:\/\/plg-pllc.com\/es\/wp-json\/wp\/v2\/media?parent=21757"}],"wp:term":[{"taxonomy":"hc_faqs","embeddable":true,"href":"https:\/\/plg-pllc.com\/es\/wp-json\/wp\/v2\/hc_faqs?post=21757"}],"curies":[{"name":"gracias","href":"https:\/\/api.w.org\/{rel}","templated":true}]}}