{"id":21763,"date":"2026-05-05T06:12:44","date_gmt":"2026-05-05T13:12:44","guid":{"rendered":"https:\/\/plg-pllc.com\/?page_id=21763"},"modified":"2026-05-05T06:12:44","modified_gmt":"2026-05-05T13:12:44","slug":"how-long-do-car-accident-settlements-take","status":"publish","type":"page","link":"https:\/\/plg-pllc.com\/es\/faqs\/how-long-do-car-accident-settlements-take\/","title":{"rendered":"\u00bfCu\u00e1nto tiempo tardan en resolverse las indemnizaciones por accidentes de tr\u00e1fico?"},"content":{"rendered":"<p><span style=\"font-weight: 400;\">\u00bfCu\u00e1nto tiempo tardan en resolverse las indemnizaciones por accidentes de tr\u00e1fico? <\/span><b>Las indemnizaciones por accidentes de tr\u00e1fico pueden tardar desde unos pocos meses hasta varios a\u00f1os.<\/b><span style=\"font-weight: 400;\">, dependiendo de la complejidad del caso y la gravedad de las lesiones.\u00a0<\/span><\/p>\n<p><span style=\"font-weight: 400;\">Si has estado involucrado en una colisi\u00f3n, <\/span><a href=\"https:\/\/plg-pllc.com\/bellevue\/car-accident-lawyer\/\"><span style=\"font-weight: 400;\">Abogado de accidentes de tr\u00e1fico en Bellevue<\/span><\/a><span style=\"font-weight: 400;\"> Puede que podamos ayudar.\u00a0<\/span><\/p>\n<h2><span style=\"font-weight: 400;\">No existe un plazo fijo para las indemnizaciones por accidentes de tr\u00e1fico.<\/span><\/h2>\n<p><span style=\"font-weight: 400;\">Las indemnizaciones por accidentes de tr\u00e1fico no siguen un cronograma fijo. Cada caso es diferente y tiene su propio calendario. Es importante tener en cuenta los detalles de su situaci\u00f3n particular al considerar cu\u00e1nto tiempo tardar\u00e1 en resolverse su caso.<\/span><\/p>\n<p><span style=\"font-weight: 400;\">Si su accidente fue leve, con pocas o ninguna lesi\u00f3n, los acuerdos pueden resolverse con bastante rapidez, a veces en tan solo unas semanas. Sin embargo, este suele ser el mejor escenario posible y no una regla general, por lo que no debe darse por sentado.<\/span><\/p>\n<p><span style=\"font-weight: 400;\">Si los accidentes son m\u00e1s graves y resultan en lesiones importantes, las indemnizaciones podr\u00edan demorar mucho m\u00e1s. <\/span><a href=\"https:\/\/plg-pllc.com\/\"><span style=\"font-weight: 400;\">Abogado de lesiones personales en Bellevue<\/span><\/a><span style=\"font-weight: 400;\"> Quiz\u00e1s sea conveniente esperar hasta alcanzar la MMI (m\u00e1xima mejor\u00eda m\u00e9dica) antes de fijar una cifra definitiva. Esto puede garantizar que, si las lesiones son a largo plazo o permanentes, reciba la compensaci\u00f3n adecuada.\u00a0<\/span><\/p>\n<h2><span style=\"font-weight: 400;\">El tratamiento m\u00e9dico juega un papel importante en el momento oportuno.<\/span><\/h2>\n<p><span style=\"font-weight: 400;\">Los plazos para llegar a un acuerdo suelen estar estrechamente ligados a la recuperaci\u00f3n de la persona lesionada. Buscar atenci\u00f3n m\u00e9dica oportuna no solo puede ayudar en su recuperaci\u00f3n, sino tambi\u00e9n fortalecer su caso. Dependiendo de su situaci\u00f3n, una evaluaci\u00f3n m\u00e9dica r\u00e1pida incluso puede agilizar el proceso de acuerdo. Algunas razones comunes por las que el tratamiento m\u00e9dico puede afectar los plazos de un acuerdo incluyen:<\/span><\/p>\n<ul>\n<li style=\"font-weight: 400;\" aria-level=\"1\"><span style=\"font-weight: 400;\">El tratamiento continuo puede retrasar la resoluci\u00f3n.<\/span><\/li>\n<li style=\"font-weight: 400;\" aria-level=\"1\"><span style=\"font-weight: 400;\">Los m\u00e9dicos deben evaluar los impactos a largo plazo.<\/span><\/li>\n<li style=\"font-weight: 400;\" aria-level=\"1\"><span style=\"font-weight: 400;\">Deben tenerse en cuenta las necesidades m\u00e9dicas futuras.<\/span><\/li>\n<\/ul>\n<p><span style=\"font-weight: 400;\">Por eso, los abogados suelen esperar a que finalice el tratamiento antes de negociar. Si un caso se resuelve demasiado pronto, podr\u00eda perder la indemnizaci\u00f3n que le corresponde, ya que es posible que no tenga una visi\u00f3n completa de las consecuencias a largo plazo de sus lesiones.<\/span><\/p>\n<h2><span style=\"font-weight: 400;\">Las compa\u00f1\u00edas de seguros pueden ralentizar el proceso.<\/span><\/h2>\n<p><span style=\"font-weight: 400;\">Las aseguradoras suelen tardar en revisar las reclamaciones y tomar decisiones. Pueden solicitar documentaci\u00f3n adicional, impugnar los da\u00f1os o cuestionar la responsabilidad. La funci\u00f3n del perito de seguros es garantizar que paguen lo menos posible.<\/span><\/p>\n<p><span style=\"font-weight: 400;\">Las compa\u00f1\u00edas de seguros pueden comenzar ofreciendo acuerdos muy bajos con la esperanza de que usted acepte menos para agilizar el proceso. Un abogado con experiencia puede ayudarle a comprender el valor de su caso y si la oferta es justa.<\/span><\/p>\n<p><span style=\"font-weight: 400;\">Las negociaciones pueden extender los plazos y afectar <\/span><b>cu\u00e1nto tiempo tardar\u00e1 en llegar la indemnizaci\u00f3n por su accidente de coche.<\/b><span style=\"font-weight: 400;\">. A menudo se necesita paciencia al llevar a cabo estas negociaciones para garantizar que reciba una compensaci\u00f3n justa por lo que ha sufrido.\u00a0<\/span><\/p>\n\n        <div class=\"rs-content-cta long\">\n            <p>Para una consulta legal GRATUITA, llame al <a href=\"tel:+12062851743\">(206) 285-1743 <\/a><\/p>\n            <a href=\"https:\/\/plg-pllc.com\/es\/contact-us\/\" title=\"OBTENGA UNA EVALUACI\u00d3N DE CASO GRATUITA\" class=\"btn-global\">OBTENGA UNA EVALUACI\u00d3N DE CASO GRATUITA<\/a>\n                    <picture>\n                            <source srcset=\"https:\/\/plg-pllc.com\/wp-content\/themes\/plg-pllc-redesign\/assets\/app\/img\/cta-thumb.webp\" type=\"image\/webp\"\/>\n                            <img src=\"https:\/\/plg-pllc.com\/wp-content\/themes\/plg-pllc-redesign\/assets\/app\/img\/cta-thumb.png\" alt=\"Grupo de abogados Premier\" title=\"Grupo de abogados Premier\" width=\"245\" height=\"220\" loading=\"auto\" fetchpriority=\"auto\" decoding=\"async\"\/>\n        <\/picture>\n        \n        <\/div><h2><span style=\"font-weight: 400;\">Investigar el accidente lleva tiempo.<\/span><\/h2>\n<p><span style=\"font-weight: 400;\">Es necesaria una investigaci\u00f3n exhaustiva antes de que comiencen las negociaciones para llegar a un acuerdo. Las compa\u00f1\u00edas de seguros, los tribunales y su abogado utilizar\u00e1n diversos tipos de pruebas al evaluar un caso. Estas pueden incluir, entre otras:<\/span><\/p>\n<ul>\n<li style=\"font-weight: 400;\" aria-level=\"1\"><span style=\"font-weight: 400;\">Informes policiales<\/span><\/li>\n<li style=\"font-weight: 400;\" aria-level=\"1\"><span style=\"font-weight: 400;\">Declaraciones de testigos<\/span><\/li>\n<li style=\"font-weight: 400;\" aria-level=\"1\"><span style=\"font-weight: 400;\">Historial m\u00e9dico<\/span><\/li>\n<li style=\"font-weight: 400;\" aria-level=\"1\"><span style=\"font-weight: 400;\">Reconstrucci\u00f3n de accidentes<\/span><\/li>\n<li style=\"font-weight: 400;\" aria-level=\"1\"><span style=\"font-weight: 400;\">Im\u00e1genes de vigilancia<\/span><\/li>\n<li style=\"font-weight: 400;\" aria-level=\"1\"><span style=\"font-weight: 400;\">Software del veh\u00edculo, si est\u00e1 disponible.<\/span><\/li>\n<\/ul>\n<p><span style=\"font-weight: 400;\">Este paso garantiza que la reclamaci\u00f3n est\u00e9 debidamente fundamentada antes de que comiencen las negociaciones. Cuanto antes empiece a reunir pruebas despu\u00e9s de un accidente, mejor. La documentaci\u00f3n puede influir en la duraci\u00f3n del proceso de resoluci\u00f3n de su caso de accidente de tr\u00e1fico.\u00a0<\/span><\/p>\n<h2><span style=\"font-weight: 400;\">Las disputas sobre la responsabilidad pueden retrasar la resoluci\u00f3n del caso.<\/span><\/h2>\n<p><b>Washington sigue un sistema de fallas comparativas.<\/b><span style=\"font-weight: 400;\"> (<\/span><a href=\"https:\/\/app.leg.wa.gov\/RCW\/default.aspx?cite=4.22.050\" target=\"_blank\" rel=\"noopener\"><span style=\"font-weight: 400;\">RCW 4.22.050<\/span><\/a><span style=\"font-weight: 400;\">), lo que significa que, incluso si usted tiene parte de la culpa, a\u00fan podr\u00eda recuperar los da\u00f1os, menos el porcentaje del que se le atribuya. Esto podr\u00eda permitirle recibir una compensaci\u00f3n por sus lesiones independientemente de qui\u00e9n tenga la culpa.\u00a0<\/span><\/p>\n<p><span style=\"font-weight: 400;\">Si bien esta regla puede ser beneficiosa, tambi\u00e9n puede complicar las reclamaciones. En un sistema de responsabilidad comparativa, se debe determinar el porcentaje de culpa de cada parte. Las compa\u00f1\u00edas de seguros pueden discutir sobre la responsabilidad para reducir el monto adeudado. Estos desacuerdos pueden ralentizar las negociaciones.\u00a0<\/span><\/p>\n<p><span style=\"font-weight: 400;\">Trabajar con un abogado puede ayudarle a comprender <\/span><a href=\"https:\/\/plg-pllc.com\/faqs\/why-is-my-car-accident-settlement-taking-so-long\/\"><span style=\"font-weight: 400;\">\u00bfPor qu\u00e9 est\u00e1 tardando tanto la indemnizaci\u00f3n por su accidente de coche?<\/span><\/a><span style=\"font-weight: 400;\"> y abogar en su nombre.\u00a0<\/span><\/p>\n<h2><span style=\"font-weight: 400;\">Las negociaciones suelen ser la parte m\u00e1s larga del proceso.<\/span><\/h2>\n<p><span style=\"font-weight: 400;\">Si bien se requiere tiempo para reunir pruebas, obtener tratamiento m\u00e9dico y calcular los costos, las negociaciones suelen ser el paso final en el proceso de conciliaci\u00f3n. Rara vez la primera oferta cubre la totalidad de los gastos, los costos futuros y el dolor y sufrimiento padecidos.<\/span><\/p>\n<p><span style=\"font-weight: 400;\">Con frecuencia, los abogados y las compa\u00f1\u00edas de seguros deben negociar repetidamente, ajustando t\u00e9rminos y expectativas antes de llegar a un acuerdo justo. Esto puede parecer un proceso largo, que afecta la duraci\u00f3n de la indemnizaci\u00f3n por su accidente automovil\u00edstico y suele requerir paciencia, pero los resultados a menudo valen la pena.\u00a0<\/span><\/p>\n<p><span style=\"font-weight: 400;\">Para que el proceso se desarrolle sin contratiempos, es fundamental que contin\u00fae con los tratamientos m\u00e9dicos indicados por su equipo m\u00e9dico, mantenga la comunicaci\u00f3n con su abogado y evite hacer declaraciones formales sin la orientaci\u00f3n de su equipo legal.\u00a0<\/span><\/p>\n<h2><span style=\"font-weight: 400;\">Presentar una demanda puede extender el plazo.<\/span><\/h2>\n<p><span style=\"font-weight: 400;\">Si no se llega a un acuerdo, puede ser necesario un litigio. En ese caso, generalmente se puede asumir que esto prolongar\u00e1 el tiempo necesario para obtener la indemnizaci\u00f3n por su accidente automovil\u00edstico. Los pasos del proceso legal pueden incluir:<\/span><\/p>\n<ul>\n<li style=\"font-weight: 400;\" aria-level=\"1\"><span style=\"font-weight: 400;\">Presentar una queja<\/span><\/li>\n<li style=\"font-weight: 400;\" aria-level=\"1\"><span style=\"font-weight: 400;\">Descubrimiento (intercambio de pruebas)<\/span><\/li>\n<li style=\"font-weight: 400;\" aria-level=\"1\"><span style=\"font-weight: 400;\">Declaraciones y mociones<\/span><\/li>\n<li style=\"font-weight: 400;\" aria-level=\"1\"><span style=\"font-weight: 400;\">Posible juicio<\/span><\/li>\n<\/ul>\n<p><span style=\"font-weight: 400;\">Este proceso puede alargar considerablemente el tiempo, pero puede ser necesario para obtener una compensaci\u00f3n justa. Esto es especialmente cierto si es preciso ir a juicio. Contar con un abogado con amplia experiencia en juicios puede brindarle la tranquilidad de que su caso se desarrollar\u00e1 sin contratiempos.\u00a0<\/span><\/p>\n<h2><span style=\"font-weight: 400;\">Premier Law Group puede ayudar a que el proceso avance de manera eficiente.<\/span><\/h2>\n<p><span style=\"font-weight: 400;\">Nadie quiere esperar a la hora de recibir la indemnizaci\u00f3n tras un accidente, pero a menudo es un mal necesario para garantizar que recibas un pago justo e \u00edntegro.\u00a0<\/span><\/p>\n<p><span style=\"font-weight: 400;\">En Premier Law Group, lucharemos por usted, neg\u00e1ndonos a que las compa\u00f1\u00edas de seguros lo presionen para que acepte menos de lo que le corresponde. Programe su consulta gratuita hoy mismo para comenzar.<\/span><\/p>\n\n        <div class=\"rs-content-cta\">\n            <p>Llamar o enviar mensaje de texto <a href=\"tel:+12062851743\">(206) 285-1743<\/a> o complete un formulario de evaluaci\u00f3n de caso gratuito<\/p>\n            <a href=\"https:\/\/plg-pllc.com\/es\/contact-us\/\" title=\"OBTENGA UNA EVALUACI\u00d3N DE CASO GRATUITA\" class=\"btn-global\">OBTENGA UNA EVALUACI\u00d3N DE CASO GRATUITA<\/a>\n                    <picture>\n                            <source srcset=\"https:\/\/plg-pllc.com\/wp-content\/themes\/plg-pllc-redesign\/assets\/app\/img\/cta-thumb.webp\" type=\"image\/webp\"\/>\n                            <img src=\"https:\/\/plg-pllc.com\/wp-content\/themes\/plg-pllc-redesign\/assets\/app\/img\/cta-thumb.png\" alt=\"Grupo de abogados Premier\" title=\"Grupo de abogados Premier\" width=\"245\" height=\"220\" loading=\"auto\" fetchpriority=\"auto\" decoding=\"async\"\/>\n        <\/picture>\n        \n        <\/div>","protected":false},"excerpt":{"rendered":"<p>\u00bfCu\u00e1nto tiempo tardan las indemnizaciones por accidentes de tr\u00e1fico? Las indemnizaciones por accidentes de tr\u00e1fico pueden tardar desde unos pocos meses hasta varios a\u00f1os, dependiendo de la complejidad del caso y la gravedad de las lesiones. Si ha sufrido una colisi\u00f3n, un abogado especializado en accidentes de tr\u00e1fico de Bellevue podr\u00eda ayudarle. No existe un plazo fijo para las indemnizaciones por accidentes de tr\u00e1fico\u2026<\/p>","protected":false},"author":59,"featured_media":21764,"parent":20714,"menu_order":0,"comment_status":"closed","ping_status":"closed","template":"","meta":{"_acf_changed":false,"_genesis_hide_title":false,"_genesis_hide_breadcrumbs":false,"_genesis_hide_singular_image":false,"_genesis_hide_footer_widgets":false,"_genesis_custom_body_class":"","_genesis_custom_post_class":"","_genesis_layout":"","footnotes":""},"hc_faqs":[10344],"class_list":{"0":"post-21763","1":"page","2":"type-page","3":"status-publish","4":"has-post-thumbnail","6":"hc_faqs-car-accident","7":"entry"},"acf":[],"yoast_head":"<!-- This site is optimized with the Yoast SEO plugin v27.5 - https:\/\/yoast.com\/product\/yoast-seo-wordpress\/ -->\n<title>How Long Does a Car Accident Settlement Take?<\/title>\n<meta name=\"description\" content=\"How long do car accident settlements take? Find out from the dedicated team at Premier Law Group. Call for a free consultation.\" \/>\n<meta name=\"robots\" content=\"index, follow, max-snippet:-1, max-image-preview:large, max-video-preview:-1\" \/>\n<link rel=\"canonical\" href=\"https:\/\/plg-pllc.com\/es\/faqs\/how-long-do-car-accident-settlements-take\/\" \/>\n<meta property=\"og:locale\" content=\"es_MX\" \/>\n<meta property=\"og:type\" content=\"article\" \/>\n<meta property=\"og:title\" content=\"How Long Does a Car Accident Settlement Take?\" \/>\n<meta property=\"og:description\" content=\"How long do car accident settlements take? Find out from the dedicated team at Premier Law Group. Call for a free consultation.\" \/>\n<meta property=\"og:url\" content=\"https:\/\/plg-pllc.com\/es\/faqs\/how-long-do-car-accident-settlements-take\/\" \/>\n<meta property=\"og:site_name\" content=\"Premier Law Group\" \/>\n<meta property=\"article:publisher\" content=\"https:\/\/www.facebook.com\/premierlawgroup\" \/>\n<meta property=\"og:image\" content=\"https:\/\/plg-pllc.com\/wp-content\/uploads\/2026\/05\/how-long-do-car-accident-settlements-take.jpg\" \/>\n\t<meta property=\"og:image:width\" content=\"1000\" \/>\n\t<meta property=\"og:image:height\" content=\"667\" \/>\n\t<meta property=\"og:image:type\" content=\"image\/jpeg\" \/>\n<meta name=\"twitter:card\" content=\"summary_large_image\" \/>\n<meta name=\"twitter:site\" content=\"@premierlawgroup\" \/>\n<meta name=\"twitter:label1\" content=\"Tiempo de lectura\" \/>\n\t<meta name=\"twitter:data1\" content=\"5 minutos\" \/>\n<script type=\"application\/ld+json\" class=\"yoast-schema-graph\">{\"@context\":\"https:\\\/\\\/schema.org\",\"@graph\":[{\"@type\":\"WebPage\",\"@id\":\"https:\\\/\\\/plg-pllc.com\\\/faqs\\\/how-long-do-car-accident-settlements-take\\\/\",\"url\":\"https:\\\/\\\/plg-pllc.com\\\/faqs\\\/how-long-do-car-accident-settlements-take\\\/\",\"name\":\"How Long Does a Car Accident Settlement Take?\",\"isPartOf\":{\"@id\":\"https:\\\/\\\/plg-pllc.com\\\/#website\"},\"primaryImageOfPage\":{\"@id\":\"https:\\\/\\\/plg-pllc.com\\\/faqs\\\/how-long-do-car-accident-settlements-take\\\/#primaryimage\"},\"image\":{\"@id\":\"https:\\\/\\\/plg-pllc.com\\\/faqs\\\/how-long-do-car-accident-settlements-take\\\/#primaryimage\"},\"thumbnailUrl\":\"https:\\\/\\\/plg-pllc.com\\\/wp-content\\\/uploads\\\/2026\\\/05\\\/how-long-do-car-accident-settlements-take.jpg\",\"datePublished\":\"2026-05-05T13:12:44+00:00\",\"description\":\"How long do car accident settlements take? Find out from the dedicated team at Premier Law Group. Call for a free consultation.\",\"breadcrumb\":{\"@id\":\"https:\\\/\\\/plg-pllc.com\\\/faqs\\\/how-long-do-car-accident-settlements-take\\\/#breadcrumb\"},\"inLanguage\":\"es\",\"potentialAction\":[{\"@type\":\"ReadAction\",\"target\":[\"https:\\\/\\\/plg-pllc.com\\\/faqs\\\/how-long-do-car-accident-settlements-take\\\/\"]}]},{\"@type\":\"ImageObject\",\"inLanguage\":\"es\",\"@id\":\"https:\\\/\\\/plg-pllc.com\\\/faqs\\\/how-long-do-car-accident-settlements-take\\\/#primaryimage\",\"url\":\"https:\\\/\\\/plg-pllc.com\\\/wp-content\\\/uploads\\\/2026\\\/05\\\/how-long-do-car-accident-settlements-take.jpg\",\"contentUrl\":\"https:\\\/\\\/plg-pllc.com\\\/wp-content\\\/uploads\\\/2026\\\/05\\\/how-long-do-car-accident-settlements-take.jpg\",\"width\":1000,\"height\":667,\"caption\":\"A man and a woman on the phone after a car accident. How long do car accident settlements take?\"},{\"@type\":\"BreadcrumbList\",\"@id\":\"https:\\\/\\\/plg-pllc.com\\\/faqs\\\/how-long-do-car-accident-settlements-take\\\/#breadcrumb\",\"itemListElement\":[{\"@type\":\"ListItem\",\"position\":1,\"name\":\"Home\",\"item\":\"https:\\\/\\\/plg-pllc.com\\\/es\\\/\"},{\"@type\":\"ListItem\",\"position\":2,\"name\":\"FAQs\",\"item\":\"https:\\\/\\\/plg-pllc.com\\\/es\\\/faqs\\\/\"},{\"@type\":\"ListItem\",\"position\":3,\"name\":\"How Long Do Car Accident Settlements Take?\"}]},{\"@type\":\"WebSite\",\"@id\":\"https:\\\/\\\/plg-pllc.com\\\/#website\",\"url\":\"https:\\\/\\\/plg-pllc.com\\\/\",\"name\":\"Premier Law Group\",\"description\":\"Washington Wrongful Death and Serious Injury Lawyer\",\"publisher\":{\"@id\":\"https:\\\/\\\/plg-pllc.com\\\/#organization\"},\"inLanguage\":\"es\"},{\"@type\":\"Organization\",\"@id\":\"https:\\\/\\\/plg-pllc.com\\\/#organization\",\"name\":\"Premier Law Group\",\"url\":\"https:\\\/\\\/plg-pllc.com\\\/\",\"logo\":{\"@type\":\"ImageObject\",\"inLanguage\":\"es\",\"@id\":\"https:\\\/\\\/plg-pllc.com\\\/#\\\/schema\\\/logo\\\/image\\\/\",\"url\":\"https:\\\/\\\/plg-pllc.com\\\/wp-content\\\/uploads\\\/2020\\\/10\\\/plg-logo-v2.gif\",\"contentUrl\":\"https:\\\/\\\/plg-pllc.com\\\/wp-content\\\/uploads\\\/2020\\\/10\\\/plg-logo-v2.gif\",\"width\":592,\"height\":191,\"caption\":\"Premier Law Group\"},\"image\":{\"@id\":\"https:\\\/\\\/plg-pllc.com\\\/#\\\/schema\\\/logo\\\/image\\\/\"},\"sameAs\":[\"https:\\\/\\\/www.facebook.com\\\/premierlawgroup\",\"https:\\\/\\\/x.com\\\/premierlawgroup\"]}]}<\/script>\n<!-- \/ Yoast SEO plugin. -->","yoast_head_json":{"title":"\u00bfCu\u00e1nto tiempo tarda en resolverse un acuerdo por un accidente de coche?","description":"\u00bfCu\u00e1nto tiempo tardan las indemnizaciones por accidentes de tr\u00e1fico? El equipo especializado de Premier Law Group le informar\u00e1. Llame para una consulta gratuita.","robots":{"index":"index","follow":"follow","max-snippet":"max-snippet:-1","max-image-preview":"max-image-preview:large","max-video-preview":"max-video-preview:-1"},"canonical":"https:\/\/plg-pllc.com\/es\/faqs\/how-long-do-car-accident-settlements-take\/","og_locale":"es_MX","og_type":"article","og_title":"How Long Does a Car Accident Settlement Take?","og_description":"How long do car accident settlements take? Find out from the dedicated team at Premier Law Group. Call for a free consultation.","og_url":"https:\/\/plg-pllc.com\/es\/faqs\/how-long-do-car-accident-settlements-take\/","og_site_name":"Premier Law Group","article_publisher":"https:\/\/www.facebook.com\/premierlawgroup","og_image":[{"width":1000,"height":667,"url":"https:\/\/plg-pllc.com\/wp-content\/uploads\/2026\/05\/how-long-do-car-accident-settlements-take.jpg","type":"image\/jpeg"}],"twitter_card":"summary_large_image","twitter_site":"@premierlawgroup","twitter_misc":{"Tiempo de lectura":"5 minutos"},"schema":{"@context":"https:\/\/schema.org","@graph":[{"@type":"WebPage","@id":"https:\/\/plg-pllc.com\/faqs\/how-long-do-car-accident-settlements-take\/","url":"https:\/\/plg-pllc.com\/faqs\/how-long-do-car-accident-settlements-take\/","name":"\u00bfCu\u00e1nto tiempo tarda en resolverse un acuerdo por un accidente de coche?","isPartOf":{"@id":"https:\/\/plg-pllc.com\/#website"},"primaryImageOfPage":{"@id":"https:\/\/plg-pllc.com\/faqs\/how-long-do-car-accident-settlements-take\/#primaryimage"},"image":{"@id":"https:\/\/plg-pllc.com\/faqs\/how-long-do-car-accident-settlements-take\/#primaryimage"},"thumbnailUrl":"https:\/\/plg-pllc.com\/wp-content\/uploads\/2026\/05\/how-long-do-car-accident-settlements-take.jpg","datePublished":"2026-05-05T13:12:44+00:00","description":"\u00bfCu\u00e1nto tiempo tardan las indemnizaciones por accidentes de tr\u00e1fico? El equipo especializado de Premier Law Group le informar\u00e1. Llame para una consulta gratuita.","breadcrumb":{"@id":"https:\/\/plg-pllc.com\/faqs\/how-long-do-car-accident-settlements-take\/#breadcrumb"},"inLanguage":"es","potentialAction":[{"@type":"ReadAction","target":["https:\/\/plg-pllc.com\/faqs\/how-long-do-car-accident-settlements-take\/"]}]},{"@type":"ImageObject","inLanguage":"es","@id":"https:\/\/plg-pllc.com\/faqs\/how-long-do-car-accident-settlements-take\/#primaryimage","url":"https:\/\/plg-pllc.com\/wp-content\/uploads\/2026\/05\/how-long-do-car-accident-settlements-take.jpg","contentUrl":"https:\/\/plg-pllc.com\/wp-content\/uploads\/2026\/05\/how-long-do-car-accident-settlements-take.jpg","width":1000,"height":667,"caption":"A man and a woman on the phone after a car accident. How long do car accident settlements take?"},{"@type":"BreadcrumbList","@id":"https:\/\/plg-pllc.com\/faqs\/how-long-do-car-accident-settlements-take\/#breadcrumb","itemListElement":[{"@type":"ListItem","position":1,"name":"Home","item":"https:\/\/plg-pllc.com\/es\/"},{"@type":"ListItem","position":2,"name":"FAQs","item":"https:\/\/plg-pllc.com\/es\/faqs\/"},{"@type":"ListItem","position":3,"name":"How Long Do Car Accident Settlements Take?"}]},{"@type":"WebSite","@id":"https:\/\/plg-pllc.com\/#website","url":"https:\/\/plg-pllc.com\/","name":"Grupo de abogados Premier","description":"Abogado de muerte por negligencia y lesiones graves en Washington","publisher":{"@id":"https:\/\/plg-pllc.com\/#organization"},"inLanguage":"es"},{"@type":"Organization","@id":"https:\/\/plg-pllc.com\/#organization","name":"Grupo de abogados Premier","url":"https:\/\/plg-pllc.com\/","logo":{"@type":"ImageObject","inLanguage":"es","@id":"https:\/\/plg-pllc.com\/#\/schema\/logo\/image\/","url":"https:\/\/plg-pllc.com\/wp-content\/uploads\/2020\/10\/plg-logo-v2.gif","contentUrl":"https:\/\/plg-pllc.com\/wp-content\/uploads\/2020\/10\/plg-logo-v2.gif","width":592,"height":191,"caption":"Premier Law Group"},"image":{"@id":"https:\/\/plg-pllc.com\/#\/schema\/logo\/image\/"},"sameAs":["https:\/\/www.facebook.com\/premierlawgroup","https:\/\/x.com\/premierlawgroup"]}]}},"_links":{"self":[{"href":"https:\/\/plg-pllc.com\/es\/wp-json\/wp\/v2\/pages\/21763","targetHints":{"allow":["GET"]}}],"collection":[{"href":"https:\/\/plg-pllc.com\/es\/wp-json\/wp\/v2\/pages"}],"about":[{"href":"https:\/\/plg-pllc.com\/es\/wp-json\/wp\/v2\/types\/page"}],"author":[{"embeddable":true,"href":"https:\/\/plg-pllc.com\/es\/wp-json\/wp\/v2\/users\/59"}],"replies":[{"embeddable":true,"href":"https:\/\/plg-pllc.com\/es\/wp-json\/wp\/v2\/comments?post=21763"}],"version-history":[{"count":0,"href":"https:\/\/plg-pllc.com\/es\/wp-json\/wp\/v2\/pages\/21763\/revisions"}],"up":[{"embeddable":true,"href":"https:\/\/plg-pllc.com\/es\/wp-json\/wp\/v2\/pages\/20714"}],"wp:featuredmedia":[{"embeddable":true,"href":"https:\/\/plg-pllc.com\/es\/wp-json\/wp\/v2\/media\/21764"}],"wp:attachment":[{"href":"https:\/\/plg-pllc.com\/es\/wp-json\/wp\/v2\/media?parent=21763"}],"wp:term":[{"taxonomy":"hc_faqs","embeddable":true,"href":"https:\/\/plg-pllc.com\/es\/wp-json\/wp\/v2\/hc_faqs?post=21763"}],"curies":[{"name":"gracias","href":"https:\/\/api.w.org\/{rel}","templated":true}]}}