{"id":3016,"date":"2011-01-07T13:48:20","date_gmt":"2011-01-07T21:48:20","guid":{"rendered":"https:\/\/plg-pllc.com\/"},"modified":"2025-07-29T07:46:48","modified_gmt":"2025-07-29T14:46:48","slug":"talking-to-your-teen-about-texting-while-driving-kent-injury-lawyer","status":"publish","type":"page","link":"https:\/\/plg-pllc.com\/es\/faqs\/talking-to-your-teen-about-texting-while-driving-kent-injury-lawyer\/","title":{"rendered":"C\u00f3mo hablar con su hijo adolescente sobre enviar mensajes de texto mientras conduce"},"content":{"rendered":"<p>Ser un abogado de accidentes automovil\u00edsticos en Seattle y <a href=\"https:\/\/plg-pllc.com\/bellevue\/wrongful-death-lawyer\/\">Abogado de muerte por negligencia en Bellevue<\/a> He visto una buena cantidad de accidentes automovil\u00edsticos fatales entre adolescentes y la epidemia de enviar mensajes de texto mientras se conduce parece estar aumentando estas cifras. State Farm <a href=\"https:\/\/www.autoblog.com\/news\/study-teens-dont-think-texting-while-driving-is-as-dangerous-a\">Estudio sobre enviar mensajes de texto mientras se conduce<\/a> Un estudio publicado en oto\u00f1o de 2010 muestra la actitud laxa que tienen los adolescentes con respecto a enviar mensajes de texto mientras se conduce. Seg\u00fan el estudio, que fue una encuesta a adolescentes de entre 14 y 17 a\u00f1os, la mayor\u00eda de los adolescentes no cree que enviar mensajes de texto mientras se conduce pueda resultar fatal. El 351% de los adolescentes cre\u00eda firmemente que enviar mensajes de texto mientras se conduce puede ser fatal, mientras que el 551% cre\u00eda que conducir ebrio puede ser fatal. Los adolescentes tambi\u00e9n cre\u00edan que es m\u00e1s probable que tengan un accidente conduciendo ebrios que enviando mensajes de texto mientras se conduce. Sin embargo, en realidad, enviar mensajes de texto mientras se conduce aumenta la distancia de frenado aproximadamente ocho veces m\u00e1s que conducir bajo los efectos del alcohol.<\/p>\n<p>Como padre, probablemente te est\u00e9s preguntando por qu\u00e9 los adolescentes tienen una visi\u00f3n tan distorsionada de los mensajes de texto mientras conducen: esto se puede atribuir a algunos problemas diferentes: la falta de cobertura de los medios, la visi\u00f3n de la sociedad sobre los mensajes de texto y el ejemplo.<\/p>\n<ul>\n<li>Falta de cobertura medi\u00e1tica: despu\u00e9s de a\u00f1os de muertes por conducir en estado de ebriedad, se crearon grupos como MADD para educar a la sociedad sobre los peligros fatales de conducir en estado de ebriedad. Estos grupos no solo salieron a hablar en las escuelas, etc. sobre la conducci\u00f3n en estado de ebriedad, sino que tambi\u00e9n iniciaron campa\u00f1as contra la conducci\u00f3n en estado de ebriedad en la televisi\u00f3n para difundir el mensaje.<\/li>\n<li>La opini\u00f3n de la sociedad: Si bien la sociedad tiene una opini\u00f3n muy negativa sobre conducir en estado de ebriedad, el uso del tel\u00e9fono celular mientras se conduce a\u00fan no se considera irresponsable a los ojos de la sociedad. Esto se debe en parte a que el consumo de alcohol tiene restricciones y limitaciones de edad, mientras que el env\u00edo de mensajes de texto se considera inofensivo para el cuerpo y la mente y los ni\u00f1os peque\u00f1os han optado por enviar mensajes de texto en lugar de interactuar de manera habitual.<\/li>\n<li>Ejemplo: Los padres son m\u00e1s propensos a enviar mensajes de texto mientras conducen que los adolescentes. Si los padres no env\u00edan un mensaje contundente de \u201cno enviar mensajes de texto mientras conducen\u201d y, de hecho, ellos mismos env\u00edan mensajes de texto mientras conducen, es m\u00e1s probable que los adolescentes env\u00eden mensajes de texto mientras conducen.<\/li>\n<\/ul><p><strong>\u00bfC\u00f3mo evitar que su hijo adolescente env\u00ede mensajes de texto mientras conduce?<\/strong><\/p>\n<p>Hay algunos pasos sencillos que puede seguir para ayudar a evitar que su hijo se vea involucrado en un accidente fatal al enviar mensajes de texto mientras conduce:<\/p>\n<ul>\n<li>D\u00e9 el ejemplo: \u00a1No env\u00ede mensajes de texto ni utilice el tel\u00e9fono m\u00f3vil mientras conduce! Si sus hijos ven que usted env\u00eda mensajes de texto mientras conduce, ser\u00e1 m\u00e1s probable que lo hagan ellos mismos, pero si establece una regla de que no enviar\u00e1 mensajes de texto mientras conduce, siempre se abrocha el cintur\u00f3n de seguridad y obedece las normas de tr\u00e1nsito comunes, sus hijos aprender\u00e1n del ejemplo.<\/li>\n<li>Hablar: Hable abiertamente con sus hijos sobre los peligros de enviar mensajes de texto mientras conduce. Los estudios demuestran que los padres que hablan abiertamente de sus creencias y valores con sus hijos tienen menos probabilidades de que estos abusen de las drogas y el alcohol.<\/li>\n<li>Establezca reglas: establezca una regla que proh\u00edba enviar mensajes de texto mientras conduce y aseg\u00farese de hacerla cumplir. Si su hijo adolescente sabe que perder\u00e1 su licencia si env\u00eda mensajes de texto mientras conduce, ser\u00e1 mucho menos probable que lo haga.<\/li>\n<li>H\u00e1gales saber lo que sucede: los horribles accidentes fatales por enviar mensajes de texto mientras se conduce que han estado inundando los medios son ejemplos reales de lo peligroso que es enviar mensajes de texto al volante. Los enlaces a continuaci\u00f3n le brindar\u00e1n algunos recursos \u00fatiles para iniciar la conversaci\u00f3n con su hijo adolescente.<\/li>\n<li>Haz el compromiso: Visita <a href=\"https:\/\/www.teensagainstdistracteddriving.com\/\">Los adolescentes contra las distracciones al volante<\/a> y comprom\u00e9tete con tu hijo adolescente a no enviar mensajes de texto mientras conduce.<\/li>\n<\/ul>\n<p><a href=\"https:\/\/www.teensagainstdistracteddriving.com\/\">Los adolescentes contra las distracciones al volante<\/a><\/p>\n\n        <div class=\"rs-content-cta\">\n            <p>Llamar o enviar mensaje de texto <a href=\"tel:+12062851743\">(206) 285-1743<\/a> o complete un formulario de evaluaci\u00f3n de caso gratuito<\/p>\n            <a href=\"https:\/\/plg-pllc.com\/es\/contact-us\/\" title=\"OBTENGA UNA EVALUACI\u00d3N DE CASO GRATUITA\" class=\"btn-global\">OBTENGA UNA EVALUACI\u00d3N DE CASO GRATUITA<\/a>\n                    <picture>\n                            <source srcset=\"https:\/\/plg-pllc.com\/wp-content\/themes\/plg-pllc-redesign\/assets\/app\/img\/cta-thumb.webp\" type=\"image\/webp\"\/>\n                            <img src=\"https:\/\/plg-pllc.com\/wp-content\/themes\/plg-pllc-redesign\/assets\/app\/img\/cta-thumb.png\" alt=\"Grupo de abogados Premier\" title=\"Grupo de abogados Premier\" width=\"245\" height=\"220\" loading=\"auto\" fetchpriority=\"auto\" decoding=\"async\"\/>\n        <\/picture>\n        \n        <\/div>","protected":false},"excerpt":{"rendered":"<p>Como abogado especializado en accidentes de tr\u00e1fico en Seattle y Bellevue, especializado en homicidio culposo, he presenciado numerosos accidentes mortales de tr\u00e1fico entre adolescentes, y la epidemia de mensajes de texto al volante parece estar aumentando estas cifras. Un estudio de State Farm sobre el uso de mensajes de texto al volante, publicado en oto\u00f1o de 2010, muestra la actitud laxa de los adolescentes hacia el uso de mensajes de texto...<\/p>","protected":false},"author":2,"featured_media":0,"parent":20714,"menu_order":12,"comment_status":"closed","ping_status":"closed","template":"","meta":{"_acf_changed":false,"_genesis_hide_title":false,"_genesis_hide_breadcrumbs":false,"_genesis_hide_singular_image":false,"_genesis_hide_footer_widgets":false,"_genesis_custom_body_class":"","_genesis_custom_post_class":"","_genesis_layout":"","footnotes":""},"hc_faqs":[10344],"class_list":{"0":"post-3016","1":"page","2":"type-page","3":"status-publish","5":"hc_faqs-car-accident","6":"entry"},"acf":[],"yoast_head":"<!-- This site is optimized with the Yoast SEO plugin v27.4 - https:\/\/yoast.com\/product\/yoast-seo-wordpress\/ -->\n<title>Talking to Your Teen about Texting While Driving | Premier Law Group<\/title>\n<meta name=\"description\" content=\"Fatal teen car crashes caused by texting and driving are disturbingly common. Talk to your teen about the consequences before it&#039;s too late.\" \/>\n<meta name=\"robots\" content=\"index, follow, max-snippet:-1, max-image-preview:large, max-video-preview:-1\" \/>\n<link rel=\"canonical\" href=\"https:\/\/plg-pllc.com\/es\/faqs\/talking-to-your-teen-about-texting-while-driving-kent-injury-lawyer\/\" \/>\n<meta property=\"og:locale\" content=\"es_MX\" \/>\n<meta property=\"og:type\" content=\"article\" \/>\n<meta property=\"og:title\" content=\"Talking to Your Teen about Texting While Driving | Premier Law Group\" \/>\n<meta property=\"og:description\" content=\"Fatal teen car crashes caused by texting and driving are disturbingly common. Talk to your teen about the consequences before it&#039;s too late.\" \/>\n<meta property=\"og:url\" content=\"https:\/\/plg-pllc.com\/es\/faqs\/talking-to-your-teen-about-texting-while-driving-kent-injury-lawyer\/\" \/>\n<meta property=\"og:site_name\" content=\"Premier Law Group\" \/>\n<meta property=\"article:publisher\" content=\"https:\/\/www.facebook.com\/premierlawgroup\" \/>\n<meta property=\"article:modified_time\" content=\"2025-07-29T14:46:48+00:00\" \/>\n<meta name=\"twitter:card\" content=\"summary_large_image\" \/>\n<meta name=\"twitter:site\" content=\"@premierlawgroup\" \/>\n<meta name=\"twitter:label1\" content=\"Tiempo de lectura\" \/>\n\t<meta name=\"twitter:data1\" content=\"3 minutos\" \/>\n<script type=\"application\/ld+json\" class=\"yoast-schema-graph\">{\"@context\":\"https:\\\/\\\/schema.org\",\"@graph\":[{\"@type\":\"WebPage\",\"@id\":\"https:\\\/\\\/plg-pllc.com\\\/faqs\\\/talking-to-your-teen-about-texting-while-driving-kent-injury-lawyer\\\/\",\"url\":\"https:\\\/\\\/plg-pllc.com\\\/faqs\\\/talking-to-your-teen-about-texting-while-driving-kent-injury-lawyer\\\/\",\"name\":\"Talking to Your Teen about Texting While Driving | Premier Law Group\",\"isPartOf\":{\"@id\":\"https:\\\/\\\/plg-pllc.com\\\/#website\"},\"datePublished\":\"2011-01-07T21:48:20+00:00\",\"dateModified\":\"2025-07-29T14:46:48+00:00\",\"description\":\"Fatal teen car crashes caused by texting and driving are disturbingly common. Talk to your teen about the consequences before it's too late.\",\"breadcrumb\":{\"@id\":\"https:\\\/\\\/plg-pllc.com\\\/faqs\\\/talking-to-your-teen-about-texting-while-driving-kent-injury-lawyer\\\/#breadcrumb\"},\"inLanguage\":\"es\",\"potentialAction\":[{\"@type\":\"ReadAction\",\"target\":[\"https:\\\/\\\/plg-pllc.com\\\/faqs\\\/talking-to-your-teen-about-texting-while-driving-kent-injury-lawyer\\\/\"]}]},{\"@type\":\"BreadcrumbList\",\"@id\":\"https:\\\/\\\/plg-pllc.com\\\/faqs\\\/talking-to-your-teen-about-texting-while-driving-kent-injury-lawyer\\\/#breadcrumb\",\"itemListElement\":[{\"@type\":\"ListItem\",\"position\":1,\"name\":\"Home\",\"item\":\"https:\\\/\\\/plg-pllc.com\\\/es\\\/\"},{\"@type\":\"ListItem\",\"position\":2,\"name\":\"FAQs\",\"item\":\"https:\\\/\\\/plg-pllc.com\\\/es\\\/faqs\\\/\"},{\"@type\":\"ListItem\",\"position\":3,\"name\":\"Talking to Your Teen about Texting While Driving\"}]},{\"@type\":\"WebSite\",\"@id\":\"https:\\\/\\\/plg-pllc.com\\\/#website\",\"url\":\"https:\\\/\\\/plg-pllc.com\\\/\",\"name\":\"Premier Law Group\",\"description\":\"Washington Wrongful Death and Serious Injury Lawyer\",\"publisher\":{\"@id\":\"https:\\\/\\\/plg-pllc.com\\\/#organization\"},\"inLanguage\":\"es\"},{\"@type\":\"Organization\",\"@id\":\"https:\\\/\\\/plg-pllc.com\\\/#organization\",\"name\":\"Premier Law Group\",\"url\":\"https:\\\/\\\/plg-pllc.com\\\/\",\"logo\":{\"@type\":\"ImageObject\",\"inLanguage\":\"es\",\"@id\":\"https:\\\/\\\/plg-pllc.com\\\/#\\\/schema\\\/logo\\\/image\\\/\",\"url\":\"https:\\\/\\\/plg-pllc.com\\\/wp-content\\\/uploads\\\/2020\\\/10\\\/plg-logo-v2.gif\",\"contentUrl\":\"https:\\\/\\\/plg-pllc.com\\\/wp-content\\\/uploads\\\/2020\\\/10\\\/plg-logo-v2.gif\",\"width\":592,\"height\":191,\"caption\":\"Premier Law Group\"},\"image\":{\"@id\":\"https:\\\/\\\/plg-pllc.com\\\/#\\\/schema\\\/logo\\\/image\\\/\"},\"sameAs\":[\"https:\\\/\\\/www.facebook.com\\\/premierlawgroup\",\"https:\\\/\\\/x.com\\\/premierlawgroup\"]}]}<\/script>\n<!-- \/ Yoast SEO plugin. -->","yoast_head_json":{"title":"C\u00f3mo hablar con su hijo adolescente sobre los mensajes de texto mientras conduce | Premier Law Group","description":"Los accidentes automovil\u00edsticos fatales entre adolescentes causados por enviar mensajes de texto mientras conducen son alarmantemente comunes. Hable con su hijo adolescente sobre las consecuencias antes de que sea demasiado tarde.","robots":{"index":"index","follow":"follow","max-snippet":"max-snippet:-1","max-image-preview":"max-image-preview:large","max-video-preview":"max-video-preview:-1"},"canonical":"https:\/\/plg-pllc.com\/es\/faqs\/talking-to-your-teen-about-texting-while-driving-kent-injury-lawyer\/","og_locale":"es_MX","og_type":"article","og_title":"Talking to Your Teen about Texting While Driving | Premier Law Group","og_description":"Fatal teen car crashes caused by texting and driving are disturbingly common. Talk to your teen about the consequences before it's too late.","og_url":"https:\/\/plg-pllc.com\/es\/faqs\/talking-to-your-teen-about-texting-while-driving-kent-injury-lawyer\/","og_site_name":"Premier Law Group","article_publisher":"https:\/\/www.facebook.com\/premierlawgroup","article_modified_time":"2025-07-29T14:46:48+00:00","twitter_card":"summary_large_image","twitter_site":"@premierlawgroup","twitter_misc":{"Tiempo de lectura":"3 minutos"},"schema":{"@context":"https:\/\/schema.org","@graph":[{"@type":"WebPage","@id":"https:\/\/plg-pllc.com\/faqs\/talking-to-your-teen-about-texting-while-driving-kent-injury-lawyer\/","url":"https:\/\/plg-pllc.com\/faqs\/talking-to-your-teen-about-texting-while-driving-kent-injury-lawyer\/","name":"C\u00f3mo hablar con su hijo adolescente sobre los mensajes de texto mientras conduce | Premier Law Group","isPartOf":{"@id":"https:\/\/plg-pllc.com\/#website"},"datePublished":"2011-01-07T21:48:20+00:00","dateModified":"2025-07-29T14:46:48+00:00","description":"Los accidentes automovil\u00edsticos fatales entre adolescentes causados por enviar mensajes de texto mientras conducen son alarmantemente comunes. Hable con su hijo adolescente sobre las consecuencias antes de que sea demasiado tarde.","breadcrumb":{"@id":"https:\/\/plg-pllc.com\/faqs\/talking-to-your-teen-about-texting-while-driving-kent-injury-lawyer\/#breadcrumb"},"inLanguage":"es","potentialAction":[{"@type":"ReadAction","target":["https:\/\/plg-pllc.com\/faqs\/talking-to-your-teen-about-texting-while-driving-kent-injury-lawyer\/"]}]},{"@type":"BreadcrumbList","@id":"https:\/\/plg-pllc.com\/faqs\/talking-to-your-teen-about-texting-while-driving-kent-injury-lawyer\/#breadcrumb","itemListElement":[{"@type":"ListItem","position":1,"name":"Home","item":"https:\/\/plg-pllc.com\/es\/"},{"@type":"ListItem","position":2,"name":"FAQs","item":"https:\/\/plg-pllc.com\/es\/faqs\/"},{"@type":"ListItem","position":3,"name":"Talking to Your Teen about Texting While Driving"}]},{"@type":"WebSite","@id":"https:\/\/plg-pllc.com\/#website","url":"https:\/\/plg-pllc.com\/","name":"Grupo de abogados Premier","description":"Abogado de muerte por negligencia y lesiones graves en Washington","publisher":{"@id":"https:\/\/plg-pllc.com\/#organization"},"inLanguage":"es"},{"@type":"Organization","@id":"https:\/\/plg-pllc.com\/#organization","name":"Grupo de abogados Premier","url":"https:\/\/plg-pllc.com\/","logo":{"@type":"ImageObject","inLanguage":"es","@id":"https:\/\/plg-pllc.com\/#\/schema\/logo\/image\/","url":"https:\/\/plg-pllc.com\/wp-content\/uploads\/2020\/10\/plg-logo-v2.gif","contentUrl":"https:\/\/plg-pllc.com\/wp-content\/uploads\/2020\/10\/plg-logo-v2.gif","width":592,"height":191,"caption":"Premier Law Group"},"image":{"@id":"https:\/\/plg-pllc.com\/#\/schema\/logo\/image\/"},"sameAs":["https:\/\/www.facebook.com\/premierlawgroup","https:\/\/x.com\/premierlawgroup"]}]}},"_links":{"self":[{"href":"https:\/\/plg-pllc.com\/es\/wp-json\/wp\/v2\/pages\/3016","targetHints":{"allow":["GET"]}}],"collection":[{"href":"https:\/\/plg-pllc.com\/es\/wp-json\/wp\/v2\/pages"}],"about":[{"href":"https:\/\/plg-pllc.com\/es\/wp-json\/wp\/v2\/types\/page"}],"author":[{"embeddable":true,"href":"https:\/\/plg-pllc.com\/es\/wp-json\/wp\/v2\/users\/2"}],"replies":[{"embeddable":true,"href":"https:\/\/plg-pllc.com\/es\/wp-json\/wp\/v2\/comments?post=3016"}],"version-history":[{"count":0,"href":"https:\/\/plg-pllc.com\/es\/wp-json\/wp\/v2\/pages\/3016\/revisions"}],"up":[{"embeddable":true,"href":"https:\/\/plg-pllc.com\/es\/wp-json\/wp\/v2\/pages\/20714"}],"wp:attachment":[{"href":"https:\/\/plg-pllc.com\/es\/wp-json\/wp\/v2\/media?parent=3016"}],"wp:term":[{"taxonomy":"hc_faqs","embeddable":true,"href":"https:\/\/plg-pllc.com\/es\/wp-json\/wp\/v2\/hc_faqs?post=3016"}],"curies":[{"name":"gracias","href":"https:\/\/api.w.org\/{rel}","templated":true}]}}