{"id":3329,"date":"2011-01-31T12:22:04","date_gmt":"2011-01-31T19:22:04","guid":{"rendered":"https:\/\/plg-pllc.com\/"},"modified":"2025-01-08T06:39:28","modified_gmt":"2025-01-08T14:39:28","slug":"washington-wrongful-death-book","status":"publish","type":"page","link":"https:\/\/plg-pllc.com\/es\/books\/washington-wrongful-death\/","title":{"rendered":"Libro gratuito sobre muerte por negligencia en Washington"},"content":{"rendered":"<h2 class=\"wp-block-heading\" id=\"h-in-case-of-death-straight-talk-on-washington-wrongful-death\">En caso de muerte: una conversaci\u00f3n sincera sobre la muerte por negligencia en Washington<\/h2>\r\n\r\n\r\n<div class=\"wp-block-image\">\r\n<figure class=\"alignleft\"><img loading=\"lazy\" decoding=\"async\" width=\"150\" height=\"223\" class=\"wp-image-17023\" src=\"https:\/\/plg-pllc.com\/wp-content\/uploads\/2019\/05\/plg-in-case-of-death-book.png\" alt=\"En caso de muerte gu\u00eda\" srcset=\"https:\/\/plg-pllc.com\/wp-content\/uploads\/2019\/05\/plg-in-case-of-death-book.png 150w, https:\/\/plg-pllc.com\/wp-content\/uploads\/2019\/05\/plg-in-case-of-death-book-135x200.png 135w\" sizes=\"auto, (max-width: 150px) 100vw, 150px\" \/><\/figure>\r\n<\/div>\r\n\r\n\r\n<p>Perder a un ser querido es una de las realidades m\u00e1s devastadoras y dif\u00edciles de la vida. Esto es especialmente cierto si la muerte fue a manos de otra persona o debido al error o descuido de otra persona. En las situaciones de muerte por negligencia en Washington, hay muchas preguntas sobre qu\u00e9 hacer y a d\u00f3nde acudir para obtener ayuda.<\/p>\r\n\r\n\r\n\r\n<p>El proceso legal en torno a la muerte por negligencia en Washington puede parecer abrumador. La percepci\u00f3n p\u00fablica de c\u00f3mo es realmente una demanda est\u00e1 determinada en gran medida por los dramas televisivos y la cobertura medi\u00e1tica de casos de alto perfil o de celebridades. Esto deja al p\u00fablico confundido porque nadie explica nunca c\u00f3mo se hacen las cosas. <em>en realidad<\/em> trabajar.<\/p>\r\n\r\n\r\n\r\n<p>En <a href=\"https:\/\/plg-pllc.com\/about-us\/\">Grupo de abogados Premier<\/a>Creemos que es deber de un abogado ayudar a las personas brind\u00e1ndoles informaci\u00f3n \u00fatil y de calidad en los momentos en que la necesitan. Tambi\u00e9n creemos en utilizar un lenguaje que tenga sentido para todos. Queremos que comprenda el proceso legal en torno a la muerte por negligencia y sepa qu\u00e9 esperar.<\/p>\r\n\r\n\r\n\r\n<p>Si bien puede sonar a clich\u00e9, nos dedicamos al \u00e1mbito legal para ayudar a las personas. Nos hemos centrado en ayudar a las personas lesionadas con sus casos de lesiones personales y muerte por negligencia. Despu\u00e9s de a\u00f1os de experiencia, hemos aprendido los entresijos de la obtenci\u00f3n de justicia y es un honor compartir nuestro conocimiento con usted.<\/p>\r\n\r\n\r\n\r\n<h2 class=\"wp-block-heading\" id=\"h-in-our-free-book-you-ll-discover\">En nuestro libro gratuito, descubrir\u00e1s:<\/h2>\r\n\r\n\r\n\r\n<ul class=\"wp-block-list\">\r\n<li>La definici\u00f3n legal de muerte por negligencia en Washington<\/li>\r\n<li>Tipos de reclamaciones por la muerte de un ser querido<\/li>\r\n<li>El proceso para una reclamaci\u00f3n por muerte por negligencia<\/li>\r\n<li>Por qu\u00e9 no se puede depender de las compa\u00f1\u00edas de seguros para honrar a los muertos<\/li>\r\n<li>Lo que un abogado especializado en muerte por negligencia en Washington deber\u00eda hacer por usted<\/li>\r\n<li>\u00bfQu\u00e9 factores determinan si el caso de su ser querido ir\u00e1 a juicio?<\/li>\r\n<li>Seis secretos internos sobre el manejo de demandas por muerte por negligencia<\/li>\r\n<li>Y m\u00e1s<\/li>\r\n<\/ul>\r\n\r\n\r\n\r\n<p>Complete el formulario a continuaci\u00f3n y le enviaremos una copia gratuita de <em>En caso de muerte: una conversaci\u00f3n sincera sobre la muerte por negligencia en Washington<\/em> lo antes posible.<\/p>\r\n\r\n\n    <div class=\"standard-form content\">\n        <div class=\"standard-form-head\">\n            <h3>Solicite el &quot;Libro gratuito sobre muerte por negligencia en Washington&quot; a Premier Law Group<\/h3>\n            <p>Complete el formulario a continuaci\u00f3n para solicitar una copia digital de la gu\u00eda de accidentes automovil\u00edsticos de Premier Law Group para residentes de Washington.<\/p>\n        <\/div>\n        <div class=\"lead-form\">\n            \n<div class=\"wpcf7 no-js\" id=\"wpcf7-f20601-o1\" lang=\"en\" dir=\"ltr\" data-wpcf7-id=\"20601\">\n<div class=\"screen-reader-response\"><p role=\"status\" aria-live=\"polite\" aria-atomic=\"true\"><\/p> <ul><\/ul><\/div>\n<form action=\"\/es\/wp-json\/wp\/v2\/pages\/3329#wpcf7-f20601-o1\" method=\"post\" class=\"wpcf7-form init\" aria-label=\"Formulario de contacto\" novalidate=\"novalidate\" data-status=\"init\" data-trp-original-action=\"\/es\/wp-json\/wp\/v2\/pages\/3329#wpcf7-f20601-o1\">\n<fieldset class=\"hidden-fields-container\"><input type=\"hidden\" name=\"_wpcf7\" value=\"20601\" \/><input type=\"hidden\" name=\"_wpcf7_version\" value=\"6.1.5\" \/><input type=\"hidden\" name=\"_wpcf7_locale\" value=\"en\" \/><input type=\"hidden\" name=\"_wpcf7_unit_tag\" value=\"wpcf7-f20601-o1\" \/><input type=\"hidden\" name=\"_wpcf7_container_post\" value=\"0\" \/><input type=\"hidden\" name=\"_wpcf7_posted_data_hash\" value=\"\" \/><input type=\"hidden\" name=\"conversion_url\" value=\"\" \/><input type=\"hidden\" name=\"landing_url\" value=\"\" \/><input type=\"hidden\" name=\"referrer_url\" value=\"\" \/><input type=\"hidden\" name=\"utm_source\" value=\"\" \/><input type=\"hidden\" name=\"utm_medium\" value=\"\" \/><input type=\"hidden\" name=\"utm_campaign\" value=\"\" \/><input type=\"hidden\" name=\"_wpcf7_recaptcha_response\" value=\"\" \/>\n<\/fieldset>\n<div class=\"row\">\n        <div class=\"col-12\">\n            <label>\n                <span class=\"wpcf7-form-control-wrap\" data-name=\"fullName\"><input size=\"40\" maxlength=\"400\" class=\"wpcf7-form-control wpcf7-text wpcf7-validates-as-required\" aria-required=\"true\" aria-invalid=\"false\" placeholder=\"Nombre completo*\" value=\"\" type=\"text\" name=\"fullName\" \/><\/span>\n            <\/label>\n        <\/div>\n        <div class=\"col-12\">\n            <label>\n                <span class=\"wpcf7-form-control-wrap\" data-name=\"email\"><input size=\"40\" maxlength=\"400\" class=\"wpcf7-form-control wpcf7-email wpcf7-validates-as-required wpcf7-text wpcf7-validates-as-email\" aria-required=\"true\" aria-invalid=\"false\" placeholder=\"Correo electr\u00f3nico*\" value=\"\" type=\"email\" name=\"email\" \/><\/span>\n            <\/label>\n        <\/div>\n        <div class=\"col-12\">\n<p style=\"color:black; font-size:14px; margin:0 auto;\">Al enviar este formulario, doy mi consentimiento para recibir SMS y llamadas telef\u00f3nicas, incluidas las realizadas mediante tecnolog\u00eda automatizada o IA, de Premier Law Group, PLLC. La frecuencia de los mensajes var\u00eda. Responda &quot;STOP&quot; para cancelar la suscripci\u00f3n. Pueden aplicarse tarifas por mensajes y datos.<\/p>\n            <div class=\"submit\">\n                <input class=\"wpcf7-form-control wpcf7-submit has-spinner btn-global\" type=\"submit\" value=\"Entregar\" \/>\n            <\/div>\n        <\/div>\n    <\/div>\n<input class=\"wpcf7-form-control wpcf7-hidden\" value=\"\" type=\"hidden\" name=\"conversion_url\" \/>\n<input class=\"wpcf7-form-control wpcf7-hidden\" value=\"\" type=\"hidden\" name=\"landing_url\" \/>\n<input class=\"wpcf7-form-control wpcf7-hidden\" value=\"\" type=\"hidden\" name=\"referrer_url\" \/>\n<input class=\"wpcf7-form-control wpcf7-hidden\" value=\"\" type=\"hidden\" name=\"utm_source\" \/>\n<input class=\"wpcf7-form-control wpcf7-hidden\" value=\"\" type=\"hidden\" name=\"utm_medium\" \/>\n<input class=\"wpcf7-form-control wpcf7-hidden\" value=\"\" type=\"hidden\" name=\"utm_campaign\" \/><p style=\"display: none !important;\" class=\"akismet-fields-container\" data-prefix=\"_wpcf7_ak_\"><label>\u0394<textarea name=\"_wpcf7_ak_hp_textarea\" cols=\"45\" rows=\"8\" maxlength=\"100\"><\/textarea><\/label><input type=\"hidden\" id=\"ak_js_1\" name=\"_wpcf7_ak_js\" value=\"22\"\/><script>\ndocument.getElementById( \"ak_js_1\" ).setAttribute( \"value\", ( new Date() ).getTime() );\n<\/script>\n<\/p><div class=\"wpcf7-response-output\" aria-hidden=\"true\"><\/div>\n<input type=\"hidden\" name=\"trp-form-language\" value=\"es\"\/><\/form>\n<\/div>\n        <\/div>\n    <\/div>","protected":false},"excerpt":{"rendered":"<p>En caso de muerte: una conversaci\u00f3n sincera sobre la muerte por negligencia en Washington Perder a un ser querido es una de las realidades m\u00e1s devastadoras y dif\u00edciles de la vida. Esto es especialmente cierto si la muerte fue a manos de otra persona o debido al error o descuido de otra persona. En las situaciones de muerte por negligencia en Washington, hay tantas \u2026<\/p>","protected":false},"author":2,"featured_media":17023,"parent":3363,"menu_order":15,"comment_status":"closed","ping_status":"closed","template":"","meta":{"_acf_changed":false,"_genesis_hide_title":false,"_genesis_hide_breadcrumbs":false,"_genesis_hide_singular_image":false,"_genesis_hide_footer_widgets":false,"_genesis_custom_body_class":"","_genesis_custom_post_class":"","_genesis_layout":"full-width-content","footnotes":""},"hc_faqs":[],"class_list":{"0":"post-3329","1":"page","2":"type-page","3":"status-publish","4":"has-post-thumbnail","6":"entry"},"acf":[],"yoast_head":"<!-- This site is optimized with the Yoast SEO plugin v27.4 - https:\/\/yoast.com\/product\/yoast-seo-wordpress\/ -->\n<title>Free Book About Washington Wrongful Death<\/title>\n<meta name=\"description\" content=\"Download our free Washington wrongful death book to understand the legal process around wrongful death and know what to expect.\" \/>\n<meta name=\"robots\" content=\"index, follow, max-snippet:-1, max-image-preview:large, max-video-preview:-1\" \/>\n<link rel=\"canonical\" href=\"https:\/\/plg-pllc.com\/es\/books\/washington-wrongful-death\/\" \/>\n<meta property=\"og:locale\" content=\"es_MX\" \/>\n<meta property=\"og:type\" content=\"article\" \/>\n<meta property=\"og:title\" content=\"Free Book About Washington Wrongful Death\" \/>\n<meta property=\"og:description\" content=\"Download our free Washington wrongful death book to understand the legal process around wrongful death and know what to expect.\" \/>\n<meta property=\"og:url\" content=\"https:\/\/plg-pllc.com\/es\/books\/washington-wrongful-death\/\" \/>\n<meta property=\"og:site_name\" content=\"Premier Law Group\" \/>\n<meta property=\"article:publisher\" content=\"https:\/\/www.facebook.com\/premierlawgroup\" \/>\n<meta property=\"article:modified_time\" content=\"2025-01-08T14:39:28+00:00\" \/>\n<meta property=\"og:image\" content=\"https:\/\/plg-pllc.com\/wp-content\/uploads\/2019\/05\/plg-in-case-of-death-book.png\" \/>\n\t<meta property=\"og:image:width\" content=\"150\" \/>\n\t<meta property=\"og:image:height\" content=\"223\" \/>\n\t<meta property=\"og:image:type\" content=\"image\/png\" \/>\n<meta name=\"twitter:card\" content=\"summary_large_image\" \/>\n<meta name=\"twitter:site\" content=\"@premierlawgroup\" \/>\n<meta name=\"twitter:label1\" content=\"Tiempo de lectura\" \/>\n\t<meta name=\"twitter:data1\" content=\"2 minutos\" \/>\n<script type=\"application\/ld+json\" class=\"yoast-schema-graph\">{\"@context\":\"https:\\\/\\\/schema.org\",\"@graph\":[{\"@type\":\"WebPage\",\"@id\":\"https:\\\/\\\/plg-pllc.com\\\/books\\\/washington-wrongful-death\\\/\",\"url\":\"https:\\\/\\\/plg-pllc.com\\\/books\\\/washington-wrongful-death\\\/\",\"name\":\"Free Book About Washington Wrongful Death\",\"isPartOf\":{\"@id\":\"https:\\\/\\\/plg-pllc.com\\\/#website\"},\"primaryImageOfPage\":{\"@id\":\"https:\\\/\\\/plg-pllc.com\\\/books\\\/washington-wrongful-death\\\/#primaryimage\"},\"image\":{\"@id\":\"https:\\\/\\\/plg-pllc.com\\\/books\\\/washington-wrongful-death\\\/#primaryimage\"},\"thumbnailUrl\":\"https:\\\/\\\/plg-pllc.com\\\/wp-content\\\/uploads\\\/2019\\\/05\\\/plg-in-case-of-death-book.png\",\"datePublished\":\"2011-01-31T19:22:04+00:00\",\"dateModified\":\"2025-01-08T14:39:28+00:00\",\"description\":\"Download our free Washington wrongful death book to understand the legal process around wrongful death and know what to expect.\",\"breadcrumb\":{\"@id\":\"https:\\\/\\\/plg-pllc.com\\\/books\\\/washington-wrongful-death\\\/#breadcrumb\"},\"inLanguage\":\"es\",\"potentialAction\":[{\"@type\":\"ReadAction\",\"target\":[\"https:\\\/\\\/plg-pllc.com\\\/books\\\/washington-wrongful-death\\\/\"]}]},{\"@type\":\"ImageObject\",\"inLanguage\":\"es\",\"@id\":\"https:\\\/\\\/plg-pllc.com\\\/books\\\/washington-wrongful-death\\\/#primaryimage\",\"url\":\"https:\\\/\\\/plg-pllc.com\\\/wp-content\\\/uploads\\\/2019\\\/05\\\/plg-in-case-of-death-book.png\",\"contentUrl\":\"https:\\\/\\\/plg-pllc.com\\\/wp-content\\\/uploads\\\/2019\\\/05\\\/plg-in-case-of-death-book.png\",\"width\":150,\"height\":223,\"caption\":\"in case of Washington wrongful death\"},{\"@type\":\"BreadcrumbList\",\"@id\":\"https:\\\/\\\/plg-pllc.com\\\/books\\\/washington-wrongful-death\\\/#breadcrumb\",\"itemListElement\":[{\"@type\":\"ListItem\",\"position\":1,\"name\":\"Home\",\"item\":\"https:\\\/\\\/plg-pllc.com\\\/es\\\/\"},{\"@type\":\"ListItem\",\"position\":2,\"name\":\"Books\",\"item\":\"https:\\\/\\\/plg-pllc.com\\\/es\\\/books\\\/\"},{\"@type\":\"ListItem\",\"position\":3,\"name\":\"Free Book About Washington Wrongful Death\"}]},{\"@type\":\"WebSite\",\"@id\":\"https:\\\/\\\/plg-pllc.com\\\/#website\",\"url\":\"https:\\\/\\\/plg-pllc.com\\\/\",\"name\":\"Premier Law Group\",\"description\":\"Washington Wrongful Death and Serious Injury Lawyer\",\"publisher\":{\"@id\":\"https:\\\/\\\/plg-pllc.com\\\/#organization\"},\"inLanguage\":\"es\"},{\"@type\":\"Organization\",\"@id\":\"https:\\\/\\\/plg-pllc.com\\\/#organization\",\"name\":\"Premier Law Group\",\"url\":\"https:\\\/\\\/plg-pllc.com\\\/\",\"logo\":{\"@type\":\"ImageObject\",\"inLanguage\":\"es\",\"@id\":\"https:\\\/\\\/plg-pllc.com\\\/#\\\/schema\\\/logo\\\/image\\\/\",\"url\":\"https:\\\/\\\/plg-pllc.com\\\/wp-content\\\/uploads\\\/2020\\\/10\\\/plg-logo-v2.gif\",\"contentUrl\":\"https:\\\/\\\/plg-pllc.com\\\/wp-content\\\/uploads\\\/2020\\\/10\\\/plg-logo-v2.gif\",\"width\":592,\"height\":191,\"caption\":\"Premier Law Group\"},\"image\":{\"@id\":\"https:\\\/\\\/plg-pllc.com\\\/#\\\/schema\\\/logo\\\/image\\\/\"},\"sameAs\":[\"https:\\\/\\\/www.facebook.com\\\/premierlawgroup\",\"https:\\\/\\\/x.com\\\/premierlawgroup\"]}]}<\/script>\n<!-- \/ Yoast SEO plugin. -->","yoast_head_json":{"title":"Libro gratuito sobre muerte por negligencia en Washington","description":"Descargue nuestro libro gratuito sobre muerte por negligencia en Washington para comprender el proceso legal en torno a la muerte por negligencia y saber qu\u00e9 esperar.","robots":{"index":"index","follow":"follow","max-snippet":"max-snippet:-1","max-image-preview":"max-image-preview:large","max-video-preview":"max-video-preview:-1"},"canonical":"https:\/\/plg-pllc.com\/es\/books\/washington-wrongful-death\/","og_locale":"es_MX","og_type":"article","og_title":"Free Book About Washington Wrongful Death","og_description":"Download our free Washington wrongful death book to understand the legal process around wrongful death and know what to expect.","og_url":"https:\/\/plg-pllc.com\/es\/books\/washington-wrongful-death\/","og_site_name":"Premier Law Group","article_publisher":"https:\/\/www.facebook.com\/premierlawgroup","article_modified_time":"2025-01-08T14:39:28+00:00","og_image":[{"width":150,"height":223,"url":"https:\/\/plg-pllc.com\/wp-content\/uploads\/2019\/05\/plg-in-case-of-death-book.png","type":"image\/png"}],"twitter_card":"summary_large_image","twitter_site":"@premierlawgroup","twitter_misc":{"Tiempo de lectura":"2 minutos"},"schema":{"@context":"https:\/\/schema.org","@graph":[{"@type":"WebPage","@id":"https:\/\/plg-pllc.com\/books\/washington-wrongful-death\/","url":"https:\/\/plg-pllc.com\/books\/washington-wrongful-death\/","name":"Libro gratuito sobre muerte por negligencia en Washington","isPartOf":{"@id":"https:\/\/plg-pllc.com\/#website"},"primaryImageOfPage":{"@id":"https:\/\/plg-pllc.com\/books\/washington-wrongful-death\/#primaryimage"},"image":{"@id":"https:\/\/plg-pllc.com\/books\/washington-wrongful-death\/#primaryimage"},"thumbnailUrl":"https:\/\/plg-pllc.com\/wp-content\/uploads\/2019\/05\/plg-in-case-of-death-book.png","datePublished":"2011-01-31T19:22:04+00:00","dateModified":"2025-01-08T14:39:28+00:00","description":"Descargue nuestro libro gratuito sobre muerte por negligencia en Washington para comprender el proceso legal en torno a la muerte por negligencia y saber qu\u00e9 esperar.","breadcrumb":{"@id":"https:\/\/plg-pllc.com\/books\/washington-wrongful-death\/#breadcrumb"},"inLanguage":"es","potentialAction":[{"@type":"ReadAction","target":["https:\/\/plg-pllc.com\/books\/washington-wrongful-death\/"]}]},{"@type":"ImageObject","inLanguage":"es","@id":"https:\/\/plg-pllc.com\/books\/washington-wrongful-death\/#primaryimage","url":"https:\/\/plg-pllc.com\/wp-content\/uploads\/2019\/05\/plg-in-case-of-death-book.png","contentUrl":"https:\/\/plg-pllc.com\/wp-content\/uploads\/2019\/05\/plg-in-case-of-death-book.png","width":150,"height":223,"caption":"in case of Washington wrongful death"},{"@type":"BreadcrumbList","@id":"https:\/\/plg-pllc.com\/books\/washington-wrongful-death\/#breadcrumb","itemListElement":[{"@type":"ListItem","position":1,"name":"Home","item":"https:\/\/plg-pllc.com\/es\/"},{"@type":"ListItem","position":2,"name":"Books","item":"https:\/\/plg-pllc.com\/es\/books\/"},{"@type":"ListItem","position":3,"name":"Free Book About Washington Wrongful Death"}]},{"@type":"WebSite","@id":"https:\/\/plg-pllc.com\/#website","url":"https:\/\/plg-pllc.com\/","name":"Grupo de abogados Premier","description":"Abogado de muerte por negligencia y lesiones graves en Washington","publisher":{"@id":"https:\/\/plg-pllc.com\/#organization"},"inLanguage":"es"},{"@type":"Organization","@id":"https:\/\/plg-pllc.com\/#organization","name":"Grupo de abogados Premier","url":"https:\/\/plg-pllc.com\/","logo":{"@type":"ImageObject","inLanguage":"es","@id":"https:\/\/plg-pllc.com\/#\/schema\/logo\/image\/","url":"https:\/\/plg-pllc.com\/wp-content\/uploads\/2020\/10\/plg-logo-v2.gif","contentUrl":"https:\/\/plg-pllc.com\/wp-content\/uploads\/2020\/10\/plg-logo-v2.gif","width":592,"height":191,"caption":"Premier Law Group"},"image":{"@id":"https:\/\/plg-pllc.com\/#\/schema\/logo\/image\/"},"sameAs":["https:\/\/www.facebook.com\/premierlawgroup","https:\/\/x.com\/premierlawgroup"]}]}},"_links":{"self":[{"href":"https:\/\/plg-pllc.com\/es\/wp-json\/wp\/v2\/pages\/3329","targetHints":{"allow":["GET"]}}],"collection":[{"href":"https:\/\/plg-pllc.com\/es\/wp-json\/wp\/v2\/pages"}],"about":[{"href":"https:\/\/plg-pllc.com\/es\/wp-json\/wp\/v2\/types\/page"}],"author":[{"embeddable":true,"href":"https:\/\/plg-pllc.com\/es\/wp-json\/wp\/v2\/users\/2"}],"replies":[{"embeddable":true,"href":"https:\/\/plg-pllc.com\/es\/wp-json\/wp\/v2\/comments?post=3329"}],"version-history":[{"count":0,"href":"https:\/\/plg-pllc.com\/es\/wp-json\/wp\/v2\/pages\/3329\/revisions"}],"up":[{"embeddable":true,"href":"https:\/\/plg-pllc.com\/es\/wp-json\/wp\/v2\/pages\/3363"}],"wp:featuredmedia":[{"embeddable":true,"href":"https:\/\/plg-pllc.com\/es\/wp-json\/wp\/v2\/media\/17023"}],"wp:attachment":[{"href":"https:\/\/plg-pllc.com\/es\/wp-json\/wp\/v2\/media?parent=3329"}],"wp:term":[{"taxonomy":"hc_faqs","embeddable":true,"href":"https:\/\/plg-pllc.com\/es\/wp-json\/wp\/v2\/hc_faqs?post=3329"}],"curies":[{"name":"gracias","href":"https:\/\/api.w.org\/{rel}","templated":true}]}}