{"id":3343,"date":"2011-01-31T12:58:19","date_gmt":"2011-01-31T19:58:19","guid":{"rendered":"https:\/\/plg-pllc.com\/"},"modified":"2025-01-08T06:38:07","modified_gmt":"2025-01-08T14:38:07","slug":"the-truth-about-washington-auto-accidents","status":"publish","type":"page","link":"https:\/\/plg-pllc.com\/es\/books\/truth-about-washington-auto-accidents\/","title":{"rendered":"La verdad sobre los accidentes automovil\u00edsticos en Washington"},"content":{"rendered":"<div class=\"wp-block-image\">\r\n<figure class=\"alignleft\"><img decoding=\"async\" class=\"wp-image-11316\" src=\"https:\/\/plg-pllc.com\/wp-content\/uploads\/2019\/05\/wa-auto-accidents-book.png\" alt=\"Accidente de auto-e1352318992143\" \/><\/figure>\r\n<\/div>\r\n\r\n\r\n<p>Si ha resultado herido en un accidente automovil\u00edstico en Washington, sin duda algunas de estas preguntas son las que le quitan el sue\u00f1o: \u00bfC\u00f3mo s\u00e9 a qu\u00e9 m\u00e9dico acudir? \u00bfQui\u00e9n va a pagar todas estas costosas facturas m\u00e9dicas? \u00bfC\u00f3mo voy a arreglar mi coche? \u00bfQu\u00e9 debo hacer cuando me llame la compa\u00f1\u00eda de seguros? \u00bfQui\u00e9n va a pagar todas estas facturas m\u00e9dicas costosas?<span style=\"font-size: inherit;\">\u00a0\u00bfC\u00f3mo pagar\u00e9 por el tiempo que falt\u00e9 al trabajo? \u00bfC\u00f3mo pondr\u00e9 comida en la mesa? \u00bfC\u00f3mo cuidar\u00e9 de mi familia? \u00bfQu\u00e9 pasa si no puedo volver a trabajar? \u00bfQu\u00e9 pasa si nunca vuelvo a ser el mismo?<\/span><\/p>\r\n\r\n\r\n\r\n<p>Usted merece respuestas a todas estas preguntas. Durante demasiado tiempo, las respuestas a estas preguntas han estado ocultas a usted y al resto del p\u00fablico. Claro, todos los abogados de accidentes automovil\u00edsticos de Washington lo saben, pero no se lo dir\u00e1n... a menos que los contrate. E incluso entonces, no le dir\u00e1n lo suficiente como para que usted pueda manejar su propio caso.<\/p>\r\n\r\n\r\n\r\n<p>Todo eso est\u00e1 a punto de cambiar. En Premier Law Group, nuestros abogados de accidentes automovil\u00edsticos de Washington creen en la HABLA FRANCA. Creemos que usted merece saber. Creemos que es el deber de un abogado ayudar al p\u00fablico brind\u00e1ndole informaci\u00f3n buena y \u00fatil. Sobre todo, creemos en darle la informaci\u00f3n directa. No vamos a andar con rodeos ni a eludir los problemas. Siempre le diremos lo que pensamos. Solo para demostrarlo, le diremos algo que otros abogados nos odiar\u00e1n por decir. Como descubrir\u00e1 cuando lea este libro, es posible que no necesite contratar a un abogado para su caso. De hecho, \u00a1incluso podr\u00eda terminar cost\u00e1ndole m\u00e1s!<\/p>\r\n\r\n\r\n\r\n<h2 class=\"wp-block-heading\" id=\"h-when-you-read-the-truth-about-washington-auto-accidents-you-ll-also-learn\">Cuando lea La verdad sobre los accidentes automovil\u00edsticos en Washington, tambi\u00e9n aprender\u00e1:<\/h2>\r\n\r\n\r\n\r\n<p>\u2022 Diez secretos internos que las compa\u00f1\u00edas de seguros te ocultan.<br \/>\u2022 El \u201cservicio\u201d que brindan algunos abogados y que en realidad es un \u201cbeso de la muerte\u201d para su reclamo por accidente.<br \/>\u2022 Si su compa\u00f1\u00eda de seguro m\u00e9dico puede obligarlo a reembolsarle el dinero si gana.<br \/>\u2022 Un documento que nunca debes firmar para una compa\u00f1\u00eda de seguros.<\/p>\r\n\r\n\r\n\r\n<p>Complete el formulario a continuaci\u00f3n y le enviaremos una copia de <em>La verdad sobre los accidentes automovil\u00edsticos en Washington<\/em> inmediatamente.<\/p>\r\n\r\n\n    <div class=\"standard-form content\">\n        <div class=\"standard-form-head\">\n            <h3>Solicite &quot;La verdad sobre los accidentes automovil\u00edsticos en Washington&quot; a Premier Law Group<\/h3>\n            <p>Complete el formulario a continuaci\u00f3n para solicitar una copia digital de la gu\u00eda de accidentes automovil\u00edsticos de Premier Law Group para residentes de Washington.<\/p>\n        <\/div>\n        <div class=\"lead-form\">\n            \n<div class=\"wpcf7 no-js\" id=\"wpcf7-f20601-o1\" lang=\"en\" dir=\"ltr\" data-wpcf7-id=\"20601\">\n<div class=\"screen-reader-response\"><p role=\"status\" aria-live=\"polite\" aria-atomic=\"true\"><\/p> <ul><\/ul><\/div>\n<form action=\"\/es\/wp-json\/wp\/v2\/pages\/3343#wpcf7-f20601-o1\" method=\"post\" class=\"wpcf7-form init\" aria-label=\"Formulario de contacto\" novalidate=\"novalidate\" data-status=\"init\" data-trp-original-action=\"\/es\/wp-json\/wp\/v2\/pages\/3343#wpcf7-f20601-o1\">\n<fieldset class=\"hidden-fields-container\"><input type=\"hidden\" name=\"_wpcf7\" value=\"20601\" \/><input type=\"hidden\" name=\"_wpcf7_version\" value=\"6.1.5\" \/><input type=\"hidden\" name=\"_wpcf7_locale\" value=\"en\" \/><input type=\"hidden\" name=\"_wpcf7_unit_tag\" value=\"wpcf7-f20601-o1\" \/><input type=\"hidden\" name=\"_wpcf7_container_post\" value=\"0\" \/><input type=\"hidden\" name=\"_wpcf7_posted_data_hash\" value=\"\" \/><input type=\"hidden\" name=\"conversion_url\" value=\"\" \/><input type=\"hidden\" name=\"landing_url\" value=\"\" \/><input type=\"hidden\" name=\"referrer_url\" value=\"\" \/><input type=\"hidden\" name=\"utm_source\" value=\"\" \/><input type=\"hidden\" name=\"utm_medium\" value=\"\" \/><input type=\"hidden\" name=\"utm_campaign\" value=\"\" \/><input type=\"hidden\" name=\"_wpcf7_recaptcha_response\" value=\"\" \/>\n<\/fieldset>\n<div class=\"row\">\n        <div class=\"col-12\">\n            <label>\n                <span class=\"wpcf7-form-control-wrap\" data-name=\"fullName\"><input size=\"40\" maxlength=\"400\" class=\"wpcf7-form-control wpcf7-text wpcf7-validates-as-required\" aria-required=\"true\" aria-invalid=\"false\" placeholder=\"Nombre completo*\" value=\"\" type=\"text\" name=\"fullName\" \/><\/span>\n            <\/label>\n        <\/div>\n        <div class=\"col-12\">\n            <label>\n                <span class=\"wpcf7-form-control-wrap\" data-name=\"email\"><input size=\"40\" maxlength=\"400\" class=\"wpcf7-form-control wpcf7-email wpcf7-validates-as-required wpcf7-text wpcf7-validates-as-email\" aria-required=\"true\" aria-invalid=\"false\" placeholder=\"Correo electr\u00f3nico*\" value=\"\" type=\"email\" name=\"email\" \/><\/span>\n            <\/label>\n        <\/div>\n        <div class=\"col-12\">\n<p style=\"color:black; font-size:14px; margin:0 auto;\">Al enviar este formulario, doy mi consentimiento para recibir SMS y llamadas telef\u00f3nicas, incluidas las realizadas mediante tecnolog\u00eda automatizada o IA, de Premier Law Group, PLLC. La frecuencia de los mensajes var\u00eda. Responda &quot;STOP&quot; para cancelar la suscripci\u00f3n. Pueden aplicarse tarifas por mensajes y datos.<\/p>\n            <div class=\"submit\">\n                <input class=\"wpcf7-form-control wpcf7-submit has-spinner btn-global\" type=\"submit\" value=\"Entregar\" \/>\n            <\/div>\n        <\/div>\n    <\/div>\n<input class=\"wpcf7-form-control wpcf7-hidden\" value=\"\" type=\"hidden\" name=\"conversion_url\" \/>\n<input class=\"wpcf7-form-control wpcf7-hidden\" value=\"\" type=\"hidden\" name=\"landing_url\" \/>\n<input class=\"wpcf7-form-control wpcf7-hidden\" value=\"\" type=\"hidden\" name=\"referrer_url\" \/>\n<input class=\"wpcf7-form-control wpcf7-hidden\" value=\"\" type=\"hidden\" name=\"utm_source\" \/>\n<input class=\"wpcf7-form-control wpcf7-hidden\" value=\"\" type=\"hidden\" name=\"utm_medium\" \/>\n<input class=\"wpcf7-form-control wpcf7-hidden\" value=\"\" type=\"hidden\" name=\"utm_campaign\" \/><p style=\"display: none !important;\" class=\"akismet-fields-container\" data-prefix=\"_wpcf7_ak_\"><label>\u0394<textarea name=\"_wpcf7_ak_hp_textarea\" cols=\"45\" rows=\"8\" maxlength=\"100\"><\/textarea><\/label><input type=\"hidden\" id=\"ak_js_1\" name=\"_wpcf7_ak_js\" value=\"242\"\/><script>document.getElementById( \"ak_js_1\" ).setAttribute( \"value\", ( new Date() ).getTime() );<\/script><\/p><div class=\"wpcf7-response-output\" aria-hidden=\"true\"><\/div>\n<input type=\"hidden\" name=\"trp-form-language\" value=\"es\"\/><\/form>\n<\/div>\n        <\/div>\n    <\/div>","protected":false},"excerpt":{"rendered":"<p>Si ha resultado herido en un accidente de tr\u00e1fico en Washington, sin duda algunas de estas preguntas son las que le quitan el sue\u00f1o: \u00bfC\u00f3mo s\u00e9 a qu\u00e9 m\u00e9dico acudir? \u00bfQui\u00e9n va a pagar todas estas costosas facturas m\u00e9dicas? \u00bfC\u00f3mo voy a arreglar mi coche? \u00bfQu\u00e9 debo hacer cuando\u2026<\/p>","protected":false},"author":2,"featured_media":16999,"parent":3363,"menu_order":17,"comment_status":"closed","ping_status":"closed","template":"","meta":{"_acf_changed":false,"_genesis_hide_title":false,"_genesis_hide_breadcrumbs":false,"_genesis_hide_singular_image":false,"_genesis_hide_footer_widgets":false,"_genesis_custom_body_class":"","_genesis_custom_post_class":"","_genesis_layout":"full-width-content","footnotes":""},"hc_faqs":[],"class_list":{"0":"post-3343","1":"page","2":"type-page","3":"status-publish","4":"has-post-thumbnail","6":"entry"},"acf":[],"yoast_head":"<!-- This site is optimized with the Yoast SEO plugin v27.2 - https:\/\/yoast.com\/product\/yoast-seo-wordpress\/ -->\n<title>The Truth About Washington Auto Accidents Legal Guide<\/title>\n<meta name=\"description\" content=\"The Truth About Washington Auto Accidents: Premier Law Group helps you unlock the full compensation you deserve. No Fee Unless We Win.\" \/>\n<meta name=\"robots\" content=\"index, follow, max-snippet:-1, max-image-preview:large, max-video-preview:-1\" \/>\n<link rel=\"canonical\" href=\"https:\/\/plg-pllc.com\/es\/books\/truth-about-washington-auto-accidents\/\" \/>\n<meta property=\"og:locale\" content=\"es_MX\" \/>\n<meta property=\"og:type\" content=\"article\" \/>\n<meta property=\"og:title\" content=\"The Truth About Washington Auto Accidents Legal Guide\" \/>\n<meta property=\"og:description\" content=\"The Truth About Washington Auto Accidents: Premier Law Group helps you unlock the full compensation you deserve. No Fee Unless We Win.\" \/>\n<meta property=\"og:url\" content=\"https:\/\/plg-pllc.com\/es\/books\/truth-about-washington-auto-accidents\/\" \/>\n<meta property=\"og:site_name\" content=\"Premier Law Group\" \/>\n<meta property=\"article:publisher\" content=\"https:\/\/www.facebook.com\/premierlawgroup\" \/>\n<meta property=\"article:modified_time\" content=\"2025-01-08T14:38:07+00:00\" \/>\n<meta property=\"og:image\" content=\"https:\/\/plg-pllc.com\/wp-content\/uploads\/2019\/05\/wa-auto-accidents-book.png\" \/>\n\t<meta property=\"og:image:width\" content=\"150\" \/>\n\t<meta property=\"og:image:height\" content=\"255\" \/>\n\t<meta property=\"og:image:type\" content=\"image\/png\" \/>\n<meta name=\"twitter:card\" content=\"summary_large_image\" \/>\n<meta name=\"twitter:site\" content=\"@premierlawgroup\" \/>\n<meta name=\"twitter:label1\" content=\"Tiempo de lectura\" \/>\n\t<meta name=\"twitter:data1\" content=\"3 minutos\" \/>\n<script type=\"application\/ld+json\" class=\"yoast-schema-graph\">{\"@context\":\"https:\/\/schema.org\",\"@graph\":[{\"@type\":\"WebPage\",\"@id\":\"https:\/\/plg-pllc.com\/books\/truth-about-washington-auto-accidents\/\",\"url\":\"https:\/\/plg-pllc.com\/books\/truth-about-washington-auto-accidents\/\",\"name\":\"The Truth About Washington Auto Accidents Legal Guide\",\"isPartOf\":{\"@id\":\"https:\/\/plg-pllc.com\/#website\"},\"primaryImageOfPage\":{\"@id\":\"https:\/\/plg-pllc.com\/books\/truth-about-washington-auto-accidents\/#primaryimage\"},\"image\":{\"@id\":\"https:\/\/plg-pllc.com\/books\/truth-about-washington-auto-accidents\/#primaryimage\"},\"thumbnailUrl\":\"https:\/\/plg-pllc.com\/wp-content\/uploads\/2019\/05\/wa-auto-accidents-book.png\",\"datePublished\":\"2011-01-31T19:58:19+00:00\",\"dateModified\":\"2025-01-08T14:38:07+00:00\",\"description\":\"The Truth About Washington Auto Accidents: Premier Law Group helps you unlock the full compensation you deserve. No Fee Unless We Win.\",\"breadcrumb\":{\"@id\":\"https:\/\/plg-pllc.com\/books\/truth-about-washington-auto-accidents\/#breadcrumb\"},\"inLanguage\":\"es\",\"potentialAction\":[{\"@type\":\"ReadAction\",\"target\":[\"https:\/\/plg-pllc.com\/books\/truth-about-washington-auto-accidents\/\"]}]},{\"@type\":\"ImageObject\",\"inLanguage\":\"es\",\"@id\":\"https:\/\/plg-pllc.com\/books\/truth-about-washington-auto-accidents\/#primaryimage\",\"url\":\"https:\/\/plg-pllc.com\/wp-content\/uploads\/2019\/05\/wa-auto-accidents-book.png\",\"contentUrl\":\"https:\/\/plg-pllc.com\/wp-content\/uploads\/2019\/05\/wa-auto-accidents-book.png\",\"width\":150,\"height\":255,\"caption\":\"The Truth About Auto Accidents Book\"},{\"@type\":\"BreadcrumbList\",\"@id\":\"https:\/\/plg-pllc.com\/books\/truth-about-washington-auto-accidents\/#breadcrumb\",\"itemListElement\":[{\"@type\":\"ListItem\",\"position\":1,\"name\":\"Home\",\"item\":\"https:\/\/plg-pllc.com\/es\/\"},{\"@type\":\"ListItem\",\"position\":2,\"name\":\"Books\",\"item\":\"https:\/\/plg-pllc.com\/es\/books\/\"},{\"@type\":\"ListItem\",\"position\":3,\"name\":\"The Truth About Washington Auto Accidents\"}]},{\"@type\":\"WebSite\",\"@id\":\"https:\/\/plg-pllc.com\/#website\",\"url\":\"https:\/\/plg-pllc.com\/\",\"name\":\"Premier Law Group\",\"description\":\"Washington Wrongful Death and Serious Injury Lawyer\",\"publisher\":{\"@id\":\"https:\/\/plg-pllc.com\/#organization\"},\"inLanguage\":\"es\"},{\"@type\":\"Organization\",\"@id\":\"https:\/\/plg-pllc.com\/#organization\",\"name\":\"Premier Law Group\",\"url\":\"https:\/\/plg-pllc.com\/\",\"logo\":{\"@type\":\"ImageObject\",\"inLanguage\":\"es\",\"@id\":\"https:\/\/plg-pllc.com\/#\/schema\/logo\/image\/\",\"url\":\"https:\/\/plg-pllc.com\/wp-content\/uploads\/2020\/10\/plg-logo-v2.gif\",\"contentUrl\":\"https:\/\/plg-pllc.com\/wp-content\/uploads\/2020\/10\/plg-logo-v2.gif\",\"width\":592,\"height\":191,\"caption\":\"Premier Law Group\"},\"image\":{\"@id\":\"https:\/\/plg-pllc.com\/#\/schema\/logo\/image\/\"},\"sameAs\":[\"https:\/\/www.facebook.com\/premierlawgroup\",\"https:\/\/x.com\/premierlawgroup\"]}]}<\/script>\n<!-- \/ Yoast SEO plugin. -->","yoast_head_json":{"title":"La verdad sobre los accidentes automovil\u00edsticos en Washington Gu\u00eda legal","description":"La verdad sobre los accidentes automovil\u00edsticos en Washington: Premier Law Group lo ayuda a obtener la compensaci\u00f3n total que merece. Sin cargo a menos que ganemos.","robots":{"index":"index","follow":"follow","max-snippet":"max-snippet:-1","max-image-preview":"max-image-preview:large","max-video-preview":"max-video-preview:-1"},"canonical":"https:\/\/plg-pllc.com\/es\/books\/truth-about-washington-auto-accidents\/","og_locale":"es_MX","og_type":"article","og_title":"The Truth About Washington Auto Accidents Legal Guide","og_description":"The Truth About Washington Auto Accidents: Premier Law Group helps you unlock the full compensation you deserve. No Fee Unless We Win.","og_url":"https:\/\/plg-pllc.com\/es\/books\/truth-about-washington-auto-accidents\/","og_site_name":"Premier Law Group","article_publisher":"https:\/\/www.facebook.com\/premierlawgroup","article_modified_time":"2025-01-08T14:38:07+00:00","og_image":[{"width":150,"height":255,"url":"https:\/\/plg-pllc.com\/wp-content\/uploads\/2019\/05\/wa-auto-accidents-book.png","type":"image\/png"}],"twitter_card":"summary_large_image","twitter_site":"@premierlawgroup","twitter_misc":{"Tiempo de lectura":"3 minutos"},"schema":{"@context":"https:\/\/schema.org","@graph":[{"@type":"WebPage","@id":"https:\/\/plg-pllc.com\/books\/truth-about-washington-auto-accidents\/","url":"https:\/\/plg-pllc.com\/books\/truth-about-washington-auto-accidents\/","name":"La verdad sobre los accidentes automovil\u00edsticos en Washington Gu\u00eda legal","isPartOf":{"@id":"https:\/\/plg-pllc.com\/#website"},"primaryImageOfPage":{"@id":"https:\/\/plg-pllc.com\/books\/truth-about-washington-auto-accidents\/#primaryimage"},"image":{"@id":"https:\/\/plg-pllc.com\/books\/truth-about-washington-auto-accidents\/#primaryimage"},"thumbnailUrl":"https:\/\/plg-pllc.com\/wp-content\/uploads\/2019\/05\/wa-auto-accidents-book.png","datePublished":"2011-01-31T19:58:19+00:00","dateModified":"2025-01-08T14:38:07+00:00","description":"La verdad sobre los accidentes automovil\u00edsticos en Washington: Premier Law Group lo ayuda a obtener la compensaci\u00f3n total que merece. Sin cargo a menos que ganemos.","breadcrumb":{"@id":"https:\/\/plg-pllc.com\/books\/truth-about-washington-auto-accidents\/#breadcrumb"},"inLanguage":"es","potentialAction":[{"@type":"ReadAction","target":["https:\/\/plg-pllc.com\/books\/truth-about-washington-auto-accidents\/"]}]},{"@type":"ImageObject","inLanguage":"es","@id":"https:\/\/plg-pllc.com\/books\/truth-about-washington-auto-accidents\/#primaryimage","url":"https:\/\/plg-pllc.com\/wp-content\/uploads\/2019\/05\/wa-auto-accidents-book.png","contentUrl":"https:\/\/plg-pllc.com\/wp-content\/uploads\/2019\/05\/wa-auto-accidents-book.png","width":150,"height":255,"caption":"The Truth About Auto Accidents Book"},{"@type":"BreadcrumbList","@id":"https:\/\/plg-pllc.com\/books\/truth-about-washington-auto-accidents\/#breadcrumb","itemListElement":[{"@type":"ListItem","position":1,"name":"Home","item":"https:\/\/plg-pllc.com\/es\/"},{"@type":"ListItem","position":2,"name":"Books","item":"https:\/\/plg-pllc.com\/es\/books\/"},{"@type":"ListItem","position":3,"name":"The Truth About Washington Auto Accidents"}]},{"@type":"WebSite","@id":"https:\/\/plg-pllc.com\/#website","url":"https:\/\/plg-pllc.com\/","name":"Grupo de abogados Premier","description":"Abogado de muerte por negligencia y lesiones graves en Washington","publisher":{"@id":"https:\/\/plg-pllc.com\/#organization"},"inLanguage":"es"},{"@type":"Organization","@id":"https:\/\/plg-pllc.com\/#organization","name":"Grupo de abogados Premier","url":"https:\/\/plg-pllc.com\/","logo":{"@type":"ImageObject","inLanguage":"es","@id":"https:\/\/plg-pllc.com\/#\/schema\/logo\/image\/","url":"https:\/\/plg-pllc.com\/wp-content\/uploads\/2020\/10\/plg-logo-v2.gif","contentUrl":"https:\/\/plg-pllc.com\/wp-content\/uploads\/2020\/10\/plg-logo-v2.gif","width":592,"height":191,"caption":"Premier Law Group"},"image":{"@id":"https:\/\/plg-pllc.com\/#\/schema\/logo\/image\/"},"sameAs":["https:\/\/www.facebook.com\/premierlawgroup","https:\/\/x.com\/premierlawgroup"]}]}},"_links":{"self":[{"href":"https:\/\/plg-pllc.com\/es\/wp-json\/wp\/v2\/pages\/3343","targetHints":{"allow":["GET"]}}],"collection":[{"href":"https:\/\/plg-pllc.com\/es\/wp-json\/wp\/v2\/pages"}],"about":[{"href":"https:\/\/plg-pllc.com\/es\/wp-json\/wp\/v2\/types\/page"}],"author":[{"embeddable":true,"href":"https:\/\/plg-pllc.com\/es\/wp-json\/wp\/v2\/users\/2"}],"replies":[{"embeddable":true,"href":"https:\/\/plg-pllc.com\/es\/wp-json\/wp\/v2\/comments?post=3343"}],"version-history":[{"count":0,"href":"https:\/\/plg-pllc.com\/es\/wp-json\/wp\/v2\/pages\/3343\/revisions"}],"up":[{"embeddable":true,"href":"https:\/\/plg-pllc.com\/es\/wp-json\/wp\/v2\/pages\/3363"}],"wp:featuredmedia":[{"embeddable":true,"href":"https:\/\/plg-pllc.com\/es\/wp-json\/wp\/v2\/media\/16999"}],"wp:attachment":[{"href":"https:\/\/plg-pllc.com\/es\/wp-json\/wp\/v2\/media?parent=3343"}],"wp:term":[{"taxonomy":"hc_faqs","embeddable":true,"href":"https:\/\/plg-pllc.com\/es\/wp-json\/wp\/v2\/hc_faqs?post=3343"}],"curies":[{"name":"gracias","href":"https:\/\/api.w.org\/{rel}","templated":true}]}}