{"id":3363,"date":"2011-01-31T15:05:47","date_gmt":"2011-01-31T23:05:47","guid":{"rendered":"https:\/\/plg-pllc.com\/"},"modified":"2025-10-28T10:56:38","modified_gmt":"2025-10-28T17:56:38","slug":"books","status":"publish","type":"page","link":"https:\/\/plg-pllc.com\/es\/books\/","title":{"rendered":"Libros"},"content":{"rendered":"<h2 class=\"wp-block-heading\" id=\"h-be-the-smartest-client-in-the-room\">Sea el cliente m\u00e1s inteligente de la sala<\/h2>\r\n\r\n\r\n\r\n<p>Necesita un arma secreta en su lucha por la justicia contra la compa\u00f1\u00eda de seguros.<strong> Ahora tienes uno.<\/strong><\/p>\r\n\r\n\r\n\r\n<p><strong>Solicite cualquiera de estos libros gratuitos e informes especiales para ayudarle en su batalla legal.<\/strong> Los abogados de Premier Law Group se dedican a proporcionar tantos recursos \u00fatiles como sea posible para ayudar a las personas en sus batallas legales contra una compa\u00f1\u00eda de seguros o su empleador.<\/p>\r\n\r\n\r\n\r\n<p>Utilizando sus a\u00f1os de experiencia legal, <strong>Los abogados de Premier Law Group han escrito numerosos libros y gu\u00edas legales que est\u00e1n disponibles para los residentes del estado de Washington de forma gratuita y sin compromiso.<\/strong>Jason Epstein de Premier Law Group ha llevado esta pasi\u00f3n por brindar informaci\u00f3n gratuita al siguiente nivel al escribir estos libros sobre una variedad de temas legales que son gratuitos para los residentes de Washington.<\/p>","protected":false},"excerpt":{"rendered":"<p>Sea el cliente m\u00e1s inteligente de la sala Necesita un arma secreta en su lucha por la justicia contra la compa\u00f1\u00eda de seguros. Ahora tiene una. Solicite cualquiera de estos libros gratuitos e informes especiales para que lo ayuden en su batalla legal. Los abogados de Premier Law Group se dedican a proporcionar tantos recursos \u00fatiles como sea posible...<\/p>","protected":false},"author":2,"featured_media":13279,"parent":0,"menu_order":21,"comment_status":"closed","ping_status":"closed","template":"page-books.php","meta":{"_acf_changed":false,"_genesis_hide_title":false,"_genesis_hide_breadcrumbs":false,"_genesis_hide_singular_image":false,"_genesis_hide_footer_widgets":false,"_genesis_custom_body_class":"","_genesis_custom_post_class":"","_genesis_layout":"full-width-content","footnotes":""},"hc_faqs":[],"class_list":{"0":"post-3363","1":"page","2":"type-page","3":"status-publish","4":"has-post-thumbnail","6":"entry"},"acf":[],"yoast_head":"<!-- This site is optimized with the Yoast SEO plugin v27.2 - https:\/\/yoast.com\/product\/yoast-seo-wordpress\/ -->\n<title>Free Resources: Books Premier Law Group<\/title>\n<meta name=\"description\" content=\"Get FREE legal guides for your Washington accident case. Book topics include auto accidents, motorcycle accidents, employment law, and property damage.\" \/>\n<meta name=\"robots\" content=\"index, follow, max-snippet:-1, max-image-preview:large, max-video-preview:-1\" \/>\n<link rel=\"canonical\" href=\"https:\/\/plg-pllc.com\/es\/books\/\" \/>\n<meta property=\"og:locale\" content=\"es_MX\" \/>\n<meta property=\"og:type\" content=\"article\" \/>\n<meta property=\"og:title\" content=\"Free Resources: Books Premier Law Group\" \/>\n<meta property=\"og:description\" content=\"Get FREE legal guides for your Washington accident case. Book topics include auto accidents, motorcycle accidents, employment law, and property damage.\" \/>\n<meta property=\"og:url\" content=\"https:\/\/plg-pllc.com\/es\/books\/\" \/>\n<meta property=\"og:site_name\" content=\"Premier Law Group\" \/>\n<meta property=\"article:publisher\" content=\"https:\/\/www.facebook.com\/premierlawgroup\" \/>\n<meta property=\"article:modified_time\" content=\"2025-10-28T17:56:38+00:00\" \/>\n<meta property=\"og:image\" content=\"https:\/\/plg-pllc.com\/wp-content\/uploads\/2016\/12\/lots-of-books.jpg\" \/>\n\t<meta property=\"og:image:width\" content=\"1919\" \/>\n\t<meta property=\"og:image:height\" content=\"792\" \/>\n\t<meta property=\"og:image:type\" content=\"image\/jpeg\" \/>\n<meta name=\"twitter:card\" content=\"summary_large_image\" \/>\n<meta name=\"twitter:site\" content=\"@premierlawgroup\" \/>\n<meta name=\"twitter:label1\" content=\"Tiempo de lectura\" \/>\n\t<meta name=\"twitter:data1\" content=\"1 minuto\" \/>\n<script type=\"application\/ld+json\" class=\"yoast-schema-graph\">{\"@context\":\"https:\/\/schema.org\",\"@graph\":[{\"@type\":\"WebPage\",\"@id\":\"https:\/\/plg-pllc.com\/books\/\",\"url\":\"https:\/\/plg-pllc.com\/books\/\",\"name\":\"Free Resources: Books Premier Law Group\",\"isPartOf\":{\"@id\":\"https:\/\/plg-pllc.com\/#website\"},\"primaryImageOfPage\":{\"@id\":\"https:\/\/plg-pllc.com\/books\/#primaryimage\"},\"image\":{\"@id\":\"https:\/\/plg-pllc.com\/books\/#primaryimage\"},\"thumbnailUrl\":\"https:\/\/plg-pllc.com\/wp-content\/uploads\/2016\/12\/lots-of-books.jpg\",\"datePublished\":\"2011-01-31T23:05:47+00:00\",\"dateModified\":\"2025-10-28T17:56:38+00:00\",\"description\":\"Get FREE legal guides for your Washington accident case. Book topics include auto accidents, motorcycle accidents, employment law, and property damage.\",\"breadcrumb\":{\"@id\":\"https:\/\/plg-pllc.com\/books\/#breadcrumb\"},\"inLanguage\":\"es\",\"potentialAction\":[{\"@type\":\"ReadAction\",\"target\":[\"https:\/\/plg-pllc.com\/books\/\"]}]},{\"@type\":\"ImageObject\",\"inLanguage\":\"es\",\"@id\":\"https:\/\/plg-pllc.com\/books\/#primaryimage\",\"url\":\"https:\/\/plg-pllc.com\/wp-content\/uploads\/2016\/12\/lots-of-books.jpg\",\"contentUrl\":\"https:\/\/plg-pllc.com\/wp-content\/uploads\/2016\/12\/lots-of-books.jpg\",\"width\":1919,\"height\":792,\"caption\":\"Library full of books\"},{\"@type\":\"BreadcrumbList\",\"@id\":\"https:\/\/plg-pllc.com\/books\/#breadcrumb\",\"itemListElement\":[{\"@type\":\"ListItem\",\"position\":1,\"name\":\"Home\",\"item\":\"https:\/\/plg-pllc.com\/es\/\"},{\"@type\":\"ListItem\",\"position\":2,\"name\":\"Books\"}]},{\"@type\":\"WebSite\",\"@id\":\"https:\/\/plg-pllc.com\/#website\",\"url\":\"https:\/\/plg-pllc.com\/\",\"name\":\"Premier Law Group\",\"description\":\"Washington Wrongful Death and Serious Injury Lawyer\",\"publisher\":{\"@id\":\"https:\/\/plg-pllc.com\/#organization\"},\"inLanguage\":\"es\"},{\"@type\":\"Organization\",\"@id\":\"https:\/\/plg-pllc.com\/#organization\",\"name\":\"Premier Law Group\",\"url\":\"https:\/\/plg-pllc.com\/\",\"logo\":{\"@type\":\"ImageObject\",\"inLanguage\":\"es\",\"@id\":\"https:\/\/plg-pllc.com\/#\/schema\/logo\/image\/\",\"url\":\"https:\/\/plg-pllc.com\/wp-content\/uploads\/2020\/10\/plg-logo-v2.gif\",\"contentUrl\":\"https:\/\/plg-pllc.com\/wp-content\/uploads\/2020\/10\/plg-logo-v2.gif\",\"width\":592,\"height\":191,\"caption\":\"Premier Law Group\"},\"image\":{\"@id\":\"https:\/\/plg-pllc.com\/#\/schema\/logo\/image\/\"},\"sameAs\":[\"https:\/\/www.facebook.com\/premierlawgroup\",\"https:\/\/x.com\/premierlawgroup\"]}]}<\/script>\n<!-- \/ Yoast SEO plugin. -->","yoast_head_json":{"title":"Recursos gratuitos: Libros Premier Law Group","description":"Obtenga gu\u00edas legales GRATUITAS para su caso de accidente en Washington. Los temas del libro incluyen accidentes automovil\u00edsticos, accidentes de motocicleta, derecho laboral y da\u00f1os a la propiedad.","robots":{"index":"index","follow":"follow","max-snippet":"max-snippet:-1","max-image-preview":"max-image-preview:large","max-video-preview":"max-video-preview:-1"},"canonical":"https:\/\/plg-pllc.com\/es\/books\/","og_locale":"es_MX","og_type":"article","og_title":"Free Resources: Books Premier Law Group","og_description":"Get FREE legal guides for your Washington accident case. Book topics include auto accidents, motorcycle accidents, employment law, and property damage.","og_url":"https:\/\/plg-pllc.com\/es\/books\/","og_site_name":"Premier Law Group","article_publisher":"https:\/\/www.facebook.com\/premierlawgroup","article_modified_time":"2025-10-28T17:56:38+00:00","og_image":[{"width":1919,"height":792,"url":"https:\/\/plg-pllc.com\/wp-content\/uploads\/2016\/12\/lots-of-books.jpg","type":"image\/jpeg"}],"twitter_card":"summary_large_image","twitter_site":"@premierlawgroup","twitter_misc":{"Tiempo de lectura":"1 minuto"},"schema":{"@context":"https:\/\/schema.org","@graph":[{"@type":"WebPage","@id":"https:\/\/plg-pllc.com\/books\/","url":"https:\/\/plg-pllc.com\/books\/","name":"Recursos gratuitos: Libros Premier Law Group","isPartOf":{"@id":"https:\/\/plg-pllc.com\/#website"},"primaryImageOfPage":{"@id":"https:\/\/plg-pllc.com\/books\/#primaryimage"},"image":{"@id":"https:\/\/plg-pllc.com\/books\/#primaryimage"},"thumbnailUrl":"https:\/\/plg-pllc.com\/wp-content\/uploads\/2016\/12\/lots-of-books.jpg","datePublished":"2011-01-31T23:05:47+00:00","dateModified":"2025-10-28T17:56:38+00:00","description":"Obtenga gu\u00edas legales GRATUITAS para su caso de accidente en Washington. Los temas del libro incluyen accidentes automovil\u00edsticos, accidentes de motocicleta, derecho laboral y da\u00f1os a la propiedad.","breadcrumb":{"@id":"https:\/\/plg-pllc.com\/books\/#breadcrumb"},"inLanguage":"es","potentialAction":[{"@type":"ReadAction","target":["https:\/\/plg-pllc.com\/books\/"]}]},{"@type":"ImageObject","inLanguage":"es","@id":"https:\/\/plg-pllc.com\/books\/#primaryimage","url":"https:\/\/plg-pllc.com\/wp-content\/uploads\/2016\/12\/lots-of-books.jpg","contentUrl":"https:\/\/plg-pllc.com\/wp-content\/uploads\/2016\/12\/lots-of-books.jpg","width":1919,"height":792,"caption":"Library full of books"},{"@type":"BreadcrumbList","@id":"https:\/\/plg-pllc.com\/books\/#breadcrumb","itemListElement":[{"@type":"ListItem","position":1,"name":"Home","item":"https:\/\/plg-pllc.com\/es\/"},{"@type":"ListItem","position":2,"name":"Books"}]},{"@type":"WebSite","@id":"https:\/\/plg-pllc.com\/#website","url":"https:\/\/plg-pllc.com\/","name":"Grupo de abogados Premier","description":"Abogado de muerte por negligencia y lesiones graves en Washington","publisher":{"@id":"https:\/\/plg-pllc.com\/#organization"},"inLanguage":"es"},{"@type":"Organization","@id":"https:\/\/plg-pllc.com\/#organization","name":"Grupo de abogados Premier","url":"https:\/\/plg-pllc.com\/","logo":{"@type":"ImageObject","inLanguage":"es","@id":"https:\/\/plg-pllc.com\/#\/schema\/logo\/image\/","url":"https:\/\/plg-pllc.com\/wp-content\/uploads\/2020\/10\/plg-logo-v2.gif","contentUrl":"https:\/\/plg-pllc.com\/wp-content\/uploads\/2020\/10\/plg-logo-v2.gif","width":592,"height":191,"caption":"Premier Law Group"},"image":{"@id":"https:\/\/plg-pllc.com\/#\/schema\/logo\/image\/"},"sameAs":["https:\/\/www.facebook.com\/premierlawgroup","https:\/\/x.com\/premierlawgroup"]}]}},"_links":{"self":[{"href":"https:\/\/plg-pllc.com\/es\/wp-json\/wp\/v2\/pages\/3363","targetHints":{"allow":["GET"]}}],"collection":[{"href":"https:\/\/plg-pllc.com\/es\/wp-json\/wp\/v2\/pages"}],"about":[{"href":"https:\/\/plg-pllc.com\/es\/wp-json\/wp\/v2\/types\/page"}],"author":[{"embeddable":true,"href":"https:\/\/plg-pllc.com\/es\/wp-json\/wp\/v2\/users\/2"}],"replies":[{"embeddable":true,"href":"https:\/\/plg-pllc.com\/es\/wp-json\/wp\/v2\/comments?post=3363"}],"version-history":[{"count":0,"href":"https:\/\/plg-pllc.com\/es\/wp-json\/wp\/v2\/pages\/3363\/revisions"}],"wp:featuredmedia":[{"embeddable":true,"href":"https:\/\/plg-pllc.com\/es\/wp-json\/wp\/v2\/media\/13279"}],"wp:attachment":[{"href":"https:\/\/plg-pllc.com\/es\/wp-json\/wp\/v2\/media?parent=3363"}],"wp:term":[{"taxonomy":"hc_faqs","embeddable":true,"href":"https:\/\/plg-pllc.com\/es\/wp-json\/wp\/v2\/hc_faqs?post=3363"}],"curies":[{"name":"gracias","href":"https:\/\/api.w.org\/{rel}","templated":true}]}}