{"id":3514,"date":"2023-02-18T10:36:18","date_gmt":"2023-02-18T18:36:18","guid":{"rendered":"https:\/\/plg-pllc.com\/"},"modified":"2024-10-10T14:55:02","modified_gmt":"2024-10-10T21:55:02","slug":"what-are-the-leading-causes-of-injuries-to-children","status":"publish","type":"page","link":"https:\/\/plg-pllc.com\/es\/faqs\/what-are-the-leading-causes-of-injuries-to-children\/","title":{"rendered":"\u00bfCu\u00e1les son las principales causas de lesiones en los ni\u00f1os?"},"content":{"rendered":"<p>Como abogado especializado en lesiones infantiles en Seattle, comprendo que los casos de lesiones infantiles son diferentes de otros casos de lesiones personales porque presentan problemas \u00fanicos y pueden ser devastadores para toda la familia. Por ejemplo, una de las principales diferencias entre los casos de lesiones infantiles y otros casos de lesiones personales es el hecho de que un padre o tutor legal debe presentar la demanda en nombre de su hijo. Adem\u00e1s, las lesiones graves sufridas por un ni\u00f1o podr\u00edan tener efectos de por vida en el ni\u00f1o y su familia. Por este motivo, es muy importante que el abogado est\u00e9 al tanto de los costos futuros que puede generar un accidente y debe estar dispuesto a hacer todo lo posible para que el proceso legal sea lo m\u00e1s f\u00e1cil de entender para la familia.<\/p>\n<p>La principal causa de muerte y lesiones entre los ni\u00f1os de 2 a 14 a\u00f1os son los accidentes automovil\u00edsticos. Seg\u00fan el Centro Nacional de Estad\u00edsticas y An\u00e1lisis, alrededor de 250.000 ni\u00f1os sufren lesiones cada a\u00f1o en accidentes automovil\u00edsticos. En muchos casos, es muy poco lo que un padre o tutor puede hacer para proteger a su hijo de un accidente causado por un conductor negligente. Sin embargo, el uso de dispositivos de retenci\u00f3n infantil tiene el potencial de salvar las vidas de innumerables ni\u00f1os. Entre 1975 y 2002, se estima que se salvaron 5.399 vidas gracias al uso de dispositivos de retenci\u00f3n infantil (ya sean asientos de seguridad para ni\u00f1os o cinturones de seguridad para adultos) y, en 2005, se salvaron unas 425 vidas de ni\u00f1os menores de cinco a\u00f1os gracias al uso de asientos para autom\u00f3viles y elevadores. Sin embargo, estos dispositivos de retenci\u00f3n deben utilizarse correctamente para que sean eficaces. Entre 3.500 inspecciones de la Administraci\u00f3n Nacional de Seguridad del Tr\u00e1fico en las Carreteras de dispositivos de retenci\u00f3n infantil, 72% se instalaron incorrectamente. Un asiento de seguridad para ni\u00f1os correctamente instalado y utilizado reduce el riesgo de muerte de un ni\u00f1o en un 71% para beb\u00e9s y en un 54% para ni\u00f1os peque\u00f1os de 1 a 4 a\u00f1os. Puede leer <a href=\"https:\/\/plg-pllc.com\/blog\/\">Este art\u00edculo<\/a> Para obtener m\u00e1s informaci\u00f3n sobre la seguridad del cintur\u00f3n de seguridad, consulte la p\u00e1gina web de la empresa. La instalaci\u00f3n y el uso correctos de un dispositivo de seguridad para ni\u00f1os, como un cintur\u00f3n de seguridad o un asiento de seguridad, pueden reducir eficazmente el riesgo de lesiones que sufren los ni\u00f1os en accidentes automovil\u00edsticos.<\/p>\n<p>Otras causas comunes de lesiones en los ni\u00f1os son los accidentes relacionados con el agua, los accidentes en los patios de recreo y la ingesti\u00f3n de productos dom\u00e9sticos. La segunda causa principal de muerte por lesiones en ni\u00f1os menores de 14 a\u00f1os es el ahogamiento, que tambi\u00e9n env\u00eda a muchos m\u00e1s ni\u00f1os a la sala de emergencias por lesiones no fatales por inmersi\u00f3n. En promedio, ocurren casi 10 accidentes por ahogamiento todos los d\u00edas. Uno de cada cuatro de estos accidentes involucra a ni\u00f1os menores de 14 a\u00f1os. Por cada ni\u00f1o que se ahoga, hay otros cuatro ni\u00f1os que visitan la sala de emergencias por lesiones no fatales que pueden ser catastr\u00f3ficas de todos modos y causar da\u00f1o cerebral, afectando la capacidad del ni\u00f1o para o\u00edr, ver y aprender. La mayor\u00eda de estos accidentes ocurren debido a ciertos factores de riesgo, como la falta de barreras en la piscina y la falta de supervisi\u00f3n de los padres o de un adulto. Las lesiones relacionadas con los patios de recreo hacen que 200.000 ni\u00f1os sean tratados en hospitales de los Estados Unidos. Muchos de estos accidentes ocurren con la supervisi\u00f3n adecuada, pero los que no se producen se pueden prevenir f\u00e1cilmente. Las lesiones que se producen por falta de mantenimiento adecuado de los parques infantiles o por una supervisi\u00f3n negligente pueden ser motivo de demandas judiciales. Los ni\u00f1os son m\u00e1s propensos a sufrir lesiones que los adultos, por lo que es necesaria la supervisi\u00f3n de los padres para garantizar su seguridad.<\/p>\n<p>Si cree que su hijo ha resultado herido como resultado de la negligencia de otra persona, ya sea por falta de supervisi\u00f3n por parte de un consejero escolar en un patio de recreo, un accidente automovil\u00edstico o la falta de barreras en la piscina, es posible que tenga derecho a recibir una compensaci\u00f3n por las lesiones que se produjeron como resultado de esta negligencia. Necesita un abogado con experiencia en lesiones infantiles en Bellevue para que el proceso sea lo m\u00e1s sencillo y libre de estr\u00e9s posible. Aqu\u00ed en <a href=\"\/\">Grupo de abogados Premier<\/a>Entendemos que puede tener muchas preguntas sobre una lesi\u00f3n de su hijo. Nuestro equipo agresivo y experimentado <a href=\"https:\/\/plg-pllc.com\/seattle\/child-injury-lawyer\/\">Abogados de lesiones infantiles en Seattle<\/a> Estamos dispuestos a ayudar a responder todas sus preguntas y ayudar a su hijo a recuperar la m\u00e1xima compensaci\u00f3n posible. <a href=\"https:\/\/plg-pllc.com\/contact-us\/\">consulta gratis<\/a> y evaluaci\u00f3n de caso, ll\u00e1menos hoy al 206-285-1743. Si tomamos su caso, no pagar\u00e1 ning\u00fan honorario legal a menos que ganemos.<\/p>\n\n        <div class=\"rs-content-cta\">\n            <p>Llamar o enviar mensaje de texto <a href=\"tel:+12062851743\">(206) 285-1743<\/a> o complete un formulario de evaluaci\u00f3n de caso gratuito<\/p>\n            <a href=\"https:\/\/plg-pllc.com\/es\/contact-us\/\" title=\"OBTENGA UNA EVALUACI\u00d3N DE CASO GRATUITA\" class=\"btn-global\">OBTENGA UNA EVALUACI\u00d3N DE CASO GRATUITA<\/a>\n                    <picture>\n                            <source srcset=\"https:\/\/plg-pllc.com\/wp-content\/themes\/plg-pllc-redesign\/assets\/app\/img\/cta-thumb.webp\" type=\"image\/webp\"\/>\n                            <img src=\"https:\/\/plg-pllc.com\/wp-content\/themes\/plg-pllc-redesign\/assets\/app\/img\/cta-thumb.png\" alt=\"Grupo de abogados Premier\" title=\"Grupo de abogados Premier\" width=\"245\" height=\"220\" loading=\"auto\" fetchpriority=\"auto\" decoding=\"async\"\/>\n        <\/picture>\n        \n        <\/div>","protected":false},"excerpt":{"rendered":"<p>Como abogado especializado en lesiones infantiles en Seattle, comprendo que los casos de lesiones infantiles son diferentes de otros casos de lesiones personales porque presentan problemas \u00fanicos y pueden ser devastadores para toda la familia. Por ejemplo, una de las principales diferencias entre los casos de lesiones infantiles y otros casos de lesiones personales es el hecho de que un padre o \u2026<\/p>","protected":false},"author":2,"featured_media":0,"parent":20714,"menu_order":83,"comment_status":"closed","ping_status":"closed","template":"","meta":{"_acf_changed":false,"_genesis_hide_title":false,"_genesis_hide_breadcrumbs":false,"_genesis_hide_singular_image":false,"_genesis_hide_footer_widgets":false,"_genesis_custom_body_class":"","_genesis_custom_post_class":"","_genesis_layout":"","footnotes":""},"hc_faqs":[10376],"class_list":{"0":"post-3514","1":"page","2":"type-page","3":"status-publish","5":"hc_faqs-child-injury","6":"entry"},"acf":[],"yoast_head":"<!-- This site is optimized with the Yoast SEO plugin v27.4 - https:\/\/yoast.com\/product\/yoast-seo-wordpress\/ -->\n<title>What are the leading causes of injuries to children?<\/title>\n<meta name=\"description\" content=\"What are the leading causes of injuries to children?: Premier Law Group helps you unlock the full compensation you deserve. No Fee Unless We Win.\" \/>\n<meta name=\"robots\" content=\"index, follow, max-snippet:-1, max-image-preview:large, max-video-preview:-1\" \/>\n<link rel=\"canonical\" href=\"https:\/\/plg-pllc.com\/es\/faqs\/what-are-the-leading-causes-of-injuries-to-children\/\" \/>\n<meta property=\"og:locale\" content=\"es_MX\" \/>\n<meta property=\"og:type\" content=\"article\" \/>\n<meta property=\"og:title\" content=\"What are the leading causes of injuries to children?\" \/>\n<meta property=\"og:description\" content=\"What are the leading causes of injuries to children?: Premier Law Group helps you unlock the full compensation you deserve. No Fee Unless We Win.\" \/>\n<meta property=\"og:url\" content=\"https:\/\/plg-pllc.com\/es\/faqs\/what-are-the-leading-causes-of-injuries-to-children\/\" \/>\n<meta property=\"og:site_name\" content=\"Premier Law Group\" \/>\n<meta property=\"article:publisher\" content=\"https:\/\/www.facebook.com\/premierlawgroup\" \/>\n<meta property=\"article:modified_time\" content=\"2024-10-10T21:55:02+00:00\" \/>\n<meta name=\"twitter:card\" content=\"summary_large_image\" \/>\n<meta name=\"twitter:site\" content=\"@premierlawgroup\" \/>\n<meta name=\"twitter:label1\" content=\"Tiempo de lectura\" \/>\n\t<meta name=\"twitter:data1\" content=\"4 minutos\" \/>\n<script type=\"application\/ld+json\" class=\"yoast-schema-graph\">{\"@context\":\"https:\\\/\\\/schema.org\",\"@graph\":[{\"@type\":\"WebPage\",\"@id\":\"https:\\\/\\\/plg-pllc.com\\\/faqs\\\/what-are-the-leading-causes-of-injuries-to-children\\\/\",\"url\":\"https:\\\/\\\/plg-pllc.com\\\/faqs\\\/what-are-the-leading-causes-of-injuries-to-children\\\/\",\"name\":\"What are the leading causes of injuries to children?\",\"isPartOf\":{\"@id\":\"https:\\\/\\\/plg-pllc.com\\\/#website\"},\"datePublished\":\"2023-02-18T18:36:18+00:00\",\"dateModified\":\"2024-10-10T21:55:02+00:00\",\"description\":\"What are the leading causes of injuries to children?: Premier Law Group helps you unlock the full compensation you deserve. No Fee Unless We Win.\",\"breadcrumb\":{\"@id\":\"https:\\\/\\\/plg-pllc.com\\\/faqs\\\/what-are-the-leading-causes-of-injuries-to-children\\\/#breadcrumb\"},\"inLanguage\":\"es\",\"potentialAction\":[{\"@type\":\"ReadAction\",\"target\":[\"https:\\\/\\\/plg-pllc.com\\\/faqs\\\/what-are-the-leading-causes-of-injuries-to-children\\\/\"]}]},{\"@type\":\"BreadcrumbList\",\"@id\":\"https:\\\/\\\/plg-pllc.com\\\/faqs\\\/what-are-the-leading-causes-of-injuries-to-children\\\/#breadcrumb\",\"itemListElement\":[{\"@type\":\"ListItem\",\"position\":1,\"name\":\"Home\",\"item\":\"https:\\\/\\\/plg-pllc.com\\\/es\\\/\"},{\"@type\":\"ListItem\",\"position\":2,\"name\":\"FAQs\",\"item\":\"https:\\\/\\\/plg-pllc.com\\\/es\\\/faqs\\\/\"},{\"@type\":\"ListItem\",\"position\":3,\"name\":\"What are the leading causes of injuries to children?\"}]},{\"@type\":\"WebSite\",\"@id\":\"https:\\\/\\\/plg-pllc.com\\\/#website\",\"url\":\"https:\\\/\\\/plg-pllc.com\\\/\",\"name\":\"Premier Law Group\",\"description\":\"Washington Wrongful Death and Serious Injury Lawyer\",\"publisher\":{\"@id\":\"https:\\\/\\\/plg-pllc.com\\\/#organization\"},\"inLanguage\":\"es\"},{\"@type\":\"Organization\",\"@id\":\"https:\\\/\\\/plg-pllc.com\\\/#organization\",\"name\":\"Premier Law Group\",\"url\":\"https:\\\/\\\/plg-pllc.com\\\/\",\"logo\":{\"@type\":\"ImageObject\",\"inLanguage\":\"es\",\"@id\":\"https:\\\/\\\/plg-pllc.com\\\/#\\\/schema\\\/logo\\\/image\\\/\",\"url\":\"https:\\\/\\\/plg-pllc.com\\\/wp-content\\\/uploads\\\/2020\\\/10\\\/plg-logo-v2.gif\",\"contentUrl\":\"https:\\\/\\\/plg-pllc.com\\\/wp-content\\\/uploads\\\/2020\\\/10\\\/plg-logo-v2.gif\",\"width\":592,\"height\":191,\"caption\":\"Premier Law Group\"},\"image\":{\"@id\":\"https:\\\/\\\/plg-pllc.com\\\/#\\\/schema\\\/logo\\\/image\\\/\"},\"sameAs\":[\"https:\\\/\\\/www.facebook.com\\\/premierlawgroup\",\"https:\\\/\\\/x.com\\\/premierlawgroup\"]}]}<\/script>\n<!-- \/ Yoast SEO plugin. -->","yoast_head_json":{"title":"\u00bfCu\u00e1les son las principales causas de lesiones en los ni\u00f1os?","description":"\u00bfCu\u00e1les son las principales causas de lesiones en ni\u00f1os?: Premier Law Group le ayuda a obtener la compensaci\u00f3n total que merece. Sin cargo a menos que ganemos.","robots":{"index":"index","follow":"follow","max-snippet":"max-snippet:-1","max-image-preview":"max-image-preview:large","max-video-preview":"max-video-preview:-1"},"canonical":"https:\/\/plg-pllc.com\/es\/faqs\/what-are-the-leading-causes-of-injuries-to-children\/","og_locale":"es_MX","og_type":"article","og_title":"What are the leading causes of injuries to children?","og_description":"What are the leading causes of injuries to children?: Premier Law Group helps you unlock the full compensation you deserve. No Fee Unless We Win.","og_url":"https:\/\/plg-pllc.com\/es\/faqs\/what-are-the-leading-causes-of-injuries-to-children\/","og_site_name":"Premier Law Group","article_publisher":"https:\/\/www.facebook.com\/premierlawgroup","article_modified_time":"2024-10-10T21:55:02+00:00","twitter_card":"summary_large_image","twitter_site":"@premierlawgroup","twitter_misc":{"Tiempo de lectura":"4 minutos"},"schema":{"@context":"https:\/\/schema.org","@graph":[{"@type":"WebPage","@id":"https:\/\/plg-pllc.com\/faqs\/what-are-the-leading-causes-of-injuries-to-children\/","url":"https:\/\/plg-pllc.com\/faqs\/what-are-the-leading-causes-of-injuries-to-children\/","name":"\u00bfCu\u00e1les son las principales causas de lesiones en los ni\u00f1os?","isPartOf":{"@id":"https:\/\/plg-pllc.com\/#website"},"datePublished":"2023-02-18T18:36:18+00:00","dateModified":"2024-10-10T21:55:02+00:00","description":"\u00bfCu\u00e1les son las principales causas de lesiones en ni\u00f1os?: Premier Law Group le ayuda a obtener la compensaci\u00f3n total que merece. Sin cargo a menos que ganemos.","breadcrumb":{"@id":"https:\/\/plg-pllc.com\/faqs\/what-are-the-leading-causes-of-injuries-to-children\/#breadcrumb"},"inLanguage":"es","potentialAction":[{"@type":"ReadAction","target":["https:\/\/plg-pllc.com\/faqs\/what-are-the-leading-causes-of-injuries-to-children\/"]}]},{"@type":"BreadcrumbList","@id":"https:\/\/plg-pllc.com\/faqs\/what-are-the-leading-causes-of-injuries-to-children\/#breadcrumb","itemListElement":[{"@type":"ListItem","position":1,"name":"Home","item":"https:\/\/plg-pllc.com\/es\/"},{"@type":"ListItem","position":2,"name":"FAQs","item":"https:\/\/plg-pllc.com\/es\/faqs\/"},{"@type":"ListItem","position":3,"name":"What are the leading causes of injuries to children?"}]},{"@type":"WebSite","@id":"https:\/\/plg-pllc.com\/#website","url":"https:\/\/plg-pllc.com\/","name":"Grupo de abogados Premier","description":"Abogado de muerte por negligencia y lesiones graves en Washington","publisher":{"@id":"https:\/\/plg-pllc.com\/#organization"},"inLanguage":"es"},{"@type":"Organization","@id":"https:\/\/plg-pllc.com\/#organization","name":"Grupo de abogados Premier","url":"https:\/\/plg-pllc.com\/","logo":{"@type":"ImageObject","inLanguage":"es","@id":"https:\/\/plg-pllc.com\/#\/schema\/logo\/image\/","url":"https:\/\/plg-pllc.com\/wp-content\/uploads\/2020\/10\/plg-logo-v2.gif","contentUrl":"https:\/\/plg-pllc.com\/wp-content\/uploads\/2020\/10\/plg-logo-v2.gif","width":592,"height":191,"caption":"Premier Law Group"},"image":{"@id":"https:\/\/plg-pllc.com\/#\/schema\/logo\/image\/"},"sameAs":["https:\/\/www.facebook.com\/premierlawgroup","https:\/\/x.com\/premierlawgroup"]}]}},"_links":{"self":[{"href":"https:\/\/plg-pllc.com\/es\/wp-json\/wp\/v2\/pages\/3514","targetHints":{"allow":["GET"]}}],"collection":[{"href":"https:\/\/plg-pllc.com\/es\/wp-json\/wp\/v2\/pages"}],"about":[{"href":"https:\/\/plg-pllc.com\/es\/wp-json\/wp\/v2\/types\/page"}],"author":[{"embeddable":true,"href":"https:\/\/plg-pllc.com\/es\/wp-json\/wp\/v2\/users\/2"}],"replies":[{"embeddable":true,"href":"https:\/\/plg-pllc.com\/es\/wp-json\/wp\/v2\/comments?post=3514"}],"version-history":[{"count":0,"href":"https:\/\/plg-pllc.com\/es\/wp-json\/wp\/v2\/pages\/3514\/revisions"}],"up":[{"embeddable":true,"href":"https:\/\/plg-pllc.com\/es\/wp-json\/wp\/v2\/pages\/20714"}],"wp:attachment":[{"href":"https:\/\/plg-pllc.com\/es\/wp-json\/wp\/v2\/media?parent=3514"}],"wp:term":[{"taxonomy":"hc_faqs","embeddable":true,"href":"https:\/\/plg-pllc.com\/es\/wp-json\/wp\/v2\/hc_faqs?post=3514"}],"curies":[{"name":"gracias","href":"https:\/\/api.w.org\/{rel}","templated":true}]}}