{"id":3888,"date":"2011-03-22T12:59:55","date_gmt":"2011-03-22T19:59:55","guid":{"rendered":"https:\/\/plg-pllc.com\/?page_id=3888"},"modified":"2025-01-08T06:39:11","modified_gmt":"2025-01-08T14:39:11","slug":"the-truth-about-workplace-sexual-harassment","status":"publish","type":"page","link":"https:\/\/plg-pllc.com\/es\/books\/truth-about-workplace-sexual-harrassment\/","title":{"rendered":"La verdad sobre el acoso sexual en el lugar de trabajo"},"content":{"rendered":"<h2 class=\"wp-block-heading\" id=\"h-workplace-sexual-harassment-in-washington-state\">Acoso sexual en el lugar de trabajo en el estado de Washington<\/h2>\r\n\r\n\r\n<div class=\"wp-block-image\">\r\n<figure class=\"alignleft\"><img loading=\"lazy\" decoding=\"async\" width=\"150\" height=\"256\" class=\"wp-image-17008\" src=\"https:\/\/plg-pllc.com\/wp-content\/uploads\/2019\/05\/plg-workplace-sexual-harassment-book.png\" alt=\"Libro sobre el acoso sexual en el lugar de trabajo\" srcset=\"https:\/\/plg-pllc.com\/wp-content\/uploads\/2019\/05\/plg-workplace-sexual-harassment-book.png 150w, https:\/\/plg-pllc.com\/wp-content\/uploads\/2019\/05\/plg-workplace-sexual-harassment-book-117x200.png 117w\" sizes=\"auto, (max-width: 150px) 100vw, 150px\" \/><\/figure>\r\n<\/div>\r\n\r\n\r\n<p>Un paseo por los campus de la mayor\u00eda de las principales universidades, en particular las de las escuelas profesionales, muestra que el porcentaje de mujeres que cursan estudios superiores es mayor que nunca. De hecho, en la mayor\u00eda de las clases de ingreso, las mujeres superan en n\u00famero a los hombres.<\/p>\r\n\r\n\r\n\r\n<p>Las mujeres, que tradicionalmente han quedado excluidas de la fuerza laboral profesional, constituyen hoy una parte importante de la misma, pero siguen ocupando los llamados puestos de base. Adem\u00e1s, las mujeres que no ocupan esos puestos son directivas de bajo nivel con un poder limitado.<\/p>\r\n\r\n\r\n\r\n<h2 class=\"wp-block-heading\" id=\"h-exploitation-on-the-job\">Explotaci\u00f3n en el trabajo\u2026<\/h2>\r\n\r\n\r\n\r\n<p>La mayor\u00eda de los hombres aceptan este aumento de la presencia de mujeres en la fuerza laboral, pero muchas personas ven la presencia de mujeres como una oportunidad para relacionarse con ellas socialmente o explotarlas sexualmente. Como resultado, las mujeres reciben proposiciones sexuales y est\u00e1n expuestas a expresiones, tocamientos y proposiciones sexuales en general en el lugar de trabajo. Esto es acoso sexual en el lugar de trabajo.<\/p>\r\n\r\n\r\n\r\n<p>Los empleadores y otras personas que ocupan puestos de poder, como gerentes o supervisores, a veces explotan su autoridad sobre sus subordinados para su propio beneficio sexual. La dependencia de los subordinados hacia esas personas les causa angustia emocional. A menudo, las v\u00edctimas deben tolerar una conducta humillante a pesar de sentirse ofendidas por ella.<\/p>\r\n\r\n\r\n\r\n<p>En <a href=\"https:\/\/plg-pllc.com\/about-us\/\">Grupo de abogados Premier<\/a>Para nosotros es importante educar a las personas sobre la ley. De hecho, parte de nuestra misi\u00f3n es asegurarnos de que quienes se comunican con nosotros est\u00e9n mejor informados sobre sus opciones legales, ya sea que los representemos o no. Por eso escribimos una gu\u00eda gratuita sobre acoso sexual en el lugar de trabajo en Washington y la regalamos.<\/p>\r\n\r\n\r\n\r\n<h2 class=\"wp-block-heading\" id=\"h-the-truth-about-workplace-sexual-harassment-provides-tools-to-identify-confront-and-deal-with-sexual-harassment-at-your-job\">\u201cLa verdad sobre el acoso sexual en el trabajo\u201d ofrece herramientas para identificar, afrontar y abordar el acoso sexual en el trabajo<\/h2>\r\n\r\n\r\n\r\n<p>En esta gu\u00eda descubrir\u00e1s:<\/p>\r\n\r\n\r\n\r\n<ul class=\"wp-block-list\">\r\n<li>\u00bfQu\u00e9 constituye acoso sexual y qu\u00e9 no?<\/li>\r\n<li>C\u00f3mo denunciar el acoso sexual y encontrar testigos<\/li>\r\n<li>Los 5 errores m\u00e1s comunes que cometen las v\u00edctimas de acoso sexual<\/li>\r\n<li>\u00bfQui\u00e9n es responsable cuando se produce acoso sexual en el lugar de trabajo?<\/li>\r\n<\/ul>\r\n\r\n\r\n\r\n<p>Complete el formulario a continuaci\u00f3n y le enviaremos una copia electr\u00f3nica de \u201cLa verdad sobre el acoso sexual en el lugar de trabajo\u201d de inmediato.<\/p>\r\n\r\n\n    <div class=\"standard-form content\">\n        <div class=\"standard-form-head\">\n            <h3>Solicite &quot;La verdad sobre el acoso sexual en el lugar de trabajo&quot; a Premier Law Group<\/h3>\n            <p>Complete el formulario a continuaci\u00f3n para solicitar una copia digital de la gu\u00eda de accidentes automovil\u00edsticos de Premier Law Group para residentes de Washington.<\/p>\n        <\/div>\n        <div class=\"lead-form\">\n            \n<div class=\"wpcf7 no-js\" id=\"wpcf7-f20601-o1\" lang=\"en\" dir=\"ltr\" data-wpcf7-id=\"20601\">\n<div class=\"screen-reader-response\"><p role=\"status\" aria-live=\"polite\" aria-atomic=\"true\"><\/p> <ul><\/ul><\/div>\n<form action=\"\/es\/wp-json\/wp\/v2\/pages\/3888#wpcf7-f20601-o1\" method=\"post\" class=\"wpcf7-form init\" aria-label=\"Formulario de contacto\" novalidate=\"novalidate\" data-status=\"init\" data-trp-original-action=\"\/es\/wp-json\/wp\/v2\/pages\/3888#wpcf7-f20601-o1\">\n<fieldset class=\"hidden-fields-container\"><input type=\"hidden\" name=\"_wpcf7\" value=\"20601\" \/><input type=\"hidden\" name=\"_wpcf7_version\" value=\"6.1.5\" \/><input type=\"hidden\" name=\"_wpcf7_locale\" value=\"en\" \/><input type=\"hidden\" name=\"_wpcf7_unit_tag\" value=\"wpcf7-f20601-o1\" \/><input type=\"hidden\" name=\"_wpcf7_container_post\" value=\"0\" \/><input type=\"hidden\" name=\"_wpcf7_posted_data_hash\" value=\"\" \/><input type=\"hidden\" name=\"conversion_url\" value=\"\" \/><input type=\"hidden\" name=\"landing_url\" value=\"\" \/><input type=\"hidden\" name=\"referrer_url\" value=\"\" \/><input type=\"hidden\" name=\"utm_source\" value=\"\" \/><input type=\"hidden\" name=\"utm_medium\" value=\"\" \/><input type=\"hidden\" name=\"utm_campaign\" value=\"\" \/><input type=\"hidden\" name=\"_wpcf7_recaptcha_response\" value=\"\" \/>\n<\/fieldset>\n<div class=\"row\">\n        <div class=\"col-12\">\n            <label>\n                <span class=\"wpcf7-form-control-wrap\" data-name=\"fullName\"><input size=\"40\" maxlength=\"400\" class=\"wpcf7-form-control wpcf7-text wpcf7-validates-as-required\" aria-required=\"true\" aria-invalid=\"false\" placeholder=\"Nombre completo*\" value=\"\" type=\"text\" name=\"fullName\" \/><\/span>\n            <\/label>\n        <\/div>\n        <div class=\"col-12\">\n            <label>\n                <span class=\"wpcf7-form-control-wrap\" data-name=\"email\"><input size=\"40\" maxlength=\"400\" class=\"wpcf7-form-control wpcf7-email wpcf7-validates-as-required wpcf7-text wpcf7-validates-as-email\" aria-required=\"true\" aria-invalid=\"false\" placeholder=\"Correo electr\u00f3nico*\" value=\"\" type=\"email\" name=\"email\" \/><\/span>\n            <\/label>\n        <\/div>\n        <div class=\"col-12\">\n<p style=\"color:black; font-size:14px; margin:0 auto;\">Al enviar este formulario, doy mi consentimiento para recibir SMS y llamadas telef\u00f3nicas, incluidas las realizadas mediante tecnolog\u00eda automatizada o IA, de Premier Law Group, PLLC. La frecuencia de los mensajes var\u00eda. Responda &quot;STOP&quot; para cancelar la suscripci\u00f3n. Pueden aplicarse tarifas por mensajes y datos.<\/p>\n            <div class=\"submit\">\n                <input class=\"wpcf7-form-control wpcf7-submit has-spinner btn-global\" type=\"submit\" value=\"Entregar\" \/>\n            <\/div>\n        <\/div>\n    <\/div>\n<input class=\"wpcf7-form-control wpcf7-hidden\" value=\"\" type=\"hidden\" name=\"conversion_url\" \/>\n<input class=\"wpcf7-form-control wpcf7-hidden\" value=\"\" type=\"hidden\" name=\"landing_url\" \/>\n<input class=\"wpcf7-form-control wpcf7-hidden\" value=\"\" type=\"hidden\" name=\"referrer_url\" \/>\n<input class=\"wpcf7-form-control wpcf7-hidden\" value=\"\" type=\"hidden\" name=\"utm_source\" \/>\n<input class=\"wpcf7-form-control wpcf7-hidden\" value=\"\" type=\"hidden\" name=\"utm_medium\" \/>\n<input class=\"wpcf7-form-control wpcf7-hidden\" value=\"\" type=\"hidden\" name=\"utm_campaign\" \/><p style=\"display: none !important;\" class=\"akismet-fields-container\" data-prefix=\"_wpcf7_ak_\"><label>\u0394<textarea name=\"_wpcf7_ak_hp_textarea\" cols=\"45\" rows=\"8\" maxlength=\"100\"><\/textarea><\/label><input type=\"hidden\" id=\"ak_js_1\" name=\"_wpcf7_ak_js\" value=\"23\"\/><script>document.getElementById( \"ak_js_1\" ).setAttribute( \"value\", ( new Date() ).getTime() );<\/script><\/p><div class=\"wpcf7-response-output\" aria-hidden=\"true\"><\/div>\n<input type=\"hidden\" name=\"trp-form-language\" value=\"es\"\/><\/form>\n<\/div>\n        <\/div>\n    <\/div>","protected":false},"excerpt":{"rendered":"<p>Acoso sexual en el lugar de trabajo en el estado de Washington Un paseo por los campus de la mayor\u00eda de las principales universidades, en particular las de las escuelas profesionales, muestra un mayor porcentaje de mujeres que nunca antes cursando estudios superiores. De hecho, en la mayor\u00eda de las clases entrantes, las mujeres superan en n\u00famero a los hombres. Las mujeres, que tradicionalmente han quedado excluidas de la fuerza laboral profesional, constituyen un porcentaje significativo\u2026<\/p>","protected":false},"author":2,"featured_media":17008,"parent":3363,"menu_order":26,"comment_status":"closed","ping_status":"closed","template":"","meta":{"_acf_changed":false,"_genesis_hide_title":false,"_genesis_hide_breadcrumbs":false,"_genesis_hide_singular_image":false,"_genesis_hide_footer_widgets":false,"_genesis_custom_body_class":"","_genesis_custom_post_class":"","_genesis_layout":"full-width-content","footnotes":""},"hc_faqs":[],"class_list":{"0":"post-3888","1":"page","2":"type-page","3":"status-publish","4":"has-post-thumbnail","6":"entry"},"acf":[],"yoast_head":"<!-- This site is optimized with the Yoast SEO plugin v27.2 - https:\/\/yoast.com\/product\/yoast-seo-wordpress\/ -->\n<title>The Truth About Workplace Sexual Harassment Legal Guide<\/title>\n<meta name=\"description\" content=\"The Truth About Workplace Sexual Harassment: Premier Law Group helps you unlock the full compensation you deserve. No Fee Unless We Win.\" \/>\n<meta name=\"robots\" content=\"index, follow, max-snippet:-1, max-image-preview:large, max-video-preview:-1\" \/>\n<link rel=\"canonical\" href=\"https:\/\/plg-pllc.com\/es\/books\/truth-about-workplace-sexual-harrassment\/\" \/>\n<meta property=\"og:locale\" content=\"es_MX\" \/>\n<meta property=\"og:type\" content=\"article\" \/>\n<meta property=\"og:title\" content=\"The Truth About Workplace Sexual Harassment Legal Guide\" \/>\n<meta property=\"og:description\" content=\"The Truth About Workplace Sexual Harassment: Premier Law Group helps you unlock the full compensation you deserve. No Fee Unless We Win.\" \/>\n<meta property=\"og:url\" content=\"https:\/\/plg-pllc.com\/es\/books\/truth-about-workplace-sexual-harrassment\/\" \/>\n<meta property=\"og:site_name\" content=\"Premier Law Group\" \/>\n<meta property=\"article:publisher\" content=\"https:\/\/www.facebook.com\/premierlawgroup\" \/>\n<meta property=\"article:modified_time\" content=\"2025-01-08T14:39:11+00:00\" \/>\n<meta property=\"og:image\" content=\"https:\/\/plg-pllc.com\/wp-content\/uploads\/2019\/05\/plg-workplace-sexual-harassment-book.png\" \/>\n\t<meta property=\"og:image:width\" content=\"150\" \/>\n\t<meta property=\"og:image:height\" content=\"256\" \/>\n\t<meta property=\"og:image:type\" content=\"image\/png\" \/>\n<meta name=\"twitter:card\" content=\"summary_large_image\" \/>\n<meta name=\"twitter:site\" content=\"@premierlawgroup\" \/>\n<meta name=\"twitter:label1\" content=\"Tiempo de lectura\" \/>\n\t<meta name=\"twitter:data1\" content=\"2 minutos\" \/>\n<script type=\"application\/ld+json\" class=\"yoast-schema-graph\">{\"@context\":\"https:\/\/schema.org\",\"@graph\":[{\"@type\":\"WebPage\",\"@id\":\"https:\/\/plg-pllc.com\/books\/truth-about-workplace-sexual-harrassment\/\",\"url\":\"https:\/\/plg-pllc.com\/books\/truth-about-workplace-sexual-harrassment\/\",\"name\":\"The Truth About Workplace Sexual Harassment Legal Guide\",\"isPartOf\":{\"@id\":\"https:\/\/plg-pllc.com\/#website\"},\"primaryImageOfPage\":{\"@id\":\"https:\/\/plg-pllc.com\/books\/truth-about-workplace-sexual-harrassment\/#primaryimage\"},\"image\":{\"@id\":\"https:\/\/plg-pllc.com\/books\/truth-about-workplace-sexual-harrassment\/#primaryimage\"},\"thumbnailUrl\":\"https:\/\/plg-pllc.com\/wp-content\/uploads\/2019\/05\/plg-workplace-sexual-harassment-book.png\",\"datePublished\":\"2011-03-22T19:59:55+00:00\",\"dateModified\":\"2025-01-08T14:39:11+00:00\",\"description\":\"The Truth About Workplace Sexual Harassment: Premier Law Group helps you unlock the full compensation you deserve. No Fee Unless We Win.\",\"breadcrumb\":{\"@id\":\"https:\/\/plg-pllc.com\/books\/truth-about-workplace-sexual-harrassment\/#breadcrumb\"},\"inLanguage\":\"es\",\"potentialAction\":[{\"@type\":\"ReadAction\",\"target\":[\"https:\/\/plg-pllc.com\/books\/truth-about-workplace-sexual-harrassment\/\"]}]},{\"@type\":\"ImageObject\",\"inLanguage\":\"es\",\"@id\":\"https:\/\/plg-pllc.com\/books\/truth-about-workplace-sexual-harrassment\/#primaryimage\",\"url\":\"https:\/\/plg-pllc.com\/wp-content\/uploads\/2019\/05\/plg-workplace-sexual-harassment-book.png\",\"contentUrl\":\"https:\/\/plg-pllc.com\/wp-content\/uploads\/2019\/05\/plg-workplace-sexual-harassment-book.png\",\"width\":150,\"height\":256,\"caption\":\"Workplace Sexual Harassment Book\"},{\"@type\":\"BreadcrumbList\",\"@id\":\"https:\/\/plg-pllc.com\/books\/truth-about-workplace-sexual-harrassment\/#breadcrumb\",\"itemListElement\":[{\"@type\":\"ListItem\",\"position\":1,\"name\":\"Home\",\"item\":\"https:\/\/plg-pllc.com\/es\/\"},{\"@type\":\"ListItem\",\"position\":2,\"name\":\"Books\",\"item\":\"https:\/\/plg-pllc.com\/es\/books\/\"},{\"@type\":\"ListItem\",\"position\":3,\"name\":\"The Truth About Workplace Sexual Harassment\"}]},{\"@type\":\"WebSite\",\"@id\":\"https:\/\/plg-pllc.com\/#website\",\"url\":\"https:\/\/plg-pllc.com\/\",\"name\":\"Premier Law Group\",\"description\":\"Washington Wrongful Death and Serious Injury Lawyer\",\"publisher\":{\"@id\":\"https:\/\/plg-pllc.com\/#organization\"},\"inLanguage\":\"es\"},{\"@type\":\"Organization\",\"@id\":\"https:\/\/plg-pllc.com\/#organization\",\"name\":\"Premier Law Group\",\"url\":\"https:\/\/plg-pllc.com\/\",\"logo\":{\"@type\":\"ImageObject\",\"inLanguage\":\"es\",\"@id\":\"https:\/\/plg-pllc.com\/#\/schema\/logo\/image\/\",\"url\":\"https:\/\/plg-pllc.com\/wp-content\/uploads\/2020\/10\/plg-logo-v2.gif\",\"contentUrl\":\"https:\/\/plg-pllc.com\/wp-content\/uploads\/2020\/10\/plg-logo-v2.gif\",\"width\":592,\"height\":191,\"caption\":\"Premier Law Group\"},\"image\":{\"@id\":\"https:\/\/plg-pllc.com\/#\/schema\/logo\/image\/\"},\"sameAs\":[\"https:\/\/www.facebook.com\/premierlawgroup\",\"https:\/\/x.com\/premierlawgroup\"]}]}<\/script>\n<!-- \/ Yoast SEO plugin. -->","yoast_head_json":{"title":"La verdad sobre el acoso sexual en el lugar de trabajo Gu\u00eda legal","description":"La verdad sobre el acoso sexual en el lugar de trabajo: Premier Law Group le ayuda a obtener la compensaci\u00f3n total que merece. Sin cargo a menos que ganemos.","robots":{"index":"index","follow":"follow","max-snippet":"max-snippet:-1","max-image-preview":"max-image-preview:large","max-video-preview":"max-video-preview:-1"},"canonical":"https:\/\/plg-pllc.com\/es\/books\/truth-about-workplace-sexual-harrassment\/","og_locale":"es_MX","og_type":"article","og_title":"The Truth About Workplace Sexual Harassment Legal Guide","og_description":"The Truth About Workplace Sexual Harassment: Premier Law Group helps you unlock the full compensation you deserve. No Fee Unless We Win.","og_url":"https:\/\/plg-pllc.com\/es\/books\/truth-about-workplace-sexual-harrassment\/","og_site_name":"Premier Law Group","article_publisher":"https:\/\/www.facebook.com\/premierlawgroup","article_modified_time":"2025-01-08T14:39:11+00:00","og_image":[{"width":150,"height":256,"url":"https:\/\/plg-pllc.com\/wp-content\/uploads\/2019\/05\/plg-workplace-sexual-harassment-book.png","type":"image\/png"}],"twitter_card":"summary_large_image","twitter_site":"@premierlawgroup","twitter_misc":{"Tiempo de lectura":"2 minutos"},"schema":{"@context":"https:\/\/schema.org","@graph":[{"@type":"WebPage","@id":"https:\/\/plg-pllc.com\/books\/truth-about-workplace-sexual-harrassment\/","url":"https:\/\/plg-pllc.com\/books\/truth-about-workplace-sexual-harrassment\/","name":"La verdad sobre el acoso sexual en el lugar de trabajo Gu\u00eda legal","isPartOf":{"@id":"https:\/\/plg-pllc.com\/#website"},"primaryImageOfPage":{"@id":"https:\/\/plg-pllc.com\/books\/truth-about-workplace-sexual-harrassment\/#primaryimage"},"image":{"@id":"https:\/\/plg-pllc.com\/books\/truth-about-workplace-sexual-harrassment\/#primaryimage"},"thumbnailUrl":"https:\/\/plg-pllc.com\/wp-content\/uploads\/2019\/05\/plg-workplace-sexual-harassment-book.png","datePublished":"2011-03-22T19:59:55+00:00","dateModified":"2025-01-08T14:39:11+00:00","description":"La verdad sobre el acoso sexual en el lugar de trabajo: Premier Law Group le ayuda a obtener la compensaci\u00f3n total que merece. Sin cargo a menos que ganemos.","breadcrumb":{"@id":"https:\/\/plg-pllc.com\/books\/truth-about-workplace-sexual-harrassment\/#breadcrumb"},"inLanguage":"es","potentialAction":[{"@type":"ReadAction","target":["https:\/\/plg-pllc.com\/books\/truth-about-workplace-sexual-harrassment\/"]}]},{"@type":"ImageObject","inLanguage":"es","@id":"https:\/\/plg-pllc.com\/books\/truth-about-workplace-sexual-harrassment\/#primaryimage","url":"https:\/\/plg-pllc.com\/wp-content\/uploads\/2019\/05\/plg-workplace-sexual-harassment-book.png","contentUrl":"https:\/\/plg-pllc.com\/wp-content\/uploads\/2019\/05\/plg-workplace-sexual-harassment-book.png","width":150,"height":256,"caption":"Workplace Sexual Harassment Book"},{"@type":"BreadcrumbList","@id":"https:\/\/plg-pllc.com\/books\/truth-about-workplace-sexual-harrassment\/#breadcrumb","itemListElement":[{"@type":"ListItem","position":1,"name":"Home","item":"https:\/\/plg-pllc.com\/es\/"},{"@type":"ListItem","position":2,"name":"Books","item":"https:\/\/plg-pllc.com\/es\/books\/"},{"@type":"ListItem","position":3,"name":"The Truth About Workplace Sexual Harassment"}]},{"@type":"WebSite","@id":"https:\/\/plg-pllc.com\/#website","url":"https:\/\/plg-pllc.com\/","name":"Grupo de abogados Premier","description":"Abogado de muerte por negligencia y lesiones graves en Washington","publisher":{"@id":"https:\/\/plg-pllc.com\/#organization"},"inLanguage":"es"},{"@type":"Organization","@id":"https:\/\/plg-pllc.com\/#organization","name":"Grupo de abogados Premier","url":"https:\/\/plg-pllc.com\/","logo":{"@type":"ImageObject","inLanguage":"es","@id":"https:\/\/plg-pllc.com\/#\/schema\/logo\/image\/","url":"https:\/\/plg-pllc.com\/wp-content\/uploads\/2020\/10\/plg-logo-v2.gif","contentUrl":"https:\/\/plg-pllc.com\/wp-content\/uploads\/2020\/10\/plg-logo-v2.gif","width":592,"height":191,"caption":"Premier Law Group"},"image":{"@id":"https:\/\/plg-pllc.com\/#\/schema\/logo\/image\/"},"sameAs":["https:\/\/www.facebook.com\/premierlawgroup","https:\/\/x.com\/premierlawgroup"]}]}},"_links":{"self":[{"href":"https:\/\/plg-pllc.com\/es\/wp-json\/wp\/v2\/pages\/3888","targetHints":{"allow":["GET"]}}],"collection":[{"href":"https:\/\/plg-pllc.com\/es\/wp-json\/wp\/v2\/pages"}],"about":[{"href":"https:\/\/plg-pllc.com\/es\/wp-json\/wp\/v2\/types\/page"}],"author":[{"embeddable":true,"href":"https:\/\/plg-pllc.com\/es\/wp-json\/wp\/v2\/users\/2"}],"replies":[{"embeddable":true,"href":"https:\/\/plg-pllc.com\/es\/wp-json\/wp\/v2\/comments?post=3888"}],"version-history":[{"count":0,"href":"https:\/\/plg-pllc.com\/es\/wp-json\/wp\/v2\/pages\/3888\/revisions"}],"up":[{"embeddable":true,"href":"https:\/\/plg-pllc.com\/es\/wp-json\/wp\/v2\/pages\/3363"}],"wp:featuredmedia":[{"embeddable":true,"href":"https:\/\/plg-pllc.com\/es\/wp-json\/wp\/v2\/media\/17008"}],"wp:attachment":[{"href":"https:\/\/plg-pllc.com\/es\/wp-json\/wp\/v2\/media?parent=3888"}],"wp:term":[{"taxonomy":"hc_faqs","embeddable":true,"href":"https:\/\/plg-pllc.com\/es\/wp-json\/wp\/v2\/hc_faqs?post=3888"}],"curies":[{"name":"gracias","href":"https:\/\/api.w.org\/{rel}","templated":true}]}}