{"id":3976,"date":"2011-04-06T14:27:24","date_gmt":"2011-04-06T21:27:24","guid":{"rendered":"https:\/\/plg-pllc.com\/?page_id=3976"},"modified":"2024-10-10T14:51:00","modified_gmt":"2024-10-10T21:51:00","slug":"tips-to-increasing-fuel-economy-bellevue-injury-lawyer","status":"publish","type":"page","link":"https:\/\/plg-pllc.com\/es\/faqs\/tips-to-increasing-fuel-economy-bellevue-injury-lawyer\/","title":{"rendered":"Consejos para aumentar el ahorro de combustible"},"content":{"rendered":"<p>Trabajando con <a href=\"\/case-results\/\">Casos de accidentes automovil\u00edsticos en Seattle<\/a> es mi principal enfoque como <a href=\"https:\/\/plg-pllc.com\/about-us\/attorneys\/jason-epstein\/\">Abogado de lesiones personales en Bellevue<\/a>, pero al igual que muchas personas, yo conduzco al trabajo y he visto los efectos del aumento de los precios de la gasolina en mi billetera. Si no viaja en una l\u00ednea de autob\u00fas y no tiene la posibilidad de compartir el veh\u00edculo, puede sentirse atrapado, ya que paga m\u00e1s de $60.00 cada vez que carga combustible. Para ayudarlo a ahorrar algo de dinero, le proporcionamos una lista de opciones f\u00e1ciles para ayudarlo a aumentar la eficiencia de su combustible sin que le cueste un centavo ni afecte demasiado su vida.<a href=\"https:\/\/plg-pllc.com\/wp-content\/uploads\/2011\/04\/gas_prices.jpg\"><img loading=\"lazy\" decoding=\"async\" class=\"alignright size-medium wp-image-3974\" title=\"precios de la gasolina\" src=\"https:\/\/plg-pllc.com\/wp-content\/uploads\/2011\/04\/gas_prices-300x293.jpg\" alt=\"Precios de la gasolina en Washington\" width=\"300\" height=\"293\" \/><\/a><\/p>\n<p><strong>Los mejores ahorradores de combustible<\/strong><\/p>\n<p>Quiz\u00e1s se sorprenda por la gran diferencia que pueden generar los siguientes consejos en sus resultados finales.<\/p>\n<p><strong><em>Control de crucero:<\/em><\/strong><\/p>\n<p>El control de crucero puede ayudarte a ahorrar m\u00e1s dinero que simplemente evitar una multa por exceso de velocidad: seg\u00fan una investigaci\u00f3n de Edmonds.com, puede ahorrarte mucho dinero en el dep\u00f3sito. Edmonds compar\u00f3 el consumo de combustible de un Land Rover LR3 y un Ford Mustang mientras usaban el control de crucero a 70 mph frente a una velocidad que fluctuaba entre 65 y 75 mph sin control de crucero.<\/p>\n<p>El Land Rover obtuvo un 14% m\u00e1s de consumo de combustible con el control de crucero y el Mustang un 4,5% m\u00e1s de ahorro de combustible, lo que demuestra que, especialmente en veh\u00edculos m\u00e1s grandes, el uso del control de crucero puede marcar una gran diferencia.<\/p>\n<p><strong><em>Acelerar y frenar lentamente:<\/em><\/strong><\/p>\n<p>Edmonds.com tambi\u00e9n descubri\u00f3 que evitar pisar a fondo el acelerador y el freno puede ahorrar una cantidad considerable de combustible. De hecho, el Land Rover experiment\u00f3 un aumento de 35,4% en la eficiencia de combustible y el Mustang un aumento de 27,1%. La parte dif\u00edcil es darse cuenta de cu\u00e1nto es demasiado: seg\u00fan los expertos, el pedal del acelerador no debe pisarse m\u00e1s de una pulgada desde la posici\u00f3n de reposo a menos que sea absolutamente necesario. En lugar de eso, acelere lentamente cuando tome velocidad y cuando una luz se ponga amarilla o roja frente a usted, det\u00e9ngase gradualmente en lugar de pisar el freno de golpe justo en la l\u00ednea de detenci\u00f3n.<\/p>\n<p><strong>Poniendo los ahorros en perspectiva<\/strong><\/p>\n<p>Los porcentajes parecen altos, pero \u00bfa qu\u00e9 equivale exactamente todo esto? Si ponemos estos n\u00fameros en perspectiva, en promedio, si obtiene 22 millas por gal\u00f3n en su veh\u00edculo, puede aumentar esa cifra a 30 millas por gal\u00f3n simplemente siguiendo los consejos anteriores: \u00a1para un tanque de 20 galones, eso significa que puede recorrer 160 millas adicionales por tanque!<\/p>\n<p><strong>Alimento para el pensamiento<\/strong><\/p>\n<p>Otras formas de ahorrar dinero incluyen disminuir el peso que transporta su veh\u00edculo (quitar herramientas pesadas, bicicletas, etc.) y hacer que su autom\u00f3vil sea m\u00e1s aerodin\u00e1mico quitando los portabicicletas u otros espacios de almacenamiento con formas extra\u00f1as del exterior de su veh\u00edculo.<\/p>\n<p>Compartir coche y tomar el autob\u00fas tambi\u00e9n son excelentes opciones para ahorrar dinero en gasolina, as\u00ed como para reducir los costes de mantenimiento de tu veh\u00edculo y tu huella de carbono.<\/p>\n\n        <div class=\"rs-content-cta long\">\n            <p>Para una consulta legal GRATUITA, llame al <a href=\"tel:+12062851743\">(206) 285-1743 <\/a><\/p>\n            <a href=\"https:\/\/plg-pllc.com\/es\/contact-us\/\" title=\"OBTENGA UNA EVALUACI\u00d3N DE CASO GRATUITA\" class=\"btn-global\">OBTENGA UNA EVALUACI\u00d3N DE CASO GRATUITA<\/a>\n                    <picture>\n                            <source srcset=\"https:\/\/plg-pllc.com\/wp-content\/themes\/plg-pllc-redesign\/assets\/app\/img\/cta-thumb.webp\" type=\"image\/webp\"\/>\n                            <img src=\"https:\/\/plg-pllc.com\/wp-content\/themes\/plg-pllc-redesign\/assets\/app\/img\/cta-thumb.png\" alt=\"Grupo de abogados Premier\" title=\"Grupo de abogados Premier\" width=\"245\" height=\"220\" loading=\"auto\" fetchpriority=\"auto\" decoding=\"async\"\/>\n        <\/picture>\n        \n        <\/div><p>Edmonds.com tambi\u00e9n descubri\u00f3 algunos consejos para ahorrar combustible que quiz\u00e1s haya escuchado y que aparentemente no le permiten ahorrar mucho. En particular, usar el aire acondicionado en lugar de bajar las ventanillas NO le permite ahorrar mucho combustible y mantener los neum\u00e1ticos con la presi\u00f3n de aire adecuada, aunque es mejor por razones de seguridad, no reduce el consumo de combustible.<\/p>\n\n        <div class=\"rs-content-cta\">\n            <p>Llamar o enviar mensaje de texto <a href=\"tel:+12062851743\">(206) 285-1743<\/a> o complete un formulario de evaluaci\u00f3n de caso gratuito<\/p>\n            <a href=\"https:\/\/plg-pllc.com\/es\/contact-us\/\" title=\"OBTENGA UNA EVALUACI\u00d3N DE CASO GRATUITA\" class=\"btn-global\">OBTENGA UNA EVALUACI\u00d3N DE CASO GRATUITA<\/a>\n                    <picture>\n                            <source srcset=\"https:\/\/plg-pllc.com\/wp-content\/themes\/plg-pllc-redesign\/assets\/app\/img\/cta-thumb.webp\" type=\"image\/webp\"\/>\n                            <img src=\"https:\/\/plg-pllc.com\/wp-content\/themes\/plg-pllc-redesign\/assets\/app\/img\/cta-thumb.png\" alt=\"Grupo de abogados Premier\" title=\"Grupo de abogados Premier\" width=\"245\" height=\"220\" loading=\"auto\" fetchpriority=\"auto\" decoding=\"async\"\/>\n        <\/picture>\n        \n        <\/div>","protected":false},"excerpt":{"rendered":"<p>Como abogado de lesiones personales de Bellevue, trabajar con casos de accidentes automovil\u00edsticos en Seattle es mi principal objetivo, pero, al igual que muchas personas, conduzco hasta el trabajo y he visto los efectos del aumento de los precios de la gasolina en mi billetera. Si no viaja en autob\u00fas y no tiene la posibilidad de compartir el veh\u00edculo, puede sentirse atrapado...<\/p>","protected":false},"author":2,"featured_media":0,"parent":20714,"menu_order":84,"comment_status":"closed","ping_status":"closed","template":"","meta":{"_acf_changed":false,"_genesis_hide_title":false,"_genesis_hide_breadcrumbs":false,"_genesis_hide_singular_image":false,"_genesis_hide_footer_widgets":false,"_genesis_custom_body_class":"","_genesis_custom_post_class":"","_genesis_layout":"","footnotes":""},"hc_faqs":[10360],"class_list":{"0":"post-3976","1":"page","2":"type-page","3":"status-publish","5":"hc_faqs-premier-law-group","6":"entry"},"acf":[],"yoast_head":"<!-- This site is optimized with the Yoast SEO plugin v27.4 - https:\/\/yoast.com\/product\/yoast-seo-wordpress\/ -->\n<title>Tips to Increasing Fuel Economy | PLG<\/title>\n<meta name=\"description\" content=\"Tips to Increasing Fuel Economy: Premier Law Group helps you unlock the full compensation you deserve. No Fee Unless We Win.\" \/>\n<meta name=\"robots\" content=\"index, follow, max-snippet:-1, max-image-preview:large, max-video-preview:-1\" \/>\n<link rel=\"canonical\" href=\"https:\/\/plg-pllc.com\/es\/faqs\/tips-to-increasing-fuel-economy-bellevue-injury-lawyer\/\" \/>\n<meta property=\"og:locale\" content=\"es_MX\" \/>\n<meta property=\"og:type\" content=\"article\" \/>\n<meta property=\"og:title\" content=\"Tips to Increasing Fuel Economy | PLG\" \/>\n<meta property=\"og:description\" content=\"Tips to Increasing Fuel Economy: Premier Law Group helps you unlock the full compensation you deserve. No Fee Unless We Win.\" \/>\n<meta property=\"og:url\" content=\"https:\/\/plg-pllc.com\/es\/faqs\/tips-to-increasing-fuel-economy-bellevue-injury-lawyer\/\" \/>\n<meta property=\"og:site_name\" content=\"Premier Law Group\" \/>\n<meta property=\"article:publisher\" content=\"https:\/\/www.facebook.com\/premierlawgroup\" \/>\n<meta property=\"article:modified_time\" content=\"2024-10-10T21:51:00+00:00\" \/>\n<meta property=\"og:image\" content=\"https:\/\/plg-pllc.com\/wp-content\/uploads\/2011\/04\/gas_prices.jpg\" \/>\n\t<meta property=\"og:image:width\" content=\"512\" \/>\n\t<meta property=\"og:image:height\" content=\"501\" \/>\n\t<meta property=\"og:image:type\" content=\"image\/jpeg\" \/>\n<meta name=\"twitter:card\" content=\"summary_large_image\" \/>\n<meta name=\"twitter:site\" content=\"@premierlawgroup\" \/>\n<meta name=\"twitter:label1\" content=\"Tiempo de lectura\" \/>\n\t<meta name=\"twitter:data1\" content=\"3 minutos\" \/>\n<script type=\"application\/ld+json\" class=\"yoast-schema-graph\">{\"@context\":\"https:\\\/\\\/schema.org\",\"@graph\":[{\"@type\":\"WebPage\",\"@id\":\"https:\\\/\\\/plg-pllc.com\\\/faqs\\\/tips-to-increasing-fuel-economy-bellevue-injury-lawyer\\\/\",\"url\":\"https:\\\/\\\/plg-pllc.com\\\/faqs\\\/tips-to-increasing-fuel-economy-bellevue-injury-lawyer\\\/\",\"name\":\"Tips to Increasing Fuel Economy | PLG\",\"isPartOf\":{\"@id\":\"https:\\\/\\\/plg-pllc.com\\\/#website\"},\"primaryImageOfPage\":{\"@id\":\"https:\\\/\\\/plg-pllc.com\\\/faqs\\\/tips-to-increasing-fuel-economy-bellevue-injury-lawyer\\\/#primaryimage\"},\"image\":{\"@id\":\"https:\\\/\\\/plg-pllc.com\\\/faqs\\\/tips-to-increasing-fuel-economy-bellevue-injury-lawyer\\\/#primaryimage\"},\"thumbnailUrl\":\"https:\\\/\\\/plg-pllc.com\\\/wp-content\\\/uploads\\\/2011\\\/04\\\/gas_prices-300x293.jpg\",\"datePublished\":\"2011-04-06T21:27:24+00:00\",\"dateModified\":\"2024-10-10T21:51:00+00:00\",\"description\":\"Tips to Increasing Fuel Economy: Premier Law Group helps you unlock the full compensation you deserve. No Fee Unless We Win.\",\"breadcrumb\":{\"@id\":\"https:\\\/\\\/plg-pllc.com\\\/faqs\\\/tips-to-increasing-fuel-economy-bellevue-injury-lawyer\\\/#breadcrumb\"},\"inLanguage\":\"es\",\"potentialAction\":[{\"@type\":\"ReadAction\",\"target\":[\"https:\\\/\\\/plg-pllc.com\\\/faqs\\\/tips-to-increasing-fuel-economy-bellevue-injury-lawyer\\\/\"]}]},{\"@type\":\"ImageObject\",\"inLanguage\":\"es\",\"@id\":\"https:\\\/\\\/plg-pllc.com\\\/faqs\\\/tips-to-increasing-fuel-economy-bellevue-injury-lawyer\\\/#primaryimage\",\"url\":\"https:\\\/\\\/plg-pllc.com\\\/wp-content\\\/uploads\\\/2011\\\/04\\\/gas_prices-300x293.jpg\",\"contentUrl\":\"https:\\\/\\\/plg-pllc.com\\\/wp-content\\\/uploads\\\/2011\\\/04\\\/gas_prices-300x293.jpg\"},{\"@type\":\"BreadcrumbList\",\"@id\":\"https:\\\/\\\/plg-pllc.com\\\/faqs\\\/tips-to-increasing-fuel-economy-bellevue-injury-lawyer\\\/#breadcrumb\",\"itemListElement\":[{\"@type\":\"ListItem\",\"position\":1,\"name\":\"Home\",\"item\":\"https:\\\/\\\/plg-pllc.com\\\/es\\\/\"},{\"@type\":\"ListItem\",\"position\":2,\"name\":\"FAQs\",\"item\":\"https:\\\/\\\/plg-pllc.com\\\/es\\\/faqs\\\/\"},{\"@type\":\"ListItem\",\"position\":3,\"name\":\"Tips to Increasing Fuel Economy\"}]},{\"@type\":\"WebSite\",\"@id\":\"https:\\\/\\\/plg-pllc.com\\\/#website\",\"url\":\"https:\\\/\\\/plg-pllc.com\\\/\",\"name\":\"Premier Law Group\",\"description\":\"Washington Wrongful Death and Serious Injury Lawyer\",\"publisher\":{\"@id\":\"https:\\\/\\\/plg-pllc.com\\\/#organization\"},\"inLanguage\":\"es\"},{\"@type\":\"Organization\",\"@id\":\"https:\\\/\\\/plg-pllc.com\\\/#organization\",\"name\":\"Premier Law Group\",\"url\":\"https:\\\/\\\/plg-pllc.com\\\/\",\"logo\":{\"@type\":\"ImageObject\",\"inLanguage\":\"es\",\"@id\":\"https:\\\/\\\/plg-pllc.com\\\/#\\\/schema\\\/logo\\\/image\\\/\",\"url\":\"https:\\\/\\\/plg-pllc.com\\\/wp-content\\\/uploads\\\/2020\\\/10\\\/plg-logo-v2.gif\",\"contentUrl\":\"https:\\\/\\\/plg-pllc.com\\\/wp-content\\\/uploads\\\/2020\\\/10\\\/plg-logo-v2.gif\",\"width\":592,\"height\":191,\"caption\":\"Premier Law Group\"},\"image\":{\"@id\":\"https:\\\/\\\/plg-pllc.com\\\/#\\\/schema\\\/logo\\\/image\\\/\"},\"sameAs\":[\"https:\\\/\\\/www.facebook.com\\\/premierlawgroup\",\"https:\\\/\\\/x.com\\\/premierlawgroup\"]}]}<\/script>\n<!-- \/ Yoast SEO plugin. -->","yoast_head_json":{"title":"Consejos para aumentar el ahorro de combustible | PLG","description":"Consejos para aumentar el ahorro de combustible: Premier Law Group le ayuda a obtener la compensaci\u00f3n total que merece. Sin honorarios a menos que ganemos.","robots":{"index":"index","follow":"follow","max-snippet":"max-snippet:-1","max-image-preview":"max-image-preview:large","max-video-preview":"max-video-preview:-1"},"canonical":"https:\/\/plg-pllc.com\/es\/faqs\/tips-to-increasing-fuel-economy-bellevue-injury-lawyer\/","og_locale":"es_MX","og_type":"article","og_title":"Tips to Increasing Fuel Economy | PLG","og_description":"Tips to Increasing Fuel Economy: Premier Law Group helps you unlock the full compensation you deserve. No Fee Unless We Win.","og_url":"https:\/\/plg-pllc.com\/es\/faqs\/tips-to-increasing-fuel-economy-bellevue-injury-lawyer\/","og_site_name":"Premier Law Group","article_publisher":"https:\/\/www.facebook.com\/premierlawgroup","article_modified_time":"2024-10-10T21:51:00+00:00","og_image":[{"width":512,"height":501,"url":"https:\/\/plg-pllc.com\/wp-content\/uploads\/2011\/04\/gas_prices.jpg","type":"image\/jpeg"}],"twitter_card":"summary_large_image","twitter_site":"@premierlawgroup","twitter_misc":{"Tiempo de lectura":"3 minutos"},"schema":{"@context":"https:\/\/schema.org","@graph":[{"@type":"WebPage","@id":"https:\/\/plg-pllc.com\/faqs\/tips-to-increasing-fuel-economy-bellevue-injury-lawyer\/","url":"https:\/\/plg-pllc.com\/faqs\/tips-to-increasing-fuel-economy-bellevue-injury-lawyer\/","name":"Consejos para aumentar el ahorro de combustible | PLG","isPartOf":{"@id":"https:\/\/plg-pllc.com\/#website"},"primaryImageOfPage":{"@id":"https:\/\/plg-pllc.com\/faqs\/tips-to-increasing-fuel-economy-bellevue-injury-lawyer\/#primaryimage"},"image":{"@id":"https:\/\/plg-pllc.com\/faqs\/tips-to-increasing-fuel-economy-bellevue-injury-lawyer\/#primaryimage"},"thumbnailUrl":"https:\/\/plg-pllc.com\/wp-content\/uploads\/2011\/04\/gas_prices-300x293.jpg","datePublished":"2011-04-06T21:27:24+00:00","dateModified":"2024-10-10T21:51:00+00:00","description":"Consejos para aumentar el ahorro de combustible: Premier Law Group le ayuda a obtener la compensaci\u00f3n total que merece. Sin honorarios a menos que ganemos.","breadcrumb":{"@id":"https:\/\/plg-pllc.com\/faqs\/tips-to-increasing-fuel-economy-bellevue-injury-lawyer\/#breadcrumb"},"inLanguage":"es","potentialAction":[{"@type":"ReadAction","target":["https:\/\/plg-pllc.com\/faqs\/tips-to-increasing-fuel-economy-bellevue-injury-lawyer\/"]}]},{"@type":"ImageObject","inLanguage":"es","@id":"https:\/\/plg-pllc.com\/faqs\/tips-to-increasing-fuel-economy-bellevue-injury-lawyer\/#primaryimage","url":"https:\/\/plg-pllc.com\/wp-content\/uploads\/2011\/04\/gas_prices-300x293.jpg","contentUrl":"https:\/\/plg-pllc.com\/wp-content\/uploads\/2011\/04\/gas_prices-300x293.jpg"},{"@type":"BreadcrumbList","@id":"https:\/\/plg-pllc.com\/faqs\/tips-to-increasing-fuel-economy-bellevue-injury-lawyer\/#breadcrumb","itemListElement":[{"@type":"ListItem","position":1,"name":"Home","item":"https:\/\/plg-pllc.com\/es\/"},{"@type":"ListItem","position":2,"name":"FAQs","item":"https:\/\/plg-pllc.com\/es\/faqs\/"},{"@type":"ListItem","position":3,"name":"Tips to Increasing Fuel Economy"}]},{"@type":"WebSite","@id":"https:\/\/plg-pllc.com\/#website","url":"https:\/\/plg-pllc.com\/","name":"Grupo de abogados Premier","description":"Abogado de muerte por negligencia y lesiones graves en Washington","publisher":{"@id":"https:\/\/plg-pllc.com\/#organization"},"inLanguage":"es"},{"@type":"Organization","@id":"https:\/\/plg-pllc.com\/#organization","name":"Grupo de abogados Premier","url":"https:\/\/plg-pllc.com\/","logo":{"@type":"ImageObject","inLanguage":"es","@id":"https:\/\/plg-pllc.com\/#\/schema\/logo\/image\/","url":"https:\/\/plg-pllc.com\/wp-content\/uploads\/2020\/10\/plg-logo-v2.gif","contentUrl":"https:\/\/plg-pllc.com\/wp-content\/uploads\/2020\/10\/plg-logo-v2.gif","width":592,"height":191,"caption":"Premier Law Group"},"image":{"@id":"https:\/\/plg-pllc.com\/#\/schema\/logo\/image\/"},"sameAs":["https:\/\/www.facebook.com\/premierlawgroup","https:\/\/x.com\/premierlawgroup"]}]}},"_links":{"self":[{"href":"https:\/\/plg-pllc.com\/es\/wp-json\/wp\/v2\/pages\/3976","targetHints":{"allow":["GET"]}}],"collection":[{"href":"https:\/\/plg-pllc.com\/es\/wp-json\/wp\/v2\/pages"}],"about":[{"href":"https:\/\/plg-pllc.com\/es\/wp-json\/wp\/v2\/types\/page"}],"author":[{"embeddable":true,"href":"https:\/\/plg-pllc.com\/es\/wp-json\/wp\/v2\/users\/2"}],"replies":[{"embeddable":true,"href":"https:\/\/plg-pllc.com\/es\/wp-json\/wp\/v2\/comments?post=3976"}],"version-history":[{"count":0,"href":"https:\/\/plg-pllc.com\/es\/wp-json\/wp\/v2\/pages\/3976\/revisions"}],"up":[{"embeddable":true,"href":"https:\/\/plg-pllc.com\/es\/wp-json\/wp\/v2\/pages\/20714"}],"wp:attachment":[{"href":"https:\/\/plg-pllc.com\/es\/wp-json\/wp\/v2\/media?parent=3976"}],"wp:term":[{"taxonomy":"hc_faqs","embeddable":true,"href":"https:\/\/plg-pllc.com\/es\/wp-json\/wp\/v2\/hc_faqs?post=3976"}],"curies":[{"name":"gracias","href":"https:\/\/api.w.org\/{rel}","templated":true}]}}