{"id":4294,"date":"2011-04-20T09:56:16","date_gmt":"2011-04-20T16:56:16","guid":{"rendered":"https:\/\/plg-pllc.com\/?page_id=4294"},"modified":"2024-10-15T19:03:24","modified_gmt":"2024-10-16T02:03:24","slug":"washington-state-seat-belt-laws","status":"publish","type":"page","link":"https:\/\/plg-pllc.com\/es\/faqs\/washington-seat-belt-laws\/","title":{"rendered":"Leyes sobre el uso del cintur\u00f3n de seguridad en el estado de Washington"},"content":{"rendered":"<p>Los veh\u00edculos de motor est\u00e1n equipados con diversas caracter\u00edsticas de seguridad que mantienen a los conductores a salvo en las carreteras. Estas caracter\u00edsticas de seguridad son fundamentales para evitar lesiones a usted y a otras personas en el veh\u00edculo con usted. Incluso en accidentes automovil\u00edsticos que ocurren a baja velocidad o tienen colisiones menores, las caracter\u00edsticas de seguridad como los cinturones de seguridad, los vidrios de seguridad, las bolsas de aire y m\u00e1s funcionan para reducir la posibilidad de una lesi\u00f3n que altere la vida.\u00a0<\/p>\r\n\r\n\r\n\r\n<p>Uno de los elementos de seguridad esenciales de un veh\u00edculo de motor es el cintur\u00f3n de seguridad. El uso correcto y regular de los cinturones de seguridad puede mantener a los conductores y pasajeros seguros durante un accidente y salvar vidas. En un esfuerzo por proteger a los automovilistas, el estado de Washington tiene una ley de uso del cintur\u00f3n de seguridad que otorga a las fuerzas del orden el derecho de multar a quienes no respeten el uso obligatorio del cintur\u00f3n de seguridad al conducir. El cintur\u00f3n de seguridad puede ser vital para sobrevivir a un accidente de tr\u00e1fico. Siga leyendo para conocer las leyes del estado de Washington sobre el uso del cintur\u00f3n de seguridad que pueden salvarle la vida en caso de accidente.\u00a0<\/p>\r\n\r\n\r\n\r\n<h2 class=\"wp-block-heading\" id=\"h-consequences-of-not-abiding-by-washington-state-seat-belt-laws\">Consecuencias de no respetar las leyes del estado de Washington sobre el uso del cintur\u00f3n de seguridad<\/h2>\r\n\r\n\r\n\r\n<p>Las consecuencias de no usar el cintur\u00f3n de seguridad pueden ser nefastas o catastr\u00f3ficas. En 2019, <a href=\"https:\/\/www.nhtsa.gov\/vehicle-safety\/seat-belts\" target=\"_blank\" rel=\"noreferrer noopener\">22.215 personas en accidentes de tr\u00e1fico mortales<\/a>, 47% no llevaban puesto el cintur\u00f3n de seguridad. Los cinturones de seguridad son la raz\u00f3n principal por la que se salvaron 14.955 vidas en 2017, y se podr\u00edan haber salvado otras 2.549 si hubieran respetado la ley que obliga a llevar el cintur\u00f3n de seguridad. Las consecuencias de no llevar el cintur\u00f3n de seguridad son devastadoras.\u00a0<\/p>\r\n\r\n\r\n\r\n<p>Si los conductores deciden no usar el cintur\u00f3n de seguridad, pueden ocurrir las siguientes consecuencias:<\/p>\r\n\r\n\r\n\r\n<h3 class=\"wp-block-heading\" id=\"h-using-a-seatbelt-keeps-you-secure-in-your-vehicle\">El uso del cintur\u00f3n de seguridad le mantiene seguro en su veh\u00edculo\u00a0\u00a0<\/h3>\r\n\r\n\r\n\r\n<p>Abrocharse el cintur\u00f3n de seguridad le permite estar seguro y protegido dentro del veh\u00edculo en caso de colisi\u00f3n. Si no utiliza el cintur\u00f3n de seguridad, puede salir despedido del veh\u00edculo, lo que suele acabar en una muerte.\u00a0<\/p>\r\n\r\n\r\n\r\n<h3 class=\"wp-block-heading\" id=\"h-airbags-may-not-be-enough-in-a-severe-accident\">Los airbags pueden no ser suficientes en caso de accidente grave\u00a0<\/h3>\r\n\r\n\r\n\r\n<p>Es posible que las bolsas de aire no sean suficientes para protegerlo. Adem\u00e1s, si el conductor o el pasajero no est\u00e1n abrochados, la fuerza con la que se despliega una bolsa de aire puede incluso causarle lesiones graves o incluso matarlo.<\/p>\r\n\r\n\r\n\r\n<h3 class=\"wp-block-heading\" id=\"h-improperly-wearing-a-seatbelt-is-as-deadly-as-not-wearing-one\">Usar incorrectamente el cintur\u00f3n de seguridad es tan mortal como no usarlo<\/h3>\r\n\r\n\r\n\r\n<p>El uso incorrecto del cintur\u00f3n de seguridad, tanto en ni\u00f1os como en adultos, puede ponerlo a usted y a otras personas en riesgo en caso de accidente de tr\u00e1fico. M\u00e9todos como colocarse el cintur\u00f3n de seguridad por debajo de los brazos pueden lesionar los \u00f3rganos internos y provocar otros da\u00f1os graves.\u00a0<\/p>\r\n\r\n\r\n\r\n<h2 class=\"wp-block-heading\" id=\"h-washington-state-seat-belt-laws-you-need-to-know\">Leyes sobre el uso del cintur\u00f3n de seguridad en el estado de Washington que debes conocer<\/h2>\r\n\r\n\r\n\r\n<p>Las estad\u00edsticas muestran que usar el cintur\u00f3n de seguridad tiene importantes beneficios y que aumenta las posibilidades de sobrevivir a un accidente de tr\u00e1fico que de otro modo ser\u00eda fatal. Si usa el cintur\u00f3n de seguridad en el asiento delantero de un veh\u00edculo de pasajeros, puede <a href=\"https:\/\/www.nhtsa.gov\/vehicle-safety\/seat-belts\" target=\"_blank\" rel=\"noreferrer noopener\">reducir la mortalidad en un 45%<\/a> y lesiones moderadas o cr\u00edticas por 50%. En un cami\u00f3n, las estad\u00edsticas son m\u00e1s altas con una reducci\u00f3n de 60% en la tasa de mortalidad y una reducci\u00f3n de 65% en lesiones moderadas o cr\u00edticas.\u00a0<\/p>\r\n\r\n\r\n\r\n<p>El estado de Washington exige que todas las personas de 16 a\u00f1os o m\u00e1s utilicen el cintur\u00f3n de seguridad cuando conduzcan u ocupen un veh\u00edculo motorizado. Todos los ocupantes de un veh\u00edculo motorizado deben utilizar el cintur\u00f3n de seguridad mientras el veh\u00edculo est\u00e9 en movimiento. Nadie puede conducir el veh\u00edculo a menos que todos los pasajeros, incluidos los ni\u00f1os, se hayan abrochado primero el cintur\u00f3n de seguridad o los dispositivos de sujeci\u00f3n para ni\u00f1os aprobados.\u00a0<\/p>\r\n\r\n\r\n\r\n<p>El uso correcto del cintur\u00f3n de seguridad implica que los ocupantes del veh\u00edculo est\u00e9n sentados con la espalda recta, en un \u00e1ngulo de 90 grados, con el cintur\u00f3n de hombro cruzado en el centro del pecho. Otras variaciones, como mover la correa detr\u00e1s de los brazos o detr\u00e1s de la espalda, son un uso incorrecto del cintur\u00f3n de seguridad. El cintur\u00f3n de regazo debe sujetar de forma segura y c\u00f3moda las caderas, por debajo del est\u00f3mago.\u00a0<\/p>\r\n\r\n\r\n\r\n<p>Infringir las leyes del estado de Washington sobre el uso del cintur\u00f3n de seguridad da como resultado una infracci\u00f3n de tr\u00e1nsito y puede resultar en una multa de $124 por pasajero. Es importante tener en cuenta que el estado de Washington no considera que no usar el cintur\u00f3n de seguridad sea una negligencia. No puede servir como prueba de negligencia en una demanda por lesiones personales.\u00a0\u00a0<\/p>\r\n\r\n\r\n\r\n<h2 class=\"wp-block-heading\" id=\"h-washington-state-updated-child-restraint-law\">Ley actualizada sobre sistemas de retenci\u00f3n infantil en el estado de Washington\u00a0<\/h2>\r\n\r\n\r\n\r\n<p>La seguridad de los ni\u00f1os es de suma importancia en el estado de Washington. Por este motivo, se han promulgado leyes espec\u00edficas de seguridad para ni\u00f1os pasajeros que regulan c\u00f3mo los cuidadores pueden y no pueden transportar a menores en veh\u00edculos motorizados. Infringir estas leyes de seguridad puede dar lugar a multas y sanciones, incluida la responsabilidad en caso de accidente.\u00a0<\/p>\r\n\r\n\r\n\r\n<p>Las pautas son las siguientes:\u00a0<\/p>\r\n\r\n\r\n\r\n<ul class=\"wp-block-list\">\r\n<li>Los ni\u00f1os de ocho a\u00f1os o menos deben usar un sistema de retenci\u00f3n infantil, a menos que midan m\u00e1s de 4&#039;9. El sistema debe cumplir con las normas del Departamento de Transporte de los EE. UU.\u00a0<\/li>\r\n<li>Los ni\u00f1os de dos a\u00f1os o menos deben estar sujetos adecuadamente en un asiento de seguridad orientado hacia atr\u00e1s.<\/li>\r\n<li>Los ni\u00f1os de dos a cuatro a\u00f1os deben viajar en un asiento de autom\u00f3vil con arn\u00e9s orientado hacia atr\u00e1s o hacia adelante.<\/li>\r\n<li>Los cuidadores deben utilizar un asiento infantil para el autom\u00f3vil orientado hacia atr\u00e1s para los beb\u00e9s, generalmente hasta los ocho o nueve meses. A medida que el ni\u00f1o crece, puede colocar el asiento infantil orientado hacia adelante. Una vez que el menor alcance la edad y la altura m\u00ednimas, pase a utilizar un asiento elevador. Sujete al ni\u00f1o en un asiento elevador hasta que tenga la altura suficiente para usar correctamente un cintur\u00f3n de seguridad est\u00e1ndar.<\/li>\r\n<li>Los cuidadores que transporten a ni\u00f1os menores de trece a\u00f1os deben asegurarlos en el asiento trasero. Solo se permite que un ni\u00f1o viaje en el asiento del pasajero delantero si el airbag correspondiente est\u00e1 desactivado si el asiento trasero est\u00e1 lleno. El airbag podr\u00eda lesionar gravemente al ni\u00f1o si se activa en un accidente.<\/li>\r\n<\/ul>\r\n\r\n\r\n\r\n<p>Cumplir con estas leyes del estado de Washington sobre el uso del cintur\u00f3n de seguridad aumenta las posibilidades de evitar lesiones terribles durante un accidente. Los accidentes automovil\u00edsticos matan a ni\u00f1os todos los a\u00f1os. En 2019, 55% de los pasajeros de trece y catorce a\u00f1os que murieron en accidentes pasaron <a href=\"https:\/\/www.nhtsa.gov\/vehicle-safety\/seat-belts\" target=\"_blank\" rel=\"noreferrer noopener\">Por estar desenfrenado<\/a>Como cuidador, es importante inculcar el h\u00e1bito de usar el cintur\u00f3n de seguridad cada vez que salga a la carretera y nunca comenzar a conducir sin verificar que est\u00e9 bien abrochado.\u00a0<\/p>\r\n\r\n\r\n\r\n\n        <div class=\"rs-content-cta long\">\n            <p>Para una consulta legal GRATUITA, llame al <a href=\"tel:+12062851743\">(206) 285-1743 <\/a><\/p>\n            <a href=\"https:\/\/plg-pllc.com\/es\/contact-us\/\" title=\"OBTENGA UNA EVALUACI\u00d3N DE CASO GRATUITA\" class=\"btn-global\">OBTENGA UNA EVALUACI\u00d3N DE CASO GRATUITA<\/a>\n                    <picture>\n                            <source srcset=\"https:\/\/plg-pllc.com\/wp-content\/themes\/plg-pllc-redesign\/assets\/app\/img\/cta-thumb.webp\" type=\"image\/webp\"\/>\n                            <img src=\"https:\/\/plg-pllc.com\/wp-content\/themes\/plg-pllc-redesign\/assets\/app\/img\/cta-thumb.png\" alt=\"Grupo de abogados Premier\" title=\"Grupo de abogados Premier\" width=\"245\" height=\"220\" loading=\"auto\" fetchpriority=\"auto\" decoding=\"async\"\/>\n        <\/picture>\n        \n        <\/div><h2 class=\"wp-block-heading\" id=\"h-speak-with-a-washington-state-personal-injury-lawyer\">Hable con un abogado especializado en lesiones personales del estado de Washington\u00a0\u00a0<\/h2>\r\n\r\n\r\n\r\n<p>La decisi\u00f3n m\u00e1s importante que puede tomar como conductor es usar el cintur\u00f3n de seguridad. Muchas personas que viven en el estado de Washington pueden no ser conscientes de lo que est\u00e1 en juego si no lo hacen. Las leyes del estado de Washington sobre el uso del cintur\u00f3n de seguridad se dise\u00f1aron para salvar vidas y reducir el potencial de consecuencias desastrosas.\u00a0<\/p>\r\n\r\n\r\n\r\n<p>Si bien el uso del cintur\u00f3n de seguridad puede ayudar a prevenir lesiones, a veces puede no ser suficiente en casos en los que se ve involucrado en un accidente inesperado debido a las acciones negligentes de otro conductor. Si este es el caso, hable con el equipo legal con experiencia en lesiones personales de <a href=\"https:\/\/plg-pllc.com\/\">Grupo de abogados Premier<\/a> para una evaluaci\u00f3n de su caso particular. Nos apasiona la seguridad de los miembros de nuestra comunidad y brindamos una representaci\u00f3n compasiva y orientada al cliente a quienes han sufrido debido a la negligencia. Ll\u00e1menos al (206) 880-7518 para una consulta gratuita o complete nuestro formulario. <a href=\"https:\/\/plg-pllc.com\/contact-us\/\">Formulario de contacto<\/a> Hablar con un experto en lesiones personales.\u00a0<\/p>\r\n\n        <div class=\"rs-content-cta\">\n            <p>Llamar o enviar mensaje de texto <a href=\"tel:+12062851743\">(206) 285-1743<\/a> o complete un formulario de evaluaci\u00f3n de caso gratuito<\/p>\n            <a href=\"https:\/\/plg-pllc.com\/es\/contact-us\/\" title=\"OBTENGA UNA EVALUACI\u00d3N DE CASO GRATUITA\" class=\"btn-global\">OBTENGA UNA EVALUACI\u00d3N DE CASO GRATUITA<\/a>\n                    <picture>\n                            <source srcset=\"https:\/\/plg-pllc.com\/wp-content\/themes\/plg-pllc-redesign\/assets\/app\/img\/cta-thumb.webp\" type=\"image\/webp\"\/>\n                            <img src=\"https:\/\/plg-pllc.com\/wp-content\/themes\/plg-pllc-redesign\/assets\/app\/img\/cta-thumb.png\" alt=\"Grupo de abogados Premier\" title=\"Grupo de abogados Premier\" width=\"245\" height=\"220\" loading=\"auto\" fetchpriority=\"auto\" decoding=\"async\"\/>\n        <\/picture>\n        \n        <\/div>","protected":false},"excerpt":{"rendered":"<p>Los veh\u00edculos de motor est\u00e1n equipados con diversas caracter\u00edsticas de seguridad que mantienen a los conductores a salvo en las carreteras. Estas caracter\u00edsticas de seguridad son fundamentales para evitar lesiones a usted y a otras personas en el veh\u00edculo con usted. Incluso en accidentes automovil\u00edsticos que ocurren a baja velocidad o tienen colisiones menores, las caracter\u00edsticas de seguridad como cinturones de seguridad, vidrios de seguridad, bolsas de aire y m\u00e1s\u2026<\/p>","protected":false},"author":2,"featured_media":0,"parent":20714,"menu_order":6,"comment_status":"closed","ping_status":"closed","template":"","meta":{"_acf_changed":false,"_genesis_hide_title":false,"_genesis_hide_breadcrumbs":false,"_genesis_hide_singular_image":false,"_genesis_hide_footer_widgets":false,"_genesis_custom_body_class":"","_genesis_custom_post_class":"","_genesis_layout":"","footnotes":""},"hc_faqs":[10352],"class_list":{"0":"post-4294","1":"page","2":"type-page","3":"status-publish","5":"hc_faqs-law-news","6":"entry"},"acf":[],"yoast_head":"<!-- This site is optimized with the Yoast SEO plugin v27.2 - https:\/\/yoast.com\/product\/yoast-seo-wordpress\/ -->\n<title>Washington State Seat Belt Laws<\/title>\n<meta name=\"description\" content=\"Washington State Seat Belt Laws: Premier Law Group helps you unlock the full compensation you deserve. No Fee Unless We Win.\" \/>\n<meta name=\"robots\" content=\"index, follow, max-snippet:-1, max-image-preview:large, max-video-preview:-1\" \/>\n<link rel=\"canonical\" href=\"https:\/\/plg-pllc.com\/es\/faqs\/washington-seat-belt-laws\/\" \/>\n<meta property=\"og:locale\" content=\"es_MX\" \/>\n<meta property=\"og:type\" content=\"article\" \/>\n<meta property=\"og:title\" content=\"Washington State Seat Belt Laws\" \/>\n<meta property=\"og:description\" content=\"Washington State Seat Belt Laws: Premier Law Group helps you unlock the full compensation you deserve. No Fee Unless We Win.\" \/>\n<meta property=\"og:url\" content=\"https:\/\/plg-pllc.com\/es\/faqs\/washington-seat-belt-laws\/\" \/>\n<meta property=\"og:site_name\" content=\"Premier Law Group\" \/>\n<meta property=\"article:publisher\" content=\"https:\/\/www.facebook.com\/premierlawgroup\" \/>\n<meta property=\"article:modified_time\" content=\"2024-10-16T02:03:24+00:00\" \/>\n<meta name=\"twitter:card\" content=\"summary_large_image\" \/>\n<meta name=\"twitter:site\" content=\"@premierlawgroup\" \/>\n<meta name=\"twitter:label1\" content=\"Tiempo de lectura\" \/>\n\t<meta name=\"twitter:data1\" content=\"5 minutos\" \/>\n<script type=\"application\/ld+json\" class=\"yoast-schema-graph\">{\"@context\":\"https:\/\/schema.org\",\"@graph\":[{\"@type\":\"WebPage\",\"@id\":\"https:\/\/plg-pllc.com\/faqs\/washington-seat-belt-laws\/\",\"url\":\"https:\/\/plg-pllc.com\/faqs\/washington-seat-belt-laws\/\",\"name\":\"Washington State Seat Belt Laws\",\"isPartOf\":{\"@id\":\"https:\/\/plg-pllc.com\/#website\"},\"datePublished\":\"2011-04-20T16:56:16+00:00\",\"dateModified\":\"2024-10-16T02:03:24+00:00\",\"description\":\"Washington State Seat Belt Laws: Premier Law Group helps you unlock the full compensation you deserve. No Fee Unless We Win.\",\"breadcrumb\":{\"@id\":\"https:\/\/plg-pllc.com\/faqs\/washington-seat-belt-laws\/#breadcrumb\"},\"inLanguage\":\"es\",\"potentialAction\":[{\"@type\":\"ReadAction\",\"target\":[\"https:\/\/plg-pllc.com\/faqs\/washington-seat-belt-laws\/\"]}]},{\"@type\":\"BreadcrumbList\",\"@id\":\"https:\/\/plg-pllc.com\/faqs\/washington-seat-belt-laws\/#breadcrumb\",\"itemListElement\":[{\"@type\":\"ListItem\",\"position\":1,\"name\":\"Home\",\"item\":\"https:\/\/plg-pllc.com\/es\/\"},{\"@type\":\"ListItem\",\"position\":2,\"name\":\"FAQs\",\"item\":\"https:\/\/plg-pllc.com\/es\/faqs\/\"},{\"@type\":\"ListItem\",\"position\":3,\"name\":\"Washington State Seat Belt Laws\"}]},{\"@type\":\"WebSite\",\"@id\":\"https:\/\/plg-pllc.com\/#website\",\"url\":\"https:\/\/plg-pllc.com\/\",\"name\":\"Premier Law Group\",\"description\":\"Washington Wrongful Death and Serious Injury Lawyer\",\"publisher\":{\"@id\":\"https:\/\/plg-pllc.com\/#organization\"},\"inLanguage\":\"es\"},{\"@type\":\"Organization\",\"@id\":\"https:\/\/plg-pllc.com\/#organization\",\"name\":\"Premier Law Group\",\"url\":\"https:\/\/plg-pllc.com\/\",\"logo\":{\"@type\":\"ImageObject\",\"inLanguage\":\"es\",\"@id\":\"https:\/\/plg-pllc.com\/#\/schema\/logo\/image\/\",\"url\":\"https:\/\/plg-pllc.com\/wp-content\/uploads\/2020\/10\/plg-logo-v2.gif\",\"contentUrl\":\"https:\/\/plg-pllc.com\/wp-content\/uploads\/2020\/10\/plg-logo-v2.gif\",\"width\":592,\"height\":191,\"caption\":\"Premier Law Group\"},\"image\":{\"@id\":\"https:\/\/plg-pllc.com\/#\/schema\/logo\/image\/\"},\"sameAs\":[\"https:\/\/www.facebook.com\/premierlawgroup\",\"https:\/\/x.com\/premierlawgroup\"]}]}<\/script>\n<!-- \/ Yoast SEO plugin. -->","yoast_head_json":{"title":"Leyes sobre el uso del cintur\u00f3n de seguridad en el estado de Washington","description":"Leyes sobre el uso del cintur\u00f3n de seguridad en el estado de Washington: Premier Law Group lo ayuda a obtener la compensaci\u00f3n total que merece. Sin cargo a menos que ganemos.","robots":{"index":"index","follow":"follow","max-snippet":"max-snippet:-1","max-image-preview":"max-image-preview:large","max-video-preview":"max-video-preview:-1"},"canonical":"https:\/\/plg-pllc.com\/es\/faqs\/washington-seat-belt-laws\/","og_locale":"es_MX","og_type":"article","og_title":"Washington State Seat Belt Laws","og_description":"Washington State Seat Belt Laws: Premier Law Group helps you unlock the full compensation you deserve. No Fee Unless We Win.","og_url":"https:\/\/plg-pllc.com\/es\/faqs\/washington-seat-belt-laws\/","og_site_name":"Premier Law Group","article_publisher":"https:\/\/www.facebook.com\/premierlawgroup","article_modified_time":"2024-10-16T02:03:24+00:00","twitter_card":"summary_large_image","twitter_site":"@premierlawgroup","twitter_misc":{"Tiempo de lectura":"5 minutos"},"schema":{"@context":"https:\/\/schema.org","@graph":[{"@type":"WebPage","@id":"https:\/\/plg-pllc.com\/faqs\/washington-seat-belt-laws\/","url":"https:\/\/plg-pllc.com\/faqs\/washington-seat-belt-laws\/","name":"Leyes sobre el uso del cintur\u00f3n de seguridad en el estado de Washington","isPartOf":{"@id":"https:\/\/plg-pllc.com\/#website"},"datePublished":"2011-04-20T16:56:16+00:00","dateModified":"2024-10-16T02:03:24+00:00","description":"Leyes sobre el uso del cintur\u00f3n de seguridad en el estado de Washington: Premier Law Group lo ayuda a obtener la compensaci\u00f3n total que merece. Sin cargo a menos que ganemos.","breadcrumb":{"@id":"https:\/\/plg-pllc.com\/faqs\/washington-seat-belt-laws\/#breadcrumb"},"inLanguage":"es","potentialAction":[{"@type":"ReadAction","target":["https:\/\/plg-pllc.com\/faqs\/washington-seat-belt-laws\/"]}]},{"@type":"BreadcrumbList","@id":"https:\/\/plg-pllc.com\/faqs\/washington-seat-belt-laws\/#breadcrumb","itemListElement":[{"@type":"ListItem","position":1,"name":"Home","item":"https:\/\/plg-pllc.com\/es\/"},{"@type":"ListItem","position":2,"name":"FAQs","item":"https:\/\/plg-pllc.com\/es\/faqs\/"},{"@type":"ListItem","position":3,"name":"Washington State Seat Belt Laws"}]},{"@type":"WebSite","@id":"https:\/\/plg-pllc.com\/#website","url":"https:\/\/plg-pllc.com\/","name":"Grupo de abogados Premier","description":"Abogado de muerte por negligencia y lesiones graves en Washington","publisher":{"@id":"https:\/\/plg-pllc.com\/#organization"},"inLanguage":"es"},{"@type":"Organization","@id":"https:\/\/plg-pllc.com\/#organization","name":"Grupo de abogados Premier","url":"https:\/\/plg-pllc.com\/","logo":{"@type":"ImageObject","inLanguage":"es","@id":"https:\/\/plg-pllc.com\/#\/schema\/logo\/image\/","url":"https:\/\/plg-pllc.com\/wp-content\/uploads\/2020\/10\/plg-logo-v2.gif","contentUrl":"https:\/\/plg-pllc.com\/wp-content\/uploads\/2020\/10\/plg-logo-v2.gif","width":592,"height":191,"caption":"Premier Law Group"},"image":{"@id":"https:\/\/plg-pllc.com\/#\/schema\/logo\/image\/"},"sameAs":["https:\/\/www.facebook.com\/premierlawgroup","https:\/\/x.com\/premierlawgroup"]}]}},"_links":{"self":[{"href":"https:\/\/plg-pllc.com\/es\/wp-json\/wp\/v2\/pages\/4294","targetHints":{"allow":["GET"]}}],"collection":[{"href":"https:\/\/plg-pllc.com\/es\/wp-json\/wp\/v2\/pages"}],"about":[{"href":"https:\/\/plg-pllc.com\/es\/wp-json\/wp\/v2\/types\/page"}],"author":[{"embeddable":true,"href":"https:\/\/plg-pllc.com\/es\/wp-json\/wp\/v2\/users\/2"}],"replies":[{"embeddable":true,"href":"https:\/\/plg-pllc.com\/es\/wp-json\/wp\/v2\/comments?post=4294"}],"version-history":[{"count":0,"href":"https:\/\/plg-pllc.com\/es\/wp-json\/wp\/v2\/pages\/4294\/revisions"}],"up":[{"embeddable":true,"href":"https:\/\/plg-pllc.com\/es\/wp-json\/wp\/v2\/pages\/20714"}],"wp:attachment":[{"href":"https:\/\/plg-pllc.com\/es\/wp-json\/wp\/v2\/media?parent=4294"}],"wp:term":[{"taxonomy":"hc_faqs","embeddable":true,"href":"https:\/\/plg-pllc.com\/es\/wp-json\/wp\/v2\/hc_faqs?post=4294"}],"curies":[{"name":"gracias","href":"https:\/\/api.w.org\/{rel}","templated":true}]}}