{"id":4318,"date":"2011-04-20T11:09:58","date_gmt":"2011-04-20T18:09:58","guid":{"rendered":"https:\/\/plg-pllc.com\/?page_id=4318"},"modified":"2026-03-24T15:21:07","modified_gmt":"2026-03-24T22:21:07","slug":"washington-state-bicycle-laws","status":"publish","type":"page","link":"https:\/\/plg-pllc.com\/es\/faqs\/washington-bicycle-laws\/","title":{"rendered":"Leyes sobre bicicletas en el estado de Washington"},"content":{"rendered":"<p><span style=\"font-weight: 400;\">Para conducir un coche, un cami\u00f3n o cualquier otro veh\u00edculo de motor de forma legal, es necesario aprobar una serie de pruebas que determinen que se conocen las normas de circulaci\u00f3n y c\u00f3mo respetar una norma de seguridad. No existen pruebas de este tipo para quienes conducen una bicicleta, que tambi\u00e9n puede considerarse un tipo de veh\u00edculo y tiene normas y reglamentos espec\u00edficos para circular por intersecciones y calles con mucho tr\u00e1fico. Los ciclistas deben informarse sobre las leyes para bicicletas y respetarlas por su propia seguridad y la de los dem\u00e1s.\u00a0<\/span><\/p>\n<p><span style=\"font-weight: 400;\">El estado de Washington se ha vuelto m\u00e1s amigable con las bicicletas, especialmente con su utilizaci\u00f3n <\/span><a href=\"https:\/\/www.maxmeyerslaw.com\/blog\/\"><span style=\"font-weight: 400;\">Bicicletas compartidas Pronto<\/span><\/a><span style=\"font-weight: 400;\">, y un conocimiento particular de las leyes de bicicletas del estado de Washington son pertinentes para aquellos que disfrutan de andar en bicicleta por la ciudad. Conocer las leyes espec\u00edficas puede evitar que se convierta en v\u00edctima de una lesi\u00f3n en bicicleta debido a otro veh\u00edculo. Si est\u00e1 cumpliendo con las leyes en el momento del accidente, es posible que pueda solicitar una compensaci\u00f3n contra el conductor por las lesiones que ha sufrido.\u00a0<\/span><\/p>\n<h2><span style=\"font-weight: 400;\">\u00bfCu\u00e1les son las leyes sobre bicicletas en el estado de Washington?<\/span><\/h2>\n<p><span style=\"font-weight: 400;\">Dado que andar en bicicleta se est\u00e1 volviendo mucho m\u00e1s popular en el estado de Washington, es esencial que cualquier persona que conduzca una bicicleta conozca sus derechos y responsabilidades civiles cuando est\u00e9 en la carretera con otros veh\u00edculos y peatones. Los ciclistas pueden sorprenderse al saber que tienen <\/span><a href=\"https:\/\/app.leg.wa.gov\/RCW\/default.aspx?cite=46.61.755\"><span style=\"font-weight: 400;\">Todas las responsabilidades<\/span><\/a><span style=\"font-weight: 400;\"> de veh\u00edculos de motor que circulan por la v\u00eda p\u00fablica. Esto significa que todos los conductores de bicicletas deben respetar los sem\u00e1foros, las se\u00f1ales de stop y las se\u00f1ales al girar.\u00a0<\/span><\/p>\n<h3><span style=\"font-weight: 400;\">C\u00f3mo se\u00f1alizar correctamente al conducir una bicicleta<\/span><\/h3>\n<p><span style=\"font-weight: 400;\">Por ley, los ciclistas deben se\u00f1alizar <\/span><a href=\"https:\/\/app.leg.wa.gov\/RCW\/default.aspx?cite=46.61.758\"><span style=\"font-weight: 400;\">con la mano izquierda<\/span><\/a><span style=\"font-weight: 400;\"> Al girar, las se\u00f1ales m\u00e1s comunes son:\u00a0<\/span><\/p>\n<ul>\n<li style=\"font-weight: 400;\" aria-level=\"1\"><b>Girar a la izquierda<\/b><span style=\"font-weight: 400;\">:Mantenga el brazo izquierdo extendido hacia el costado, paralelo al suelo, extienda los dedos o se\u00f1ale con el dedo \u00edndice para se\u00f1alar un giro.\u00a0<\/span><\/li>\n<li style=\"font-weight: 400;\" aria-level=\"1\"><b>Girar a la derecha<\/b><span style=\"font-weight: 400;\">:Extiende el brazo izquierdo en un \u00e1ngulo de 90 grados con la mano apuntando hacia arriba. Otra forma de se\u00f1alar un giro a la derecha es extender la mano derecha hacia un costado, paralela al suelo, y extender los dedos o se\u00f1alar con el dedo \u00edndice para indicar un giro.\u00a0<\/span><\/li>\n<li style=\"font-weight: 400;\" aria-level=\"1\"><b>Disminuir la velocidad\/Iniciar una parada<\/b><span style=\"font-weight: 400;\">:Mantenga cada brazo extendido en un \u00e1ngulo de 90 grados con la mano apuntando hacia abajo.\u00a0<\/span><\/li>\n<\/ul>\n<p><span style=\"font-weight: 400;\">No se\u00f1alar puede representar un peligro para su seguridad y la de otros conductores que comparten la carretera.<\/span><\/p>\n<h3><span style=\"font-weight: 400;\">\u00bfEs obligatorio por ley utilizar casco en el estado de Washington al conducir una bicicleta?\u00a0<\/span><\/h3>\n<p><span style=\"font-weight: 400;\">El estado de Washington no tiene ninguna ley que indique que los ciclistas deben usar casco cuando andan en bicicleta. Sin embargo, ciertos condados del estado de Washington tienen <\/span><a href=\"https:\/\/app.leg.wa.gov\/rcw\/default.aspx?cite=46.61.755\/\"><span style=\"font-weight: 400;\">Leyes obligatorias que exigen el uso de casco para ciclistas<\/span><\/a><span style=\"font-weight: 400;\">.\u00a0<\/span><\/p>\n<h3><span style=\"font-weight: 400;\">\u00bfPueden los ciclistas utilizar todas las v\u00edas p\u00fablicas?\u00a0<\/span><\/h3>\n<p><span style=\"font-weight: 400;\">Dependiendo de los gobiernos locales, algunas carreteras son <\/span><a href=\"https:\/\/app.leg.wa.gov\/RCW\/default.aspx?cite=46.61.160\"><span style=\"font-weight: 400;\">Prohibido el paso a ciclistas<\/span><\/a><span style=\"font-weight: 400;\">; Esto incluye autopistas y zonas congestionadas y con mucho tr\u00e1fico.\u00a0<\/span><\/p>\n<h3><span style=\"font-weight: 400;\">Leyes espec\u00edficas para andar en bicicleta de noche\u00a0<\/span><\/h3>\n<p><span style=\"font-weight: 400;\">Todo ciclista que opte por circular de noche debe llevar luces tanto en la parte delantera como en la trasera de la bicicleta. La luz delantera debe tener una luz blanca, no un reflector, visible a una distancia de hasta 500 pies. La luz trasera debe tener un reflector rojo visible a una distancia de hasta 600 pies.\u00a0<\/span><\/p>\n<h3><span style=\"font-weight: 400;\">Leyes de derecho de paso para ciclistas<\/span><\/h3>\n<p><span style=\"font-weight: 400;\">En muchas ciudades del estado de Washington, los ciclistas pueden circular por las aceras, pero deben ceder el paso a los peatones en las aceras o los pasos de peatones. Al pasar, deben hacer una se\u00f1al audible para pasar con seguridad, por ejemplo, con una bocina o una campana.\u00a0<\/span><\/p>\n<h2><span style=\"font-weight: 400;\">Derechos especiales de los ciclistas en el estado de Washington\u00a0<\/span><\/h2>\n<p><span style=\"font-weight: 400;\">Los veh\u00edculos motorizados tienen la obligaci\u00f3n de seguir ciertas precauciones y normas relativas a los ciclistas en la v\u00eda p\u00fablica. Estos derechos se imponen a los conductores para proteger a los ciclistas de colisiones y otros accidentes. Si un conductor no cumple con alguna de estas obligaciones, puede ser considerado responsable econ\u00f3micamente de las lesiones que sufran los ciclistas:\u00a0<\/span><\/p>\n<ul>\n<li style=\"font-weight: 400;\" aria-level=\"1\"><span style=\"font-weight: 400;\">Los conductores y otros ocupantes del veh\u00edculo deben comprobar si hay ciclistas a su alrededor antes de abrir las puertas.\u00a0<\/span><\/li>\n<li style=\"font-weight: 400;\" aria-level=\"1\"><span style=\"font-weight: 400;\">Los automovilistas deben mantener una distancia segura de los ciclistas cuando los siguen o los adelantan.\u00a0<\/span><\/li>\n<li style=\"font-weight: 400;\" aria-level=\"1\"><span style=\"font-weight: 400;\">Los conductores tienen prohibido realizar giros bruscos delante de los ciclistas.\u00a0<\/span><\/li>\n<li style=\"font-weight: 400;\" aria-level=\"1\"><span style=\"font-weight: 400;\">Los conductores deben ceder el paso a los ciclistas al realizar giros a la izquierda.\u00a0<\/span><\/li>\n<li style=\"font-weight: 400;\" aria-level=\"1\"><span style=\"font-weight: 400;\">Los conductores deben tener cuidado al compartir la carretera con ciclistas y cambiar de carril.\u00a0<\/span><\/li>\n<\/ul>\n<p><span style=\"font-weight: 400;\">Si ha resultado herido debido a la negligencia de un conductor al no respetar las normas de tr\u00e1nsito de los ciclistas, es posible que pueda recibir una indemnizaci\u00f3n por las lesiones que ha sufrido a causa del accidente. Hable con un abogado con experiencia en lesiones personales del estado de Washington para que eval\u00fae su caso.\u00a0<\/span><\/p>\n<h2><span style=\"font-weight: 400;\">Hable con un abogado especializado en lesiones personales de Premier Law Group\u00a0<\/span><\/h2>\n<p><span style=\"font-weight: 400;\">A veces, incluso los ciclistas m\u00e1s cuidadosos resultan heridos al seguir las normas de tr\u00e1nsito en el estado de Washington. Si ha sufrido lesiones graves en un accidente de bicicleta debido a un conductor negligente, hable con un abogado con experiencia en lesiones personales del estado de Washington en <\/span><a href=\"https:\/\/plg-pllc.com\/\"><span style=\"font-weight: 400;\">Grupo de abogados Premier<\/span><\/a><span style=\"font-weight: 400;\"> para obtener orientaci\u00f3n sobre su caso particular.\u00a0<\/span><\/p>\n<p><span style=\"font-weight: 400;\">Premier Law Group ofrece una representaci\u00f3n orientada al cliente y un enfoque compasivo en cada caso. Con m\u00e1s de 18 a\u00f1os de experiencia, entendemos lo esencial que es obtener justicia por las lesiones que ha sufrido debido a las acciones descuidadas de otro conductor. Llame al (206) 880-7518 para una consulta gratuita o complete nuestro formulario de contacto. <\/span><a href=\"https:\/\/plg-pllc.com\/contact-us\/\"><span style=\"font-weight: 400;\">Formulario de contacto<\/span><\/a><span style=\"font-weight: 400;\"> para hablar con un abogado experto en lesiones personales del estado de Washington. <\/span><\/p>\n\n        <div class=\"rs-content-cta\">\n            <p>Llamar o enviar mensaje de texto <a href=\"tel:+12062851743\">(206) 285-1743<\/a> o complete un formulario de evaluaci\u00f3n de caso gratuito<\/p>\n            <a href=\"https:\/\/plg-pllc.com\/es\/contact-us\/\" title=\"OBTENGA UNA EVALUACI\u00d3N DE CASO GRATUITA\" class=\"btn-global\">OBTENGA UNA EVALUACI\u00d3N DE CASO GRATUITA<\/a>\n                    <picture>\n                            <source srcset=\"https:\/\/plg-pllc.com\/wp-content\/themes\/plg-pllc-redesign\/assets\/app\/img\/cta-thumb.webp\" type=\"image\/webp\"\/>\n                            <img src=\"https:\/\/plg-pllc.com\/wp-content\/themes\/plg-pllc-redesign\/assets\/app\/img\/cta-thumb.png\" alt=\"Grupo de abogados Premier\" title=\"Grupo de abogados Premier\" width=\"245\" height=\"220\" loading=\"auto\" fetchpriority=\"auto\" decoding=\"async\"\/>\n        <\/picture>\n        \n        <\/div>","protected":false},"excerpt":{"rendered":"<p>Para conducir un coche, un cami\u00f3n o cualquier otro veh\u00edculo de motor de forma legal, es necesario aprobar una serie de pruebas que determinen que se conocen las normas de circulaci\u00f3n y c\u00f3mo respetar una norma de seguridad. No existen pruebas de este tipo para quienes conducen una bicicleta, que tambi\u00e9n puede considerarse un tipo de veh\u00edculo...<\/p>","protected":false},"author":2,"featured_media":0,"parent":7532,"menu_order":7,"comment_status":"closed","ping_status":"closed","template":"","meta":{"_acf_changed":false,"_genesis_hide_title":false,"_genesis_hide_breadcrumbs":false,"_genesis_hide_singular_image":false,"_genesis_hide_footer_widgets":false,"_genesis_custom_body_class":"","_genesis_custom_post_class":"","_genesis_layout":"","footnotes":""},"hc_faqs":[10351],"class_list":{"0":"post-4318","1":"page","2":"type-page","3":"status-publish","5":"hc_faqs-bicycle-accident","6":"entry"},"acf":[],"yoast_head":"<!-- This site is optimized with the Yoast SEO plugin v27.4 - https:\/\/yoast.com\/product\/yoast-seo-wordpress\/ -->\n<title>Washington State Bicycle Laws | Premier Law Group<\/title>\n<meta name=\"description\" content=\"Washington State bicycle laws - Many drivers don\u2019t realize that bicycles are a legal road vehicle, and that cyclists have the same responsibilities.\" \/>\n<meta name=\"robots\" content=\"index, follow, max-snippet:-1, max-image-preview:large, max-video-preview:-1\" \/>\n<link rel=\"canonical\" href=\"https:\/\/plg-pllc.com\/es\/faqs\/washington-bicycle-laws\/\" \/>\n<meta property=\"og:locale\" content=\"es_MX\" \/>\n<meta property=\"og:type\" content=\"article\" \/>\n<meta property=\"og:title\" content=\"Washington State Bicycle Laws | Premier Law Group\" \/>\n<meta property=\"og:description\" content=\"Washington State bicycle laws - Many drivers don\u2019t realize that bicycles are a legal road vehicle, and that cyclists have the same responsibilities.\" \/>\n<meta property=\"og:url\" content=\"https:\/\/plg-pllc.com\/es\/faqs\/washington-bicycle-laws\/\" \/>\n<meta property=\"og:site_name\" content=\"Premier Law Group\" \/>\n<meta property=\"article:publisher\" content=\"https:\/\/www.facebook.com\/premierlawgroup\" \/>\n<meta property=\"article:modified_time\" content=\"2026-03-24T22:21:07+00:00\" \/>\n<meta name=\"twitter:card\" content=\"summary_large_image\" \/>\n<meta name=\"twitter:site\" content=\"@premierlawgroup\" \/>\n<meta name=\"twitter:label1\" content=\"Tiempo de lectura\" \/>\n\t<meta name=\"twitter:data1\" content=\"4 minutos\" \/>\n<script type=\"application\/ld+json\" class=\"yoast-schema-graph\">{\"@context\":\"https:\\\/\\\/schema.org\",\"@graph\":[{\"@type\":\"WebPage\",\"@id\":\"https:\\\/\\\/plg-pllc.com\\\/faqs\\\/washington-bicycle-laws\\\/\",\"url\":\"https:\\\/\\\/plg-pllc.com\\\/faqs\\\/washington-bicycle-laws\\\/\",\"name\":\"Washington State Bicycle Laws | Premier Law Group\",\"isPartOf\":{\"@id\":\"https:\\\/\\\/plg-pllc.com\\\/#website\"},\"datePublished\":\"2011-04-20T18:09:58+00:00\",\"dateModified\":\"2026-03-24T22:21:07+00:00\",\"description\":\"Washington State bicycle laws - Many drivers don\u2019t realize that bicycles are a legal road vehicle, and that cyclists have the same responsibilities.\",\"breadcrumb\":{\"@id\":\"https:\\\/\\\/plg-pllc.com\\\/faqs\\\/washington-bicycle-laws\\\/#breadcrumb\"},\"inLanguage\":\"es\",\"potentialAction\":[{\"@type\":\"ReadAction\",\"target\":[\"https:\\\/\\\/plg-pllc.com\\\/faqs\\\/washington-bicycle-laws\\\/\"]}]},{\"@type\":\"BreadcrumbList\",\"@id\":\"https:\\\/\\\/plg-pllc.com\\\/faqs\\\/washington-bicycle-laws\\\/#breadcrumb\",\"itemListElement\":[{\"@type\":\"ListItem\",\"position\":1,\"name\":\"Home\",\"item\":\"https:\\\/\\\/plg-pllc.com\\\/es\\\/\"},{\"@type\":\"ListItem\",\"position\":2,\"name\":\"Blog\",\"item\":\"https:\\\/\\\/plg-pllc.com\\\/es\\\/blog\\\/\"},{\"@type\":\"ListItem\",\"position\":3,\"name\":\"Washington State Bicycle Laws\"}]},{\"@type\":\"WebSite\",\"@id\":\"https:\\\/\\\/plg-pllc.com\\\/#website\",\"url\":\"https:\\\/\\\/plg-pllc.com\\\/\",\"name\":\"Premier Law Group\",\"description\":\"Washington Wrongful Death and Serious Injury Lawyer\",\"publisher\":{\"@id\":\"https:\\\/\\\/plg-pllc.com\\\/#organization\"},\"inLanguage\":\"es\"},{\"@type\":\"Organization\",\"@id\":\"https:\\\/\\\/plg-pllc.com\\\/#organization\",\"name\":\"Premier Law Group\",\"url\":\"https:\\\/\\\/plg-pllc.com\\\/\",\"logo\":{\"@type\":\"ImageObject\",\"inLanguage\":\"es\",\"@id\":\"https:\\\/\\\/plg-pllc.com\\\/#\\\/schema\\\/logo\\\/image\\\/\",\"url\":\"https:\\\/\\\/plg-pllc.com\\\/wp-content\\\/uploads\\\/2020\\\/10\\\/plg-logo-v2.gif\",\"contentUrl\":\"https:\\\/\\\/plg-pllc.com\\\/wp-content\\\/uploads\\\/2020\\\/10\\\/plg-logo-v2.gif\",\"width\":592,\"height\":191,\"caption\":\"Premier Law Group\"},\"image\":{\"@id\":\"https:\\\/\\\/plg-pllc.com\\\/#\\\/schema\\\/logo\\\/image\\\/\"},\"sameAs\":[\"https:\\\/\\\/www.facebook.com\\\/premierlawgroup\",\"https:\\\/\\\/x.com\\\/premierlawgroup\"]}]}<\/script>\n<!-- \/ Yoast SEO plugin. -->","yoast_head_json":{"title":"Leyes sobre bicicletas en el estado de Washington | Premier Law Group","description":"Leyes sobre bicicletas en el estado de Washington: muchos conductores no se dan cuenta de que las bicicletas son un veh\u00edculo de carretera legal y que los ciclistas tienen las mismas responsabilidades.","robots":{"index":"index","follow":"follow","max-snippet":"max-snippet:-1","max-image-preview":"max-image-preview:large","max-video-preview":"max-video-preview:-1"},"canonical":"https:\/\/plg-pllc.com\/es\/faqs\/washington-bicycle-laws\/","og_locale":"es_MX","og_type":"article","og_title":"Washington State Bicycle Laws | Premier Law Group","og_description":"Washington State bicycle laws - Many drivers don\u2019t realize that bicycles are a legal road vehicle, and that cyclists have the same responsibilities.","og_url":"https:\/\/plg-pllc.com\/es\/faqs\/washington-bicycle-laws\/","og_site_name":"Premier Law Group","article_publisher":"https:\/\/www.facebook.com\/premierlawgroup","article_modified_time":"2026-03-24T22:21:07+00:00","twitter_card":"summary_large_image","twitter_site":"@premierlawgroup","twitter_misc":{"Tiempo de lectura":"4 minutos"},"schema":{"@context":"https:\/\/schema.org","@graph":[{"@type":"WebPage","@id":"https:\/\/plg-pllc.com\/faqs\/washington-bicycle-laws\/","url":"https:\/\/plg-pllc.com\/faqs\/washington-bicycle-laws\/","name":"Leyes sobre bicicletas en el estado de Washington | Premier Law Group","isPartOf":{"@id":"https:\/\/plg-pllc.com\/#website"},"datePublished":"2011-04-20T18:09:58+00:00","dateModified":"2026-03-24T22:21:07+00:00","description":"Leyes sobre bicicletas en el estado de Washington: muchos conductores no se dan cuenta de que las bicicletas son un veh\u00edculo de carretera legal y que los ciclistas tienen las mismas responsabilidades.","breadcrumb":{"@id":"https:\/\/plg-pllc.com\/faqs\/washington-bicycle-laws\/#breadcrumb"},"inLanguage":"es","potentialAction":[{"@type":"ReadAction","target":["https:\/\/plg-pllc.com\/faqs\/washington-bicycle-laws\/"]}]},{"@type":"BreadcrumbList","@id":"https:\/\/plg-pllc.com\/faqs\/washington-bicycle-laws\/#breadcrumb","itemListElement":[{"@type":"ListItem","position":1,"name":"Home","item":"https:\/\/plg-pllc.com\/es\/"},{"@type":"ListItem","position":2,"name":"Blog","item":"https:\/\/plg-pllc.com\/es\/blog\/"},{"@type":"ListItem","position":3,"name":"Washington State Bicycle Laws"}]},{"@type":"WebSite","@id":"https:\/\/plg-pllc.com\/#website","url":"https:\/\/plg-pllc.com\/","name":"Grupo de abogados Premier","description":"Abogado de muerte por negligencia y lesiones graves en Washington","publisher":{"@id":"https:\/\/plg-pllc.com\/#organization"},"inLanguage":"es"},{"@type":"Organization","@id":"https:\/\/plg-pllc.com\/#organization","name":"Grupo de abogados Premier","url":"https:\/\/plg-pllc.com\/","logo":{"@type":"ImageObject","inLanguage":"es","@id":"https:\/\/plg-pllc.com\/#\/schema\/logo\/image\/","url":"https:\/\/plg-pllc.com\/wp-content\/uploads\/2020\/10\/plg-logo-v2.gif","contentUrl":"https:\/\/plg-pllc.com\/wp-content\/uploads\/2020\/10\/plg-logo-v2.gif","width":592,"height":191,"caption":"Premier Law Group"},"image":{"@id":"https:\/\/plg-pllc.com\/#\/schema\/logo\/image\/"},"sameAs":["https:\/\/www.facebook.com\/premierlawgroup","https:\/\/x.com\/premierlawgroup"]}]}},"_links":{"self":[{"href":"https:\/\/plg-pllc.com\/es\/wp-json\/wp\/v2\/pages\/4318","targetHints":{"allow":["GET"]}}],"collection":[{"href":"https:\/\/plg-pllc.com\/es\/wp-json\/wp\/v2\/pages"}],"about":[{"href":"https:\/\/plg-pllc.com\/es\/wp-json\/wp\/v2\/types\/page"}],"author":[{"embeddable":true,"href":"https:\/\/plg-pllc.com\/es\/wp-json\/wp\/v2\/users\/2"}],"replies":[{"embeddable":true,"href":"https:\/\/plg-pllc.com\/es\/wp-json\/wp\/v2\/comments?post=4318"}],"version-history":[{"count":0,"href":"https:\/\/plg-pllc.com\/es\/wp-json\/wp\/v2\/pages\/4318\/revisions"}],"up":[{"embeddable":true,"href":"https:\/\/plg-pllc.com\/es\/wp-json\/wp\/v2\/pages\/7532"}],"wp:attachment":[{"href":"https:\/\/plg-pllc.com\/es\/wp-json\/wp\/v2\/media?parent=4318"}],"wp:term":[{"taxonomy":"hc_faqs","embeddable":true,"href":"https:\/\/plg-pllc.com\/es\/wp-json\/wp\/v2\/hc_faqs?post=4318"}],"curies":[{"name":"gracias","href":"https:\/\/api.w.org\/{rel}","templated":true}]}}