{"id":4643,"date":"2011-06-02T16:06:38","date_gmt":"2011-06-02T23:06:38","guid":{"rendered":"https:\/\/plg-pllc.com\/?page_id=4643"},"modified":"2024-10-11T11:18:41","modified_gmt":"2024-10-11T18:18:41","slug":"how-social-networking-can-ruin-your-personal-injury-claim","status":"publish","type":"page","link":"https:\/\/plg-pllc.com\/es\/faqs\/how-social-networking-can-ruin-your-personal-injury-claim\/","title":{"rendered":"C\u00f3mo las redes sociales pueden arruinar su demanda por lesiones personales"},"content":{"rendered":"<h2>C\u00f3mo las redes sociales pueden arruinar su demanda por lesiones personales<\/h2>\n<p>\u00bfAlguna vez pens\u00f3 que su p\u00e1gina de Facebook o su cuenta de Twitter podr\u00edan arruinar su demanda por lesiones personales? Como abogado de accidentes automovil\u00edsticos del estado de Washington, mi trabajo es asegurarme de que mis clientes reciban la mejor compensaci\u00f3n posible despu\u00e9s de sufrir lesiones personales debido a la negligencia de otra persona. En el pasado, esto significaba no participar en ninguna actividad que su m\u00e9dico le haya dicho que evite porque la compa\u00f1\u00eda de seguros podr\u00eda usar esto en su contra. Con la tecnolog\u00eda actual, las compa\u00f1\u00edas de seguros tienen acceso a mucha m\u00e1s informaci\u00f3n sobre usted y lo que ha estado haciendo desde el accidente automovil\u00edstico.<\/p>\n<p>He aqu\u00ed una historia que ilustra este punto. Durante el fin de semana del Memorial Day del a\u00f1o pasado, hubo un tr\u00e1gico accidente que dej\u00f3 dos personas muertas y 21 m\u00e1s heridas despu\u00e9s de que un autob\u00fas volcara. El accidente provoc\u00f3 que otro autom\u00f3vil con tres personas a bordo que circulaba al lado del autob\u00fas volcara y, seg\u00fan los informes, los pasajeros que iban en el interior resultaron gravemente heridos. Sin embargo, el conductor del veh\u00edculo public\u00f3 esto en su p\u00e1gina de Facebook el d\u00eda despu\u00e9s del accidente:<\/p>\n<p>\u201cMichele, Nya y yo \u00e9ramos el veh\u00edculo de pasajeros involucrado en este accidente. Aunque nuestro auto qued\u00f3 destrozado y Michele est\u00e1 siendo monitoreada durante la noche, agradecemos a Dios que <strong>Pudimos salir caminando de este accidente.<\/strong><strong>El beb\u00e9 parece estar bien y Nya estaba bailando cuando llegamos al hospital.<\/strong>Gracias a todos los que vinieron a ayudar y gracias por sus continuas oraciones. Deber\u00edamos poder regresar a casa por la ma\u00f1ana\u201d.<\/p>\n<p>La mayor\u00eda de las personas ver\u00edan esta publicaci\u00f3n como una simple actualizaci\u00f3n para informar a sus amigos y familiares que todos estaban bien despu\u00e9s del accidente automovil\u00edstico. Pero lo que veo es a alguien destruyendo su oportunidad de obtener la compensaci\u00f3n que realmente se merece. La peor parte de esta publicaci\u00f3n fue que fue retomada por la estaci\u00f3n de noticias y transmitida en una historia sobre el accidente y todav\u00eda est\u00e1 en el sitio web de Northwest Cable News, por lo que incluso si la v\u00edctima eliminara la publicaci\u00f3n, no ser\u00eda dif\u00edcil para la compa\u00f1\u00eda de seguros encontrarla nuevamente.<\/p>\n<p>En mi bufete de abogados especializado en lesiones personales de Bellevue, recomiendo encarecidamente a todos mis clientes que eliminen todas sus p\u00e1ginas de redes sociales mientras se desarrolla el caso. La gente no parece entender lo bueno que es el abogado defensor para distorsionar todo lo que publican: fotos, declaraciones e incluso fotos publicadas por amigos. Todo eso puede y ser\u00e1 utilizado en su contra de maneras que ni siquiera puede imaginar. S\u00e9 que a todos nos encanta mantener a nuestros amigos y familiares informados sobre lo que estamos haciendo y c\u00f3mo nos va, pero esas actualizaciones no valen la pena como para perder su acuerdo.<\/p>\n<p>Si decide mantener su p\u00e1gina activa, aqu\u00ed hay algunas reglas a seguir que podr\u00edan evitar que pierda su acuerdo:<\/p>\n<ul>\n<li><strong>No <\/strong>No permita que nadie se convierta en su amigo en un sitio de redes sociales a menos que est\u00e9 seguro de que conoce y conf\u00eda en esa persona.<\/li>\n<li><strong>No <\/strong>Publica fotograf\u00edas o v\u00eddeos tuyos y pide a tus amigos que no publiquen nada en los que aparezcas t\u00fa. Si te han &quot;etiquetado&quot; en una foto, p\u00eddele a quien la haya publicado que la elimine y, como m\u00ednimo, que &quot;desmarque&quot; la foto.<\/li>\n<li><strong>No <\/strong>No escribas nada que no quieras que la parte contraria mencione en el juicio. Esto incluye publicaciones escritas en broma o de manera sarc\u00e1stica que puedan sacarse de contexto.<\/li>\n<li><strong>No <\/strong>Env\u00ede correos electr\u00f3nicos o mensajes de texto a cualquier persona sobre su caso, excepto a su abogado.<\/li>\n<li><strong>No <\/strong>participar en debates en l\u00ednea sobre su caso, incluidos blogs, salas de chat y foros de mensajes.<\/li>\n<\/ul>\n<p>Incluso con la configuraci\u00f3n de privacidad m\u00e1s alta posible, la compa\u00f1\u00eda de seguros puede averiguar c\u00f3mo controlar su cuenta y utilizar\u00e1 todo lo que encuentre en su contra. Si a\u00fan no ha contratado a un abogado con experiencia en accidentes automovil\u00edsticos del estado de Washington, t\u00f3mese el tiempo de consultar con uno antes de publicar o hacer algo en l\u00ednea. Si fue un accidente grave, llame a su familia y amigos para informarles que est\u00e1 bien. No env\u00ede ning\u00fan mensaje de texto ni correo electr\u00f3nico sobre su caso porque esos registros pueden marcar una gran diferencia cuando llegue el momento de resolver su caso.<\/p>\n<h2>Tienes un amigo en esta lucha: lee nuestro libro GRATIS<\/h2>\n<p>El conocimiento es poder. El abogado de lesiones personales de Bellevue, Jason Epstein, tiene a\u00f1os de experiencia luchando y ganando en nombre de las v\u00edctimas de lesiones por accidentes automovil\u00edsticos. Ha recopilado su conocimiento en una gu\u00eda sencilla y f\u00e1cil de leer. <a href=\"https:\/\/plg-pllc.com\/books\/truth-about-washington-auto-accidents\/\"><em>La verdad sobre los accidentes automovil\u00edsticos en Washington<\/em><\/a>Este libro le brindar\u00e1 muchos consejos \u00fatiles, como por ejemplo, c\u00f3mo tratar con el perito de seguros, c\u00f3mo hacerse cargo de sus facturas m\u00e9dicas durante el tratamiento y c\u00f3mo contratar al abogado adecuado para su caso. De hecho, es posible que no necesite un abogado en absoluto: este libro le ayudar\u00e1 a decidir. <a href=\"https:\/\/plg-pllc.com\/books\/truth-about-washington-auto-accidents\/\">Solicite este libro de forma gratuita en nuestro sitio web.<\/a><\/p>\n\n        <div class=\"rs-content-cta\">\n            <p>Llamar o enviar mensaje de texto <a href=\"tel:+12062851743\">(206) 285-1743<\/a> o complete un formulario de evaluaci\u00f3n de caso gratuito<\/p>\n            <a href=\"https:\/\/plg-pllc.com\/es\/contact-us\/\" title=\"OBTENGA UNA EVALUACI\u00d3N DE CASO GRATUITA\" class=\"btn-global\">OBTENGA UNA EVALUACI\u00d3N DE CASO GRATUITA<\/a>\n                    <picture>\n                            <source srcset=\"https:\/\/plg-pllc.com\/wp-content\/themes\/plg-pllc-redesign\/assets\/app\/img\/cta-thumb.webp\" type=\"image\/webp\"\/>\n                            <img src=\"https:\/\/plg-pllc.com\/wp-content\/themes\/plg-pllc-redesign\/assets\/app\/img\/cta-thumb.png\" alt=\"Grupo de abogados Premier\" title=\"Grupo de abogados Premier\" width=\"245\" height=\"220\" loading=\"auto\" fetchpriority=\"auto\" decoding=\"async\"\/>\n        <\/picture>\n        \n        <\/div>","protected":false},"excerpt":{"rendered":"<p>\u00bfC\u00f3mo las redes sociales pueden arruinar su demanda por lesiones personales? \u00bfAlguna vez pens\u00f3 que su p\u00e1gina de Facebook o su cuenta de Twitter podr\u00edan arruinar su demanda por lesiones personales? Como abogado de accidentes automovil\u00edsticos del estado de Washington, mi trabajo es asegurarme de que mis clientes reciban la mejor compensaci\u00f3n posible despu\u00e9s de sufrir lesiones personales debido a otra \u2026<\/p>","protected":false},"author":2,"featured_media":0,"parent":20714,"menu_order":90,"comment_status":"closed","ping_status":"closed","template":"","meta":{"_acf_changed":false,"_genesis_hide_title":false,"_genesis_hide_breadcrumbs":false,"_genesis_hide_singular_image":false,"_genesis_hide_footer_widgets":false,"_genesis_custom_body_class":"","_genesis_custom_post_class":"","_genesis_layout":"","footnotes":""},"hc_faqs":[10354],"class_list":{"0":"post-4643","1":"page","2":"type-page","3":"status-publish","5":"hc_faqs-personal-injury","6":"entry"},"acf":[],"yoast_head":"<!-- This site is optimized with the Yoast SEO plugin v27.4 - https:\/\/yoast.com\/product\/yoast-seo-wordpress\/ -->\n<title>How Social Networking Can Ruin Your Personal Injury Claim<\/title>\n<meta name=\"description\" content=\"How Social Networking Can Ruin Your Personal Injury Claim: Premier Law Group helps you unlock the full compensation you deserve. No Fee Unless We Win.\" \/>\n<meta name=\"robots\" content=\"index, follow, max-snippet:-1, max-image-preview:large, max-video-preview:-1\" \/>\n<link rel=\"canonical\" href=\"https:\/\/plg-pllc.com\/es\/faqs\/how-social-networking-can-ruin-your-personal-injury-claim\/\" \/>\n<meta property=\"og:locale\" content=\"es_MX\" \/>\n<meta property=\"og:type\" content=\"article\" \/>\n<meta property=\"og:title\" content=\"How Social Networking Can Ruin Your Personal Injury Claim\" \/>\n<meta property=\"og:description\" content=\"How Social Networking Can Ruin Your Personal Injury Claim: Premier Law Group helps you unlock the full compensation you deserve. No Fee Unless We Win.\" \/>\n<meta property=\"og:url\" content=\"https:\/\/plg-pllc.com\/es\/faqs\/how-social-networking-can-ruin-your-personal-injury-claim\/\" \/>\n<meta property=\"og:site_name\" content=\"Premier Law Group\" \/>\n<meta property=\"article:publisher\" content=\"https:\/\/www.facebook.com\/premierlawgroup\" \/>\n<meta property=\"article:modified_time\" content=\"2024-10-11T18:18:41+00:00\" \/>\n<meta name=\"twitter:card\" content=\"summary_large_image\" \/>\n<meta name=\"twitter:site\" content=\"@premierlawgroup\" \/>\n<meta name=\"twitter:label1\" content=\"Tiempo de lectura\" \/>\n\t<meta name=\"twitter:data1\" content=\"4 minutos\" \/>\n<script type=\"application\/ld+json\" class=\"yoast-schema-graph\">{\"@context\":\"https:\\\/\\\/schema.org\",\"@graph\":[{\"@type\":\"WebPage\",\"@id\":\"https:\\\/\\\/plg-pllc.com\\\/faqs\\\/how-social-networking-can-ruin-your-personal-injury-claim\\\/\",\"url\":\"https:\\\/\\\/plg-pllc.com\\\/faqs\\\/how-social-networking-can-ruin-your-personal-injury-claim\\\/\",\"name\":\"How Social Networking Can Ruin Your Personal Injury Claim\",\"isPartOf\":{\"@id\":\"https:\\\/\\\/plg-pllc.com\\\/#website\"},\"datePublished\":\"2011-06-02T23:06:38+00:00\",\"dateModified\":\"2024-10-11T18:18:41+00:00\",\"description\":\"How Social Networking Can Ruin Your Personal Injury Claim: Premier Law Group helps you unlock the full compensation you deserve. No Fee Unless We Win.\",\"breadcrumb\":{\"@id\":\"https:\\\/\\\/plg-pllc.com\\\/faqs\\\/how-social-networking-can-ruin-your-personal-injury-claim\\\/#breadcrumb\"},\"inLanguage\":\"es\",\"potentialAction\":[{\"@type\":\"ReadAction\",\"target\":[\"https:\\\/\\\/plg-pllc.com\\\/faqs\\\/how-social-networking-can-ruin-your-personal-injury-claim\\\/\"]}]},{\"@type\":\"BreadcrumbList\",\"@id\":\"https:\\\/\\\/plg-pllc.com\\\/faqs\\\/how-social-networking-can-ruin-your-personal-injury-claim\\\/#breadcrumb\",\"itemListElement\":[{\"@type\":\"ListItem\",\"position\":1,\"name\":\"Home\",\"item\":\"https:\\\/\\\/plg-pllc.com\\\/es\\\/\"},{\"@type\":\"ListItem\",\"position\":2,\"name\":\"FAQs\",\"item\":\"https:\\\/\\\/plg-pllc.com\\\/es\\\/faqs\\\/\"},{\"@type\":\"ListItem\",\"position\":3,\"name\":\"How Social Networking Can Ruin Your Personal Injury Claim\"}]},{\"@type\":\"WebSite\",\"@id\":\"https:\\\/\\\/plg-pllc.com\\\/#website\",\"url\":\"https:\\\/\\\/plg-pllc.com\\\/\",\"name\":\"Premier Law Group\",\"description\":\"Washington Wrongful Death and Serious Injury Lawyer\",\"publisher\":{\"@id\":\"https:\\\/\\\/plg-pllc.com\\\/#organization\"},\"inLanguage\":\"es\"},{\"@type\":\"Organization\",\"@id\":\"https:\\\/\\\/plg-pllc.com\\\/#organization\",\"name\":\"Premier Law Group\",\"url\":\"https:\\\/\\\/plg-pllc.com\\\/\",\"logo\":{\"@type\":\"ImageObject\",\"inLanguage\":\"es\",\"@id\":\"https:\\\/\\\/plg-pllc.com\\\/#\\\/schema\\\/logo\\\/image\\\/\",\"url\":\"https:\\\/\\\/plg-pllc.com\\\/wp-content\\\/uploads\\\/2020\\\/10\\\/plg-logo-v2.gif\",\"contentUrl\":\"https:\\\/\\\/plg-pllc.com\\\/wp-content\\\/uploads\\\/2020\\\/10\\\/plg-logo-v2.gif\",\"width\":592,\"height\":191,\"caption\":\"Premier Law Group\"},\"image\":{\"@id\":\"https:\\\/\\\/plg-pllc.com\\\/#\\\/schema\\\/logo\\\/image\\\/\"},\"sameAs\":[\"https:\\\/\\\/www.facebook.com\\\/premierlawgroup\",\"https:\\\/\\\/x.com\\\/premierlawgroup\"]}]}<\/script>\n<!-- \/ Yoast SEO plugin. -->","yoast_head_json":{"title":"C\u00f3mo las redes sociales pueden arruinar su demanda por lesiones personales","description":"C\u00f3mo las redes sociales pueden arruinar su demanda por lesiones personales: Premier Law Group lo ayuda a obtener la compensaci\u00f3n total que merece. Sin cargo a menos que ganemos.","robots":{"index":"index","follow":"follow","max-snippet":"max-snippet:-1","max-image-preview":"max-image-preview:large","max-video-preview":"max-video-preview:-1"},"canonical":"https:\/\/plg-pllc.com\/es\/faqs\/how-social-networking-can-ruin-your-personal-injury-claim\/","og_locale":"es_MX","og_type":"article","og_title":"How Social Networking Can Ruin Your Personal Injury Claim","og_description":"How Social Networking Can Ruin Your Personal Injury Claim: Premier Law Group helps you unlock the full compensation you deserve. No Fee Unless We Win.","og_url":"https:\/\/plg-pllc.com\/es\/faqs\/how-social-networking-can-ruin-your-personal-injury-claim\/","og_site_name":"Premier Law Group","article_publisher":"https:\/\/www.facebook.com\/premierlawgroup","article_modified_time":"2024-10-11T18:18:41+00:00","twitter_card":"summary_large_image","twitter_site":"@premierlawgroup","twitter_misc":{"Tiempo de lectura":"4 minutos"},"schema":{"@context":"https:\/\/schema.org","@graph":[{"@type":"WebPage","@id":"https:\/\/plg-pllc.com\/faqs\/how-social-networking-can-ruin-your-personal-injury-claim\/","url":"https:\/\/plg-pllc.com\/faqs\/how-social-networking-can-ruin-your-personal-injury-claim\/","name":"C\u00f3mo las redes sociales pueden arruinar su demanda por lesiones personales","isPartOf":{"@id":"https:\/\/plg-pllc.com\/#website"},"datePublished":"2011-06-02T23:06:38+00:00","dateModified":"2024-10-11T18:18:41+00:00","description":"C\u00f3mo las redes sociales pueden arruinar su demanda por lesiones personales: Premier Law Group lo ayuda a obtener la compensaci\u00f3n total que merece. Sin cargo a menos que ganemos.","breadcrumb":{"@id":"https:\/\/plg-pllc.com\/faqs\/how-social-networking-can-ruin-your-personal-injury-claim\/#breadcrumb"},"inLanguage":"es","potentialAction":[{"@type":"ReadAction","target":["https:\/\/plg-pllc.com\/faqs\/how-social-networking-can-ruin-your-personal-injury-claim\/"]}]},{"@type":"BreadcrumbList","@id":"https:\/\/plg-pllc.com\/faqs\/how-social-networking-can-ruin-your-personal-injury-claim\/#breadcrumb","itemListElement":[{"@type":"ListItem","position":1,"name":"Home","item":"https:\/\/plg-pllc.com\/es\/"},{"@type":"ListItem","position":2,"name":"FAQs","item":"https:\/\/plg-pllc.com\/es\/faqs\/"},{"@type":"ListItem","position":3,"name":"How Social Networking Can Ruin Your Personal Injury Claim"}]},{"@type":"WebSite","@id":"https:\/\/plg-pllc.com\/#website","url":"https:\/\/plg-pllc.com\/","name":"Grupo de abogados Premier","description":"Abogado de muerte por negligencia y lesiones graves en Washington","publisher":{"@id":"https:\/\/plg-pllc.com\/#organization"},"inLanguage":"es"},{"@type":"Organization","@id":"https:\/\/plg-pllc.com\/#organization","name":"Grupo de abogados Premier","url":"https:\/\/plg-pllc.com\/","logo":{"@type":"ImageObject","inLanguage":"es","@id":"https:\/\/plg-pllc.com\/#\/schema\/logo\/image\/","url":"https:\/\/plg-pllc.com\/wp-content\/uploads\/2020\/10\/plg-logo-v2.gif","contentUrl":"https:\/\/plg-pllc.com\/wp-content\/uploads\/2020\/10\/plg-logo-v2.gif","width":592,"height":191,"caption":"Premier Law Group"},"image":{"@id":"https:\/\/plg-pllc.com\/#\/schema\/logo\/image\/"},"sameAs":["https:\/\/www.facebook.com\/premierlawgroup","https:\/\/x.com\/premierlawgroup"]}]}},"_links":{"self":[{"href":"https:\/\/plg-pllc.com\/es\/wp-json\/wp\/v2\/pages\/4643","targetHints":{"allow":["GET"]}}],"collection":[{"href":"https:\/\/plg-pllc.com\/es\/wp-json\/wp\/v2\/pages"}],"about":[{"href":"https:\/\/plg-pllc.com\/es\/wp-json\/wp\/v2\/types\/page"}],"author":[{"embeddable":true,"href":"https:\/\/plg-pllc.com\/es\/wp-json\/wp\/v2\/users\/2"}],"replies":[{"embeddable":true,"href":"https:\/\/plg-pllc.com\/es\/wp-json\/wp\/v2\/comments?post=4643"}],"version-history":[{"count":0,"href":"https:\/\/plg-pllc.com\/es\/wp-json\/wp\/v2\/pages\/4643\/revisions"}],"up":[{"embeddable":true,"href":"https:\/\/plg-pllc.com\/es\/wp-json\/wp\/v2\/pages\/20714"}],"wp:attachment":[{"href":"https:\/\/plg-pllc.com\/es\/wp-json\/wp\/v2\/media?parent=4643"}],"wp:term":[{"taxonomy":"hc_faqs","embeddable":true,"href":"https:\/\/plg-pllc.com\/es\/wp-json\/wp\/v2\/hc_faqs?post=4643"}],"curies":[{"name":"gracias","href":"https:\/\/api.w.org\/{rel}","templated":true}]}}