{"id":4713,"date":"2011-06-07T13:33:28","date_gmt":"2011-06-07T20:33:28","guid":{"rendered":"https:\/\/plg-pllc.com\/?page_id=4713"},"modified":"2024-09-27T07:13:44","modified_gmt":"2024-09-27T14:13:44","slug":"is-it-difficult-to-diagnose-traumatic-brain-injury-among-children","status":"publish","type":"page","link":"https:\/\/plg-pllc.com\/es\/faqs\/is-it-hard-to-diagnose-tbi-in-children\/","title":{"rendered":"\u00bfEs dif\u00edcil diagnosticar una lesi\u00f3n cerebral traum\u00e1tica en ni\u00f1os?"},"content":{"rendered":"<p>S\u00ed, es dif\u00edcil diagnosticar una lesi\u00f3n cerebral traum\u00e1tica a cualquier edad. A menudo, los s\u00edntomas se ven enmascarados por otras lesiones que sufre su hijo, como dolores de cabeza, depresi\u00f3n, ansiedad, etc. O el m\u00e9dico puede centrarse m\u00e1s en las lesiones f\u00edsicas observables, como los huesos rotos. En algunos casos, la lesi\u00f3n cerebral traum\u00e1tica puede no diagnosticarse hasta semanas o incluso meses despu\u00e9s de la fecha del accidente.<\/p>\n\n        <div class=\"rs-content-cta\">\n            <p>Llamar o enviar mensaje de texto <a href=\"tel:+12062851743\">(206) 285-1743<\/a> o complete un formulario de evaluaci\u00f3n de caso gratuito<\/p>\n            <a href=\"https:\/\/plg-pllc.com\/es\/contact-us\/\" title=\"OBTENGA UNA EVALUACI\u00d3N DE CASO GRATUITA\" class=\"btn-global\">OBTENGA UNA EVALUACI\u00d3N DE CASO GRATUITA<\/a>\n                    <picture>\n                            <source srcset=\"https:\/\/plg-pllc.com\/wp-content\/themes\/plg-pllc-redesign\/assets\/app\/img\/cta-thumb.webp\" type=\"image\/webp\"\/>\n                            <img src=\"https:\/\/plg-pllc.com\/wp-content\/themes\/plg-pllc-redesign\/assets\/app\/img\/cta-thumb.png\" alt=\"Grupo de abogados Premier\" title=\"Grupo de abogados Premier\" width=\"245\" height=\"220\" loading=\"auto\" fetchpriority=\"auto\" decoding=\"async\"\/>\n        <\/picture>\n        \n        <\/div>","protected":false},"excerpt":{"rendered":"<p>S\u00ed, es dif\u00edcil diagnosticar una lesi\u00f3n cerebral traum\u00e1tica a cualquier edad. A menudo, los s\u00edntomas se ven enmascarados por otras lesiones que sufre su hijo, como dolores de cabeza, depresi\u00f3n, ansiedad, etc. O el m\u00e9dico puede centrarse m\u00e1s en las lesiones f\u00edsicas observables, como los huesos rotos. En algunos casos, es posible que no se diagnostique una lesi\u00f3n cerebral traum\u00e1tica...<\/p>","protected":false},"author":2,"featured_media":13765,"parent":20714,"menu_order":85,"comment_status":"closed","ping_status":"closed","template":"","meta":{"_acf_changed":false,"_genesis_hide_title":false,"_genesis_hide_breadcrumbs":false,"_genesis_hide_singular_image":false,"_genesis_hide_footer_widgets":false,"_genesis_custom_body_class":"","_genesis_custom_post_class":"","_genesis_layout":"","footnotes":""},"hc_faqs":[10354],"class_list":{"0":"post-4713","1":"page","2":"type-page","3":"status-publish","4":"has-post-thumbnail","6":"hc_faqs-personal-injury","7":"entry"},"acf":[],"yoast_head":"<!-- This site is optimized with the Yoast SEO plugin v27.4 - https:\/\/yoast.com\/product\/yoast-seo-wordpress\/ -->\n<title>Is it difficult to diagnose traumatic brain injury among children?<\/title>\n<meta name=\"description\" content=\"Is it difficult to diagnose traumatic brain injury among children?: Premier Law Group helps you unlock the full compensation you deserve. No Fee Unless We Win.\" \/>\n<meta name=\"robots\" content=\"index, follow, max-snippet:-1, max-image-preview:large, max-video-preview:-1\" \/>\n<link rel=\"canonical\" href=\"https:\/\/plg-pllc.com\/es\/faqs\/is-it-hard-to-diagnose-tbi-in-children\/\" \/>\n<meta property=\"og:locale\" content=\"es_MX\" \/>\n<meta property=\"og:type\" content=\"article\" \/>\n<meta property=\"og:title\" content=\"Is it difficult to diagnose traumatic brain injury among children?\" \/>\n<meta property=\"og:description\" content=\"Is it difficult to diagnose traumatic brain injury among children?: Premier Law Group helps you unlock the full compensation you deserve. No Fee Unless We Win.\" \/>\n<meta property=\"og:url\" content=\"https:\/\/plg-pllc.com\/es\/faqs\/is-it-hard-to-diagnose-tbi-in-children\/\" \/>\n<meta property=\"og:site_name\" content=\"Premier Law Group\" \/>\n<meta property=\"article:publisher\" content=\"https:\/\/www.facebook.com\/premierlawgroup\" \/>\n<meta property=\"article:modified_time\" content=\"2024-09-27T14:13:44+00:00\" \/>\n<meta property=\"og:image\" content=\"https:\/\/plg-pllc.com\/wp-content\/uploads\/2017\/03\/PLG-article-img.jpg\" \/>\n\t<meta property=\"og:image:width\" content=\"400\" \/>\n\t<meta property=\"og:image:height\" content=\"377\" \/>\n\t<meta property=\"og:image:type\" content=\"image\/jpeg\" \/>\n<meta name=\"twitter:card\" content=\"summary_large_image\" \/>\n<meta name=\"twitter:site\" content=\"@premierlawgroup\" \/>\n<meta name=\"twitter:label1\" content=\"Tiempo de lectura\" \/>\n\t<meta name=\"twitter:data1\" content=\"1 minuto\" \/>\n<script type=\"application\/ld+json\" class=\"yoast-schema-graph\">{\"@context\":\"https:\\\/\\\/schema.org\",\"@graph\":[{\"@type\":\"WebPage\",\"@id\":\"https:\\\/\\\/plg-pllc.com\\\/faqs\\\/is-it-hard-to-diagnose-tbi-in-children\\\/\",\"url\":\"https:\\\/\\\/plg-pllc.com\\\/faqs\\\/is-it-hard-to-diagnose-tbi-in-children\\\/\",\"name\":\"Is it difficult to diagnose traumatic brain injury among children?\",\"isPartOf\":{\"@id\":\"https:\\\/\\\/plg-pllc.com\\\/#website\"},\"primaryImageOfPage\":{\"@id\":\"https:\\\/\\\/plg-pllc.com\\\/faqs\\\/is-it-hard-to-diagnose-tbi-in-children\\\/#primaryimage\"},\"image\":{\"@id\":\"https:\\\/\\\/plg-pllc.com\\\/faqs\\\/is-it-hard-to-diagnose-tbi-in-children\\\/#primaryimage\"},\"thumbnailUrl\":\"https:\\\/\\\/plg-pllc.com\\\/wp-content\\\/uploads\\\/2017\\\/03\\\/PLG-article-img.jpg\",\"datePublished\":\"2011-06-07T20:33:28+00:00\",\"dateModified\":\"2024-09-27T14:13:44+00:00\",\"description\":\"Is it difficult to diagnose traumatic brain injury among children?: Premier Law Group helps you unlock the full compensation you deserve. No Fee Unless We Win.\",\"breadcrumb\":{\"@id\":\"https:\\\/\\\/plg-pllc.com\\\/faqs\\\/is-it-hard-to-diagnose-tbi-in-children\\\/#breadcrumb\"},\"inLanguage\":\"es\",\"potentialAction\":[{\"@type\":\"ReadAction\",\"target\":[\"https:\\\/\\\/plg-pllc.com\\\/faqs\\\/is-it-hard-to-diagnose-tbi-in-children\\\/\"]}]},{\"@type\":\"ImageObject\",\"inLanguage\":\"es\",\"@id\":\"https:\\\/\\\/plg-pllc.com\\\/faqs\\\/is-it-hard-to-diagnose-tbi-in-children\\\/#primaryimage\",\"url\":\"https:\\\/\\\/plg-pllc.com\\\/wp-content\\\/uploads\\\/2017\\\/03\\\/PLG-article-img.jpg\",\"contentUrl\":\"https:\\\/\\\/plg-pllc.com\\\/wp-content\\\/uploads\\\/2017\\\/03\\\/PLG-article-img.jpg\",\"width\":400,\"height\":377,\"caption\":\"What are the Most Common Types of Injuries in Pedestrian and Bicycle Accident Cases?\"},{\"@type\":\"BreadcrumbList\",\"@id\":\"https:\\\/\\\/plg-pllc.com\\\/faqs\\\/is-it-hard-to-diagnose-tbi-in-children\\\/#breadcrumb\",\"itemListElement\":[{\"@type\":\"ListItem\",\"position\":1,\"name\":\"Home\",\"item\":\"https:\\\/\\\/plg-pllc.com\\\/es\\\/\"},{\"@type\":\"ListItem\",\"position\":2,\"name\":\"FAQs\",\"item\":\"https:\\\/\\\/plg-pllc.com\\\/es\\\/faqs\\\/\"},{\"@type\":\"ListItem\",\"position\":3,\"name\":\"Is it difficult to diagnose traumatic brain injury among children?\"}]},{\"@type\":\"WebSite\",\"@id\":\"https:\\\/\\\/plg-pllc.com\\\/#website\",\"url\":\"https:\\\/\\\/plg-pllc.com\\\/\",\"name\":\"Premier Law Group\",\"description\":\"Washington Wrongful Death and Serious Injury Lawyer\",\"publisher\":{\"@id\":\"https:\\\/\\\/plg-pllc.com\\\/#organization\"},\"inLanguage\":\"es\"},{\"@type\":\"Organization\",\"@id\":\"https:\\\/\\\/plg-pllc.com\\\/#organization\",\"name\":\"Premier Law Group\",\"url\":\"https:\\\/\\\/plg-pllc.com\\\/\",\"logo\":{\"@type\":\"ImageObject\",\"inLanguage\":\"es\",\"@id\":\"https:\\\/\\\/plg-pllc.com\\\/#\\\/schema\\\/logo\\\/image\\\/\",\"url\":\"https:\\\/\\\/plg-pllc.com\\\/wp-content\\\/uploads\\\/2020\\\/10\\\/plg-logo-v2.gif\",\"contentUrl\":\"https:\\\/\\\/plg-pllc.com\\\/wp-content\\\/uploads\\\/2020\\\/10\\\/plg-logo-v2.gif\",\"width\":592,\"height\":191,\"caption\":\"Premier Law Group\"},\"image\":{\"@id\":\"https:\\\/\\\/plg-pllc.com\\\/#\\\/schema\\\/logo\\\/image\\\/\"},\"sameAs\":[\"https:\\\/\\\/www.facebook.com\\\/premierlawgroup\",\"https:\\\/\\\/x.com\\\/premierlawgroup\"]}]}<\/script>\n<!-- \/ Yoast SEO plugin. -->","yoast_head_json":{"title":"\u00bfEs dif\u00edcil diagnosticar una lesi\u00f3n cerebral traum\u00e1tica en ni\u00f1os?","description":"\u00bfEs dif\u00edcil diagnosticar una lesi\u00f3n cerebral traum\u00e1tica en ni\u00f1os?: Premier Law Group lo ayuda a obtener la compensaci\u00f3n total que merece. Sin cargo a menos que ganemos.","robots":{"index":"index","follow":"follow","max-snippet":"max-snippet:-1","max-image-preview":"max-image-preview:large","max-video-preview":"max-video-preview:-1"},"canonical":"https:\/\/plg-pllc.com\/es\/faqs\/is-it-hard-to-diagnose-tbi-in-children\/","og_locale":"es_MX","og_type":"article","og_title":"Is it difficult to diagnose traumatic brain injury among children?","og_description":"Is it difficult to diagnose traumatic brain injury among children?: Premier Law Group helps you unlock the full compensation you deserve. No Fee Unless We Win.","og_url":"https:\/\/plg-pllc.com\/es\/faqs\/is-it-hard-to-diagnose-tbi-in-children\/","og_site_name":"Premier Law Group","article_publisher":"https:\/\/www.facebook.com\/premierlawgroup","article_modified_time":"2024-09-27T14:13:44+00:00","og_image":[{"width":400,"height":377,"url":"https:\/\/plg-pllc.com\/wp-content\/uploads\/2017\/03\/PLG-article-img.jpg","type":"image\/jpeg"}],"twitter_card":"summary_large_image","twitter_site":"@premierlawgroup","twitter_misc":{"Tiempo de lectura":"1 minuto"},"schema":{"@context":"https:\/\/schema.org","@graph":[{"@type":"WebPage","@id":"https:\/\/plg-pllc.com\/faqs\/is-it-hard-to-diagnose-tbi-in-children\/","url":"https:\/\/plg-pllc.com\/faqs\/is-it-hard-to-diagnose-tbi-in-children\/","name":"\u00bfEs dif\u00edcil diagnosticar una lesi\u00f3n cerebral traum\u00e1tica en ni\u00f1os?","isPartOf":{"@id":"https:\/\/plg-pllc.com\/#website"},"primaryImageOfPage":{"@id":"https:\/\/plg-pllc.com\/faqs\/is-it-hard-to-diagnose-tbi-in-children\/#primaryimage"},"image":{"@id":"https:\/\/plg-pllc.com\/faqs\/is-it-hard-to-diagnose-tbi-in-children\/#primaryimage"},"thumbnailUrl":"https:\/\/plg-pllc.com\/wp-content\/uploads\/2017\/03\/PLG-article-img.jpg","datePublished":"2011-06-07T20:33:28+00:00","dateModified":"2024-09-27T14:13:44+00:00","description":"\u00bfEs dif\u00edcil diagnosticar una lesi\u00f3n cerebral traum\u00e1tica en ni\u00f1os?: Premier Law Group lo ayuda a obtener la compensaci\u00f3n total que merece. Sin cargo a menos que ganemos.","breadcrumb":{"@id":"https:\/\/plg-pllc.com\/faqs\/is-it-hard-to-diagnose-tbi-in-children\/#breadcrumb"},"inLanguage":"es","potentialAction":[{"@type":"ReadAction","target":["https:\/\/plg-pllc.com\/faqs\/is-it-hard-to-diagnose-tbi-in-children\/"]}]},{"@type":"ImageObject","inLanguage":"es","@id":"https:\/\/plg-pllc.com\/faqs\/is-it-hard-to-diagnose-tbi-in-children\/#primaryimage","url":"https:\/\/plg-pllc.com\/wp-content\/uploads\/2017\/03\/PLG-article-img.jpg","contentUrl":"https:\/\/plg-pllc.com\/wp-content\/uploads\/2017\/03\/PLG-article-img.jpg","width":400,"height":377,"caption":"What are the Most Common Types of Injuries in Pedestrian and Bicycle Accident Cases?"},{"@type":"BreadcrumbList","@id":"https:\/\/plg-pllc.com\/faqs\/is-it-hard-to-diagnose-tbi-in-children\/#breadcrumb","itemListElement":[{"@type":"ListItem","position":1,"name":"Home","item":"https:\/\/plg-pllc.com\/es\/"},{"@type":"ListItem","position":2,"name":"FAQs","item":"https:\/\/plg-pllc.com\/es\/faqs\/"},{"@type":"ListItem","position":3,"name":"Is it difficult to diagnose traumatic brain injury among children?"}]},{"@type":"WebSite","@id":"https:\/\/plg-pllc.com\/#website","url":"https:\/\/plg-pllc.com\/","name":"Grupo de abogados Premier","description":"Abogado de muerte por negligencia y lesiones graves en Washington","publisher":{"@id":"https:\/\/plg-pllc.com\/#organization"},"inLanguage":"es"},{"@type":"Organization","@id":"https:\/\/plg-pllc.com\/#organization","name":"Grupo de abogados Premier","url":"https:\/\/plg-pllc.com\/","logo":{"@type":"ImageObject","inLanguage":"es","@id":"https:\/\/plg-pllc.com\/#\/schema\/logo\/image\/","url":"https:\/\/plg-pllc.com\/wp-content\/uploads\/2020\/10\/plg-logo-v2.gif","contentUrl":"https:\/\/plg-pllc.com\/wp-content\/uploads\/2020\/10\/plg-logo-v2.gif","width":592,"height":191,"caption":"Premier Law Group"},"image":{"@id":"https:\/\/plg-pllc.com\/#\/schema\/logo\/image\/"},"sameAs":["https:\/\/www.facebook.com\/premierlawgroup","https:\/\/x.com\/premierlawgroup"]}]}},"_links":{"self":[{"href":"https:\/\/plg-pllc.com\/es\/wp-json\/wp\/v2\/pages\/4713","targetHints":{"allow":["GET"]}}],"collection":[{"href":"https:\/\/plg-pllc.com\/es\/wp-json\/wp\/v2\/pages"}],"about":[{"href":"https:\/\/plg-pllc.com\/es\/wp-json\/wp\/v2\/types\/page"}],"author":[{"embeddable":true,"href":"https:\/\/plg-pllc.com\/es\/wp-json\/wp\/v2\/users\/2"}],"replies":[{"embeddable":true,"href":"https:\/\/plg-pllc.com\/es\/wp-json\/wp\/v2\/comments?post=4713"}],"version-history":[{"count":0,"href":"https:\/\/plg-pllc.com\/es\/wp-json\/wp\/v2\/pages\/4713\/revisions"}],"up":[{"embeddable":true,"href":"https:\/\/plg-pllc.com\/es\/wp-json\/wp\/v2\/pages\/20714"}],"wp:featuredmedia":[{"embeddable":true,"href":"https:\/\/plg-pllc.com\/es\/wp-json\/wp\/v2\/media\/13765"}],"wp:attachment":[{"href":"https:\/\/plg-pllc.com\/es\/wp-json\/wp\/v2\/media?parent=4713"}],"wp:term":[{"taxonomy":"hc_faqs","embeddable":true,"href":"https:\/\/plg-pllc.com\/es\/wp-json\/wp\/v2\/hc_faqs?post=4713"}],"curies":[{"name":"gracias","href":"https:\/\/api.w.org\/{rel}","templated":true}]}}