{"id":4723,"date":"2011-06-07T13:45:15","date_gmt":"2011-06-07T20:45:15","guid":{"rendered":"https:\/\/plg-pllc.com\/?page_id=4723"},"modified":"2024-10-18T09:09:50","modified_gmt":"2024-10-18T16:09:50","slug":"","status":"publish","type":"page","link":"https:\/\/plg-pllc.com\/es\/faqs\/trampoline-injuries-are-we-responsible\/","title":{"rendered":"Tengo un trampol\u00edn en mi patio trasero. Si un ni\u00f1o vecino se cae y se lastima cuando no estamos en casa, \u00bfcu\u00e1l ser\u00eda mi responsabilidad?"},"content":{"rendered":"<h2>Tengo un trampol\u00edn y un parque infantil muy grande en el patio trasero, as\u00ed que la mayor\u00eda de los ni\u00f1os del vecindario vienen a jugar a mi casa y, a veces, vienen cuando ni mi marido ni yo estamos en casa. Si uno de los ni\u00f1os se cae y se lastima cuando no estamos en casa, \u00bfcu\u00e1l ser\u00eda mi responsabilidad?<\/h2>\n<p>Es muy poco probable que se le considere responsable en este caso. Su responsabilidad es asegurarse de que el conjunto de juegos y el trampol\u00edn est\u00e9n ensamblados correctamente y sean seguros. Aseg\u00farese de haber seguido todas las instrucciones cuidadosamente y de que todo est\u00e9 colocado firmemente en su lugar correcto. La \u00fanica forma en que podr\u00eda ser considerado responsable de la lesi\u00f3n ser\u00eda si hubiera sido negligente al ensamblar el conjunto de juegos y el trampol\u00edn.<\/p>\n<p>Es posible que tenga cobertura para tal caso bajo su seguro de vivienda que pagar\u00eda la cobertura m\u00e9dica si fuera necesario.<\/p>\n\n        <div class=\"rs-content-cta\">\n            <p>Llamar o enviar mensaje de texto <a href=\"tel:+12062851743\">(206) 285-1743<\/a> o complete un formulario de evaluaci\u00f3n de caso gratuito<\/p>\n            <a href=\"https:\/\/plg-pllc.com\/es\/contact-us\/\" title=\"OBTENGA UNA EVALUACI\u00d3N DE CASO GRATUITA\" class=\"btn-global\">OBTENGA UNA EVALUACI\u00d3N DE CASO GRATUITA<\/a>\n                    <picture>\n                            <source srcset=\"https:\/\/plg-pllc.com\/wp-content\/themes\/plg-pllc-redesign\/assets\/app\/img\/cta-thumb.webp\" type=\"image\/webp\"\/>\n                            <img src=\"https:\/\/plg-pllc.com\/wp-content\/themes\/plg-pllc-redesign\/assets\/app\/img\/cta-thumb.png\" alt=\"Grupo de abogados Premier\" title=\"Grupo de abogados Premier\" width=\"245\" height=\"220\" loading=\"auto\" fetchpriority=\"auto\" decoding=\"async\"\/>\n        <\/picture>\n        \n        <\/div>","protected":false},"excerpt":{"rendered":"<p>Tengo un trampol\u00edn y un parque infantil muy grande en el patio trasero, as\u00ed que la mayor\u00eda de los ni\u00f1os del vecindario vienen a jugar a mi casa y, a veces, vienen cuando ni mi marido ni yo estamos en casa. Si uno de los ni\u00f1os se cae y se lastima cuando no estamos en casa, \u00bfcu\u00e1l ser\u00eda mi responsabilidad?<\/p>","protected":false},"author":2,"featured_media":13765,"parent":20714,"menu_order":90,"comment_status":"closed","ping_status":"closed","template":"","meta":{"_acf_changed":false,"_genesis_hide_title":false,"_genesis_hide_breadcrumbs":false,"_genesis_hide_singular_image":false,"_genesis_hide_footer_widgets":false,"_genesis_custom_body_class":"","_genesis_custom_post_class":"","_genesis_layout":"","footnotes":""},"hc_faqs":[10354],"class_list":{"0":"post-4723","1":"page","2":"type-page","3":"status-publish","4":"has-post-thumbnail","6":"hc_faqs-personal-injury","7":"entry"},"acf":[],"yoast_head":"<!-- This site is optimized with the Yoast SEO plugin v27.4 - https:\/\/yoast.com\/product\/yoast-seo-wordpress\/ -->\n<title>I have a trampoline in backyard what would my responsibility be?<\/title>\n<meta name=\"description\" content=\"I have a trampoline in my backyard If a neighbor kid falls and hurts themselves when we are not home, what would my responsibility be?: Premier Law Group helps you unlock the full compensation you deserve. No Fee Unless We Win.\" \/>\n<meta name=\"robots\" content=\"index, follow, max-snippet:-1, max-image-preview:large, max-video-preview:-1\" \/>\n<link rel=\"canonical\" href=\"https:\/\/plg-pllc.com\/es\/faqs\/trampoline-injuries-are-we-responsible\/\" \/>\n<meta property=\"og:locale\" content=\"es_MX\" \/>\n<meta property=\"og:type\" content=\"article\" \/>\n<meta property=\"og:title\" content=\"I have a trampoline in backyard what would my responsibility be?\" \/>\n<meta property=\"og:description\" content=\"I have a trampoline in my backyard If a neighbor kid falls and hurts themselves when we are not home, what would my responsibility be?: Premier Law Group helps you unlock the full compensation you deserve. No Fee Unless We Win.\" \/>\n<meta property=\"og:url\" content=\"https:\/\/plg-pllc.com\/es\/faqs\/trampoline-injuries-are-we-responsible\/\" \/>\n<meta property=\"og:site_name\" content=\"Premier Law Group\" \/>\n<meta property=\"article:publisher\" content=\"https:\/\/www.facebook.com\/premierlawgroup\" \/>\n<meta property=\"article:modified_time\" content=\"2024-10-18T16:09:50+00:00\" \/>\n<meta property=\"og:image\" content=\"https:\/\/plg-pllc.com\/wp-content\/uploads\/2017\/03\/PLG-article-img.jpg\" \/>\n\t<meta property=\"og:image:width\" content=\"400\" \/>\n\t<meta property=\"og:image:height\" content=\"377\" \/>\n\t<meta property=\"og:image:type\" content=\"image\/jpeg\" \/>\n<meta name=\"twitter:card\" content=\"summary_large_image\" \/>\n<meta name=\"twitter:site\" content=\"@premierlawgroup\" \/>\n<meta name=\"twitter:label1\" content=\"Tiempo de lectura\" \/>\n\t<meta name=\"twitter:data1\" content=\"1 minuto\" \/>\n<script type=\"application\/ld+json\" class=\"yoast-schema-graph\">{\"@context\":\"https:\\\/\\\/schema.org\",\"@graph\":[{\"@type\":\"WebPage\",\"@id\":\"https:\\\/\\\/plg-pllc.com\\\/faqs\\\/trampoline-injuries-are-we-responsible\\\/\",\"url\":\"https:\\\/\\\/plg-pllc.com\\\/faqs\\\/trampoline-injuries-are-we-responsible\\\/\",\"name\":\"I have a trampoline in backyard what would my responsibility be?\",\"isPartOf\":{\"@id\":\"https:\\\/\\\/plg-pllc.com\\\/#website\"},\"primaryImageOfPage\":{\"@id\":\"https:\\\/\\\/plg-pllc.com\\\/faqs\\\/trampoline-injuries-are-we-responsible\\\/#primaryimage\"},\"image\":{\"@id\":\"https:\\\/\\\/plg-pllc.com\\\/faqs\\\/trampoline-injuries-are-we-responsible\\\/#primaryimage\"},\"thumbnailUrl\":\"https:\\\/\\\/plg-pllc.com\\\/wp-content\\\/uploads\\\/2017\\\/03\\\/PLG-article-img.jpg\",\"datePublished\":\"2011-06-07T20:45:15+00:00\",\"dateModified\":\"2024-10-18T16:09:50+00:00\",\"description\":\"I have a trampoline in my backyard If a neighbor kid falls and hurts themselves when we are not home, what would my responsibility be?: Premier Law Group helps you unlock the full compensation you deserve. No Fee Unless We Win.\",\"breadcrumb\":{\"@id\":\"https:\\\/\\\/plg-pllc.com\\\/faqs\\\/trampoline-injuries-are-we-responsible\\\/#breadcrumb\"},\"inLanguage\":\"es\",\"potentialAction\":[{\"@type\":\"ReadAction\",\"target\":[\"https:\\\/\\\/plg-pllc.com\\\/faqs\\\/trampoline-injuries-are-we-responsible\\\/\"]}]},{\"@type\":\"ImageObject\",\"inLanguage\":\"es\",\"@id\":\"https:\\\/\\\/plg-pllc.com\\\/faqs\\\/trampoline-injuries-are-we-responsible\\\/#primaryimage\",\"url\":\"https:\\\/\\\/plg-pllc.com\\\/wp-content\\\/uploads\\\/2017\\\/03\\\/PLG-article-img.jpg\",\"contentUrl\":\"https:\\\/\\\/plg-pllc.com\\\/wp-content\\\/uploads\\\/2017\\\/03\\\/PLG-article-img.jpg\",\"width\":400,\"height\":377,\"caption\":\"What are the Most Common Types of Injuries in Pedestrian and Bicycle Accident Cases?\"},{\"@type\":\"BreadcrumbList\",\"@id\":\"https:\\\/\\\/plg-pllc.com\\\/faqs\\\/trampoline-injuries-are-we-responsible\\\/#breadcrumb\",\"itemListElement\":[{\"@type\":\"ListItem\",\"position\":1,\"name\":\"Home\",\"item\":\"https:\\\/\\\/plg-pllc.com\\\/es\\\/\"},{\"@type\":\"ListItem\",\"position\":2,\"name\":\"FAQs\",\"item\":\"https:\\\/\\\/plg-pllc.com\\\/es\\\/faqs\\\/\"},{\"@type\":\"ListItem\",\"position\":3,\"name\":\"I have a trampoline in my backyard If a neighbor kid falls and hurts themselves when we are not home, what would my responsibility be?\"}]},{\"@type\":\"WebSite\",\"@id\":\"https:\\\/\\\/plg-pllc.com\\\/#website\",\"url\":\"https:\\\/\\\/plg-pllc.com\\\/\",\"name\":\"Premier Law Group\",\"description\":\"Washington Wrongful Death and Serious Injury Lawyer\",\"publisher\":{\"@id\":\"https:\\\/\\\/plg-pllc.com\\\/#organization\"},\"inLanguage\":\"es\"},{\"@type\":\"Organization\",\"@id\":\"https:\\\/\\\/plg-pllc.com\\\/#organization\",\"name\":\"Premier Law Group\",\"url\":\"https:\\\/\\\/plg-pllc.com\\\/\",\"logo\":{\"@type\":\"ImageObject\",\"inLanguage\":\"es\",\"@id\":\"https:\\\/\\\/plg-pllc.com\\\/#\\\/schema\\\/logo\\\/image\\\/\",\"url\":\"https:\\\/\\\/plg-pllc.com\\\/wp-content\\\/uploads\\\/2020\\\/10\\\/plg-logo-v2.gif\",\"contentUrl\":\"https:\\\/\\\/plg-pllc.com\\\/wp-content\\\/uploads\\\/2020\\\/10\\\/plg-logo-v2.gif\",\"width\":592,\"height\":191,\"caption\":\"Premier Law Group\"},\"image\":{\"@id\":\"https:\\\/\\\/plg-pllc.com\\\/#\\\/schema\\\/logo\\\/image\\\/\"},\"sameAs\":[\"https:\\\/\\\/www.facebook.com\\\/premierlawgroup\",\"https:\\\/\\\/x.com\\\/premierlawgroup\"]}]}<\/script>\n<!-- \/ Yoast SEO plugin. -->","yoast_head_json":{"title":"Tengo un trampol\u00edn en el patio trasero, \u00bfcu\u00e1l ser\u00eda mi responsabilidad?","description":"Tengo un trampol\u00edn en mi patio trasero. Si un ni\u00f1o vecino se cae y se lastima cuando no estamos en casa, \u00bfcu\u00e1l ser\u00eda mi responsabilidad?: Premier Law Group lo ayuda a obtener la compensaci\u00f3n total que se merece. Sin cargo a menos que ganemos.","robots":{"index":"index","follow":"follow","max-snippet":"max-snippet:-1","max-image-preview":"max-image-preview:large","max-video-preview":"max-video-preview:-1"},"canonical":"https:\/\/plg-pllc.com\/es\/faqs\/trampoline-injuries-are-we-responsible\/","og_locale":"es_MX","og_type":"article","og_title":"I have a trampoline in backyard what would my responsibility be?","og_description":"I have a trampoline in my backyard If a neighbor kid falls and hurts themselves when we are not home, what would my responsibility be?: Premier Law Group helps you unlock the full compensation you deserve. No Fee Unless We Win.","og_url":"https:\/\/plg-pllc.com\/es\/faqs\/trampoline-injuries-are-we-responsible\/","og_site_name":"Premier Law Group","article_publisher":"https:\/\/www.facebook.com\/premierlawgroup","article_modified_time":"2024-10-18T16:09:50+00:00","og_image":[{"width":400,"height":377,"url":"https:\/\/plg-pllc.com\/wp-content\/uploads\/2017\/03\/PLG-article-img.jpg","type":"image\/jpeg"}],"twitter_card":"summary_large_image","twitter_site":"@premierlawgroup","twitter_misc":{"Tiempo de lectura":"1 minuto"},"schema":{"@context":"https:\/\/schema.org","@graph":[{"@type":"WebPage","@id":"https:\/\/plg-pllc.com\/faqs\/trampoline-injuries-are-we-responsible\/","url":"https:\/\/plg-pllc.com\/faqs\/trampoline-injuries-are-we-responsible\/","name":"Tengo un trampol\u00edn en el patio trasero, \u00bfcu\u00e1l ser\u00eda mi responsabilidad?","isPartOf":{"@id":"https:\/\/plg-pllc.com\/#website"},"primaryImageOfPage":{"@id":"https:\/\/plg-pllc.com\/faqs\/trampoline-injuries-are-we-responsible\/#primaryimage"},"image":{"@id":"https:\/\/plg-pllc.com\/faqs\/trampoline-injuries-are-we-responsible\/#primaryimage"},"thumbnailUrl":"https:\/\/plg-pllc.com\/wp-content\/uploads\/2017\/03\/PLG-article-img.jpg","datePublished":"2011-06-07T20:45:15+00:00","dateModified":"2024-10-18T16:09:50+00:00","description":"Tengo un trampol\u00edn en mi patio trasero. Si un ni\u00f1o vecino se cae y se lastima cuando no estamos en casa, \u00bfcu\u00e1l ser\u00eda mi responsabilidad?: Premier Law Group lo ayuda a obtener la compensaci\u00f3n total que se merece. Sin cargo a menos que ganemos.","breadcrumb":{"@id":"https:\/\/plg-pllc.com\/faqs\/trampoline-injuries-are-we-responsible\/#breadcrumb"},"inLanguage":"es","potentialAction":[{"@type":"ReadAction","target":["https:\/\/plg-pllc.com\/faqs\/trampoline-injuries-are-we-responsible\/"]}]},{"@type":"ImageObject","inLanguage":"es","@id":"https:\/\/plg-pllc.com\/faqs\/trampoline-injuries-are-we-responsible\/#primaryimage","url":"https:\/\/plg-pllc.com\/wp-content\/uploads\/2017\/03\/PLG-article-img.jpg","contentUrl":"https:\/\/plg-pllc.com\/wp-content\/uploads\/2017\/03\/PLG-article-img.jpg","width":400,"height":377,"caption":"What are the Most Common Types of Injuries in Pedestrian and Bicycle Accident Cases?"},{"@type":"BreadcrumbList","@id":"https:\/\/plg-pllc.com\/faqs\/trampoline-injuries-are-we-responsible\/#breadcrumb","itemListElement":[{"@type":"ListItem","position":1,"name":"Home","item":"https:\/\/plg-pllc.com\/es\/"},{"@type":"ListItem","position":2,"name":"FAQs","item":"https:\/\/plg-pllc.com\/es\/faqs\/"},{"@type":"ListItem","position":3,"name":"I have a trampoline in my backyard If a neighbor kid falls and hurts themselves when we are not home, what would my responsibility be?"}]},{"@type":"WebSite","@id":"https:\/\/plg-pllc.com\/#website","url":"https:\/\/plg-pllc.com\/","name":"Grupo de abogados Premier","description":"Abogado de muerte por negligencia y lesiones graves en Washington","publisher":{"@id":"https:\/\/plg-pllc.com\/#organization"},"inLanguage":"es"},{"@type":"Organization","@id":"https:\/\/plg-pllc.com\/#organization","name":"Grupo de abogados Premier","url":"https:\/\/plg-pllc.com\/","logo":{"@type":"ImageObject","inLanguage":"es","@id":"https:\/\/plg-pllc.com\/#\/schema\/logo\/image\/","url":"https:\/\/plg-pllc.com\/wp-content\/uploads\/2020\/10\/plg-logo-v2.gif","contentUrl":"https:\/\/plg-pllc.com\/wp-content\/uploads\/2020\/10\/plg-logo-v2.gif","width":592,"height":191,"caption":"Premier Law Group"},"image":{"@id":"https:\/\/plg-pllc.com\/#\/schema\/logo\/image\/"},"sameAs":["https:\/\/www.facebook.com\/premierlawgroup","https:\/\/x.com\/premierlawgroup"]}]}},"_links":{"self":[{"href":"https:\/\/plg-pllc.com\/es\/wp-json\/wp\/v2\/pages\/4723","targetHints":{"allow":["GET"]}}],"collection":[{"href":"https:\/\/plg-pllc.com\/es\/wp-json\/wp\/v2\/pages"}],"about":[{"href":"https:\/\/plg-pllc.com\/es\/wp-json\/wp\/v2\/types\/page"}],"author":[{"embeddable":true,"href":"https:\/\/plg-pllc.com\/es\/wp-json\/wp\/v2\/users\/2"}],"replies":[{"embeddable":true,"href":"https:\/\/plg-pllc.com\/es\/wp-json\/wp\/v2\/comments?post=4723"}],"version-history":[{"count":0,"href":"https:\/\/plg-pllc.com\/es\/wp-json\/wp\/v2\/pages\/4723\/revisions"}],"up":[{"embeddable":true,"href":"https:\/\/plg-pllc.com\/es\/wp-json\/wp\/v2\/pages\/20714"}],"wp:featuredmedia":[{"embeddable":true,"href":"https:\/\/plg-pllc.com\/es\/wp-json\/wp\/v2\/media\/13765"}],"wp:attachment":[{"href":"https:\/\/plg-pllc.com\/es\/wp-json\/wp\/v2\/media?parent=4723"}],"wp:term":[{"taxonomy":"hc_faqs","embeddable":true,"href":"https:\/\/plg-pllc.com\/es\/wp-json\/wp\/v2\/hc_faqs?post=4723"}],"curies":[{"name":"gracias","href":"https:\/\/api.w.org\/{rel}","templated":true}]}}