{"id":4731,"date":"2011-06-08T09:42:43","date_gmt":"2011-06-08T16:42:43","guid":{"rendered":"https:\/\/plg-pllc.com\/?page_id=4731"},"modified":"2024-10-14T23:53:28","modified_gmt":"2024-10-15T06:53:28","slug":"how-a-personal-injury-attorney-can-help-you-seattle-car-accident-attorney","status":"publish","type":"page","link":"https:\/\/plg-pllc.com\/es\/faqs\/how-a-personal-injury-attorney-can-help-you-seattle-car-accident-attorney\/","title":{"rendered":"C\u00f3mo puede ayudarle un abogado especializado en lesiones personales | Abogado de accidentes automovil\u00edsticos en Seattle"},"content":{"rendered":"<p>Muchas personas se sienten intimidadas ante la perspectiva de contratar a un abogado para su demanda por accidente de tr\u00e1fico, porque no tienen idea de qu\u00e9 esperar. A continuaci\u00f3n, se incluye un breve resumen de lo que un abogado de lesiones personales puede hacer por usted y c\u00f3mo lo har\u00e1. Si ha resultado herido en un accidente de tr\u00e1fico, un abogado de lesiones personales de Bellevue puede ayudarle a recibir una compensaci\u00f3n por sus gastos m\u00e9dicos, salarios perdidos y dolor y sufrimiento. Un buen abogado sabe que las demandas por accidentes de tr\u00e1fico no son iguales para todos, y las acciones espec\u00edficas que tomar\u00e1 para ayudarle a obtener el acuerdo o la sentencia judicial que se merece depender\u00e1n de un an\u00e1lisis cuidadoso de los hechos de su caso y de las pruebas disponibles.<\/p>\n<h2>Evidencia que su abogado revisar\u00e1<\/h2>\n<p>Cada caso tiene diferentes patrones de hechos, pero algunos de los tipos de evidencia m\u00e1s comunes que surgen en los casos de accidentes automovil\u00edsticos en Bellevue incluyen:<\/p>\n<ul>\n<li>Informes policiales sobre accidentes<\/li>\n<li>Facturas m\u00e9dicas y registros de su lesi\u00f3n.<\/li>\n<li>Declaraciones de testigos<\/li>\n<li>Fotograf\u00edas del lugar del accidente<\/li>\n<\/ul>\n<p>Su abogado puede investigar estos detalles por s\u00ed mismo o puede contratar a un investigador para que lo haga. La eficacia de su abogado al investigar los hechos de su caso depende en gran medida de la informaci\u00f3n que le proporcione durante la entrevista inicial. Sea completamente honesto al responder las preguntas de su abogado. Para que un abogado de lesiones personales le consiga el mejor resultado posible para su demanda, necesita conocer las debilidades para las que tendr\u00e1 que prepararse si el caso va a juicio. En la misma l\u00ednea, usted debe ser totalmente honesto con la compa\u00f1\u00eda de seguros y con cualquier m\u00e9dico al que le env\u00eden. Sin embargo, es importante hablar con un abogado de lesiones personales con experiencia antes de hablar con las compa\u00f1\u00edas de seguros para que pueda estar preparado para responder las preguntas que le har\u00e1n.<\/p>\n<h2>Comunicarse con las aseguradoras y desarrollar su caso<\/h2>\n<p>Su abogado tambi\u00e9n se encargar\u00e1 de la comunicaci\u00f3n con la compa\u00f1\u00eda de seguros del conductor que caus\u00f3 su accidente de tr\u00e1fico. Despu\u00e9s de contratar a un abogado, no deber\u00eda hablar en absoluto con la compa\u00f1\u00eda de seguros.<\/p>\n<p>Su abogado presentar\u00e1 su caso de la manera m\u00e1s favorable posible, pero es posible que necesite su ayuda para:<\/p>\n<ul>\n<li>Proporcionar los nombres y n\u00fameros de tel\u00e9fono de cualquier posible testigo.<\/li>\n<li>Siga los consejos m\u00e9dicos de su m\u00e9dico<\/li>\n<li>Tratando de recuperarse de su lesi\u00f3n<\/li>\n<li>Realizar un seguimiento de las facturas m\u00e9dicas y otros gastos relacionados con accidentes.<\/li>\n<li>Mantener registros sobre los salarios perdidos si su lesi\u00f3n le hace faltar al trabajo<\/li>\n<\/ul>\n<h2>El conocimiento es tu aliado: lee nuestro libro GRATIS<\/h2>\n<p>Navegar por el proceso de reclamos de seguros puede ser un dolor de cabeza que no necesita mientras intenta recuperarse de sus lesiones. El abogado de lesiones personales de Bellevue, Jason Epstein, lo sabe y ha estado ayudando a las v\u00edctimas de lesiones a recuperarse de lesiones graves por accidentes automovil\u00edsticos durante m\u00e1s de diez a\u00f1os. Ha recopilado su conocimiento en un libro f\u00e1cil de leer titulado <em><a href=\"https:\/\/plg-pllc.com\/books\/truth-about-washington-auto-accidents\/\">La verdad sobre los accidentes automovil\u00edsticos en Washington<\/a><\/em>Su libro recopila sus a\u00f1os de experiencia en algunos consejos simples que le ayudar\u00e1n a evitar los errores m\u00e1s comunes al avanzar con su caso. Este libro est\u00e1 disponible para los residentes del estado de Washington de forma gratuita. <a href=\"https:\/\/plg-pllc.com\/books\/truth-about-washington-auto-accidents\/\">Haga su pedido ahora en nuestro sitio web.<\/a><\/p>\n\n        <div class=\"rs-content-cta\">\n            <p>Llamar o enviar mensaje de texto <a href=\"tel:+12062851743\">(206) 285-1743<\/a> o complete un formulario de evaluaci\u00f3n de caso gratuito<\/p>\n            <a href=\"https:\/\/plg-pllc.com\/es\/contact-us\/\" title=\"OBTENGA UNA EVALUACI\u00d3N DE CASO GRATUITA\" class=\"btn-global\">OBTENGA UNA EVALUACI\u00d3N DE CASO GRATUITA<\/a>\n                    <picture>\n                            <source srcset=\"https:\/\/plg-pllc.com\/wp-content\/themes\/plg-pllc-redesign\/assets\/app\/img\/cta-thumb.webp\" type=\"image\/webp\"\/>\n                            <img src=\"https:\/\/plg-pllc.com\/wp-content\/themes\/plg-pllc-redesign\/assets\/app\/img\/cta-thumb.png\" alt=\"Grupo de abogados Premier\" title=\"Grupo de abogados Premier\" width=\"245\" height=\"220\" loading=\"auto\" fetchpriority=\"auto\" decoding=\"async\"\/>\n        <\/picture>\n        \n        <\/div>","protected":false},"excerpt":{"rendered":"<p>A muchas personas les intimida la perspectiva de contratar a un abogado para su reclamaci\u00f3n por accidente de tr\u00e1fico, porque no tienen ni idea de qu\u00e9 esperar. A continuaci\u00f3n, se incluye un breve resumen de lo que un abogado de lesiones personales puede hacer por usted y c\u00f3mo lo har\u00e1. Si ha resultado herido en un accidente de tr\u00e1fico, \u2026<\/p>","protected":false},"author":2,"featured_media":0,"parent":20714,"menu_order":92,"comment_status":"closed","ping_status":"closed","template":"","meta":{"_acf_changed":false,"_genesis_hide_title":false,"_genesis_hide_breadcrumbs":false,"_genesis_hide_singular_image":false,"_genesis_hide_footer_widgets":false,"_genesis_custom_body_class":"","_genesis_custom_post_class":"","_genesis_layout":"","footnotes":""},"hc_faqs":[10344],"class_list":{"0":"post-4731","1":"page","2":"type-page","3":"status-publish","5":"hc_faqs-car-accident","6":"entry"},"acf":[],"yoast_head":"<!-- This site is optimized with the Yoast SEO plugin v27.4 - https:\/\/yoast.com\/product\/yoast-seo-wordpress\/ -->\n<title>How A Personal Injury Attorney Can Help You | Seattle Car Accident Attorney<\/title>\n<meta name=\"description\" content=\"How A Personal Injury Attorney Can Help You | Seattle Car Accident Attorney: Premier Law Group helps you unlock the full compensation you deserve. No Fee Unless We Win.\" \/>\n<meta name=\"robots\" content=\"index, follow, max-snippet:-1, max-image-preview:large, max-video-preview:-1\" \/>\n<link rel=\"canonical\" href=\"https:\/\/plg-pllc.com\/es\/faqs\/how-a-personal-injury-attorney-can-help-you-seattle-car-accident-attorney\/\" \/>\n<meta property=\"og:locale\" content=\"es_MX\" \/>\n<meta property=\"og:type\" content=\"article\" \/>\n<meta property=\"og:title\" content=\"How A Personal Injury Attorney Can Help You | Seattle Car Accident Attorney\" \/>\n<meta property=\"og:description\" content=\"How A Personal Injury Attorney Can Help You | Seattle Car Accident Attorney: Premier Law Group helps you unlock the full compensation you deserve. No Fee Unless We Win.\" \/>\n<meta property=\"og:url\" content=\"https:\/\/plg-pllc.com\/es\/faqs\/how-a-personal-injury-attorney-can-help-you-seattle-car-accident-attorney\/\" \/>\n<meta property=\"og:site_name\" content=\"Premier Law Group\" \/>\n<meta property=\"article:publisher\" content=\"https:\/\/www.facebook.com\/premierlawgroup\" \/>\n<meta property=\"article:modified_time\" content=\"2024-10-15T06:53:28+00:00\" \/>\n<meta name=\"twitter:card\" content=\"summary_large_image\" \/>\n<meta name=\"twitter:site\" content=\"@premierlawgroup\" \/>\n<meta name=\"twitter:label1\" content=\"Tiempo de lectura\" \/>\n\t<meta name=\"twitter:data1\" content=\"3 minutos\" \/>\n<script type=\"application\/ld+json\" class=\"yoast-schema-graph\">{\"@context\":\"https:\\\/\\\/schema.org\",\"@graph\":[{\"@type\":\"WebPage\",\"@id\":\"https:\\\/\\\/plg-pllc.com\\\/faqs\\\/how-a-personal-injury-attorney-can-help-you-seattle-car-accident-attorney\\\/\",\"url\":\"https:\\\/\\\/plg-pllc.com\\\/faqs\\\/how-a-personal-injury-attorney-can-help-you-seattle-car-accident-attorney\\\/\",\"name\":\"How A Personal Injury Attorney Can Help You | Seattle Car Accident Attorney\",\"isPartOf\":{\"@id\":\"https:\\\/\\\/plg-pllc.com\\\/#website\"},\"datePublished\":\"2011-06-08T16:42:43+00:00\",\"dateModified\":\"2024-10-15T06:53:28+00:00\",\"description\":\"How A Personal Injury Attorney Can Help You | Seattle Car Accident Attorney: Premier Law Group helps you unlock the full compensation you deserve. No Fee Unless We Win.\",\"breadcrumb\":{\"@id\":\"https:\\\/\\\/plg-pllc.com\\\/faqs\\\/how-a-personal-injury-attorney-can-help-you-seattle-car-accident-attorney\\\/#breadcrumb\"},\"inLanguage\":\"es\",\"potentialAction\":[{\"@type\":\"ReadAction\",\"target\":[\"https:\\\/\\\/plg-pllc.com\\\/faqs\\\/how-a-personal-injury-attorney-can-help-you-seattle-car-accident-attorney\\\/\"]}]},{\"@type\":\"BreadcrumbList\",\"@id\":\"https:\\\/\\\/plg-pllc.com\\\/faqs\\\/how-a-personal-injury-attorney-can-help-you-seattle-car-accident-attorney\\\/#breadcrumb\",\"itemListElement\":[{\"@type\":\"ListItem\",\"position\":1,\"name\":\"Home\",\"item\":\"https:\\\/\\\/plg-pllc.com\\\/es\\\/\"},{\"@type\":\"ListItem\",\"position\":2,\"name\":\"FAQs\",\"item\":\"https:\\\/\\\/plg-pllc.com\\\/es\\\/faqs\\\/\"},{\"@type\":\"ListItem\",\"position\":3,\"name\":\"How A Personal Injury Attorney Can Help You | Seattle Car Accident Attorney\"}]},{\"@type\":\"WebSite\",\"@id\":\"https:\\\/\\\/plg-pllc.com\\\/#website\",\"url\":\"https:\\\/\\\/plg-pllc.com\\\/\",\"name\":\"Premier Law Group\",\"description\":\"Washington Wrongful Death and Serious Injury Lawyer\",\"publisher\":{\"@id\":\"https:\\\/\\\/plg-pllc.com\\\/#organization\"},\"inLanguage\":\"es\"},{\"@type\":\"Organization\",\"@id\":\"https:\\\/\\\/plg-pllc.com\\\/#organization\",\"name\":\"Premier Law Group\",\"url\":\"https:\\\/\\\/plg-pllc.com\\\/\",\"logo\":{\"@type\":\"ImageObject\",\"inLanguage\":\"es\",\"@id\":\"https:\\\/\\\/plg-pllc.com\\\/#\\\/schema\\\/logo\\\/image\\\/\",\"url\":\"https:\\\/\\\/plg-pllc.com\\\/wp-content\\\/uploads\\\/2020\\\/10\\\/plg-logo-v2.gif\",\"contentUrl\":\"https:\\\/\\\/plg-pllc.com\\\/wp-content\\\/uploads\\\/2020\\\/10\\\/plg-logo-v2.gif\",\"width\":592,\"height\":191,\"caption\":\"Premier Law Group\"},\"image\":{\"@id\":\"https:\\\/\\\/plg-pllc.com\\\/#\\\/schema\\\/logo\\\/image\\\/\"},\"sameAs\":[\"https:\\\/\\\/www.facebook.com\\\/premierlawgroup\",\"https:\\\/\\\/x.com\\\/premierlawgroup\"]}]}<\/script>\n<!-- \/ Yoast SEO plugin. -->","yoast_head_json":{"title":"C\u00f3mo puede ayudarle un abogado especializado en lesiones personales | Abogado de accidentes automovil\u00edsticos en Seattle","description":"C\u00f3mo puede ayudarle un abogado especializado en lesiones personales | Abogado de accidentes de tr\u00e1fico en Seattle: Premier Law Group le ayuda a conseguir la indemnizaci\u00f3n total que merece. Sin honorarios a menos que ganemos.","robots":{"index":"index","follow":"follow","max-snippet":"max-snippet:-1","max-image-preview":"max-image-preview:large","max-video-preview":"max-video-preview:-1"},"canonical":"https:\/\/plg-pllc.com\/es\/faqs\/how-a-personal-injury-attorney-can-help-you-seattle-car-accident-attorney\/","og_locale":"es_MX","og_type":"article","og_title":"How A Personal Injury Attorney Can Help You | Seattle Car Accident Attorney","og_description":"How A Personal Injury Attorney Can Help You | Seattle Car Accident Attorney: Premier Law Group helps you unlock the full compensation you deserve. No Fee Unless We Win.","og_url":"https:\/\/plg-pllc.com\/es\/faqs\/how-a-personal-injury-attorney-can-help-you-seattle-car-accident-attorney\/","og_site_name":"Premier Law Group","article_publisher":"https:\/\/www.facebook.com\/premierlawgroup","article_modified_time":"2024-10-15T06:53:28+00:00","twitter_card":"summary_large_image","twitter_site":"@premierlawgroup","twitter_misc":{"Tiempo de lectura":"3 minutos"},"schema":{"@context":"https:\/\/schema.org","@graph":[{"@type":"WebPage","@id":"https:\/\/plg-pllc.com\/faqs\/how-a-personal-injury-attorney-can-help-you-seattle-car-accident-attorney\/","url":"https:\/\/plg-pllc.com\/faqs\/how-a-personal-injury-attorney-can-help-you-seattle-car-accident-attorney\/","name":"C\u00f3mo puede ayudarle un abogado especializado en lesiones personales | Abogado de accidentes automovil\u00edsticos en Seattle","isPartOf":{"@id":"https:\/\/plg-pllc.com\/#website"},"datePublished":"2011-06-08T16:42:43+00:00","dateModified":"2024-10-15T06:53:28+00:00","description":"C\u00f3mo puede ayudarle un abogado especializado en lesiones personales | Abogado de accidentes de tr\u00e1fico en Seattle: Premier Law Group le ayuda a conseguir la indemnizaci\u00f3n total que merece. Sin honorarios a menos que ganemos.","breadcrumb":{"@id":"https:\/\/plg-pllc.com\/faqs\/how-a-personal-injury-attorney-can-help-you-seattle-car-accident-attorney\/#breadcrumb"},"inLanguage":"es","potentialAction":[{"@type":"ReadAction","target":["https:\/\/plg-pllc.com\/faqs\/how-a-personal-injury-attorney-can-help-you-seattle-car-accident-attorney\/"]}]},{"@type":"BreadcrumbList","@id":"https:\/\/plg-pllc.com\/faqs\/how-a-personal-injury-attorney-can-help-you-seattle-car-accident-attorney\/#breadcrumb","itemListElement":[{"@type":"ListItem","position":1,"name":"Home","item":"https:\/\/plg-pllc.com\/es\/"},{"@type":"ListItem","position":2,"name":"FAQs","item":"https:\/\/plg-pllc.com\/es\/faqs\/"},{"@type":"ListItem","position":3,"name":"How A Personal Injury Attorney Can Help You | Seattle Car Accident Attorney"}]},{"@type":"WebSite","@id":"https:\/\/plg-pllc.com\/#website","url":"https:\/\/plg-pllc.com\/","name":"Grupo de abogados Premier","description":"Abogado de muerte por negligencia y lesiones graves en Washington","publisher":{"@id":"https:\/\/plg-pllc.com\/#organization"},"inLanguage":"es"},{"@type":"Organization","@id":"https:\/\/plg-pllc.com\/#organization","name":"Grupo de abogados Premier","url":"https:\/\/plg-pllc.com\/","logo":{"@type":"ImageObject","inLanguage":"es","@id":"https:\/\/plg-pllc.com\/#\/schema\/logo\/image\/","url":"https:\/\/plg-pllc.com\/wp-content\/uploads\/2020\/10\/plg-logo-v2.gif","contentUrl":"https:\/\/plg-pllc.com\/wp-content\/uploads\/2020\/10\/plg-logo-v2.gif","width":592,"height":191,"caption":"Premier Law Group"},"image":{"@id":"https:\/\/plg-pllc.com\/#\/schema\/logo\/image\/"},"sameAs":["https:\/\/www.facebook.com\/premierlawgroup","https:\/\/x.com\/premierlawgroup"]}]}},"_links":{"self":[{"href":"https:\/\/plg-pllc.com\/es\/wp-json\/wp\/v2\/pages\/4731","targetHints":{"allow":["GET"]}}],"collection":[{"href":"https:\/\/plg-pllc.com\/es\/wp-json\/wp\/v2\/pages"}],"about":[{"href":"https:\/\/plg-pllc.com\/es\/wp-json\/wp\/v2\/types\/page"}],"author":[{"embeddable":true,"href":"https:\/\/plg-pllc.com\/es\/wp-json\/wp\/v2\/users\/2"}],"replies":[{"embeddable":true,"href":"https:\/\/plg-pllc.com\/es\/wp-json\/wp\/v2\/comments?post=4731"}],"version-history":[{"count":0,"href":"https:\/\/plg-pllc.com\/es\/wp-json\/wp\/v2\/pages\/4731\/revisions"}],"up":[{"embeddable":true,"href":"https:\/\/plg-pllc.com\/es\/wp-json\/wp\/v2\/pages\/20714"}],"wp:attachment":[{"href":"https:\/\/plg-pllc.com\/es\/wp-json\/wp\/v2\/media?parent=4731"}],"wp:term":[{"taxonomy":"hc_faqs","embeddable":true,"href":"https:\/\/plg-pllc.com\/es\/wp-json\/wp\/v2\/hc_faqs?post=4731"}],"curies":[{"name":"gracias","href":"https:\/\/api.w.org\/{rel}","templated":true}]}}