{"id":5189,"date":"2011-08-04T14:26:17","date_gmt":"2011-08-04T21:26:17","guid":{"rendered":"https:\/\/plg-pllc.com\/?p=5189"},"modified":"2024-10-15T19:07:07","modified_gmt":"2024-10-16T02:07:07","slug":"why-you-need-a-police-report-seattle-motorcycle-accident-lawyer","status":"publish","type":"page","link":"https:\/\/plg-pllc.com\/es\/faqs\/why-you-need-a-police-report-seattle-motorcycle-accident-lawyer\/","title":{"rendered":"\u00bfPor qu\u00e9 necesita un informe policial?"},"content":{"rendered":"<h2><strong>Por qu\u00e9 es importante el informe policial en su accidente de motocicleta en Seattle<\/strong><\/h2>\n<p>Si la polic\u00eda vino a ayudarlo despu\u00e9s de su accidente de motocicleta, probablemente haya completado un informe del accidente. Este informe puede ser una prueba importante que su abogado de accidentes de motocicleta de Seattle querr\u00e1 obtener, por lo que debe asegurarse de informarle sobre ello durante su primera reuni\u00f3n.<\/p>\n<p><a href=\"https:\/\/wsp.wa.gov\/\">Informes policiales<\/a> Los jurados consideran que los informes policiales son fuentes de pruebas extremadamente fiables. Es evidente que usted tiene un inter\u00e9s personal en persuadir al jurado sobre su versi\u00f3n de los hechos, al igual que la persona que caus\u00f3 su accidente, pero la polic\u00eda no tiene nada que ganar en un sentido u otro. En realidad, los informes policiales a menudo contienen errores, pero el mero hecho de que hayan sido preparados por alguien m\u00e1s o menos desinteresado en el resultado del caso har\u00e1 que el jurado los valore mucho.<\/p>\n<p>Incluso si el oficial de polic\u00eda tiene poco que agregar a su caso en t\u00e9rminos f\u00e1cticos, su abogado de accidentes de motocicleta de Seattle puede considerar llamarlo como primer testigo para preparar el escenario para el juicio. Como m\u00ednimo, el oficial puede confirmar la hora, la fecha y el lugar del accidente. Los informes policiales con frecuencia contienen parte o toda la siguiente informaci\u00f3n:<\/p>\n<p>\u2013 \u00bfQui\u00e9n era el conductor que le atropell\u00f3?<\/p>\n<p>\u2013 \u00bfQui\u00e9n era el propietario del veh\u00edculo que lo choc\u00f3?<\/p>\n<p>\u2013 \u00bfC\u00f3mo estaba el clima en el momento del accidente?<\/p>\n<p>\u2013 \u00bfHubo testigos? \u00bfCu\u00e1les son sus nombres y direcciones?<\/p>\n<p>\u2013 \u00bfCu\u00e1l es la causa aparente del accidente?<\/p>\n<p>\u2013 \u00bfUsted, el otro conductor o alg\u00fan pasajero sufrieron alguna lesi\u00f3n?<\/p>\n<p>\u2013 \u00bfEl oficial le realiz\u00f3 a usted o al otro conductor una prueba para detectar consumo de alcohol o drogas?<\/p>\n<p>Si a\u00fan no est\u00e1 representado por un abogado de accidentes de motocicleta en Seattle, comun\u00edquese con <a href=\"https:\/\/plg-pllc.com\/\">Grupo de abogados Premier<\/a> al 206-285-1743 para una evaluaci\u00f3n gratuita de su caso.<\/p>\n\n        <div class=\"rs-content-cta\">\n            <p>Llamar o enviar mensaje de texto <a href=\"tel:+12062851743\">(206) 285-1743<\/a> o complete un formulario de evaluaci\u00f3n de caso gratuito<\/p>\n            <a href=\"https:\/\/plg-pllc.com\/es\/contact-us\/\" title=\"OBTENGA UNA EVALUACI\u00d3N DE CASO GRATUITA\" class=\"btn-global\">OBTENGA UNA EVALUACI\u00d3N DE CASO GRATUITA<\/a>\n                    <picture>\n                            <source srcset=\"https:\/\/plg-pllc.com\/wp-content\/themes\/plg-pllc-redesign\/assets\/app\/img\/cta-thumb.webp\" type=\"image\/webp\"\/>\n                            <img src=\"https:\/\/plg-pllc.com\/wp-content\/themes\/plg-pllc-redesign\/assets\/app\/img\/cta-thumb.png\" alt=\"Grupo de abogados Premier\" title=\"Grupo de abogados Premier\" width=\"245\" height=\"220\" loading=\"auto\" fetchpriority=\"auto\" decoding=\"async\"\/>\n        <\/picture>\n        \n        <\/div>","protected":false},"excerpt":{"rendered":"<p>Por qu\u00e9 es importante el informe policial en su accidente de motocicleta en Seattle Si la polic\u00eda vino a ayudarlo despu\u00e9s de su accidente de motocicleta, probablemente haya completado un informe del accidente. Este informe puede ser una pieza importante de evidencia que su abogado de accidentes de motocicleta de Seattle querr\u00e1 obtener, por lo que debe asegurarse de que \u2026<\/p>","protected":false},"author":2,"featured_media":0,"parent":20714,"menu_order":0,"comment_status":"closed","ping_status":"closed","template":"","meta":{"_acf_changed":false,"_genesis_hide_title":false,"_genesis_hide_breadcrumbs":false,"_genesis_hide_singular_image":false,"_genesis_hide_footer_widgets":false,"_genesis_custom_body_class":"","_genesis_custom_post_class":"","_genesis_layout":"","footnotes":""},"hc_faqs":[10366],"class_list":{"0":"post-5189","1":"page","2":"type-page","3":"status-publish","5":"hc_faqs-motorcycle-accident","6":"entry"},"acf":[],"yoast_head":"<!-- This site is optimized with the Yoast SEO plugin v27.2 - https:\/\/yoast.com\/product\/yoast-seo-wordpress\/ -->\n<title>Why You Need a Police Report? Premier Law Group<\/title>\n<meta name=\"description\" content=\"Why the Police Report Is Important in Your Seattle Motorcycle Accident If the police came to assist you after your motorcycle crash, they probably filled.\" \/>\n<meta name=\"robots\" content=\"index, follow, max-snippet:-1, max-image-preview:large, max-video-preview:-1\" \/>\n<link rel=\"canonical\" href=\"https:\/\/plg-pllc.com\/es\/faqs\/why-you-need-a-police-report-seattle-motorcycle-accident-lawyer\/\" \/>\n<meta property=\"og:locale\" content=\"es_MX\" \/>\n<meta property=\"og:type\" content=\"article\" \/>\n<meta property=\"og:title\" content=\"Why You Need a Police Report? Premier Law Group\" \/>\n<meta property=\"og:description\" content=\"Why the Police Report Is Important in Your Seattle Motorcycle Accident If the police came to assist you after your motorcycle crash, they probably filled.\" \/>\n<meta property=\"og:url\" content=\"https:\/\/plg-pllc.com\/es\/faqs\/why-you-need-a-police-report-seattle-motorcycle-accident-lawyer\/\" \/>\n<meta property=\"og:site_name\" content=\"Premier Law Group\" \/>\n<meta property=\"article:publisher\" content=\"https:\/\/www.facebook.com\/premierlawgroup\" \/>\n<meta property=\"article:modified_time\" content=\"2024-10-16T02:07:07+00:00\" \/>\n<meta name=\"twitter:card\" content=\"summary_large_image\" \/>\n<meta name=\"twitter:site\" content=\"@premierlawgroup\" \/>\n<meta name=\"twitter:label1\" content=\"Tiempo de lectura\" \/>\n\t<meta name=\"twitter:data1\" content=\"2 minutos\" \/>\n<script type=\"application\/ld+json\" class=\"yoast-schema-graph\">{\"@context\":\"https:\/\/schema.org\",\"@graph\":[{\"@type\":\"WebPage\",\"@id\":\"https:\/\/plg-pllc.com\/faqs\/why-you-need-a-police-report-seattle-motorcycle-accident-lawyer\/\",\"url\":\"https:\/\/plg-pllc.com\/faqs\/why-you-need-a-police-report-seattle-motorcycle-accident-lawyer\/\",\"name\":\"Why You Need a Police Report? Premier Law Group\",\"isPartOf\":{\"@id\":\"https:\/\/plg-pllc.com\/#website\"},\"datePublished\":\"2011-08-04T21:26:17+00:00\",\"dateModified\":\"2024-10-16T02:07:07+00:00\",\"description\":\"Why the Police Report Is Important in Your Seattle Motorcycle Accident If the police came to assist you after your motorcycle crash, they probably filled.\",\"breadcrumb\":{\"@id\":\"https:\/\/plg-pllc.com\/faqs\/why-you-need-a-police-report-seattle-motorcycle-accident-lawyer\/#breadcrumb\"},\"inLanguage\":\"es\",\"potentialAction\":[{\"@type\":\"ReadAction\",\"target\":[\"https:\/\/plg-pllc.com\/faqs\/why-you-need-a-police-report-seattle-motorcycle-accident-lawyer\/\"]}]},{\"@type\":\"BreadcrumbList\",\"@id\":\"https:\/\/plg-pllc.com\/faqs\/why-you-need-a-police-report-seattle-motorcycle-accident-lawyer\/#breadcrumb\",\"itemListElement\":[{\"@type\":\"ListItem\",\"position\":1,\"name\":\"Home\",\"item\":\"https:\/\/plg-pllc.com\/es\/\"},{\"@type\":\"ListItem\",\"position\":2,\"name\":\"FAQs\",\"item\":\"https:\/\/plg-pllc.com\/es\/faqs\/\"},{\"@type\":\"ListItem\",\"position\":3,\"name\":\"Why You Need a Police Report?\"}]},{\"@type\":\"WebSite\",\"@id\":\"https:\/\/plg-pllc.com\/#website\",\"url\":\"https:\/\/plg-pllc.com\/\",\"name\":\"Premier Law Group\",\"description\":\"Washington Wrongful Death and Serious Injury Lawyer\",\"publisher\":{\"@id\":\"https:\/\/plg-pllc.com\/#organization\"},\"inLanguage\":\"es\"},{\"@type\":\"Organization\",\"@id\":\"https:\/\/plg-pllc.com\/#organization\",\"name\":\"Premier Law Group\",\"url\":\"https:\/\/plg-pllc.com\/\",\"logo\":{\"@type\":\"ImageObject\",\"inLanguage\":\"es\",\"@id\":\"https:\/\/plg-pllc.com\/#\/schema\/logo\/image\/\",\"url\":\"https:\/\/plg-pllc.com\/wp-content\/uploads\/2020\/10\/plg-logo-v2.gif\",\"contentUrl\":\"https:\/\/plg-pllc.com\/wp-content\/uploads\/2020\/10\/plg-logo-v2.gif\",\"width\":592,\"height\":191,\"caption\":\"Premier Law Group\"},\"image\":{\"@id\":\"https:\/\/plg-pllc.com\/#\/schema\/logo\/image\/\"},\"sameAs\":[\"https:\/\/www.facebook.com\/premierlawgroup\",\"https:\/\/x.com\/premierlawgroup\"]}]}<\/script>\n<!-- \/ Yoast SEO plugin. -->","yoast_head_json":{"title":"\u00bfPor qu\u00e9 necesita un informe policial? Premier Law Group","description":"Por qu\u00e9 es importante el informe policial en su accidente de motocicleta en Seattle Si la polic\u00eda vino a ayudarlo despu\u00e9s de su accidente de motocicleta, probablemente se llenaron.","robots":{"index":"index","follow":"follow","max-snippet":"max-snippet:-1","max-image-preview":"max-image-preview:large","max-video-preview":"max-video-preview:-1"},"canonical":"https:\/\/plg-pllc.com\/es\/faqs\/why-you-need-a-police-report-seattle-motorcycle-accident-lawyer\/","og_locale":"es_MX","og_type":"article","og_title":"Why You Need a Police Report? Premier Law Group","og_description":"Why the Police Report Is Important in Your Seattle Motorcycle Accident If the police came to assist you after your motorcycle crash, they probably filled.","og_url":"https:\/\/plg-pllc.com\/es\/faqs\/why-you-need-a-police-report-seattle-motorcycle-accident-lawyer\/","og_site_name":"Premier Law Group","article_publisher":"https:\/\/www.facebook.com\/premierlawgroup","article_modified_time":"2024-10-16T02:07:07+00:00","twitter_card":"summary_large_image","twitter_site":"@premierlawgroup","twitter_misc":{"Tiempo de lectura":"2 minutos"},"schema":{"@context":"https:\/\/schema.org","@graph":[{"@type":"WebPage","@id":"https:\/\/plg-pllc.com\/faqs\/why-you-need-a-police-report-seattle-motorcycle-accident-lawyer\/","url":"https:\/\/plg-pllc.com\/faqs\/why-you-need-a-police-report-seattle-motorcycle-accident-lawyer\/","name":"\u00bfPor qu\u00e9 necesita un informe policial? Premier Law Group","isPartOf":{"@id":"https:\/\/plg-pllc.com\/#website"},"datePublished":"2011-08-04T21:26:17+00:00","dateModified":"2024-10-16T02:07:07+00:00","description":"Por qu\u00e9 es importante el informe policial en su accidente de motocicleta en Seattle Si la polic\u00eda vino a ayudarlo despu\u00e9s de su accidente de motocicleta, probablemente se llenaron.","breadcrumb":{"@id":"https:\/\/plg-pllc.com\/faqs\/why-you-need-a-police-report-seattle-motorcycle-accident-lawyer\/#breadcrumb"},"inLanguage":"es","potentialAction":[{"@type":"ReadAction","target":["https:\/\/plg-pllc.com\/faqs\/why-you-need-a-police-report-seattle-motorcycle-accident-lawyer\/"]}]},{"@type":"BreadcrumbList","@id":"https:\/\/plg-pllc.com\/faqs\/why-you-need-a-police-report-seattle-motorcycle-accident-lawyer\/#breadcrumb","itemListElement":[{"@type":"ListItem","position":1,"name":"Home","item":"https:\/\/plg-pllc.com\/es\/"},{"@type":"ListItem","position":2,"name":"FAQs","item":"https:\/\/plg-pllc.com\/es\/faqs\/"},{"@type":"ListItem","position":3,"name":"Why You Need a Police Report?"}]},{"@type":"WebSite","@id":"https:\/\/plg-pllc.com\/#website","url":"https:\/\/plg-pllc.com\/","name":"Grupo de abogados Premier","description":"Abogado de muerte por negligencia y lesiones graves en Washington","publisher":{"@id":"https:\/\/plg-pllc.com\/#organization"},"inLanguage":"es"},{"@type":"Organization","@id":"https:\/\/plg-pllc.com\/#organization","name":"Grupo de abogados Premier","url":"https:\/\/plg-pllc.com\/","logo":{"@type":"ImageObject","inLanguage":"es","@id":"https:\/\/plg-pllc.com\/#\/schema\/logo\/image\/","url":"https:\/\/plg-pllc.com\/wp-content\/uploads\/2020\/10\/plg-logo-v2.gif","contentUrl":"https:\/\/plg-pllc.com\/wp-content\/uploads\/2020\/10\/plg-logo-v2.gif","width":592,"height":191,"caption":"Premier Law Group"},"image":{"@id":"https:\/\/plg-pllc.com\/#\/schema\/logo\/image\/"},"sameAs":["https:\/\/www.facebook.com\/premierlawgroup","https:\/\/x.com\/premierlawgroup"]}]}},"_links":{"self":[{"href":"https:\/\/plg-pllc.com\/es\/wp-json\/wp\/v2\/pages\/5189","targetHints":{"allow":["GET"]}}],"collection":[{"href":"https:\/\/plg-pllc.com\/es\/wp-json\/wp\/v2\/pages"}],"about":[{"href":"https:\/\/plg-pllc.com\/es\/wp-json\/wp\/v2\/types\/page"}],"author":[{"embeddable":true,"href":"https:\/\/plg-pllc.com\/es\/wp-json\/wp\/v2\/users\/2"}],"replies":[{"embeddable":true,"href":"https:\/\/plg-pllc.com\/es\/wp-json\/wp\/v2\/comments?post=5189"}],"version-history":[{"count":0,"href":"https:\/\/plg-pllc.com\/es\/wp-json\/wp\/v2\/pages\/5189\/revisions"}],"up":[{"embeddable":true,"href":"https:\/\/plg-pllc.com\/es\/wp-json\/wp\/v2\/pages\/20714"}],"wp:attachment":[{"href":"https:\/\/plg-pllc.com\/es\/wp-json\/wp\/v2\/media?parent=5189"}],"wp:term":[{"taxonomy":"hc_faqs","embeddable":true,"href":"https:\/\/plg-pllc.com\/es\/wp-json\/wp\/v2\/hc_faqs?post=5189"}],"curies":[{"name":"gracias","href":"https:\/\/api.w.org\/{rel}","templated":true}]}}