{"id":5215,"date":"2011-08-10T15:17:53","date_gmt":"2011-08-10T22:17:53","guid":{"rendered":"https:\/\/plg-pllc.com\/?page_id=5215"},"modified":"2024-10-10T14:52:16","modified_gmt":"2024-10-10T21:52:16","slug":"wait-dont-sign-anything-yet","status":"publish","type":"page","link":"https:\/\/plg-pllc.com\/es\/faqs\/wait-dont-sign-anything-yet-from-insurance-adjuster\/","title":{"rendered":"\u00a1Espere! No firme nada del perito"},"content":{"rendered":"<h2>\u00a1Espera! No firmes nada del perito de seguros.<\/h2>\n<p><iframe loading=\"lazy\" src=\"\/\/fast.wistia.net\/embed\/iframe\/ssfn50fi4m\" name=\"wistia_embed\" width=\"740\" height=\"416\" frameborder=\"0\" scrolling=\"no\" allowfullscreen=\"allowfullscreen\"><\/iframe><\/p>\n<p>Si sufri\u00f3 lesiones en un accidente automovil\u00edstico en Seattle, es posible que el perito de seguros de la otra parte le pida que firme un formulario de autorizaci\u00f3n m\u00e9dica. El perito puede hacer que esto parezca un formulario rutinario e inofensivo.<strong> Pero siempre debes tener cuidado con lo que la compa\u00f1\u00eda de seguros quiere que hagas.<\/strong>, y las posibles consecuencias de firmar este formulario lo ilustran perfectamente.<\/p>\n<p>Preste mucha atenci\u00f3n al lenguaje del formulario de autorizaci\u00f3n m\u00e9dica. \u00bfEl formulario otorga a la compa\u00f1\u00eda de seguros acceso \u00fanicamente a la informaci\u00f3n m\u00e9dica relacionada con su reclamo? \u00bfCu\u00e1ndo, si alguna vez, vence el acceso de la compa\u00f1\u00eda de seguros a su informaci\u00f3n?<\/p>\n<p>A menudo, estos formularios m\u00e9dicos pueden dar a la compa\u00f1\u00eda de seguros acceso sin restricciones a su historial m\u00e9dico. Adem\u00e1s de ser un problema de privacidad, esto puede perjudicar su reclamaci\u00f3n: la compa\u00f1\u00eda de seguros puede buscar en su historial m\u00e9dico cosas que puedan convertir en explicaciones alternativas para sus s\u00edntomas. Por ejemplo, la compa\u00f1\u00eda de seguros puede intentar afirmar que una visita al m\u00e9dico por dolor de espalda un a\u00f1o antes de su accidente sugiere que su dolor es cr\u00f3nico y, por lo tanto, el demandado no es responsable de sus lesiones.<\/p>\n<p>Adem\u00e1s, debe tener cuidado con los intentos de presionarlo para que firme el formulario sin hacerle esas preguntas. El perito de seguros podr\u00eda afirmar que usted est\u00e1 legalmente obligado a cooperar para presentar una reclamaci\u00f3n, pero esto es falso. La \u201ccl\u00e1usula de cooperaci\u00f3n\u201d a la que se refieren los peritos de seguros solo se aplica al asegurado. Como reclamante, usted no est\u00e1 obligado a firmar ning\u00fan formulario de este tipo para reclamar da\u00f1os y perjuicios.<\/p>\n<p>Ni\u00e9gate a firmar nada que d\u00e9 a la compa\u00f1\u00eda de seguros acceso total a tu historial m\u00e9dico. Si es posible, intenta que el acceso de la compa\u00f1\u00eda de seguros se limite \u00fanicamente a los documentos que se relacionen expl\u00edcitamente con tu reclamaci\u00f3n, y que caduque una vez que se complete la reclamaci\u00f3n. Lo m\u00e1s importante que debes recordar es que la compa\u00f1\u00eda de seguros siempre antepone sus propios intereses a los tuyos. Si alguna compa\u00f1\u00eda de seguros, incluso la tuya, puede encontrar una forma de pagarte menos de lo que mereces, la aceptar\u00e1.<\/p>\n<h2>Nuestro libro gratuito es su arma secreta en su lucha contra la compa\u00f1\u00eda de seguros.<\/h2>\n<p>Necesita un defensor en su lucha contra las grandes corporaciones. \u00c1rmese con el conocimiento del abogado de Premier Law Group, Jason Epstein, un abogado de lesiones personales de Seattle con a\u00f1os de experiencia en el campo. <em><a href=\"https:\/\/plg-pllc.com\/books\/truth-about-washington-auto-accidents\/\">La verdad sobre los accidentes automovil\u00edsticos en Washington<\/a><\/em> est\u00e1 disponible GRATIS para los residentes del estado de Washington. Ya sea que usted o un miembro de su familia hayan resultado heridos o simplemente desee aprender c\u00f3mo prepararse mejor y proteger los bienes de su familia en caso de un accidente, este libro de f\u00e1cil lectura contiene una gran cantidad de conocimientos sobre reclamos por accidentes automovil\u00edsticos. <a href=\"https:\/\/plg-pllc.com\/books\/truth-about-washington-auto-accidents\/\">Pide tu copia ahora en nuestro sitio web.<\/a><\/p>\n\n        <div class=\"rs-content-cta\">\n            <p>Llamar o enviar mensaje de texto <a href=\"tel:+12062851743\">(206) 285-1743<\/a> o complete un formulario de evaluaci\u00f3n de caso gratuito<\/p>\n            <a href=\"https:\/\/plg-pllc.com\/es\/contact-us\/\" title=\"OBTENGA UNA EVALUACI\u00d3N DE CASO GRATUITA\" class=\"btn-global\">OBTENGA UNA EVALUACI\u00d3N DE CASO GRATUITA<\/a>\n                    <picture>\n                            <source srcset=\"https:\/\/plg-pllc.com\/wp-content\/themes\/plg-pllc-redesign\/assets\/app\/img\/cta-thumb.webp\" type=\"image\/webp\"\/>\n                            <img src=\"https:\/\/plg-pllc.com\/wp-content\/themes\/plg-pllc-redesign\/assets\/app\/img\/cta-thumb.png\" alt=\"Grupo de abogados Premier\" title=\"Grupo de abogados Premier\" width=\"245\" height=\"220\" loading=\"auto\" fetchpriority=\"auto\" decoding=\"async\"\/>\n        <\/picture>\n        \n        <\/div>","protected":false},"excerpt":{"rendered":"<p>\u00a1Espere! No firme nada del perito de seguros Si result\u00f3 herido en un accidente automovil\u00edstico en Seattle, es posible que el perito de seguros de la otra parte le pida que firme un formulario de autorizaci\u00f3n m\u00e9dica. El perito puede hacer que esto parezca un formulario rutinario e inofensivo. Pero siempre debe tener cuidado con lo que dice la compa\u00f1\u00eda de seguros...<\/p>","protected":false},"author":2,"featured_media":0,"parent":20714,"menu_order":95,"comment_status":"closed","ping_status":"closed","template":"","meta":{"_acf_changed":false,"_genesis_hide_title":false,"_genesis_hide_breadcrumbs":false,"_genesis_hide_singular_image":false,"_genesis_hide_footer_widgets":false,"_genesis_custom_body_class":"","_genesis_custom_post_class":"","_genesis_layout":"","footnotes":""},"hc_faqs":[10365],"class_list":{"0":"post-5215","1":"page","2":"type-page","3":"status-publish","5":"hc_faqs-insurance-claims","6":"entry"},"acf":[],"yoast_head":"<!-- This site is optimized with the Yoast SEO plugin v27.4 - https:\/\/yoast.com\/product\/yoast-seo-wordpress\/ -->\n<title>Wait! Don\u2019t Sign Anything From the Adjuster<\/title>\n<meta name=\"description\" content=\"Wait! Don\u2019t Sign Anything From the Adjuster: Premier Law Group helps you unlock the full compensation you deserve. No Fee Unless We Win.\" \/>\n<meta name=\"robots\" content=\"index, follow, max-snippet:-1, max-image-preview:large, max-video-preview:-1\" \/>\n<link rel=\"canonical\" href=\"https:\/\/plg-pllc.com\/es\/faqs\/wait-dont-sign-anything-yet-from-insurance-adjuster\/\" \/>\n<meta property=\"og:locale\" content=\"es_MX\" \/>\n<meta property=\"og:type\" content=\"article\" \/>\n<meta property=\"og:title\" content=\"Wait! Don\u2019t Sign Anything From the Adjuster\" \/>\n<meta property=\"og:description\" content=\"Wait! Don\u2019t Sign Anything From the Adjuster: Premier Law Group helps you unlock the full compensation you deserve. No Fee Unless We Win.\" \/>\n<meta property=\"og:url\" content=\"https:\/\/plg-pllc.com\/es\/faqs\/wait-dont-sign-anything-yet-from-insurance-adjuster\/\" \/>\n<meta property=\"og:site_name\" content=\"Premier Law Group\" \/>\n<meta property=\"article:publisher\" content=\"https:\/\/www.facebook.com\/premierlawgroup\" \/>\n<meta property=\"article:modified_time\" content=\"2024-10-10T21:52:16+00:00\" \/>\n<meta name=\"twitter:card\" content=\"summary_large_image\" \/>\n<meta name=\"twitter:site\" content=\"@premierlawgroup\" \/>\n<meta name=\"twitter:label1\" content=\"Tiempo de lectura\" \/>\n\t<meta name=\"twitter:data1\" content=\"3 minutos\" \/>\n<script type=\"application\/ld+json\" class=\"yoast-schema-graph\">{\"@context\":\"https:\\\/\\\/schema.org\",\"@graph\":[{\"@type\":\"WebPage\",\"@id\":\"https:\\\/\\\/plg-pllc.com\\\/faqs\\\/wait-dont-sign-anything-yet-from-insurance-adjuster\\\/\",\"url\":\"https:\\\/\\\/plg-pllc.com\\\/faqs\\\/wait-dont-sign-anything-yet-from-insurance-adjuster\\\/\",\"name\":\"Wait! Don\u2019t Sign Anything From the Adjuster\",\"isPartOf\":{\"@id\":\"https:\\\/\\\/plg-pllc.com\\\/#website\"},\"datePublished\":\"2011-08-10T22:17:53+00:00\",\"dateModified\":\"2024-10-10T21:52:16+00:00\",\"description\":\"Wait! Don\u2019t Sign Anything From the Adjuster: Premier Law Group helps you unlock the full compensation you deserve. No Fee Unless We Win.\",\"breadcrumb\":{\"@id\":\"https:\\\/\\\/plg-pllc.com\\\/faqs\\\/wait-dont-sign-anything-yet-from-insurance-adjuster\\\/#breadcrumb\"},\"inLanguage\":\"es\",\"potentialAction\":[{\"@type\":\"ReadAction\",\"target\":[\"https:\\\/\\\/plg-pllc.com\\\/faqs\\\/wait-dont-sign-anything-yet-from-insurance-adjuster\\\/\"]}]},{\"@type\":\"BreadcrumbList\",\"@id\":\"https:\\\/\\\/plg-pllc.com\\\/faqs\\\/wait-dont-sign-anything-yet-from-insurance-adjuster\\\/#breadcrumb\",\"itemListElement\":[{\"@type\":\"ListItem\",\"position\":1,\"name\":\"Home\",\"item\":\"https:\\\/\\\/plg-pllc.com\\\/es\\\/\"},{\"@type\":\"ListItem\",\"position\":2,\"name\":\"FAQs\",\"item\":\"https:\\\/\\\/plg-pllc.com\\\/es\\\/faqs\\\/\"},{\"@type\":\"ListItem\",\"position\":3,\"name\":\"Wait! Don\u2019t Sign Anything From the Adjuster\"}]},{\"@type\":\"WebSite\",\"@id\":\"https:\\\/\\\/plg-pllc.com\\\/#website\",\"url\":\"https:\\\/\\\/plg-pllc.com\\\/\",\"name\":\"Premier Law Group\",\"description\":\"Washington Wrongful Death and Serious Injury Lawyer\",\"publisher\":{\"@id\":\"https:\\\/\\\/plg-pllc.com\\\/#organization\"},\"inLanguage\":\"es\"},{\"@type\":\"Organization\",\"@id\":\"https:\\\/\\\/plg-pllc.com\\\/#organization\",\"name\":\"Premier Law Group\",\"url\":\"https:\\\/\\\/plg-pllc.com\\\/\",\"logo\":{\"@type\":\"ImageObject\",\"inLanguage\":\"es\",\"@id\":\"https:\\\/\\\/plg-pllc.com\\\/#\\\/schema\\\/logo\\\/image\\\/\",\"url\":\"https:\\\/\\\/plg-pllc.com\\\/wp-content\\\/uploads\\\/2020\\\/10\\\/plg-logo-v2.gif\",\"contentUrl\":\"https:\\\/\\\/plg-pllc.com\\\/wp-content\\\/uploads\\\/2020\\\/10\\\/plg-logo-v2.gif\",\"width\":592,\"height\":191,\"caption\":\"Premier Law Group\"},\"image\":{\"@id\":\"https:\\\/\\\/plg-pllc.com\\\/#\\\/schema\\\/logo\\\/image\\\/\"},\"sameAs\":[\"https:\\\/\\\/www.facebook.com\\\/premierlawgroup\",\"https:\\\/\\\/x.com\\\/premierlawgroup\"]}]}<\/script>\n<!-- \/ Yoast SEO plugin. -->","yoast_head_json":{"title":"\u00a1Espere! No firme nada del perito","description":"\u00a1Espere! No firme nada del ajustador: Premier Law Group lo ayuda a obtener la compensaci\u00f3n total que se merece. No le cobraremos nada a menos que ganemos.","robots":{"index":"index","follow":"follow","max-snippet":"max-snippet:-1","max-image-preview":"max-image-preview:large","max-video-preview":"max-video-preview:-1"},"canonical":"https:\/\/plg-pllc.com\/es\/faqs\/wait-dont-sign-anything-yet-from-insurance-adjuster\/","og_locale":"es_MX","og_type":"article","og_title":"Wait! Don\u2019t Sign Anything From the Adjuster","og_description":"Wait! Don\u2019t Sign Anything From the Adjuster: Premier Law Group helps you unlock the full compensation you deserve. No Fee Unless We Win.","og_url":"https:\/\/plg-pllc.com\/es\/faqs\/wait-dont-sign-anything-yet-from-insurance-adjuster\/","og_site_name":"Premier Law Group","article_publisher":"https:\/\/www.facebook.com\/premierlawgroup","article_modified_time":"2024-10-10T21:52:16+00:00","twitter_card":"summary_large_image","twitter_site":"@premierlawgroup","twitter_misc":{"Tiempo de lectura":"3 minutos"},"schema":{"@context":"https:\/\/schema.org","@graph":[{"@type":"WebPage","@id":"https:\/\/plg-pllc.com\/faqs\/wait-dont-sign-anything-yet-from-insurance-adjuster\/","url":"https:\/\/plg-pllc.com\/faqs\/wait-dont-sign-anything-yet-from-insurance-adjuster\/","name":"\u00a1Espere! No firme nada del perito","isPartOf":{"@id":"https:\/\/plg-pllc.com\/#website"},"datePublished":"2011-08-10T22:17:53+00:00","dateModified":"2024-10-10T21:52:16+00:00","description":"\u00a1Espere! No firme nada del ajustador: Premier Law Group lo ayuda a obtener la compensaci\u00f3n total que se merece. No le cobraremos nada a menos que ganemos.","breadcrumb":{"@id":"https:\/\/plg-pllc.com\/faqs\/wait-dont-sign-anything-yet-from-insurance-adjuster\/#breadcrumb"},"inLanguage":"es","potentialAction":[{"@type":"ReadAction","target":["https:\/\/plg-pllc.com\/faqs\/wait-dont-sign-anything-yet-from-insurance-adjuster\/"]}]},{"@type":"BreadcrumbList","@id":"https:\/\/plg-pllc.com\/faqs\/wait-dont-sign-anything-yet-from-insurance-adjuster\/#breadcrumb","itemListElement":[{"@type":"ListItem","position":1,"name":"Home","item":"https:\/\/plg-pllc.com\/es\/"},{"@type":"ListItem","position":2,"name":"FAQs","item":"https:\/\/plg-pllc.com\/es\/faqs\/"},{"@type":"ListItem","position":3,"name":"Wait! Don\u2019t Sign Anything From the Adjuster"}]},{"@type":"WebSite","@id":"https:\/\/plg-pllc.com\/#website","url":"https:\/\/plg-pllc.com\/","name":"Grupo de abogados Premier","description":"Abogado de muerte por negligencia y lesiones graves en Washington","publisher":{"@id":"https:\/\/plg-pllc.com\/#organization"},"inLanguage":"es"},{"@type":"Organization","@id":"https:\/\/plg-pllc.com\/#organization","name":"Grupo de abogados Premier","url":"https:\/\/plg-pllc.com\/","logo":{"@type":"ImageObject","inLanguage":"es","@id":"https:\/\/plg-pllc.com\/#\/schema\/logo\/image\/","url":"https:\/\/plg-pllc.com\/wp-content\/uploads\/2020\/10\/plg-logo-v2.gif","contentUrl":"https:\/\/plg-pllc.com\/wp-content\/uploads\/2020\/10\/plg-logo-v2.gif","width":592,"height":191,"caption":"Premier Law Group"},"image":{"@id":"https:\/\/plg-pllc.com\/#\/schema\/logo\/image\/"},"sameAs":["https:\/\/www.facebook.com\/premierlawgroup","https:\/\/x.com\/premierlawgroup"]}]}},"_links":{"self":[{"href":"https:\/\/plg-pllc.com\/es\/wp-json\/wp\/v2\/pages\/5215","targetHints":{"allow":["GET"]}}],"collection":[{"href":"https:\/\/plg-pllc.com\/es\/wp-json\/wp\/v2\/pages"}],"about":[{"href":"https:\/\/plg-pllc.com\/es\/wp-json\/wp\/v2\/types\/page"}],"author":[{"embeddable":true,"href":"https:\/\/plg-pllc.com\/es\/wp-json\/wp\/v2\/users\/2"}],"replies":[{"embeddable":true,"href":"https:\/\/plg-pllc.com\/es\/wp-json\/wp\/v2\/comments?post=5215"}],"version-history":[{"count":0,"href":"https:\/\/plg-pllc.com\/es\/wp-json\/wp\/v2\/pages\/5215\/revisions"}],"up":[{"embeddable":true,"href":"https:\/\/plg-pllc.com\/es\/wp-json\/wp\/v2\/pages\/20714"}],"wp:attachment":[{"href":"https:\/\/plg-pllc.com\/es\/wp-json\/wp\/v2\/media?parent=5215"}],"wp:term":[{"taxonomy":"hc_faqs","embeddable":true,"href":"https:\/\/plg-pllc.com\/es\/wp-json\/wp\/v2\/hc_faqs?post=5215"}],"curies":[{"name":"gracias","href":"https:\/\/api.w.org\/{rel}","templated":true}]}}