{"id":6052,"date":"2011-12-27T17:02:01","date_gmt":"2011-12-28T00:02:01","guid":{"rendered":"https:\/\/plg-pllc.com\/?page_id=6052"},"modified":"2024-10-15T19:02:37","modified_gmt":"2024-10-16T02:02:37","slug":"teen-driving-checklist","status":"publish","type":"page","link":"https:\/\/plg-pllc.com\/es\/faqs\/teen-driving-checklist\/","title":{"rendered":"Lista de verificaci\u00f3n para conducir para adolescentes"},"content":{"rendered":"<p>\u00bfQu\u00e9 tan seguro es usted al conducir? \u00bfSabe c\u00f3mo sus h\u00e1bitos al volante pueden causar accidentes? Hacerse estas preguntas puede salvarle la vida a usted y a sus amigos (\u00a1sin mencionar a otros conductores en la carretera!). Gary Tsifrin, fundador de <a href=\"https:\/\/driversed.com\/\">DriversEd.com<\/a>, ha creado esta lista de verificaci\u00f3n para conductores adolescentes para que puedan asegurarse de que se mantienen seguros en la carretera.<\/p>\n<ol>\n<li><strong>\u00a1Evita las distracciones!<\/strong> Hoy en d\u00eda, es dif\u00edcil aburrirse con toda la m\u00fasica, los juegos y las redes sociales disponibles constantemente a nuestro alcance. Puede resultar tentador registrarse en Foursquare en su intersecci\u00f3n favorita o tuitear sobre la locura que acaba de ver al costado de la carretera, pero estas son distracciones peligrosas que pueden provocar una colisi\u00f3n. La conducci\u00f3n distra\u00edda contribuye al 80% de las colisiones, por lo que no es dif\u00edcil entender por qu\u00e9 debe mantener la vista en la carretera.<\/li>\n<li><strong>\u00a1No seas temerario! <\/strong>Ignorar las se\u00f1ales y cambiar de carril r\u00e1pidamente sin comprobar el punto ciego es una conducci\u00f3n imprudente que puede provocar una colisi\u00f3n. La pr\u00f3xima vez que vayas a hacer una maniobra en la carretera, t\u00f3mate un momento y hazla de la manera que te llevar\u00e1 a casa sano y salvo, no de la manera que har\u00e1 que tus amigos piensen que eres Jason Bourne.<\/li>\n<li><strong>\u00a1No conduzcas a exceso de velocidad! <\/strong>\u00a0Los l\u00edmites de velocidad existen por una raz\u00f3n. Aunque llegues tarde a la escuela, no vale la pena tener un accidente solo para evitar una detenci\u00f3n.<\/li>\n<li><strong>\u00a1No est\u00e1s conduciendo un coche de payasos!<\/strong> Los estudios han demostrado que con dos pasajeros, los adolescentes tienen el doble de riesgo de sufrir un accidente mortal, y con tres pasajeros, casi el triple. Obviamente, tus amigos no van a hacer que tengas un accidente, sino que te distraer\u00e1n y har\u00e1n que conduzcas de forma m\u00e1s temeraria si no tienes cuidado. Por no hablar de que los adolescentes tienen muchas m\u00e1s probabilidades de meter a m\u00e1s personas en un coche de las que est\u00e1 previsto, lo que supone un peligro a\u00fan mayor para los pasajeros que no llevan el cintur\u00f3n de seguridad abrochado.<\/li>\n<li><strong>\u00a1No conduzca bajo la influencia del alcohol! <\/strong>Beber y conducir es a\u00fan m\u00e1s peligroso para los adolescentes, porque es mucho menos probable que llamen a alguien para que venga a recogerlos si est\u00e1n demasiado borrachos para conducir. Si no puedes llamar a tus padres, llama a un adulto o amigo en quien conf\u00edes para que venga a recogerte. Se alegrar\u00e1n mucho m\u00e1s de que est\u00e9s vivo que de que los hayas sacado de la cama, te lo prometo.<\/li>\n<li><strong>\u00a1No hagas cola (fuera de CenturyLink!)<\/strong> El hecho es que no has estado conduciendo tanto tiempo como las dem\u00e1s personas en la carretera. Eso significa que no tienes la experiencia necesaria para saber cu\u00e1nto tiempo necesitas para detenerte a velocidades de autopista. Deja suficiente espacio para asegurarte de no chocar a nadie por detr\u00e1s.<\/li>\n<li><strong>\u00a1Abr\u00f3chese el cintur\u00f3n!<\/strong> En el estado de Washington, conducir sin cintur\u00f3n de seguridad es ilegal, por lo que corre el riesgo de recibir una multa si no lo lleva puesto. Aparte de eso, es una buena idea abrocharse el cintur\u00f3n (adem\u00e1s, har\u00e1 que deje de sonar el molesto pitido del coche).<\/li>\n<li><strong>\u00a1Despertar!<\/strong> Los adolescentes de hoy tienen much\u00edsimas responsabilidades. Hay escuela, deportes, arte y actividades extracurriculares, sin mencionar los videojuegos, la televisi\u00f3n y la vida social. Aunque creas que podr\u00e1s conducir hasta la escuela con treinta y siete minutos de sue\u00f1o, eso afectar\u00e1 seriamente tu tiempo de reacci\u00f3n y, si te quedas dormido al volante, podr\u00edas sufrir un grave accidente. Toma el autob\u00fas o llama a un amigo si crees que est\u00e1s demasiado cansado para conducir.<\/li>\n<li><strong>\u00a1Elige el coche adecuado! <\/strong>Puede resultar tentador elegir un coche porque tiene una caracter\u00edstica interesante (como un techo corredizo o altavoces que funcionan todos), pero lo que realmente deber\u00edas buscar es seguridad y fiabilidad. Debes elegir algo que te dure toda la escuela secundaria y en lo que no tengas que invertir mucho dinero que ganaste con tanto esfuerzo.<\/li>\n<li><strong>\u00a1Mant\u00e9n tu coche! <\/strong>Esto significa revisar el aceite y la presi\u00f3n de los neum\u00e1ticos, pero tambi\u00e9n significa elegir accesorios que no solo se adapten a su estilo, sino que mantengan su autom\u00f3vil seguro durante mucho tiempo.<\/li>\n<\/ol>\n<p>Esta lista de verificaci\u00f3n para conductores adolescentes se proporciona para que su hijo pueda evitar accidentes en la carretera. Si usted o un ser querido sufre un accidente de tr\u00e1fico, podemos ayudarle. <a href=\"https:\/\/plg-pllc.com\/contact-us\/\">Cont\u00e1ctenos<\/a> hoy.<\/p>\n\n        <div class=\"rs-content-cta\">\n            <p>Llamar o enviar mensaje de texto <a href=\"tel:+12062851743\">(206) 285-1743<\/a> o complete un formulario de evaluaci\u00f3n de caso gratuito<\/p>\n            <a href=\"https:\/\/plg-pllc.com\/es\/contact-us\/\" title=\"OBTENGA UNA EVALUACI\u00d3N DE CASO GRATUITA\" class=\"btn-global\">OBTENGA UNA EVALUACI\u00d3N DE CASO GRATUITA<\/a>\n                    <picture>\n                            <source srcset=\"https:\/\/plg-pllc.com\/wp-content\/themes\/plg-pllc-redesign\/assets\/app\/img\/cta-thumb.webp\" type=\"image\/webp\"\/>\n                            <img src=\"https:\/\/plg-pllc.com\/wp-content\/themes\/plg-pllc-redesign\/assets\/app\/img\/cta-thumb.png\" alt=\"Grupo de abogados Premier\" title=\"Grupo de abogados Premier\" width=\"245\" height=\"220\" loading=\"auto\" fetchpriority=\"auto\" decoding=\"async\"\/>\n        <\/picture>\n        \n        <\/div>","protected":false},"excerpt":{"rendered":"<p>\u00bfQu\u00e9 tan seguro es usted al conducir? \u00bfSabe c\u00f3mo sus h\u00e1bitos al volante pueden causar accidentes? Hacerse estas preguntas puede salvarle la vida a usted y a sus amigos (\u00a1sin mencionar a otros conductores en la carretera!). Gary Tsifrin, el fundador de DriversEd.com, ha creado esta lista de verificaci\u00f3n para conductores adolescentes para que puedan asegurarse de que...<\/p>","protected":false},"author":2,"featured_media":17703,"parent":20714,"menu_order":1,"comment_status":"closed","ping_status":"closed","template":"","meta":{"_acf_changed":false,"_genesis_hide_title":false,"_genesis_hide_breadcrumbs":false,"_genesis_hide_singular_image":false,"_genesis_hide_footer_widgets":false,"_genesis_custom_body_class":"","_genesis_custom_post_class":"","_genesis_layout":"","footnotes":""},"hc_faqs":[10344],"class_list":{"0":"post-6052","1":"page","2":"type-page","3":"status-publish","4":"has-post-thumbnail","6":"hc_faqs-car-accident","7":"entry"},"acf":[],"yoast_head":"<!-- This site is optimized with the Yoast SEO plugin v27.5 - https:\/\/yoast.com\/product\/yoast-seo-wordpress\/ -->\n<title>Teen Driving Checklist<\/title>\n<meta name=\"description\" content=\"Teen Driving Checklist: Premier Law Group helps you unlock the full compensation you deserve. No Fee Unless We Win.\" \/>\n<meta name=\"robots\" content=\"index, follow, max-snippet:-1, max-image-preview:large, max-video-preview:-1\" \/>\n<link rel=\"canonical\" href=\"https:\/\/plg-pllc.com\/es\/faqs\/teen-driving-checklist\/\" \/>\n<meta property=\"og:locale\" content=\"es_MX\" \/>\n<meta property=\"og:type\" content=\"article\" \/>\n<meta property=\"og:title\" content=\"Teen Driving Checklist\" \/>\n<meta property=\"og:description\" content=\"Teen Driving Checklist: Premier Law Group helps you unlock the full compensation you deserve. No Fee Unless We Win.\" \/>\n<meta property=\"og:url\" content=\"https:\/\/plg-pllc.com\/es\/faqs\/teen-driving-checklist\/\" \/>\n<meta property=\"og:site_name\" content=\"Premier Law Group\" \/>\n<meta property=\"article:publisher\" content=\"https:\/\/www.facebook.com\/premierlawgroup\" \/>\n<meta property=\"article:modified_time\" content=\"2024-10-16T02:02:37+00:00\" \/>\n<meta property=\"og:image\" content=\"https:\/\/plg-pllc.com\/wp-content\/uploads\/2020\/05\/checklist-1622517_1920-2-1024x1024.png\" \/>\n\t<meta property=\"og:image:width\" content=\"1024\" \/>\n\t<meta property=\"og:image:height\" content=\"1024\" \/>\n\t<meta property=\"og:image:type\" content=\"image\/png\" \/>\n<meta name=\"twitter:card\" content=\"summary_large_image\" \/>\n<meta name=\"twitter:site\" content=\"@premierlawgroup\" \/>\n<meta name=\"twitter:label1\" content=\"Tiempo de lectura\" \/>\n\t<meta name=\"twitter:data1\" content=\"4 minutos\" \/>\n<script type=\"application\/ld+json\" class=\"yoast-schema-graph\">{\"@context\":\"https:\\\/\\\/schema.org\",\"@graph\":[{\"@type\":\"WebPage\",\"@id\":\"https:\\\/\\\/plg-pllc.com\\\/faqs\\\/teen-driving-checklist\\\/\",\"url\":\"https:\\\/\\\/plg-pllc.com\\\/faqs\\\/teen-driving-checklist\\\/\",\"name\":\"Teen Driving Checklist\",\"isPartOf\":{\"@id\":\"https:\\\/\\\/plg-pllc.com\\\/#website\"},\"primaryImageOfPage\":{\"@id\":\"https:\\\/\\\/plg-pllc.com\\\/faqs\\\/teen-driving-checklist\\\/#primaryimage\"},\"image\":{\"@id\":\"https:\\\/\\\/plg-pllc.com\\\/faqs\\\/teen-driving-checklist\\\/#primaryimage\"},\"thumbnailUrl\":\"https:\\\/\\\/plg-pllc.com\\\/wp-content\\\/uploads\\\/2020\\\/05\\\/checklist-1622517_1920-2.png\",\"datePublished\":\"2011-12-28T00:02:01+00:00\",\"dateModified\":\"2024-10-16T02:02:37+00:00\",\"description\":\"Teen Driving Checklist: Premier Law Group helps you unlock the full compensation you deserve. No Fee Unless We Win.\",\"breadcrumb\":{\"@id\":\"https:\\\/\\\/plg-pllc.com\\\/faqs\\\/teen-driving-checklist\\\/#breadcrumb\"},\"inLanguage\":\"es\",\"potentialAction\":[{\"@type\":\"ReadAction\",\"target\":[\"https:\\\/\\\/plg-pllc.com\\\/faqs\\\/teen-driving-checklist\\\/\"]}]},{\"@type\":\"ImageObject\",\"inLanguage\":\"es\",\"@id\":\"https:\\\/\\\/plg-pllc.com\\\/faqs\\\/teen-driving-checklist\\\/#primaryimage\",\"url\":\"https:\\\/\\\/plg-pllc.com\\\/wp-content\\\/uploads\\\/2020\\\/05\\\/checklist-1622517_1920-2.png\",\"contentUrl\":\"https:\\\/\\\/plg-pllc.com\\\/wp-content\\\/uploads\\\/2020\\\/05\\\/checklist-1622517_1920-2.png\",\"width\":1920,\"height\":1920,\"caption\":\"teen driving checklist\"},{\"@type\":\"BreadcrumbList\",\"@id\":\"https:\\\/\\\/plg-pllc.com\\\/faqs\\\/teen-driving-checklist\\\/#breadcrumb\",\"itemListElement\":[{\"@type\":\"ListItem\",\"position\":1,\"name\":\"Home\",\"item\":\"https:\\\/\\\/plg-pllc.com\\\/es\\\/\"},{\"@type\":\"ListItem\",\"position\":2,\"name\":\"FAQs\",\"item\":\"https:\\\/\\\/plg-pllc.com\\\/es\\\/faqs\\\/\"},{\"@type\":\"ListItem\",\"position\":3,\"name\":\"Teen Driving Checklist\"}]},{\"@type\":\"WebSite\",\"@id\":\"https:\\\/\\\/plg-pllc.com\\\/#website\",\"url\":\"https:\\\/\\\/plg-pllc.com\\\/\",\"name\":\"Premier Law Group\",\"description\":\"Washington Wrongful Death and Serious Injury Lawyer\",\"publisher\":{\"@id\":\"https:\\\/\\\/plg-pllc.com\\\/#organization\"},\"inLanguage\":\"es\"},{\"@type\":\"Organization\",\"@id\":\"https:\\\/\\\/plg-pllc.com\\\/#organization\",\"name\":\"Premier Law Group\",\"url\":\"https:\\\/\\\/plg-pllc.com\\\/\",\"logo\":{\"@type\":\"ImageObject\",\"inLanguage\":\"es\",\"@id\":\"https:\\\/\\\/plg-pllc.com\\\/#\\\/schema\\\/logo\\\/image\\\/\",\"url\":\"https:\\\/\\\/plg-pllc.com\\\/wp-content\\\/uploads\\\/2020\\\/10\\\/plg-logo-v2.gif\",\"contentUrl\":\"https:\\\/\\\/plg-pllc.com\\\/wp-content\\\/uploads\\\/2020\\\/10\\\/plg-logo-v2.gif\",\"width\":592,\"height\":191,\"caption\":\"Premier Law Group\"},\"image\":{\"@id\":\"https:\\\/\\\/plg-pllc.com\\\/#\\\/schema\\\/logo\\\/image\\\/\"},\"sameAs\":[\"https:\\\/\\\/www.facebook.com\\\/premierlawgroup\",\"https:\\\/\\\/x.com\\\/premierlawgroup\"]}]}<\/script>\n<!-- \/ Yoast SEO plugin. -->","yoast_head_json":{"title":"Lista de verificaci\u00f3n para conducir para adolescentes","description":"Lista de verificaci\u00f3n para conductores adolescentes: Premier Law Group lo ayuda a obtener la compensaci\u00f3n total que merece. Sin cargo a menos que ganemos.","robots":{"index":"index","follow":"follow","max-snippet":"max-snippet:-1","max-image-preview":"max-image-preview:large","max-video-preview":"max-video-preview:-1"},"canonical":"https:\/\/plg-pllc.com\/es\/faqs\/teen-driving-checklist\/","og_locale":"es_MX","og_type":"article","og_title":"Teen Driving Checklist","og_description":"Teen Driving Checklist: Premier Law Group helps you unlock the full compensation you deserve. No Fee Unless We Win.","og_url":"https:\/\/plg-pllc.com\/es\/faqs\/teen-driving-checklist\/","og_site_name":"Premier Law Group","article_publisher":"https:\/\/www.facebook.com\/premierlawgroup","article_modified_time":"2024-10-16T02:02:37+00:00","og_image":[{"width":1024,"height":1024,"url":"https:\/\/plg-pllc.com\/wp-content\/uploads\/2020\/05\/checklist-1622517_1920-2-1024x1024.png","type":"image\/png"}],"twitter_card":"summary_large_image","twitter_site":"@premierlawgroup","twitter_misc":{"Tiempo de lectura":"4 minutos"},"schema":{"@context":"https:\/\/schema.org","@graph":[{"@type":"WebPage","@id":"https:\/\/plg-pllc.com\/faqs\/teen-driving-checklist\/","url":"https:\/\/plg-pllc.com\/faqs\/teen-driving-checklist\/","name":"Lista de verificaci\u00f3n para conducir para adolescentes","isPartOf":{"@id":"https:\/\/plg-pllc.com\/#website"},"primaryImageOfPage":{"@id":"https:\/\/plg-pllc.com\/faqs\/teen-driving-checklist\/#primaryimage"},"image":{"@id":"https:\/\/plg-pllc.com\/faqs\/teen-driving-checklist\/#primaryimage"},"thumbnailUrl":"https:\/\/plg-pllc.com\/wp-content\/uploads\/2020\/05\/checklist-1622517_1920-2.png","datePublished":"2011-12-28T00:02:01+00:00","dateModified":"2024-10-16T02:02:37+00:00","description":"Lista de verificaci\u00f3n para conductores adolescentes: Premier Law Group lo ayuda a obtener la compensaci\u00f3n total que merece. Sin cargo a menos que ganemos.","breadcrumb":{"@id":"https:\/\/plg-pllc.com\/faqs\/teen-driving-checklist\/#breadcrumb"},"inLanguage":"es","potentialAction":[{"@type":"ReadAction","target":["https:\/\/plg-pllc.com\/faqs\/teen-driving-checklist\/"]}]},{"@type":"ImageObject","inLanguage":"es","@id":"https:\/\/plg-pllc.com\/faqs\/teen-driving-checklist\/#primaryimage","url":"https:\/\/plg-pllc.com\/wp-content\/uploads\/2020\/05\/checklist-1622517_1920-2.png","contentUrl":"https:\/\/plg-pllc.com\/wp-content\/uploads\/2020\/05\/checklist-1622517_1920-2.png","width":1920,"height":1920,"caption":"teen driving checklist"},{"@type":"BreadcrumbList","@id":"https:\/\/plg-pllc.com\/faqs\/teen-driving-checklist\/#breadcrumb","itemListElement":[{"@type":"ListItem","position":1,"name":"Home","item":"https:\/\/plg-pllc.com\/es\/"},{"@type":"ListItem","position":2,"name":"FAQs","item":"https:\/\/plg-pllc.com\/es\/faqs\/"},{"@type":"ListItem","position":3,"name":"Teen Driving Checklist"}]},{"@type":"WebSite","@id":"https:\/\/plg-pllc.com\/#website","url":"https:\/\/plg-pllc.com\/","name":"Grupo de abogados Premier","description":"Abogado de muerte por negligencia y lesiones graves en Washington","publisher":{"@id":"https:\/\/plg-pllc.com\/#organization"},"inLanguage":"es"},{"@type":"Organization","@id":"https:\/\/plg-pllc.com\/#organization","name":"Grupo de abogados Premier","url":"https:\/\/plg-pllc.com\/","logo":{"@type":"ImageObject","inLanguage":"es","@id":"https:\/\/plg-pllc.com\/#\/schema\/logo\/image\/","url":"https:\/\/plg-pllc.com\/wp-content\/uploads\/2020\/10\/plg-logo-v2.gif","contentUrl":"https:\/\/plg-pllc.com\/wp-content\/uploads\/2020\/10\/plg-logo-v2.gif","width":592,"height":191,"caption":"Premier Law Group"},"image":{"@id":"https:\/\/plg-pllc.com\/#\/schema\/logo\/image\/"},"sameAs":["https:\/\/www.facebook.com\/premierlawgroup","https:\/\/x.com\/premierlawgroup"]}]}},"_links":{"self":[{"href":"https:\/\/plg-pllc.com\/es\/wp-json\/wp\/v2\/pages\/6052","targetHints":{"allow":["GET"]}}],"collection":[{"href":"https:\/\/plg-pllc.com\/es\/wp-json\/wp\/v2\/pages"}],"about":[{"href":"https:\/\/plg-pllc.com\/es\/wp-json\/wp\/v2\/types\/page"}],"author":[{"embeddable":true,"href":"https:\/\/plg-pllc.com\/es\/wp-json\/wp\/v2\/users\/2"}],"replies":[{"embeddable":true,"href":"https:\/\/plg-pllc.com\/es\/wp-json\/wp\/v2\/comments?post=6052"}],"version-history":[{"count":0,"href":"https:\/\/plg-pllc.com\/es\/wp-json\/wp\/v2\/pages\/6052\/revisions"}],"up":[{"embeddable":true,"href":"https:\/\/plg-pllc.com\/es\/wp-json\/wp\/v2\/pages\/20714"}],"wp:featuredmedia":[{"embeddable":true,"href":"https:\/\/plg-pllc.com\/es\/wp-json\/wp\/v2\/media\/17703"}],"wp:attachment":[{"href":"https:\/\/plg-pllc.com\/es\/wp-json\/wp\/v2\/media?parent=6052"}],"wp:term":[{"taxonomy":"hc_faqs","embeddable":true,"href":"https:\/\/plg-pllc.com\/es\/wp-json\/wp\/v2\/hc_faqs?post=6052"}],"curies":[{"name":"gracias","href":"https:\/\/api.w.org\/{rel}","templated":true}]}}