{"id":70,"date":"2009-09-12T08:35:47","date_gmt":"2009-09-12T15:35:47","guid":{"rendered":"https:\/\/plg-pllc.com\/wp\/?page_id=70"},"modified":"2024-10-14T22:55:11","modified_gmt":"2024-10-15T05:55:11","slug":"seattle-child-injury-lawyer","status":"publish","type":"page","link":"https:\/\/plg-pllc.com\/es\/seattle\/child-injury-lawyer\/","title":{"rendered":"Abogado de lesiones infantiles en Seattle"},"content":{"rendered":"<h2>Lo que los padres deben saber sobre las lesiones a menores y ni\u00f1os<\/h2>\n<p>En t\u00e9rminos legales, las lesiones personales a menores y ni\u00f1os son lesiones a personas menores de 18 a\u00f1os. Las situaciones legales que involucran a j\u00f3venes y ni\u00f1os son particularmente graves porque son una poblaci\u00f3n vulnerable. Tambi\u00e9n son m\u00e1s propensos a sufrir lesiones. Sus lesiones, ya sean f\u00edsicas, psicol\u00f3gicas o de desarrollo, suelen tener consecuencias duraderas.<\/p>\n<h2>Los padres deben participar en el reclamo<\/h2>\n<p>Hay un par de cosas que diferencian las lesiones de menores y ni\u00f1os de otras situaciones legales. En primer lugar, un padre o tutor legal debe estar involucrado en la demanda del ni\u00f1o. Naturalmente, las lesiones de menores y ni\u00f1os presentan desaf\u00edos significativos para toda la unidad familiar. Una familia tiene una demanda viable si puede demostrar que la negligencia de otra persona caus\u00f3 la lesi\u00f3n del joven. Si su hijo sufre lesiones graves, comun\u00edquese con nuestros abogados de lesiones infantiles en Washington para obtener ayuda legal.<\/p>\n<p><script src=\"https:\/\/fast.wistia.com\/embed\/medias\/e6ctc9kwlk.jsonp\" async=\"\"><\/script><script src=\"https:\/\/fast.wistia.com\/assets\/external\/E-v1.js\" async=\"\"><\/script><\/p>\n<div style=\"max-width: 640px;\">\n<div class=\"wistia_responsive_padding\" style=\"padding: 56.25% 0 0 0; position: relative;\">\n<div class=\"wistia_responsive_wrapper\" style=\"height: 100%; left: 0; position: absolute; top: 0; width: 100%;\">\n<div class=\"wistia_embed wistia_async_e6ctc9kwlk\" style=\"height: 100%; width: 100%;\"><\/div>\n<\/div>\n<\/div>\n<\/div>\n<h2>Causas comunes de lesiones en menores y ni\u00f1os<\/h2>\n<h3>Definici\u00f3n de Accidentes Automovil\u00edsticos<\/h3>\n<p><a href=\"https:\/\/plg-pllc.com\/glossary\/car-accidents\/\">Accidentes de tr\u00e1fico<\/a> La mayor\u00eda de los casos de lesiones que involucran a menores y ni\u00f1os se deben a accidentes automovil\u00edsticos. Determinar la negligencia puede ser m\u00e1s sencillo en estos casos, al menos tan sencillo como en los casos de accidentes automovil\u00edsticos, debido a la naturaleza de las situaciones de accidentes automovil\u00edsticos y la ley. Sin embargo, es importante tener en cuenta que los conductores adolescentes pueden ser m\u00e1s susceptibles a sufrir accidentes automovil\u00edsticos y m\u00e1s propensos a presentar demandas legales contra conductores negligentes. Esto se debe a que no tienen tanta experiencia en la pr\u00e1ctica de la conducci\u00f3n defensiva y en evitar a los conductores negligentes.<\/p>\n<p>Una cosa que los padres pueden hacer para mantener seguros a sus hijos en la carretera es tomar precauciones de seguridad. Para obtener informaci\u00f3n \u00fatil, consulte nuestro art\u00edculo y video sobre <a href=\"https:\/\/plg-pllc.com\/\">C\u00f3mo mantener a su hijo seguro en el coche<\/a>.<\/p>\n<p><img loading=\"lazy\" decoding=\"async\" class=\"wp-image-17784 alignright\" src=\"https:\/\/plg-pllc.com\/wp-content\/uploads\/2020\/07\/car-accident-injuries-to-minors-and-children-300x200.jpg\" alt=\"Lesiones por accidentes de tr\u00e1fico a menores y ni\u00f1os\" width=\"276\" height=\"184\" srcset=\"https:\/\/plg-pllc.com\/wp-content\/uploads\/2020\/07\/car-accident-injuries-to-minors-and-children-300x200.jpg 300w, https:\/\/plg-pllc.com\/wp-content\/uploads\/2020\/07\/car-accident-injuries-to-minors-and-children-1024x683.jpg 1024w, https:\/\/plg-pllc.com\/wp-content\/uploads\/2020\/07\/car-accident-injuries-to-minors-and-children-768x512.jpg 768w, https:\/\/plg-pllc.com\/wp-content\/uploads\/2020\/07\/car-accident-injuries-to-minors-and-children-1536x1024.jpg 1536w, https:\/\/plg-pllc.com\/wp-content\/uploads\/2020\/07\/car-accident-injuries-to-minors-and-children-640x427.jpg 640w, https:\/\/plg-pllc.com\/wp-content\/uploads\/2020\/07\/car-accident-injuries-to-minors-and-children-1200x800.jpg 1200w, https:\/\/plg-pllc.com\/wp-content\/uploads\/2020\/07\/car-accident-injuries-to-minors-and-children-250x167.jpg 250w, https:\/\/plg-pllc.com\/wp-content\/uploads\/2020\/07\/car-accident-injuries-to-minors-and-children.jpg 1920w\" sizes=\"auto, (max-width: 276px) 100vw, 276px\" \/>Otra cosa que los padres pueden hacer es educar a sus hijos sobre la conducci\u00f3n segura. Hace unos a\u00f1os, Premier Law Group inici\u00f3 el <a href=\"https:\/\/plg-pllc.com\/community-service\/teens-against-distracted-driving-tadd\/tadd\/\">Los adolescentes contra las distracciones al volante<\/a> Organizaci\u00f3n sin fines de lucro que educa a los conductores j\u00f3venes sobre los peligros de usar un tel\u00e9fono celular en el autom\u00f3vil. Tambi\u00e9n ofrecemos un <a href=\"https:\/\/plg-pllc.com\/community-service\/teens-against-distracted-driving-tadd\/tadd\/\">Beca por conducci\u00f3n distra\u00edda<\/a> Para estudiantes de \u00faltimo a\u00f1o de secundaria y de primer a\u00f1o de universidad del estado de Washington. Haga clic en los enlaces para obtener m\u00e1s informaci\u00f3n e involucrar a su hijo.<\/p>\n<h3>Accidentes en el patio de recreo<\/h3>\n<p>Cada a\u00f1o, los hospitales estadounidenses tratan a m\u00e1s de 200.000 ni\u00f1os por lesiones relacionadas con los parques infantiles. Muchas de estas lesiones no justifican demandas por lesiones personales porque ocurren bajo la supervisi\u00f3n de los padres, en escuelas p\u00fablicas y guarder\u00edas. En otras palabras, ocurren sin que haya un acto de negligencia. Sin embargo, una supervisi\u00f3n manifiestamente negligente puede ser motivo de demanda. Tambi\u00e9n puede haber negligencia en situaciones que impliquen un mantenimiento deficiente de los parques infantiles.<\/p>\n<h3>Accidentes de agua<\/h3>\n<p>Las lesiones a menores y ni\u00f1os que implican precauciones y protocolos de seguridad en el agua deficientes son comunes entre los ni\u00f1os peque\u00f1os. Una vez m\u00e1s, si una familia puede demostrar negligencia, puede haber motivos para una demanda por lesiones personales. A veces, los casos viables involucran precauciones de seguridad inadecuadas alrededor de piscinas y mantenimiento deficiente alrededor de la propiedad que provocan agua. El ahogamiento es la segunda causa principal de muerte en ni\u00f1os menores de 14 a\u00f1os. Cada a\u00f1o, env\u00eda a muchos ni\u00f1os a la sala de emergencias por lesiones por inmersi\u00f3n no fatales.<\/p>\n\n        <div class=\"rs-content-cta long\">\n            <p>Para una consulta legal GRATUITA con un abogado especializado en lesiones infantiles que preste servicios en Seattle, llame al <a href=\"tel:+12062851743\">(206) 285-1743 <\/a><\/p>\n            <a href=\"https:\/\/plg-pllc.com\/es\/contact-us\/\" title=\"OBTENGA UNA EVALUACI\u00d3N DE CASO GRATUITA\" class=\"btn-global\">OBTENGA UNA EVALUACI\u00d3N DE CASO GRATUITA<\/a>\n                    <picture>\n                            <source srcset=\"https:\/\/plg-pllc.com\/wp-content\/themes\/plg-pllc-redesign\/assets\/app\/img\/cta-thumb.webp\" type=\"image\/webp\"\/>\n                            <img src=\"https:\/\/plg-pllc.com\/wp-content\/themes\/plg-pllc-redesign\/assets\/app\/img\/cta-thumb.png\" alt=\"Grupo de abogados Premier\" title=\"Grupo de abogados Premier\" width=\"245\" height=\"220\" loading=\"auto\" fetchpriority=\"auto\" decoding=\"async\"\/>\n        <\/picture>\n        \n        <\/div><h2>Qu\u00e9 deben hacer los padres si su hijo ha sufrido una lesi\u00f3n<\/h2>\n<p>Lo m\u00e1s importante es que su hijo reciba la atenci\u00f3n m\u00e9dica que necesita. Despu\u00e9s de eso, debe documentar los detalles del accidente tanto como sea posible. Esto significa obtener los nombres de los testigos, tomar fotograf\u00edas y escribir su versi\u00f3n del accidente. A continuaci\u00f3n, deber\u00e1 reunirse con un abogado que tenga experiencia en casos de lesiones infantiles. El abogado especializado en lesiones infantiles revisar\u00e1 su documentaci\u00f3n para evaluar si tiene un caso y c\u00f3mo puede ayudarlo.<\/p>\n<p><script src=\"https:\/\/fast.wistia.com\/embed\/medias\/ae9np9iq73.jsonp\" async=\"\"><\/script><script src=\"https:\/\/fast.wistia.com\/assets\/external\/E-v1.js\" async=\"\"><\/script><\/p>\n<div class=\"wistia_embed wistia_async_ae9np9iq73\" style=\"height: 360px; position: relative; width: 640px;\">\n<div class=\"wistia_swatch\" style=\"height: 100%; left: 0; opacity: 0; overflow: hidden; position: absolute; top: 0; transition: opacity 200ms; width: 100%;\"><img decoding=\"async\" style=\"filter: blur(5px); height: 100%; object-fit: contain; width: 100%;\" src=\"https:\/\/fast.wistia.com\/embed\/medias\/ae9np9iq73\/swatch\" alt=\"\" aria-hidden=\"true\" \/><\/div>\n<\/div>\n<h2>C\u00f3mo pueden ayudar nuestros abogados especializados en lesiones a menores y ni\u00f1os en Washington<\/h2>\n<p>Lamentamos profundamente que un joven de su familia haya sufrido una lesi\u00f3n o algo peor. Estas situaciones pueden ser incre\u00edblemente dif\u00edciles para toda la familia.<\/p>\n<p><a href=\"https:\/\/plg-pllc.com\/\">Grupo de abogados Premier<\/a> tiene experiencia ayudando a familias con casos de lesiones infantiles. Ofrecemos evaluaciones de casos gratuitas para ayudar a las familias a reconstruir sus vidas despu\u00e9s de un accidente. Evaluaremos si la situaci\u00f3n de su hijo involucr\u00f3 negligencia y si hay un caso. Adem\u00e1s, hablaremos con usted sobre el estatuto de limitaciones para el caso. Esta es la fecha l\u00edmite en la que ya no puede presentar la demanda. Llame <a href=\"tel:206.285.1743\">206.285.1743<\/a> para programar una revisi\u00f3n gratuita del caso con uno de nuestros abogados con experiencia en lesiones infantiles.<\/p>\n<h2>Acerca de Premier Law Group<\/h2>\n<p>Premier Law Group es el principal bufete de abogados especializado en lesiones personales de Washington. Nos describen mejor como un equipo sensato, dedicado a brindar un servicio al cliente excepcional, especializado en derecho de lesiones personales y comprometido con nuestras comunidades, garantizado.<\/p>\n<p>Somos el \u00fanico bufete de abogados especializado en lesiones personales del estado de Washington que ofrece una triple garant\u00eda. Prometemos tres cosas:<\/p>\n<ol>\n<li>Cuando se comunica con nosotros acerca de su asunto de lesiones personales<strong>Hablar\u00e1s directamente con un abogado, no solo con un recepcionista o un especialista en admisiones.<\/strong>Adem\u00e1s, seremos sinceros acerca de si necesita o no un abogado para resolver su reclamo.<\/li>\n<li>Si decidimos trabajar juntos,<strong>Brindaremos una experiencia de cliente \u201cpremium\u201d<\/strong>. Eso significa que recibir\u00e1s un servicio personalizado y\u00a0<a href=\"https:\/\/plg-pllc.com\/join-our-vip-program\/\">Trato VIP<\/a>.<\/li>\n<li>T\u00fa\u00a0<strong>No pagues ni un centavo a menos que ganemos<\/strong>Tu caso. Esa es nuestra \u201cgarant\u00eda de cero comisiones\u201d.<\/li>\n<\/ol>\n<h2>Llame a nuestro abogado especializado en lesiones infantiles en Washington para programar una revisi\u00f3n gratuita de su caso<\/h2>\n<p>A veces, todos necesitamos una mano amiga. Queremos ayudarlo con una revisi\u00f3n gratuita de su caso. El objetivo es brindarle tranquilidad y consuelo al explicarle sus opciones legales, incluso si no somos el bufete de abogados adecuado para usted. Llame <a href=\"tel:206.285.1743\">206.285.1743<\/a> hoy para programar una revisi\u00f3n gratuita de su caso.<\/p>\n<p>Para obtener m\u00e1s informaci\u00f3n, consulte lo que la gente dice sobre nosotros en <a href=\"https:\/\/www.google.com\/search?rlz=1C1CHBD_en-GBCA734CA737&amp;sxsrf=ALeKk03YI0M0WrsZ7ZQcP1aeXDHBBjmLNw%3A1595687280770&amp;ei=cEEcX7nGLsCkytMP26GJoAk&amp;q=premier+law+group+seattle&amp;gs_ssp=eJzj4tVP1zc0TMsxMauoyks3YLRSNagwNbE0MEsyNjYwSLW0SDS2tDKosDBINDNJM01MSTUzMjMyNvCSLChKzc1MLVLISSxXSC_KLy1QKE5NLCnJSQUAoCkYdA&amp;oq=premier+law+group+se&amp;gs_lcp=CgZwc3ktYWIQAxgAMg0ILhDHARCvARAnEJMCMgYIABAWEB46BAgAEEc6CAguEMcBEK8BOgIIADoECAAQQ1CEHVj1JWD4MWgAcAF4AIABdYgBvwKSAQMxLjKYAQCgAQGqAQdnd3Mtd2l6wAEB&amp;sclient=psy-ab#lrd=0x54906b3300e98a39:0x80a64f5ade626230,1,,,\" target=\"_blank\" rel=\"noopener\">Rese\u00f1as de Google.<\/a><\/p>\n<p><img loading=\"lazy\" decoding=\"async\" class=\"wp-image-16403 aligncenter\" src=\"https:\/\/plg-pllc.com\/wp-content\/uploads\/2018\/10\/premier-law-group-team1-300x180.jpg\" alt=\"Abogados de lesiones personales en Premier Law Group\" width=\"478\" height=\"287\" srcset=\"https:\/\/plg-pllc.com\/wp-content\/uploads\/2018\/10\/premier-law-group-team1-300x180.jpg 300w, https:\/\/plg-pllc.com\/wp-content\/uploads\/2018\/10\/premier-law-group-team1-640x383.jpg 640w, https:\/\/plg-pllc.com\/wp-content\/uploads\/2018\/10\/premier-law-group-team1-768x460.jpg 768w, https:\/\/plg-pllc.com\/wp-content\/uploads\/2018\/10\/premier-law-group-team1.jpg 800w\" sizes=\"auto, (max-width: 478px) 100vw, 478px\" \/><\/p>\n\n        <div class=\"rs-content-cta\">\n            <p>Llamar o enviar mensaje de texto <a href=\"tel:+12062851743\">(206) 285-1743<\/a> o complete un formulario de evaluaci\u00f3n de caso gratuito<\/p>\n            <a href=\"https:\/\/plg-pllc.com\/es\/contact-us\/\" title=\"OBTENGA UNA EVALUACI\u00d3N DE CASO GRATUITA\" class=\"btn-global\">OBTENGA UNA EVALUACI\u00d3N DE CASO GRATUITA<\/a>\n                    <picture>\n                            <source srcset=\"https:\/\/plg-pllc.com\/wp-content\/themes\/plg-pllc-redesign\/assets\/app\/img\/cta-thumb.webp\" type=\"image\/webp\"\/>\n                            <img src=\"https:\/\/plg-pllc.com\/wp-content\/themes\/plg-pllc-redesign\/assets\/app\/img\/cta-thumb.png\" alt=\"Grupo de abogados Premier\" title=\"Grupo de abogados Premier\" width=\"245\" height=\"220\" loading=\"auto\" fetchpriority=\"auto\" decoding=\"async\"\/>\n        <\/picture>\n        \n        <\/div>","protected":false},"excerpt":{"rendered":"<p>Lo que los padres deben saber sobre las lesiones a menores y ni\u00f1os En t\u00e9rminos legales, las lesiones personales a menores y ni\u00f1os son lesiones a personas menores de 18 a\u00f1os. Las situaciones legales que involucran a j\u00f3venes y ni\u00f1os son particularmente graves porque son una poblaci\u00f3n vulnerable. Tambi\u00e9n son m\u00e1s propensos a sufrir lesiones. Sus lesiones, incluidas las f\u00edsicas, del desarrollo y \u2026<\/p>","protected":false},"author":1,"featured_media":15483,"parent":20122,"menu_order":8,"comment_status":"closed","ping_status":"closed","template":"","meta":{"_acf_changed":false,"_genesis_hide_title":false,"_genesis_hide_breadcrumbs":false,"_genesis_hide_singular_image":false,"_genesis_hide_footer_widgets":false,"_genesis_custom_body_class":"","_genesis_custom_post_class":"","_genesis_layout":"","footnotes":""},"hc_faqs":[],"class_list":{"0":"post-70","1":"page","2":"type-page","3":"status-publish","4":"has-post-thumbnail","6":"hc_city_location-seattle","7":"entry"},"acf":[],"yoast_head":"<!-- This site is optimized with the Yoast SEO plugin v27.4 - https:\/\/yoast.com\/product\/yoast-seo-wordpress\/ -->\n<title>Child Injury Lawyer in Seattle | Free Case Review<\/title>\n<meta name=\"description\" content=\"Seattle Child Injury Lawyer: Premier Law Group helps you unlock the full compensation you deserve. No Fee Unless We Win.\" \/>\n<meta name=\"robots\" content=\"index, follow, max-snippet:-1, max-image-preview:large, max-video-preview:-1\" \/>\n<link rel=\"canonical\" href=\"https:\/\/plg-pllc.com\/es\/seattle\/child-injury-lawyer\/\" \/>\n<meta property=\"og:locale\" content=\"es_MX\" \/>\n<meta property=\"og:type\" content=\"article\" \/>\n<meta property=\"og:title\" content=\"Child Injury Lawyer in Seattle | Free Case Review\" \/>\n<meta property=\"og:description\" content=\"Seattle Child Injury Lawyer: Premier Law Group helps you unlock the full compensation you deserve. No Fee Unless We Win.\" \/>\n<meta property=\"og:url\" content=\"https:\/\/plg-pllc.com\/es\/seattle\/child-injury-lawyer\/\" \/>\n<meta property=\"og:site_name\" content=\"Premier Law Group\" \/>\n<meta property=\"article:publisher\" content=\"https:\/\/www.facebook.com\/premierlawgroup\" \/>\n<meta property=\"article:modified_time\" content=\"2024-10-15T05:55:11+00:00\" \/>\n<meta property=\"og:image\" content=\"https:\/\/plg-pllc.com\/wp-content\/uploads\/2009\/09\/child-injuries.jpg\" \/>\n\t<meta property=\"og:image:width\" content=\"2000\" \/>\n\t<meta property=\"og:image:height\" content=\"457\" \/>\n\t<meta property=\"og:image:type\" content=\"image\/jpeg\" \/>\n<meta name=\"twitter:card\" content=\"summary_large_image\" \/>\n<meta name=\"twitter:site\" content=\"@premierlawgroup\" \/>\n<meta name=\"twitter:label1\" content=\"Tiempo de lectura\" \/>\n\t<meta name=\"twitter:data1\" content=\"5 minutos\" \/>\n<script type=\"application\/ld+json\" class=\"yoast-schema-graph\">{\"@context\":\"https:\\\/\\\/schema.org\",\"@graph\":[{\"@type\":\"WebPage\",\"@id\":\"https:\\\/\\\/plg-pllc.com\\\/seattle\\\/child-injury-lawyer\\\/\",\"url\":\"https:\\\/\\\/plg-pllc.com\\\/seattle\\\/child-injury-lawyer\\\/\",\"name\":\"Child Injury Lawyer in Seattle | Free Case Review\",\"isPartOf\":{\"@id\":\"https:\\\/\\\/plg-pllc.com\\\/#website\"},\"primaryImageOfPage\":{\"@id\":\"https:\\\/\\\/plg-pllc.com\\\/seattle\\\/child-injury-lawyer\\\/#primaryimage\"},\"image\":{\"@id\":\"https:\\\/\\\/plg-pllc.com\\\/seattle\\\/child-injury-lawyer\\\/#primaryimage\"},\"thumbnailUrl\":\"https:\\\/\\\/plg-pllc.com\\\/wp-content\\\/uploads\\\/2009\\\/09\\\/child-injuries.jpg\",\"datePublished\":\"2009-09-12T15:35:47+00:00\",\"dateModified\":\"2024-10-15T05:55:11+00:00\",\"description\":\"Seattle Child Injury Lawyer: Premier Law Group helps you unlock the full compensation you deserve. No Fee Unless We Win.\",\"breadcrumb\":{\"@id\":\"https:\\\/\\\/plg-pllc.com\\\/seattle\\\/child-injury-lawyer\\\/#breadcrumb\"},\"inLanguage\":\"es\",\"potentialAction\":[{\"@type\":\"ReadAction\",\"target\":[\"https:\\\/\\\/plg-pllc.com\\\/seattle\\\/child-injury-lawyer\\\/\"]}]},{\"@type\":\"ImageObject\",\"inLanguage\":\"es\",\"@id\":\"https:\\\/\\\/plg-pllc.com\\\/seattle\\\/child-injury-lawyer\\\/#primaryimage\",\"url\":\"https:\\\/\\\/plg-pllc.com\\\/wp-content\\\/uploads\\\/2009\\\/09\\\/child-injuries.jpg\",\"contentUrl\":\"https:\\\/\\\/plg-pllc.com\\\/wp-content\\\/uploads\\\/2009\\\/09\\\/child-injuries.jpg\",\"width\":2000,\"height\":457,\"caption\":\"child injury\"},{\"@type\":\"BreadcrumbList\",\"@id\":\"https:\\\/\\\/plg-pllc.com\\\/seattle\\\/child-injury-lawyer\\\/#breadcrumb\",\"itemListElement\":[{\"@type\":\"ListItem\",\"position\":1,\"name\":\"Home\",\"item\":\"https:\\\/\\\/plg-pllc.com\\\/es\\\/\"},{\"@type\":\"ListItem\",\"position\":2,\"name\":\"Seattle Personal Injury Lawyer\",\"item\":\"https:\\\/\\\/plg-pllc.com\\\/es\\\/seattle\\\/personal-injury-lawyer\\\/\"},{\"@type\":\"ListItem\",\"position\":3,\"name\":\"Seattle Child Injury Lawyer\"}]},{\"@type\":\"WebSite\",\"@id\":\"https:\\\/\\\/plg-pllc.com\\\/#website\",\"url\":\"https:\\\/\\\/plg-pllc.com\\\/\",\"name\":\"Premier Law Group\",\"description\":\"Washington Wrongful Death and Serious Injury Lawyer\",\"publisher\":{\"@id\":\"https:\\\/\\\/plg-pllc.com\\\/#organization\"},\"inLanguage\":\"es\"},{\"@type\":\"Organization\",\"@id\":\"https:\\\/\\\/plg-pllc.com\\\/#organization\",\"name\":\"Premier Law Group\",\"url\":\"https:\\\/\\\/plg-pllc.com\\\/\",\"logo\":{\"@type\":\"ImageObject\",\"inLanguage\":\"es\",\"@id\":\"https:\\\/\\\/plg-pllc.com\\\/#\\\/schema\\\/logo\\\/image\\\/\",\"url\":\"https:\\\/\\\/plg-pllc.com\\\/wp-content\\\/uploads\\\/2020\\\/10\\\/plg-logo-v2.gif\",\"contentUrl\":\"https:\\\/\\\/plg-pllc.com\\\/wp-content\\\/uploads\\\/2020\\\/10\\\/plg-logo-v2.gif\",\"width\":592,\"height\":191,\"caption\":\"Premier Law Group\"},\"image\":{\"@id\":\"https:\\\/\\\/plg-pllc.com\\\/#\\\/schema\\\/logo\\\/image\\\/\"},\"sameAs\":[\"https:\\\/\\\/www.facebook.com\\\/premierlawgroup\",\"https:\\\/\\\/x.com\\\/premierlawgroup\"]}]}<\/script>\n<!-- \/ Yoast SEO plugin. -->","yoast_head_json":{"title":"Abogado de lesiones infantiles en Seattle | Revisi\u00f3n gratuita de casos","description":"Abogado de lesiones infantiles en Seattle: Premier Law Group lo ayuda a obtener la compensaci\u00f3n total que merece. Sin honorarios a menos que ganemos.","robots":{"index":"index","follow":"follow","max-snippet":"max-snippet:-1","max-image-preview":"max-image-preview:large","max-video-preview":"max-video-preview:-1"},"canonical":"https:\/\/plg-pllc.com\/es\/seattle\/child-injury-lawyer\/","og_locale":"es_MX","og_type":"article","og_title":"Child Injury Lawyer in Seattle | Free Case Review","og_description":"Seattle Child Injury Lawyer: Premier Law Group helps you unlock the full compensation you deserve. No Fee Unless We Win.","og_url":"https:\/\/plg-pllc.com\/es\/seattle\/child-injury-lawyer\/","og_site_name":"Premier Law Group","article_publisher":"https:\/\/www.facebook.com\/premierlawgroup","article_modified_time":"2024-10-15T05:55:11+00:00","og_image":[{"width":2000,"height":457,"url":"https:\/\/plg-pllc.com\/wp-content\/uploads\/2009\/09\/child-injuries.jpg","type":"image\/jpeg"}],"twitter_card":"summary_large_image","twitter_site":"@premierlawgroup","twitter_misc":{"Tiempo de lectura":"5 minutos"},"schema":{"@context":"https:\/\/schema.org","@graph":[{"@type":"WebPage","@id":"https:\/\/plg-pllc.com\/seattle\/child-injury-lawyer\/","url":"https:\/\/plg-pllc.com\/seattle\/child-injury-lawyer\/","name":"Abogado de lesiones infantiles en Seattle | Revisi\u00f3n gratuita de casos","isPartOf":{"@id":"https:\/\/plg-pllc.com\/#website"},"primaryImageOfPage":{"@id":"https:\/\/plg-pllc.com\/seattle\/child-injury-lawyer\/#primaryimage"},"image":{"@id":"https:\/\/plg-pllc.com\/seattle\/child-injury-lawyer\/#primaryimage"},"thumbnailUrl":"https:\/\/plg-pllc.com\/wp-content\/uploads\/2009\/09\/child-injuries.jpg","datePublished":"2009-09-12T15:35:47+00:00","dateModified":"2024-10-15T05:55:11+00:00","description":"Abogado de lesiones infantiles en Seattle: Premier Law Group lo ayuda a obtener la compensaci\u00f3n total que merece. Sin honorarios a menos que ganemos.","breadcrumb":{"@id":"https:\/\/plg-pllc.com\/seattle\/child-injury-lawyer\/#breadcrumb"},"inLanguage":"es","potentialAction":[{"@type":"ReadAction","target":["https:\/\/plg-pllc.com\/seattle\/child-injury-lawyer\/"]}]},{"@type":"ImageObject","inLanguage":"es","@id":"https:\/\/plg-pllc.com\/seattle\/child-injury-lawyer\/#primaryimage","url":"https:\/\/plg-pllc.com\/wp-content\/uploads\/2009\/09\/child-injuries.jpg","contentUrl":"https:\/\/plg-pllc.com\/wp-content\/uploads\/2009\/09\/child-injuries.jpg","width":2000,"height":457,"caption":"child injury"},{"@type":"BreadcrumbList","@id":"https:\/\/plg-pllc.com\/seattle\/child-injury-lawyer\/#breadcrumb","itemListElement":[{"@type":"ListItem","position":1,"name":"Home","item":"https:\/\/plg-pllc.com\/es\/"},{"@type":"ListItem","position":2,"name":"Seattle Personal Injury Lawyer","item":"https:\/\/plg-pllc.com\/es\/seattle\/personal-injury-lawyer\/"},{"@type":"ListItem","position":3,"name":"Seattle Child Injury Lawyer"}]},{"@type":"WebSite","@id":"https:\/\/plg-pllc.com\/#website","url":"https:\/\/plg-pllc.com\/","name":"Grupo de abogados Premier","description":"Abogado de muerte por negligencia y lesiones graves en Washington","publisher":{"@id":"https:\/\/plg-pllc.com\/#organization"},"inLanguage":"es"},{"@type":"Organization","@id":"https:\/\/plg-pllc.com\/#organization","name":"Grupo de abogados Premier","url":"https:\/\/plg-pllc.com\/","logo":{"@type":"ImageObject","inLanguage":"es","@id":"https:\/\/plg-pllc.com\/#\/schema\/logo\/image\/","url":"https:\/\/plg-pllc.com\/wp-content\/uploads\/2020\/10\/plg-logo-v2.gif","contentUrl":"https:\/\/plg-pllc.com\/wp-content\/uploads\/2020\/10\/plg-logo-v2.gif","width":592,"height":191,"caption":"Premier Law Group"},"image":{"@id":"https:\/\/plg-pllc.com\/#\/schema\/logo\/image\/"},"sameAs":["https:\/\/www.facebook.com\/premierlawgroup","https:\/\/x.com\/premierlawgroup"]}]}},"_links":{"self":[{"href":"https:\/\/plg-pllc.com\/es\/wp-json\/wp\/v2\/pages\/70","targetHints":{"allow":["GET"]}}],"collection":[{"href":"https:\/\/plg-pllc.com\/es\/wp-json\/wp\/v2\/pages"}],"about":[{"href":"https:\/\/plg-pllc.com\/es\/wp-json\/wp\/v2\/types\/page"}],"author":[{"embeddable":true,"href":"https:\/\/plg-pllc.com\/es\/wp-json\/wp\/v2\/users\/1"}],"replies":[{"embeddable":true,"href":"https:\/\/plg-pllc.com\/es\/wp-json\/wp\/v2\/comments?post=70"}],"version-history":[{"count":0,"href":"https:\/\/plg-pllc.com\/es\/wp-json\/wp\/v2\/pages\/70\/revisions"}],"up":[{"embeddable":true,"href":"https:\/\/plg-pllc.com\/es\/wp-json\/wp\/v2\/pages\/20122"}],"wp:featuredmedia":[{"embeddable":true,"href":"https:\/\/plg-pllc.com\/es\/wp-json\/wp\/v2\/media\/15483"}],"wp:attachment":[{"href":"https:\/\/plg-pllc.com\/es\/wp-json\/wp\/v2\/media?parent=70"}],"wp:term":[{"taxonomy":"hc_faqs","embeddable":true,"href":"https:\/\/plg-pllc.com\/es\/wp-json\/wp\/v2\/hc_faqs?post=70"}],"curies":[{"name":"gracias","href":"https:\/\/api.w.org\/{rel}","templated":true}]}}