{"id":720,"date":"2010-08-04T15:37:26","date_gmt":"2010-08-04T22:37:26","guid":{"rendered":"https:\/\/plg-pllc.com\/"},"modified":"2024-10-18T08:36:20","modified_gmt":"2024-10-18T15:36:20","slug":"videos","status":"publish","type":"page","link":"https:\/\/plg-pllc.com\/es\/videos\/","title":{"rendered":"V\u00eddeos"},"content":{"rendered":"<p><img loading=\"lazy\" decoding=\"async\" class=\"alignright size-medium wp-image-10746\" src=\"https:\/\/plg-pllc.com\/wp-content\/uploads\/2010\/08\/bigstock-Typing-5048067-300x200.jpg\" alt=\"Mecanograf\u00eda\" width=\"300\" height=\"200\" \/><span style=\"font-size: inherit;\">Esperamos que estos videos informativos sean \u00fatiles e interesantes. Consulte tambi\u00e9n nuestros <\/span><a style=\"font-size: inherit;\" href=\"https:\/\/plg-pllc.com\/faqs\/\">Preguntas frecuentes<\/a><span style=\"font-size: inherit;\"> Secci\u00f3n para obtener respuestas a todas sus preguntas sobre lesiones personales, accidentes automovil\u00edsticos, empleo y derechos civiles.<\/span><\/p>\n<h2>Informaci\u00f3n quiropr\u00e1ctica de Meadows Chiropractic<\/h2>\n<p><b>Introducci\u00f3n a Meadows Chiropractic<\/b><br \/>\n<iframe loading=\"lazy\" class=\"wistia_embed\" src=\"https:\/\/fast.wistia.net\/embed\/iframe\/633tr4nnw4?controlsVisibleOnLoad=true&amp;version=v1&amp;videoHeight=360&amp;videoWidth=640&amp;volumeControl=true\" name=\"wistia_embed\" width=\"640\" height=\"360\" frameborder=\"0\" scrolling=\"no\"><\/iframe><\/p>\n<p><b>\u00bfCu\u00e1les son las lesiones m\u00e1s comunes sufridas en accidentes automovil\u00edsticos?<\/b><br \/>\n<iframe loading=\"lazy\" class=\"wistia_embed\" src=\"https:\/\/fast.wistia.net\/embed\/iframe\/fnbnl3wd9t?controlsVisibleOnLoad=true&amp;version=v1&amp;videoHeight=360&amp;videoWidth=640&amp;volumeControl=true\" name=\"wistia_embed\" width=\"640\" height=\"360\" frameborder=\"0\" scrolling=\"no\"><\/iframe><\/p>\n<p><b>\u00bfCu\u00e1les son los \u00faltimos avances en la atenci\u00f3n quiropr\u00e1ctica para las v\u00edctimas de accidentes automovil\u00edsticos?<\/b><br \/>\n<iframe loading=\"lazy\" class=\"wistia_embed\" src=\"https:\/\/fast.wistia.net\/embed\/iframe\/cn2f0lzy86?controlsVisibleOnLoad=true&amp;version=v1&amp;videoHeight=360&amp;videoWidth=640&amp;volumeControl=true\" name=\"wistia_embed\" width=\"640\" height=\"360\" frameborder=\"0\" scrolling=\"no\"><\/iframe><\/p>\n<p><b>\u00bfQu\u00e9 se debe tener en cuenta en un ni\u00f1o que ha sufrido un accidente de tr\u00e1fico? \u00bfC\u00f3mo se debe elegir un abogado especializado en accidentes de tr\u00e1fico y lesiones personales?<\/b><br \/>\n<iframe loading=\"lazy\" class=\"wistia_embed\" src=\"https:\/\/fast.wistia.net\/embed\/iframe\/o0z0a7iod8?controlsVisibleOnLoad=true&amp;version=v1&amp;videoHeight=360&amp;videoWidth=640&amp;volumeControl=true\" name=\"wistia_embed\" width=\"640\" height=\"360\" frameborder=\"0\" scrolling=\"no\"><\/iframe><\/p>","protected":false},"excerpt":{"rendered":"<p>Esperamos que estos videos informativos le resulten \u00fatiles e interesantes. Consulte tambi\u00e9n nuestra secci\u00f3n de preguntas frecuentes para obtener respuestas a todas sus preguntas sobre lesiones personales, accidentes automovil\u00edsticos, empleo y derechos civiles. Informaci\u00f3n quiropr\u00e1ctica de Meadows Chiropractic Introducci\u00f3n a Meadows Chiropractic \u00bfCu\u00e1les son las lesiones m\u00e1s comunes que se sufren en accidentes automovil\u00edsticos? \u00bfCu\u00e1les son los \u00faltimos avances \u2026<\/p>","protected":false},"author":2,"featured_media":0,"parent":0,"menu_order":2,"comment_status":"closed","ping_status":"closed","template":"","meta":{"_acf_changed":false,"_genesis_hide_title":false,"_genesis_hide_breadcrumbs":false,"_genesis_hide_singular_image":false,"_genesis_hide_footer_widgets":false,"_genesis_custom_body_class":"","_genesis_custom_post_class":"","_genesis_layout":"","footnotes":""},"hc_faqs":[],"class_list":{"0":"post-720","1":"page","2":"type-page","3":"status-publish","5":"entry"},"acf":[],"yoast_head":"<!-- This site is optimized with the Yoast SEO plugin v27.4 - https:\/\/yoast.com\/product\/yoast-seo-wordpress\/ -->\n<title>Videos | Premier Law Group<\/title>\n<meta name=\"description\" content=\"We hope you find these informational videos helpful and interesting. Please also check out our FAQs section for answers to all of your personal injury, auto accident, employment, and civil rights questions. We are here for you.\" \/>\n<meta name=\"robots\" content=\"index, follow, max-snippet:-1, max-image-preview:large, max-video-preview:-1\" \/>\n<link rel=\"canonical\" href=\"https:\/\/plg-pllc.com\/es\/videos\/\" \/>\n<meta property=\"og:locale\" content=\"es_MX\" \/>\n<meta property=\"og:type\" content=\"article\" \/>\n<meta property=\"og:title\" content=\"Videos | Premier Law Group\" \/>\n<meta property=\"og:description\" content=\"We hope you find these informational videos helpful and interesting. Please also check out our FAQs section for answers to all of your personal injury, auto accident, employment, and civil rights questions. We are here for you.\" \/>\n<meta property=\"og:url\" content=\"https:\/\/plg-pllc.com\/es\/videos\/\" \/>\n<meta property=\"og:site_name\" content=\"Premier Law Group\" \/>\n<meta property=\"article:publisher\" content=\"https:\/\/www.facebook.com\/premierlawgroup\" \/>\n<meta property=\"article:modified_time\" content=\"2024-10-18T15:36:20+00:00\" \/>\n<meta name=\"twitter:card\" content=\"summary_large_image\" \/>\n<meta name=\"twitter:site\" content=\"@premierlawgroup\" \/>\n<meta name=\"twitter:label1\" content=\"Tiempo de lectura\" \/>\n\t<meta name=\"twitter:data1\" content=\"1 minuto\" \/>\n<script type=\"application\/ld+json\" class=\"yoast-schema-graph\">{\"@context\":\"https:\\\/\\\/schema.org\",\"@graph\":[{\"@type\":\"WebPage\",\"@id\":\"https:\\\/\\\/plg-pllc.com\\\/videos\\\/\",\"url\":\"https:\\\/\\\/plg-pllc.com\\\/videos\\\/\",\"name\":\"Videos | Premier Law Group\",\"isPartOf\":{\"@id\":\"https:\\\/\\\/plg-pllc.com\\\/#website\"},\"primaryImageOfPage\":{\"@id\":\"https:\\\/\\\/plg-pllc.com\\\/videos\\\/#primaryimage\"},\"image\":{\"@id\":\"https:\\\/\\\/plg-pllc.com\\\/videos\\\/#primaryimage\"},\"thumbnailUrl\":\"https:\\\/\\\/plg-pllc.com\\\/wp-content\\\/uploads\\\/2010\\\/08\\\/bigstock-Typing-5048067-300x200.jpg\",\"datePublished\":\"2010-08-04T22:37:26+00:00\",\"dateModified\":\"2024-10-18T15:36:20+00:00\",\"description\":\"We hope you find these informational videos helpful and interesting. Please also check out our FAQs section for answers to all of your personal injury, auto accident, employment, and civil rights questions. We are here for you.\",\"breadcrumb\":{\"@id\":\"https:\\\/\\\/plg-pllc.com\\\/videos\\\/#breadcrumb\"},\"inLanguage\":\"es\",\"potentialAction\":[{\"@type\":\"ReadAction\",\"target\":[\"https:\\\/\\\/plg-pllc.com\\\/videos\\\/\"]}]},{\"@type\":\"ImageObject\",\"inLanguage\":\"es\",\"@id\":\"https:\\\/\\\/plg-pllc.com\\\/videos\\\/#primaryimage\",\"url\":\"https:\\\/\\\/plg-pllc.com\\\/wp-content\\\/uploads\\\/2010\\\/08\\\/bigstock-Typing-5048067-300x200.jpg\",\"contentUrl\":\"https:\\\/\\\/plg-pllc.com\\\/wp-content\\\/uploads\\\/2010\\\/08\\\/bigstock-Typing-5048067-300x200.jpg\"},{\"@type\":\"BreadcrumbList\",\"@id\":\"https:\\\/\\\/plg-pllc.com\\\/videos\\\/#breadcrumb\",\"itemListElement\":[{\"@type\":\"ListItem\",\"position\":1,\"name\":\"Home\",\"item\":\"https:\\\/\\\/plg-pllc.com\\\/es\\\/\"},{\"@type\":\"ListItem\",\"position\":2,\"name\":\"Videos\"}]},{\"@type\":\"WebSite\",\"@id\":\"https:\\\/\\\/plg-pllc.com\\\/#website\",\"url\":\"https:\\\/\\\/plg-pllc.com\\\/\",\"name\":\"Premier Law Group\",\"description\":\"Washington Wrongful Death and Serious Injury Lawyer\",\"publisher\":{\"@id\":\"https:\\\/\\\/plg-pllc.com\\\/#organization\"},\"inLanguage\":\"es\"},{\"@type\":\"Organization\",\"@id\":\"https:\\\/\\\/plg-pllc.com\\\/#organization\",\"name\":\"Premier Law Group\",\"url\":\"https:\\\/\\\/plg-pllc.com\\\/\",\"logo\":{\"@type\":\"ImageObject\",\"inLanguage\":\"es\",\"@id\":\"https:\\\/\\\/plg-pllc.com\\\/#\\\/schema\\\/logo\\\/image\\\/\",\"url\":\"https:\\\/\\\/plg-pllc.com\\\/wp-content\\\/uploads\\\/2020\\\/10\\\/plg-logo-v2.gif\",\"contentUrl\":\"https:\\\/\\\/plg-pllc.com\\\/wp-content\\\/uploads\\\/2020\\\/10\\\/plg-logo-v2.gif\",\"width\":592,\"height\":191,\"caption\":\"Premier Law Group\"},\"image\":{\"@id\":\"https:\\\/\\\/plg-pllc.com\\\/#\\\/schema\\\/logo\\\/image\\\/\"},\"sameAs\":[\"https:\\\/\\\/www.facebook.com\\\/premierlawgroup\",\"https:\\\/\\\/x.com\\\/premierlawgroup\"]}]}<\/script>\n<!-- \/ Yoast SEO plugin. -->","yoast_head_json":{"title":"V\u00eddeos | Premier Law Group","description":"Esperamos que estos videos informativos le resulten \u00fatiles e interesantes. Consulte tambi\u00e9n nuestra secci\u00f3n de preguntas frecuentes para obtener respuestas a todas sus preguntas sobre lesiones personales, accidentes automovil\u00edsticos, empleo y derechos civiles. Estamos aqu\u00ed para ayudarlo.","robots":{"index":"index","follow":"follow","max-snippet":"max-snippet:-1","max-image-preview":"max-image-preview:large","max-video-preview":"max-video-preview:-1"},"canonical":"https:\/\/plg-pllc.com\/es\/videos\/","og_locale":"es_MX","og_type":"article","og_title":"Videos | Premier Law Group","og_description":"We hope you find these informational videos helpful and interesting. Please also check out our FAQs section for answers to all of your personal injury, auto accident, employment, and civil rights questions. We are here for you.","og_url":"https:\/\/plg-pllc.com\/es\/videos\/","og_site_name":"Premier Law Group","article_publisher":"https:\/\/www.facebook.com\/premierlawgroup","article_modified_time":"2024-10-18T15:36:20+00:00","twitter_card":"summary_large_image","twitter_site":"@premierlawgroup","twitter_misc":{"Tiempo de lectura":"1 minuto"},"schema":{"@context":"https:\/\/schema.org","@graph":[{"@type":"WebPage","@id":"https:\/\/plg-pllc.com\/videos\/","url":"https:\/\/plg-pllc.com\/videos\/","name":"V\u00eddeos | Premier Law Group","isPartOf":{"@id":"https:\/\/plg-pllc.com\/#website"},"primaryImageOfPage":{"@id":"https:\/\/plg-pllc.com\/videos\/#primaryimage"},"image":{"@id":"https:\/\/plg-pllc.com\/videos\/#primaryimage"},"thumbnailUrl":"https:\/\/plg-pllc.com\/wp-content\/uploads\/2010\/08\/bigstock-Typing-5048067-300x200.jpg","datePublished":"2010-08-04T22:37:26+00:00","dateModified":"2024-10-18T15:36:20+00:00","description":"Esperamos que estos videos informativos le resulten \u00fatiles e interesantes. Consulte tambi\u00e9n nuestra secci\u00f3n de preguntas frecuentes para obtener respuestas a todas sus preguntas sobre lesiones personales, accidentes automovil\u00edsticos, empleo y derechos civiles. Estamos aqu\u00ed para ayudarlo.","breadcrumb":{"@id":"https:\/\/plg-pllc.com\/videos\/#breadcrumb"},"inLanguage":"es","potentialAction":[{"@type":"ReadAction","target":["https:\/\/plg-pllc.com\/videos\/"]}]},{"@type":"ImageObject","inLanguage":"es","@id":"https:\/\/plg-pllc.com\/videos\/#primaryimage","url":"https:\/\/plg-pllc.com\/wp-content\/uploads\/2010\/08\/bigstock-Typing-5048067-300x200.jpg","contentUrl":"https:\/\/plg-pllc.com\/wp-content\/uploads\/2010\/08\/bigstock-Typing-5048067-300x200.jpg"},{"@type":"BreadcrumbList","@id":"https:\/\/plg-pllc.com\/videos\/#breadcrumb","itemListElement":[{"@type":"ListItem","position":1,"name":"Home","item":"https:\/\/plg-pllc.com\/es\/"},{"@type":"ListItem","position":2,"name":"Videos"}]},{"@type":"WebSite","@id":"https:\/\/plg-pllc.com\/#website","url":"https:\/\/plg-pllc.com\/","name":"Grupo de abogados Premier","description":"Abogado de muerte por negligencia y lesiones graves en Washington","publisher":{"@id":"https:\/\/plg-pllc.com\/#organization"},"inLanguage":"es"},{"@type":"Organization","@id":"https:\/\/plg-pllc.com\/#organization","name":"Grupo de abogados Premier","url":"https:\/\/plg-pllc.com\/","logo":{"@type":"ImageObject","inLanguage":"es","@id":"https:\/\/plg-pllc.com\/#\/schema\/logo\/image\/","url":"https:\/\/plg-pllc.com\/wp-content\/uploads\/2020\/10\/plg-logo-v2.gif","contentUrl":"https:\/\/plg-pllc.com\/wp-content\/uploads\/2020\/10\/plg-logo-v2.gif","width":592,"height":191,"caption":"Premier Law Group"},"image":{"@id":"https:\/\/plg-pllc.com\/#\/schema\/logo\/image\/"},"sameAs":["https:\/\/www.facebook.com\/premierlawgroup","https:\/\/x.com\/premierlawgroup"]}]}},"_links":{"self":[{"href":"https:\/\/plg-pllc.com\/es\/wp-json\/wp\/v2\/pages\/720","targetHints":{"allow":["GET"]}}],"collection":[{"href":"https:\/\/plg-pllc.com\/es\/wp-json\/wp\/v2\/pages"}],"about":[{"href":"https:\/\/plg-pllc.com\/es\/wp-json\/wp\/v2\/types\/page"}],"author":[{"embeddable":true,"href":"https:\/\/plg-pllc.com\/es\/wp-json\/wp\/v2\/users\/2"}],"replies":[{"embeddable":true,"href":"https:\/\/plg-pllc.com\/es\/wp-json\/wp\/v2\/comments?post=720"}],"version-history":[{"count":0,"href":"https:\/\/plg-pllc.com\/es\/wp-json\/wp\/v2\/pages\/720\/revisions"}],"wp:attachment":[{"href":"https:\/\/plg-pllc.com\/es\/wp-json\/wp\/v2\/media?parent=720"}],"wp:term":[{"taxonomy":"hc_faqs","embeddable":true,"href":"https:\/\/plg-pllc.com\/es\/wp-json\/wp\/v2\/hc_faqs?post=720"}],"curies":[{"name":"gracias","href":"https:\/\/api.w.org\/{rel}","templated":true}]}}